{"id":3,"date":"2022-09-30T13:36:44","date_gmt":"2022-09-30T13:36:44","guid":{"rendered":"https:\/\/buylegitpassport.com\/?page_id=3"},"modified":"2024-07-02T22:34:31","modified_gmt":"2024-07-02T22:34:31","slug":"professionelle-hacker-zu-mieten-osterreich","status":"publish","type":"page","link":"https:\/\/allhackerforhire.com\/de\/professionelle-hacker-zu-mieten-osterreich\/","title":{"rendered":"Datenschutzbestimmungen"},"content":{"rendered":"<div data-elementor-type=\"wp-page\" data-elementor-id=\"3\" class=\"elementor elementor-3\">\n\t\t\t\t\t\t<section class=\"elementor-section elementor-top-section elementor-element elementor-element-21ed0537 elementor-section-boxed elementor-section-height-default elementor-section-height-default default-style\" data-id=\"21ed0537\" data-element_type=\"section\" data-settings=\"{&quot;rt_color_sets&quot;:&quot;default-style&quot;}\">\n\t\t\t\t\t\t<div class=\"elementor-container elementor-column-gap-default\">\n\t\t\t\t\t<div class=\"elementor-column elementor-col-100 elementor-top-column elementor-element elementor-element-320524c5\" data-id=\"320524c5\" data-element_type=\"column\">\n\t\t\t<div class=\"elementor-widget-wrap elementor-element-populated\">\n\t\t\t\t\t\t<div class=\"elementor-element elementor-element-15f4f884 elementor-widget elementor-widget-text-editor\" data-id=\"15f4f884\" data-element_type=\"widget\" data-widget_type=\"text-editor.default\">\n\t\t\t\t<div class=\"elementor-widget-container\">\n\t\t\t\t\t\t\t\t\t<p><\/p>\n<h2 class=\"wp-block-heading\">Professionelle Hacker zu vermieten<\/h2>\n<p><\/p>\n<div data-id=\"45a8c67\" data-element_type=\"widget\" data-widget_type=\"text-editor.default\">\n<div>\n<div data-id=\"68dc6d6\" data-element_type=\"widget\" data-widget_type=\"text-editor.default\">\n<div>\n<div>\n<div>\n<p>\u00a9 <strong>Online-Hacker anheuern<\/strong> Dienste werden Sie durch den gesamten Prozess der Suche, Einstellung, Erkl\u00e4rung, Verhandlung und Bezahlung von Dark Web Hackern begleiten und \u00fcberwachen. Professionelle Hacker zum Mieten.<br>Da wir der Mittelsmann sind, haben Sie nie direkt mit dem Hacker zu tun, weder in administrativer noch in finanzieller Hinsicht; es gibt keine Verbindung, die zu Ihnen zur\u00fcckf\u00fchrt. Zertifizierte ethische Hacker<a href=\"https:\/\/duckduckgo.com\/\" target=\"_blank\" rel=\"noopener\">.<\/a> <span contenteditable=\"true\">Professionelle Hacker zum Mieten.<\/span><\/p>\n<h3><span contenteditable=\"true\">Professionelle Hacker finden<\/span><\/h3>\n<p>Dies bietet Ihnen einen gewissen Schutz vor Strafverfolgungsbeh\u00f6rden, der Zielperson selbst und sogar vor Hackern im Dark Web, die die Identit\u00e4t des urspr\u00fcnglichen Auftraggebers nicht kennen. Die Zusammenarbeit mit einem Vermittler ist heute der sicherste Weg, Schattenarbeit anzuheuern. Beauftragen Sie einen ethischen Hacker.<br>Seien Sie versichert, dass Sie als unser Kunde immer in v\u00f6lliger Sicherheit sind und anonym bleiben. Wir versichern Ihnen, dass der Auftrag p\u00fcnktlich und korrekt ausgef\u00fchrt wird, dass der Geldtransfer reibungslos verl\u00e4uft und dass alles so ausgef\u00fchrt wird, wie es urspr\u00fcnglich vereinbart war. Wie beauftragt man einen <a href=\"https:\/\/allhackerforhire.com\/de\/\">ethischer Hacker<\/a> online<\/p>\n<h3>Beratung in Bezug auf Forderungen und Verm\u00f6gensverwertung<\/h3>\n<p>Unsere Experten f\u00fcr Wirtschaftsprozesse unterst\u00fctzen Privatpersonen und Unternehmen, die glauben, Opfer eines Betrugs geworden zu sein, bei der Wiedererlangung von Verm\u00f6genswerten, die durch den Betrug verloren gegangen sind, sowohl im Inland als auch in \u00dcbersee. Wir vertreten auch Kunden, die des Betrugs beschuldigt werden, und stellen sicher, dass ihre Verm\u00f6genswerte und Rechte w\u00e4hrend eines Rechtsstreits gesch\u00fctzt werden. Wenden Sie sich an uns, wenn Sie Hilfe bei der Wiederbeschaffung von Verm\u00f6genswerten ben\u00f6tigen. Die besten Hacker in den USA zu mieten.<\/p>\n<h4>Unsere Philosophie<\/h4>\n<p>Schutz vor Cyberbetrug und finanziellen Verlusten. Unsere Experten f\u00fcr Handelsstreitigkeiten k\u00f6nnen Privatpersonen und Unternehmen, die glauben, Opfer eines Betrugs geworden zu sein, bei der Wiedererlangung von Verm\u00f6genswerten unterst\u00fctzen, die durch den Betrug verloren gegangen sind, sowohl im Inland als auch im Ausland. <span contenteditable=\"true\">Mieten Sie einen professionellen Hacker. P<\/span><span contenteditable=\"true\">rofessionelle Hacker zu mieten.<\/span><\/p>\n<div id=\"attachment_5018\" style=\"width: 310px\" class=\"wp-caption aligncenter\"><img fetchpriority=\"high\" decoding=\"async\" aria-describedby=\"caption-attachment-5018\" src=\"https:\/\/hireonlinehackers.com\/wp-content\/uploads\/2023\/09\/traxer-No9sjMu5zpA-unsplash-1-300x200.jpg\" alt=\"Professionelle Hacker zum Mieten\" width=\"300\" height=\"200\"><p id=\"caption-attachment-5018\" class=\"wp-caption-text\">Professionelle Hacker zum Mieten<\/p><\/div>\n<h4>Unser Ziel?<\/h4>\n<p>Unser Ziel ist einfach: Wir arbeiten mit Ihnen zusammen, um Ihr Geld so schnell wie m\u00f6glich zur\u00fcckzubekommen, und setzen dabei fortschrittliche Algorithmen und strategische Methoden ein, die uns helfen, Ihre Verluste wiederzuerlangen. Nehmen Sie noch heute Kontakt mit uns auf, um Ihren Anspruch zu besprechen. <span contenteditable=\"true\">Professionelle Hacker zum Mieten.<\/span><\/p>\n<p><\/p>\n<h3>Professionelle Hacker arbeiten zusammen, um unseren Kunden den bestm\u00f6glichen Service zu bieten.<\/h3>\n<p>Um Ihnen die besten und un\u00fcbertroffenen Hacking-Dienste anbieten zu k\u00f6nnen, verwendet unser Team von Experten-Hackern die modernste Technologie. Als professioneller Hacker f\u00fcr die Miete Organisation, liefern wir unseren Kunden mit den besten zertifizierten ethischen Hackern zur Verf\u00fcgung, sowie F\u00e4higkeiten und die \u00e4u\u00dferste Geheimhaltung und Vertraulichkeit.<br>Wir arbeiten hart daran, Ihre Bed\u00fcrfnisse zu verstehen und L\u00f6sungen zu entwickeln, die diese erf\u00fcllen. Um neue M\u00f6glichkeiten zu entwickeln, in Datenbanken und Netzwerke einzudringen, verbessern wir regelm\u00e4\u00dfig unsere Angriffstools, Strategien und Ans\u00e4tze.<\/p>\n<p><img decoding=\"async\" data-src=\"https:\/\/hireonlinehackers.com\/wp-content\/uploads\/2023\/01\/5-star-300x158.jpg\" alt=\"Professionelle Hacker f\u00fcr Hire Services\" width=\"66\" height=\"35\" src=\"data:image\/svg+xml;base64,PHN2ZyB3aWR0aD0iMSIgaGVpZ2h0PSIxIiB4bWxucz0iaHR0cDovL3d3dy53My5vcmcvMjAwMC9zdmciPjwvc3ZnPg==\" class=\"lazyload\" style=\"--smush-placeholder-width: 66px; --smush-placeholder-aspect-ratio: 66\/35;\"><\/p>\n<h3>Einen professionellen Hacker anheuern<\/h3>\n<p>Mieten Sie einen Hacker mit Cyber-Spion-Hacking-Services, die die beste L\u00f6sung f\u00fcr mobile Spionage-Dienste und Internet-Sicherheit ist. Ihr Zugang wird sicher und anonym mit mieten ein Hacker-Service sein.<\/p>\n<p>Mit den besten professionellen Hackern bieten wir den besten Telefon-Spionage-Service. Unsere professionellen Hacker sind mit hochprofessionellen Senior Hacker, die eine sehr hohe Ethik Ebene haben geschult.<\/p>\n<p>Alle Telefon-Hacker sind Spezialisten und verf\u00fcgen \u00fcber umfangreiche praktische Erfahrungen mit Fortbildungskursen.<br>Sie k\u00f6nnen gerne einen Hacker mieten. <span contenteditable=\"true\">P<\/span><span contenteditable=\"true\">rofessionelle Hacker zu mieten.<\/span><\/p>\n<p>Mehr als eine Million Eltern und Menschen engagieren Hacker, um ihre Beziehungen zu sch\u00fctzen. Sie k\u00f6nnen Standorte, Anrufe, Nachrichten, Protokolle, Keylogger, soziale Medien und vieles mehr verfolgen. Es ist webbasiert und 100% sicher und gesch\u00fctzt. Hacking ist illegal. Ethisches Hacken ist jedoch akzeptiert. Heutzutage sind Sicherheit und Schutz vor Cyberangriffen erforderlich, daher sind wir hier, um Ihre Probleme mit echten Hackern zu l\u00f6sen.<\/p>\n<h4>Mieten Sie einen Hacker f\u00fcr Telefon-Spionage-Dienste<\/h4>\n<p>Wir sind ein Team von professionellen ethischen Hackern, die den besten Telefon-Hacking-Service f\u00fcr Sie bereitstellen. Eine der schwierigsten Situationen kommt im Leben, wenn jemand das Vertrauen bricht.  Wenn ein Ehepartner w\u00e4hrend der Beziehung betr\u00fcgt, ist es schwer, weiterzumachen. Die besten Hacker zum Anheuern im Internet. <span contenteditable=\"true\">P<\/span><span contenteditable=\"true\">rofessionelle Hacker zu mieten.<\/span><\/p>\n<h4>Mieten Sie einen professionellen Hacker<\/h4>\n<p>Hier kommen wir mit unserem Telefonspionage-Service. Sie k\u00f6nnen ganz einfach einen Hacker engagieren und die Aktivit\u00e4ten Ihres Partners im Auge behalten. Auf diese Weise k\u00f6nnen Sie gen\u00fcgend Beweise sammeln, um eine solche Situation an Freunde, Familienmitglieder oder das Gericht zu melden. Wir glauben immer an Transparenz, deshalb sind alle unsere Dienstleistungen mit einer Geld-zur\u00fcck-Sicherheit ausgestattet. Wenn Sie die Dienstleistung nicht in Anspruch nehmen, erstatten wir Ihnen die gesamte Zahlung zur\u00fcck. So bauen wir eine lange Beziehung auf.<\/p>\n<h3>Professionelle Hacker f\u00fcr Hire Services<\/h3>\n<div><a href=\"https:\/\/allhackerforhire.com\/de\/\">Online-Hacker anheuern<\/a> ist die f\u00fchrende Organisation von Hire Ethical Hackers mit top-kompetenten Hackern. Wir sind gut ausgebildete, zertifizierte und f\u00e4hige Hacker! Wir sind fit, um unsere Garantien zu erf\u00fcllen, um die besten Hacker-for-hire Dienstleistungen zu liefern! <br>Wir bieten die besten kompetenten Hacker mieten. Es ist einfach f\u00fcr ethische Hacking Dienstleistungen.  Denken Sie daran, dass es kein Unfug ist, Hacker zu mieten! Wenn Sie etwas zu bekommen erreicht, sollten Sie Schritt und fordern Sie es...<\/div>\n<div>\n<h3>&nbsp;<\/h3>\n<\/div>\n<div>\n<h3>Beste Hacker zum Anheuern<\/h3>\n<p>Silent Infiltrators sind professionelle Hacker, die konsequent bereit sind, Ihnen jederzeit zu dienen. Wir sind die meisten Menschen vertrauensw\u00fcrdigen Telefon Spion zu mieten Rendering t\u00fcchtig Hacker mieten Dienstleistungen. Als die erste Ethical Hacker for Hire Organisationen weltweit, machen wir ausgezeichnete F\u00e4higkeit, alle Informationen \u00fcber das Internet zu erhalten. Penetrationstests und Monitoring-Service f\u00fcr ethische Hacking-Service. <span contenteditable=\"true\">P<\/span><span contenteditable=\"true\">rofessionelle Hacker zu mieten.<\/span><\/p>\n<p>Wir verf\u00fcgen \u00fcber eine weltweite Gruppe von zertifizierten Hackern, die auf au\u00dfergew\u00f6hnliche Hacking-Bereiche spezialisiert sind. Sie k\u00f6nnen zweifellos ethisches Hacking online durchf\u00fchren, indem Sie sich mit uns in Verbindung setzen und ein professioneller Hacker aus unserem erfahrenen und geschulten Hacker-Team wird Ihnen zugewiesen, um Ihre Arbeit innerhalb eines kurzen Zeitraums zu erledigen.<\/p>\n<p>Top-F\u00e4higkeiten, um sich in jeden Computer zu hacken, hacken Universit\u00e4tsnoten. <span contenteditable=\"true\">Stellen Sie einen professionellen Hacker ein.<\/span><\/p>\n<h4>Wie heuert man einen Dark Web Hacker an?<\/h4>\n<p>Unser Experte f\u00fcr Cybersicherheit bietet Ihnen ethisches Hacking, Dark Web Services<a href=\"https:\/\/www.bing.com\/\" target=\"_blank\" rel=\"noopener\">,<\/a> und Graue-Hut-Hacker, die Sie leicht einstellen k\u00f6nnen. <span contenteditable=\"true\">P<\/span><span contenteditable=\"true\">rofessionelle Hacker zu mieten.<\/span><\/p>\n<p>Wenn Sie auf der Suche nach einem Gray Hat Hacker Experten sind. Sie k\u00f6nnen einen zuverl\u00e4ssigen f\u00fcr Ihre Hacking-Bed\u00fcrfnisse zu finden, sollten Sie zun\u00e4chst erkennen, wo zu suchen und zu finden, eine zertifizierte ethische Hacker.<\/p>\n<p>Es gibt zahlreiche Hacker-Organisationen, die nicht die zus\u00e4tzliche Energie investieren, die sie aufwenden sollten, um einen Hacker in meiner N\u00e4he zu engagieren und die Erwartungen der Kunden zu erf\u00fcllen. <span contenteditable=\"true\">Stellen Sie einen professionellen Hacker ein.<\/span><\/p>\n<p>Manche Menschen glauben, sie k\u00f6nnten einen Hacker in ihrer N\u00e4he umsonst \u00fcber einen privaten Vermittler anheuern. Dies ist nicht empfehlenswert, da die Kosten galaktisch hoch sind und umgangen werden k\u00f6nnen, wenn sie von einer brillanten Person getragen werden.<\/p>\n<\/div>\n<\/div>\n<\/div>\n<\/div>\n<\/div>\n<p><img decoding=\"async\" data-src=\"https:\/\/hireonlinehackers.com\/wp-content\/uploads\/2023\/01\/5-star-300x158.jpg\" alt=\"Professionelle Hacker f\u00fcr Hire Services\" width=\"36\" height=\"19\" src=\"data:image\/svg+xml;base64,PHN2ZyB3aWR0aD0iMSIgaGVpZ2h0PSIxIiB4bWxucz0iaHR0cDovL3d3dy53My5vcmcvMjAwMC9zdmciPjwvc3ZnPg==\" class=\"lazyload\" style=\"--smush-placeholder-width: 36px; --smush-placeholder-aspect-ratio: 36\/19;\"><\/p>\n<\/div>\n<\/div>\n<p><\/p>\t\t\t\t\t\t\t\t<\/div>\n\t\t\t\t<\/div>\n\t\t\t\t\t<\/div>\n\t\t<\/div>\n\t\t\t\t\t<\/div>\n\t\t<\/section>\n\t\t\t\t<section class=\"elementor-section elementor-top-section elementor-element elementor-element-da4e662 elementor-section-boxed elementor-section-height-default elementor-section-height-default default-style\" data-id=\"da4e662\" data-element_type=\"section\" data-settings=\"{&quot;rt_color_sets&quot;:&quot;default-style&quot;}\">\n\t\t\t\t\t\t<div class=\"elementor-container elementor-column-gap-default\">\n\t\t\t\t\t<div class=\"elementor-column elementor-col-50 elementor-top-column elementor-element elementor-element-db924fe\" data-id=\"db924fe\" data-element_type=\"column\">\n\t\t\t<div class=\"elementor-widget-wrap elementor-element-populated\">\n\t\t\t\t\t\t<div class=\"elementor-element elementor-element-0485719 elementor-widget elementor-widget-image\" data-id=\"0485719\" data-element_type=\"widget\" data-widget_type=\"image.default\">\n\t\t\t\t<div class=\"elementor-widget-container\">\n\t\t\t\t\t\t\t\t\t\t\t\t\t\t\t<img decoding=\"async\" width=\"768\" height=\"288\" data-src=\"https:\/\/allhackerforhire.com\/wp-content\/uploads\/2022\/11\/Buy-Registered-Documents.jpg\" class=\"attachment-large size-large wp-image-4545 lazyload\" alt=\"Dark Web Hacker anheuern\" data-srcset=\"https:\/\/allhackerforhire.com\/wp-content\/uploads\/2022\/11\/Buy-Registered-Documents.jpg 768w, https:\/\/allhackerforhire.com\/wp-content\/uploads\/2022\/11\/Buy-Registered-Documents-300x113.jpg 300w, https:\/\/allhackerforhire.com\/wp-content\/uploads\/2022\/11\/Buy-Registered-Documents-600x225.jpg 600w\" data-sizes=\"(max-width: 768px) 100vw, 768px\" src=\"data:image\/svg+xml;base64,PHN2ZyB3aWR0aD0iMSIgaGVpZ2h0PSIxIiB4bWxucz0iaHR0cDovL3d3dy53My5vcmcvMjAwMC9zdmciPjwvc3ZnPg==\" style=\"--smush-placeholder-width: 768px; --smush-placeholder-aspect-ratio: 768\/288;\" \/>\t\t\t\t\t\t\t\t\t\t\t\t\t\t\t<\/div>\n\t\t\t\t<\/div>\n\t\t\t\t\t<\/div>\n\t\t<\/div>\n\t\t\t\t<div class=\"elementor-column elementor-col-50 elementor-top-column elementor-element elementor-element-bff131d\" data-id=\"bff131d\" data-element_type=\"column\">\n\t\t\t<div class=\"elementor-widget-wrap elementor-element-populated\">\n\t\t\t\t\t\t<div class=\"elementor-element elementor-element-db6bcbe elementor-widget elementor-widget-heading\" data-id=\"db6bcbe\" data-element_type=\"widget\" data-widget_type=\"heading.default\">\n\t\t\t\t<div class=\"elementor-widget-container\">\n\t\t\t\t\t<h2 class=\"elementor-heading-title elementor-size-default\"><span class=\"tagify__tag-text\">Dark Web Hacker anheuern<\/span><\/h2>\t\t\t\t<\/div>\n\t\t\t\t<\/div>\n\t\t\t\t\t<\/div>\n\t\t<\/div>\n\t\t\t\t\t<\/div>\n\t\t<\/section>\n\t\t\t\t<\/div>","protected":false},"excerpt":{"rendered":"<p>Professional Hackers For Hire \u00a9 Hire Online Hackers Services f\u00fchrt Sie durch den gesamten Prozess des Findens, Anheuerns, Erkl\u00e4rens, Verhandelns und Bezahlens von Dark-Web-Hackern und \u00fcberwacht diesen. Da wir der Mittelsmann sind, haben Sie nie direkt mit dem Hacker zu tun, weder administrativ noch finanziell; es gibt keine Verbindung, die zu Ihnen zur\u00fcckf\u00fchrt. [...]<\/p>","protected":false},"author":1,"featured_media":4993,"parent":0,"menu_order":0,"comment_status":"closed","ping_status":"open","template":"","meta":{"_acf_changed":false,"footnotes":""},"class_list":["post-3","page","type-page","status-publish","has-post-thumbnail","hentry"],"acf":[],"_links":{"self":[{"href":"https:\/\/allhackerforhire.com\/de\/wp-json\/wp\/v2\/pages\/3","targetHints":{"allow":["GET"]}}],"collection":[{"href":"https:\/\/allhackerforhire.com\/de\/wp-json\/wp\/v2\/pages"}],"about":[{"href":"https:\/\/allhackerforhire.com\/de\/wp-json\/wp\/v2\/types\/page"}],"author":[{"embeddable":true,"href":"https:\/\/allhackerforhire.com\/de\/wp-json\/wp\/v2\/users\/1"}],"replies":[{"embeddable":true,"href":"https:\/\/allhackerforhire.com\/de\/wp-json\/wp\/v2\/comments?post=3"}],"version-history":[{"count":55,"href":"https:\/\/allhackerforhire.com\/de\/wp-json\/wp\/v2\/pages\/3\/revisions"}],"predecessor-version":[{"id":5159,"href":"https:\/\/allhackerforhire.com\/de\/wp-json\/wp\/v2\/pages\/3\/revisions\/5159"}],"wp:featuredmedia":[{"embeddable":true,"href":"https:\/\/allhackerforhire.com\/de\/wp-json\/wp\/v2\/media\/4993"}],"wp:attachment":[{"href":"https:\/\/allhackerforhire.com\/de\/wp-json\/wp\/v2\/media?parent=3"}],"curies":[{"name":"wp","href":"https:\/\/api.w.org\/{rel}","templated":true}]}}