{"id":40,"date":"2010-08-23T19:14:50","date_gmt":"2010-08-23T19:14:50","guid":{"rendered":"http:\/\/rttheme10.templatemints.com\/?page_id=40"},"modified":"2025-11-16T10:32:59","modified_gmt":"2025-11-16T10:32:59","slug":"einen-hacker-anheuern-osterreich","status":"publish","type":"page","link":"https:\/\/allhackerforhire.com\/de\/einen-hacker-anheuern-osterreich\/","title":{"rendered":"Kontakt"},"content":{"rendered":"<h1>HACKER VERMIETEN<\/h1>\n<h2>Einen Hacker online mieten | Rent a Hacker | Rent a Hacker<\/h2>\n<p>Stellen Sie einen Hacker ein, der ehrlich und engagiert ist, um den zugewiesenen Hacking-Service zu erf\u00fcllen. Gesicherte Hacking Service Ergebnisse. Unsere Hacker zu mieten sind ehrlich, engagiert und leidenschaftlich \u00fcber ihre Arbeit, k\u00f6nnen sie jede Ebene des Hacking zu \u00fcberqueren, um Erfolg im Hacking zu bekommen. Prompte Antwort von Hacker Find Dark Web Hacker reagiert innerhalb von 30 Minuten.<\/p>\n<h3 data-rt-animate=\"animate\" data-rt-animation-type=\"fade\" data-rt-animation-group=\"single\">KONTAKT US<\/h3>\n<h3>Vertrauensw\u00fcrdige Hacker zu vermieten<\/h3>\n<div><span style=\"color: #ff0000;\"><strong>ALL8hfh@protonmail.ch<\/strong><\/span><\/div>\n<h2><strong>Underground Computer Hackers For Hire<\/strong><\/h2>\n<p>Wir sind hire a hacker service providers und bieten exklusive vertrauensw\u00fcrdige Ethical Cyber Experts weltweit. Hier finden Sie die breite Palette von Online-Experten zur Verf\u00fcgung. 24*7 online Kundenbetreuung. Hire Professional Cyber-Experten 24\/7 jederzeit.<\/p>\n<p>Unsere besten Cyber-Experte Dienstleistungen bieten Ihnen, gehackt Telefon Rettung, kompromittiert Social Media Passwort Recovery, R\u00fcckgewinnung von Geldern aus Krypto-Investment-Betrug, Bank\u00fcberweisung Betrug Tracing, diffamierend oder gef\u00e4lschte Internet-Artikel, Blog-Posts oder gef\u00e4lschte \u00dcberpr\u00fcfung Reporting und Entfernung, Recovery von gehackt oder kompromittiert Websites, und viele weitere solche Dienste, wo Sie hilflos sind und sind in der Lage, keinen weiteren Weg, um weiter zu gehen finden.<\/p>\n<p>Wenn Sie sich nicht sicher sind, welche Dienstleistung Sie ben\u00f6tigen, aber ein Problem haben, das wir f\u00fcr Sie l\u00f6sen sollen, m\u00fcssen Sie die Initiative ergreifen und danach fragen:<\/p>\n<ol>\n<li>Spy and Monitor ist eine der besten Organisationen f\u00fcr ethische Hacker, die man anheuern kann!<\/li>\n<li>Stellen Sie extrem gut ausgebildete, zertifizierte und professionelle Hacker ein!<\/li>\n<li>Mieten Sie einen Hacker, der in der Lage ist, Versprechen zu erf\u00fcllen!<\/li>\n<li>Unser Alleinstellungsmerkmal ist Vertrauen und Verantwortlichkeit!<\/li>\n<\/ol>\n<p>Wir schaffen Vertrauen f\u00fcr alle Kunden. Z\u00f6gern Sie nicht, uns zu kontaktieren. Welche Anfrage Sie auch immer haben, kontaktieren Sie einfach unser\u00a0<b>Professionelle Cyber-Experten<\/b>, Unser professionelles und hochqualifiziertes Team wird sich so schnell wie m\u00f6glich bei Ihnen melden. Mieten Sie einen Hacker online.<\/p>\n<p>Sie k\u00f6nnen hier die L\u00f6sung f\u00fcr alle Probleme finden, wie z.B. jemand hackt Facebook, Passwortwiederherstellung, Instagram Hacker, WhatsApp, Snapchat Hacker, E-Mail, oder Computer oder Sie vermuten, dass jemand Ihr Telefon \u00fcberwacht, erhalten Sie eine L\u00f6sung f\u00fcr Ihr Problem von spezialisierten Cyber-Experten.<\/p>\n<p>Wir haben 100+ professionelle Cyber-Experten und wir stellen sicher, dass Sie 100% sicher sind, w\u00e4hrend Sie einen Hacker online bei uns anheuern. Vertrauen ist unsere erste Waffe. Machen Sie sich also keine Sorgen! Wir haben unsere Dienste f\u00fcr viele Kunden weltweit erbracht. Wir geben Ihre pers\u00f6nlichen Daten nicht an Dritte weiter.<\/p>\n<p><img decoding=\"async\" data-src=\"https:\/\/hireonlinehackers.com\/wp-content\/uploads\/2023\/01\/5-star-300x158.jpg\" alt=\"Professionelle Hacker f\u00fcr Hire Services\" width=\"53\" height=\"28\" src=\"data:image\/svg+xml;base64,PHN2ZyB3aWR0aD0iMSIgaGVpZ2h0PSIxIiB4bWxucz0iaHR0cDovL3d3dy53My5vcmcvMjAwMC9zdmciPjwvc3ZnPg==\" class=\"lazyload\" style=\"--smush-placeholder-width: 53px; --smush-placeholder-aspect-ratio: 53\/28;\" \/><\/p>\n<h3 data-rt-animate=\"animate\" data-rt-animation-type=\"fade\" data-rt-animation-group=\"single\">ZUFRIEDENHEIT IST GARANTIERT.<\/h3>\n<h2>Professionelle Hacker zum Mieten<\/h2>\n<h3>Telefon\u00fcberwachungsdienste<\/h3>\n<p>Wir bieten Ihnen einen umfassenden Handy-\u00dcberwachungsdienst f\u00fcr Ihre Zielnummer, der mit modernster Technologie arbeitet und es Ihnen erm\u00f6glicht, alle Aspekte des Ger\u00e4ts zu kontrollieren. Cheating Partner \u00dcberwachung ist zu Ihren Diensten verf\u00fcgbar! Hacker For Hire.<\/p>\n<h3>Passwort-Wiederherstellungsdienste<\/h3>\n<p>Sie erhalten Zugriff auf das gesamte Konto, so dass Sie alle eingehenden und ausgehenden Nachrichten lesen k\u00f6nnen. Sie werden auch k\u00fcrzlich gel\u00f6schte Nachrichten sehen. Echte Hacker zu mieten.<\/p>\n<p><img decoding=\"async\" data-src=\"https:\/\/hireonlinehackers.com\/wp-content\/uploads\/2023\/01\/5-star-300x158.jpg\" alt=\"Professionelle Hacker f\u00fcr Hire Services\" width=\"66\" height=\"35\" src=\"data:image\/svg+xml;base64,PHN2ZyB3aWR0aD0iMSIgaGVpZ2h0PSIxIiB4bWxucz0iaHR0cDovL3d3dy53My5vcmcvMjAwMC9zdmciPjwvc3ZnPg==\" class=\"lazyload\" style=\"--smush-placeholder-width: 66px; --smush-placeholder-aspect-ratio: 66\/35;\" \/><\/p>\n<h3>Dienste zur Durchdringung sozialer Medien<\/h3>\n<p>Wir verschaffen Ihnen Zugang zu verschiedenen Social-Media-Konten wie Messenger, Whatsapp, Instagram, Snapchat, Telegram, etc. \u00dcberwachen Sie diskret, ohne Ihr Ziel zu warnen. Jetzt k\u00f6nnen Sie Social Media Ethical Cyber Experts von uns anheuern. Stellen Sie einen Hacker ein.<\/p>\n<h2><strong>Beste ethische Cyberhacker<\/strong><\/h2>\n<p>Professionelle Cyber-Experten sind immer bereit, den besten Hacking-Service f\u00fcr Sie bereitzustellen. Wir sind professionelle Hacking-Dienstleister in den Vereinigten Staaten. Sie k\u00f6nnen leicht mit online erkunden\u00a0<b>Hacker zu mieten<\/b>. Als einer der f\u00fchrenden Ethical Hacker for Hire Support in der Welt, bietet Spy and Monitor die besten Online-Cyber-Experten weltweit.<\/p>\n<p>Wir verf\u00fcgen \u00fcber ein spezialisiertes, weltweites Team von \u00fcber 100 hochqualifizierten Cyber-Experten, in dem Sie\u00a0<a href=\"https:\/\/allhackerforhire.com\/de\/einen-hacker-anheuern-osterreich\/\">Hacker online kontaktieren<\/a>, die Experten in \u00fcberlegenen Wiesen sind. Unsere besten Hacker werden online eingestellt, indem sie zahlreiche Live-Tests absolvieren; sobald sie sich bew\u00e4hrt haben, k\u00f6nnen sie unserem hervorragenden Team beitreten<a href=\"https:\/\/duckduckgo.com\/\" target=\"_blank\" rel=\"noopener\">.<\/a> Stellen Sie einen Hacker f\u00fcr jede Art von Arbeit ein.<\/p>\n<p>\u2713 Professionelle Cyber-Experten f\u00fcr Telefon\u00fcberwachungsdienste anheuern<\/p>\n<p>\u2713 Beauftragung ethischer Cyberhacker f\u00fcr die \u00dcberwachung unethischer Partner \/ unethischer Ehepartner<\/p>\n<p>\u2713 Hacker anheuern, um Krypto-Investment-Betrug aufzudecken<\/p>\n<p>\u2713 Ethische Cyber-Experten f\u00fcr Social Media Penetration anheuern<\/p>\n<p><img decoding=\"async\" data-src=\"https:\/\/buylegitpassport.com\/wp-content\/uploads\/2022\/11\/5-star-2-300x158.jpg\" alt=\"Einen Hacker anheuern\" width=\"70\" height=\"37\" src=\"data:image\/svg+xml;base64,PHN2ZyB3aWR0aD0iMSIgaGVpZ2h0PSIxIiB4bWxucz0iaHR0cDovL3d3dy53My5vcmcvMjAwMC9zdmciPjwvc3ZnPg==\" class=\"lazyload\" style=\"--smush-placeholder-width: 70px; --smush-placeholder-aspect-ratio: 70\/37;\" \/><\/p>\n<section data-id=\"785fc72\" data-element_type=\"section\" data-settings=\"{&quot;background_background&quot;:&quot;classic&quot;}\">\n<h2><strong>WER WIR SIND<\/strong><\/h2>\n<p>Unsere Hacker, die wir einstellen, sind professionell, erfahren, au\u00dfergew\u00f6hnlich und extrem talentiert. Die meisten unserer ethischen Cyber-Experten haben mehr als 15 Jahre f\u00fcr verschiedene Kunden und Agenturen in den Bereichen Social Media Penetration, Geldr\u00fcckgewinnung von Betrugs-Websites oder Unternehmen, Krypto- oder Bitcoin-Investitionen und Datenmanagement gearbeitet, und die meisten, wenn nicht alle, haben Kenntnisse \u00fcber die Arbeit f\u00fcr Unternehmen, die verschiedene Sicherheits-Setups f\u00fcr verschiedene Anwendungen gestalten. Die Arbeit f\u00fcr solche Unternehmen verschafft unseren professionellen Hackern einen Vorteil und einen umfassenden Einblick in die Funktionsweise der Sicherheit f\u00fcr verschiedene Anwendungen.<\/p>\n<h2><strong>WAS WIR TUN<\/strong><\/h2>\n<p>Wir sind Profis in allen Bereichen. Wir sind Spezialisten auf dem Gebiet der Telefon\u00fcberwachung und bieten unseren Kunden, die dies regelm\u00e4\u00dfig f\u00fcr ihre Kinder oder in Situationen wie einem mutma\u00dflich betr\u00fcgenden Ehepartner oder Gesch\u00e4ftspartner usw. ben\u00f6tigen, komplette Telefon\u00fcberwachungsdienste an. F\u00fcllen Sie einfach unser Kontaktformular aus und wir k\u00f6nnen Ihre Anforderungen besprechen und Ihnen eine geeignete L\u00f6sung anbieten.<\/p>\n<h2><strong>HACKER ZU MIETEN<\/strong><\/h2>\n<p>Stellen Sie unsere Hacker ein, die sich der Exzellenz verschrieben haben. Es gibt Situationen, in denen Sie die Einstellung eines Neulings in Erw\u00e4gung ziehen, aber darauf warten, einen Hacker zu engagieren. Z\u00f6gern Sie nicht, sich mit uns in Verbindung zu setzen, und wir k\u00f6nnen Ihnen einen speziellen Hacker-Service anbieten. Nachfolgend finden Sie einige der angesagtesten Anbieter von Hackern zum Mieten. Einen Hacker mieten.<\/p>\n<h3>Wie viel kostet es, einen Hacker zu engagieren?<\/h3>\n<p>Die Kosten f\u00fcr die Beauftragung eines Hackers k\u00f6nnen stark variieren, je nachdem, welche Art von Arbeit Sie ben\u00f6tigen, wie hoch das Fachwissen des Hackers ist und wie viel Zeit f\u00fcr die Durchf\u00fchrung der Aufgabe ben\u00f6tigt wird. Die Beauftragung eines Hackers kann zwischen einigen wenigen und Tausenden von Dollar kosten.<\/p>\n<p>Sie fragen sich vielleicht, ob es illegal ist, einen Hacker anzuheuern. Ja, es ist wichtig zu wissen, dass die Beauftragung eines Hackers in den meisten L\u00e4ndern illegal ist und schwerwiegende rechtliche Folgen haben kann.<\/p>\n<h2>Unsere Hacking-Dienste<\/h2>\n<ol>\n<li>Mobiltelefon-\u00dcberwachungsdienst<\/li>\n<li>Cyber-Experten f\u00fcr soziale Medien<\/li>\n<li>Website-Penetrationstests<\/li>\n<li>Untersuchung des betr\u00fcgenden Partners\/Ehepartners<\/li>\n<li>Cloud-Computer-\u00dcberwachungsdienste<\/li>\n<li>Stornierung von Bank\u00fcberweisungen<\/li>\n<li>Betrug Bitcoin Investmentfonds Wiederherstellung<\/li>\n<\/ol>\n<\/section>","protected":false},"excerpt":{"rendered":"<p>HIRE A HACKER Hire A Hacker Online | Rent A Hacker | Rent a Hacker Hire a Hacker Who is Honest and Dedicated To Fulfilling the Hacking Service Assigned. Assured Hacking Service Results. Our hackers for hire are honest, dedicated, and passionate about their work, they can cross any level of hacking to get success [&hellip;]<\/p>","protected":false},"author":1,"featured_media":0,"parent":0,"menu_order":0,"comment_status":"open","ping_status":"closed","template":"builder-ready.php","meta":{"_acf_changed":false,"footnotes":""},"class_list":["post-40","page","type-page","status-publish","hentry"],"acf":[],"_links":{"self":[{"href":"https:\/\/allhackerforhire.com\/de\/wp-json\/wp\/v2\/pages\/40","targetHints":{"allow":["GET"]}}],"collection":[{"href":"https:\/\/allhackerforhire.com\/de\/wp-json\/wp\/v2\/pages"}],"about":[{"href":"https:\/\/allhackerforhire.com\/de\/wp-json\/wp\/v2\/types\/page"}],"author":[{"embeddable":true,"href":"https:\/\/allhackerforhire.com\/de\/wp-json\/wp\/v2\/users\/1"}],"replies":[{"embeddable":true,"href":"https:\/\/allhackerforhire.com\/de\/wp-json\/wp\/v2\/comments?post=40"}],"version-history":[{"count":104,"href":"https:\/\/allhackerforhire.com\/de\/wp-json\/wp\/v2\/pages\/40\/revisions"}],"predecessor-version":[{"id":5858,"href":"https:\/\/allhackerforhire.com\/de\/wp-json\/wp\/v2\/pages\/40\/revisions\/5858"}],"wp:attachment":[{"href":"https:\/\/allhackerforhire.com\/de\/wp-json\/wp\/v2\/media?parent=40"}],"curies":[{"name":"wp","href":"https:\/\/api.w.org\/{rel}","templated":true}]}}