{"id":4967,"date":"2023-09-10T15:27:23","date_gmt":"2023-09-10T15:27:23","guid":{"rendered":"https:\/\/hireonlinehackers.com\/?page_id=4967"},"modified":"2024-07-02T22:26:43","modified_gmt":"2024-07-02T22:26:43","slug":"telefonhacker-dienst-zum-mieten-osterreich","status":"publish","type":"page","link":"https:\/\/allhackerforhire.com\/de\/telefonhacker-dienst-zum-mieten-osterreich\/","title":{"rendered":"Telefon-Hacker"},"content":{"rendered":"<div data-elementor-type=\"wp-page\" data-elementor-id=\"4967\" class=\"elementor elementor-4967\">\n\t\t\t\t\t\t<section class=\"elementor-section elementor-top-section elementor-element elementor-element-21ed0537 elementor-section-boxed elementor-section-height-default elementor-section-height-default default-style\" data-id=\"21ed0537\" data-element_type=\"section\" data-settings=\"{&quot;rt_color_sets&quot;:&quot;default-style&quot;}\">\n\t\t\t\t\t\t<div class=\"elementor-container elementor-column-gap-default\">\n\t\t\t\t\t<div class=\"elementor-column elementor-col-100 elementor-top-column elementor-element elementor-element-320524c5\" data-id=\"320524c5\" data-element_type=\"column\">\n\t\t\t<div class=\"elementor-widget-wrap elementor-element-populated\">\n\t\t\t\t\t\t<div class=\"elementor-element elementor-element-15f4f884 elementor-widget elementor-widget-text-editor\" data-id=\"15f4f884\" data-element_type=\"widget\" data-widget_type=\"text-editor.default\">\n\t\t\t\t<div class=\"elementor-widget-container\">\n\t\t\t\t\t\t\t\t\t<p><\/p>\n<h2 class=\"wp-block-heading\">Telefon Hacker zu mieten Service<\/h2>\n<p><\/p>\n<div data-id=\"45a8c67\" data-element_type=\"widget\" data-widget_type=\"text-editor.default\">\n<div>\n<div data-id=\"68dc6d6\" data-element_type=\"widget\" data-widget_type=\"text-editor.default\">\n<div>\n<p>Phone hackers for hire service bietet eine vollst\u00e4ndige Telefon\u00fcberwachung, die es Ihnen erm\u00f6glicht, Telefonanrufe abzuh\u00f6ren, Textnachrichten und iMessage, Whatsapp-Nachrichten, Instagram, Snapchat-Nachrichten und alle anderen Messaging-Dienste und sozialen Medien zu sehen, die von dem Ger\u00e4t aus genutzt werden. <span contenteditable=\"true\">Phone Hackers For Hire Service.<\/span><\/p>\n<p>\u00a0Unsere Telefon-Hacker zu mieten Service kann durch Ausf\u00fcllen unserer Kontakt-Formular, das am unteren Rand dieser Seite zur Verf\u00fcgung steht angefordert werden. Sie k\u00f6nnen sicher sein, 100% Vertraulichkeit bei der Bestellung unserer Telefon-Hacker f\u00fcr Miete Service. Ihre Kommunikation mit uns ist v\u00f6llig sicher und gesch\u00fctzt. Bitte z\u00f6gern Sie nicht, Telefon-Hacking-Service mit vollem Vertrauen zu bestellen und erhalten Sie sofortige Antworten von unserem super aktive Kundenbetreuung<a href=\"https:\/\/duckduckgo.com\/\" target=\"_blank\" rel=\"noopener\">.<\/a> Beauftragen Sie einen Handy-Hacker.<\/p>\n<h3><span contenteditable=\"true\">Einen Hacker anheuern, um ein Mobiltelefon zu hacken<\/span><\/h3>\n<p>Mieten Sie einen Hacker f\u00fcr ein Handy \/ Mobiltelefon f\u00fcr was auch immer Ihre Anforderung kann von der Verfolgung der Aktivit\u00e4ten Ihres Kindes, um herauszufinden, \u00fcber einen mutma\u00dflichen Betrug Ehepartner \/ Partner oder andere Telefon-Hacking Anforderungen je nach Ihren Umst\u00e4nden sein. <span contenteditable=\"true\">Beauftragen Sie einen Hacker mit dem Hacken eines Mobiltelefons.<\/span><\/p>\n<div data-animation-style=\"fade\" data-animation-repeat=\"\" data-animation-duration=\"1000ms\" data-animation-delay=\"0ms\" data-animation-intensity=\"50%\" data-animation-starting-opacity=\"0%\" data-animation-speed-curve=\"ease-in-out\">\n<div>\n<h1>Entfernte Handy-Hacker zu mieten Online<\/h1>\n<h2>Wir k\u00f6nnen alles im Web hacken<\/h2>\n<\/div>\n<\/div>\n<div>\n<div>\n<p>Die Keystroke Group besteht aus 50 zertifizierten Ethical, Grey Hat &amp; Black Hat <a href=\"https:\/\/allhackerforhire.com\/de\/\" target=\"_blank\" rel=\"noopener\">Hacker Online<\/a>. Unsere Gruppe hat sich auf Cell Phone Hacking und digitale Forensik spezialisiert. Sie k\u00f6nnen jetzt auf alle Daten von jedem Smartphone mit nur der Handynummer zugreifen<a href=\"https:\/\/www.bing.com\/\" target=\"_blank\" rel=\"noopener\">.<\/a> Der Umfang unserer Arbeit erstreckt sich auch darauf, Ihnen Zugang zu einem beliebigen Social-Media-Konto zu verschaffen. Das Konto kann aktiv, deaktiviert oder sogar gel\u00f6scht sein. <span contenteditable=\"true\">Beauftragen Sie einen Hacker mit dem Hacken eines Mobiltelefons.<\/span><\/p>\n<div>\n<h2>Hacker-Service zum Ausspionieren von Handys anheuern<\/h2>\n<p>In der letzten Zeit hat es viele technologische Fortschritte gegeben, vor allem wenn es um die Technologie zur \u00dcberwachung von Mobiltelefonen geht. Von der Entwicklung von Handy-Spionage-Apps bis hin zu Fachleuten, die ihre technischen F\u00e4higkeiten und ihr technologisches Know-how anbieten, ist alles dabei. Sie k\u00f6nnen ganz einfach einen dieser\u00a0<a href=\"https:\/\/allhackerforhire.com\/de\/\" target=\"_blank\" rel=\"noreferrer noopener\">Legale und verifizierte Hacker<\/a>\u00a0f\u00fcr die \u00dcberwachung von Mobiltelefonen und andere Hacking-Dienste, an denen Sie interessiert sein k\u00f6nnten. <span contenteditable=\"true\">Phone Hackers For Hire Service.<\/span><\/p>\n<p>Viele Menschen sind aus verschiedenen Gr\u00fcnden daran interessiert, die Handys anderer auszuspionieren. Aber die drei wichtigsten Kategorien von Menschen, die Handy-Spionagetechnologie besonders n\u00fctzlich finden, sind: Ehepaare, die ihren Ehepartner ausspionieren wollen, um sicherzustellen, dass er nicht untreu ist, Eltern, die ihre Kinder \u00fcberwachen wollen, und Arbeitgeber, die ihre Angestellten \u00fcberwachen wollen. <span contenteditable=\"true\">Beauftragen Sie einen Hacker mit dem Hacken eines Mobiltelefons.<\/span><\/p>\n<h2>Einen Hacker f\u00fcr Telefon-Hacking anheuern<\/h2>\n<p>Wenn es um die \u00dcberwachung von Mobiltelefonen geht, ist der beste Ort, um eine zuverl\u00e4ssige und vertrauensw\u00fcrdige L\u00f6sung zu finden, die Beauftragung eines professionellen Hackerdienstes, dem Sie vertrauen k\u00f6nnen. Computer-Hacking und Smartphone-Hacking haben viele Gemeinsamkeiten, und deshalb kann man nur einem professionellen Hacker vertrauen, wenn es darum geht, Zugang zu einem mobilen Ger\u00e4t f\u00fcr die \u00dcberwachung zu erhalten. <span contenteditable=\"true\">Beauftragen Sie einen Hacker mit dem Hacken eines Mobiltelefons.<\/span><\/p>\n<p>Wenn Sie online danach suchen, wie man ein Handy ausspionieren kann, werden Sie in der Mehrzahl der F\u00e4lle Spionage-Apps finden. Die Wahrheit ist jedoch, dass Spionage-Apps im Allgemeinen als unwirksam bekannt sind, und unabh\u00e4ngig vom Namen der Spionage-App funktionieren sie im Allgemeinen alle gleich. Ein weiteres Manko der Spionage-Apps ist, dass man Zugang zum Zielger\u00e4t haben muss, um sie nutzen zu k\u00f6nnen. <span contenteditable=\"true\">Phone Hackers For Hire Service<\/span><\/p>\n<div id=\"attachment_4971\" style=\"width: 310px\" class=\"wp-caption alignnone\"><img decoding=\"async\" aria-describedby=\"caption-attachment-4971\" data-src=\"https:\/\/hireonlinehackers.com\/wp-content\/uploads\/2023\/09\/Phone-Hackers-For-Hire-Service-300x158.jpg\" alt=\"Phone Hackers For Hire Service\" width=\"300\" height=\"158\" src=\"data:image\/svg+xml;base64,PHN2ZyB3aWR0aD0iMSIgaGVpZ2h0PSIxIiB4bWxucz0iaHR0cDovL3d3dy53My5vcmcvMjAwMC9zdmciPjwvc3ZnPg==\" class=\"lazyload\" style=\"--smush-placeholder-width: 300px; --smush-placeholder-aspect-ratio: 300\/158;\" \/><p id=\"caption-attachment-4971\" class=\"wp-caption-text\">Phone Hackers For Hire Service<\/p><\/div>\n<h2>Handy-Hacking-Service-L\u00f6sung<\/h2>\n<p>All Hacker For Hire ist ein fortschrittliches Handy-Hacking-L\u00f6sungen, die Sie auf jedem Handy einschlie\u00dflich iOS-Handys und Android-Handys ausspionieren k\u00f6nnen. Alle Hacker For Hire enth\u00e4lt alle besten Handy-Spion-Technologie in seine Telefon-Spion-L\u00f6sung, und es ist eines der wenigen Handy-Spion-App-L\u00f6sung, die Sie installieren und \u00fcberwachen das Ziel Telefon aus der Ferne erm\u00f6glicht.<\/p>\n<h2>Warum Menschen professionelle Hacker anheuern<\/h2>\n<p>Professionelle Hacker werden angeheuert, um ihnen verschiedene Hacking-Dienste anzubieten. Der letzte Abschnitt dieses Artikels befasst sich mit einigen der wichtigsten Dienstleistungen, f\u00fcr die Menschen einen Hacker engagieren. Einige der \u00fcblichen Hacker f\u00fcr Miete Dienstleistungen geh\u00f6ren;<\/p>\n<p><strong>Beauftragen Sie einen Hacker, um den betr\u00fcgenden Ehepartner zu erwischen:<\/strong>\u00a0In j\u00fcngster Zeit hat der technologische Fortschritt zu h\u00f6heren Raten von Untreue gef\u00fchrt. Die Menschen k\u00f6nnen sich jetzt leicht auf Dating-Websites anmelden, um eine au\u00dfereheliche Aff\u00e4re zu suchen und einzugehen. Auch Mobiltelefone haben es den Menschen leicht gemacht, unerlaubte Aff\u00e4ren zu haben. Aus diesem Grund wenden sich misstrauische Paare an Hacker, um Beweise f\u00fcr au\u00dfereheliche Aff\u00e4ren zu finden.<\/p>\n<p><strong>Beauftragen Sie einen Hacker, um Ihr Handy zu hacken:<\/strong>\u00a0Das Hacken von Mobiltelefonen ist eine weitere beliebte Dienstleistung, die Menschen, die Hacker engagieren wollen, ben\u00f6tigen. Die M\u00f6glichkeit, ein Mobiltelefon auszuspionieren, erm\u00f6glicht es Ihnen, alles auf dem Telefon zu \u00fcberwachen, wie z. B. den GPS-Standort und die gesamte Kommunikation.<\/p>\n<p><strong>Beauftragen Sie einen Hacker, um Konten in sozialen Medien zu hacken:\u00a0<\/strong>Weltweit gibt es \u00fcber 4 Milliarden Social-Media-Konten. Es ist daher nicht \u00fcberraschend, dass Social Media Hacking auch ein gefragter Hacking-Dienst ist<\/p>\n<p>Es gibt noch weitere gefragte Hacking-Dienste, wie z. B. das Hacken von Websites, die Wiederbeschaffung von verlorenen, ergaunerten oder gestohlenen Kryptow\u00e4hrungen und Geldern, das Hacken oder Wiederherstellen von gehackten E-Mail-Konten, das Hacken von Computersystemen und vieles mehr.<\/p>\n<p>F\u00fcr welche Dienstleistung Sie auch immer einen Hacker engagieren wollen, Sie k\u00f6nnen immer einem der seri\u00f6sen Hacker vertrauen, die echte Hacker f\u00fcr <a href=\"https:\/\/allhackerforhire.com\/de\/professionelle-hacker-zu-mieten-osterreich\/\">Mietservice<\/a> auf, um den besten Hacking-Service zu Ihrer Zufriedenheit zu erbringen.<\/p>\n<p>Telefon-Hacking-Dienste<br \/>Hacker der sozialen Medien<br \/>Social Media Hacker zum Mieten<br \/>Hacker f\u00fcr Mobiltelefon anheuern<br \/>Hacker im dunklen Netz zu mieten<br \/>Ethische Hacker zum Mieten<br \/>Jemanden beauftragen, ein Telefon zu hacken<br \/>Professionelle Hacking-Dienste<\/p>\n<p>Einen Hacker online anheuern<br \/>Professionelle Hacker zum Mieten<br \/>Facebook-Hacker anheuern<br \/>Telefon-Hacker zum Mieten<br \/>Einen Hacker billig einstellen<br \/>Einen Hacker mieten<br \/>Instagram Hacker mieten<br \/>Iphone Hacker zu vermieten<\/p>\n<p>Computer-Hacker zum Mieten<br \/>Wo kann ich einen Hacker einstellen?<br \/>Wo man einen Hacker anheuert<br \/>Beste Telefon-Hacker zu mieten<br \/>Beauftragen Sie einen professionellen Telefonhacker<\/p>\n<p>Echte Hacker zum Mieten<br \/>Ich brauche einen Hacker, um meine Noten zu \u00e4ndern<br \/>Einen Hacker anheuern, um ein Passwort zu bekommen<br \/>E-Mail-Hacker anheuern<br \/>Whatsapp-Hacking-Dienst<br \/>Whatsapp Hacker mieten<\/p>\n<\/div>\n<\/div>\n<\/div>\n<\/div>\n<\/div>\n<p><img decoding=\"async\" data-src=\"https:\/\/hireonlinehackers.com\/wp-content\/uploads\/2023\/01\/5-star-300x158.jpg\" alt=\"Professionelle Hacker f\u00fcr Hire Services\" width=\"36\" height=\"19\" src=\"data:image\/svg+xml;base64,PHN2ZyB3aWR0aD0iMSIgaGVpZ2h0PSIxIiB4bWxucz0iaHR0cDovL3d3dy53My5vcmcvMjAwMC9zdmciPjwvc3ZnPg==\" class=\"lazyload\" style=\"--smush-placeholder-width: 36px; --smush-placeholder-aspect-ratio: 36\/19;\" \/><\/p>\n<\/div>\n<\/div>\n<p><\/p>\t\t\t\t\t\t\t\t<\/div>\n\t\t\t\t<\/div>\n\t\t\t\t\t<\/div>\n\t\t<\/div>\n\t\t\t\t\t<\/div>\n\t\t<\/section>\n\t\t\t\t<section class=\"elementor-section elementor-top-section elementor-element elementor-element-da4e662 elementor-section-boxed elementor-section-height-default elementor-section-height-default default-style\" data-id=\"da4e662\" data-element_type=\"section\" data-settings=\"{&quot;rt_color_sets&quot;:&quot;default-style&quot;}\">\n\t\t\t\t\t\t<div class=\"elementor-container elementor-column-gap-default\">\n\t\t\t\t\t<div class=\"elementor-column elementor-col-50 elementor-top-column elementor-element elementor-element-db924fe\" data-id=\"db924fe\" data-element_type=\"column\">\n\t\t\t<div class=\"elementor-widget-wrap elementor-element-populated\">\n\t\t\t\t\t\t<div class=\"elementor-element elementor-element-0485719 elementor-widget elementor-widget-image\" data-id=\"0485719\" data-element_type=\"widget\" data-widget_type=\"image.default\">\n\t\t\t\t<div class=\"elementor-widget-container\">\n\t\t\t\t\t\t\t\t\t\t\t\t\t\t\t<img fetchpriority=\"high\" decoding=\"async\" width=\"768\" height=\"288\" src=\"https:\/\/allhackerforhire.com\/wp-content\/uploads\/2022\/11\/Buy-Registered-Documents.jpg\" class=\"attachment-large size-large wp-image-4545\" alt=\"Dark Web Hacker anheuern\" srcset=\"https:\/\/allhackerforhire.com\/wp-content\/uploads\/2022\/11\/Buy-Registered-Documents.jpg 768w, https:\/\/allhackerforhire.com\/wp-content\/uploads\/2022\/11\/Buy-Registered-Documents-300x113.jpg 300w, https:\/\/allhackerforhire.com\/wp-content\/uploads\/2022\/11\/Buy-Registered-Documents-600x225.jpg 600w\" sizes=\"(max-width: 768px) 100vw, 768px\" \/>\t\t\t\t\t\t\t\t\t\t\t\t\t\t\t<\/div>\n\t\t\t\t<\/div>\n\t\t\t\t\t<\/div>\n\t\t<\/div>\n\t\t\t\t<div class=\"elementor-column elementor-col-50 elementor-top-column elementor-element elementor-element-bff131d\" data-id=\"bff131d\" data-element_type=\"column\">\n\t\t\t<div class=\"elementor-widget-wrap elementor-element-populated\">\n\t\t\t\t\t\t<div class=\"elementor-element elementor-element-db6bcbe elementor-widget elementor-widget-heading\" data-id=\"db6bcbe\" data-element_type=\"widget\" data-widget_type=\"heading.default\">\n\t\t\t\t<div class=\"elementor-widget-container\">\n\t\t\t\t\t<h2 class=\"elementor-heading-title elementor-size-default\"><a data-category=\"text-result\" data-action=\"position\" data-label=\"1\/1\" href=\"https:\/\/onionlandsearchengine.net\/r?q=Phone+Hackers+For+Hire+Service&amp;l=eyJpdiI6IlJJUVhvWngwTnZ4dU1Fa24yU2hcL2hBPT0iLCJ2YWx1ZSI6InNYYVhsaG1ZQnV1VnVmZlBlY0h1SXdZT3Nmd1E4NHVCdE1hTmp0NjQ1VjZyTHRPTEFYbzJlU0dta3ZPWkF1T2FNWTZCOW45VG1aQTBuOTRyMm1INVpjSmMyc0N0XC9TOUF2K0xwUVZRK1ZwR0V3eHdzazlXa1hFTFcxQUVKVE90TFRSNk9PS2dkYlwvZitGazliOXd6TytRPT0iLCJtYWMiOiJlNjJjMWU4MDQ5MmM2ODRkMDlhODBmMGM3NWRhZGNhM2VkNTJjMTA2ZDJkYmZhMjVlZmEwNmYzNDMzNzYyMDZkIn0%253D&amp;p=1&amp;u=529556199\" rel=\"nofollow noopener\" target=\"_blank\">Einen Telefon-Hacker anheuern<\/a><\/h2>\t\t\t\t<\/div>\n\t\t\t\t<\/div>\n\t\t\t\t\t<\/div>\n\t\t<\/div>\n\t\t\t\t\t<\/div>\n\t\t<\/section>\n\t\t\t\t<\/div>","protected":false},"excerpt":{"rendered":"<p>Phone hackers for hire service Phone hackers for hire service bieten eine vollst\u00e4ndige Telefon\u00fcberwachung, die es Ihnen erm\u00f6glicht, Telefonanrufe abzuh\u00f6ren, Textnachrichten und iMessage, Whatsapp-Nachrichten, Instagram, Snapchat-Nachrichten und alle anderen Messaging-Dienste und sozialen Medien zu sehen, die von dem Ger\u00e4t aus verwendet werden. Phone Hackers For Hire Service.  Unser Telefon Hacker f\u00fcr [...]<\/p>","protected":false},"author":1,"featured_media":4968,"parent":0,"menu_order":0,"comment_status":"closed","ping_status":"open","template":"","meta":{"_acf_changed":false,"footnotes":""},"class_list":["post-4967","page","type-page","status-publish","has-post-thumbnail","hentry"],"acf":[],"_links":{"self":[{"href":"https:\/\/allhackerforhire.com\/de\/wp-json\/wp\/v2\/pages\/4967","targetHints":{"allow":["GET"]}}],"collection":[{"href":"https:\/\/allhackerforhire.com\/de\/wp-json\/wp\/v2\/pages"}],"about":[{"href":"https:\/\/allhackerforhire.com\/de\/wp-json\/wp\/v2\/types\/page"}],"author":[{"embeddable":true,"href":"https:\/\/allhackerforhire.com\/de\/wp-json\/wp\/v2\/users\/1"}],"replies":[{"embeddable":true,"href":"https:\/\/allhackerforhire.com\/de\/wp-json\/wp\/v2\/comments?post=4967"}],"version-history":[{"count":19,"href":"https:\/\/allhackerforhire.com\/de\/wp-json\/wp\/v2\/pages\/4967\/revisions"}],"predecessor-version":[{"id":5150,"href":"https:\/\/allhackerforhire.com\/de\/wp-json\/wp\/v2\/pages\/4967\/revisions\/5150"}],"wp:featuredmedia":[{"embeddable":true,"href":"https:\/\/allhackerforhire.com\/de\/wp-json\/wp\/v2\/media\/4968"}],"wp:attachment":[{"href":"https:\/\/allhackerforhire.com\/de\/wp-json\/wp\/v2\/media?parent=4967"}],"curies":[{"name":"wp","href":"https:\/\/api.w.org\/{rel}","templated":true}]}}