{"id":4991,"date":"2023-09-10T16:41:53","date_gmt":"2023-09-10T16:41:53","guid":{"rendered":"https:\/\/hireonlinehackers.com\/?page_id=4991"},"modified":"2024-07-02T22:53:36","modified_gmt":"2024-07-02T22:53:36","slug":"whatsapp-hacker-zu-mieten-osterreich","status":"publish","type":"page","link":"https:\/\/allhackerforhire.com\/de\/whatsapp-hacker-zu-mieten-osterreich\/","title":{"rendered":"WhatsApp Hacker"},"content":{"rendered":"<div data-elementor-type=\"wp-page\" data-elementor-id=\"4991\" class=\"elementor elementor-4991\">\n\t\t\t\t\t\t<section class=\"elementor-section elementor-top-section elementor-element elementor-element-21ed0537 elementor-section-boxed elementor-section-height-default elementor-section-height-default default-style\" data-id=\"21ed0537\" data-element_type=\"section\" data-settings=\"{&quot;rt_color_sets&quot;:&quot;default-style&quot;}\">\n\t\t\t\t\t\t<div class=\"elementor-container elementor-column-gap-default\">\n\t\t\t\t\t<div class=\"elementor-column elementor-col-100 elementor-top-column elementor-element elementor-element-320524c5\" data-id=\"320524c5\" data-element_type=\"column\">\n\t\t\t<div class=\"elementor-widget-wrap elementor-element-populated\">\n\t\t\t\t\t\t<div class=\"elementor-element elementor-element-15f4f884 elementor-widget elementor-widget-text-editor\" data-id=\"15f4f884\" data-element_type=\"widget\" data-widget_type=\"text-editor.default\">\n\t\t\t\t<div class=\"elementor-widget-container\">\n\t\t\t\t\t\t\t\t\t<p><\/p>\n<h2 class=\"wp-block-heading\">WhatsApp Hacker zu vermieten<\/h2>\n<p><\/p>\n<div data-id=\"45a8c67\" data-element_type=\"widget\" data-widget_type=\"text-editor.default\">\n<div>\n<div data-id=\"68dc6d6\" data-element_type=\"widget\" data-widget_type=\"text-editor.default\">\n<div>\n<p>Whatsapp Hacker zu mieten Service ist zu vern\u00fcnftigen Preisen als eigenst\u00e4ndige WhatsApp-Hack-Service als auch ein Teil eines Telefon-Hacking-Service, der Zugang zu WhatsApp als auch zur Verf\u00fcgung stellt. Unsere Preise sind eine der besten in der Branche und Sie k\u00f6nnen 100% Vertraulichkeit und Geheimhaltung sowohl Ihrer Kommunikation mit uns und der WhatsApp-Hacking-Service, den wir bieten und sicher sein, von seiner Hartn\u00e4ckigkeit unter allen Umst\u00e4nden versichert werden.  WhatsApp Konto Hacker zu vermieten.<\/p>\n<p>WhatsApp Hacker f\u00fcr Miete Service kann innerhalb von 24 Stunden zur Verf\u00fcgung gestellt werden, wenn es dringend f\u00fcr Sie, die einen kleinen Aufpreis, die im Preis inbegriffen ist, tr\u00e4gt. Wenn Sie bereit sind, l\u00e4nger zu warten, dann k\u00f6nnen Sie um einen Rabatt bitten, den wir f\u00fcr nicht dringende WhatsApp-Hacking-Service-Anfragen anbieten. <span contenteditable=\"true\">Dark Web Hacker anheuern.<\/span><\/p>\n<h4>Hacken von whats app<\/h4>\n<p>WhatsApp ist ein weit verbreiteter Dienst, vor allem im Vereinigten K\u00f6nigreich, und wie Sie sich vorstellen k\u00f6nnen, kommen die meisten Anfragen f\u00fcr unseren WhatsApp-Hacker-Verleihservice aus dem Vereinigten K\u00f6nigreich. Wir bieten vollen Zugriff auf WhatsApp-Konten, einschlie\u00dflich gesendeter und empfangener Nachrichten, Bilder und Videos sowie Aufzeichnungen von Sprach- und Videoanrufen.<br \/>Bitte f\u00fcllen Sie unser Kontaktformular aus, um weitere Informationen zu erhalten und den WhatsApp-Hacking-Service anzufordern.<\/p>\n<div id=\"attachment_5000\" style=\"width: 310px\" class=\"wp-caption alignnone\"><img decoding=\"async\" aria-describedby=\"caption-attachment-5000\" data-src=\"https:\/\/hireonlinehackers.com\/wp-content\/uploads\/2023\/09\/WhatsApp-hacker-300x141.jpg\" alt=\"WhatsApp Hacker zur Miete\" width=\"300\" height=\"141\" src=\"data:image\/svg+xml;base64,PHN2ZyB3aWR0aD0iMSIgaGVpZ2h0PSIxIiB4bWxucz0iaHR0cDovL3d3dy53My5vcmcvMjAwMC9zdmciPjwvc3ZnPg==\" class=\"lazyload\" style=\"--smush-placeholder-width: 300px; --smush-placeholder-aspect-ratio: 300\/141;\" \/><p id=\"caption-attachment-5000\" class=\"wp-caption-text\">WhatsApp Hacker zur Miete<\/p><\/div>\n<h1>Einen Hacker f\u00fcr WhatsApp anheuern<\/h1>\n<p>Unsere Agentur bietet alle Arten von Hacking-Dienstleistungen im Zusammenhang mit WhatsApp mit einer aufeinanderfolgenden Erfolgsbilanz und Bewertungen.<\/p>\n<p>Alle Online-Dienste werden zu einem g\u00fcnstigen Preis und innerhalb der vorgegebenen Frist erbracht. Diese Spezialit\u00e4ten machen uns zu #1 in der Hacking-Welt.<\/p>\n<p>Wenn Sie also einen Hacker mieten wollen - WhatsApp auf Miete, dann ist unsere Agentur die beste f\u00fcr Sie.<\/p>\n<p>Pr\u00fcfen Sie, warum die Online-Hacking-Dienste unserer White Hat-zertifizierten Agentur besser sind als die anderer professionell zertifizierter ethischer Hacker.<\/p>\n<h2>WhatsApp-Hacking-Services p\u00fcnktlich erhalten<\/h2>\n<p>Wenn<br \/>Unser Kunde w\u00e4hlt einen Plan entsprechend seinen Anforderungen aus. Sie wollen einige Qualit\u00e4ten in dem Mann oder der Agentur, die sie mieten werden.<\/p>\n<p>F\u00fcr manche Leute kann es ein billiger Preis sein, weil Geld f\u00fcr manche Menschen eine Rolle spielt. Aber jeder m\u00f6chte, dass seine Aufgabe sehr schnell und so schnell wie m\u00f6glich erledigt wird.<\/p>\n<div>\n<div>\n<h3>Wo man einen Hacker f\u00fcr WhatsApp anheuert<\/h3>\n<\/div>\n<\/div>\n<p>Die Leute stellen einen Hacker f\u00fcr WhatsApp ein, weil sie alle Details daf\u00fcr brauchen.<br \/>Sie sind bestrebt, Ergebnisse so schnell wie m\u00f6glich zu finden.<\/p>\n<p>Lichtgeschwindigkeit ist nicht m\u00f6glich f\u00fcr jedermann, aber wir versichern Ihnen, dass die WhatsApp-Hacking-Dienste auf Zeit, die Ihnen gegeben ist.<\/p>\n<div id=\"attachment_5005\" style=\"width: 310px\" class=\"wp-caption alignnone\"><img fetchpriority=\"high\" decoding=\"async\" aria-describedby=\"caption-attachment-5005\" src=\"https:\/\/hireonlinehackers.com\/wp-content\/uploads\/2023\/09\/Social-Media-Accounts-Hack-300x200.jpg\" alt=\" Wo man einen Hacker f\u00fcr WhatsApp anheuert \" width=\"300\" height=\"200\" \/><p id=\"caption-attachment-5005\" class=\"wp-caption-text\"><br \/>Wo man einen Hacker f\u00fcr WhatsApp anheuert<\/p><\/div>\n<h2>Einen WhatsApp Hacker zu einem g\u00fcnstigen Preis mieten<\/h2>\n<p>Wenn Sie sich an White Hat Hacker f\u00fcr WhatsApp-Hacking-Dienste wenden,<br \/>k\u00f6nnen sie rund $500 oder vielleicht mehr verlangen. Aber unsere Agentur glaubt an langfristige Beziehungen.<\/p>\n<p>Deshalb bietet unsere Agentur professionelles White Hat WhatsApp <a title=\"Hacker auf Miete\" href=\"https:\/\/allhackerforhire.com\/de\/\">Hacker <\/a><a href=\"https:\/\/allhackerforhire.com\/de\/einen-hacker-anheuern-osterreich\/\" target=\"_blank\" rel=\"noopener\">auf <\/a><a title=\"Hacker auf Miete\" href=\"https:\/\/allhackerforhire.com\/de\/hacker-zu-mieten-osterreich\/\">mieten<\/a> zu einem sehr g\u00fcnstigen Preis. Sie k\u00f6nnen auch Preise von anderen Quellen vergleichen.<\/p>\n<h4>Bevor Sie sich f\u00fcr WhatsApp-Hacking-Dienste entscheiden, sind einige Schritte erforderlich.<\/h4>\n<ul>\n<li>Entscheiden Sie zun\u00e4chst, was Sie wollen.<\/li>\n<li>\u00dcberpr\u00fcfen Sie dann die Preise, indem Sie <a href=\"https:\/\/hireonlinehackers.com\/hire-a-hacker\/\" target=\"_blank\" rel=\"noopener\">die <\/a><a href=\"https:\/\/allhackerforhire.com\/de\/\">Reis<\/a> Seite.<\/li>\n<li>W\u00e4hlen Sie das Paket, das Ihnen am besten gef\u00e4llt.<\/li>\n<li>Schicken Sie uns alle Ihre Fragen im Detail.<\/li>\n<li>Senden Sie uns eine E-Mail oder chatten Sie mit dem Support.<\/li>\n<li>Wenn mit dem Support-Team alles gekl\u00e4rt ist, sollten Sie es tun.<\/li>\n<\/ul>\n<div>\n<h4>Professionelle Hacker kontaktieren<\/h4>\n<\/div>\n<div>\n<div>\n<p><span data-preserver-spaces=\"true\">Whatsapp ist eine kostenlose Messaging-App f\u00fcr Smartphones, die sich derzeit im Besitz von Facebook befindet. Sie ist eine der gr\u00f6\u00dften<br \/>Online-Plattformen f\u00fcr soziale Medien. Der Hauptgrund daf\u00fcr, dass WhatsApp so<br \/>ist aufgrund des internationalen Nutzerpools sehr beliebt. Die Schnittstelle ist einfach<br \/>zu verstehen, und die Nutzer sind mehr als 2 Milliarden. WhatsApp Konto Hacker zu mieten.<\/span><\/p>\n<h3>WhatsApp-Konto Hacker zu vermieten<\/h3>\n<p><span data-preserver-spaces=\"true\">Ob f\u00fcr den pers\u00f6nlichen Gebrauch oder f\u00fcr gesch\u00e4ftliche Zwecke, die Nutzer f\u00fchlen sich wohler, wenn sie ihre Informationen \u00fcber WhatsApp weitergeben. Die Ende-zu-Ende-verschl\u00fcsselte Nachrichten\u00fcbermittlung hat die Popularit\u00e4t von WhatsApp erh\u00f6ht und die Nutzer davon \u00fcberzeugt, es zu benutzen. Dennoch sind WhatsApp-Hacking-Tricks mit gen\u00fcgend Wissen m\u00f6glich. Mit den m\u00f6glichen Hacking-Tricks k\u00f6nnen Sie sich Zugang zu einem fremden Konto verschaffen.  Wo man einen Hacker f\u00fcr WhatsApp anheuert.<br \/><\/span><\/p>\n<h4><span data-preserver-spaces=\"true\">Wir besprechen, wie man sich hackt<\/span><\/h4>\n<p><span data-preserver-spaces=\"true\">Whatsapp-Konten durch ethisches Hacking im weiteren Verlauf des Artikels. Ethisches Hacking ist ein sicherer Ansatz, bei dem man die Schwachstellen des Systems kennenlernt, um die Sicherheit zu erh\u00f6hen. Wir werden auch besprechen, wie man einen Hacker f\u00fcr WhatsApp online anheuert, um jemanden auszuspionieren. Wenn Sie ein besorgter Elternteil sind, der seine Kinder \u00fcberwachen will, oder ein Chef, der seine Angestellten kontrollieren will, dann ist es wichtig, die Tricks f\u00fcr Whatsapp-Betrug zu kennen. <\/span>Professionelle Hacker kontaktieren.<\/p>\n<h2><strong><span data-preserver-spaces=\"true\">Wie man ein Ger\u00e4t mit einem Webbrowser \u00fcber einen QR-Code als WhatsApp-Hacking-Tricks synchronisiert.<\/span><\/strong><\/h2>\n<p><span data-preserver-spaces=\"true\">Die Methode ist ziemlich einfach, und alles, was Sie brauchen, ist das Handy des Zielbenutzers zu bekommen. Sobald Sie das Handy des Opfers haben, k\u00f6nnen Sie loslegen. Wir m\u00fcssen den \"WhatsApp Web Service\" zu unserem Vorteil nutzen. Wenn Sie diesen Dienst nutzen wollen, gehen Sie zu \"<\/span><a href=\"https:\/\/web.whatsapp.com\" target=\"_blank\" rel=\"noopener\"><span data-preserver-spaces=\"true\">https:\/\/web.whatsapp.com<\/span><\/a><span data-preserver-spaces=\"true\">\" auf Ihrem PC. Wenn Sie ein mobiles Ger\u00e4t verwenden m\u00f6chten, m\u00fcssen Sie ein<br \/>App namens \"Whatsapp Web\". Der Hauptprozess ist nun wie folgt<\/span><\/p>\n<ol>\n<li><span data-preserver-spaces=\"true\">\u00d6ffnen Sie das Modell, mit dem Sie die Nachrichten abrufen m\u00f6chten - Sie k\u00f6nnen einen PC oder ein mobiles Ger\u00e4t verwenden.<\/span><\/li>\n<li><span data-preserver-spaces=\"true\">Um vom PC aus darauf zuzugreifen, \u00f6ffnen Sie den Webbrowser durch Eingabe von \"<\/span><a href=\"https:\/\/web.whatsapp.com\" target=\"_blank\" rel=\"noopener\"><span data-preserver-spaces=\"true\">https:\/\/web.whatsapp.com<\/span><\/a><span data-preserver-spaces=\"true\">.\"<br \/>Sie werden aufgefordert, den angegebenen QR-Code auf der Website zu scannen. Nach dem Scannen<br \/>vom Handy des Opfers aus abgeschlossen ist, markieren Sie die Option \"Keep me logged<br \/>ein.\"<\/span><\/li>\n<li><span data-preserver-spaces=\"true\">F\u00fcr mobile Benutzer \u00f6ffnen Sie die \"WhatsApp Web-App\".<\/span><\/li>\n<li><span data-preserver-spaces=\"true\">Scannen Sie den QR-Code in der mobilen App des Ger\u00e4ts des Opfers wie folgt ein: WhatsApp-Men\u00fc-&gt;WhatsApp Web.<\/span><\/li>\n<\/ol>\n<p><span data-preserver-spaces=\"true\">Wenn Sie sich nun angemeldet haben, haben Sie Zugriff auf alle Nachrichten und Dateien. Die gel\u00f6schten Gespr\u00e4che oder Texte werden jedoch nicht auf der Benutzeroberfl\u00e4che angezeigt. Der wichtigste Hinweis bei dieser Methode ist, dass Sie das Mobilger\u00e4t des Zielbenutzers haben m\u00fcssen. Die Methode wird nicht erfolgreich sein, wenn Sie das Mobilger\u00e4t des Opfers nicht bei sich haben.<\/span><\/p>\n<h2><strong><span data-preserver-spaces=\"true\">Wie man WhatsApp-Konversationen mit WSP 3.0 hackt<\/span><\/strong><\/h2>\n<p><span data-preserver-spaces=\"true\">Bei dieser Methode sehen Sie alle Chats und Unterhaltungen des Zielbenutzers. Sie m\u00fcssen verwenden<br \/>WhatsApp Scan Pro (WSP). Sie k\u00f6nnen die APK-Datei herunterladen, die online verf\u00fcgbar ist. WSP funktioniert wie Malware. Sie enth\u00e4lt einen Virus, der an das Foto angeh\u00e4ngt ist, das Sie an den Zielnutzer senden wollen.<\/span><\/p>\n<p><span data-preserver-spaces=\"true\">Das Opfer tappt in eine Falle, wenn es auf das gesendete Foto klickt. Es ist also notwendig, ein Foto zu senden, das das Opfer dazu verleitet, darauf zu klicken. Wenn das Opfer das Foto \u00f6ffnet, wird der Virus automatisch auf das Ger\u00e4t \u00fcbertragen.<\/span><\/p>\n<h4><span data-preserver-spaces=\"true\">Freiberufliche Hacker zum Mieten<br \/><\/span><\/h4>\n<p><span data-preserver-spaces=\"true\">\u00a0Die WSP hilft dabei, die Backdoor-Aktivit\u00e4ten im Framework zu blockieren und eine Verbindung zum Hacker herzustellen. Wenn der Hacker Zugang erh\u00e4lt, werden die QR-Codes von dem betreffenden mobilen Messenger gescannt.<\/span><\/p>\n<p><span data-preserver-spaces=\"true\">Der Code wird alle 10 Sekunden ge\u00e4ndert. Der Hacker kann den Vorgang jedoch kontinuierlich \u00fcberwachen. Der Hacker<br \/>sofort Zugriff auf die Sitzung des Opfers, sobald die Verbindung hergestellt ist.<br \/>etabliert.\u00a0<\/span><\/p>\n<p><span data-preserver-spaces=\"true\">Es sollte darauf geachtet werden, dass die Internetverbindung stabil und schnell ist.<\/span><\/p>\n<h4><strong><span data-preserver-spaces=\"true\">Wie man WhatsApp hackt, indem man den Chatverlauf exportiert\u00a0\u00a0<\/span><\/strong><\/h4>\n<p><span data-preserver-spaces=\"true\">Das ist der schnellste Weg zum Hacken<br \/>WhatsApp des anvisierten Benutzers. Dieser WhatsApp-Hacking-Trick f\u00fcr WhatsApp ist der ersten im Artikel erw\u00e4hnten Methode sehr \u00e4hnlich. Der Prozess ist wie folgt<\/span><\/p>\n<ol>\n<li><span data-preserver-spaces=\"true\">Nehmen Sie das Mobilger\u00e4t des Opfers und \u00f6ffnen Sie die WhatsApp-Anwendung.<\/span><\/li>\n<li><span data-preserver-spaces=\"true\">Klicken Sie auf das Men\u00fc-Symbol. Das Symbol besteht aus drei vertikalen Punkten auf der oberen Seite der Benutzeroberfl\u00e4che der App.<\/span><\/li>\n<li><span data-preserver-spaces=\"true\">Klicken Sie nun auf Einstellungen -&gt; Chats -&gt; Chatverlauf -&gt; Chat exportieren (mit oder ohne Medienverlauf, je nach Wunsch)<\/span><\/li>\n<li><span data-preserver-spaces=\"true\">\u00d6ffnen Sie Google Mail und geben Sie die E-Mail-Adresse ein, die Sie senden m\u00f6chten.\u00a0<\/span><\/li>\n<li><span data-preserver-spaces=\"true\">Klicken Sie auf Exportieren\u00a0<\/span><\/li>\n<\/ol>\n<p><span data-preserver-spaces=\"true\">Die Datei (Textformat), einschlie\u00dflich der Mediendatei (falls ausgew\u00e4hlt), wird mit der E-Mail hochgeladen. Dr\u00fccken Sie auf \"Senden\", um die Aufgabe abzuschlie\u00dfen. Sie k\u00f6nnen die Datei jetzt oder sp\u00e4ter aus der Mail abholen.\u00a0<\/span><\/p>\n<p>Kennen Sie mehr Tricks \u00fcber - Hire an Ethical Hacker to Hack a WhatsApp Account.<\/p>\n<h5><strong><span data-preserver-spaces=\"true\">Wie man Hacker anheuert, um ein WhatsApp-Konto zu hacken\u00a0<\/span><\/strong><\/h5>\n<p><span data-preserver-spaces=\"true\">Es ist nicht empfehlenswert, einen Hacker zu beauftragen, um das WhatsApp-Konto eines anderen zu hacken. Der Hauptgrund ist, dass viele<br \/>Manchmal kann es sich um Betrug handeln. Viele Menschen haben sich dar\u00fcber beschwert, dass sie ihre Dienste nicht erhalten haben, obwohl ihnen der volle Betrag in Rechnung gestellt wurde. Die Wahl dieser Option kann f\u00fcr Sie eine Abk\u00fcrzung sein, da Sie sich nicht mit dem Hacking-Prozess befassen m\u00fcssen. Aber die Risiken sind auch hoch.<\/span><\/p>\n<p><span data-preserver-spaces=\"true\">Einige Websites verlangen einen stattlichen Betrag, wenn es keine Garantie gibt, nicht betrogen zu werden. Nehmen Sie<br \/>den Dienst unter Ber\u00fccksichtigung aller m\u00f6glichen Risiken. Aber das legale Hacken<br \/>Websites k\u00f6nnen die Arbeit f\u00fcr Sie erledigen, ohne dass Betrug im Spiel ist.<\/span><\/p>\n<p><span data-preserver-spaces=\"true\">\u00a0Wenn Sie \u00fcberzeugt sind, dass Sie einen Hacker engagieren m\u00f6chten, folgen Sie diesem Link und nehmen Sie Kontakt auf: <\/span><a href=\"https:\/\/allhackerforhire.com\/de\/\" target=\"_blank\" rel=\"noopener\">Allhackerforhire.com<\/a><span data-preserver-spaces=\"true\"> Hier bekommen Sie den gew\u00fcnschten Service wie versprochen, auch wenn die Bezahlung nicht billig sein wird.\u00a0<\/span><\/p>\n<h4><span data-preserver-spaces=\"true\">Dies sind die folgenden WhatsApp<\/span><\/h4>\n<p><span data-preserver-spaces=\"true\">Hacking-Tricks, die Sie selbst ausprobieren k\u00f6nnen. Es ist ratsam, die Methoden nicht f\u00fcr illegale Aktivit\u00e4ten zu verwenden. Nutzen Sie diese Informationen vielmehr als Vorsichtsma\u00dfnahme, die Sie zur Erh\u00f6hung der Sicherheit Ihres Kontos anwenden k\u00f6nnen. Wenn Sie jedoch den Verdacht haben, dass jemand, den Sie kennen, in illegale Handlungen verwickelt sein k\u00f6nnte. Dann verwenden Sie diese Methoden, um sie auszuspionieren und ihre Aktivit\u00e4ten zu verfolgen.<\/span><\/p>\n<\/div>\n<\/div>\n<\/div>\n<\/div>\n<h3>Whatsapp Hack Online<\/h3>\n<p>M\u00f6chten Sie die WhatsApp-Nachrichten, Audios und Videos Ihres Freundes oder Ihrer Freundin online hacken? Wenn ja, dann sind Sie an der richtigen Stelle Sie k\u00f6nnen alle Verwandten oder Freunde WhatsApp-Nachrichten hier hacken und der wichtigste Teil davon ist, dass Sie es kostenlos tun k\u00f6nnen. Jetzt werden wir also sehen, wie wir WhatsApp online hacken k\u00f6nnen und wie wir unseren Freunden und Verwandten einen Streich spielen k\u00f6nnen, indem wir ihnen ihre eigenen Nachrichten zeigen. Beachten Sie, dass es sich hierbei um ein Premium-Tool handelt, das jedoch kostenlos auf unserer Website zur Verf\u00fcgung steht, so dass Sie unseren kostenlosen Service genie\u00dfen k\u00f6nnen. Freiberufliche Hacker zu vermieten.<\/p>\n<h4>Schritte Wie kann man WhatsApp online hacken?<\/h4>\n<p>Oben auf unserer Website stehen 3 Optionen zur Verf\u00fcgung, die Sie unbedingt ausf\u00fcllen m\u00fcssen.<\/p>\n<p>\u00a0\u00a0\u00a0 Geben Sie in der ersten Spalte die Telefonnummer ein, die Sie hacken m\u00f6chten (mit Landesvorwahl).<br \/>\u00a0\u00a0\u00a0 In der zweiten Spalte w\u00e4hlen Sie, was Sie hacken wollen Es gibt 4 Optionen zur Verf\u00fcgung Nachrichten, Audio, Videos und alle Daten k\u00f6nnen Sie eine beliebige 1 Option aus diesen vier ausw\u00e4hlen. WhatsApp Konto Hacker f\u00fcr Miete.<\/p>\n<h4><span tabindex=\"0\" role=\"textbox\" contenteditable=\"true\" data-placeholder=\"Example: Rank Math SEO\" aria-placeholder=\"Example: Rank Math SEO\" aria-autocomplete=\"both\" aria-multiline=\"false\">WhatsApp Hacker online anheuern<\/span><\/h4>\n<p>\u00a0\u00a0\u00a0 In der dritten Spalte w\u00e4hlen Sie aus, wo Sie die gehackten Daten sehen m\u00f6chten. Es stehen 2 Optionen zur Verf\u00fcgung: online oder als Zip-Datei heruntergeladen, um sie offline anzuzeigen. Sie k\u00f6nnen eine beliebige Option aus dieser Spalte ausw\u00e4hlen.<\/p>\n<p>\u00a0\u00a0\u00a0 Nachdem Sie alle Informationen ausgef\u00fcllt haben, klicken Sie auf die Schaltfl\u00e4che \"Jetzt hacken\" und der n\u00e4chste Schritt wird von unserem System durchgef\u00fchrt. Es wird Hash-Codes generieren und \u00fcberpr\u00fcfen Sie die WhatsApp-Datenbank und dann wird es Ihnen die gehackt Ergebnis zeigen.<br \/>\u00a0\u00a0\u00a0 Der letzte Schritt ist, um herunterzuladen oder zu sehen, gehackte Dateien in diesem Schritt hacken Sie zu beweisen, dass Sie ein Mensch sind, nicht ein Roboter nur beweisen, dass durch das Ausf\u00fcllen eines einfachen Angebots. WhatsApp Konto Hacker zu vermieten.<\/p>\n<h4><a href=\"http:\/\/google.com\" target=\"_blank\" rel=\"noopener\">Jemanden beauftragen, sich in ein WhatsApp-Konto zu hacken<\/a><\/h4>\n<p>Wow, jetzt haben Sie Zugriff auf Ihre gehackten Daten. Sie k\u00f6nnen Nachrichten, Audio und Videos online oder offline kostenlos ansehen. Bitte helfen Sie unserer Website, indem Sie sie auf Facebook, Google Plus und anderen Social-Media-Seiten teilen. Hinweis: Sie k\u00f6nnen nur eine Nummer von einer IP hacken. Sie k\u00f6nnen den gehackten Beweis auf dem Bild unten sehen. ENJOY!! WhatsApp Konto Hacker zu vermieten.<\/p>\n<p><img decoding=\"async\" data-src=\"https:\/\/hireonlinehackers.com\/wp-content\/uploads\/2023\/01\/5-star-300x158.jpg\" alt=\"Professionelle Hacker f\u00fcr Hire Services\" width=\"36\" height=\"19\" src=\"data:image\/svg+xml;base64,PHN2ZyB3aWR0aD0iMSIgaGVpZ2h0PSIxIiB4bWxucz0iaHR0cDovL3d3dy53My5vcmcvMjAwMC9zdmciPjwvc3ZnPg==\" class=\"lazyload\" style=\"--smush-placeholder-width: 36px; --smush-placeholder-aspect-ratio: 36\/19;\" \/><\/p>\n<\/div>\n<\/div>\n<p><\/p>\t\t\t\t\t\t\t\t<\/div>\n\t\t\t\t<\/div>\n\t\t\t\t\t<\/div>\n\t\t<\/div>\n\t\t\t\t\t<\/div>\n\t\t<\/section>\n\t\t\t\t<section class=\"elementor-section elementor-top-section elementor-element elementor-element-da4e662 elementor-section-boxed elementor-section-height-default elementor-section-height-default default-style\" data-id=\"da4e662\" data-element_type=\"section\" data-settings=\"{&quot;rt_color_sets&quot;:&quot;default-style&quot;}\">\n\t\t\t\t\t\t<div class=\"elementor-container elementor-column-gap-default\">\n\t\t\t\t\t<div class=\"elementor-column elementor-col-50 elementor-top-column elementor-element elementor-element-db924fe\" data-id=\"db924fe\" data-element_type=\"column\">\n\t\t\t<div class=\"elementor-widget-wrap elementor-element-populated\">\n\t\t\t\t\t\t<div class=\"elementor-element elementor-element-0485719 elementor-widget elementor-widget-image\" data-id=\"0485719\" data-element_type=\"widget\" data-widget_type=\"image.default\">\n\t\t\t\t<div class=\"elementor-widget-container\">\n\t\t\t\t\t\t\t\t\t\t\t\t\t\t\t<img decoding=\"async\" width=\"768\" height=\"288\" data-src=\"https:\/\/allhackerforhire.com\/wp-content\/uploads\/2022\/11\/Buy-Registered-Documents.jpg\" class=\"attachment-large size-large wp-image-4545 lazyload\" alt=\"Dark Web Hacker anheuern\" data-srcset=\"https:\/\/allhackerforhire.com\/wp-content\/uploads\/2022\/11\/Buy-Registered-Documents.jpg 768w, https:\/\/allhackerforhire.com\/wp-content\/uploads\/2022\/11\/Buy-Registered-Documents-300x113.jpg 300w, https:\/\/allhackerforhire.com\/wp-content\/uploads\/2022\/11\/Buy-Registered-Documents-600x225.jpg 600w\" data-sizes=\"(max-width: 768px) 100vw, 768px\" src=\"data:image\/svg+xml;base64,PHN2ZyB3aWR0aD0iMSIgaGVpZ2h0PSIxIiB4bWxucz0iaHR0cDovL3d3dy53My5vcmcvMjAwMC9zdmciPjwvc3ZnPg==\" style=\"--smush-placeholder-width: 768px; --smush-placeholder-aspect-ratio: 768\/288;\" \/>\t\t\t\t\t\t\t\t\t\t\t\t\t\t\t<\/div>\n\t\t\t\t<\/div>\n\t\t\t\t\t<\/div>\n\t\t<\/div>\n\t\t\t\t<div class=\"elementor-column elementor-col-50 elementor-top-column elementor-element elementor-element-bff131d\" data-id=\"bff131d\" data-element_type=\"column\">\n\t\t\t<div class=\"elementor-widget-wrap elementor-element-populated\">\n\t\t\t\t\t\t<div class=\"elementor-element elementor-element-db6bcbe elementor-widget elementor-widget-heading\" data-id=\"db6bcbe\" data-element_type=\"widget\" data-widget_type=\"heading.default\">\n\t\t\t\t<div class=\"elementor-widget-container\">\n\t\t\t\t\t<h2 class=\"elementor-heading-title elementor-size-default\"><span class=\"tagify__tag-text\">Dark Web Hacker anheuern<\/span><\/h2>\t\t\t\t<\/div>\n\t\t\t\t<\/div>\n\t\t\t\t\t<\/div>\n\t\t<\/div>\n\t\t\t\t\t<\/div>\n\t\t<\/section>\n\t\t\t\t<\/div>","protected":false},"excerpt":{"rendered":"<p>WhatsApp Hacker For Hire Whatsapp Hacker f\u00fcr Miete Service ist zu vern\u00fcnftigen Preisen als eigenst\u00e4ndige WhatsApp-Hack-Service als auch ein Teil eines Telefon-Hacking-Service, der Zugang zu WhatsApp als auch zur Verf\u00fcgung stellt. Unsere Preise sind eine der besten in der Branche und Sie k\u00f6nnen von 100% Vertraulichkeit versichert werden [...]<\/p>","protected":false},"author":1,"featured_media":4986,"parent":0,"menu_order":0,"comment_status":"closed","ping_status":"open","template":"","meta":{"_acf_changed":false,"footnotes":""},"class_list":["post-4991","page","type-page","status-publish","has-post-thumbnail","hentry"],"acf":[],"_links":{"self":[{"href":"https:\/\/allhackerforhire.com\/de\/wp-json\/wp\/v2\/pages\/4991","targetHints":{"allow":["GET"]}}],"collection":[{"href":"https:\/\/allhackerforhire.com\/de\/wp-json\/wp\/v2\/pages"}],"about":[{"href":"https:\/\/allhackerforhire.com\/de\/wp-json\/wp\/v2\/types\/page"}],"author":[{"embeddable":true,"href":"https:\/\/allhackerforhire.com\/de\/wp-json\/wp\/v2\/users\/1"}],"replies":[{"embeddable":true,"href":"https:\/\/allhackerforhire.com\/de\/wp-json\/wp\/v2\/comments?post=4991"}],"version-history":[{"count":16,"href":"https:\/\/allhackerforhire.com\/de\/wp-json\/wp\/v2\/pages\/4991\/revisions"}],"predecessor-version":[{"id":5175,"href":"https:\/\/allhackerforhire.com\/de\/wp-json\/wp\/v2\/pages\/4991\/revisions\/5175"}],"wp:featuredmedia":[{"embeddable":true,"href":"https:\/\/allhackerforhire.com\/de\/wp-json\/wp\/v2\/media\/4986"}],"wp:attachment":[{"href":"https:\/\/allhackerforhire.com\/de\/wp-json\/wp\/v2\/media?parent=4991"}],"curies":[{"name":"wp","href":"https:\/\/api.w.org\/{rel}","templated":true}]}}