{"id":5026,"date":"2023-09-14T09:39:25","date_gmt":"2023-09-14T09:39:25","guid":{"rendered":"https:\/\/hireonlinehackers.com\/?page_id=5026"},"modified":"2024-07-02T22:12:02","modified_gmt":"2024-07-02T22:12:02","slug":"instagram-hacker-zu-mieten-osterreich","status":"publish","type":"page","link":"https:\/\/allhackerforhire.com\/de\/instagram-hacker-zu-mieten-osterreich\/","title":{"rendered":"Instagram Hacker"},"content":{"rendered":"<div data-elementor-type=\"wp-page\" data-elementor-id=\"5026\" class=\"elementor elementor-5026\">\n\t\t\t\t\t\t<section class=\"elementor-section elementor-top-section elementor-element elementor-element-21ed0537 elementor-section-boxed elementor-section-height-default elementor-section-height-default default-style\" data-id=\"21ed0537\" data-element_type=\"section\" data-settings=\"{&quot;rt_color_sets&quot;:&quot;default-style&quot;}\">\n\t\t\t\t\t\t<div class=\"elementor-container elementor-column-gap-default\">\n\t\t\t\t\t<div class=\"elementor-column elementor-col-100 elementor-top-column elementor-element elementor-element-320524c5\" data-id=\"320524c5\" data-element_type=\"column\">\n\t\t\t<div class=\"elementor-widget-wrap elementor-element-populated\">\n\t\t\t\t\t\t<div class=\"elementor-element elementor-element-15f4f884 elementor-widget elementor-widget-text-editor\" data-id=\"15f4f884\" data-element_type=\"widget\" data-widget_type=\"text-editor.default\">\n\t\t\t\t<div class=\"elementor-widget-container\">\n\t\t\t\t\t\t\t\t\t<p><\/p>\n<h2 class=\"wp-block-heading\">Instagram Hacker zu vermieten<\/h2>\n<p><\/p>\n<div data-id=\"45a8c67\" data-element_type=\"widget\" data-widget_type=\"text-editor.default\">\n<div>\n<div data-id=\"68dc6d6\" data-element_type=\"widget\" data-widget_type=\"text-editor.default\">\n<div>\n<div>\n<div>\n<div>\n<p>Unser professioneller Hacker-Service ist auf das Hacken von Instagram-Konten spezialisiert und bietet Ihnen die M\u00f6glichkeit, auf jedes Online-Konto zuzugreifen und verschiedene Plattformen wie WhatsApp, Facebook, Discord, Snapchat und mehr zu \u00fcberwachen. Mit unserem Software-Tool, das f\u00fcr PC, iPhone und Android verf\u00fcgbar ist, k\u00f6nnen Sie auf Funktionen wie Live-GPS-Standort, Kamera- und Mikrofon\u00fcberwachung, Nachrichten, E-Mails, Anrufe, Browserverlauf, Bildschirmaufzeichnung und Wiederherstellung gel\u00f6schter Nachrichten, Dateien und Medien zugreifen.&nbsp;<\/p><p>Wenn Sie sich in der ungl\u00fccklichen Situation eines verlorenen oder gehackten Instagram-Kontos befinden, ist unser Team von echten professionellen Hackern hier, um Ihnen zu helfen, es schnell und einfach wiederherzustellen. Z\u00f6gern Sie nicht, einen professionellen Instagram-Hacker zu engagieren und die Kontrolle \u00fcber Ihr Konto wiederzuerlangen. Instagram Konto Hacker zu mieten.<br><\/p>\n<h3>Einen Hacker-Dienst f\u00fcr Instagram-Hack anheuern<\/h3>\n<\/div>\n<\/div>\n<p>Wenn Sie den Zugang zu Ihrem Instagram-Konto verloren haben oder aus anderen Gr\u00fcnden Zugang zu einem Instagram-Konto erhalten m\u00f6chten, ist dies der richtige Dienst f\u00fcr Sie. Wir senden keine Links oder Nachrichten an den Eigent\u00fcmer und dieser Dienst ist v\u00f6llig diskret und anonym. Die Sicherheit unserer Kunden ist uns sehr wichtig und wir behalten das im Hinterkopf, w\u00e4hrend wir alle Aufgaben erledigen. Hire Professional Instagram Hacker online billig. Instagram Account Hacker zu vermieten.<br><\/p>\n<p><img decoding=\"async\" data-src=\"https:\/\/hireonlinehackers.com\/wp-content\/uploads\/2023\/09\/Instagram-Hacker-for-Hire-300x168.jpg\" alt=\"Instagram Hacker zu vermieten\" width=\"230\" height=\"128\" src=\"data:image\/svg+xml;base64,PHN2ZyB3aWR0aD0iMSIgaGVpZ2h0PSIxIiB4bWxucz0iaHR0cDovL3d3dy53My5vcmcvMjAwMC9zdmciPjwvc3ZnPg==\" class=\"lazyload\" style=\"--smush-placeholder-width: 230px; --smush-placeholder-aspect-ratio: 230\/128;\"><\/p>\n<h3><span contenteditable=\"true\">Einen Hacker f\u00fcr Instagram einstellen<\/span><\/h3>\n<\/div>\n<\/div>\n<\/div>\n<\/div>\n<\/div>\n<p>Wir bieten ein unkompliziertes Verfahren f\u00fcr die Einstellung eines <a href=\"https:\/\/allhackerforhire.com\/de\/\">Hacker f\u00fcr Instagram<\/a>die speziell entwickelt wurden, um Ihnen dabei zu helfen, einen betr\u00fcgenden Ehepartner oder Betr\u00fcger zu erwischen. Unsere Dienste bieten erschwingliche Optionen f\u00fcr die Beauftragung eines Instagram-Hackers. Mit einer Reihe von Hacking-Diensten, einschlie\u00dflich Instagram-Konto-Hacking, Computer-Hacking und Umgehung von Sicherheitsma\u00dfnahmen, sind wir die vertrauensw\u00fcrdige Wahl f\u00fcr die Beauftragung von Instagram-Hackern. Ganz gleich, ob Sie den Zugang zu Ihrem eigenen Instagram-Konto verloren haben oder aus legitimen Gr\u00fcnden Zugang zum Konto einer anderen Person ben\u00f6tigen, unser diskreter und anonymer Service kann Ihre Bed\u00fcrfnisse erf\u00fcllen.<\/p>\n<h3>Jemanden f\u00fcr das Hacken von Instagram bezahlen<\/h3>\n<p>Unser Team aus erfahrenen Hackern ist auf das Hacken von Instagram spezialisiert und kann Ihnen helfen, wichtige Informationen abzurufen oder Probleme mit Ihrem Konto zu l\u00f6sen. Wir wahren ein H\u00f6chstma\u00df an Vertraulichkeit und sorgen daf\u00fcr, dass Ihre pers\u00f6nlichen Daten w\u00e4hrend des gesamten Prozesses sicher bleiben. Lassen Sie Ihren Verdacht oder Ihre Bedenken nicht unbeantwortet - beauftragen Sie noch heute einen Instagram-Hacker und erhalten Sie die Antworten, die Sie brauchen<a href=\"https:\/\/duckduckgo.com\/\" target=\"_blank\" rel=\"noopener\">.<\/a> Wir legen gro\u00dfen Wert auf Kundenzufriedenheit und garantieren schnelle Ergebnisse.<\/p>\n<h3>Professionelle Instagram-Hacker anheuern<\/h3>\n<p><\/p>\n<p>Unsere erfahrenen Hacker verf\u00fcgen \u00fcber jahrelange Erfahrung in diesem Bereich und sind mit den neuesten Tools und Techniken ausgestattet, um erfolgreiches Instagram-Hacking zu gew\u00e4hrleisten. Seien Sie versichert, dass unsere Dienstleistungen v\u00f6llig legal und ethisch einwandfrei sind und strenge ethische Standards einhalten. Z\u00f6gern Sie nicht l\u00e4nger - \u00fcbernehmen Sie die Kontrolle \u00fcber Ihr Instagram-Konto oder verschaffen Sie sich Zugang zu den Informationen, die Sie ben\u00f6tigen, indem Sie unsere vertrauensw\u00fcrdigen Instagram-Hacker jetzt engagieren. Instagram Konto Hacker zu mieten.<br><\/p>\n<p>Wenn Sie einen Instagram-Programmierer von uns engagieren, erhalten Sie Zugang zu den idealsten Programmierern in der Branche. Wir verf\u00fcgen \u00fcber eine Gruppe \u00e4u\u00dferst talentierter und erfahrener Technok\u00fcnstler, die Ihnen bei allen Hacking-Bed\u00fcrfnissen behilflich sein k\u00f6nnen, die Sie haben.<\/p>\n<h3>Bezahlen, um Instagram-Konto zu hacken<\/h3>\n<p>Unsere Verwaltung bietet Menschen die M\u00f6glichkeit, einen Instagram-Programmierer zu engagieren. Durch die Besch\u00e4ftigung eines Programmierers durch unsere Verwaltung, k\u00f6nnen die Kunden auf die Aufzeichnung von jedem einzelnen sie w\u00e4hlen, ob oder nicht sie die Login-Daten haben.<\/p>\n<h4>Instagram Konto Hacker zu vermieten<\/h4>\n<p>Damit k\u00f6nnen Kunden gel\u00f6schte Fotos wiederherstellen und Passw\u00f6rter \u00e4ndern, und damit sind die M\u00f6glichkeiten noch lange nicht ersch\u00f6pft. Wir verwenden eine komplexe wissenschaftliche Sprache, um zu garantieren, dass unsere Programmierer wirklich unglaublich sind. Wir investieren mit ganzem Herzen in unsere Arbeit und m\u00fcssen sicherstellen, dass unsere Kunden im Allgemeinen mit den Ergebnissen zufrieden sind. Bezahlen, um Instagram-Konto zu hacken.<\/p>\n<h4>Warum sollten Sie uns als Instagram Hacker engagieren?<\/h4>\n<p>Es gibt einige Gr\u00fcnde, warum Sie Instagram-Hacker bei uns anheuern sollten. Der vielleicht wichtigste Grund ist, dass wir \u00fcber einen gro\u00dfen Pool an qualifizierten und erfahrenen Hackern verf\u00fcgen, die bei einer Vielzahl von Hacking-Anforderungen helfen k\u00f6nnen. Dar\u00fcber hinaus bieten wir wettbewerbsf\u00e4hige Preise, einen 24\/7-Kundensupport und eine 100%-Zufriedenheitsgarantie.<\/p>\n<div data-id=\"45a8c67\" data-element_type=\"widget\" data-widget_type=\"text-editor.default\">\n<div>\n<p><img decoding=\"async\" data-src=\"https:\/\/hireonlinehackers.com\/wp-content\/uploads\/2023\/01\/5-star-300x158.jpg\" alt=\"Professionelle Hacker f\u00fcr Hire Services\" width=\"36\" height=\"19\" src=\"data:image\/svg+xml;base64,PHN2ZyB3aWR0aD0iMSIgaGVpZ2h0PSIxIiB4bWxucz0iaHR0cDovL3d3dy53My5vcmcvMjAwMC9zdmciPjwvc3ZnPg==\" class=\"lazyload\" style=\"--smush-placeholder-width: 36px; --smush-placeholder-aspect-ratio: 36\/19;\"><\/p>\n<\/div>\n<\/div>\n<p><\/p>\t\t\t\t\t\t\t\t<\/div>\n\t\t\t\t<\/div>\n\t\t\t\t\t<\/div>\n\t\t<\/div>\n\t\t\t\t\t<\/div>\n\t\t<\/section>\n\t\t\t\t<section class=\"elementor-section elementor-top-section elementor-element elementor-element-da4e662 elementor-section-boxed elementor-section-height-default elementor-section-height-default default-style\" data-id=\"da4e662\" data-element_type=\"section\" data-settings=\"{&quot;rt_color_sets&quot;:&quot;default-style&quot;}\">\n\t\t\t\t\t\t<div class=\"elementor-container elementor-column-gap-default\">\n\t\t\t\t\t<div class=\"elementor-column elementor-col-50 elementor-top-column elementor-element elementor-element-db924fe\" data-id=\"db924fe\" data-element_type=\"column\">\n\t\t\t<div class=\"elementor-widget-wrap elementor-element-populated\">\n\t\t\t\t\t\t<div class=\"elementor-element elementor-element-0485719 elementor-widget elementor-widget-image\" data-id=\"0485719\" data-element_type=\"widget\" data-widget_type=\"image.default\">\n\t\t\t\t<div class=\"elementor-widget-container\">\n\t\t\t\t\t\t\t\t\t\t\t\t\t\t\t<img fetchpriority=\"high\" decoding=\"async\" width=\"768\" height=\"288\" src=\"https:\/\/allhackerforhire.com\/wp-content\/uploads\/2022\/11\/Buy-Registered-Documents.jpg\" class=\"attachment-large size-large wp-image-4545\" alt=\"Dark Web Hacker anheuern\" srcset=\"https:\/\/allhackerforhire.com\/wp-content\/uploads\/2022\/11\/Buy-Registered-Documents.jpg 768w, https:\/\/allhackerforhire.com\/wp-content\/uploads\/2022\/11\/Buy-Registered-Documents-300x113.jpg 300w, https:\/\/allhackerforhire.com\/wp-content\/uploads\/2022\/11\/Buy-Registered-Documents-600x225.jpg 600w\" sizes=\"(max-width: 768px) 100vw, 768px\" \/>\t\t\t\t\t\t\t\t\t\t\t\t\t\t\t<\/div>\n\t\t\t\t<\/div>\n\t\t\t\t\t<\/div>\n\t\t<\/div>\n\t\t\t\t<div class=\"elementor-column elementor-col-50 elementor-top-column elementor-element elementor-element-bff131d\" data-id=\"bff131d\" data-element_type=\"column\">\n\t\t\t<div class=\"elementor-widget-wrap elementor-element-populated\">\n\t\t\t\t\t\t<div class=\"elementor-element elementor-element-db6bcbe elementor-widget elementor-widget-heading\" data-id=\"db6bcbe\" data-element_type=\"widget\" data-widget_type=\"heading.default\">\n\t\t\t\t<div class=\"elementor-widget-container\">\n\t\t\t\t\t<h2 class=\"elementor-heading-title elementor-size-default\">Instagram Hacker 15 Minuten<\/h2>\t\t\t\t<\/div>\n\t\t\t\t<\/div>\n\t\t\t\t\t<\/div>\n\t\t<\/div>\n\t\t\t\t\t<\/div>\n\t\t<\/section>\n\t\t\t\t<\/div>","protected":false},"excerpt":{"rendered":"<p>Instagram Hacker zur Miete Unser professioneller Hacker-Service ist auf das Hacken von Instagram-Konten spezialisiert und bietet Ihnen die M\u00f6glichkeit, auf jedes Online-Konto zuzugreifen und verschiedene Plattformen wie WhatsApp, Facebook, Discord, Snapchat und mehr zu \u00fcberwachen. Mit unserem Software-Tool, das f\u00fcr PC, iPhone und Android verf\u00fcgbar ist, erhalten Sie Zugang zu Funktionen wie Live-GPS-Standort, [...]<\/p>","protected":false},"author":1,"featured_media":5029,"parent":0,"menu_order":0,"comment_status":"closed","ping_status":"open","template":"","meta":{"_acf_changed":false,"footnotes":""},"class_list":["post-5026","page","type-page","status-publish","has-post-thumbnail","hentry"],"acf":[],"_links":{"self":[{"href":"https:\/\/allhackerforhire.com\/de\/wp-json\/wp\/v2\/pages\/5026","targetHints":{"allow":["GET"]}}],"collection":[{"href":"https:\/\/allhackerforhire.com\/de\/wp-json\/wp\/v2\/pages"}],"about":[{"href":"https:\/\/allhackerforhire.com\/de\/wp-json\/wp\/v2\/types\/page"}],"author":[{"embeddable":true,"href":"https:\/\/allhackerforhire.com\/de\/wp-json\/wp\/v2\/users\/1"}],"replies":[{"embeddable":true,"href":"https:\/\/allhackerforhire.com\/de\/wp-json\/wp\/v2\/comments?post=5026"}],"version-history":[{"count":13,"href":"https:\/\/allhackerforhire.com\/de\/wp-json\/wp\/v2\/pages\/5026\/revisions"}],"predecessor-version":[{"id":5132,"href":"https:\/\/allhackerforhire.com\/de\/wp-json\/wp\/v2\/pages\/5026\/revisions\/5132"}],"wp:featuredmedia":[{"embeddable":true,"href":"https:\/\/allhackerforhire.com\/de\/wp-json\/wp\/v2\/media\/5029"}],"wp:attachment":[{"href":"https:\/\/allhackerforhire.com\/de\/wp-json\/wp\/v2\/media?parent=5026"}],"curies":[{"name":"wp","href":"https:\/\/api.w.org\/{rel}","templated":true}]}}