{"id":5037,"date":"2023-09-14T10:28:12","date_gmt":"2023-09-14T10:28:12","guid":{"rendered":"https:\/\/hireonlinehackers.com\/?page_id=5037"},"modified":"2024-07-02T22:44:09","modified_gmt":"2024-07-02T22:44:09","slug":"snapchat-hacker-zu-mieten-osterreich","status":"publish","type":"page","link":"https:\/\/allhackerforhire.com\/de\/snapchat-hacker-zu-mieten-osterreich\/","title":{"rendered":"Snapchat Hacker"},"content":{"rendered":"<div data-elementor-type=\"wp-page\" data-elementor-id=\"5037\" class=\"elementor elementor-5037\">\n\t\t\t\t\t\t<section class=\"elementor-section elementor-top-section elementor-element elementor-element-21ed0537 elementor-section-boxed elementor-section-height-default elementor-section-height-default default-style\" data-id=\"21ed0537\" data-element_type=\"section\" data-settings=\"{&quot;rt_color_sets&quot;:&quot;default-style&quot;}\">\n\t\t\t\t\t\t<div class=\"elementor-container elementor-column-gap-default\">\n\t\t\t\t\t<div class=\"elementor-column elementor-col-100 elementor-top-column elementor-element elementor-element-320524c5\" data-id=\"320524c5\" data-element_type=\"column\">\n\t\t\t<div class=\"elementor-widget-wrap elementor-element-populated\">\n\t\t\t\t\t\t<div class=\"elementor-element elementor-element-15f4f884 elementor-widget elementor-widget-text-editor\" data-id=\"15f4f884\" data-element_type=\"widget\" data-widget_type=\"text-editor.default\">\n\t\t\t\t<div class=\"elementor-widget-container\">\n\t\t\t\t\t\t\t\t\t<p><\/p>\n<h2 class=\"wp-block-heading\"><span contenteditable=\"true\">Snapchat Hacker zu vermieten<\/span><\/h2>\n<div>\n<p>Wir bieten einen professionellen Snapchat-Hacking-Service, der es Ihnen erm\u00f6glicht, einen Hacker f\u00fcr Snapchat zu engagieren. Unser erfahrenes Team kann Ihnen dabei helfen, ein verlorenes oder gehacktes Snapchat-Konto wiederherzustellen. Bezahlen Sie jemanden, um Snapchat zu hacken und erhalten Sie mit unserem zuverl\u00e4ssigen und sicheren Service wieder Zugang zu Ihrem Konto. Wir sind professionell <a href=\"https:\/\/allhackerforhire.com\/de\/\">Snapchat Hacker<\/a> zu vermieten und bietet fachkundige Unterst\u00fctzung f\u00fcr alle Ihre Snapchat-Hacking-Bed\u00fcrfnisse. Snapchat Account Hacker zu vermieten.<br><\/p>\n<h3><span contenteditable=\"true\">Professionelle Snapchat-Hacker zum Mieten<\/span><\/h3>\n<p>Wir verstehen die Dringlichkeit und Sensibilit\u00e4t der Sicherheit von Snapchat-Konten. Mit unseren spezialisierten F\u00e4higkeiten und Kenntnissen gew\u00e4hrleisten wir eine schnelle und effektive L\u00f6sung f\u00fcr alle Snapchat-bezogenen Probleme, die Sie m\u00f6glicherweise haben. Vertrauen Sie unserem Team von professionellen Hackern, um Ihr gehacktes oder verlorenes Snapchat-Konto effizient und diskret wiederherzustellen. Unser sicherer und zuverl\u00e4ssiger Service garantiert Ihre Privatsph\u00e4re und Vertraulichkeit w\u00e4hrend des gesamten Prozesses. Gewinnen Sie noch heute die Kontrolle \u00fcber Ihr Snapchat-Konto zur\u00fcck, indem Sie unsere erfahrenen Snapchat-Hacking-Experten beauftragen.<\/p>\n<\/div>\n<p><\/p>\n<div data-id=\"45a8c67\" data-element_type=\"widget\" data-widget_type=\"text-editor.default\">\n<div>\n<div data-id=\"68dc6d6\" data-element_type=\"widget\" data-widget_type=\"text-editor.default\">\n<div>\n<div>\n<div>\n<div>\n<div data-id=\"68dc6d6\" data-element_type=\"widget\" data-widget_type=\"text-editor.default\">\n<div>\n<p>Der Snapchat-Hacking-Service ist sehr n\u00fctzlich, wenn Sie versuchen, etwas \u00fcber einen betr\u00fcgenden Ehepartner\/Partner herauszufinden, um sicherzustellen, dass Sie nicht betrogen werden. Der Snapchat-Hacking-Service ist v\u00f6llig diskret und niemand wird jemals herausfinden, dass Sie Zugriff auf das Snapchat-Konto haben. Wir bieten diesen Service als eigenst\u00e4ndigen Snapchat-Hack-Service und auch als Paket innerhalb des Telefon-Hacking-Service<a href=\"https:\/\/duckduckgo.com\/\" target=\"_blank\" rel=\"noopener\">.<\/a><\/p>\n<h2>Snapchat-Hacking-Dienst<\/h2>\n<p>Es gibt viele M\u00f6glichkeiten, wie ein Hacker ein Snapchat-Konto hacken kann, daher ist es wichtig, alle Sicherheitsoptionen zu nutzen, einschlie\u00dflich der zweistufigen Authentifizierung. Wenn Ihr Snapchat-Konto trotz aller Sicherheitsvorkehrungen immer noch von einem Hacker gehackt wird, sind wir hier, um Ihnen auf alle m\u00f6glichen Arten zu helfen. Snapchat Konto Hacker zu vermieten.<\/p>\n<h4>Professionelle Social Media Hacker anheuern<\/h4>\n<p>Es gibt viele Gr\u00fcnde, warum ein Unternehmen einen Hacker f\u00fcr soziale Medien einstellen m\u00f6chte. Vielleicht m\u00f6chte das Unternehmen seine Fangemeinde auf Social-Media-Plattformen vergr\u00f6\u00dfern, oder vielleicht braucht es Hilfe, um mehr Engagement f\u00fcr seine Beitr\u00e4ge zu erhalten. In jedem Fall kann die Beauftragung eines Hackers f\u00fcr soziale Medien eine gute M\u00f6glichkeit sein, Ihre Online-Pr\u00e4senz zu verbessern.<\/p>\n<p>Wenn Sie einen Hacker f\u00fcr soziale Medien einstellen, sollten Sie unbedingt darauf achten, dass Sie jemanden ausw\u00e4hlen, der in diesem Bereich erfahren und sachkundig ist.<\/p>\n<div id=\"attachment_5041\" style=\"width: 310px\" class=\"wp-caption alignnone\"><img fetchpriority=\"high\" decoding=\"async\" aria-describedby=\"caption-attachment-5041\" src=\"https:\/\/hireonlinehackers.com\/wp-content\/uploads\/2023\/09\/Professional-Snapchat-Hackers-for-Hire-300x169.jpg\" alt=\"Professionelle Snapchat-Hacker zum Mieten\" width=\"300\" height=\"169\"><p id=\"caption-attachment-5041\" class=\"wp-caption-text\">Professionelle Snapchat-Hacker zum Mieten<\/p><\/div>\n<h4>Social Media Account Hacker zu vermieten<\/h4>\n<p>Einige Unternehmen beauftragen Hacker, die Konten ihrer Konkurrenten in den sozialen Medien anzugreifen, um sich einen Vorteil zu verschaffen. Sie k\u00f6nnen dies tun, indem sie einen komplexen akademischen Jargon verwenden, den ihre Konkurrenten m\u00f6glicherweise nicht verstehen, was es f\u00fcr sie schwierig macht, zu reagieren. Au\u00dferdem kann der Hacker gef\u00e4lschte Nachrichten oder Bewertungen ver\u00f6ffentlichen, die den Ruf des Konkurrenten sch\u00e4digen k\u00f6nnten.<\/p>\n<p>Sind Sie daran interessiert, einen Hacker f\u00fcr jede Art von sicherem professionellem Hacking-Service zu engagieren? Dann sind Sie bei uns genau an der richtigen Adresse. Wir bieten Ihnen die besten Hacking-Dienste zu erschwinglichen Preisen je nach den Anforderungen des Kunden.<\/p>\n<h4>Warum Sie den Service von Social Media Account Hacker von uns in Anspruch nehmen<\/h4>\n<p>Unser Unternehmen verf\u00fcgt \u00fcber ein Team professioneller und erfahrener Fachleute, die Ihnen helfen k\u00f6nnen, jedes webbasierte Medienkonto zu hacken. Wir haben eine nachweisliche Erfolgsgeschichte. Und wir sind stolz darauf, dass wir Ihnen helfen k\u00f6nnen, die von Ihnen gew\u00fcnschten Ergebnisse zu erzielen. Wir wissen, dass Ihre Privatsph\u00e4re h\u00f6chste Priorit\u00e4t hat und werden Ihre Daten niemals an andere Personen weitergeben. Snapchat Account Hacker zu vermieten.<br><\/p>\n<h4><span contenteditable=\"true\">Einen Hacker f\u00fcr Snapchat anheuern<\/span><\/h4>\n<div>\n<h5>Unsere Expertise f\u00fcr professionelle Social Media Hacker<\/h5>\n<p>Wir sind eine zertifizierte Gruppe talentierter Hacker, die es sich zur Aufgabe gemacht hat, Sie zu beruhigen und die Sicherheit Ihres Computers zu erh\u00f6hen. In diesem Sinne, wenn Sie versuchen, moralische Cyber-K\u00fcnstler zu nutzen, k\u00f6nnen wir Ihnen mit Ihrem Anliegen helfen. Wenn Sie auf der Suche sind, schauen Sie sich an, was Sie brauchen, um einen ethischen Hacker zu engagieren.<\/p>\n<p>Unser Ansatz im Umgang mit der Verwaltung unterscheidet sich von dem anderer Unternehmen.<\/p>\n<h3>Snapchat Account Hacker zu vermieten<\/h3>\n<p>Unser Unternehmen verf\u00fcgt \u00fcber ein Team professioneller und erfahrener Experten, die Ihnen dabei helfen k\u00f6nnen, jedes Social-Media-Konto zu hacken. Wir haben eine nachweisliche Erfolgsbilanz. Und wir sch\u00e4tzen es, dass wir Ihnen helfen k\u00f6nnen, die gew\u00fcnschten Ergebnisse zu erzielen. Wir verstehen, dass Ihre Privatsph\u00e4re das wichtigste Anliegen ist und werden Ihre pers\u00f6nlichen Informationen niemals an Dritte weitergeben. Snapchat Account Hacker zu vermieten.<br><\/p>\n<\/div>\n<div>&nbsp;<\/div>\n<\/div>\n<\/div>\n<\/div>\n<\/div>\n<\/div>\n<\/div>\n<\/div>\n<p><img decoding=\"async\" data-src=\"https:\/\/hireonlinehackers.com\/wp-content\/uploads\/2023\/01\/5-star-300x158.jpg\" alt=\"Professionelle Hacker f\u00fcr Hire Services\" width=\"36\" height=\"19\" src=\"data:image\/svg+xml;base64,PHN2ZyB3aWR0aD0iMSIgaGVpZ2h0PSIxIiB4bWxucz0iaHR0cDovL3d3dy53My5vcmcvMjAwMC9zdmciPjwvc3ZnPg==\" class=\"lazyload\" style=\"--smush-placeholder-width: 36px; --smush-placeholder-aspect-ratio: 36\/19;\"><\/p>\n<\/div>\n<\/div>\n<p><\/p>\t\t\t\t\t\t\t\t<\/div>\n\t\t\t\t<\/div>\n\t\t\t\t\t<\/div>\n\t\t<\/div>\n\t\t\t\t\t<\/div>\n\t\t<\/section>\n\t\t\t\t<section class=\"elementor-section elementor-top-section elementor-element elementor-element-da4e662 elementor-section-boxed elementor-section-height-default elementor-section-height-default default-style\" data-id=\"da4e662\" data-element_type=\"section\" data-settings=\"{&quot;rt_color_sets&quot;:&quot;default-style&quot;}\">\n\t\t\t\t\t\t<div class=\"elementor-container elementor-column-gap-default\">\n\t\t\t\t\t<div class=\"elementor-column elementor-col-50 elementor-top-column elementor-element elementor-element-db924fe\" data-id=\"db924fe\" data-element_type=\"column\">\n\t\t\t<div class=\"elementor-widget-wrap elementor-element-populated\">\n\t\t\t\t\t\t<div class=\"elementor-element elementor-element-0485719 elementor-widget elementor-widget-image\" data-id=\"0485719\" data-element_type=\"widget\" data-widget_type=\"image.default\">\n\t\t\t\t<div class=\"elementor-widget-container\">\n\t\t\t\t\t\t\t\t\t\t\t\t\t\t\t<img decoding=\"async\" width=\"768\" height=\"288\" data-src=\"https:\/\/allhackerforhire.com\/wp-content\/uploads\/2022\/11\/Buy-Registered-Documents.jpg\" class=\"attachment-large size-large wp-image-4545 lazyload\" alt=\"Dark Web Hacker anheuern\" data-srcset=\"https:\/\/allhackerforhire.com\/wp-content\/uploads\/2022\/11\/Buy-Registered-Documents.jpg 768w, https:\/\/allhackerforhire.com\/wp-content\/uploads\/2022\/11\/Buy-Registered-Documents-300x113.jpg 300w, https:\/\/allhackerforhire.com\/wp-content\/uploads\/2022\/11\/Buy-Registered-Documents-600x225.jpg 600w\" data-sizes=\"(max-width: 768px) 100vw, 768px\" src=\"data:image\/svg+xml;base64,PHN2ZyB3aWR0aD0iMSIgaGVpZ2h0PSIxIiB4bWxucz0iaHR0cDovL3d3dy53My5vcmcvMjAwMC9zdmciPjwvc3ZnPg==\" style=\"--smush-placeholder-width: 768px; --smush-placeholder-aspect-ratio: 768\/288;\" \/>\t\t\t\t\t\t\t\t\t\t\t\t\t\t\t<\/div>\n\t\t\t\t<\/div>\n\t\t\t\t\t<\/div>\n\t\t<\/div>\n\t\t\t\t<div class=\"elementor-column elementor-col-50 elementor-top-column elementor-element elementor-element-bff131d\" data-id=\"bff131d\" data-element_type=\"column\">\n\t\t\t<div class=\"elementor-widget-wrap elementor-element-populated\">\n\t\t\t\t\t\t<div class=\"elementor-element elementor-element-db6bcbe elementor-widget elementor-widget-heading\" data-id=\"db6bcbe\" data-element_type=\"widget\" data-widget_type=\"heading.default\">\n\t\t\t\t<div class=\"elementor-widget-container\">\n\t\t\t\t\t<h2 class=\"elementor-heading-title elementor-size-default\">Jemanden f\u00fcr das Hacken von Snapchat bezahlen<\/h2>\t\t\t\t<\/div>\n\t\t\t\t<\/div>\n\t\t\t\t\t<\/div>\n\t\t<\/div>\n\t\t\t\t\t<\/div>\n\t\t<\/section>\n\t\t\t\t<\/div>","protected":false},"excerpt":{"rendered":"<p>Snapchat-Hacker zum Mieten Wir bieten einen professionellen Snapchat-Hacking-Service, mit dem Sie einen Hacker f\u00fcr Snapchat mieten k\u00f6nnen. Unser erfahrenes Team kann Ihnen dabei helfen, ein verlorenes oder gehacktes Snapchat-Konto wiederherzustellen. Bezahlen Sie jemanden, um Snapchat zu hacken und erhalten Sie mit unserem zuverl\u00e4ssigen und sicheren Service wieder Zugang zu Ihrem Konto. Wir sind professionelle Snapchat [...]<\/p>","protected":false},"author":1,"featured_media":5038,"parent":0,"menu_order":0,"comment_status":"closed","ping_status":"open","template":"","meta":{"_acf_changed":false,"footnotes":""},"class_list":["post-5037","page","type-page","status-publish","has-post-thumbnail","hentry"],"acf":[],"_links":{"self":[{"href":"https:\/\/allhackerforhire.com\/de\/wp-json\/wp\/v2\/pages\/5037","targetHints":{"allow":["GET"]}}],"collection":[{"href":"https:\/\/allhackerforhire.com\/de\/wp-json\/wp\/v2\/pages"}],"about":[{"href":"https:\/\/allhackerforhire.com\/de\/wp-json\/wp\/v2\/types\/page"}],"author":[{"embeddable":true,"href":"https:\/\/allhackerforhire.com\/de\/wp-json\/wp\/v2\/users\/1"}],"replies":[{"embeddable":true,"href":"https:\/\/allhackerforhire.com\/de\/wp-json\/wp\/v2\/comments?post=5037"}],"version-history":[{"count":13,"href":"https:\/\/allhackerforhire.com\/de\/wp-json\/wp\/v2\/pages\/5037\/revisions"}],"predecessor-version":[{"id":5168,"href":"https:\/\/allhackerforhire.com\/de\/wp-json\/wp\/v2\/pages\/5037\/revisions\/5168"}],"wp:featuredmedia":[{"embeddable":true,"href":"https:\/\/allhackerforhire.com\/de\/wp-json\/wp\/v2\/media\/5038"}],"wp:attachment":[{"href":"https:\/\/allhackerforhire.com\/de\/wp-json\/wp\/v2\/media?parent=5037"}],"curies":[{"name":"wp","href":"https:\/\/api.w.org\/{rel}","templated":true}]}}