{"id":3,"date":"2022-09-30T13:36:44","date_gmt":"2022-09-30T13:36:44","guid":{"rendered":"https:\/\/buylegitpassport.com\/?page_id=3"},"modified":"2024-07-02T22:34:31","modified_gmt":"2024-07-02T22:34:31","slug":"hackers-profesionales-para-contratar","status":"publish","type":"page","link":"https:\/\/allhackerforhire.com\/es\/hackers-profesionales-para-contratar\/","title":{"rendered":"Pol\u00edtica de privacidad"},"content":{"rendered":"<div data-elementor-type=\"wp-page\" data-elementor-id=\"3\" class=\"elementor elementor-3\">\n\t\t\t\t\t\t<section class=\"elementor-section elementor-top-section elementor-element elementor-element-21ed0537 elementor-section-boxed elementor-section-height-default elementor-section-height-default default-style\" data-id=\"21ed0537\" data-element_type=\"section\" data-settings=\"{&quot;rt_color_sets&quot;:&quot;default-style&quot;}\">\n\t\t\t\t\t\t<div class=\"elementor-container elementor-column-gap-default\">\n\t\t\t\t\t<div class=\"elementor-column elementor-col-100 elementor-top-column elementor-element elementor-element-320524c5\" data-id=\"320524c5\" data-element_type=\"column\">\n\t\t\t<div class=\"elementor-widget-wrap elementor-element-populated\">\n\t\t\t\t\t\t<div class=\"elementor-element elementor-element-15f4f884 elementor-widget elementor-widget-text-editor\" data-id=\"15f4f884\" data-element_type=\"widget\" data-widget_type=\"text-editor.default\">\n\t\t\t\t<div class=\"elementor-widget-container\">\n\t\t\t\t\t\t\t\t\t<p><\/p>\n<h2 class=\"wp-block-heading\">Hackers profesionales de alquiler<\/h2>\n<p><\/p>\n<div data-id=\"45a8c67\" data-element_type=\"widget\" data-widget_type=\"text-editor.default\">\n<div>\n<div data-id=\"68dc6d6\" data-element_type=\"widget\" data-widget_type=\"text-editor.default\">\n<div>\n<div>\n<div>\n<p>\u00a9 <strong>Contratar hackers en l\u00ednea<\/strong> le guiar\u00e1 y supervisar\u00e1 todo el proceso de b\u00fasqueda, contrataci\u00f3n, explicaci\u00f3n, negociaci\u00f3n y pago de los hackers de la web oscura. Hackers profesionales de alquiler.<br>Como nosotros somos el intermediario, usted nunca interact\u00faa directamente con el pirata inform\u00e1tico, ni administrativa ni econ\u00f3micamente; no hay ning\u00fan v\u00ednculo que le conduzca a usted. Hackers \u00e9ticos certificados<a href=\"https:\/\/duckduckgo.com\/\" target=\"_blank\" rel=\"noopener\">.<\/a> <span contenteditable=\"true\">Hackers profesionales de alquiler.<\/span><\/p>\n<h3><span contenteditable=\"true\">Encontrar hackers profesionales<\/span><\/h3>\n<p>Esto le ofrece una capa de protecci\u00f3n que le protege contra cualquier aplicaci\u00f3n de la ley, el propio objetivo y, s\u00ed, incluso el hacker de la web oscura que nunca conoce la identidad del cliente original. Trabajar a trav\u00e9s de un manipulador es la forma m\u00e1s segura de contratar cualquier trabajo en la sombra hoy en d\u00eda. Contrata a un hacker \u00e9tico.<br>Tenga la seguridad de que, como cliente nuestro, siempre estar\u00e1 en total seguridad y permanecer\u00e1 en el anonimato. Le aseguramos que el trabajo se realiza a tiempo y correctamente, que los fondos se transfieren sin problemas y que todo se ejecuta tal y como se acord\u00f3 en un principio. C\u00f3mo contratar a un <a href=\"https:\/\/allhackerforhire.com\/es\/\">hacker \u00e9tico<\/a> en l\u00ednea<\/p>\n<h3>Consultas sobre reclamaciones y recuperaci\u00f3n de activos<\/h3>\n<p>Nuestros expertos en litigios comerciales pueden ayudar a particulares y empresas que crean haber sido v\u00edctimas de un fraude a recuperar los activos perdidos como consecuencia de la estafa, tanto en el pa\u00eds como en el extranjero. Tambi\u00e9n representamos a clientes acusados de fraude, garantizando la salvaguarda de sus activos y derechos durante un conflicto legal. P\u00f3ngase en contacto con nosotros para obtener ayuda con cualquier elemento de la recuperaci\u00f3n de activos. Los mejores hackers para contratar en EE.UU.<\/p>\n<h4>Nuestra filosof\u00eda<\/h4>\n<p>Protegi\u00e9ndole contra el fraude cibern\u00e9tico y las p\u00e9rdidas monetarias. Nuestros expertos en litigios comerciales pueden ayudar a particulares y empresas que crean haber sido v\u00edctimas de un fraude a recuperar los activos perdidos como consecuencia de la estafa, tanto en el pa\u00eds como en el extranjero. <span contenteditable=\"true\">Alquile un hacker profesional. P<\/span><span contenteditable=\"true\">hackers profesionales de alquiler.<\/span><\/p>\n<div id=\"attachment_5018\" style=\"width: 310px\" class=\"wp-caption aligncenter\"><img fetchpriority=\"high\" decoding=\"async\" aria-describedby=\"caption-attachment-5018\" src=\"https:\/\/hireonlinehackers.com\/wp-content\/uploads\/2023\/09\/traxer-No9sjMu5zpA-unsplash-1-300x200.jpg\" alt=\"Hackers profesionales de alquiler\" width=\"300\" height=\"200\"><p id=\"caption-attachment-5018\" class=\"wp-caption-text\">Hackers profesionales de alquiler<\/p><\/div>\n<h4>\u00bfNuestro objetivo?<\/h4>\n<p>Nuestro objetivo es sencillo: trabajaremos con usted para que recupere su dinero lo antes posible, utilizando algoritmos avanzados y formas estrat\u00e9gicas que nos ayuden a recuperar sus p\u00e9rdidas. P\u00f3ngase en contacto con nosotros hoy mismo para hablar de su reclamaci\u00f3n. <span contenteditable=\"true\">Hackers profesionales de alquiler.<\/span><\/p>\n<p><\/p>\n<h3>Hackers profesionales que trabajan juntos para ofrecer el mejor servicio posible a nuestros clientes.<\/h3>\n<p>Para proporcionarle los mejores e inigualables servicios de hacking, nuestro equipo de hackers expertos utiliza la tecnolog\u00eda m\u00e1s puntera. Como organizaci\u00f3n de alquiler de hackers profesionales, proporcionamos a nuestros clientes los mejores hackers \u00e9ticos certificados disponibles, as\u00ed como la habilidad y el m\u00e1ximo secreto y confidencialidad.<br>Trabajamos duro para entender sus necesidades y desarrollar soluciones que las satisfagan. Para desarrollar nuevas formas de entrar en bases de datos y redes, mejoramos regularmente nuestras herramientas, estrategias y enfoques de ataque.<\/p>\n<p><img decoding=\"async\" data-src=\"https:\/\/hireonlinehackers.com\/wp-content\/uploads\/2023\/01\/5-star-300x158.jpg\" alt=\"Servicios de hacker profesional de alquiler\" width=\"66\" height=\"35\" src=\"data:image\/svg+xml;base64,PHN2ZyB3aWR0aD0iMSIgaGVpZ2h0PSIxIiB4bWxucz0iaHR0cDovL3d3dy53My5vcmcvMjAwMC9zdmciPjwvc3ZnPg==\" class=\"lazyload\" style=\"--smush-placeholder-width: 66px; --smush-placeholder-aspect-ratio: 66\/35;\"><\/p>\n<h3>Contratar a un hacker profesional<\/h3>\n<p>Contratar a un hacker con el esp\u00eda cibern\u00e9tico Hacking Services, que es la mejor soluci\u00f3n para los servicios de espionaje m\u00f3vil y seguridad en Internet. Su acceso ser\u00e1 seguro y an\u00f3nimo con contratar un servicio de hacker.<\/p>\n<p>Con los mejores hackers profesionales, proporcionamos el mejor servicio de espionaje telef\u00f3nico. Nuestros hackers profesionales son entrenados con hackers senior altamente profesionales que tienen un nivel de \u00e9tica muy alto.<\/p>\n<p>Todos los hackers telef\u00f3nicos son especialistas y tienen una amplia experiencia pr\u00e1ctica con cursos de formaci\u00f3n avanzada.<br>No dude en alquilar un hacker. <span contenteditable=\"true\">P<\/span><span contenteditable=\"true\">hackers profesionales de alquiler.<\/span><\/p>\n<p>M\u00e1s de un mill\u00f3n de padres y personas contratan hackers para proteger sus relaciones. Puede rastrear ubicaciones, llamadas, mensajes, registros, keylogger, medios de comunicaci\u00f3n social, y mucho m\u00e1s. Est\u00e1 basado en la web y 100% seguro y protegido. El hacking es ilegal. Sin embargo, el hacking \u00e9tico est\u00e1 aceptado. Hoy en d\u00eda, la seguridad y la seguridad son necesarios contra los ataques cibern\u00e9ticos, por lo que aqu\u00ed estamos disponibles para resolver sus problemas con los hackers reales.<\/p>\n<h4>Alquilar un hacker para servicios de espionaje telef\u00f3nico<\/h4>\n<p>Somos un equipo de hackers \u00e9ticos m\u00e1s profesionales, que proporcionan el mejor servicio de pirater\u00eda telef\u00f3nica para usted. Una de las situaciones m\u00e1s dif\u00edciles viene en la vida cuando alguien rompe la confianza.  Cuando un c\u00f3nyuge est\u00e1 enga\u00f1ando durante el per\u00edodo de relaci\u00f3n, es dif\u00edcil continuar. Los mejores hackers para contratar en Internet. <span contenteditable=\"true\">P<\/span><span contenteditable=\"true\">hackers profesionales de alquiler.<\/span><\/p>\n<h4>Alquilar un hacker profesional<\/h4>\n<p>Aqu\u00ed venimos con nuestro servicio de espionaje telef\u00f3nico. Puede contratar f\u00e1cilmente a un hacker y vigilar las actividades de su pareja. Con esto, usted puede reunir pruebas suficientes para denunciar tal situaci\u00f3n a amigos, familiares, o la corte para un cambio. Siempre creemos en la transparencia, por lo que todos nuestros servicios vienen con la seguridad de devoluci\u00f3n de dinero. En cualquier momento, si usted no recibe el servicio le devolveremos el pago completo. Esto construye nuestra larga relaci\u00f3n.<\/p>\n<h3>Servicios de hacker profesional de alquiler<\/h3>\n<div><a href=\"https:\/\/allhackerforhire.com\/es\/\">Contratar hackers en l\u00ednea<\/a> es la organizaci\u00f3n l\u00edder de Hire Ethical Hackers con los mejores Hackers competentes. \u00a1Estamos bien entrenados, certificados, y los hackers competentes! \u00a1Estamos en condiciones de satisfacer nuestras garant\u00edas para ofrecer los mejores servicios de hacker-for-hire! <br>Estamos ofreciendo la mejor Hacker alquiler competente. Es f\u00e1cil para los servicios de hacking \u00e9tico.  \u00a1Recuerde que no hay malicia en la solicitud de hackers para contratar el servicio! Si usted necesita para conseguir algo logrado, usted debe dar un paso adelante y solicitarlo ...<\/div>\n<div>\n<h3>&nbsp;<\/h3>\n<\/div>\n<div>\n<h3>Los mejores hackers de alquiler<\/h3>\n<p>Infiltrados silenciosos son Hackers profesionales que est\u00e1n constantemente preparados para servirle en cualquier momento. Somos la mayor\u00eda de la gente de confianza esp\u00eda del tel\u00e9fono de alquiler que prestan servicios de alquiler de hackers competentes. Como la primera Ethical Hacker for Hire organizaciones a nivel mundial, prestamos una excelente capacidad para obtener cualquier informaci\u00f3n en Internet. Pruebas de penetraci\u00f3n y servicio de monitoreo para el servicio de hacking \u00e9tico. <span contenteditable=\"true\">P<\/span><span contenteditable=\"true\">hackers profesionales de alquiler.<\/span><\/p>\n<p>Tenemos un experto grupo mundial de hackers certificados, que son especialistas en campos extraordinarios de hacking. Usted puede sin duda \u00e9tica hacking en l\u00ednea poni\u00e9ndose en contacto con nosotros y un hacker profesional de nuestro equipo de hackers capacitados y entrenados ser\u00e1 asignado para conseguir su trabajo hecho dentro de un corto per\u00edodo de tiempo.<\/p>\n<p>Las mejores capacidades para hackear cualquier ordenador, hackear notas universitarias. <span contenteditable=\"true\">Contrata a un hacker profesional.<\/span><\/p>\n<h4>\u00bfC\u00f3mo contratar a un hacker de la Dark Web?<\/h4>\n<p>Nuestro experto en ciberseguridad puede proporcionarle servicios de hacking \u00e9tico, dark web<a href=\"https:\/\/www.bing.com\/\" target=\"_blank\" rel=\"noopener\">,<\/a> y hackers de sombrero gris, que puedes contratar f\u00e1cilmente. <span contenteditable=\"true\">P<\/span><span contenteditable=\"true\">hackers profesionales de alquiler.<\/span><\/p>\n<p>Si usted est\u00e1 buscando para contratar a un experto hacker de sombrero gris. Usted puede encontrar un confiable para sus necesidades de hacking, en primer lugar, usted debe darse cuenta de d\u00f3nde buscar y encontrar un hacker \u00e9tico certificado.<\/p>\n<p>Hay numerosas organizaciones de hackers, que no invierten la energ\u00eda extra que deber\u00edan contratar a un hacker cerca de m\u00ed para satisfacer las expectativas de los clientes. <span contenteditable=\"true\">Contrata a un hacker profesional.<\/span><\/p>\n<p>Algunos individuos piensan que pueden contratar a un hacker cerca de ellos por nada yendo a trav\u00e9s de un agente privado. Esto no es recomendable porque los cargos son gal\u00e1cticos y pueden ser desviados si se hace por un individuo brillante.<\/p>\n<\/div>\n<\/div>\n<\/div>\n<\/div>\n<\/div>\n<p><img decoding=\"async\" data-src=\"https:\/\/hireonlinehackers.com\/wp-content\/uploads\/2023\/01\/5-star-300x158.jpg\" alt=\"Servicios de hacker profesional de alquiler\" width=\"36\" height=\"19\" src=\"data:image\/svg+xml;base64,PHN2ZyB3aWR0aD0iMSIgaGVpZ2h0PSIxIiB4bWxucz0iaHR0cDovL3d3dy53My5vcmcvMjAwMC9zdmciPjwvc3ZnPg==\" class=\"lazyload\" style=\"--smush-placeholder-width: 36px; --smush-placeholder-aspect-ratio: 36\/19;\"><\/p>\n<\/div>\n<\/div>\n<p><\/p>\t\t\t\t\t\t\t\t<\/div>\n\t\t\t\t<\/div>\n\t\t\t\t\t<\/div>\n\t\t<\/div>\n\t\t\t\t\t<\/div>\n\t\t<\/section>\n\t\t\t\t<section class=\"elementor-section elementor-top-section elementor-element elementor-element-da4e662 elementor-section-boxed elementor-section-height-default elementor-section-height-default default-style\" data-id=\"da4e662\" data-element_type=\"section\" data-settings=\"{&quot;rt_color_sets&quot;:&quot;default-style&quot;}\">\n\t\t\t\t\t\t<div class=\"elementor-container elementor-column-gap-default\">\n\t\t\t\t\t<div class=\"elementor-column elementor-col-50 elementor-top-column elementor-element elementor-element-db924fe\" data-id=\"db924fe\" data-element_type=\"column\">\n\t\t\t<div class=\"elementor-widget-wrap elementor-element-populated\">\n\t\t\t\t\t\t<div class=\"elementor-element elementor-element-0485719 elementor-widget elementor-widget-image\" data-id=\"0485719\" data-element_type=\"widget\" data-widget_type=\"image.default\">\n\t\t\t\t<div class=\"elementor-widget-container\">\n\t\t\t\t\t\t\t\t\t\t\t\t\t\t\t<img decoding=\"async\" width=\"768\" height=\"288\" data-src=\"https:\/\/allhackerforhire.com\/wp-content\/uploads\/2022\/11\/Buy-Registered-Documents.jpg\" class=\"attachment-large size-large wp-image-4545 lazyload\" alt=\"Contratar hackers de la Dark Web\" data-srcset=\"https:\/\/allhackerforhire.com\/wp-content\/uploads\/2022\/11\/Buy-Registered-Documents.jpg 768w, https:\/\/allhackerforhire.com\/wp-content\/uploads\/2022\/11\/Buy-Registered-Documents-300x113.jpg 300w, https:\/\/allhackerforhire.com\/wp-content\/uploads\/2022\/11\/Buy-Registered-Documents-600x225.jpg 600w\" data-sizes=\"(max-width: 768px) 100vw, 768px\" src=\"data:image\/svg+xml;base64,PHN2ZyB3aWR0aD0iMSIgaGVpZ2h0PSIxIiB4bWxucz0iaHR0cDovL3d3dy53My5vcmcvMjAwMC9zdmciPjwvc3ZnPg==\" style=\"--smush-placeholder-width: 768px; --smush-placeholder-aspect-ratio: 768\/288;\" \/>\t\t\t\t\t\t\t\t\t\t\t\t\t\t\t<\/div>\n\t\t\t\t<\/div>\n\t\t\t\t\t<\/div>\n\t\t<\/div>\n\t\t\t\t<div class=\"elementor-column elementor-col-50 elementor-top-column elementor-element elementor-element-bff131d\" data-id=\"bff131d\" data-element_type=\"column\">\n\t\t\t<div class=\"elementor-widget-wrap elementor-element-populated\">\n\t\t\t\t\t\t<div class=\"elementor-element elementor-element-db6bcbe elementor-widget elementor-widget-heading\" data-id=\"db6bcbe\" data-element_type=\"widget\" data-widget_type=\"heading.default\">\n\t\t\t\t<div class=\"elementor-widget-container\">\n\t\t\t\t\t<h2 class=\"elementor-heading-title elementor-size-default\"><span class=\"tagify__tag-text\">Contratar hackers de la Dark Web<\/span><\/h2>\t\t\t\t<\/div>\n\t\t\t\t<\/div>\n\t\t\t\t\t<\/div>\n\t\t<\/div>\n\t\t\t\t\t<\/div>\n\t\t<\/section>\n\t\t\t\t<\/div>","protected":false},"excerpt":{"rendered":"<p>Professional Hackers For Hire \u00a9 Hire Online Hackers services le guiar\u00e1 y supervisar\u00e1 todo el proceso de b\u00fasqueda, contrataci\u00f3n, explicaci\u00f3n, negociaci\u00f3n y pago de los hackers de la web oscura. Como nosotros somos el intermediario, usted nunca interact\u00faa directamente con el hacker, ni administrativa ni financieramente; no hay ning\u00fan v\u00ednculo que le lleve a usted. [...]<\/p>","protected":false},"author":1,"featured_media":4993,"parent":0,"menu_order":0,"comment_status":"closed","ping_status":"open","template":"","meta":{"_acf_changed":false,"footnotes":""},"class_list":["post-3","page","type-page","status-publish","has-post-thumbnail","hentry"],"acf":[],"_links":{"self":[{"href":"https:\/\/allhackerforhire.com\/es\/wp-json\/wp\/v2\/pages\/3","targetHints":{"allow":["GET"]}}],"collection":[{"href":"https:\/\/allhackerforhire.com\/es\/wp-json\/wp\/v2\/pages"}],"about":[{"href":"https:\/\/allhackerforhire.com\/es\/wp-json\/wp\/v2\/types\/page"}],"author":[{"embeddable":true,"href":"https:\/\/allhackerforhire.com\/es\/wp-json\/wp\/v2\/users\/1"}],"replies":[{"embeddable":true,"href":"https:\/\/allhackerforhire.com\/es\/wp-json\/wp\/v2\/comments?post=3"}],"version-history":[{"count":55,"href":"https:\/\/allhackerforhire.com\/es\/wp-json\/wp\/v2\/pages\/3\/revisions"}],"predecessor-version":[{"id":5159,"href":"https:\/\/allhackerforhire.com\/es\/wp-json\/wp\/v2\/pages\/3\/revisions\/5159"}],"wp:featuredmedia":[{"embeddable":true,"href":"https:\/\/allhackerforhire.com\/es\/wp-json\/wp\/v2\/media\/4993"}],"wp:attachment":[{"href":"https:\/\/allhackerforhire.com\/es\/wp-json\/wp\/v2\/media?parent=3"}],"curies":[{"name":"wp","href":"https:\/\/api.w.org\/{rel}","templated":true}]}}