{"id":40,"date":"2010-08-23T19:14:50","date_gmt":"2010-08-23T19:14:50","guid":{"rendered":"http:\/\/rttheme10.templatemints.com\/?page_id=40"},"modified":"2025-11-16T10:32:59","modified_gmt":"2025-11-16T10:32:59","slug":"contratar-a-un-hacker","status":"publish","type":"page","link":"https:\/\/allhackerforhire.com\/es\/contratar-a-un-hacker\/","title":{"rendered":"P\u00f3ngase en contacto con nosotros"},"content":{"rendered":"<h1>CONTRATA A UN HACKER<\/h1>\n<h2>Alquilar un hacker en l\u00ednea | Alquilar un hacker | Alquilar un hacker<\/h2>\n<p>Contrata a un Hacker Honesto y Dedicado a Cumplir con el Servicio de Hacking Asignado. Resultados Asegurados del Servicio de Hacking. Nuestros hackers de alquiler son honestos, dedicados y apasionados por su trabajo, pueden cruzar cualquier nivel de hacking para conseguir el \u00e9xito en el hacking. Pronta respuesta de Hacker Find Dark Web Hacker responde dentro de los 30 minutos.<\/p>\n<h3 data-rt-animate=\"animate\" data-rt-animation-type=\"fade\" data-rt-animation-group=\"single\">CONTACTO<\/h3>\n<h3>Hackers de confianza de alquiler<\/h3>\n<div><span style=\"color: #ff0000;\"><strong>ALL8hfh@protonmail.ch<\/strong><\/span><\/div>\n<h2><strong>Hackers inform\u00e1ticos clandestinos de alquiler<\/strong><\/h2>\n<p>Estamos contratar a un hacker proveedores de servicios y ofrecer exclusiva confianza Cibern\u00e9tica \u00c9tica Expertos en todo el mundo. Aqu\u00ed usted puede encontrar la amplia gama de expertos en l\u00ednea disponibles. 24 * 7 de atenci\u00f3n al cliente en l\u00ednea. Contratar Expertos Cibern\u00e9ticos profesionales 24\/7 en cualquier momento.<\/p>\n<p>Nuestros mejores servicios de expertos cibern\u00e9ticos le ofrecen, Tel\u00e9fono hackeado Rescate, Medios de Comunicaci\u00f3n Social Comprometida Contrase\u00f1a Recuperaci\u00f3n, Recuperaci\u00f3n de los fondos de Crypto estafa de inversi\u00f3n, Transferencia Bancaria Fraude Rastreo, difamaci\u00f3n o art\u00edculos falsos de Internet, Blog Posts o revisi\u00f3n falsa Presentaci\u00f3n de informes y Remoci\u00f3n, Recuperaci\u00f3n de sitios web hackeados o comprometidos, y muchos m\u00e1s servicios en los que se encuentran indefensos y son capaces de encontrar ninguna otra manera de seguir adelante.<\/p>\n<p>Si no est\u00e1 seguro de qu\u00e9 servicio necesita pero tiene un problema listo para que se lo resolvamos, tendr\u00e1 que tomar la iniciativa de solicitarlo:<\/p>\n<ol>\n<li>Spy and Monitor es una de las mejores organizaciones de hackers \u00e9ticos a sueldo.<\/li>\n<li>Contrate a hackers extremadamente bien formados, certificados y profesionales.<\/li>\n<li>Alquile un hacker capaz de cumplir sus promesas.<\/li>\n<li>Nuestro punto fuerte es la confianza y la responsabilidad.<\/li>\n<\/ol>\n<p>Generamos confianza para todos los clientes. No dude en ponerse en contacto con nosotros. Para cualquier consulta, p\u00f3ngase en contacto con nuestro\u00a0<b>Ciberexpertos profesionales<\/b>, Nuestro equipo profesional y de gran talento le responder\u00e1 lo antes posible. Contratar a un hacker en l\u00ednea.<\/p>\n<p>Usted puede encontrar la soluci\u00f3n a todos los problemas aqu\u00ed como alguien Hacking Facebook, Recuperaci\u00f3n de contrase\u00f1a, Instagram Hacker, WhatsApp, Snapchat Hacker, Correo electr\u00f3nico, o el ordenador o usted sospecha que alguien est\u00e1 monitoreando su tel\u00e9fono, obtener una soluci\u00f3n a su problema de expertos cibern\u00e9ticos especializados.<\/p>\n<p>Tenemos m\u00e1s de 100 expertos cibern\u00e9ticos profesionales y nos aseguramos de que est\u00e1 100% seguro y seguro durante la contrataci\u00f3n de un hacker en l\u00ednea de nosotros. La confianza es nuestra primera arma. \u00a1As\u00ed que no te preocupes! Entregamos nuestros servicios de un mont\u00f3n de clientes en todo el mundo. No exponemos sus datos personales a nadie.<\/p>\n<p><img decoding=\"async\" data-src=\"https:\/\/hireonlinehackers.com\/wp-content\/uploads\/2023\/01\/5-star-300x158.jpg\" alt=\"Servicios de hacker profesional de alquiler\" width=\"53\" height=\"28\" src=\"data:image\/svg+xml;base64,PHN2ZyB3aWR0aD0iMSIgaGVpZ2h0PSIxIiB4bWxucz0iaHR0cDovL3d3dy53My5vcmcvMjAwMC9zdmciPjwvc3ZnPg==\" class=\"lazyload\" style=\"--smush-placeholder-width: 53px; --smush-placeholder-aspect-ratio: 53\/28;\" \/><\/p>\n<h3 data-rt-animate=\"animate\" data-rt-animation-type=\"fade\" data-rt-animation-group=\"single\">SATISFACCI\u00d3N GARANTIZADA.<\/h3>\n<h2>Hackers profesionales de alquiler<\/h2>\n<h3>Servicios de supervisi\u00f3n telef\u00f3nica<\/h3>\n<p>Ofrecemos un servicio completo de monitorizaci\u00f3n de tel\u00e9fonos m\u00f3viles para su n\u00famero objetivo utilizando tecnolog\u00eda de vanguardia que le permitir\u00e1 controlar todos los aspectos del dispositivo. \u00a1Monitoreo de pareja infiel est\u00e1 disponible a su servicio! Hacker de alquiler.<\/p>\n<h3>Servicios de recuperaci\u00f3n de contrase\u00f1as<\/h3>\n<p>Te daremos acceso a la cuenta completa para que puedas leer todos los mensajes entrantes y salientes. Tambi\u00e9n ver\u00e1 los \u00faltimos mensajes borrados. Verdaderos hackers de alquiler.<\/p>\n<p><img decoding=\"async\" data-src=\"https:\/\/hireonlinehackers.com\/wp-content\/uploads\/2023\/01\/5-star-300x158.jpg\" alt=\"Servicios de hacker profesional de alquiler\" width=\"66\" height=\"35\" src=\"data:image\/svg+xml;base64,PHN2ZyB3aWR0aD0iMSIgaGVpZ2h0PSIxIiB4bWxucz0iaHR0cDovL3d3dy53My5vcmcvMjAwMC9zdmciPjwvc3ZnPg==\" class=\"lazyload\" style=\"--smush-placeholder-width: 66px; --smush-placeholder-aspect-ratio: 66\/35;\" \/><\/p>\n<h3>Servicios de penetraci\u00f3n en las redes sociales<\/h3>\n<p>Te entregaremos admisi\u00f3n a diferentes cuentas de redes sociales como Messenger, Whatsapp, Instagram, Snapchat, Telegram, etc. Monitor discretamente sin advertir a su objetivo. Ahora usted puede contratar a los medios de comunicaci\u00f3n social cibern\u00e9ticos expertos \u00e9ticos de nosotros. Contratar a un hacker.<\/p>\n<h2><strong>Los mejores ciberhackers \u00e9ticos<\/strong><\/h2>\n<p>Expertos cibern\u00e9ticos profesionales est\u00e1n siempre dispuestos a proporcionar el mejor servicio de hacking para usted. Somos profesionales de la pirater\u00eda proveedores de servicios en los Estados Unidos. Usted puede explorar f\u00e1cilmente con\u00a0<b>hackers de alquiler<\/b>. Como principal soporte de Ethical Hacker for Hire en el mundo, Spy and Monitor ofrece los mejores expertos cibern\u00e9ticos en l\u00ednea en todo el mundo.<\/p>\n<p>Contamos con un equipo global especializado de m\u00e1s de 100 expertos cibern\u00e9ticos altamente experimentados, donde podr\u00e1\u00a0<a href=\"https:\/\/allhackerforhire.com\/es\/contratar-a-un-hacker\/\">contacto hackers online<\/a>, que son expertos en prados superiores. Nuestros mejores hackers son contratados en l\u00ednea liderando numerosas pruebas en vivo de nivel; una vez que se prueban a s\u00ed mismos, pueden unirse a nuestro equipo superior.<a href=\"https:\/\/duckduckgo.com\/\" target=\"_blank\" rel=\"noopener\">.<\/a> Contrata a un hacker para cualquier tipo de trabajo.<\/p>\n<p>\u2713 Contrata ciberexpertos profesionales para servicios de vigilancia telef\u00f3nica<\/p>\n<p>\u2713 Contrataci\u00f3n de hackers cibern\u00e9ticos \u00e9ticos para la vigilancia de parejas \/ c\u00f3nyuges no \u00e9ticos<\/p>\n<p>\u2713 Contratar Hackers para Recuperar la Estafa de la Cripto Inversi\u00f3n<\/p>\n<p>\u2713 Contrata ciberprofesionales \u00e9ticos para la penetraci\u00f3n en redes sociales<\/p>\n<p><img decoding=\"async\" data-src=\"https:\/\/buylegitpassport.com\/wp-content\/uploads\/2022\/11\/5-star-2-300x158.jpg\" alt=\"Contratar a un hacker\" width=\"70\" height=\"37\" src=\"data:image\/svg+xml;base64,PHN2ZyB3aWR0aD0iMSIgaGVpZ2h0PSIxIiB4bWxucz0iaHR0cDovL3d3dy53My5vcmcvMjAwMC9zdmciPjwvc3ZnPg==\" class=\"lazyload\" style=\"--smush-placeholder-width: 70px; --smush-placeholder-aspect-ratio: 70\/37;\" \/><\/p>\n<section data-id=\"785fc72\" data-element_type=\"section\" data-settings=\"{&quot;background_background&quot;:&quot;classic&quot;}\">\n<h2><strong>QUI\u00c9NES SOMOS<\/strong><\/h2>\n<p>Nuestros hackers a contratar son profesionales, experimentados, extraordinarios, y extremadamente talentosos. La mayor\u00eda de nuestros Expertos Cibern\u00e9ticos \u00c9ticos trabajaron durante m\u00e1s de 15 a\u00f1os para diferentes clientes y agencias en el campo de la Penetraci\u00f3n de Redes Sociales, Recuperaci\u00f3n de Fondos de Sitios Web o empresas estafadoras, Inversi\u00f3n en Cripto o Bitcoin, y Gesti\u00f3n de Datos, y la mayor\u00eda, si no todos, tienen conocimiento de trabajar para empresas que dan forma a diferentes configuraciones de seguridad para diferentes aplicaciones. Haber trabajado para estas empresas da a nuestros hackers profesionales una ventaja y una visi\u00f3n completa de c\u00f3mo funciona la seguridad para diversas aplicaciones.<\/p>\n<h2><strong>QU\u00c9 HACEMOS<\/strong><\/h2>\n<p>Somos profesionales en todos los campos. Somos especialistas en monitorizaci\u00f3n telef\u00f3nica y proporcionamos servicios completos de monitorizaci\u00f3n telef\u00f3nica a nuestros clientes que regularmente lo necesitan para sus hijos o situaciones como la sospecha de un c\u00f3nyuge infiel o socios de negocios, etc. Esto no es lo \u00fanico que hacemos, sin embargo, s\u00f3lo tienes que rellenar nuestro formulario de contacto y podemos discutir sus necesidades y ofrecerle una soluci\u00f3n adecuada.<\/p>\n<h2><strong>HACKER DE ALQUILER<\/strong><\/h2>\n<p>Contrate a nuestros Hackers que est\u00e1n Dedicados a la excelencia. Hay situaciones una vez que usted considera emplear a un novato; sin embargo, espera para hacerse con un hacker. No dude en ponerse en contacto con nosotros, y podemos ofrecerle un servicio espec\u00edfico de hacker de alquiler. A continuaci\u00f3n se enumeran un par de los hacker m\u00e1s caliente para los proveedores de alquiler. Contratar a un hacker.<\/p>\n<h3>\u00bfCu\u00e1nto cuesta contratar a un hacker?<\/h3>\n<p>El coste de contratar a un hacker puede variar mucho en funci\u00f3n del tipo de trabajo que necesite, el nivel de experiencia del hacker y el tiempo necesario para completar la tarea. Contratar a un hacker puede costar desde unos pocos hasta miles de d\u00f3lares.<\/p>\n<p>Quiz\u00e1 se pregunte si contratar a un hacker es ilegal. S\u00ed, es importante tener en cuenta que contratar a un hacker es ilegal en la mayor\u00eda de los pa\u00edses y puede tener graves consecuencias legales.<\/p>\n<h2>Nuestros servicios de pirateo<\/h2>\n<ol>\n<li>Servicio de vigilancia de tel\u00e9fonos m\u00f3viles<\/li>\n<li>Ciberexpertos en medios sociales<\/li>\n<li>Pruebas de penetraci\u00f3n en sitios web<\/li>\n<li>Investigaci\u00f3n del c\u00f3nyuge infiel<\/li>\n<li>Servicios de supervisi\u00f3n inform\u00e1tica en la nube<\/li>\n<li>Anulaci\u00f3n de transferencias bancarias<\/li>\n<li>Fraude Bitcoin Recuperaci\u00f3n de fondos de inversi\u00f3n<\/li>\n<\/ol>\n<\/section>","protected":false},"excerpt":{"rendered":"<p>HIRE A HACKER Hire A Hacker Online | Rent A Hacker | Rent a Hacker Hire a Hacker Who is Honest and Dedicated To Fulfilling the Hacking Service Assigned. Assured Hacking Service Results. Our hackers for hire are honest, dedicated, and passionate about their work, they can cross any level of hacking to get success [&hellip;]<\/p>","protected":false},"author":1,"featured_media":0,"parent":0,"menu_order":0,"comment_status":"open","ping_status":"closed","template":"builder-ready.php","meta":{"_acf_changed":false,"footnotes":""},"class_list":["post-40","page","type-page","status-publish","hentry"],"acf":[],"_links":{"self":[{"href":"https:\/\/allhackerforhire.com\/es\/wp-json\/wp\/v2\/pages\/40","targetHints":{"allow":["GET"]}}],"collection":[{"href":"https:\/\/allhackerforhire.com\/es\/wp-json\/wp\/v2\/pages"}],"about":[{"href":"https:\/\/allhackerforhire.com\/es\/wp-json\/wp\/v2\/types\/page"}],"author":[{"embeddable":true,"href":"https:\/\/allhackerforhire.com\/es\/wp-json\/wp\/v2\/users\/1"}],"replies":[{"embeddable":true,"href":"https:\/\/allhackerforhire.com\/es\/wp-json\/wp\/v2\/comments?post=40"}],"version-history":[{"count":104,"href":"https:\/\/allhackerforhire.com\/es\/wp-json\/wp\/v2\/pages\/40\/revisions"}],"predecessor-version":[{"id":5858,"href":"https:\/\/allhackerforhire.com\/es\/wp-json\/wp\/v2\/pages\/40\/revisions\/5858"}],"wp:attachment":[{"href":"https:\/\/allhackerforhire.com\/es\/wp-json\/wp\/v2\/media?parent=40"}],"curies":[{"name":"wp","href":"https:\/\/api.w.org\/{rel}","templated":true}]}}