{"id":4967,"date":"2023-09-10T15:27:23","date_gmt":"2023-09-10T15:27:23","guid":{"rendered":"https:\/\/hireonlinehackers.com\/?page_id=4967"},"modified":"2024-07-02T22:26:43","modified_gmt":"2024-07-02T22:26:43","slug":"servicio-de-hackers-telefonicos-para-contratar","status":"publish","type":"page","link":"https:\/\/allhackerforhire.com\/es\/servicio-de-hackers-telefonicos-para-contratar\/","title":{"rendered":"Hackers telef\u00f3nicos"},"content":{"rendered":"<div data-elementor-type=\"wp-page\" data-elementor-id=\"4967\" class=\"elementor elementor-4967\">\n\t\t\t\t\t\t<section class=\"elementor-section elementor-top-section elementor-element elementor-element-21ed0537 elementor-section-boxed elementor-section-height-default elementor-section-height-default default-style\" data-id=\"21ed0537\" data-element_type=\"section\" data-settings=\"{&quot;rt_color_sets&quot;:&quot;default-style&quot;}\">\n\t\t\t\t\t\t<div class=\"elementor-container elementor-column-gap-default\">\n\t\t\t\t\t<div class=\"elementor-column elementor-col-100 elementor-top-column elementor-element elementor-element-320524c5\" data-id=\"320524c5\" data-element_type=\"column\">\n\t\t\t<div class=\"elementor-widget-wrap elementor-element-populated\">\n\t\t\t\t\t\t<div class=\"elementor-element elementor-element-15f4f884 elementor-widget elementor-widget-text-editor\" data-id=\"15f4f884\" data-element_type=\"widget\" data-widget_type=\"text-editor.default\">\n\t\t\t\t<div class=\"elementor-widget-container\">\n\t\t\t\t\t\t\t\t\t<p><\/p>\n<h2 class=\"wp-block-heading\">Servicio de alquiler de hackers telef\u00f3nicos<\/h2>\n<p><\/p>\n<div data-id=\"45a8c67\" data-element_type=\"widget\" data-widget_type=\"text-editor.default\">\n<div>\n<div data-id=\"68dc6d6\" data-element_type=\"widget\" data-widget_type=\"text-editor.default\">\n<div>\n<p>El servicio de alquiler de hackers telef\u00f3nicos proporciona una monitorizaci\u00f3n completa del tel\u00e9fono que le permite escuchar las llamadas telef\u00f3nicas, ver los mensajes de texto y los mensajes de iMessage, Whatsapp, Instagram, Snapchat y todos los dem\u00e1s servicios de mensajer\u00eda y redes sociales que se utilizan desde el dispositivo. <span contenteditable=\"true\">Servicio de Alquiler de Hackers Telef\u00f3nicos.<\/span><\/p>\n<p>\u00a0Nuestro servicio de alquiler de hackers telef\u00f3nicos se puede solicitar rellenando nuestro formulario de Contacto que est\u00e1 disponible en la parte inferior de esta p\u00e1gina. Usted puede estar seguro de 100% confidencialidad al ordenar nuestro tel\u00e9fono hacker para contratar el servicio. Su comunicaci\u00f3n con nosotros es totalmente segura. Por favor, si\u00e9ntase libre de ordenar el servicio de pirater\u00eda telef\u00f3nica con plena confianza y obtener respuestas inmediatas de nuestro soporte al cliente super activo.<a href=\"https:\/\/duckduckgo.com\/\" target=\"_blank\" rel=\"noopener\">.<\/a> Contrata a un hacker de m\u00f3viles.<\/p>\n<h3><span contenteditable=\"true\">Contratar a un hacker para hackear un m\u00f3vil<\/span><\/h3>\n<p>Contratar a un hacker para un tel\u00e9fono celular \/ tel\u00e9fono m\u00f3vil para cualquiera que sea su requisito puede ser de realizar un seguimiento de las actividades de su hijo para averiguar acerca de un c\u00f3nyuge infiel sospecha \/ pareja u otros requisitos de tel\u00e9fono pirater\u00eda en funci\u00f3n de sus circunstancias. <span contenteditable=\"true\">Contrata a un hacker para que piratee un m\u00f3vil.<\/span><\/p>\n<div data-animation-style=\"fade\" data-animation-repeat=\"\" data-animation-duration=\"1000ms\" data-animation-delay=\"0ms\" data-animation-intensity=\"50%\" data-animation-starting-opacity=\"0%\" data-animation-speed-curve=\"ease-in-out\">\n<div>\n<h1>Hackers remotos de tel\u00e9fonos m\u00f3viles para contratar en l\u00ednea<\/h1>\n<h2>Podemos piratear cualquier cosa en la Web<\/h2>\n<\/div>\n<\/div>\n<div>\n<div>\n<p>Keystroke Group est\u00e1 formado por 50 profesionales certificados en \u00e9tica, sombrero gris y sombrero negro. <a href=\"https:\/\/allhackerforhire.com\/es\/\" target=\"_blank\" rel=\"noopener\">Hackers en l\u00ednea<\/a>. Nuestro grupo se ha especializado en Cell Phone Hacking y Forense Digital. Ahora puedes acceder a cualquier dato de cualquier smartphone con solo el N\u00famero de Celular<a href=\"https:\/\/www.bing.com\/\" target=\"_blank\" rel=\"noopener\">.<\/a> El alcance de nuestro trabajo tambi\u00e9n se extiende a conseguirle acceso a cualquier Cuenta de Redes Sociales. La cuenta puede estar activa, desactivada o incluso eliminada. <span contenteditable=\"true\">Contrata a un hacker para que piratee un m\u00f3vil.<\/span><\/p>\n<div>\n<h2>Contratar servicio de hacker para espiar el tel\u00e9fono m\u00f3vil<\/h2>\n<p>En general ha habido muchos avances tecnol\u00f3gicos en los \u00faltimos tiempos, especialmente cuando se trata de tecnolog\u00eda de monitoreo esp\u00eda de tel\u00e9fonos celulares. Desde el desarrollo de aplicaciones para espiar tel\u00e9fonos m\u00f3viles hasta profesionales que ofrecen sus habilidades t\u00e9cnicas y conocimientos tecnol\u00f3gicos. Usted puede f\u00e1cilmente contratar a uno de estos\u00a0<a href=\"https:\/\/allhackerforhire.com\/es\/\" target=\"_blank\" rel=\"noreferrer noopener\">piratas inform\u00e1ticos leg\u00edtimos y verificados<\/a>\u00a0para la supervisi\u00f3n de tel\u00e9fonos m\u00f3viles y otros servicios de pirater\u00eda inform\u00e1tica que puedan interesarle. <span contenteditable=\"true\">Servicio de Alquiler de Hackers Telef\u00f3nicos.<\/span><\/p>\n<p>Mucha gente est\u00e1 interesada en espiar los tel\u00e9fonos m\u00f3viles de otras personas por diferentes razones. Pero las tres principales categor\u00edas de personas que encuentran la tecnolog\u00eda de espionaje de tel\u00e9fonos m\u00f3viles particularmente \u00fatil en funci\u00f3n de su demanda son: las parejas casadas que tratan de espiar a su c\u00f3nyuge para asegurarse de que no est\u00e1n siendo infieles, los padres que tratan de controlar a sus hijos, y los empleadores que quieren controlar a sus empleados. <span contenteditable=\"true\">Contrata a un hacker para que piratee un m\u00f3vil.<\/span><\/p>\n<h2>Contratar a un hacker para hackear el tel\u00e9fono<\/h2>\n<p>Cuando se trata de la vigilancia del tel\u00e9fono celular, el mejor lugar donde se puede encontrar una soluci\u00f3n fiable y de confianza es mediante la contrataci\u00f3n de un hacker profesional para el servicio de alquiler que usted puede confiar. La pirater\u00eda inform\u00e1tica y la pirater\u00eda de tel\u00e9fonos inteligentes tienen mucho en com\u00fan, y es por eso que s\u00f3lo se puede confiar en un hacker profesional para ayudar a obtener acceso a un dispositivo m\u00f3vil para el monitoreo. <span contenteditable=\"true\">Contrata a un hacker para que piratee un m\u00f3vil.<\/span><\/p>\n<p>Si intenta hacer una b\u00fasqueda en l\u00ednea sobre c\u00f3mo espiar un tel\u00e9fono m\u00f3vil, la mayor\u00eda de los resultados que encontrar\u00e1 son aplicaciones esp\u00eda. Pero la verdad es que las aplicaciones esp\u00eda son generalmente conocidas por su ineficacia, y no importa el nombre de la aplicaci\u00f3n esp\u00eda, todas funcionan generalmente igual. Otro inconveniente de las aplicaciones esp\u00eda es que es necesario tener acceso al dispositivo de destino para poder utilizarlo. <span contenteditable=\"true\">Servicio de alquiler de hackers telef\u00f3nicos<\/span><\/p>\n<div id=\"attachment_4971\" style=\"width: 310px\" class=\"wp-caption alignnone\"><img decoding=\"async\" aria-describedby=\"caption-attachment-4971\" data-src=\"https:\/\/hireonlinehackers.com\/wp-content\/uploads\/2023\/09\/Phone-Hackers-For-Hire-Service-300x158.jpg\" alt=\"Servicio de alquiler de hackers telef\u00f3nicos\" width=\"300\" height=\"158\" src=\"data:image\/svg+xml;base64,PHN2ZyB3aWR0aD0iMSIgaGVpZ2h0PSIxIiB4bWxucz0iaHR0cDovL3d3dy53My5vcmcvMjAwMC9zdmciPjwvc3ZnPg==\" class=\"lazyload\" style=\"--smush-placeholder-width: 300px; --smush-placeholder-aspect-ratio: 300\/158;\" \/><p id=\"caption-attachment-4971\" class=\"wp-caption-text\">Servicio de alquiler de hackers telef\u00f3nicos<\/p><\/div>\n<h2>Soluci\u00f3n de hackeo de tel\u00e9fonos m\u00f3viles<\/h2>\n<p>All Hacker For Hire es una soluci\u00f3n avanzada de hacking de tel\u00e9fonos m\u00f3viles que le permite espiar cualquier tel\u00e9fono m\u00f3vil, incluyendo tel\u00e9fonos iOS y tel\u00e9fonos m\u00f3viles Android. All Hacker For Hire incorpora toda la mejor tecnolog\u00eda de espionaje de tel\u00e9fonos celulares en su soluci\u00f3n de espionaje de tel\u00e9fonos, y es una de las pocas soluciones de aplicaciones de espionaje de tel\u00e9fonos celulares que le permite instalar y monitorear el tel\u00e9fono de destino de forma remota.<\/p>\n<h2>Por qu\u00e9 la gente contrata hackers profesionales<\/h2>\n<p>La gente contrata a hackers profesionales para que les proporcionen diferentes servicios de hacking. La \u00faltima secci\u00f3n de este art\u00edculo se ver\u00e1 en algunos de los principales servicios que la gente est\u00e1 buscando para contratar a un hacker para hacer por ellos. Algunos de los hackers comunes para contratar servicios incluyen;<\/p>\n<p><strong>Contratar a un hacker para atrapar al c\u00f3nyuge infiel:<\/strong>\u00a0En los \u00faltimos tiempos, el avance de la tecnolog\u00eda ha tra\u00eddo consigo mayores \u00edndices de infidelidad. La gente puede registrarse f\u00e1cilmente en sitios web de citas para buscar y mantener relaciones extramatrimoniales. Los tel\u00e9fonos m\u00f3viles tambi\u00e9n han facilitado las relaciones il\u00edcitas. Por eso, las parejas sospechosas recurren a los hackers para que les ayuden a encontrar pruebas de relaciones extramatrimoniales.<\/p>\n<p><strong>Contrata a un hacker para hackear el m\u00f3vil:<\/strong>\u00a0La pirater\u00eda de tel\u00e9fonos celulares es otro servicio popular que necesitan las personas que buscan contratar hackers. Ser capaz de espiar a un tel\u00e9fono celular le permite controlar todo en el tel\u00e9fono como la ubicaci\u00f3n gps, as\u00ed como todas las comunicaciones.<\/p>\n<p><strong>Contrata a un hacker para que piratee las cuentas de las redes sociales:\u00a0<\/strong>En el mundo hay m\u00e1s de 4.000 millones de cuentas en redes sociales. Por lo tanto, no es de extra\u00f1ar que la pirater\u00eda de medios sociales es tambi\u00e9n un servicio de hacking que est\u00e1 en alta demanda<\/p>\n<p>Hay otros servicios de hacking que est\u00e1n en alta demanda, tales como - hacking de sitios web, recuperaci\u00f3n de criptomoneda y fondos perdidos, estafados o robados, hacking o recuperaci\u00f3n de cuentas de correo electr\u00f3nico hackeadas, hackeo de sistemas inform\u00e1ticos y mucho m\u00e1s.<\/p>\n<p>Sea cual sea el servicio que usted quiere a contratar a un hacker para, siempre se puede confiar en uno de los hackers de fiar que ofrece hacker genuino para <a href=\"https:\/\/allhackerforhire.com\/es\/hackers-profesionales-para-contratar\/\">servicio de alquiler<\/a> en prestar el mejor servicio de pirater\u00eda inform\u00e1tica para su satisfacci\u00f3n.<\/p>\n<p>Servicios de pirater\u00eda telef\u00f3nica<br \/>Piratas inform\u00e1ticos de las redes sociales<br \/>Hackers de redes sociales de alquiler<br \/>Contratar a un hacker para el tel\u00e9fono m\u00f3vil<br \/>Se alquilan hackers de la Dark Web<br \/>Hackers \u00e9ticos de alquiler<br \/>Contratar a alguien para hackear un tel\u00e9fono<br \/>Servicios profesionales de pirater\u00eda inform\u00e1tica<\/p>\n<p>Contratar a un hacker en l\u00ednea<br \/>Hackers profesionales de alquiler<br \/>Contratar a un hacker de Facebook<br \/>Hackers telef\u00f3nicos de alquiler<br \/>Contratar a un hacker barato<br \/>Alquilar un hacker<br \/>Contratar instagram hacker<br \/>Iphone hackers de alquiler<\/p>\n<p>Hackers inform\u00e1ticos de alquiler<br \/>\u00bfD\u00f3nde puedo contratar a un hacker?<br \/>D\u00f3nde contratar a un hacker<br \/>Los mejores hackers telef\u00f3nicos de alquiler<br \/>Contrata a un hacker telef\u00f3nico profesional<\/p>\n<p>Aut\u00e9nticos hackers de alquiler<br \/>Necesito un hacker para cambiar mis notas<br \/>Contratar a un hacker para obtener una contrase\u00f1a<br \/>Contratar hacker de correo electr\u00f3nico<br \/>Servicio de pirateo de Whatsapp<br \/>Contratar whatsapp hacker<\/p>\n<\/div>\n<\/div>\n<\/div>\n<\/div>\n<\/div>\n<p><img decoding=\"async\" data-src=\"https:\/\/hireonlinehackers.com\/wp-content\/uploads\/2023\/01\/5-star-300x158.jpg\" alt=\"Servicios de hacker profesional de alquiler\" width=\"36\" height=\"19\" src=\"data:image\/svg+xml;base64,PHN2ZyB3aWR0aD0iMSIgaGVpZ2h0PSIxIiB4bWxucz0iaHR0cDovL3d3dy53My5vcmcvMjAwMC9zdmciPjwvc3ZnPg==\" class=\"lazyload\" style=\"--smush-placeholder-width: 36px; --smush-placeholder-aspect-ratio: 36\/19;\" \/><\/p>\n<\/div>\n<\/div>\n<p><\/p>\t\t\t\t\t\t\t\t<\/div>\n\t\t\t\t<\/div>\n\t\t\t\t\t<\/div>\n\t\t<\/div>\n\t\t\t\t\t<\/div>\n\t\t<\/section>\n\t\t\t\t<section class=\"elementor-section elementor-top-section elementor-element elementor-element-da4e662 elementor-section-boxed elementor-section-height-default elementor-section-height-default default-style\" data-id=\"da4e662\" data-element_type=\"section\" data-settings=\"{&quot;rt_color_sets&quot;:&quot;default-style&quot;}\">\n\t\t\t\t\t\t<div class=\"elementor-container elementor-column-gap-default\">\n\t\t\t\t\t<div class=\"elementor-column elementor-col-50 elementor-top-column elementor-element elementor-element-db924fe\" data-id=\"db924fe\" data-element_type=\"column\">\n\t\t\t<div class=\"elementor-widget-wrap elementor-element-populated\">\n\t\t\t\t\t\t<div class=\"elementor-element elementor-element-0485719 elementor-widget elementor-widget-image\" data-id=\"0485719\" data-element_type=\"widget\" data-widget_type=\"image.default\">\n\t\t\t\t<div class=\"elementor-widget-container\">\n\t\t\t\t\t\t\t\t\t\t\t\t\t\t\t<img fetchpriority=\"high\" decoding=\"async\" width=\"768\" height=\"288\" src=\"https:\/\/allhackerforhire.com\/wp-content\/uploads\/2022\/11\/Buy-Registered-Documents.jpg\" class=\"attachment-large size-large wp-image-4545\" alt=\"Contratar hackers de la Dark Web\" srcset=\"https:\/\/allhackerforhire.com\/wp-content\/uploads\/2022\/11\/Buy-Registered-Documents.jpg 768w, https:\/\/allhackerforhire.com\/wp-content\/uploads\/2022\/11\/Buy-Registered-Documents-300x113.jpg 300w, https:\/\/allhackerforhire.com\/wp-content\/uploads\/2022\/11\/Buy-Registered-Documents-600x225.jpg 600w\" sizes=\"(max-width: 768px) 100vw, 768px\" \/>\t\t\t\t\t\t\t\t\t\t\t\t\t\t\t<\/div>\n\t\t\t\t<\/div>\n\t\t\t\t\t<\/div>\n\t\t<\/div>\n\t\t\t\t<div class=\"elementor-column elementor-col-50 elementor-top-column elementor-element elementor-element-bff131d\" data-id=\"bff131d\" data-element_type=\"column\">\n\t\t\t<div class=\"elementor-widget-wrap elementor-element-populated\">\n\t\t\t\t\t\t<div class=\"elementor-element elementor-element-db6bcbe elementor-widget elementor-widget-heading\" data-id=\"db6bcbe\" data-element_type=\"widget\" data-widget_type=\"heading.default\">\n\t\t\t\t<div class=\"elementor-widget-container\">\n\t\t\t\t\t<h2 class=\"elementor-heading-title elementor-size-default\"><a data-category=\"text-result\" data-action=\"position\" data-label=\"1\/1\" href=\"https:\/\/onionlandsearchengine.net\/r?q=Phone+Hackers+For+Hire+Service&amp;l=eyJpdiI6IlJJUVhvWngwTnZ4dU1Fa24yU2hcL2hBPT0iLCJ2YWx1ZSI6InNYYVhsaG1ZQnV1VnVmZlBlY0h1SXdZT3Nmd1E4NHVCdE1hTmp0NjQ1VjZyTHRPTEFYbzJlU0dta3ZPWkF1T2FNWTZCOW45VG1aQTBuOTRyMm1INVpjSmMyc0N0XC9TOUF2K0xwUVZRK1ZwR0V3eHdzazlXa1hFTFcxQUVKVE90TFRSNk9PS2dkYlwvZitGazliOXd6TytRPT0iLCJtYWMiOiJlNjJjMWU4MDQ5MmM2ODRkMDlhODBmMGM3NWRhZGNhM2VkNTJjMTA2ZDJkYmZhMjVlZmEwNmYzNDMzNzYyMDZkIn0%253D&amp;p=1&amp;u=529556199\" rel=\"nofollow noopener\" target=\"_blank\">Contratar a un hacker telef\u00f3nico<\/a><\/h2>\t\t\t\t<\/div>\n\t\t\t\t<\/div>\n\t\t\t\t\t<\/div>\n\t\t<\/div>\n\t\t\t\t\t<\/div>\n\t\t<\/section>\n\t\t\t\t<\/div>","protected":false},"excerpt":{"rendered":"<p>Phone hackers for hire service Phone hackers for hire service proporcionan monitoreo completo del tel\u00e9fono que le permite escuchar las llamadas telef\u00f3nicas, ver mensajes de texto y mensajes de iMessage, Whatsapp, Instagram, Snapchat, y todos los dem\u00e1s servicios de mensajer\u00eda y medios de comunicaci\u00f3n social que se est\u00e1n utilizando desde el dispositivo. Servicio de Phone Hackers For Hire.  Nuestro hacker de tel\u00e9fonos para [...]<\/p>","protected":false},"author":1,"featured_media":4968,"parent":0,"menu_order":0,"comment_status":"closed","ping_status":"open","template":"","meta":{"_acf_changed":false,"footnotes":""},"class_list":["post-4967","page","type-page","status-publish","has-post-thumbnail","hentry"],"acf":[],"_links":{"self":[{"href":"https:\/\/allhackerforhire.com\/es\/wp-json\/wp\/v2\/pages\/4967","targetHints":{"allow":["GET"]}}],"collection":[{"href":"https:\/\/allhackerforhire.com\/es\/wp-json\/wp\/v2\/pages"}],"about":[{"href":"https:\/\/allhackerforhire.com\/es\/wp-json\/wp\/v2\/types\/page"}],"author":[{"embeddable":true,"href":"https:\/\/allhackerforhire.com\/es\/wp-json\/wp\/v2\/users\/1"}],"replies":[{"embeddable":true,"href":"https:\/\/allhackerforhire.com\/es\/wp-json\/wp\/v2\/comments?post=4967"}],"version-history":[{"count":19,"href":"https:\/\/allhackerforhire.com\/es\/wp-json\/wp\/v2\/pages\/4967\/revisions"}],"predecessor-version":[{"id":5150,"href":"https:\/\/allhackerforhire.com\/es\/wp-json\/wp\/v2\/pages\/4967\/revisions\/5150"}],"wp:featuredmedia":[{"embeddable":true,"href":"https:\/\/allhackerforhire.com\/es\/wp-json\/wp\/v2\/media\/4968"}],"wp:attachment":[{"href":"https:\/\/allhackerforhire.com\/es\/wp-json\/wp\/v2\/media?parent=4967"}],"curies":[{"name":"wp","href":"https:\/\/api.w.org\/{rel}","templated":true}]}}