{"id":4991,"date":"2023-09-10T16:41:53","date_gmt":"2023-09-10T16:41:53","guid":{"rendered":"https:\/\/hireonlinehackers.com\/?page_id=4991"},"modified":"2024-07-02T22:53:36","modified_gmt":"2024-07-02T22:53:36","slug":"contratar-hacker-de-whatsapp","status":"publish","type":"page","link":"https:\/\/allhackerforhire.com\/es\/contratar-hacker-de-whatsapp\/","title":{"rendered":"WhatsApp Hacker"},"content":{"rendered":"<div data-elementor-type=\"wp-page\" data-elementor-id=\"4991\" class=\"elementor elementor-4991\">\n\t\t\t\t\t\t<section class=\"elementor-section elementor-top-section elementor-element elementor-element-21ed0537 elementor-section-boxed elementor-section-height-default elementor-section-height-default default-style\" data-id=\"21ed0537\" data-element_type=\"section\" data-settings=\"{&quot;rt_color_sets&quot;:&quot;default-style&quot;}\">\n\t\t\t\t\t\t<div class=\"elementor-container elementor-column-gap-default\">\n\t\t\t\t\t<div class=\"elementor-column elementor-col-100 elementor-top-column elementor-element elementor-element-320524c5\" data-id=\"320524c5\" data-element_type=\"column\">\n\t\t\t<div class=\"elementor-widget-wrap elementor-element-populated\">\n\t\t\t\t\t\t<div class=\"elementor-element elementor-element-15f4f884 elementor-widget elementor-widget-text-editor\" data-id=\"15f4f884\" data-element_type=\"widget\" data-widget_type=\"text-editor.default\">\n\t\t\t\t<div class=\"elementor-widget-container\">\n\t\t\t\t\t\t\t\t\t<p><\/p>\n<h2 class=\"wp-block-heading\">WhatsApp Hacker de alquiler<\/h2>\n<p><\/p>\n<div data-id=\"45a8c67\" data-element_type=\"widget\" data-widget_type=\"text-editor.default\">\n<div>\n<div data-id=\"68dc6d6\" data-element_type=\"widget\" data-widget_type=\"text-editor.default\">\n<div>\n<p>Whatsapp hacker para el servicio de alquiler est\u00e1 disponible a precios razonables como un independiente WhatsApp hackear servicio, as\u00ed como una parte de un tel\u00e9fono hackear servicio que proporciona acceso a WhatsApp tambi\u00e9n. Nuestros precios son uno de los mejores en la industria y usted puede estar seguro de 100% confidencialidad y el secreto tanto de su comunicaci\u00f3n con nosotros y el servicio de hacking WhatsApp que ofrecemos y estar seguro de su intratabilidad en cualquier circunstancia.  Hacker de cuentas de WhatsApp en alquiler.<\/p>\n<p>WhatsApp hacker para el servicio de alquiler se puede proporcionar dentro de las 24 horas si es urgente para usted que lleva un peque\u00f1o recargo que se incluye en el precio. Si usted est\u00e1 dispuesto a esperar m\u00e1s tiempo, entonces usted puede pedir un descuento que ofrecemos para las solicitudes de servicios de hacking WhatsApp no prioritarios. <span contenteditable=\"true\">Contratar hackers de la Dark Web.<\/span><\/p>\n<h4>Hackear whats app<\/h4>\n<p>WhatsApp es un servicio ampliamente utilizado, especialmente en el Reino Unido y como se puede imaginar la mayor\u00eda de nuestras solicitudes de servicios de WhatsApp hacker para alquiler provienen del Reino Unido. Proporcionamos acceso completo a las cuentas de WhatsApp, incluyendo mensajes, im\u00e1genes y v\u00eddeos tanto enviados como recibidos, y tambi\u00e9n grabaciones de llamadas de voz y v\u00eddeo.<br \/>No dude en rellenar nuestro formulario de contacto para obtener m\u00e1s detalles y solicitar el servicio de pirateo de WhatsApp.<\/p>\n<div id=\"attachment_5000\" style=\"width: 310px\" class=\"wp-caption alignnone\"><img decoding=\"async\" aria-describedby=\"caption-attachment-5000\" data-src=\"https:\/\/hireonlinehackers.com\/wp-content\/uploads\/2023\/09\/WhatsApp-hacker-300x141.jpg\" alt=\"WhatsApp Hacker de alquiler\" width=\"300\" height=\"141\" src=\"data:image\/svg+xml;base64,PHN2ZyB3aWR0aD0iMSIgaGVpZ2h0PSIxIiB4bWxucz0iaHR0cDovL3d3dy53My5vcmcvMjAwMC9zdmciPjwvc3ZnPg==\" class=\"lazyload\" style=\"--smush-placeholder-width: 300px; --smush-placeholder-aspect-ratio: 300\/141;\" \/><p id=\"caption-attachment-5000\" class=\"wp-caption-text\">WhatsApp Hacker de alquiler<\/p><\/div>\n<h1>Contratar a un hacker para WhatsApp<\/h1>\n<p>Nuestra agencia proporciona todo tipo de servicios de hacking relacionados con WhatsApp con un historial y revisiones sucesivas.<\/p>\n<p>Todos los servicios en l\u00ednea se prestar\u00e1n a un precio barato y dentro del plazo establecido. Estas especialidades nos convierten en #1 en el mundo del hacking.<\/p>\n<p>As\u00ed que si usted est\u00e1 buscando para contratar a un hacker - WhatsApp en alquiler, entonces nuestra agencia es la mejor para usted.<\/p>\n<p>Compruebe por qu\u00e9 los servicios de hacking en l\u00ednea de nuestra agencia certificada de sombrero blanco son mejores que los de otros hackers \u00e9ticos certificados profesionalmente.<\/p>\n<h2>Consigue servicios de pirateo de WhatsApp a tiempo<\/h2>\n<p>En<br \/>Nuestro cliente elige un plan en funci\u00f3n de sus necesidades. Quieren algunas cualidades en ese tipo o agencia, a quien van a contratar en alquiler.<\/p>\n<p>Puede ser un precio barato para algunas personas porque el dinero importa para algunos individuos. Pero todo el mundo quiere que su tarea se complete muy r\u00e1pido y lo antes posible.<\/p>\n<div>\n<div>\n<h3>D\u00f3nde contratar un hacker para WhatsApp<\/h3>\n<\/div>\n<\/div>\n<p>La gente contrata a un hacker para WhatsApp porque necesitan todos los detalles para ello.<br \/>Est\u00e1n ansiosos por encontrar resultados tan r\u00e1pido como la velocidad de la luz.<\/p>\n<p>La velocidad de la luz no es posible para cualquier persona, pero le aseguramos que proporcionar servicios de hackeo WhatsApp a tiempo, que se le da a usted.<\/p>\n<div id=\"attachment_5005\" style=\"width: 310px\" class=\"wp-caption alignnone\"><img fetchpriority=\"high\" decoding=\"async\" aria-describedby=\"caption-attachment-5005\" src=\"https:\/\/hireonlinehackers.com\/wp-content\/uploads\/2023\/09\/Social-Media-Accounts-Hack-300x200.jpg\" alt=\" D\u00f3nde contratar un hacker para WhatsApp \" width=\"300\" height=\"200\" \/><p id=\"caption-attachment-5005\" class=\"wp-caption-text\"><br \/>D\u00f3nde contratar un hacker para WhatsApp<\/p><\/div>\n<h2>Contratar a un hacker de WhatsApp a un precio barato<\/h2>\n<p>Cuando acudes a hackers de sombrero blanco para servicios relacionados con el hackeo de WhatsApp,<br \/>pueden cobrar alrededor de $500 o tal vez m\u00e1s. Pero nuestra agencia cree en las relaciones a largo plazo.<\/p>\n<p>Por eso nuestra agencia ofrece WhatsApp profesional de sombrero blanco <a title=\"hacker en alquiler\" href=\"https:\/\/allhackerforhire.com\/es\/\">piratas inform\u00e1ticos <\/a><a href=\"https:\/\/allhackerforhire.com\/es\/contratar-a-un-hacker\/\" target=\"_blank\" rel=\"noopener\">en <\/a><a title=\"hacker en alquiler\" href=\"https:\/\/allhackerforhire.com\/es\/hackers-a-sueldo\/\">alquilar<\/a> a un precio muy barato. Tambi\u00e9n puedes comparar precios de otros recursos.<\/p>\n<h4>Hay algunos pasos antes de optar por los servicios de pirateo de WhatsApp.<\/h4>\n<ul>\n<li>Primero decide lo que quieres.<\/li>\n<li>A continuaci\u00f3n, consulte los precios en <a href=\"https:\/\/hireonlinehackers.com\/hire-a-hacker\/\" target=\"_blank\" rel=\"noopener\">el <\/a><a href=\"https:\/\/allhackerforhire.com\/es\/\">arroz<\/a> p\u00e1gina.<\/li>\n<li>Elija el paquete que m\u00e1s le convenga.<\/li>\n<li>Env\u00edenos todas sus consultas con todo detalle.<\/li>\n<li>Env\u00edenos un correo electr\u00f3nico o chatee con el servicio de asistencia.<\/li>\n<li>Si todo est\u00e1 claro con el equipo de asistencia, adelante.<\/li>\n<\/ul>\n<div>\n<h4>Los hackers profesionales se ponen en contacto con<\/h4>\n<\/div>\n<div>\n<div>\n<p><span data-preserver-spaces=\"true\">Whatsapp es una aplicaci\u00f3n de mensajer\u00eda gratuita para smartphones que actualmente pertenece a Facebook. Es una de las mayores<br \/>plataformas de medios sociales en l\u00ednea. La raz\u00f3n principal de que WhatsApp sea tan<br \/>popular se debe al grupo internacional de usuarios. La interfaz es f\u00e1cil<br \/>de entender, y los usuarios son m\u00e1s de 2 mil millones. Hacker de cuentas de WhatsApp en alquiler.<\/span><\/p>\n<h3>Se alquila hacker de cuentas de WhatsApp<\/h3>\n<p><span data-preserver-spaces=\"true\">Ya sea para uso personal o profesional, los usuarios se sienten m\u00e1s c\u00f3modos transmitiendo su informaci\u00f3n a trav\u00e9s de WhatsApp. La mensajer\u00eda cifrada de extremo a extremo lo ha hecho m\u00e1s popular y ha convencido a los usuarios a utilizarlo. Sin embargo, los trucos para hackear WhatsApp son posibles con los conocimientos suficientes. Los posibles trucos de hacking har\u00e1n que puedas acceder a la cuenta de alguien.  D\u00f3nde contratar un hacker para WhatsApp.<br \/><\/span><\/p>\n<h4><span data-preserver-spaces=\"true\">Hablaremos de c\u00f3mo hackear<\/span><\/h4>\n<p><span data-preserver-spaces=\"true\">Cuentas de Whatsapp a trav\u00e9s de hacking \u00e9tico en el resto del art\u00edculo. El hacking \u00e9tico es un m\u00e9todo seguro en el que se llegan a conocer los fallos del sistema para aumentar la seguridad. Tambi\u00e9n hablaremos de c\u00f3mo contratar a un hacker de WhatsApp online para espiar a alguien. Si eres un padre preocupado que quiere vigilar a sus hijos o un jefe que quiere controlar a los empleados, entonces conocer los trucos para enga\u00f1ar por Whatsapp es importante. <\/span>Contacto con hackers profesionales.<\/p>\n<h2><strong><span data-preserver-spaces=\"true\">C\u00f3mo sincronizar el dispositivo con un navegador web a trav\u00e9s de c\u00f3digo QR como un WhatsApp Hacking Trucos.<\/span><\/strong><\/h2>\n<p><span data-preserver-spaces=\"true\">El m\u00e9todo es bastante sencillo, y todo lo que necesitas es conseguir el m\u00f3vil del usuario objetivo. Una vez que tenga el m\u00f3vil de la v\u00edctima, entonces usted est\u00e1 todo listo para ir. Tenemos que utilizar el servicio \u2018WhatsApp Web en nuestro beneficio. Si quieres aprovechar el servicio, entra en \u201c<\/span><a href=\"https:\/\/web.whatsapp.com\" target=\"_blank\" rel=\"noopener\"><span data-preserver-spaces=\"true\">https:\/\/web.whatsapp.com<\/span><\/a><span data-preserver-spaces=\"true\">\u201d en su PC. Si desea utilizar un dispositivo m\u00f3vil, deber\u00e1 instalar un<br \/>aplicaci\u00f3n llamada \u2018Whatsapp Web\u2019. Ahora el proceso principal es el siguiente-<\/span><\/p>\n<ol>\n<li><span data-preserver-spaces=\"true\">Abra el modelo al que desea acceder a los mensajes: puede utilizar un PC o un dispositivo m\u00f3vil.<\/span><\/li>\n<li><span data-preserver-spaces=\"true\">Para acceder desde el PC, abra los navegadores web escribiendo \u201c<\/span><a href=\"https:\/\/web.whatsapp.com\" target=\"_blank\" rel=\"noopener\"><span data-preserver-spaces=\"true\">https:\/\/web.whatsapp.com<\/span><\/a><span data-preserver-spaces=\"true\">.\u201d<br \/>Se le pedir\u00e1 que escanee el c\u00f3digo QR dado en el sitio. Una vez escaneado<br \/>desde el m\u00f3vil de la v\u00edctima, marque la opci\u00f3n \u2018Mantenerme registrado\".<br \/>en\u201d.\u201d<\/span><\/li>\n<li><span data-preserver-spaces=\"true\">Para los usuarios de m\u00f3vil, abre la aplicaci\u00f3n WhatsApp Web.<\/span><\/li>\n<li><span data-preserver-spaces=\"true\">Escanea el c\u00f3digo QR desde la aplicaci\u00f3n m\u00f3vil del dispositivo de la v\u00edctima siguiendo - Men\u00fa WhatsApp-&gt;WhatsApp Web.<\/span><\/li>\n<\/ol>\n<p><span data-preserver-spaces=\"true\">Ahora, al haber iniciado sesi\u00f3n, tendr\u00e1s acceso a todos los mensajes y archivos. Sin embargo, la conversaci\u00f3n o texto eliminado no se mostrar\u00e1 en la interfaz del usuario. La nota m\u00e1s importante de este m\u00e9todo es tener el dispositivo m\u00f3vil del usuario objetivo. El m\u00e9todo no tendr\u00e1 \u00e9xito si el dispositivo m\u00f3vil de la v\u00edctima no est\u00e1 presente con usted.<\/span><\/p>\n<h2><strong><span data-preserver-spaces=\"true\">C\u00f3mo hackear conversaciones de WhatsApp usando WSP 3.0<\/span><\/strong><\/h2>\n<p><span data-preserver-spaces=\"true\">Con este m\u00e9todo, ver\u00e1s todos los chats y conversaciones del usuario objetivo. Debe utilizar<br \/>WhatsApp Scan Pro (WSP). Puede descargar el archivo APK, que est\u00e1 disponible en l\u00ednea. El WSP funciona como malware. Contiene un virus adjunto junto con la foto que vas a enviar al usuario objetivo.<\/span><\/p>\n<p><span data-preserver-spaces=\"true\">La v\u00edctima cae en la trampa si hace clic en la foto enviada. Para ello es necesario enviar una foto que intrigue a la v\u00edctima para que haga clic en ella. Cuando la v\u00edctima abra la foto, el virus se introducir\u00e1 autom\u00e1ticamente en el dispositivo.<\/span><\/p>\n<h4><span data-preserver-spaces=\"true\">Hackers aut\u00f3nomos de alquiler<br \/><\/span><\/h4>\n<p><span data-preserver-spaces=\"true\">\u00a0El WSP ayuda a bloquear las actividades de puerta trasera en el marco y conectar con el hacker. A medida que el hacker obtiene acceso, se escanean los c\u00f3digos QR desde el mensajero m\u00f3vil objetivo.<\/span><\/p>\n<p><span data-preserver-spaces=\"true\">El c\u00f3digo se cambia cada 10 segundos. Sin embargo, el hacker puede monitorizar el proceso continuamente. El hacker<br \/>obtiene acceso a la sesi\u00f3n de la v\u00edctima instant\u00e1neamente una vez que la conexi\u00f3n es<br \/>establecido.\u00a0<\/span><\/p>\n<p><span data-preserver-spaces=\"true\">Hay que tener en cuenta que la conexi\u00f3n a Internet debe ser estable y r\u00e1pida.<\/span><\/p>\n<h4><strong><span data-preserver-spaces=\"true\">C\u00f3mo hackear WhatsApp exportando el historial de chat\u00a0\u00a0<\/span><\/strong><\/h4>\n<p><span data-preserver-spaces=\"true\">Esta es la forma m\u00e1s r\u00e1pida de hackear<br \/>WhatsApp del usuario objetivo. Este truco para hackear WhatsApp es bastante similar al primer m\u00e9todo mencionado en el art\u00edculo. El proceso es el siguiente-<\/span><\/p>\n<ol>\n<li><span data-preserver-spaces=\"true\">Tome el dispositivo m\u00f3vil de la v\u00edctima y abra la aplicaci\u00f3n WhatsApp.<\/span><\/li>\n<li><span data-preserver-spaces=\"true\">Haga clic en el icono Men\u00fa. El icono son tres puntos verticales en la parte superior de la interfaz de la aplicaci\u00f3n.<\/span><\/li>\n<li><span data-preserver-spaces=\"true\">Ahora haz clic en Configuraci\u00f3n -&gt;Chats -&gt; Historial de chat -&gt; Exportar chat ( con o sin historial multimedia, como prefieras )<\/span><\/li>\n<li><span data-preserver-spaces=\"true\">Abre Gmail y escribe la direcci\u00f3n de correo electr\u00f3nico que deseas enviar.\u00a0<\/span><\/li>\n<li><span data-preserver-spaces=\"true\">Haga clic en Exportar\u00a0<\/span><\/li>\n<\/ol>\n<p><span data-preserver-spaces=\"true\">El archivo (formato de texto), incluido el archivo multimedia (si se ha elegido), se cargar\u00e1 en el correo. Pulse \u2018Enviar\u2019 para completar la tarea. Puede recoger el archivo ahora o m\u00e1s tarde desde el correo.\u00a0<\/span><\/p>\n<p>Conoce m\u00e1s trucos sobre - Contratar a un hacker \u00e9tico para hackear una cuenta de WhatsApp.<\/p>\n<h5><strong><span data-preserver-spaces=\"true\">C\u00f3mo contratar hackers para hackear cuentas de WhatsApp\u00a0<\/span><\/strong><\/h5>\n<p><span data-preserver-spaces=\"true\">No es recomendable contratar a un hacker para hackear la cuenta de WhatsApp de alguien. La raz\u00f3n principal es que muchos<br \/>veces puede ser una estafa. Muchas personas se han quejado de no haber recibido el servicio a pesar de que se les hab\u00eda cobrado el importe \u00edntegro. Elegir esta opci\u00f3n puede ser un atajo para ti, ya que no tienes que implicarte en el proceso de pirateo. Pero los riesgos tambi\u00e9n son altos.<\/span><\/p>\n<p><span data-preserver-spaces=\"true\">Algunos de los sitios cobrar\u00e1n una buena cantidad si no hay garant\u00eda de no ser estafado. Visite<br \/>el servicio teniendo en cuenta todos los riesgos posibles. Pero la pirater\u00eda leg\u00edtima<br \/>pueden hacer el trabajo por usted sin ning\u00fan tipo de estafa.<\/span><\/p>\n<p><span data-preserver-spaces=\"true\">\u00a0Si est\u00e1 convencido de que quiere contratar a un hacker, siga este enlace y p\u00f3ngase en contacto: <\/span><a href=\"https:\/\/allhackerforhire.com\/es\/\" target=\"_blank\" rel=\"noopener\">Allhackerforhire.com<\/a><span data-preserver-spaces=\"true\"> Aqu\u00ed obtendr\u00e1 el servicio deseado seg\u00fan lo prometido aunque el pago no ser\u00e1 barato.\u00a0<\/span><\/p>\n<h4><span data-preserver-spaces=\"true\">Se trata de los siguientes WhatsApp<\/span><\/h4>\n<p><span data-preserver-spaces=\"true\">Trucos de hacking que puedes probar por ti mismo. Es mejor no utilizar los m\u00e9todos para cualquier actividad ilegal. M\u00e1s bien utilizar esta informaci\u00f3n como una precauci\u00f3n que se puede implementar para aumentar la seguridad de su cuenta. Pero si usted sospecha de alguien que usted conoce que podr\u00eda estar involucrado en actos il\u00edcitos. Entonces utiliza estos m\u00e9todos para espiarlos y rastrear sus actividades.<\/span><\/p>\n<\/div>\n<\/div>\n<\/div>\n<\/div>\n<h3>Whatsapp Hack Online<\/h3>\n<p>\u00bfEst\u00e1 buscando para hackear los mensajes de WhatsApp de su amigo o novia, audio y videos en l\u00ednea? Si s\u00ed, entonces est\u00e1s en el lugar correcto Usted puede hackear cualquier parientes, o amigos\u2019 Mensajes de WhatsApp aqu\u00ed y la parte principal de esto es que usted puede hacerlo de forma gratuita. As\u00ed que ahora vamos a ver c\u00f3mo podemos hackear WhatsApp en l\u00ednea y c\u00f3mo podemos broma a nuestros amigos y familiares, mostrando sus propios mensajes a ellos. Tenga en cuenta que esta es una herramienta premium, pero disponible de forma gratuita en nuestro sitio web para que pueda disfrutar de nuestro servicio gratuito. Freelance hackers de alquiler.<\/p>\n<h4>Pasos \u00bfC\u00f3mo podemos hackear WhatsApp online?<\/h4>\n<p>Hay 3 opciones disponibles en la parte superior de nuestro sitio web que es obligatorio rellenar.<\/p>\n<p>\u00a0\u00a0\u00a0 En la primera columna, introduzca el n\u00famero de tel\u00e9fono de la v\u00edctima que desea piratear (con el prefijo del pa\u00eds).<br \/>\u00a0\u00a0\u00a0 En la segunda columna seleccione lo que desea hackear Hay 4 opciones disponibles mensajes, audio, videos, y todos los datos que puede seleccionar cualquier opci\u00f3n 1 de estos cuatro. Cuenta de WhatsApp Hacker de alquiler.<\/p>\n<h4><span tabindex=\"0\" role=\"textbox\" contenteditable=\"true\" data-placeholder=\"Example: Rank Math SEO\" aria-placeholder=\"Example: Rank Math SEO\" aria-autocomplete=\"both\" aria-multiline=\"false\">Contratar WhatsApp Hacker en l\u00ednea<\/span><\/h4>\n<p>\u00a0\u00a0\u00a0 En la tercera columna seleccione donde desea ver los datos hackeados Hay 2 opciones disponibles su l\u00ednea o descargado como un zip para mostrar sin conexi\u00f3n. Puede seleccionar cualquier opci\u00f3n de esta columna.<\/p>\n<p>\u00a0\u00a0\u00a0 Despu\u00e9s de llenar toda la informaci\u00f3n, haga clic en el bot\u00f3n Hack Now y el siguiente progreso se llevar\u00e1 a cabo por nuestro sistema. Se va a generar c\u00f3digos hash y comprobar la base de datos de WhatsApp y luego se le mostrar\u00e1 el resultado hackeado.<br \/>\u00a0\u00a0\u00a0 El \u00faltimo paso es descargar o ver archivos hackeados en este paso que hackear para demostrar que eres un ser humano, no un robot s\u00f3lo demostrar que al completar una oferta simple. Hacker de cuentas de WhatsApp en alquiler.<\/p>\n<h4><a href=\"http:\/\/google.com\" target=\"_blank\" rel=\"noopener\">Contrata a alguien para que piratee una cuenta de WhatsApp<\/a><\/h4>\n<p>Wow ahora usted tiene acceso a sus datos hackeados Puede ver los mensajes, audio y videos en l\u00ednea o fuera de l\u00ednea de forma gratuita. Uno m\u00e1s por favor ayude a nuestro sitio web compartiendo en Facebook Google Plus y otros sitios de medios sociales. Nota- Usted puede hackear s\u00f3lo un n\u00famero de una IP. Usted puede ver la prueba hackeado en la imagen de abajo. \u00a1DISFRUTA! Cuenta de WhatsApp Hacker de alquiler.<\/p>\n<p><img decoding=\"async\" data-src=\"https:\/\/hireonlinehackers.com\/wp-content\/uploads\/2023\/01\/5-star-300x158.jpg\" alt=\"Servicios de hacker profesional de alquiler\" width=\"36\" height=\"19\" src=\"data:image\/svg+xml;base64,PHN2ZyB3aWR0aD0iMSIgaGVpZ2h0PSIxIiB4bWxucz0iaHR0cDovL3d3dy53My5vcmcvMjAwMC9zdmciPjwvc3ZnPg==\" class=\"lazyload\" style=\"--smush-placeholder-width: 36px; --smush-placeholder-aspect-ratio: 36\/19;\" \/><\/p>\n<\/div>\n<\/div>\n<p><\/p>\t\t\t\t\t\t\t\t<\/div>\n\t\t\t\t<\/div>\n\t\t\t\t\t<\/div>\n\t\t<\/div>\n\t\t\t\t\t<\/div>\n\t\t<\/section>\n\t\t\t\t<section class=\"elementor-section elementor-top-section elementor-element elementor-element-da4e662 elementor-section-boxed elementor-section-height-default elementor-section-height-default default-style\" data-id=\"da4e662\" data-element_type=\"section\" data-settings=\"{&quot;rt_color_sets&quot;:&quot;default-style&quot;}\">\n\t\t\t\t\t\t<div class=\"elementor-container elementor-column-gap-default\">\n\t\t\t\t\t<div class=\"elementor-column elementor-col-50 elementor-top-column elementor-element elementor-element-db924fe\" data-id=\"db924fe\" data-element_type=\"column\">\n\t\t\t<div class=\"elementor-widget-wrap elementor-element-populated\">\n\t\t\t\t\t\t<div class=\"elementor-element elementor-element-0485719 elementor-widget elementor-widget-image\" data-id=\"0485719\" data-element_type=\"widget\" data-widget_type=\"image.default\">\n\t\t\t\t<div class=\"elementor-widget-container\">\n\t\t\t\t\t\t\t\t\t\t\t\t\t\t\t<img decoding=\"async\" width=\"768\" height=\"288\" data-src=\"https:\/\/allhackerforhire.com\/wp-content\/uploads\/2022\/11\/Buy-Registered-Documents.jpg\" class=\"attachment-large size-large wp-image-4545 lazyload\" alt=\"Contratar hackers de la Dark Web\" data-srcset=\"https:\/\/allhackerforhire.com\/wp-content\/uploads\/2022\/11\/Buy-Registered-Documents.jpg 768w, https:\/\/allhackerforhire.com\/wp-content\/uploads\/2022\/11\/Buy-Registered-Documents-300x113.jpg 300w, https:\/\/allhackerforhire.com\/wp-content\/uploads\/2022\/11\/Buy-Registered-Documents-600x225.jpg 600w\" data-sizes=\"(max-width: 768px) 100vw, 768px\" src=\"data:image\/svg+xml;base64,PHN2ZyB3aWR0aD0iMSIgaGVpZ2h0PSIxIiB4bWxucz0iaHR0cDovL3d3dy53My5vcmcvMjAwMC9zdmciPjwvc3ZnPg==\" style=\"--smush-placeholder-width: 768px; --smush-placeholder-aspect-ratio: 768\/288;\" \/>\t\t\t\t\t\t\t\t\t\t\t\t\t\t\t<\/div>\n\t\t\t\t<\/div>\n\t\t\t\t\t<\/div>\n\t\t<\/div>\n\t\t\t\t<div class=\"elementor-column elementor-col-50 elementor-top-column elementor-element elementor-element-bff131d\" data-id=\"bff131d\" data-element_type=\"column\">\n\t\t\t<div class=\"elementor-widget-wrap elementor-element-populated\">\n\t\t\t\t\t\t<div class=\"elementor-element elementor-element-db6bcbe elementor-widget elementor-widget-heading\" data-id=\"db6bcbe\" data-element_type=\"widget\" data-widget_type=\"heading.default\">\n\t\t\t\t<div class=\"elementor-widget-container\">\n\t\t\t\t\t<h2 class=\"elementor-heading-title elementor-size-default\"><span class=\"tagify__tag-text\">Contratar hackers de la Dark Web<\/span><\/h2>\t\t\t\t<\/div>\n\t\t\t\t<\/div>\n\t\t\t\t\t<\/div>\n\t\t<\/div>\n\t\t\t\t\t<\/div>\n\t\t<\/section>\n\t\t\t\t<\/div>","protected":false},"excerpt":{"rendered":"<p>WhatsApp Hacker For Hire Whatsapp hacker for hire service is available at reasonable prices as a standalone WhatsApp hack service as well as a part of a phone hacking service that provides access to WhatsApp as well. Our prices are one of the best in the industry and you can be assured of 100% confidentiality [&hellip;]<\/p>","protected":false},"author":1,"featured_media":4986,"parent":0,"menu_order":0,"comment_status":"closed","ping_status":"open","template":"","meta":{"_acf_changed":false,"footnotes":""},"class_list":["post-4991","page","type-page","status-publish","has-post-thumbnail","hentry"],"acf":[],"_links":{"self":[{"href":"https:\/\/allhackerforhire.com\/es\/wp-json\/wp\/v2\/pages\/4991","targetHints":{"allow":["GET"]}}],"collection":[{"href":"https:\/\/allhackerforhire.com\/es\/wp-json\/wp\/v2\/pages"}],"about":[{"href":"https:\/\/allhackerforhire.com\/es\/wp-json\/wp\/v2\/types\/page"}],"author":[{"embeddable":true,"href":"https:\/\/allhackerforhire.com\/es\/wp-json\/wp\/v2\/users\/1"}],"replies":[{"embeddable":true,"href":"https:\/\/allhackerforhire.com\/es\/wp-json\/wp\/v2\/comments?post=4991"}],"version-history":[{"count":16,"href":"https:\/\/allhackerforhire.com\/es\/wp-json\/wp\/v2\/pages\/4991\/revisions"}],"predecessor-version":[{"id":5175,"href":"https:\/\/allhackerforhire.com\/es\/wp-json\/wp\/v2\/pages\/4991\/revisions\/5175"}],"wp:featuredmedia":[{"embeddable":true,"href":"https:\/\/allhackerforhire.com\/es\/wp-json\/wp\/v2\/media\/4986"}],"wp:attachment":[{"href":"https:\/\/allhackerforhire.com\/es\/wp-json\/wp\/v2\/media?parent=4991"}],"curies":[{"name":"wp","href":"https:\/\/api.w.org\/{rel}","templated":true}]}}