{"id":5026,"date":"2023-09-14T09:39:25","date_gmt":"2023-09-14T09:39:25","guid":{"rendered":"https:\/\/hireonlinehackers.com\/?page_id=5026"},"modified":"2024-07-02T22:12:02","modified_gmt":"2024-07-02T22:12:02","slug":"hacker-de-instagram-de-alquiler","status":"publish","type":"page","link":"https:\/\/allhackerforhire.com\/es\/hacker-de-instagram-de-alquiler\/","title":{"rendered":"Hacker de Instagram"},"content":{"rendered":"<div data-elementor-type=\"wp-page\" data-elementor-id=\"5026\" class=\"elementor elementor-5026\">\n\t\t\t\t\t\t<section class=\"elementor-section elementor-top-section elementor-element elementor-element-21ed0537 elementor-section-boxed elementor-section-height-default elementor-section-height-default default-style\" data-id=\"21ed0537\" data-element_type=\"section\" data-settings=\"{&quot;rt_color_sets&quot;:&quot;default-style&quot;}\">\n\t\t\t\t\t\t<div class=\"elementor-container elementor-column-gap-default\">\n\t\t\t\t\t<div class=\"elementor-column elementor-col-100 elementor-top-column elementor-element elementor-element-320524c5\" data-id=\"320524c5\" data-element_type=\"column\">\n\t\t\t<div class=\"elementor-widget-wrap elementor-element-populated\">\n\t\t\t\t\t\t<div class=\"elementor-element elementor-element-15f4f884 elementor-widget elementor-widget-text-editor\" data-id=\"15f4f884\" data-element_type=\"widget\" data-widget_type=\"text-editor.default\">\n\t\t\t\t<div class=\"elementor-widget-container\">\n\t\t\t\t\t\t\t\t\t<p><\/p>\n<h2 class=\"wp-block-heading\">Hacker de Instagram de alquiler<\/h2>\n<p><\/p>\n<div data-id=\"45a8c67\" data-element_type=\"widget\" data-widget_type=\"text-editor.default\">\n<div>\n<div data-id=\"68dc6d6\" data-element_type=\"widget\" data-widget_type=\"text-editor.default\">\n<div>\n<div>\n<div>\n<div>\n<p>Nuestro servicio de hacker profesional se especializa en el hackeo de cuentas de Instagram, ofreci\u00e9ndole la posibilidad de acceder a cualquier cuenta en l\u00ednea y monitorear varias plataformas como WhatsApp, Facebook, Discord, Snapchat y m\u00e1s. Con nuestra herramienta de software, disponible para PC, iPhone y Android, puedes acceder a funciones como localizaci\u00f3n GPS en directo, monitorizaci\u00f3n de c\u00e1mara y micr\u00f3fono, mensajes, correos electr\u00f3nicos, llamadas, historial del navegador, grabaci\u00f3n de pantalla y recuperaci\u00f3n de mensajes, archivos y medios eliminados.&nbsp;<\/p><p>Si te encuentras en la desafortunada situaci\u00f3n de una cuenta de Instagram perdida o hackeada, nuestro equipo de verdaderos hackers profesionales est\u00e1 aqu\u00ed para ayudarte a recuperarla de forma r\u00e1pida y sencilla. No dudes en contratar a un hacker profesional de Instagram y recupera el control de tu cuenta. Hacker de cuentas de Instagram en alquiler.<br><\/p>\n<h3>Contratar Un Servicio De Hacker Para Instagram Hack<\/h3>\n<\/div>\n<\/div>\n<p>Si has perdido el acceso a tu cuenta de Instagram o quieres acceder a una cuenta de Instagram por otras razones, este es el servicio que necesitas. No enviamos ning\u00fan enlace o mensaje al propietario y este servicio es completamente discreto y an\u00f3nimo. La seguridad de nuestros clientes es muy importante para nosotros y lo tenemos en cuenta mientras realizamos todos los trabajos. Contratar Hackers Profesionales de Instagram online barato. Hacker de cuentas de Instagram en alquiler.<br><\/p>\n<p><img decoding=\"async\" data-src=\"https:\/\/hireonlinehackers.com\/wp-content\/uploads\/2023\/09\/Instagram-Hacker-for-Hire-300x168.jpg\" alt=\"Hacker de Instagram de alquiler\" width=\"230\" height=\"128\" src=\"data:image\/svg+xml;base64,PHN2ZyB3aWR0aD0iMSIgaGVpZ2h0PSIxIiB4bWxucz0iaHR0cDovL3d3dy53My5vcmcvMjAwMC9zdmciPjwvc3ZnPg==\" class=\"lazyload\" style=\"--smush-placeholder-width: 230px; --smush-placeholder-aspect-ratio: 230\/128;\"><\/p>\n<h3><span contenteditable=\"true\">Contratar a un hacker para Instagram<\/span><\/h3>\n<\/div>\n<\/div>\n<\/div>\n<\/div>\n<\/div>\n<p>Proporcionamos un proceso sencillo sobre c\u00f3mo contratar a un <a href=\"https:\/\/allhackerforhire.com\/es\/\">hacker para Instagram<\/a>, dise\u00f1ado espec\u00edficamente para ayudarle en la captura de un c\u00f3nyuge infiel o infiel. Nuestros servicios ofrecen opciones asequibles para la contrataci\u00f3n de un hacker Instagram. Con una gama de servicios de hacking disponibles, incluyendo la pirater\u00eda de cuentas de Instagram, la pirater\u00eda inform\u00e1tica, y la omisi\u00f3n de medidas de seguridad, somos la opci\u00f3n de confianza para la contrataci\u00f3n de hackers Instagram. Tanto si has perdido el acceso a tu propia cuenta de Instagram como si necesitas acceder a la cuenta de otra persona por razones leg\u00edtimas, nuestro servicio discreto y an\u00f3nimo puede satisfacer tus necesidades.<\/p>\n<h3>Paga a alguien para que piratee Instagram<\/h3>\n<p>Nuestro equipo de hackers expertos se especializa en la pirater\u00eda de Instagram y puede ayudarle a recuperar informaci\u00f3n importante o resolver cualquier problema relacionado con la cuenta. Mantenemos el m\u00e1s alto nivel de confidencialidad y nos aseguramos de que tu informaci\u00f3n personal permanezca segura durante todo el proceso. No dejes que tus sospechas o preocupaciones queden sin respuesta - contrata a un hacker de Instagram hoy y obt\u00e9n las respuestas que necesitas<a href=\"https:\/\/duckduckgo.com\/\" target=\"_blank\" rel=\"noopener\">.<\/a> Damos prioridad a la satisfacci\u00f3n del cliente y garantizamos resultados r\u00e1pidos.<\/p>\n<h3>Contratar hackers profesionales de Instagram<\/h3>\n<p><\/p>\n<p>Nuestros hackers expertos tienen a\u00f1os de experiencia en el campo y est\u00e1n equipados con las \u00faltimas herramientas y t\u00e9cnicas para garantizar el \u00e9xito de la pirater\u00eda Instagram. Tenga la seguridad, nuestros servicios son completamente legales y \u00e9ticos, adhiri\u00e9ndose a estrictas normas \u00e9ticas. No lo dudes m\u00e1s: toma el control de tu cuenta de Instagram o accede a la informaci\u00f3n que necesitas contratando ahora a nuestros hackers de Instagram de confianza. Hacker de cuentas de Instagram en alquiler.<br><\/p>\n<p>En el momento en que usted alista un programador Instagram de nosotros, usted est\u00e1 ganando la admisi\u00f3n al programador m\u00e1s ideal en el negocio. Tenemos un grupo de techno-artistas profundamente talentosos y experimentados que pueden ayudarle con cualquier necesidad de hacking que pueda tener.<\/p>\n<h3>Pagar para hackear la cuenta de Instagram<\/h3>\n<p>Nuestra administraci\u00f3n proporciona a las personas la capacidad de contratar a un programador de Instagram. Mediante el empleo de un programador a trav\u00e9s de nuestra administraci\u00f3n, los clientes pueden obtener el registro de cualquier singular que eligen, si tienen o no los datos de acceso.<\/p>\n<h4>Hacker de cuentas de Instagram en alquiler<\/h4>\n<p>Esto permite a los clientes recuperar fotograf\u00edas borradas y cambiar contrase\u00f1as, y a partir de ah\u00ed el cielo es el l\u00edmite. Utilizamos un lenguaje acad\u00e9mico complejo para garantizar que nuestros programadores son realmente incre\u00edbles. Invertimos de todo coraz\u00f3n en nuestro trabajo y la necesidad de garantizar que nuestros clientes son generalmente felices con los resultados. Pagar para hackear Instagram cuenta.<\/p>\n<h4>\u00bfPor qu\u00e9 elegirnos para contratar un hacker de Instagram?<\/h4>\n<p>Hay algunas razones por las que contratar hackers Instagram de nosotros. Tal vez la raz\u00f3n m\u00e1s importante es que tenemos un gran grupo de hackers calificados y experimentados que son capaces de ayudar con una amplia variedad de necesidades de hacking. Adem\u00e1s, ofrecemos tarifas competitivas, atenci\u00f3n al cliente 24\/7, y una garant\u00eda de satisfacci\u00f3n 100%.<\/p>\n<div data-id=\"45a8c67\" data-element_type=\"widget\" data-widget_type=\"text-editor.default\">\n<div>\n<p><img decoding=\"async\" data-src=\"https:\/\/hireonlinehackers.com\/wp-content\/uploads\/2023\/01\/5-star-300x158.jpg\" alt=\"Servicios de hacker profesional de alquiler\" width=\"36\" height=\"19\" src=\"data:image\/svg+xml;base64,PHN2ZyB3aWR0aD0iMSIgaGVpZ2h0PSIxIiB4bWxucz0iaHR0cDovL3d3dy53My5vcmcvMjAwMC9zdmciPjwvc3ZnPg==\" class=\"lazyload\" style=\"--smush-placeholder-width: 36px; --smush-placeholder-aspect-ratio: 36\/19;\"><\/p>\n<\/div>\n<\/div>\n<p><\/p>\t\t\t\t\t\t\t\t<\/div>\n\t\t\t\t<\/div>\n\t\t\t\t\t<\/div>\n\t\t<\/div>\n\t\t\t\t\t<\/div>\n\t\t<\/section>\n\t\t\t\t<section class=\"elementor-section elementor-top-section elementor-element elementor-element-da4e662 elementor-section-boxed elementor-section-height-default elementor-section-height-default default-style\" data-id=\"da4e662\" data-element_type=\"section\" data-settings=\"{&quot;rt_color_sets&quot;:&quot;default-style&quot;}\">\n\t\t\t\t\t\t<div class=\"elementor-container elementor-column-gap-default\">\n\t\t\t\t\t<div class=\"elementor-column elementor-col-50 elementor-top-column elementor-element elementor-element-db924fe\" data-id=\"db924fe\" data-element_type=\"column\">\n\t\t\t<div class=\"elementor-widget-wrap elementor-element-populated\">\n\t\t\t\t\t\t<div class=\"elementor-element elementor-element-0485719 elementor-widget elementor-widget-image\" data-id=\"0485719\" data-element_type=\"widget\" data-widget_type=\"image.default\">\n\t\t\t\t<div class=\"elementor-widget-container\">\n\t\t\t\t\t\t\t\t\t\t\t\t\t\t\t<img fetchpriority=\"high\" decoding=\"async\" width=\"768\" height=\"288\" src=\"https:\/\/allhackerforhire.com\/wp-content\/uploads\/2022\/11\/Buy-Registered-Documents.jpg\" class=\"attachment-large size-large wp-image-4545\" alt=\"Contratar hackers de la Dark Web\" srcset=\"https:\/\/allhackerforhire.com\/wp-content\/uploads\/2022\/11\/Buy-Registered-Documents.jpg 768w, https:\/\/allhackerforhire.com\/wp-content\/uploads\/2022\/11\/Buy-Registered-Documents-300x113.jpg 300w, https:\/\/allhackerforhire.com\/wp-content\/uploads\/2022\/11\/Buy-Registered-Documents-600x225.jpg 600w\" sizes=\"(max-width: 768px) 100vw, 768px\" \/>\t\t\t\t\t\t\t\t\t\t\t\t\t\t\t<\/div>\n\t\t\t\t<\/div>\n\t\t\t\t\t<\/div>\n\t\t<\/div>\n\t\t\t\t<div class=\"elementor-column elementor-col-50 elementor-top-column elementor-element elementor-element-bff131d\" data-id=\"bff131d\" data-element_type=\"column\">\n\t\t\t<div class=\"elementor-widget-wrap elementor-element-populated\">\n\t\t\t\t\t\t<div class=\"elementor-element elementor-element-db6bcbe elementor-widget elementor-widget-heading\" data-id=\"db6bcbe\" data-element_type=\"widget\" data-widget_type=\"heading.default\">\n\t\t\t\t<div class=\"elementor-widget-container\">\n\t\t\t\t\t<h2 class=\"elementor-heading-title elementor-size-default\">Instagram Hackers 15 minutos<\/h2>\t\t\t\t<\/div>\n\t\t\t\t<\/div>\n\t\t\t\t\t<\/div>\n\t\t<\/div>\n\t\t\t\t\t<\/div>\n\t\t<\/section>\n\t\t\t\t<\/div>","protected":false},"excerpt":{"rendered":"<p>Instagram Hacker for Hire Our professional hacker service specializes in Instagram account hacking, offering you the ability to access any online account and monitor various platforms such as WhatsApp, Facebook, Discord, Snapchat, and more. With our software tool, available for PC, iPhone, and Android, you can gain access to features such as live GPS location, [&hellip;]<\/p>","protected":false},"author":1,"featured_media":5029,"parent":0,"menu_order":0,"comment_status":"closed","ping_status":"open","template":"","meta":{"_acf_changed":false,"footnotes":""},"class_list":["post-5026","page","type-page","status-publish","has-post-thumbnail","hentry"],"acf":[],"_links":{"self":[{"href":"https:\/\/allhackerforhire.com\/es\/wp-json\/wp\/v2\/pages\/5026","targetHints":{"allow":["GET"]}}],"collection":[{"href":"https:\/\/allhackerforhire.com\/es\/wp-json\/wp\/v2\/pages"}],"about":[{"href":"https:\/\/allhackerforhire.com\/es\/wp-json\/wp\/v2\/types\/page"}],"author":[{"embeddable":true,"href":"https:\/\/allhackerforhire.com\/es\/wp-json\/wp\/v2\/users\/1"}],"replies":[{"embeddable":true,"href":"https:\/\/allhackerforhire.com\/es\/wp-json\/wp\/v2\/comments?post=5026"}],"version-history":[{"count":13,"href":"https:\/\/allhackerforhire.com\/es\/wp-json\/wp\/v2\/pages\/5026\/revisions"}],"predecessor-version":[{"id":5132,"href":"https:\/\/allhackerforhire.com\/es\/wp-json\/wp\/v2\/pages\/5026\/revisions\/5132"}],"wp:featuredmedia":[{"embeddable":true,"href":"https:\/\/allhackerforhire.com\/es\/wp-json\/wp\/v2\/media\/5029"}],"wp:attachment":[{"href":"https:\/\/allhackerforhire.com\/es\/wp-json\/wp\/v2\/media?parent=5026"}],"curies":[{"name":"wp","href":"https:\/\/api.w.org\/{rel}","templated":true}]}}