{"id":5037,"date":"2023-09-14T10:28:12","date_gmt":"2023-09-14T10:28:12","guid":{"rendered":"https:\/\/hireonlinehackers.com\/?page_id=5037"},"modified":"2024-07-02T22:44:09","modified_gmt":"2024-07-02T22:44:09","slug":"hacker-de-snapchat-a-sueldo","status":"publish","type":"page","link":"https:\/\/allhackerforhire.com\/es\/hacker-de-snapchat-a-sueldo\/","title":{"rendered":"Snapchat Hacker"},"content":{"rendered":"<div data-elementor-type=\"wp-page\" data-elementor-id=\"5037\" class=\"elementor elementor-5037\">\n\t\t\t\t\t\t<section class=\"elementor-section elementor-top-section elementor-element elementor-element-21ed0537 elementor-section-boxed elementor-section-height-default elementor-section-height-default default-style\" data-id=\"21ed0537\" data-element_type=\"section\" data-settings=\"{&quot;rt_color_sets&quot;:&quot;default-style&quot;}\">\n\t\t\t\t\t\t<div class=\"elementor-container elementor-column-gap-default\">\n\t\t\t\t\t<div class=\"elementor-column elementor-col-100 elementor-top-column elementor-element elementor-element-320524c5\" data-id=\"320524c5\" data-element_type=\"column\">\n\t\t\t<div class=\"elementor-widget-wrap elementor-element-populated\">\n\t\t\t\t\t\t<div class=\"elementor-element elementor-element-15f4f884 elementor-widget elementor-widget-text-editor\" data-id=\"15f4f884\" data-element_type=\"widget\" data-widget_type=\"text-editor.default\">\n\t\t\t\t<div class=\"elementor-widget-container\">\n\t\t\t\t\t\t\t\t\t<p><\/p>\n<h2 class=\"wp-block-heading\"><span contenteditable=\"true\">Se alquila hacker de Snapchat<\/span><\/h2>\n<div>\n<p>Ofrecemos un servicio profesional de hackeo de Snapchat que le permite contratar a un hacker para Snapchat. Nuestro experimentado equipo puede ayudarle a recuperar una cuenta de Snapchat perdida o hackeada. Pague a alguien para hackear Snapchat y recupere el acceso a su cuenta con nuestro servicio confiable y seguro. Somos profesionales <a href=\"https:\/\/allhackerforhire.com\/es\/\">Hackers de Snapchat<\/a> para alquiler, proporcionando asistencia de expertos para todas sus necesidades de hacking Snapchat. Cuenta Snapchat Hacker de alquiler.<br><\/p>\n<h3><span contenteditable=\"true\">Hackers profesionales de Snapchat de alquiler<\/span><\/h3>\n<p>Entendemos la urgencia y la sensibilidad de la seguridad de las cuentas de Snapchat. Con nuestras habilidades y conocimientos especializados, garantizamos una resoluci\u00f3n r\u00e1pida y eficaz para cualquier problema relacionado con Snapchat que pueda estar enfrentando. Conf\u00eda en nuestro equipo de hackers profesionales para recuperar tu cuenta de Snapchat hackeada o perdida de forma eficiente y discreta. Nuestro servicio seguro y fiable garantiza tu privacidad y confidencialidad durante todo el proceso. Recupera el control de tu cuenta de Snapchat hoy mismo contratando a nuestros expertos en hackeo de Snapchat.<\/p>\n<\/div>\n<p><\/p>\n<div data-id=\"45a8c67\" data-element_type=\"widget\" data-widget_type=\"text-editor.default\">\n<div>\n<div data-id=\"68dc6d6\" data-element_type=\"widget\" data-widget_type=\"text-editor.default\">\n<div>\n<div>\n<div>\n<div>\n<div data-id=\"68dc6d6\" data-element_type=\"widget\" data-widget_type=\"text-editor.default\">\n<div>\n<p>Snapchat servicio de hacking es m\u00e1s \u00fatil cuando se trata de averiguar acerca de un enga\u00f1o c\u00f3nyuge \/ pareja para asegurarse de que no est\u00e1 siendo enga\u00f1ado. Snapchat hacker para el servicio de alquiler es totalmente discreto y nadie se enterar\u00e1 de que tiene acceso a la cuenta de Snapchat. Ofrecemos este servicio como un servicio independiente Snapchat hackear y tambi\u00e9n como un paquete dentro del servicio de pirater\u00eda telef\u00f3nica<a href=\"https:\/\/duckduckgo.com\/\" target=\"_blank\" rel=\"noopener\">.<\/a><\/p>\n<h2>Servicio de pirateo de Snapchat<\/h2>\n<p>Hay muchas formas en las que un hacker puede piratear una cuenta de Snapchat, por lo que es importante utilizar todas las opciones de seguridad, incluida la autenticaci\u00f3n en dos pasos. Si despu\u00e9s de todas las precauciones de seguridad de su cuenta de Snapchat todav\u00eda es hackeado por un hacker que estamos aqu\u00ed para ayudar en todas las formas posibles. Cuenta Snapchat Hacker de alquiler.<\/p>\n<h4>Contratar hackers profesionales de redes sociales<\/h4>\n<p>Hay muchas razones por las que una empresa puede optar por contratar a un hacker para las redes sociales. Puede que la empresa quiera aumentar su n\u00famero de seguidores en las redes sociales o que necesite ayuda para conseguir m\u00e1s participaci\u00f3n en sus publicaciones. En cualquier caso, contratar a un hacker para las redes sociales puede ser una buena manera de impulsar su presencia en l\u00ednea.<\/p>\n<p>Al contratar a un hacker para las redes sociales, es importante asegurarse de elegir a alguien con experiencia y conocimientos en este campo.<\/p>\n<div id=\"attachment_5041\" style=\"width: 310px\" class=\"wp-caption alignnone\"><img fetchpriority=\"high\" decoding=\"async\" aria-describedby=\"caption-attachment-5041\" src=\"https:\/\/hireonlinehackers.com\/wp-content\/uploads\/2023\/09\/Professional-Snapchat-Hackers-for-Hire-300x169.jpg\" alt=\"Hackers profesionales de Snapchat de alquiler\" width=\"300\" height=\"169\"><p id=\"caption-attachment-5041\" class=\"wp-caption-text\">Hackers profesionales de Snapchat de alquiler<\/p><\/div>\n<h4>Se alquila hacker de cuentas en redes sociales<\/h4>\n<p>Algunas empresas contratan a piratas inform\u00e1ticos para que ataquen las cuentas de redes sociales de sus competidores y as\u00ed obtener ventaja. Para ello, pueden utilizar una jerga acad\u00e9mica compleja que sus competidores no entienden, lo que dificulta su respuesta. Adem\u00e1s, el hacker puede publicar noticias o rese\u00f1as falsas que podr\u00edan da\u00f1ar la reputaci\u00f3n del competidor.<\/p>\n<p>\u00bfEst\u00e1 interesado en contratar a un hacker para cualquier tipo de servicio de hacking profesional seguro? Entonces usted est\u00e1 en el lugar correcto. Ponemos a su disposici\u00f3n los mejores servicios de hacking a precios asequibles seg\u00fan las necesidades del cliente.<\/p>\n<h4>\u00bfPor qu\u00e9 usted toma el servicio de Social Media Account Hacker de nosotros<\/h4>\n<p>Nuestra empresa cuenta con un equipo de profesionales experimentados que pueden ayudarle a piratear cualquier cuenta de medios de comunicaci\u00f3n en Internet. Tenemos un historial demostrado de logros. Y nos enorgullecemos de tener la capacidad de ayudarle a venir por los resultados que desea. Entendemos que su privacidad es una prioridad y nunca impartir sus datos a cualquier otra persona. Cuenta Snapchat Hacker de alquiler.<br><\/p>\n<h4><span contenteditable=\"true\">Contratar a un hacker para Snapchat<\/span><\/h4>\n<div>\n<h5>Nuestra experiencia como hacker profesional de redes sociales<\/h5>\n<p>Somos un grupo certificado de hackers talentosos comprometidos a aliviar su mente y mejorar la seguridad de su ordenador. A lo largo de estas l\u00edneas, en la remota posibilidad de que usted est\u00e1 tratando de utilizar los artistas morales cibern\u00e9ticos, podemos ayudarle con su preocupaci\u00f3n. Cuando busque, consulte Qu\u00e9 necesito para contratar a un hacker \u00e9tico.<\/p>\n<p>Somos distintos en nuestro enfoque de la administraci\u00f3n en comparaci\u00f3n con otras empresas.<\/p>\n<h3>Se alquila hacker de cuentas de Snapchat<\/h3>\n<p>Nuestra empresa cuenta con un equipo de expertos profesionales y experimentados que pueden ayudarle a hackear cualquier cuenta de redes sociales. Tenemos un historial probado de logros. Y nos valoramos en tener la capacidad de ayudarle a obtener los resultados que necesita. Entendemos que su privacidad es la principal preocupaci\u00f3n y nunca compartiremos su informaci\u00f3n personal con nadie m\u00e1s. Snapchat Account Hacker de alquiler.<br><\/p>\n<\/div>\n<div>&nbsp;<\/div>\n<\/div>\n<\/div>\n<\/div>\n<\/div>\n<\/div>\n<\/div>\n<\/div>\n<p><img decoding=\"async\" data-src=\"https:\/\/hireonlinehackers.com\/wp-content\/uploads\/2023\/01\/5-star-300x158.jpg\" alt=\"Servicios de hacker profesional de alquiler\" width=\"36\" height=\"19\" src=\"data:image\/svg+xml;base64,PHN2ZyB3aWR0aD0iMSIgaGVpZ2h0PSIxIiB4bWxucz0iaHR0cDovL3d3dy53My5vcmcvMjAwMC9zdmciPjwvc3ZnPg==\" class=\"lazyload\" style=\"--smush-placeholder-width: 36px; --smush-placeholder-aspect-ratio: 36\/19;\"><\/p>\n<\/div>\n<\/div>\n<p><\/p>\t\t\t\t\t\t\t\t<\/div>\n\t\t\t\t<\/div>\n\t\t\t\t\t<\/div>\n\t\t<\/div>\n\t\t\t\t\t<\/div>\n\t\t<\/section>\n\t\t\t\t<section class=\"elementor-section elementor-top-section elementor-element elementor-element-da4e662 elementor-section-boxed elementor-section-height-default elementor-section-height-default default-style\" data-id=\"da4e662\" data-element_type=\"section\" data-settings=\"{&quot;rt_color_sets&quot;:&quot;default-style&quot;}\">\n\t\t\t\t\t\t<div class=\"elementor-container elementor-column-gap-default\">\n\t\t\t\t\t<div class=\"elementor-column elementor-col-50 elementor-top-column elementor-element elementor-element-db924fe\" data-id=\"db924fe\" data-element_type=\"column\">\n\t\t\t<div class=\"elementor-widget-wrap elementor-element-populated\">\n\t\t\t\t\t\t<div class=\"elementor-element elementor-element-0485719 elementor-widget elementor-widget-image\" data-id=\"0485719\" data-element_type=\"widget\" data-widget_type=\"image.default\">\n\t\t\t\t<div class=\"elementor-widget-container\">\n\t\t\t\t\t\t\t\t\t\t\t\t\t\t\t<img decoding=\"async\" width=\"768\" height=\"288\" data-src=\"https:\/\/allhackerforhire.com\/wp-content\/uploads\/2022\/11\/Buy-Registered-Documents.jpg\" class=\"attachment-large size-large wp-image-4545 lazyload\" alt=\"Contratar hackers de la Dark Web\" data-srcset=\"https:\/\/allhackerforhire.com\/wp-content\/uploads\/2022\/11\/Buy-Registered-Documents.jpg 768w, https:\/\/allhackerforhire.com\/wp-content\/uploads\/2022\/11\/Buy-Registered-Documents-300x113.jpg 300w, https:\/\/allhackerforhire.com\/wp-content\/uploads\/2022\/11\/Buy-Registered-Documents-600x225.jpg 600w\" data-sizes=\"(max-width: 768px) 100vw, 768px\" src=\"data:image\/svg+xml;base64,PHN2ZyB3aWR0aD0iMSIgaGVpZ2h0PSIxIiB4bWxucz0iaHR0cDovL3d3dy53My5vcmcvMjAwMC9zdmciPjwvc3ZnPg==\" style=\"--smush-placeholder-width: 768px; --smush-placeholder-aspect-ratio: 768\/288;\" \/>\t\t\t\t\t\t\t\t\t\t\t\t\t\t\t<\/div>\n\t\t\t\t<\/div>\n\t\t\t\t\t<\/div>\n\t\t<\/div>\n\t\t\t\t<div class=\"elementor-column elementor-col-50 elementor-top-column elementor-element elementor-element-bff131d\" data-id=\"bff131d\" data-element_type=\"column\">\n\t\t\t<div class=\"elementor-widget-wrap elementor-element-populated\">\n\t\t\t\t\t\t<div class=\"elementor-element elementor-element-db6bcbe elementor-widget elementor-widget-heading\" data-id=\"db6bcbe\" data-element_type=\"widget\" data-widget_type=\"heading.default\">\n\t\t\t\t<div class=\"elementor-widget-container\">\n\t\t\t\t\t<h2 class=\"elementor-heading-title elementor-size-default\">Pagar a alguien para hackear Snapchat<\/h2>\t\t\t\t<\/div>\n\t\t\t\t<\/div>\n\t\t\t\t\t<\/div>\n\t\t<\/div>\n\t\t\t\t\t<\/div>\n\t\t<\/section>\n\t\t\t\t<\/div>","protected":false},"excerpt":{"rendered":"<p>Snapchat Hacker for Hire We offer a professional Snapchat hacking service that allows you to hire a hacker for Snapchat. Our experienced team can assist you in recovering a lost or hacked Snapchat account. Pay someone to hack Snapchat and regain access to your account with our reliable and secure service. We are professional Snapchat [&hellip;]<\/p>","protected":false},"author":1,"featured_media":5038,"parent":0,"menu_order":0,"comment_status":"closed","ping_status":"open","template":"","meta":{"_acf_changed":false,"footnotes":""},"class_list":["post-5037","page","type-page","status-publish","has-post-thumbnail","hentry"],"acf":[],"_links":{"self":[{"href":"https:\/\/allhackerforhire.com\/es\/wp-json\/wp\/v2\/pages\/5037","targetHints":{"allow":["GET"]}}],"collection":[{"href":"https:\/\/allhackerforhire.com\/es\/wp-json\/wp\/v2\/pages"}],"about":[{"href":"https:\/\/allhackerforhire.com\/es\/wp-json\/wp\/v2\/types\/page"}],"author":[{"embeddable":true,"href":"https:\/\/allhackerforhire.com\/es\/wp-json\/wp\/v2\/users\/1"}],"replies":[{"embeddable":true,"href":"https:\/\/allhackerforhire.com\/es\/wp-json\/wp\/v2\/comments?post=5037"}],"version-history":[{"count":13,"href":"https:\/\/allhackerforhire.com\/es\/wp-json\/wp\/v2\/pages\/5037\/revisions"}],"predecessor-version":[{"id":5168,"href":"https:\/\/allhackerforhire.com\/es\/wp-json\/wp\/v2\/pages\/5037\/revisions\/5168"}],"wp:featuredmedia":[{"embeddable":true,"href":"https:\/\/allhackerforhire.com\/es\/wp-json\/wp\/v2\/media\/5038"}],"wp:attachment":[{"href":"https:\/\/allhackerforhire.com\/es\/wp-json\/wp\/v2\/media?parent=5037"}],"curies":[{"name":"wp","href":"https:\/\/api.w.org\/{rel}","templated":true}]}}