{"id":3,"date":"2022-09-30T13:36:44","date_gmt":"2022-09-30T13:36:44","guid":{"rendered":"https:\/\/buylegitpassport.com\/?page_id=3"},"modified":"2024-07-02T22:34:31","modified_gmt":"2024-07-02T22:34:31","slug":"ammattimaiset-hakkerit-vuokrattavissa","status":"publish","type":"page","link":"https:\/\/allhackerforhire.com\/fi\/ammattimaiset-hakkerit-vuokrattavissa\/","title":{"rendered":"Tietosuojak\u00e4yt\u00e4nt\u00f6"},"content":{"rendered":"<div data-elementor-type=\"wp-page\" data-elementor-id=\"3\" class=\"elementor elementor-3\">\n\t\t\t\t\t\t<section class=\"elementor-section elementor-top-section elementor-element elementor-element-21ed0537 elementor-section-boxed elementor-section-height-default elementor-section-height-default default-style\" data-id=\"21ed0537\" data-element_type=\"section\" data-settings=\"{&quot;rt_color_sets&quot;:&quot;default-style&quot;}\">\n\t\t\t\t\t\t<div class=\"elementor-container elementor-column-gap-default\">\n\t\t\t\t\t<div class=\"elementor-column elementor-col-100 elementor-top-column elementor-element elementor-element-320524c5\" data-id=\"320524c5\" data-element_type=\"column\">\n\t\t\t<div class=\"elementor-widget-wrap elementor-element-populated\">\n\t\t\t\t\t\t<div class=\"elementor-element elementor-element-15f4f884 elementor-widget elementor-widget-text-editor\" data-id=\"15f4f884\" data-element_type=\"widget\" data-widget_type=\"text-editor.default\">\n\t\t\t\t<div class=\"elementor-widget-container\">\n\t\t\t\t\t\t\t\t\t<p><\/p>\n<h2 class=\"wp-block-heading\">Ammattimaiset hakkerit vuokralle<\/h2>\n<p><\/p>\n<div data-id=\"45a8c67\" data-element_type=\"widget\" data-widget_type=\"text-editor.default\">\n<div>\n<div data-id=\"68dc6d6\" data-element_type=\"widget\" data-widget_type=\"text-editor.default\">\n<div>\n<div>\n<div>\n<p>\u00a9 <strong>Vuokraa online-hakkerit<\/strong> palvelut opastavat ja valvovat koko prosessia, joka liittyy pime\u00e4n verkon hakkereiden l\u00f6yt\u00e4miseen, palkkaamiseen, selitt\u00e4miseen, neuvottelemiseen ja maksamiseen. Ammattimaisia hakkereita vuokrattavana.<br>Koska me olemme v\u00e4lik\u00e4ten\u00e4, et ole koskaan suoraan vuorovaikutuksessa hakkerin kanssa, et hallinnollisesti etk\u00e4 taloudellisesti; sinuun ei ole mit\u00e4\u00e4n yhteytt\u00e4. Sertifioidut eettiset hakkerit<a href=\"https:\/\/duckduckgo.com\/\" target=\"_blank\" rel=\"noopener\">.<\/a> <span contenteditable=\"true\">Ammattimaisia hakkereita vuokrattavana.<\/span><\/p>\n<h3><span contenteditable=\"true\">Etsi ammattimaisia hakkereita<\/span><\/h3>\n<p>T\u00e4m\u00e4 tarjoaa sinulle suojakerroksen, joka suojaa sinua lainvalvontaviranomaisilta, kohteelta itselt\u00e4\u00e4n ja jopa pime\u00e4n verkon hakkerilta, joka ei koskaan tied\u00e4 alkuper\u00e4isen asiakkaan henkil\u00f6llisyytt\u00e4. K\u00e4sittelij\u00e4n kautta ty\u00f6skentely on nyky\u00e4\u00e4n turvallisin tapa palkata varjoty\u00f6t\u00e4. Palkkaa eettinen hakkeri.<br>Voit olla varma, ett\u00e4 asiakkaana olet aina t\u00e4ysin turvassa ja pysyt nimett\u00f6m\u00e4n\u00e4. Vakuutamme sinulle, ett\u00e4 ty\u00f6 valmistuu ajallaan ja oikein, varat siirret\u00e4\u00e4n sujuvasti ja kaikki toteutetaan juuri niin kuin alun perin sovittiin. Miten palkata <a href=\"https:\/\/allhackerforhire.com\/fi\/\">eettinen hakkeri<\/a> online<\/p>\n<h3>Korvausvaatimusten ja varojen takaisinperinn\u00e4n konsultointi<\/h3>\n<p>Kaupallisten oikeudenk\u00e4yntien asiantuntijamme voivat auttaa yksityishenkil\u00f6it\u00e4 ja yrityksi\u00e4, jotka uskovat joutuneensa petoksen uhriksi, palauttamaan huijauksen seurauksena menetetyt varat sek\u00e4 kotimaassa ett\u00e4 ulkomailla. Edustamme my\u00f6s petoksesta syytettyj\u00e4 asiakkaita ja varmistamme, ett\u00e4 heid\u00e4n varansa ja oikeutensa turvataan oikeudellisen konfliktin aikana. Ota meihin yhteytt\u00e4, jos haluat apua miss\u00e4 tahansa varojen takaisinperint\u00e4\u00e4n liittyv\u00e4ss\u00e4 asiassa. Parhaat vuokrattavat hakkerit Yhdysvalloissa.<\/p>\n<h4>Filosofiamme<\/h4>\n<p>Suojaa sinua verkkopetoksilta ja rahallisilta tappioilta. Kaupallisten oikeudenk\u00e4yntien asiantuntijamme voivat auttaa yksityishenkil\u00f6it\u00e4 ja yrityksi\u00e4, jotka uskovat joutuneensa petoksen uhriksi, saamaan takaisin huijauksen seurauksena menetetyt varat sek\u00e4 kotimaassa ett\u00e4 ulkomailla. <span contenteditable=\"true\">Vuokraa ammattimainen hakkeri. P<\/span><span contenteditable=\"true\">rofessional hackers for hire.<\/span><\/p>\n<div id=\"attachment_5018\" style=\"width: 310px\" class=\"wp-caption aligncenter\"><img fetchpriority=\"high\" decoding=\"async\" aria-describedby=\"caption-attachment-5018\" src=\"https:\/\/hireonlinehackers.com\/wp-content\/uploads\/2023\/09\/traxer-No9sjMu5zpA-unsplash-1-300x200.jpg\" alt=\"Ammattimaisia hakkereita vuokrattavana\" width=\"300\" height=\"200\"><p id=\"caption-attachment-5018\" class=\"wp-caption-text\">Ammattimaisia hakkereita vuokrattavana<\/p><\/div>\n<h4>Tavoitteemme?<\/h4>\n<p>Tavoitteenamme on yksinkertainen: pyrimme yhdess\u00e4 kanssasi saamaan rahasi takaisin mahdollisimman nopeasti k\u00e4ytt\u00e4m\u00e4ll\u00e4 kehittyneit\u00e4 algoritmeja ja strategisia keinoja, joiden avulla saamme tappiot takaisin. Harkitse yhteydenottoa meihin jo t\u00e4n\u00e4\u00e4n keskustellaksemme vaateestasi. <span contenteditable=\"true\">Ammattimaisia hakkereita vuokrattavana.<\/span><\/p>\n<p><\/p>\n<h3>Ammattitaitoiset hakkerit ty\u00f6skentelev\u00e4t yhdess\u00e4 tarjotakseen asiakkaillemme parasta mahdollista palvelua.<\/h3>\n<p>Jotta voisimme tarjota sinulle parhaat ja vertaansa vailla olevat hakkerointipalvelut, asiantuntijahakkeritiimimme k\u00e4ytt\u00e4\u00e4 uusinta huipputeknologiaa. Ammattimaisena hakkerin vuokrausorganisaationa toimitamme asiakkaillemme parhaat saatavilla olevat sertifioidut eettiset hakkerit sek\u00e4 taitoa ja \u00e4\u00e4rimm\u00e4ist\u00e4 salassapitoa ja luottamuksellisuutta.<br>Teemme kovasti t\u00f6it\u00e4 ymm\u00e4rt\u00e4\u00e4ksemme tarpeitasi ja kehitt\u00e4\u00e4ksemme niit\u00e4 vastaavia ratkaisuja. Kehitt\u00e4\u00e4ksemme uusia tapoja p\u00e4\u00e4st\u00e4 tietokantoihin ja verkkoihin parannamme s\u00e4\u00e4nn\u00f6llisesti hy\u00f6kk\u00e4ysty\u00f6kalujamme, strategioitamme ja l\u00e4hestymistapojamme.<\/p>\n<p><img decoding=\"async\" data-src=\"https:\/\/hireonlinehackers.com\/wp-content\/uploads\/2023\/01\/5-star-300x158.jpg\" alt=\"Professional Hacker for Hire Palvelut\" width=\"66\" height=\"35\" src=\"data:image\/svg+xml;base64,PHN2ZyB3aWR0aD0iMSIgaGVpZ2h0PSIxIiB4bWxucz0iaHR0cDovL3d3dy53My5vcmcvMjAwMC9zdmciPjwvc3ZnPg==\" class=\"lazyload\" style=\"--smush-placeholder-width: 66px; --smush-placeholder-aspect-ratio: 66\/35;\"><\/p>\n<h3>Palkkaa ammattimainen hakkeri<\/h3>\n<p>Palkkaa hakkeri cyber vakooja Hakkerointipalvelut, joka on paras ratkaisu mobiili vakooja palvelut ja internetin turvallisuus. P\u00e4\u00e4sysi on turvallinen ja anonyymi vuokraa hakkeri palvelu.<\/p>\n<p>Parhaiden ammattimaisten hakkerien kanssa tarjoamme parhaan puhelinvakoilupalvelun. Ammattimaiset hakkerimme on koulutettu eritt\u00e4in ammattitaitoisten vanhempien hakkerien kanssa, joilla on eritt\u00e4in korkea eettinen taso.<\/p>\n<p>Kaikki puhelinhakkerit ovat asiantuntijoita, ja heill\u00e4 on laaja k\u00e4yt\u00e4nn\u00f6n kokemus pitk\u00e4lle kehitetyist\u00e4 koulutuksista.<br>Voit vapaasti vuokrata hakkerin. <span contenteditable=\"true\">P<\/span><span contenteditable=\"true\">rofessional hackers for hire.<\/span><\/p>\n<p>Yli miljoona vanhempaa ja ihmist\u00e4 palkkaa hakkereita suojaamaan suhteitaan. Voit seurata sijainteja, puheluita, viestej\u00e4, lokitiedostoja, n\u00e4pp\u00e4inlukulaitetta, sosiaalista mediaa ja paljon muuta. Se on verkkopohjainen ja 100% turvallinen. Hakkerointi on laitonta. Eettinen hakkerointi on kuitenkin hyv\u00e4ksytty\u00e4. Nyky\u00e4\u00e4n tarvitaan turvallisuutta ja turvallisuutta verkkohy\u00f6kk\u00e4yksi\u00e4 vastaan, joten t\u00e4\u00e4ll\u00e4 olemme k\u00e4ytett\u00e4viss\u00e4 ratkaisemaan ongelmasi todellisten hakkerien kanssa.<\/p>\n<h4>Vuokraa Hacker Puhelin Spy Services<\/h4>\n<p>Olemme tiimi kaikkein ammattimaisin eettinen hakkerit, jotka tarjoavat parhaan puhelimen hakkerointi palvelu sinulle. Yksi vaikeimmista tilanteista tulee el\u00e4m\u00e4ss\u00e4, kun joku rikkoo luottamusta.  Kun puoliso pett\u00e4\u00e4 parisuhteen aikana, on vaikea jatkaa. Parhaat hakkerit vuokrattavissa Internetiss\u00e4. <span contenteditable=\"true\">P<\/span><span contenteditable=\"true\">rofessional hackers for hire.<\/span><\/p>\n<h4>Vuokraa ammattimainen hakkeri<\/h4>\n<p>T\u00e4\u00e4lt\u00e4 me tulemme puhelimen vakoilupalvelumme kanssa. Voit helposti palkata hakkerin ja pit\u00e4\u00e4 silm\u00e4ll\u00e4 kumppanisi toimintaa. T\u00e4m\u00e4n avulla voit ker\u00e4t\u00e4 riitt\u00e4v\u00e4t todisteet, jotta voit ilmoittaa t\u00e4llaisesta tilanteesta yst\u00e4ville, perheenj\u00e4senille tai tuomioistuimelle muutosta varten. Uskomme aina avoimuuteen, joten kaikissa palveluissamme on rahat takaisin -takuu. Milloin tahansa, jos et saa palvelua, palautamme koko maksun. T\u00e4m\u00e4 rakentaa pitk\u00e4\u00e4 suhdettamme.<\/p>\n<h3>Professional Hacker for Hire Palvelut<\/h3>\n<div><a href=\"https:\/\/allhackerforhire.com\/fi\/\">Vuokraa online-hakkerit<\/a> on johtava organisaatio Hire Ethical Hakkerit alkuun osaava Hakkerit. Olemme hyvin koulutettuja, sertifioituja ja osaavia hakkereita! Olemme kykenevi\u00e4 t\u00e4ytt\u00e4m\u00e4\u00e4n takuut toimittaa parhaat hakkerin-for-hire palvelut! <br>Tarjoamme parhaan osaavan hakkerin vuokrauksen. Se on helppoa eettist\u00e4 hakkerointipalveluja.  Muista ei ole ilkivaltaa pyyt\u00e4m\u00e4ll\u00e4 hakkerit vuokrauspalvelua! Jos sinun t\u00e4ytyy saada jotain saavuttaa, sinun pit\u00e4isi astua yl\u00f6s ja pyyt\u00e4\u00e4 sit\u00e4....<\/div>\n<div>\n<h3>&nbsp;<\/h3>\n<\/div>\n<div>\n<h3>Parhaat hakkerit vuokrattavaksi<\/h3>\n<p>Hiljaiset soluttautujat ovat ammattimaisia hakkereita, jotka ovat jatkuvasti valmiita palvelemaan sinua milloin tahansa. Olemme useimmat ihmiset luotettu puhelin vakooja vuokraus tekee osaava hakkeri vuokrauspalvelut. Koska prime Ethical Hacker for Hire organisaatioiden maailmanlaajuisesti, teemme erinomainen kyky saada mit\u00e4\u00e4n tietoa internetiss\u00e4. Tunkeutumistestaus ja seurantapalvelu eettisen hakkerointipalvelun osalta. <span contenteditable=\"true\">P<\/span><span contenteditable=\"true\">rofessional hackers for hire.<\/span><\/p>\n<p>Meill\u00e4 on asiantunteva maailmanlaajuinen ryhm\u00e4 sertifioituja hakkereita, jotka ovat asiantuntijoita poikkeuksellisissa hakkerointialoilla. Voit ep\u00e4ilem\u00e4tt\u00e4 eettinen hakkerointi verkossa ottamalla yhteytt\u00e4 meihin ja ammattimainen hakkeri meid\u00e4n ammattitaitoinen ja koulutettu hakkeri joukkue annetaan saada ty\u00f6si tehd\u00e4 lyhyess\u00e4 ajassa.<\/p>\n<p>Top kyvyt hakkeroida mihin tahansa tietokoneisiin, hakata yliopiston arvosanat. <span contenteditable=\"true\">Palkkaa ammattimainen hakkeri.<\/span><\/p>\n<h4>Miten palkata Dark Web Hacker?<\/h4>\n<p>Tietoturva-asiantuntijamme voi tarjota sinulle eettist\u00e4 hakkerointia, pime\u00e4n verkon palveluita -<a href=\"https:\/\/www.bing.com\/\" target=\"_blank\" rel=\"noopener\">,<\/a> ja harmaan hatun hakkereita, joita voit helposti palkata. <span contenteditable=\"true\">P<\/span><span contenteditable=\"true\">rofessional hackers for hire.<\/span><\/p>\n<p>Jos haluat palkata harmaan hatun hakkeriasiantuntijan. Voit l\u00f6yt\u00e4\u00e4 luotettavan hakkerointitarpeisiisi, ensin sinun pit\u00e4isi ymm\u00e4rt\u00e4\u00e4, mist\u00e4 etsi\u00e4 ja l\u00f6yt\u00e4\u00e4 sertifioitu eettinen hakkeri.<\/p>\n<p>On olemassa lukuisia hakkeri organisaatiot, jotka eiv\u00e4t investoi ylim\u00e4\u00e4r\u00e4ist\u00e4 energiaa, ett\u00e4 ne pit\u00e4isi palkata hakkeri l\u00e4hell\u00e4 minua vastaamaan asiakkaiden odotuksia. <span contenteditable=\"true\">Palkkaa ammattimainen hakkeri.<\/span><\/p>\n<p>Jotkut ihmiset ajattelevat, ett\u00e4 he voivat palkata hakkerin l\u00e4helleen ilmaiseksi menem\u00e4ll\u00e4 yksityisen agentin kautta. T\u00e4t\u00e4 ei suositella, koska maksut ovat galaktisia ja ne voidaan kiert\u00e4\u00e4, jos sen tekee loistava yksil\u00f6.<\/p>\n<\/div>\n<\/div>\n<\/div>\n<\/div>\n<\/div>\n<p><img decoding=\"async\" data-src=\"https:\/\/hireonlinehackers.com\/wp-content\/uploads\/2023\/01\/5-star-300x158.jpg\" alt=\"Professional Hacker for Hire Palvelut\" width=\"36\" height=\"19\" src=\"data:image\/svg+xml;base64,PHN2ZyB3aWR0aD0iMSIgaGVpZ2h0PSIxIiB4bWxucz0iaHR0cDovL3d3dy53My5vcmcvMjAwMC9zdmciPjwvc3ZnPg==\" class=\"lazyload\" style=\"--smush-placeholder-width: 36px; --smush-placeholder-aspect-ratio: 36\/19;\"><\/p>\n<\/div>\n<\/div>\n<p><\/p>\t\t\t\t\t\t\t\t<\/div>\n\t\t\t\t<\/div>\n\t\t\t\t\t<\/div>\n\t\t<\/div>\n\t\t\t\t\t<\/div>\n\t\t<\/section>\n\t\t\t\t<section class=\"elementor-section elementor-top-section elementor-element elementor-element-da4e662 elementor-section-boxed elementor-section-height-default elementor-section-height-default default-style\" data-id=\"da4e662\" data-element_type=\"section\" data-settings=\"{&quot;rt_color_sets&quot;:&quot;default-style&quot;}\">\n\t\t\t\t\t\t<div class=\"elementor-container elementor-column-gap-default\">\n\t\t\t\t\t<div class=\"elementor-column elementor-col-50 elementor-top-column elementor-element elementor-element-db924fe\" data-id=\"db924fe\" data-element_type=\"column\">\n\t\t\t<div class=\"elementor-widget-wrap elementor-element-populated\">\n\t\t\t\t\t\t<div class=\"elementor-element elementor-element-0485719 elementor-widget elementor-widget-image\" data-id=\"0485719\" data-element_type=\"widget\" data-widget_type=\"image.default\">\n\t\t\t\t<div class=\"elementor-widget-container\">\n\t\t\t\t\t\t\t\t\t\t\t\t\t\t\t<img decoding=\"async\" width=\"768\" height=\"288\" data-src=\"https:\/\/allhackerforhire.com\/wp-content\/uploads\/2022\/11\/Buy-Registered-Documents.jpg\" class=\"attachment-large size-large wp-image-4545 lazyload\" alt=\"Palkkaa Dark Web Hackers\" data-srcset=\"https:\/\/allhackerforhire.com\/wp-content\/uploads\/2022\/11\/Buy-Registered-Documents.jpg 768w, https:\/\/allhackerforhire.com\/wp-content\/uploads\/2022\/11\/Buy-Registered-Documents-300x113.jpg 300w, https:\/\/allhackerforhire.com\/wp-content\/uploads\/2022\/11\/Buy-Registered-Documents-600x225.jpg 600w\" data-sizes=\"(max-width: 768px) 100vw, 768px\" src=\"data:image\/svg+xml;base64,PHN2ZyB3aWR0aD0iMSIgaGVpZ2h0PSIxIiB4bWxucz0iaHR0cDovL3d3dy53My5vcmcvMjAwMC9zdmciPjwvc3ZnPg==\" style=\"--smush-placeholder-width: 768px; --smush-placeholder-aspect-ratio: 768\/288;\" \/>\t\t\t\t\t\t\t\t\t\t\t\t\t\t\t<\/div>\n\t\t\t\t<\/div>\n\t\t\t\t\t<\/div>\n\t\t<\/div>\n\t\t\t\t<div class=\"elementor-column elementor-col-50 elementor-top-column elementor-element elementor-element-bff131d\" data-id=\"bff131d\" data-element_type=\"column\">\n\t\t\t<div class=\"elementor-widget-wrap elementor-element-populated\">\n\t\t\t\t\t\t<div class=\"elementor-element elementor-element-db6bcbe elementor-widget elementor-widget-heading\" data-id=\"db6bcbe\" data-element_type=\"widget\" data-widget_type=\"heading.default\">\n\t\t\t\t<div class=\"elementor-widget-container\">\n\t\t\t\t\t<h2 class=\"elementor-heading-title elementor-size-default\"><span class=\"tagify__tag-text\">Palkkaa Dark Web Hackers<\/span><\/h2>\t\t\t\t<\/div>\n\t\t\t\t<\/div>\n\t\t\t\t\t<\/div>\n\t\t<\/div>\n\t\t\t\t\t<\/div>\n\t\t<\/section>\n\t\t\t\t<\/div>","protected":false},"excerpt":{"rendered":"<p>Professional Hackers For Hire \u00a9 Hire Online Hackers -palvelut k\u00e4yv\u00e4t l\u00e4pi ja valvovat koko prosessin, joka liittyy pime\u00e4n verkon hakkerien l\u00f6yt\u00e4miseen, palkkaamiseen, selitt\u00e4miseen, neuvotteluihin ja maksamiseen. Koska me olemme v\u00e4lik\u00e4ten\u00e4, et ole koskaan suoraan vuorovaikutuksessa hakkerin kanssa, et hallinnollisesti etk\u00e4 taloudellisesti; sinuun ei ole mit\u00e4\u00e4n linkki\u00e4, joka johtaisi sinuun. [...]<\/p>","protected":false},"author":1,"featured_media":4993,"parent":0,"menu_order":0,"comment_status":"closed","ping_status":"open","template":"","meta":{"_acf_changed":false,"footnotes":""},"class_list":["post-3","page","type-page","status-publish","has-post-thumbnail","hentry"],"acf":[],"_links":{"self":[{"href":"https:\/\/allhackerforhire.com\/fi\/wp-json\/wp\/v2\/pages\/3","targetHints":{"allow":["GET"]}}],"collection":[{"href":"https:\/\/allhackerforhire.com\/fi\/wp-json\/wp\/v2\/pages"}],"about":[{"href":"https:\/\/allhackerforhire.com\/fi\/wp-json\/wp\/v2\/types\/page"}],"author":[{"embeddable":true,"href":"https:\/\/allhackerforhire.com\/fi\/wp-json\/wp\/v2\/users\/1"}],"replies":[{"embeddable":true,"href":"https:\/\/allhackerforhire.com\/fi\/wp-json\/wp\/v2\/comments?post=3"}],"version-history":[{"count":55,"href":"https:\/\/allhackerforhire.com\/fi\/wp-json\/wp\/v2\/pages\/3\/revisions"}],"predecessor-version":[{"id":5159,"href":"https:\/\/allhackerforhire.com\/fi\/wp-json\/wp\/v2\/pages\/3\/revisions\/5159"}],"wp:featuredmedia":[{"embeddable":true,"href":"https:\/\/allhackerforhire.com\/fi\/wp-json\/wp\/v2\/media\/4993"}],"wp:attachment":[{"href":"https:\/\/allhackerforhire.com\/fi\/wp-json\/wp\/v2\/media?parent=3"}],"curies":[{"name":"wp","href":"https:\/\/api.w.org\/{rel}","templated":true}]}}