{"id":40,"date":"2010-08-23T19:14:50","date_gmt":"2010-08-23T19:14:50","guid":{"rendered":"http:\/\/rttheme10.templatemints.com\/?page_id=40"},"modified":"2025-11-16T10:32:59","modified_gmt":"2025-11-16T10:32:59","slug":"palkata-hakkeri","status":"publish","type":"page","link":"https:\/\/allhackerforhire.com\/fi\/palkata-hakkeri\/","title":{"rendered":"Ota yhteytt\u00e4"},"content":{"rendered":"<h1>PALKKAA HAKKERI<\/h1>\n<h2>Vuokraa hakkeri verkossa | Vuokraa hakkeri | Rent a Hacker<\/h2>\n<p>Palkkaa hakkeri, joka on rehellinen ja omistautunut suorittamaan annetut hakkerointipalvelut. Varmat hakkerointipalvelun tulokset. Palkattavat hakkerimme ovat rehellisi\u00e4, omistautuneita ja intohimoisia ty\u00f6t\u00e4\u00e4n kohtaan, he voivat ylitt\u00e4\u00e4 mink\u00e4 tahansa hakkerointitason saadakseen menestyst\u00e4 hakkeroinnissa. Nopea vastaus hakkeri Etsi Dark Web Hacker vastaa 30 minuutin kuluessa.<\/p>\n<h3 data-rt-animate=\"animate\" data-rt-animation-type=\"fade\" data-rt-animation-group=\"single\">OTA YHTEYTT\u00c4<\/h3>\n<h3>Luotettavat hakkerit vuokrattavaksi<\/h3>\n<div><span style=\"color: #ff0000;\"><strong>ALL8hfh@protonmail.ch<\/strong><\/span><\/div>\n<h2><strong>Maanalaiset tietokonehakkerit vuokralle<\/strong><\/h2>\n<p>Olemme palkata hakkeri palveluntarjoajat ja tarjota yksinomainen luotettava Ethical Cyber Asiantuntijat maailmanlaajuisesti. T\u00e4\u00e4lt\u00e4 l\u00f6yd\u00e4t laajan valikoiman online-asiantuntijoita saatavilla. 24 * 7 online asiakastuki. Vuokraa ammattitaitoisia kyberasiantuntijoita 24\/7 milloin tahansa.<\/p>\n<p>Meid\u00e4n paras cyber asiantuntijapalvelut tarjoavat sinulle, Hakkeroitu puhelin Rescue, vaarantunut sosiaalisen median Password Recovery, Recovery varojen Crypto Investment huijaus, pankkisiirto petos j\u00e4ljitt\u00e4minen, herjaava tai v\u00e4\u00e4renn\u00f6s Internet-artikkelit, Blog Posts tai Fake Review raportointi ja poistaminen, Recovery hakkeroitu tai vaarantunut sivustot, ja monet muut t\u00e4llaiset palvelut, joissa olet avuton ja pystyv\u00e4t l\u00f6yt\u00e4m\u00e4\u00e4n mit\u00e4\u00e4n muuta tapaa edet\u00e4 edelleen.<\/p>\n<p>Jos et ole varma, mit\u00e4 palvelua tarvitset, mutta sinulla on ongelma valmiina ratkaistavaksi, sinun on teht\u00e4v\u00e4 aloite ja pyydett\u00e4v\u00e4 sit\u00e4:<\/p>\n<ol>\n<li>Spy and Monitor on eettisen hakkerin palkkaamiseen erikoistunut huippuorganisaatio!<\/li>\n<li>Palkkaa eritt\u00e4in hyvin koulutettuja, sertifioituja ja ammattitaitoisia hakkereita!<\/li>\n<li>Vuokraa hakkeri, joka pystyy t\u00e4ytt\u00e4m\u00e4\u00e4n lupaukset!<\/li>\n<li>Ainutlaatuinen myyntivaltti on luottamus ja vastuullisuus!<\/li>\n<\/ol>\n<p>Rakennamme luottamusta kaikille asiakkaille. \u00c4l\u00e4 ep\u00e4r\u00f6i ottaa meihin yhteytt\u00e4. Mit\u00e4 tahansa kyselyn sinulla on, ota yhteytt\u00e4\u00a0<b>Ammattitaitoiset kyberasiantuntijat<\/b>, ammattitaitoinen ja eritt\u00e4in lahjakas tiimimme vastaa sinulle mahdollisimman pian. Palkkaa hakkeri verkossa.<\/p>\n<p>L\u00f6yd\u00e4t ratkaisun kaikkiin ongelmiin t\u00e4\u00e4ll\u00e4, kuten joku hakkerointi Facebook, Password Recovery, Instagram Hacker, WhatsApp, Snapchat Hacker, S\u00e4hk\u00f6posti, tai tietokone tai ep\u00e4ilet, ett\u00e4 joku valvoo puhelimesi, saada ratkaisu ongelmaasi asiantuntija cyber asiantuntijat.<\/p>\n<p>Meill\u00e4 on 100+ ammatillinen Cyber asiantuntijat ja varmistamme, ett\u00e4 olet 100% turvallinen ja turvallinen aikana palkata hakkeri verkossa meilt\u00e4. Luottamus on ensimm\u00e4inen aseemme. Joten \u00e4l\u00e4 huoli! Olemme toimittaneet palveluitamme paljon asiakkaita maailmanlaajuisesti. Emme paljasta henkil\u00f6tietojasi kenellek\u00e4\u00e4n.<\/p>\n<p><img decoding=\"async\" data-src=\"https:\/\/hireonlinehackers.com\/wp-content\/uploads\/2023\/01\/5-star-300x158.jpg\" alt=\"Professional Hacker for Hire Palvelut\" width=\"53\" height=\"28\" src=\"data:image\/svg+xml;base64,PHN2ZyB3aWR0aD0iMSIgaGVpZ2h0PSIxIiB4bWxucz0iaHR0cDovL3d3dy53My5vcmcvMjAwMC9zdmciPjwvc3ZnPg==\" class=\"lazyload\" style=\"--smush-placeholder-width: 53px; --smush-placeholder-aspect-ratio: 53\/28;\" \/><\/p>\n<h3 data-rt-animate=\"animate\" data-rt-animation-type=\"fade\" data-rt-animation-group=\"single\">TYYTYV\u00c4ISYYS ON TAATTU.<\/h3>\n<h2>Ammattimaisia hakkereita vuokrattavana<\/h2>\n<h3>Puhelimen valvontapalvelut<\/h3>\n<p>Toimitamme t\u00e4ydellisen matkapuhelimen valvontapalvelun kohdennetulle numerollesi k\u00e4ytt\u00e4en huipputeknologiaa, jonka avulla voit hallita laitteen kaikkia osia. Huijauskumppanin seuranta on k\u00e4ytett\u00e4viss\u00e4si palveluksessasi! Hacker For Hire.<\/p>\n<h3>Salasanan palautuspalvelut<\/h3>\n<p>Toimitamme sinulle p\u00e4\u00e4syn koko tiliin, jotta voit lukea kaikki saapuvat ja l\u00e4htev\u00e4t viestit. N\u00e4et my\u00f6s viime aikoina poistetut viestit. Todellisia hakkereita vuokrattavana.<\/p>\n<p><img decoding=\"async\" data-src=\"https:\/\/hireonlinehackers.com\/wp-content\/uploads\/2023\/01\/5-star-300x158.jpg\" alt=\"Professional Hacker for Hire Palvelut\" width=\"66\" height=\"35\" src=\"data:image\/svg+xml;base64,PHN2ZyB3aWR0aD0iMSIgaGVpZ2h0PSIxIiB4bWxucz0iaHR0cDovL3d3dy53My5vcmcvMjAwMC9zdmciPjwvc3ZnPg==\" class=\"lazyload\" style=\"--smush-placeholder-width: 66px; --smush-placeholder-aspect-ratio: 66\/35;\" \/><\/p>\n<h3>Sosiaalisen median tunkeutumispalvelut<\/h3>\n<p>Toimitamme sinulle p\u00e4\u00e4syn eri sosiaalisen median tileille, kuten Messengeriin, Whatsappiin, Instagramiin, Snapchatiin, Telegramiin jne. Seuraa huomaamattomasti varoittamatta kohdettasi. Nyt voit vuokrata sosiaalisen median eettiset kyberasiantuntijat meilt\u00e4. Palkkaa hakkeri.<\/p>\n<h2><strong>Parhaat eettiset kyberhakkerit<\/strong><\/h2>\n<p>Ammattitaitoiset kyberasiantuntijat ovat aina valmiita tarjoamaan sinulle parhaan hakkerointipalvelun. Olemme ammattimaisia hakkerointipalvelujen tarjoajia Yhdysvalloissa. Voit helposti tutkia verkossa\u00a0<b>vuokrattavat hakkerit<\/b>. Koska eturivin Ethical Hacker for Hire tukea maailmassa, Spy ja Monitor tarjoaa parhaat online Cyber asiantuntijat maailmanlaajuisesti.<\/p>\n<p>Meill\u00e4 on erikoistunut 100+ maailmanlaajuinen tiimi, joka koostuu eritt\u00e4in kokeneista kyberasiantuntijoista.\u00a0<a href=\"https:\/\/allhackerforhire.com\/fi\/palkata-hakkeri\/\">Ota yhteytt\u00e4 hakkereihin verkossa<\/a>, jotka ovat ylivoimaisten niittyjen asiantuntijoita. Meid\u00e4n parhaat hakkerit palkataan verkossa johtamalla lukuisia tason live-testej\u00e4; kun he todistavat itsens\u00e4, he voivat liitty\u00e4 ylivoimaiseen tiimiimme.<a href=\"https:\/\/duckduckgo.com\/\" target=\"_blank\" rel=\"noopener\">.<\/a> Palkkaa hakkeri mit\u00e4 tahansa ty\u00f6t\u00e4 varten.<\/p>\n<p>\u2713 Hire Professional Cyber Asiantuntijat puhelin seurantapalvelut<\/p>\n<p>\u2713 Eettisten kyberhakkereiden palkkaaminen ep\u00e4eettisen kumppanin \/ ep\u00e4eettisen puolison seurantaan<\/p>\n<p>\u2713 Hire Hakkerit Recovery Crypto Investment huijaus<\/p>\n<p>\u2713 Palkkaa eettiset kyberammattilaiset sosiaalisen median tunkeutumista varten<\/p>\n<p><img decoding=\"async\" data-src=\"https:\/\/buylegitpassport.com\/wp-content\/uploads\/2022\/11\/5-star-2-300x158.jpg\" alt=\"Palkkaa hakkeri\" width=\"70\" height=\"37\" src=\"data:image\/svg+xml;base64,PHN2ZyB3aWR0aD0iMSIgaGVpZ2h0PSIxIiB4bWxucz0iaHR0cDovL3d3dy53My5vcmcvMjAwMC9zdmciPjwvc3ZnPg==\" class=\"lazyload\" style=\"--smush-placeholder-width: 70px; --smush-placeholder-aspect-ratio: 70\/37;\" \/><\/p>\n<section data-id=\"785fc72\" data-element_type=\"section\" data-settings=\"{&quot;background_background&quot;:&quot;classic&quot;}\">\n<h2><strong>KEIT\u00c4 ME OLEMME<\/strong><\/h2>\n<p>Palkkaamamme hakkerit ovat ammattitaitoisia, kokeneita, poikkeuksellisia ja eritt\u00e4in lahjakkaita. Suurin osa eettisist\u00e4 kyberasiantuntijoistamme ty\u00f6skenteli 15+ vuotta eri asiakkaille ja virastoille sosiaalisen median tunkeutumisen, varojen takaisinperinn\u00e4n huijaussivustoista tai yrityksist\u00e4, krypto- tai Bitcoin-sijoitusten ja tiedonhallinnan alalla, ja useimmilla, ellei kaikilla, on tietoa ty\u00f6skentelyst\u00e4 yrityksille, jotka muokkaavat erilaisia tietoturva-asetelmia eri sovelluksille. Ty\u00f6skennelty\u00e4\u00e4n t\u00e4llaisissa yrityksiss\u00e4 antaa ammattimaisille hakkereillemme etuly\u00f6ntiaseman ja koko n\u00e4kemyksen siit\u00e4, miten turvallisuus toimii eri sovelluksissa<\/p>\n<h2><strong>MIT\u00c4 ME TEEMME<\/strong><\/h2>\n<p>Olemme kaikkien alojen ammattilaisia. Olemme asiantuntijoita puhelinvalvonnassa ja tarjoamme t\u00e4ydellisi\u00e4 puhelinvalvontapalveluja asiakkaillemme, jotka tarvitsevat sit\u00e4 s\u00e4\u00e4nn\u00f6llisesti lapsilleen tai tilanteissa, kuten ep\u00e4illylle huijaavalle puolisolle tai liikekumppaneille jne. T\u00e4m\u00e4 ei kuitenkaan ole ainoa asia, jota teemme, t\u00e4yt\u00e4 vain yhteydenottolomakkeemme, niin voimme keskustella vaatimuksistasi ja tarjota sinulle sopivan ratkaisun.<\/p>\n<h2><strong>PALKATTAVA HAKKERI<\/strong><\/h2>\n<p>Palkkaa hakkerimme, jotka ovat omistautuneet huippuosaamiseen. On tilanteita, kun harkitset ty\u00f6llist\u00e4\u00e4 newbie; kuitenkin, odotat saada k\u00e4siins\u00e4 hakkeri. \u00c4l\u00e4 ep\u00e4r\u00f6i ottaa yhteytt\u00e4 meihin, ja me voimme tarjota sinulle tietyn vuokraus hakkeripalvelun. Alla on lueteltu pari kuuminta hakkerin vuokrauspalvelun tarjoajia. Palkkaa hakkeri.<\/p>\n<h3>Paljonko hakkerin palkkaaminen maksaa?<\/h3>\n<p>Hakkerin palkkaamisen kustannukset voivat vaihdella suuresti sen mukaan, millaista ty\u00f6t\u00e4 tarvitset, mik\u00e4 on hakkerin asiantuntemuksen taso ja kuinka paljon aikaa teht\u00e4v\u00e4n suorittamiseen kuluu. Hakkerin palkkaaminen voi maksaa muutamasta eurosta tuhansiin dollareihin.<\/p>\n<p>Saatat mietti\u00e4, onko hakkerin palkkaaminen laitonta. Kyll\u00e4, on t\u00e4rke\u00e4\u00e4 huomata, ett\u00e4 hakkerin palkkaaminen on laitonta useimmissa maissa, ja sill\u00e4 voi olla vakavia oikeudellisia seurauksia.<\/p>\n<h2>Hakkerointipalvelumme<\/h2>\n<ol>\n<li>Matkapuhelimen seurantapalvelu<\/li>\n<li>Sosiaalisen median kyberasiantuntijat<\/li>\n<li>Verkkosivuston tunkeutumistestaus<\/li>\n<li>Pett\u00e4neen kumppanin\/puolison tutkinta<\/li>\n<li>Pilvitietokoneen valvontapalvelut<\/li>\n<li>Pankkisiirron peruuttaminen<\/li>\n<li>Petos Bitcoin sijoitusrahastojen takaisinperint\u00e4<\/li>\n<\/ol>\n<\/section>","protected":false},"excerpt":{"rendered":"<p>HAKKARIN VUOKRAAMINEN Hire A Hacker Online | Vuokraa hakkeri | Vuokraa hakkeri Vuokraa hakkeri Vuokraa hakkeri, joka on rehellinen ja omistautunut t\u00e4ytt\u00e4m\u00e4\u00e4n Hacking Service Assigned. Varmistettu hakkerointipalvelun tulokset. Meid\u00e4n hakkerit vuokrataan ovat rehellisi\u00e4, omistautuneita ja intohimoisesti ty\u00f6t\u00e4\u00e4n, he voivat ylitt\u00e4\u00e4 mink\u00e4 tahansa tason hakkerointi saada menestyst\u00e4 [...]<\/p>","protected":false},"author":1,"featured_media":0,"parent":0,"menu_order":0,"comment_status":"open","ping_status":"closed","template":"builder-ready.php","meta":{"_acf_changed":false,"footnotes":""},"class_list":["post-40","page","type-page","status-publish","hentry"],"acf":[],"_links":{"self":[{"href":"https:\/\/allhackerforhire.com\/fi\/wp-json\/wp\/v2\/pages\/40","targetHints":{"allow":["GET"]}}],"collection":[{"href":"https:\/\/allhackerforhire.com\/fi\/wp-json\/wp\/v2\/pages"}],"about":[{"href":"https:\/\/allhackerforhire.com\/fi\/wp-json\/wp\/v2\/types\/page"}],"author":[{"embeddable":true,"href":"https:\/\/allhackerforhire.com\/fi\/wp-json\/wp\/v2\/users\/1"}],"replies":[{"embeddable":true,"href":"https:\/\/allhackerforhire.com\/fi\/wp-json\/wp\/v2\/comments?post=40"}],"version-history":[{"count":104,"href":"https:\/\/allhackerforhire.com\/fi\/wp-json\/wp\/v2\/pages\/40\/revisions"}],"predecessor-version":[{"id":5858,"href":"https:\/\/allhackerforhire.com\/fi\/wp-json\/wp\/v2\/pages\/40\/revisions\/5858"}],"wp:attachment":[{"href":"https:\/\/allhackerforhire.com\/fi\/wp-json\/wp\/v2\/media?parent=40"}],"curies":[{"name":"wp","href":"https:\/\/api.w.org\/{rel}","templated":true}]}}