{"id":4967,"date":"2023-09-10T15:27:23","date_gmt":"2023-09-10T15:27:23","guid":{"rendered":"https:\/\/hireonlinehackers.com\/?page_id=4967"},"modified":"2024-07-02T22:26:43","modified_gmt":"2024-07-02T22:26:43","slug":"puhelinhakkereiden-vuokrauspalvelu","status":"publish","type":"page","link":"https:\/\/allhackerforhire.com\/fi\/puhelinhakkereiden-vuokrauspalvelu\/","title":{"rendered":"Puhelin hakkerit"},"content":{"rendered":"<div data-elementor-type=\"wp-page\" data-elementor-id=\"4967\" class=\"elementor elementor-4967\">\n\t\t\t\t\t\t<section class=\"elementor-section elementor-top-section elementor-element elementor-element-21ed0537 elementor-section-boxed elementor-section-height-default elementor-section-height-default default-style\" data-id=\"21ed0537\" data-element_type=\"section\" data-settings=\"{&quot;rt_color_sets&quot;:&quot;default-style&quot;}\">\n\t\t\t\t\t\t<div class=\"elementor-container elementor-column-gap-default\">\n\t\t\t\t\t<div class=\"elementor-column elementor-col-100 elementor-top-column elementor-element elementor-element-320524c5\" data-id=\"320524c5\" data-element_type=\"column\">\n\t\t\t<div class=\"elementor-widget-wrap elementor-element-populated\">\n\t\t\t\t\t\t<div class=\"elementor-element elementor-element-15f4f884 elementor-widget elementor-widget-text-editor\" data-id=\"15f4f884\" data-element_type=\"widget\" data-widget_type=\"text-editor.default\">\n\t\t\t\t<div class=\"elementor-widget-container\">\n\t\t\t\t\t\t\t\t\t<p><\/p>\n<h2 class=\"wp-block-heading\">Puhelin hakkereiden vuokrauspalvelu<\/h2>\n<p><\/p>\n<div data-id=\"45a8c67\" data-element_type=\"widget\" data-widget_type=\"text-editor.default\">\n<div>\n<div data-id=\"68dc6d6\" data-element_type=\"widget\" data-widget_type=\"text-editor.default\">\n<div>\n<p>Puhelimen hakkerit vuokrauspalvelu tarjoaa t\u00e4yden puhelimen valvonnan, jonka avulla voit kuunnella puheluita, n\u00e4hd\u00e4 tekstiviestej\u00e4 ja iMessage, Whatsapp-viestej\u00e4, Instagram, Snapchat-viestej\u00e4 ja kaikkia muita viestipalveluja ja sosiaalista mediaa, joita k\u00e4ytet\u00e4\u00e4n laitteesta. <span contenteditable=\"true\">Puhelimen hakkerit vuokrauspalvelu.<\/span><\/p>\n<p>\u00a0Puhelinhakkeri-palvelua voi pyyt\u00e4\u00e4 t\u00e4ytt\u00e4m\u00e4ll\u00e4 yhteydenottolomakkeemme, joka on saatavilla t\u00e4m\u00e4n sivun alareunassa. Voit olla varma 100% luottamuksellisuudesta tilatessasi puhelinhakkeri vuokrauspalvelua. Viestint\u00e4si kanssamme on t\u00e4ysin turvallista. Voit vapaasti tilata puhelimen hakkerointipalvelun t\u00e4ydell\u00e4 luottamuksella ja saada v\u00e4litt\u00f6mi\u00e4 vastauksia eritt\u00e4in aktiiviselta asiakastukeltamme.<a href=\"https:\/\/duckduckgo.com\/\" target=\"_blank\" rel=\"noopener\">.<\/a> Palkkaa k\u00e4nnykk\u00e4hakkeri.<\/p>\n<h3><span contenteditable=\"true\">Palkkaa hakkeri hakkeroimaan k\u00e4nnykk\u00e4.<\/span><\/h3>\n<p>Palkata hakkeri matkapuhelimen \/ matkapuhelin mit\u00e4 vaatimus voi olla seurata lapsesi toimintaa selvitt\u00e4\u00e4 ep\u00e4ilty huijaaminen puoliso \/ kumppani tai muita puhelimen hakkerointi vaatimukset riippuen olosuhteista. <span contenteditable=\"true\">Palkkaa hakkeri hakkeroimaan matkapuhelin.<\/span><\/p>\n<div data-animation-style=\"fade\" data-animation-repeat=\"\" data-animation-duration=\"1000ms\" data-animation-delay=\"0ms\" data-animation-intensity=\"50%\" data-animation-starting-opacity=\"0%\" data-animation-speed-curve=\"ease-in-out\">\n<div>\n<h1>Remote Matkapuhelin Hackers for Hire Online<\/h1>\n<h2>Voimme hakkeroida mit\u00e4 tahansa verkossa<\/h2>\n<\/div>\n<\/div>\n<div>\n<div>\n<p>Keystroke Group koostuu 50:st\u00e4 sertifioidusta eettisest\u00e4, harmaahattu- ja mustahattututkijasta. <a href=\"https:\/\/allhackerforhire.com\/fi\/\" target=\"_blank\" rel=\"noopener\">Hakkerit verkossa<\/a>. Ryhm\u00e4mme on erikoistunut matkapuhelinten hakkerointiin ja digitaaliseen rikostutkintaan. Voit nyt p\u00e4\u00e4st\u00e4 mihin tahansa tietoihin mist\u00e4 tahansa \u00e4lypuhelimesta vain matkapuhelinnumeron avulla<a href=\"https:\/\/www.bing.com\/\" target=\"_blank\" rel=\"noopener\">.<\/a> Ty\u00f6mme kattaa my\u00f6s p\u00e4\u00e4syn mihin tahansa sosiaalisen median tiliin. Tili voi olla aktiivinen, deaktivoitu tai jopa poistettu. <span contenteditable=\"true\">Palkkaa hakkeri hakkeroimaan matkapuhelin.<\/span><\/p>\n<div>\n<h2>Vuokraa Hacker Service vakoilla Cell Phone<\/h2>\n<p>Viime aikoina on yleisesti ottaen tapahtunut paljon teknist\u00e4 kehityst\u00e4, erityisesti kun on kyse matkapuhelimen vakoilun seurantateknologiasta. Matkapuhelimen vakoilusovellusten kehitt\u00e4misest\u00e4 ammattilaisiin, jotka tarjoavat teknisi\u00e4 taitojaan ja teknologista tietotaitoaan, mit\u00e4 on. Voit helposti palkata yhden n\u00e4ist\u00e4\u00a0<a href=\"https:\/\/allhackerforhire.com\/fi\/\" target=\"_blank\" rel=\"noreferrer noopener\">legit ja todennettu-hakkerit<\/a>\u00a0matkapuhelimen seurantaan ja muihin hakkerointipalveluihin, joista saatat olla kiinnostunut. <span contenteditable=\"true\">Puhelimen hakkerit vuokrauspalvelu.<\/span><\/p>\n<p>Monet ihmiset ovat kiinnostuneita vakoilemaan muiden ihmisten matkapuhelimia eri syist\u00e4. Kolme t\u00e4rkeint\u00e4 ihmisryhm\u00e4\u00e4, jotka pit\u00e4v\u00e4t k\u00e4nnyk\u00e4n vakoiluteknologiaa erityisen hy\u00f6dyllisen\u00e4, ovat kuitenkin seuraavat: avioparit, jotka yritt\u00e4v\u00e4t vakoilla puolisoaan varmistaakseen, ettei t\u00e4m\u00e4 ole uskoton, vanhemmat, jotka yritt\u00e4v\u00e4t valvoa lapsiaan, ja ty\u00f6nantajat, jotka haluavat valvoa ty\u00f6ntekij\u00f6it\u00e4\u00e4n. <span contenteditable=\"true\">Palkkaa hakkeri hakkeroimaan matkapuhelin.<\/span><\/p>\n<h2>Palkata hakkeri Phone hakkerointi<\/h2>\n<p>Kun on kyse matkapuhelimen seurannasta, paras paikka, josta l\u00f6yd\u00e4t luotettavan ja luotettavan ratkaisun, on palkata ammattimainen hakkeripalvelu, johon voit luottaa. Tietokonehakkeroinnilla ja \u00e4lypuhelinten hakkeroinnilla on paljon yhteist\u00e4, ja siksi vain ammattimaiseen hakkeriin voi luottaa, kun se auttaa p\u00e4\u00e4sem\u00e4\u00e4n k\u00e4siksi mobiililaitteeseen seurantaa varten. <span contenteditable=\"true\">Palkkaa hakkeri hakkeroimaan matkapuhelin.<\/span><\/p>\n<p>Jos yrit\u00e4t tehd\u00e4 verkkohaun siit\u00e4, miten k\u00e4nnykk\u00e4\u00e4 voi vakoilla, suurin osa tuloksista on vakoilusovelluksia. Totuus on kuitenkin se, ett\u00e4 vakoilusovellukset ovat yleisesti ottaen tunnetusti tehottomia, ja vakoilusovelluksen nimest\u00e4 riippumatta ne kaikki toimivat yleens\u00e4 samalla tavalla. Toinen vakoilusovellusten puute on se, ett\u00e4 sinulla on oltava p\u00e4\u00e4sy kohdelaitteeseen, jotta voit k\u00e4ytt\u00e4\u00e4 sit\u00e4. <span contenteditable=\"true\">Puhelin hakkereiden vuokrauspalvelu<\/span><\/p>\n<div id=\"attachment_4971\" style=\"width: 310px\" class=\"wp-caption alignnone\"><img decoding=\"async\" aria-describedby=\"caption-attachment-4971\" data-src=\"https:\/\/hireonlinehackers.com\/wp-content\/uploads\/2023\/09\/Phone-Hackers-For-Hire-Service-300x158.jpg\" alt=\"Puhelin hakkereiden vuokrauspalvelu\" width=\"300\" height=\"158\" src=\"data:image\/svg+xml;base64,PHN2ZyB3aWR0aD0iMSIgaGVpZ2h0PSIxIiB4bWxucz0iaHR0cDovL3d3dy53My5vcmcvMjAwMC9zdmciPjwvc3ZnPg==\" class=\"lazyload\" style=\"--smush-placeholder-width: 300px; --smush-placeholder-aspect-ratio: 300\/158;\" \/><p id=\"caption-attachment-4971\" class=\"wp-caption-text\">Puhelin hakkereiden vuokrauspalvelu<\/p><\/div>\n<h2>Matkapuhelimen hakkerointi Service Solution<\/h2>\n<p>Kaikki Hacker For Hire on kehittynyt matkapuhelin hakkerointi ratkaisuja, joiden avulla voit vakoilla tahansa matkapuhelimen kuten iOS-puhelimet ja Android matkapuhelimet. All Hacker For Hire sis\u00e4lt\u00e4\u00e4 kaikki parhaat matkapuhelimen vakoiluteknologia sen puhelimen vakoilu ratkaisu, ja se on yksi harvoista matkapuhelimen vakoilu sovellus ratkaisu, jonka avulla voit asentaa ja seurata kohdepuhelimen et\u00e4n\u00e4.<\/p>\n<h2>Miksi ihmiset palkkaavat Professional hakkerit palkata<\/h2>\n<p>Ihmiset palkkaavat ammattimaisia hakkereita tarjoamaan heille erilaisia hakkerointipalveluja. T\u00e4m\u00e4n artikkelin viimeisess\u00e4 osassa tarkastellaan joitakin t\u00e4rkeimpi\u00e4 palveluja, joita ihmiset haluavat palkata hakkerin tekem\u00e4\u00e4n heille. Joitakin yleisimpi\u00e4 vuokrattavia hakkeripalveluja ovat mm. seuraavat;<\/p>\n<p><strong>Palkkaa hakkeri nappaamaan pett\u00e4v\u00e4 puoliso:<\/strong>\u00a0Viime aikoina teknologian kehittyminen on lis\u00e4nnyt uskottomuutta. Ihmiset voivat nyt helposti rekister\u00f6ity\u00e4 deittisivustoille etsi\u00e4kseen ja harjoittaakseen avioliiton ulkopuolista suhdetta. My\u00f6s matkapuhelimet ovat tehneet laittomien suhteiden hoitamisesta helppoa. T\u00e4m\u00e4n vuoksi ep\u00e4ilytt\u00e4v\u00e4t pariskunnat k\u00e4\u00e4ntyv\u00e4t hakkerien puoleen, jotta he voisivat l\u00f6yt\u00e4\u00e4 todisteita avioliiton ulkopuolisista suhteista.<\/p>\n<p><strong>Palkkaa hakkeri hakkeroimaan matkapuhelin:<\/strong>\u00a0Matkapuhelinten hakkerointi on toinen suosittu palvelu, jota hakkereita palkkaavat ihmiset tarvitsevat. Kyky vakoilla matkapuhelinta antaa sinulle mahdollisuuden seurata kaikkea puhelimessa olevaa, kuten gps-sijaintia sek\u00e4 kaikkea viestint\u00e4\u00e4.<\/p>\n<p><strong>Palkkaa hakkeri hakkeroimaan sosiaalisen median tilej\u00e4:\u00a0<\/strong>Maailmassa on yli 4 miljardia sosiaalisen median tili\u00e4. Siksi ei ole yll\u00e4tt\u00e4v\u00e4\u00e4, ett\u00e4 sosiaalisen median hakkerointi on my\u00f6s hakkerointipalvelu, jolla on suuri kysynt\u00e4.<\/p>\n<p>On muitakin hakkerointipalveluita, joilla on suuri kysynt\u00e4, kuten - verkkosivustojen hakkerointi, kadonneiden, huijatuksi tulleiden tai varastettujen kryptovaluuttojen ja -varojen palauttaminen, hakkerointi tai hakkeroitujen s\u00e4hk\u00f6postitilien palauttaminen, tietokonej\u00e4rjestelmien hakkerointi ja paljon muuta.<\/p>\n<p>Mik\u00e4 tahansa palvelu se on, ett\u00e4 haluat a palkata hakkeri varten, voit aina luottaa yksi legit hakkerit tarjoavat aitoa hakkeri varten. <a href=\"https:\/\/allhackerforhire.com\/fi\/ammattimaiset-hakkerit-vuokrattavissa\/\">vuokrauspalvelu<\/a> toimittamaan parasta hakkerointipalvelua tyydytt\u00e4v\u00e4ll\u00e4 tavalla.<\/p>\n<p>Puhelimen hakkerointipalvelut<br \/>Sosiaalisen median hakkerit<br \/>Sosiaalisen median hakkerit vuokrattavissa<br \/>Palkata hakkeri matkapuhelimeen<br \/>Pime\u00e4n verkon hakkerit vuokrattavissa<br \/>Eettiset hakkerit vuokrattavissa<br \/>Palkkaa joku hakkeroimaan puhelin<br \/>Ammattimaiset hakkerointipalvelut<\/p>\n<p>Palkkaa hakkeri verkossa<br \/>Ammattimaisia hakkereita vuokrattavana<br \/>Palkkaa Facebook-hakkeri<br \/>Puhelimen hakkerit vuokrattavissa<br \/>Palkkaa hakkeri halvalla<br \/>Vuokraa hakkeri<br \/>Palkkaa instagram hakkeri<br \/>Iphone hakkerit vuokrattavana<\/p>\n<p>Tietokonehakkerit vuokrattavissa<br \/>Mist\u00e4 voin palkata hakkerin<br \/>Mist\u00e4 palkata hakkeri<br \/>Paras puhelin hakkereiden palkata<br \/>Palkkaa ammattimainen puhelinhakkeri<\/p>\n<p>Aitoja hakkereita vuokrattavana<br \/>Tarvitsen hakkerin muuttamaan arvosanani.<br \/>Palkkaa hakkeri hankkimaan salasana<br \/>Vuokraa s\u00e4hk\u00f6postihakkeri<br \/>Whatsapp hakkerointi palvelu<br \/>Palkata whatsapp hakkeri<\/p>\n<\/div>\n<\/div>\n<\/div>\n<\/div>\n<\/div>\n<p><img decoding=\"async\" data-src=\"https:\/\/hireonlinehackers.com\/wp-content\/uploads\/2023\/01\/5-star-300x158.jpg\" alt=\"Professional Hacker for Hire Palvelut\" width=\"36\" height=\"19\" src=\"data:image\/svg+xml;base64,PHN2ZyB3aWR0aD0iMSIgaGVpZ2h0PSIxIiB4bWxucz0iaHR0cDovL3d3dy53My5vcmcvMjAwMC9zdmciPjwvc3ZnPg==\" class=\"lazyload\" style=\"--smush-placeholder-width: 36px; --smush-placeholder-aspect-ratio: 36\/19;\" \/><\/p>\n<\/div>\n<\/div>\n<p><\/p>\t\t\t\t\t\t\t\t<\/div>\n\t\t\t\t<\/div>\n\t\t\t\t\t<\/div>\n\t\t<\/div>\n\t\t\t\t\t<\/div>\n\t\t<\/section>\n\t\t\t\t<section class=\"elementor-section elementor-top-section elementor-element elementor-element-da4e662 elementor-section-boxed elementor-section-height-default elementor-section-height-default default-style\" data-id=\"da4e662\" data-element_type=\"section\" data-settings=\"{&quot;rt_color_sets&quot;:&quot;default-style&quot;}\">\n\t\t\t\t\t\t<div class=\"elementor-container elementor-column-gap-default\">\n\t\t\t\t\t<div class=\"elementor-column elementor-col-50 elementor-top-column elementor-element elementor-element-db924fe\" data-id=\"db924fe\" data-element_type=\"column\">\n\t\t\t<div class=\"elementor-widget-wrap elementor-element-populated\">\n\t\t\t\t\t\t<div class=\"elementor-element elementor-element-0485719 elementor-widget elementor-widget-image\" data-id=\"0485719\" data-element_type=\"widget\" data-widget_type=\"image.default\">\n\t\t\t\t<div class=\"elementor-widget-container\">\n\t\t\t\t\t\t\t\t\t\t\t\t\t\t\t<img fetchpriority=\"high\" decoding=\"async\" width=\"768\" height=\"288\" src=\"https:\/\/allhackerforhire.com\/wp-content\/uploads\/2022\/11\/Buy-Registered-Documents.jpg\" class=\"attachment-large size-large wp-image-4545\" alt=\"Palkkaa Dark Web Hackers\" srcset=\"https:\/\/allhackerforhire.com\/wp-content\/uploads\/2022\/11\/Buy-Registered-Documents.jpg 768w, https:\/\/allhackerforhire.com\/wp-content\/uploads\/2022\/11\/Buy-Registered-Documents-300x113.jpg 300w, https:\/\/allhackerforhire.com\/wp-content\/uploads\/2022\/11\/Buy-Registered-Documents-600x225.jpg 600w\" sizes=\"(max-width: 768px) 100vw, 768px\" \/>\t\t\t\t\t\t\t\t\t\t\t\t\t\t\t<\/div>\n\t\t\t\t<\/div>\n\t\t\t\t\t<\/div>\n\t\t<\/div>\n\t\t\t\t<div class=\"elementor-column elementor-col-50 elementor-top-column elementor-element elementor-element-bff131d\" data-id=\"bff131d\" data-element_type=\"column\">\n\t\t\t<div class=\"elementor-widget-wrap elementor-element-populated\">\n\t\t\t\t\t\t<div class=\"elementor-element elementor-element-db6bcbe elementor-widget elementor-widget-heading\" data-id=\"db6bcbe\" data-element_type=\"widget\" data-widget_type=\"heading.default\">\n\t\t\t\t<div class=\"elementor-widget-container\">\n\t\t\t\t\t<h2 class=\"elementor-heading-title elementor-size-default\"><a data-category=\"text-result\" data-action=\"position\" data-label=\"1\/1\" href=\"https:\/\/onionlandsearchengine.net\/r?q=Phone+Hackers+For+Hire+Service&amp;l=eyJpdiI6IlJJUVhvWngwTnZ4dU1Fa24yU2hcL2hBPT0iLCJ2YWx1ZSI6InNYYVhsaG1ZQnV1VnVmZlBlY0h1SXdZT3Nmd1E4NHVCdE1hTmp0NjQ1VjZyTHRPTEFYbzJlU0dta3ZPWkF1T2FNWTZCOW45VG1aQTBuOTRyMm1INVpjSmMyc0N0XC9TOUF2K0xwUVZRK1ZwR0V3eHdzazlXa1hFTFcxQUVKVE90TFRSNk9PS2dkYlwvZitGazliOXd6TytRPT0iLCJtYWMiOiJlNjJjMWU4MDQ5MmM2ODRkMDlhODBmMGM3NWRhZGNhM2VkNTJjMTA2ZDJkYmZhMjVlZmEwNmYzNDMzNzYyMDZkIn0%253D&amp;p=1&amp;u=529556199\" rel=\"nofollow noopener\" target=\"_blank\">Palkkaa puhelin hakkeri<\/a><\/h2>\t\t\t\t<\/div>\n\t\t\t\t<\/div>\n\t\t\t\t\t<\/div>\n\t\t<\/div>\n\t\t\t\t\t<\/div>\n\t\t<\/section>\n\t\t\t\t<\/div>","protected":false},"excerpt":{"rendered":"<p>Puhelimen hakkerit vuokrauspalvelu Puhelimen hakkerit vuokrauspalvelu tarjoaa t\u00e4yden puhelimen valvonnan, jonka avulla voit kuunnella puheluita, n\u00e4hd\u00e4 tekstiviestej\u00e4 ja iMessage, Whatsapp-viestej\u00e4, Instagram, Snapchat-viestej\u00e4 ja kaikkia muita viestipalveluja ja sosiaalista mediaa, joita k\u00e4ytet\u00e4\u00e4n laitteesta. Puhelimen hakkerit vuokrauspalvelu.  Meid\u00e4n puhelinhakkeri [...]<\/p>","protected":false},"author":1,"featured_media":4968,"parent":0,"menu_order":0,"comment_status":"closed","ping_status":"open","template":"","meta":{"_acf_changed":false,"footnotes":""},"class_list":["post-4967","page","type-page","status-publish","has-post-thumbnail","hentry"],"acf":[],"_links":{"self":[{"href":"https:\/\/allhackerforhire.com\/fi\/wp-json\/wp\/v2\/pages\/4967","targetHints":{"allow":["GET"]}}],"collection":[{"href":"https:\/\/allhackerforhire.com\/fi\/wp-json\/wp\/v2\/pages"}],"about":[{"href":"https:\/\/allhackerforhire.com\/fi\/wp-json\/wp\/v2\/types\/page"}],"author":[{"embeddable":true,"href":"https:\/\/allhackerforhire.com\/fi\/wp-json\/wp\/v2\/users\/1"}],"replies":[{"embeddable":true,"href":"https:\/\/allhackerforhire.com\/fi\/wp-json\/wp\/v2\/comments?post=4967"}],"version-history":[{"count":19,"href":"https:\/\/allhackerforhire.com\/fi\/wp-json\/wp\/v2\/pages\/4967\/revisions"}],"predecessor-version":[{"id":5150,"href":"https:\/\/allhackerforhire.com\/fi\/wp-json\/wp\/v2\/pages\/4967\/revisions\/5150"}],"wp:featuredmedia":[{"embeddable":true,"href":"https:\/\/allhackerforhire.com\/fi\/wp-json\/wp\/v2\/media\/4968"}],"wp:attachment":[{"href":"https:\/\/allhackerforhire.com\/fi\/wp-json\/wp\/v2\/media?parent=4967"}],"curies":[{"name":"wp","href":"https:\/\/api.w.org\/{rel}","templated":true}]}}