{"id":4991,"date":"2023-09-10T16:41:53","date_gmt":"2023-09-10T16:41:53","guid":{"rendered":"https:\/\/hireonlinehackers.com\/?page_id=4991"},"modified":"2024-07-02T22:53:36","modified_gmt":"2024-07-02T22:53:36","slug":"whatsapp-hakkeri-vuokrattavana","status":"publish","type":"page","link":"https:\/\/allhackerforhire.com\/fi\/whatsapp-hakkeri-vuokrattavana\/","title":{"rendered":"WhatsApp-hakkeri"},"content":{"rendered":"<div data-elementor-type=\"wp-page\" data-elementor-id=\"4991\" class=\"elementor elementor-4991\">\n\t\t\t\t\t\t<section class=\"elementor-section elementor-top-section elementor-element elementor-element-21ed0537 elementor-section-boxed elementor-section-height-default elementor-section-height-default default-style\" data-id=\"21ed0537\" data-element_type=\"section\" data-settings=\"{&quot;rt_color_sets&quot;:&quot;default-style&quot;}\">\n\t\t\t\t\t\t<div class=\"elementor-container elementor-column-gap-default\">\n\t\t\t\t\t<div class=\"elementor-column elementor-col-100 elementor-top-column elementor-element elementor-element-320524c5\" data-id=\"320524c5\" data-element_type=\"column\">\n\t\t\t<div class=\"elementor-widget-wrap elementor-element-populated\">\n\t\t\t\t\t\t<div class=\"elementor-element elementor-element-15f4f884 elementor-widget elementor-widget-text-editor\" data-id=\"15f4f884\" data-element_type=\"widget\" data-widget_type=\"text-editor.default\">\n\t\t\t\t<div class=\"elementor-widget-container\">\n\t\t\t\t\t\t\t\t\t<p><\/p>\n<h2 class=\"wp-block-heading\">WhatsApp-hakkeri vuokrattavana<\/h2>\n<p><\/p>\n<div data-id=\"45a8c67\" data-element_type=\"widget\" data-widget_type=\"text-editor.default\">\n<div>\n<div data-id=\"68dc6d6\" data-element_type=\"widget\" data-widget_type=\"text-editor.default\">\n<div>\n<p>Whatsapp hakkeri vuokrauspalvelu on saatavilla kohtuulliseen hintaan erillisen\u00e4 WhatsApp hakata palvelu sek\u00e4 osana puhelimen hakkerointipalvelu, joka tarjoaa p\u00e4\u00e4syn WhatsApp sek\u00e4. Hintamme ovat yksi alan parhaista, ja voit olla varma 100% luottamuksellisuudesta ja salassapidosta sek\u00e4 viestinn\u00e4st\u00e4si kanssamme ett\u00e4 tarjoamastamme WhatsApp-hakkerointipalvelusta, ja voit olla varma sen hankaluudesta kaikissa olosuhteissa.  WhatsApp-tilin hakkeri vuokrattavana.<\/p>\n<p>WhatsApp-hakkerin vuokrauspalvelu voidaan tarjota 24 tunnin kuluessa, jos se on sinulle kiireellinen, mik\u00e4 sis\u00e4lt\u00e4\u00e4 pienen lis\u00e4maksun, joka sis\u00e4ltyy hintaan. Jos olet valmis odottamaan pidemp\u00e4\u00e4n, voit pyyt\u00e4\u00e4 alennusta, jonka tarjoamme ei-kiireellisille WhatsApp-hakkerointipalvelupyynn\u00f6ille. <span contenteditable=\"true\">Palkkaa pime\u00e4n verkon hakkerit.<\/span><\/p>\n<h4>Hakkerointi whats app<\/h4>\n<p>WhatsApp on laajalti k\u00e4ytetty palvelu, erityisesti Yhdistyneess\u00e4 kuningaskunnassa, ja kuten voitte kuvitella, suurin osa WhatsApp-hakkerin vuokrauspalvelupyynn\u00f6ist\u00e4mme tulee Yhdistyneest\u00e4 kuningaskunnasta. Tarjoamme t\u00e4yden p\u00e4\u00e4syn WhatsApp-tileihin, mukaan lukien l\u00e4hetetyt ja vastaanotetut viestit, kuvat ja videot sek\u00e4 \u00e4\u00e4ni- ja videopuhelutallenteet.<br \/>Voit vapaasti t\u00e4ytt\u00e4\u00e4 yhteydenottolomakkeemme saadaksesi lis\u00e4tietoja ja pyyt\u00e4\u00e4 WhatsApp-hakkerointipalvelua.<\/p>\n<div id=\"attachment_5000\" style=\"width: 310px\" class=\"wp-caption alignnone\"><img decoding=\"async\" aria-describedby=\"caption-attachment-5000\" data-src=\"https:\/\/hireonlinehackers.com\/wp-content\/uploads\/2023\/09\/WhatsApp-hacker-300x141.jpg\" alt=\"WhatsApp-hakkeri vuokrattavana\" width=\"300\" height=\"141\" src=\"data:image\/svg+xml;base64,PHN2ZyB3aWR0aD0iMSIgaGVpZ2h0PSIxIiB4bWxucz0iaHR0cDovL3d3dy53My5vcmcvMjAwMC9zdmciPjwvc3ZnPg==\" class=\"lazyload\" style=\"--smush-placeholder-width: 300px; --smush-placeholder-aspect-ratio: 300\/141;\" \/><p id=\"caption-attachment-5000\" class=\"wp-caption-text\">WhatsApp-hakkeri vuokrattavana<\/p><\/div>\n<h1>Palkkaa hakkeri WhatsAppiin<\/h1>\n<p>Virastomme tarjoaa kaikenlaisia hakkerointipalveluja liittyv\u00e4t WhatsApp kanssa per\u00e4kk\u00e4inen track record ja arvostelut.<\/p>\n<p>Kaikki verkkopalvelut tarjotaan edulliseen hintaan ja annettuun m\u00e4\u00e4r\u00e4aikaan menness\u00e4. N\u00e4m\u00e4 erikoisuudet tekev\u00e4t meist\u00e4 #1:n hakkerimaailmassa.<\/p>\n<p>Joten jos etsit Hakea hakkeri - WhatsAppia vuokralle, niin meid\u00e4n toimistomme on paras sinulle.<\/p>\n<p>Tarkista, miksi white hat -sertifioidun virastomme online-hakkerointipalvelut ovat parempia kuin muiden ammattimaisesti sertifioitujen eettisten hakkereiden.<\/p>\n<h2>Hanki WhatsApp-hakkerointipalvelut ajoissa<\/h2>\n<p>Kun<br \/>Asiakkaamme valitsee suunnitelman vaatimustensa mukaan. He haluavat tiettyj\u00e4 ominaisuuksia silt\u00e4 miehelt\u00e4 tai toimistolta, jonka he aikovat palkata vuokralle.<\/p>\n<p>Se voi olla halpa hinta joillekin ihmisille, koska joillakin henkil\u00f6ill\u00e4 on rahaa. Mutta kaikki haluavat, ett\u00e4 heid\u00e4n teht\u00e4v\u00e4ns\u00e4 saadaan valmiiksi hyvin nopeasti ja mahdollisimman pian.<\/p>\n<div>\n<div>\n<h3>Mist\u00e4 palkata hakkeri WhatsAppiin<\/h3>\n<\/div>\n<\/div>\n<p>Ihmiset palkkaavat hakkerin WhatsAppiin, koska he tarvitsevat kaikki yksityiskohdat sit\u00e4 varten.<br \/>He ovat innokkaita l\u00f6yt\u00e4m\u00e4\u00e4n tuloksia yht\u00e4 nopeasti kuin valonnopeus.<\/p>\n<p>Valon nopeus ei ole mahdollista kenellek\u00e4\u00e4n, mutta vakuutamme teille, ett\u00e4 tarjota WhatsApp hakkerointipalvelut ajoissa, joka on annettu sinulle.<\/p>\n<div id=\"attachment_5005\" style=\"width: 310px\" class=\"wp-caption alignnone\"><img fetchpriority=\"high\" decoding=\"async\" aria-describedby=\"caption-attachment-5005\" src=\"https:\/\/hireonlinehackers.com\/wp-content\/uploads\/2023\/09\/Social-Media-Accounts-Hack-300x200.jpg\" alt=\" Mist\u00e4 palkata hakkeri WhatsAppiin \" width=\"300\" height=\"200\" \/><p id=\"caption-attachment-5005\" class=\"wp-caption-text\"><br \/>Mist\u00e4 palkata hakkeri WhatsAppiin<\/p><\/div>\n<h2>Vuokraa WhatsApp Hacker edulliseen hintaan<\/h2>\n<p>Kun menet valkoisen hatun hakkerit WhatsApp hakkerointi liittyv\u00e4t palvelut,<br \/>he voivat veloittaa noin $500 tai ehk\u00e4 enemm\u00e4n. Mutta meid\u00e4n toimistomme uskoo pitk\u00e4aikaisiin suhteisiin.<\/p>\n<p>Siksi virastomme tarjoaa ammattimaista white hat WhatsAppia. <a title=\"hakkeri vuokralla\" href=\"https:\/\/allhackerforhire.com\/fi\/\">hakkerit <\/a><a href=\"https:\/\/allhackerforhire.com\/fi\/palkata-hakkeri\/\" target=\"_blank\" rel=\"noopener\">osoitteessa <\/a><a title=\"hakkeri vuokralla\" href=\"https:\/\/allhackerforhire.com\/fi\/hakkereita-vuokrattavana\/\">vuokra<\/a> eritt\u00e4in edulliseen hintaan. Voit vertailla hintoja my\u00f6s muista l\u00e4hteist\u00e4.<\/p>\n<h4>On joitakin vaiheita ennen kuin valitset WhatsApp-hakkerointipalvelut.<\/h4>\n<ul>\n<li>P\u00e4\u00e4t\u00e4 ensin, mit\u00e4 haluat.<\/li>\n<li>Tarkista sitten hinnat k\u00e4ym\u00e4ll\u00e4 osoitteessa <a href=\"https:\/\/hireonlinehackers.com\/hire-a-hacker\/\" target=\"_blank\" rel=\"noopener\">... <\/a><a href=\"https:\/\/allhackerforhire.com\/fi\/\">riisi<\/a> sivu.<\/li>\n<li>Valitse mik\u00e4 tahansa sinulle sopiva paketti.<\/li>\n<li>L\u00e4het\u00e4 meille kaikki kyselyt yksityiskohtaisesti.<\/li>\n<li>L\u00e4het\u00e4 meille s\u00e4hk\u00f6postia tai keskustele asiakaspalvelun kanssa.<\/li>\n<li>Jos kaikki on selv\u00e4\u00e4 tukitiimin kanssa, anna menn\u00e4.<\/li>\n<\/ul>\n<div>\n<h4>Ammattimaiset hakkerit ottavat yhteytt\u00e4<\/h4>\n<\/div>\n<div>\n<div>\n<p><span data-preserver-spaces=\"true\">Whatsapp on ilmainen viestisovellus \u00e4lypuhelimille, jonka Facebook omistaa t\u00e4ll\u00e4 hetkell\u00e4. Se on yksi suurimmista<br \/>sosiaalisen median verkkoalustat. T\u00e4rkein syy siihen, ett\u00e4 WhatsApp on niin<br \/>suosittu johtuu kansainv\u00e4lisest\u00e4 k\u00e4ytt\u00e4j\u00e4kunnasta. K\u00e4ytt\u00f6liittym\u00e4 on helppo<br \/>ymm\u00e4rt\u00e4\u00e4, ja k\u00e4ytt\u00e4ji\u00e4 on yli 2 miljardia. WhatsApp-tilin hakkeri vuokrattavana.<\/span><\/p>\n<h3>WhatsApp-tilin hakkeri vuokrattavana<\/h3>\n<p><span data-preserver-spaces=\"true\">K\u00e4ytt\u00e4j\u00e4t tuntevat olonsa mukavammaksi v\u00e4litt\u00e4\u00e4 tietojaan WhatsAppin kautta, olipa kyse sitten henkil\u00f6kohtaisesta k\u00e4yt\u00f6st\u00e4 tai liiketoiminnasta. Loppuun asti salattu viestinv\u00e4litys on tehnyt siit\u00e4 suositumman ja vakuuttanut k\u00e4ytt\u00e4j\u00e4t k\u00e4ytt\u00e4m\u00e4\u00e4n sit\u00e4. Silti WhatsAppin hakkerointitemput ovat mahdollisia riitt\u00e4v\u00e4ll\u00e4 tiet\u00e4myksell\u00e4. Mahdollisten hakkerointitemppujen avulla voit p\u00e4\u00e4st\u00e4 k\u00e4siksi jonkun tiliin.  Mist\u00e4 palkata hakkeri WhatsAppia varten.<br \/><\/span><\/p>\n<h4><span data-preserver-spaces=\"true\">Keskustelemme siit\u00e4, miten hakata<\/span><\/h4>\n<p><span data-preserver-spaces=\"true\">Whatsapp-tilej\u00e4 eettisen hakkeroinnin avulla artikkelin loppuosassa. Eettinen hakkerointi on turvallinen l\u00e4hestymistapa, jossa tutustutaan j\u00e4rjestelm\u00e4n puutteisiin turvallisuuden lis\u00e4\u00e4miseksi. Keskustelemme my\u00f6s siit\u00e4, miten palkata hakkeri WhatsAppiin verkossa vakoilemaan jotakuta. Jos olet huolestunut vanhempi, joka haluaa valvoa lapsiaan, tai pomo, joka haluaa tarkistaa ty\u00f6ntekij\u00e4t, niin Whatsapp-huijaustemppujen tunteminen on t\u00e4rke\u00e4\u00e4. <\/span>Ammattimaiset hakkerit ottavat yhteytt\u00e4.<\/p>\n<h2><strong><span data-preserver-spaces=\"true\">Kuinka synkronoida laite Web-selaimella QR-koodin kautta WhatsApp Hacking Tricks.<\/span><\/strong><\/h2>\n<p><span data-preserver-spaces=\"true\">Menetelm\u00e4 on melko yksinkertainen, ja sinun tarvitsee vain saada kohdek\u00e4ytt\u00e4j\u00e4n matkapuhelin. Kun sinulla on uhrin k\u00e4nnykk\u00e4, voit aloittaa. Meid\u00e4n on k\u00e4ytett\u00e4v\u00e4 \u2018WhatsApp Web -palvelua hy\u00f6dyksemme. Jos haluat hy\u00f6dynt\u00e4\u00e4 palvelua, siirry osoitteeseen \u201c<\/span><a href=\"https:\/\/web.whatsapp.com\" target=\"_blank\" rel=\"noopener\"><span data-preserver-spaces=\"true\">https:\/\/web.whatsapp.com<\/span><\/a><span data-preserver-spaces=\"true\">\u201d tietokoneellasi. Jos haluat k\u00e4ytt\u00e4\u00e4 mobiililaitetta, sinun on asennettava mobiililaitteelle<br \/>sovellus nimelt\u00e4 \u2018Whatsapp Web\u2019. Nyt t\u00e4rkein prosessi on seuraava-<\/span><\/p>\n<ol>\n<li><span data-preserver-spaces=\"true\">Avaa malli, jolla haluat tarkastella viestej\u00e4 - voit k\u00e4ytt\u00e4\u00e4 tietokonetta tai mobiililaitetta.<\/span><\/li>\n<li><span data-preserver-spaces=\"true\">Jos haluat k\u00e4ytt\u00e4\u00e4 sit\u00e4 tietokoneelta, avaa verkkoselaimet kirjoittamalla \u201c<\/span><a href=\"https:\/\/web.whatsapp.com\" target=\"_blank\" rel=\"noopener\"><span data-preserver-spaces=\"true\">https:\/\/web.whatsapp.com<\/span><\/a><span data-preserver-spaces=\"true\">.\u201d<br \/>Sinua pyydet\u00e4\u00e4n skannaamaan sivustolla oleva QR-koodi. Skannauksen j\u00e4lkeen<br \/>on valmis uhrin matkapuhelimesta, rastita vaihtoehto \u2018Pid\u00e4 minut kirjautuneena\".<br \/>sis\u00e4\u00e4n.\u201d<\/span><\/li>\n<li><span data-preserver-spaces=\"true\">Mobiilik\u00e4ytt\u00e4j\u00e4t avaavat WhatsApp Web -sovelluksen.<\/span><\/li>\n<li><span data-preserver-spaces=\"true\">Skannaa QR-koodi uhrin laitteen mobiilisovelluksesta seuraavasti - WhatsApp Menu-&gt;WhatsApp Web.<\/span><\/li>\n<\/ol>\n<p><span data-preserver-spaces=\"true\">Nyt kun olet kirjautunut sis\u00e4\u00e4n, sinulla on p\u00e4\u00e4sy kaikkiin viesteihin ja tiedostoihin. Poistettua keskustelua tai teksti\u00e4 ei kuitenkaan n\u00e4ytet\u00e4 k\u00e4ytt\u00e4j\u00e4n k\u00e4ytt\u00f6liittym\u00e4ss\u00e4. T\u00e4m\u00e4n menetelm\u00e4n t\u00e4rkein huomio on, ett\u00e4 sinulla on oltava kohdek\u00e4ytt\u00e4j\u00e4n mobiililaite. Menetelm\u00e4 ei onnistu, jos uhrin mobiililaite ei ole mukana.<\/span><\/p>\n<h2><strong><span data-preserver-spaces=\"true\">Miten Hack WhatsApp Keskustelut k\u00e4ytt\u00e4en WSP 3.0<\/span><\/strong><\/h2>\n<p><span data-preserver-spaces=\"true\">T\u00e4ll\u00e4 menetelm\u00e4ll\u00e4 n\u00e4et kaikki kohdek\u00e4ytt\u00e4j\u00e4n keskustelut ja keskustelut. Sinun on k\u00e4ytett\u00e4v\u00e4<br \/>WhatsApp Scan Pro (WSP). Voit ladata APK-tiedoston, joka on saatavilla verkossa. WSP toimii haittaohjelmana. Se sis\u00e4lt\u00e4\u00e4 viruksen, joka on liitetty valokuvan mukana, jonka aiot l\u00e4hett\u00e4\u00e4 kohteena olevalle k\u00e4ytt\u00e4j\u00e4lle.<\/span><\/p>\n<p><span data-preserver-spaces=\"true\">Uhri joutuu ansaan, jos h\u00e4n klikkaa l\u00e4hetetty\u00e4 kuvaa. On siis l\u00e4hetett\u00e4v\u00e4 kuva, joka saa uhrin klikkaamaan sit\u00e4. Kun uhri avaa valokuvan, virus kulkeutuu automaattisesti laitteeseen.<\/span><\/p>\n<h4><span data-preserver-spaces=\"true\">Freelance-hakkerit vuokrattavissa<br \/><\/span><\/h4>\n<p><span data-preserver-spaces=\"true\">\u00a0WSP auttaa est\u00e4m\u00e4\u00e4n takaporttitoiminnot kehyksess\u00e4 ja muodostamaan yhteyden hakkereihin. Kun hakkeri saa p\u00e4\u00e4syn, QR-koodit skannataan kohteena olevasta mobiiliviestimest\u00e4.<\/span><\/p>\n<p><span data-preserver-spaces=\"true\">Koodi muuttuu 10 sekunnin v\u00e4lein. Hakkeri voi kuitenkin seurata prosessia jatkuvasti. Hakkeri<br \/>p\u00e4\u00e4see k\u00e4siksi uhrin istuntoon heti, kun yhteys on muodostettu.<br \/>perustettu.\u00a0<\/span><\/p>\n<p><span data-preserver-spaces=\"true\">On pidett\u00e4v\u00e4 mieless\u00e4, ett\u00e4 internet-yhteyden on oltava vakaa ja nopea.<\/span><\/p>\n<h4><strong><span data-preserver-spaces=\"true\">Miten Hack WhatsApp viem\u00e4ll\u00e4 Chat History\u00a0\u00a0<\/span><\/strong><\/h4>\n<p><span data-preserver-spaces=\"true\">T\u00e4m\u00e4 on nopein tapa hakata<br \/>Kohdek\u00e4ytt\u00e4j\u00e4n WhatsApp. T\u00e4m\u00e4 WhatsAppin hakkerointitemppu WhatsAppille on melko samanlainen kuin artikkelissa mainittu ensimm\u00e4inen menetelm\u00e4. Prosessi on seuraava.<\/span><\/p>\n<ol>\n<li><span data-preserver-spaces=\"true\">Ota uhrin mobiililaite ja avaa WhatsApp-sovellus.<\/span><\/li>\n<li><span data-preserver-spaces=\"true\">Napsauta Valikko-kuvaketta. Kuvake on kolme pystysuoraa pistett\u00e4 sovelluksen k\u00e4ytt\u00f6liittym\u00e4n yl\u00e4laidassa.<\/span><\/li>\n<li><span data-preserver-spaces=\"true\">Klikkaa nyt Asetukset -&gt; Keskustelut -&gt; Keskusteluhistoria -&gt; Vie keskustelu ( mediahistorian kanssa tai ilman, kuten haluat ).<\/span><\/li>\n<li><span data-preserver-spaces=\"true\">Avaa Gmail ja kirjoita s\u00e4hk\u00f6postiosoite, jonka haluat l\u00e4hett\u00e4\u00e4.\u00a0<\/span><\/li>\n<li><span data-preserver-spaces=\"true\">Napsauta Vie\u00a0<\/span><\/li>\n<\/ol>\n<p><span data-preserver-spaces=\"true\">Tiedosto (tekstimuodossa), mukaan lukien mediatiedosto (jos valittu), l\u00e4hetet\u00e4\u00e4n postitse. Paina \u2018L\u00e4het\u00e4\u2019 saadaksesi teht\u00e4v\u00e4n valmiiksi. Voit noutaa tiedoston nyt tai my\u00f6hemmin s\u00e4hk\u00f6postista.\u00a0<\/span><\/p>\n<p>Tied\u00e4 lis\u00e4\u00e4 temppuja - Palkkaa eettinen hakkeri hakkerin hakkeroida WhatsApp-tilin.<\/p>\n<h5><strong><span data-preserver-spaces=\"true\">Miten palkata hakkerit WhatsApp-tilin hakkerointiin\u00a0<\/span><\/strong><\/h5>\n<p><span data-preserver-spaces=\"true\">Ei ole suositeltavaa palkata hakkeria hakkeroimaan jonkun WhatsApp-tili\u00e4. T\u00e4rkein syy on se, ett\u00e4 monet<br \/>kertaa se voi olla huijaus. Monet ihmiset ovat valittaneet, ett\u00e4 he eiv\u00e4t ole saaneet palvelua, vaikka heilt\u00e4 on veloitettu koko summa. T\u00e4m\u00e4n vaihtoehdon valitseminen voi olla sinulle oikotie, koska sinun ei tarvitse osallistua hakkerointiprosessiin. Mutta my\u00f6s riskit ovat suuret.<\/span><\/p>\n<p><span data-preserver-spaces=\"true\">Jotkut sivustot veloittavat komean summan, jos ei ole mit\u00e4\u00e4n takeita siit\u00e4, ettei tule huijatuksi. Ota<br \/>palvelu ottaen huomioon kaikki mahdolliset riskit. Mutta legit hakkerointi<br \/>sivustot voivat tehd\u00e4 ty\u00f6n puolestasi ilman huijausta.<\/span><\/p>\n<p><span data-preserver-spaces=\"true\">\u00a0Jos olet vakuuttunut siit\u00e4, ett\u00e4 haluat jatkaa hakkerin palkkaamista, seuraa t\u00e4t\u00e4 linkki\u00e4 ja ota yhteytt\u00e4: <\/span><a href=\"https:\/\/allhackerforhire.com\/fi\/\" target=\"_blank\" rel=\"noopener\">Allhackerforhire.com<\/a><span data-preserver-spaces=\"true\"> T\u00e4\u00e4ll\u00e4 saat haluamasi palvelun, kuten on luvattu, vaikka maksu ei tule olemaan halpa.\u00a0<\/span><\/p>\n<h4><span data-preserver-spaces=\"true\">N\u00e4m\u00e4 ovat seuraavat WhatsApp<\/span><\/h4>\n<p><span data-preserver-spaces=\"true\">Hakkerointitemppuja, joita voit kokeilla itse. On parasta olla k\u00e4ytt\u00e4m\u00e4tt\u00e4 menetelmi\u00e4 mihink\u00e4\u00e4n laittomaan toimintaan. K\u00e4yt\u00e4 n\u00e4it\u00e4 tietoja pikemminkin varotoimenpiteen\u00e4, jonka voit toteuttaa tilisi turvallisuuden lis\u00e4\u00e4miseksi. Mutta jos ep\u00e4ilet jotakuta tuntemaasi henkil\u00f6\u00e4, joka saattaa olla osallisena v\u00e4\u00e4rink\u00e4yt\u00f6ksiss\u00e4. K\u00e4yt\u00e4 sitten n\u00e4it\u00e4 menetelmi\u00e4 vakoillaksesi heit\u00e4 ja seurataksesi heid\u00e4n toimintaansa.<\/span><\/p>\n<\/div>\n<\/div>\n<\/div>\n<\/div>\n<h3>Whatsapp Hack Online<\/h3>\n<p>Etsitk\u00f6 hakata yst\u00e4v\u00e4si tai tytt\u00f6yst\u00e4v\u00e4si WhatsApp-viestej\u00e4, \u00e4\u00e4nt\u00e4 ja videoita verkossa? Jos kyll\u00e4, niin olet oikeassa paikassa Voit hakata kaikki sukulaiset, tai yst\u00e4vien WhatsApp-viestej\u00e4 t\u00e4\u00e4ll\u00e4 ja t\u00e4rkein osa t\u00e4t\u00e4 on voit tehd\u00e4 sen ilmaiseksi. Joten nyt n\u00e4emme, miten voimme hakata WhatsAppia verkossa ja miten voimme pilailla yst\u00e4vi\u00e4mme ja sukulaisiamme n\u00e4ytt\u00e4m\u00e4ll\u00e4 heille omia viestej\u00e4\u00e4n. Huomaa, ett\u00e4 t\u00e4m\u00e4 on premium-ty\u00f6kalu, mutta saatavilla ilmaiseksi verkkosivuillamme, joten voit nauttia ilmaisesta palvelustamme. Freelance-hakkerit vuokrattavissa.<\/p>\n<h4>Vaiheet Miten voimme hakata WhatsApp verkossa?<\/h4>\n<p>Sivustomme yl\u00e4osassa on 3 vaihtoehtoa, jotka on pakko t\u00e4ytt\u00e4\u00e4.<\/p>\n<p>\u00a0\u00a0\u00a0 Kirjoita ensimm\u00e4iseen sarakkeeseen puhelinnumero, jonka haluat hakkeroida uhrin puhelinnumeron (maakoodin kanssa).)<br \/>\u00a0\u00a0\u00a0 Toisessa sarakkeessa valitse mit\u00e4 haluat hakata On 4 vaihtoehtoja k\u00e4ytett\u00e4viss\u00e4 viestit, \u00e4\u00e4ni, videot ja kaikki tiedot voit valita mink\u00e4 tahansa 1 vaihtoehto n\u00e4ist\u00e4 nelj\u00e4st\u00e4. WhatsApp-tilin hakkeri vuokrattavana.<\/p>\n<h4><span tabindex=\"0\" role=\"textbox\" contenteditable=\"true\" data-placeholder=\"Example: Rank Math SEO\" aria-placeholder=\"Example: Rank Math SEO\" aria-autocomplete=\"both\" aria-multiline=\"false\">Vuokraa WhatsApp Hacker Online<\/span><\/h4>\n<p>\u00a0\u00a0\u00a0 Kolmannessa sarakkeessa valitse, mist\u00e4 haluat n\u00e4hd\u00e4 hakkeroidut tiedot On 2 vaihtoehtoa k\u00e4ytett\u00e4viss\u00e4 niiden verkossa tai ladattu zip-tiedostona n\u00e4ytt\u00e4\u00e4 offline. Voit valita mink\u00e4 tahansa vaihtoehdon t\u00e4st\u00e4 sarakkeesta.<\/p>\n<p>\u00a0\u00a0\u00a0 Kun olet t\u00e4ytt\u00e4nyt kaikki tiedot klikkaa Hack Now-painiketta ja seuraava edistyminen tapahtuu j\u00e4rjestelm\u00e4mme toimesta. Se luo hash-koodit ja tarkistaa WhatsApp-tietokannan ja sitten se n\u00e4ytt\u00e4\u00e4 sinulle hakkeroitu tulos.<br \/>\u00a0\u00a0\u00a0 Viimeinen vaihe on ladata tai n\u00e4hd\u00e4 hakkeroitu tiedostoja t\u00e4ss\u00e4 vaiheessa voit hakata todistaa, ett\u00e4 olet ihminen, ei robotti vain todistaa, ett\u00e4 t\u00e4ytt\u00e4m\u00e4ll\u00e4 yksinkertainen tarjous. WhatsApp-tilin hakkeri vuokrattavana.<\/p>\n<h4><a href=\"http:\/\/google.com\" target=\"_blank\" rel=\"noopener\">Palkkaa joku hakkeroimaan WhatsApp-tili<\/a><\/h4>\n<p>Wow nyt sinulla on p\u00e4\u00e4sy hakkeroituihin tietoihin Voit n\u00e4hd\u00e4 viestej\u00e4, \u00e4\u00e4nt\u00e4 ja videoita verkossa tai offline ilmaiseksi. Viel\u00e4 yksi auttaa sivustomme jakamalla Facebookissa Google Plus ja muut sosiaalisen median sivustot. Huomaa- Voit hakata vain yhden numeron yhdest\u00e4 IP-osoitteesta. Voit n\u00e4hd\u00e4 hakkeroitu todiste alla olevassa kuvassa. NAUTI!! WhatsApp-tilin hakkeri vuokraa.<\/p>\n<p><img decoding=\"async\" data-src=\"https:\/\/hireonlinehackers.com\/wp-content\/uploads\/2023\/01\/5-star-300x158.jpg\" alt=\"Professional Hacker for Hire Palvelut\" width=\"36\" height=\"19\" src=\"data:image\/svg+xml;base64,PHN2ZyB3aWR0aD0iMSIgaGVpZ2h0PSIxIiB4bWxucz0iaHR0cDovL3d3dy53My5vcmcvMjAwMC9zdmciPjwvc3ZnPg==\" class=\"lazyload\" style=\"--smush-placeholder-width: 36px; --smush-placeholder-aspect-ratio: 36\/19;\" \/><\/p>\n<\/div>\n<\/div>\n<p><\/p>\t\t\t\t\t\t\t\t<\/div>\n\t\t\t\t<\/div>\n\t\t\t\t\t<\/div>\n\t\t<\/div>\n\t\t\t\t\t<\/div>\n\t\t<\/section>\n\t\t\t\t<section class=\"elementor-section elementor-top-section elementor-element elementor-element-da4e662 elementor-section-boxed elementor-section-height-default elementor-section-height-default default-style\" data-id=\"da4e662\" data-element_type=\"section\" data-settings=\"{&quot;rt_color_sets&quot;:&quot;default-style&quot;}\">\n\t\t\t\t\t\t<div class=\"elementor-container elementor-column-gap-default\">\n\t\t\t\t\t<div class=\"elementor-column elementor-col-50 elementor-top-column elementor-element elementor-element-db924fe\" data-id=\"db924fe\" data-element_type=\"column\">\n\t\t\t<div class=\"elementor-widget-wrap elementor-element-populated\">\n\t\t\t\t\t\t<div class=\"elementor-element elementor-element-0485719 elementor-widget elementor-widget-image\" data-id=\"0485719\" data-element_type=\"widget\" data-widget_type=\"image.default\">\n\t\t\t\t<div class=\"elementor-widget-container\">\n\t\t\t\t\t\t\t\t\t\t\t\t\t\t\t<img decoding=\"async\" width=\"768\" height=\"288\" data-src=\"https:\/\/allhackerforhire.com\/wp-content\/uploads\/2022\/11\/Buy-Registered-Documents.jpg\" class=\"attachment-large size-large wp-image-4545 lazyload\" alt=\"Palkkaa Dark Web Hackers\" data-srcset=\"https:\/\/allhackerforhire.com\/wp-content\/uploads\/2022\/11\/Buy-Registered-Documents.jpg 768w, https:\/\/allhackerforhire.com\/wp-content\/uploads\/2022\/11\/Buy-Registered-Documents-300x113.jpg 300w, https:\/\/allhackerforhire.com\/wp-content\/uploads\/2022\/11\/Buy-Registered-Documents-600x225.jpg 600w\" data-sizes=\"(max-width: 768px) 100vw, 768px\" src=\"data:image\/svg+xml;base64,PHN2ZyB3aWR0aD0iMSIgaGVpZ2h0PSIxIiB4bWxucz0iaHR0cDovL3d3dy53My5vcmcvMjAwMC9zdmciPjwvc3ZnPg==\" style=\"--smush-placeholder-width: 768px; --smush-placeholder-aspect-ratio: 768\/288;\" \/>\t\t\t\t\t\t\t\t\t\t\t\t\t\t\t<\/div>\n\t\t\t\t<\/div>\n\t\t\t\t\t<\/div>\n\t\t<\/div>\n\t\t\t\t<div class=\"elementor-column elementor-col-50 elementor-top-column elementor-element elementor-element-bff131d\" data-id=\"bff131d\" data-element_type=\"column\">\n\t\t\t<div class=\"elementor-widget-wrap elementor-element-populated\">\n\t\t\t\t\t\t<div class=\"elementor-element elementor-element-db6bcbe elementor-widget elementor-widget-heading\" data-id=\"db6bcbe\" data-element_type=\"widget\" data-widget_type=\"heading.default\">\n\t\t\t\t<div class=\"elementor-widget-container\">\n\t\t\t\t\t<h2 class=\"elementor-heading-title elementor-size-default\"><span class=\"tagify__tag-text\">Palkkaa Dark Web Hackers<\/span><\/h2>\t\t\t\t<\/div>\n\t\t\t\t<\/div>\n\t\t\t\t\t<\/div>\n\t\t<\/div>\n\t\t\t\t\t<\/div>\n\t\t<\/section>\n\t\t\t\t<\/div>","protected":false},"excerpt":{"rendered":"<p>WhatsApp Hacker For Hire Whatsapp hakkeri vuokrauspalvelu on saatavilla kohtuulliseen hintaan erillisen\u00e4 WhatsApp hakata palvelu sek\u00e4 osa puhelimen hakkerointi palvelu, joka tarjoaa p\u00e4\u00e4syn WhatsApp sek\u00e4. Hintamme ovat yksi alan parhaista ja voit olla varma 100% luottamuksellisuudesta [...]<\/p>","protected":false},"author":1,"featured_media":4986,"parent":0,"menu_order":0,"comment_status":"closed","ping_status":"open","template":"","meta":{"_acf_changed":false,"footnotes":""},"class_list":["post-4991","page","type-page","status-publish","has-post-thumbnail","hentry"],"acf":[],"_links":{"self":[{"href":"https:\/\/allhackerforhire.com\/fi\/wp-json\/wp\/v2\/pages\/4991","targetHints":{"allow":["GET"]}}],"collection":[{"href":"https:\/\/allhackerforhire.com\/fi\/wp-json\/wp\/v2\/pages"}],"about":[{"href":"https:\/\/allhackerforhire.com\/fi\/wp-json\/wp\/v2\/types\/page"}],"author":[{"embeddable":true,"href":"https:\/\/allhackerforhire.com\/fi\/wp-json\/wp\/v2\/users\/1"}],"replies":[{"embeddable":true,"href":"https:\/\/allhackerforhire.com\/fi\/wp-json\/wp\/v2\/comments?post=4991"}],"version-history":[{"count":16,"href":"https:\/\/allhackerforhire.com\/fi\/wp-json\/wp\/v2\/pages\/4991\/revisions"}],"predecessor-version":[{"id":5175,"href":"https:\/\/allhackerforhire.com\/fi\/wp-json\/wp\/v2\/pages\/4991\/revisions\/5175"}],"wp:featuredmedia":[{"embeddable":true,"href":"https:\/\/allhackerforhire.com\/fi\/wp-json\/wp\/v2\/media\/4986"}],"wp:attachment":[{"href":"https:\/\/allhackerforhire.com\/fi\/wp-json\/wp\/v2\/media?parent=4991"}],"curies":[{"name":"wp","href":"https:\/\/api.w.org\/{rel}","templated":true}]}}