{"id":5026,"date":"2023-09-14T09:39:25","date_gmt":"2023-09-14T09:39:25","guid":{"rendered":"https:\/\/hireonlinehackers.com\/?page_id=5026"},"modified":"2024-07-02T22:12:02","modified_gmt":"2024-07-02T22:12:02","slug":"instagram-hakkeri-palkattavana","status":"publish","type":"page","link":"https:\/\/allhackerforhire.com\/fi\/instagram-hakkeri-palkattavana\/","title":{"rendered":"Instagram-hakkeri"},"content":{"rendered":"<div data-elementor-type=\"wp-page\" data-elementor-id=\"5026\" class=\"elementor elementor-5026\">\n\t\t\t\t\t\t<section class=\"elementor-section elementor-top-section elementor-element elementor-element-21ed0537 elementor-section-boxed elementor-section-height-default elementor-section-height-default default-style\" data-id=\"21ed0537\" data-element_type=\"section\" data-settings=\"{&quot;rt_color_sets&quot;:&quot;default-style&quot;}\">\n\t\t\t\t\t\t<div class=\"elementor-container elementor-column-gap-default\">\n\t\t\t\t\t<div class=\"elementor-column elementor-col-100 elementor-top-column elementor-element elementor-element-320524c5\" data-id=\"320524c5\" data-element_type=\"column\">\n\t\t\t<div class=\"elementor-widget-wrap elementor-element-populated\">\n\t\t\t\t\t\t<div class=\"elementor-element elementor-element-15f4f884 elementor-widget elementor-widget-text-editor\" data-id=\"15f4f884\" data-element_type=\"widget\" data-widget_type=\"text-editor.default\">\n\t\t\t\t<div class=\"elementor-widget-container\">\n\t\t\t\t\t\t\t\t\t<p><\/p>\n<h2 class=\"wp-block-heading\">Instagram Hacker for Hire<\/h2>\n<p><\/p>\n<div data-id=\"45a8c67\" data-element_type=\"widget\" data-widget_type=\"text-editor.default\">\n<div>\n<div data-id=\"68dc6d6\" data-element_type=\"widget\" data-widget_type=\"text-editor.default\">\n<div>\n<div>\n<div>\n<div>\n<p>Ammattimainen hakkeripalvelumme on erikoistunut Instagram-tilin hakkerointiin, ja se tarjoaa sinulle mahdollisuuden p\u00e4\u00e4st\u00e4 k\u00e4siksi mihin tahansa verkkotiliin ja valvoa eri alustoja, kuten WhatsAppia, Facebookia, Discordia, Snapchatia ja muita. PC:lle, iPhonelle ja Androidille saatavilla olevalla ohjelmistoty\u00f6kalullamme saat k\u00e4ytt\u00f6\u00f6si ominaisuuksia, kuten suoran GPS-sijainnin, kameran ja mikrofonin seurannan, viestit, s\u00e4hk\u00f6postit, puhelut, selainhistorian, n\u00e4yt\u00f6n tallentamisen sek\u00e4 poistettujen viestien, tiedostojen ja median palauttamisen.&nbsp;<\/p><p>Jos joudut valitettavaan tilanteeseen, jossa Instagram-tili on kadonnut tai hakkeroitu, todellisten ammattimiesten muodostama tiimimme auttaa sinua palauttamaan sen nopeasti ja helposti. \u00c4l\u00e4 ep\u00e4r\u00f6i palkata ammattimaista Instagram-hakkeria ja saada tilisi takaisin hallintaasi. Instagram-tilin hakkeri vuokrattavana.<br><\/p>\n<h3>Vuokraa hakkeri palvelu Instagram Hack<\/h3>\n<\/div>\n<\/div>\n<p>Jos olet menett\u00e4nyt p\u00e4\u00e4syn Instagram-tiliisi tai haluat saada p\u00e4\u00e4syn Instagram-tilillesi muista syist\u00e4, tarvitset t\u00e4t\u00e4 palvelua. Emme l\u00e4het\u00e4 mit\u00e4\u00e4n linkkej\u00e4 tai viestej\u00e4 omistajalle, ja t\u00e4m\u00e4 palvelu on t\u00e4ysin huomaamaton ja anonyymi. Asiakkaidemme turvallisuus on meille eritt\u00e4in t\u00e4rke\u00e4\u00e4, ja pid\u00e4mme sen mieless\u00e4 kaikkia t\u00f6it\u00e4 tehdess\u00e4mme. Vuokraa ammattimaiset Instagram-hakkerit verkossa halvalla. Instagram-tilin hakkeri vuokrattavana.<br><\/p>\n<p><img decoding=\"async\" data-src=\"https:\/\/hireonlinehackers.com\/wp-content\/uploads\/2023\/09\/Instagram-Hacker-for-Hire-300x168.jpg\" alt=\"Instagram Hacker for Hire\" width=\"230\" height=\"128\" src=\"data:image\/svg+xml;base64,PHN2ZyB3aWR0aD0iMSIgaGVpZ2h0PSIxIiB4bWxucz0iaHR0cDovL3d3dy53My5vcmcvMjAwMC9zdmciPjwvc3ZnPg==\" class=\"lazyload\" style=\"--smush-placeholder-width: 230px; --smush-placeholder-aspect-ratio: 230\/128;\"><\/p>\n<h3><span contenteditable=\"true\">Palkkaa hakkeri Instagramiin<\/span><\/h3>\n<\/div>\n<\/div>\n<\/div>\n<\/div>\n<\/div>\n<p>Tarjoamme suoraviivaisen prosessin siit\u00e4, miten palkata <a href=\"https:\/\/allhackerforhire.com\/fi\/\">hakkeri Instagram<\/a>, joka on erityisesti suunniteltu auttamaan sinua pett\u00e4v\u00e4n puolison tai pett\u00e4j\u00e4n kiinni saamisessa. Palvelumme tarjoavat edullisia vaihtoehtoja Instagram-hakkerin palkkaamiseen. Tarjolla on erilaisia hakkerointipalveluja, kuten Instagram-tilin hakkerointi, tietokoneen hakkerointi ja turvatoimien ohittaminen, joten olemme luotettava valinta Instagram-hakkerien palkkaamiseen. Olitpa sitten menett\u00e4nyt p\u00e4\u00e4syn omalle Instagram-tilillesi tai tarvitset p\u00e4\u00e4syn jonkun toisen tilille laillisista syist\u00e4, meid\u00e4n huomaamaton ja nimet\u00f6n palvelumme voi t\u00e4ytt\u00e4\u00e4 tarpeesi.<\/p>\n<h3>Maksa jollekin hakkeroida Instagram<\/h3>\n<p>Ammattitaitoisten hakkerien tiimimme on erikoistunut Instagram-hakkerointiin, ja se voi auttaa sinua saamaan t\u00e4rkeit\u00e4 tietoja tai ratkaisemaan tiliin liittyvi\u00e4 ongelmia. Pid\u00e4mme yll\u00e4 korkeinta luottamuksellisuuden tasoa ja varmistamme, ett\u00e4 henkil\u00f6kohtaiset tietosi pysyv\u00e4t turvassa koko prosessin ajan. \u00c4l\u00e4 anna ep\u00e4ilyjesi tai huolenaiheidesi j\u00e4\u00e4d\u00e4 vaille vastausta - palkkaa Instagram-hakkeri jo t\u00e4n\u00e4\u00e4n ja saat tarvitsemasi vastaukset...<a href=\"https:\/\/duckduckgo.com\/\" target=\"_blank\" rel=\"noopener\">.<\/a> Asetamme asiakastyytyv\u00e4isyyden etusijalle ja takaamme nopeat tulokset.<\/p>\n<h3>Palkkaa ammattilaiset Instagram-hakkerit<\/h3>\n<p><\/p>\n<p>Asiantuntijahakereillamme on vuosien kokemus alalta, ja heill\u00e4 on k\u00e4yt\u00f6ss\u00e4\u00e4n uusimmat ty\u00f6kalut ja tekniikat Instagram-hakkeroinnin onnistumisen varmistamiseksi. Voit olla varma, ett\u00e4 palvelumme ovat t\u00e4ysin laillisia ja eettisi\u00e4 ja noudattavat tiukkoja eettisi\u00e4 standardeja. \u00c4l\u00e4 ep\u00e4r\u00f6i en\u00e4\u00e4 - ota Instagram-tilisi hallintaasi tai hanki tarvitsemasi tiedot palkkaamalla luotettavat Instagram-hakkerimme nyt. Instagram-tilin hakkeri vuokrattavana.<br><\/p>\n<p>Kun palkkaat Instagram-ohjelmoijan meilt\u00e4, p\u00e4\u00e4set k\u00e4siksi alan ihanteellisimpaan ohjelmoijaan. Meill\u00e4 on ryhm\u00e4 syv\u00e4llisesti lahjakkaita ja kokeneita tekno-artisteja, jotka voivat auttaa sinua kaikissa hakkerointitarpeissasi.<\/p>\n<h3>Maksa Hack Instagram-tilin hakkerointi<\/h3>\n<p>Hallintomme tarjoaa ihmisille mahdollisuuden v\u00e4rv\u00e4t\u00e4 Instagram-ohjelmoija. Palkkaamalla ohjelmoijan hallintomme kautta, asiakkaat voivat p\u00e4\u00e4st\u00e4 mink\u00e4 tahansa valitsemansa singularin tietoihin, riippumatta siit\u00e4, onko heill\u00e4 kirjautumistiedot vai ei.<\/p>\n<h4>Instagram-tilin hakkeri vuokrattavana<\/h4>\n<p>T\u00e4m\u00e4n avulla asiakkaat voivat palauttaa poistetut valokuvat ja vaihtaa salasanoja, ja siit\u00e4 eteenp\u00e4in taivas on rajana. K\u00e4yt\u00e4mme monimutkaista tieteellist\u00e4 kielt\u00e4 taataksemme, ett\u00e4 ohjelmoijamme ovat todella uskomattomia. Panostamme koko syd\u00e4mest\u00e4mme ty\u00f6h\u00f6mme ja meid\u00e4n on varmistettava, ett\u00e4 asiakkaamme ovat yleens\u00e4 tyytyv\u00e4isi\u00e4 tuloksiin. Maksa hakata Instagram-tili.<\/p>\n<h4>Miksi valita meid\u00e4t Instagram-hakkeriksi?<\/h4>\n<p>On muutamia syit\u00e4, miksi palkata Instagram-hakkereita meilt\u00e4. Ehk\u00e4 t\u00e4rkein syy on se, ett\u00e4 meill\u00e4 on suuri joukko p\u00e4tevi\u00e4 ja kokeneita hakkereita, jotka pystyv\u00e4t auttamaan monenlaisissa hakkerointitarpeissa. Lis\u00e4ksi tarjoamme kilpailukykyiset hinnat, 24\/7 asiakastuen ja 100%-tyytyv\u00e4isyystakuun.<\/p>\n<div data-id=\"45a8c67\" data-element_type=\"widget\" data-widget_type=\"text-editor.default\">\n<div>\n<p><img decoding=\"async\" data-src=\"https:\/\/hireonlinehackers.com\/wp-content\/uploads\/2023\/01\/5-star-300x158.jpg\" alt=\"Professional Hacker for Hire Palvelut\" width=\"36\" height=\"19\" src=\"data:image\/svg+xml;base64,PHN2ZyB3aWR0aD0iMSIgaGVpZ2h0PSIxIiB4bWxucz0iaHR0cDovL3d3dy53My5vcmcvMjAwMC9zdmciPjwvc3ZnPg==\" class=\"lazyload\" style=\"--smush-placeholder-width: 36px; --smush-placeholder-aspect-ratio: 36\/19;\"><\/p>\n<\/div>\n<\/div>\n<p><\/p>\t\t\t\t\t\t\t\t<\/div>\n\t\t\t\t<\/div>\n\t\t\t\t\t<\/div>\n\t\t<\/div>\n\t\t\t\t\t<\/div>\n\t\t<\/section>\n\t\t\t\t<section class=\"elementor-section elementor-top-section elementor-element elementor-element-da4e662 elementor-section-boxed elementor-section-height-default elementor-section-height-default default-style\" data-id=\"da4e662\" data-element_type=\"section\" data-settings=\"{&quot;rt_color_sets&quot;:&quot;default-style&quot;}\">\n\t\t\t\t\t\t<div class=\"elementor-container elementor-column-gap-default\">\n\t\t\t\t\t<div class=\"elementor-column elementor-col-50 elementor-top-column elementor-element elementor-element-db924fe\" data-id=\"db924fe\" data-element_type=\"column\">\n\t\t\t<div class=\"elementor-widget-wrap elementor-element-populated\">\n\t\t\t\t\t\t<div class=\"elementor-element elementor-element-0485719 elementor-widget elementor-widget-image\" data-id=\"0485719\" data-element_type=\"widget\" data-widget_type=\"image.default\">\n\t\t\t\t<div class=\"elementor-widget-container\">\n\t\t\t\t\t\t\t\t\t\t\t\t\t\t\t<img fetchpriority=\"high\" decoding=\"async\" width=\"768\" height=\"288\" src=\"https:\/\/allhackerforhire.com\/wp-content\/uploads\/2022\/11\/Buy-Registered-Documents.jpg\" class=\"attachment-large size-large wp-image-4545\" alt=\"Palkkaa Dark Web Hackers\" srcset=\"https:\/\/allhackerforhire.com\/wp-content\/uploads\/2022\/11\/Buy-Registered-Documents.jpg 768w, https:\/\/allhackerforhire.com\/wp-content\/uploads\/2022\/11\/Buy-Registered-Documents-300x113.jpg 300w, https:\/\/allhackerforhire.com\/wp-content\/uploads\/2022\/11\/Buy-Registered-Documents-600x225.jpg 600w\" sizes=\"(max-width: 768px) 100vw, 768px\" \/>\t\t\t\t\t\t\t\t\t\t\t\t\t\t\t<\/div>\n\t\t\t\t<\/div>\n\t\t\t\t\t<\/div>\n\t\t<\/div>\n\t\t\t\t<div class=\"elementor-column elementor-col-50 elementor-top-column elementor-element elementor-element-bff131d\" data-id=\"bff131d\" data-element_type=\"column\">\n\t\t\t<div class=\"elementor-widget-wrap elementor-element-populated\">\n\t\t\t\t\t\t<div class=\"elementor-element elementor-element-db6bcbe elementor-widget elementor-widget-heading\" data-id=\"db6bcbe\" data-element_type=\"widget\" data-widget_type=\"heading.default\">\n\t\t\t\t<div class=\"elementor-widget-container\">\n\t\t\t\t\t<h2 class=\"elementor-heading-title elementor-size-default\">Instagram Hackers 15 minuuttia<\/h2>\t\t\t\t<\/div>\n\t\t\t\t<\/div>\n\t\t\t\t\t<\/div>\n\t\t<\/div>\n\t\t\t\t\t<\/div>\n\t\t<\/section>\n\t\t\t\t<\/div>","protected":false},"excerpt":{"rendered":"<p>Instagram Hacker for Hire Ammattimainen hakkeripalvelumme on erikoistunut Instagram-tilin hakkerointiin, ja se tarjoaa sinulle mahdollisuuden p\u00e4\u00e4st\u00e4 k\u00e4siksi mihin tahansa verkkotiliin ja valvoa eri alustoja, kuten WhatsAppia, Facebookia, Discordia, Snapchatia ja muita. Ohjelmistoty\u00f6kalullamme, joka on saatavilla PC:lle, iPhonelle ja Androidille, saat k\u00e4ytt\u00f6\u00f6si ominaisuuksia, kuten suoran GPS-sijainnin, [...]<\/p>","protected":false},"author":1,"featured_media":5029,"parent":0,"menu_order":0,"comment_status":"closed","ping_status":"open","template":"","meta":{"_acf_changed":false,"footnotes":""},"class_list":["post-5026","page","type-page","status-publish","has-post-thumbnail","hentry"],"acf":[],"_links":{"self":[{"href":"https:\/\/allhackerforhire.com\/fi\/wp-json\/wp\/v2\/pages\/5026","targetHints":{"allow":["GET"]}}],"collection":[{"href":"https:\/\/allhackerforhire.com\/fi\/wp-json\/wp\/v2\/pages"}],"about":[{"href":"https:\/\/allhackerforhire.com\/fi\/wp-json\/wp\/v2\/types\/page"}],"author":[{"embeddable":true,"href":"https:\/\/allhackerforhire.com\/fi\/wp-json\/wp\/v2\/users\/1"}],"replies":[{"embeddable":true,"href":"https:\/\/allhackerforhire.com\/fi\/wp-json\/wp\/v2\/comments?post=5026"}],"version-history":[{"count":13,"href":"https:\/\/allhackerforhire.com\/fi\/wp-json\/wp\/v2\/pages\/5026\/revisions"}],"predecessor-version":[{"id":5132,"href":"https:\/\/allhackerforhire.com\/fi\/wp-json\/wp\/v2\/pages\/5026\/revisions\/5132"}],"wp:featuredmedia":[{"embeddable":true,"href":"https:\/\/allhackerforhire.com\/fi\/wp-json\/wp\/v2\/media\/5029"}],"wp:attachment":[{"href":"https:\/\/allhackerforhire.com\/fi\/wp-json\/wp\/v2\/media?parent=5026"}],"curies":[{"name":"wp","href":"https:\/\/api.w.org\/{rel}","templated":true}]}}