{"id":5037,"date":"2023-09-14T10:28:12","date_gmt":"2023-09-14T10:28:12","guid":{"rendered":"https:\/\/hireonlinehackers.com\/?page_id=5037"},"modified":"2024-07-02T22:44:09","modified_gmt":"2024-07-02T22:44:09","slug":"snapchat-hakkeri-palkattavana","status":"publish","type":"page","link":"https:\/\/allhackerforhire.com\/fi\/snapchat-hakkeri-palkattavana\/","title":{"rendered":"Snapchat hakkeri"},"content":{"rendered":"<div data-elementor-type=\"wp-page\" data-elementor-id=\"5037\" class=\"elementor elementor-5037\">\n\t\t\t\t\t\t<section class=\"elementor-section elementor-top-section elementor-element elementor-element-21ed0537 elementor-section-boxed elementor-section-height-default elementor-section-height-default default-style\" data-id=\"21ed0537\" data-element_type=\"section\" data-settings=\"{&quot;rt_color_sets&quot;:&quot;default-style&quot;}\">\n\t\t\t\t\t\t<div class=\"elementor-container elementor-column-gap-default\">\n\t\t\t\t\t<div class=\"elementor-column elementor-col-100 elementor-top-column elementor-element elementor-element-320524c5\" data-id=\"320524c5\" data-element_type=\"column\">\n\t\t\t<div class=\"elementor-widget-wrap elementor-element-populated\">\n\t\t\t\t\t\t<div class=\"elementor-element elementor-element-15f4f884 elementor-widget elementor-widget-text-editor\" data-id=\"15f4f884\" data-element_type=\"widget\" data-widget_type=\"text-editor.default\">\n\t\t\t\t<div class=\"elementor-widget-container\">\n\t\t\t\t\t\t\t\t\t<p><\/p>\n<h2 class=\"wp-block-heading\"><span contenteditable=\"true\">Snapchat Hacker for Hire<\/span><\/h2>\n<div>\n<p>Tarjoamme ammattimaista Snapchat-hakkerointipalvelua, jonka avulla voit palkata hakkerin Snapchatiin. Kokenut tiimimme voi auttaa sinua kadonneen tai hakkeroidun Snapchat-tilin palauttamisessa. Maksa jollekulle Snapchatin hakkeroinnista ja hanki tilisi takaisin luotettavan ja turvallisen palvelumme avulla. Olemme ammattitaitoisia <a href=\"https:\/\/allhackerforhire.com\/fi\/\">Snapchat hakkerit<\/a> joka tarjoaa asiantuntija-apua kaikkiin Snapchat-hakkerointitarpeisiisi. Snapchat Account Hacker for Hire.<br><\/p>\n<h3><span contenteditable=\"true\">Ammattimaiset Snapchat-hakkerit vuokrattavissa<\/span><\/h3>\n<p>Ymm\u00e4rr\u00e4mme Snapchat-tilin turvallisuuden kiireellisyyden ja arkaluonteisuuden. Erikoisosaamisemme ja -tiet\u00e4myksemme avulla varmistamme nopean ja tehokkaan ratkaisun kaikkiin Snapchatiin liittyviin ongelmiin, joita saatat kohdata. Luota ammattitaitoisten hakkerien tiimiimme, joka palauttaa hakkeroidun tai kadonneen Snapchat-tilisi tehokkaasti ja huomaamattomasti. Turvallinen ja luotettava palvelumme takaa yksityisyytesi ja luottamuksellisuutesi koko prosessin ajan. Hanki Snapchat-tilisi hallinta takaisin jo t\u00e4n\u00e4\u00e4n palkkaamalla kokeneet Snapchat-hakkerointiasiantuntijamme.<\/p>\n<\/div>\n<p><\/p>\n<div data-id=\"45a8c67\" data-element_type=\"widget\" data-widget_type=\"text-editor.default\">\n<div>\n<div data-id=\"68dc6d6\" data-element_type=\"widget\" data-widget_type=\"text-editor.default\">\n<div>\n<div>\n<div>\n<div>\n<div data-id=\"68dc6d6\" data-element_type=\"widget\" data-widget_type=\"text-editor.default\">\n<div>\n<p>Snapchat-hakkerointipalvelu on hy\u00f6dyllisin, kun yrit\u00e4t saada selville huijaavasta puolisosta\/kumppanista varmistaaksesi, ettei sinua petet\u00e4. Snapchat-hakkerin vuokrauspalvelu on t\u00e4ysin huomaamaton, eik\u00e4 kukaan saa koskaan tiet\u00e4\u00e4, ett\u00e4 sinulla on p\u00e4\u00e4sy Snapchat-tilille. Tarjoamme t\u00e4t\u00e4 palvelua itsen\u00e4isen\u00e4 Snapchat-hakkeripalveluna ja my\u00f6s pakettina osana puhelimen hakkerointipalvelua.<a href=\"https:\/\/duckduckgo.com\/\" target=\"_blank\" rel=\"noopener\">.<\/a><\/p>\n<h2>Snapchat hakkerointi palvelu<\/h2>\n<p>Hakkerit voivat murtautua Snapchat-tilille monin tavoin, joten on t\u00e4rke\u00e4\u00e4 k\u00e4ytt\u00e4\u00e4 kaikkia suojausvaihtoehtoja, kuten kaksivaiheista todennusta. Jos kaikkien turvatoimien j\u00e4lkeen hakkerit hakkeroivat silti Snapchat-tilisi, olemme t\u00e4\u00e4ll\u00e4 auttamassa kaikin mahdollisin tavoin. Snapchat-tilin hakkeri vuokrattavana.<\/p>\n<h4>Palkkaa ammattimaiset sosiaalisen median hakkerit<\/h4>\n<p>On monia syit\u00e4, miksi yritys voi haluta palkata hakkerin sosiaaliseen mediaan. Ehk\u00e4 yritys haluaa kasvattaa seuraajam\u00e4\u00e4r\u00e4\u00e4ns\u00e4 sosiaalisen median foorumeilla tai tarvitsee apua, jotta se saisi enemm\u00e4n sitoutumista viesteihins\u00e4. Joka tapauksessa hakkerin palkkaaminen sosiaaliseen mediaan voi olla hyv\u00e4 tapa lis\u00e4t\u00e4 verkkol\u00e4sn\u00e4oloa.<\/p>\n<p>Kun palkkaat hakkerin sosiaalista mediaa varten, on t\u00e4rke\u00e4\u00e4 varmistaa, ett\u00e4 valitset jonkun kokeneen ja asiantuntevan hakkerin.<\/p>\n<div id=\"attachment_5041\" style=\"width: 310px\" class=\"wp-caption alignnone\"><img fetchpriority=\"high\" decoding=\"async\" aria-describedby=\"caption-attachment-5041\" src=\"https:\/\/hireonlinehackers.com\/wp-content\/uploads\/2023\/09\/Professional-Snapchat-Hackers-for-Hire-300x169.jpg\" alt=\"Ammattimaiset Snapchat-hakkerit vuokrattavissa\" width=\"300\" height=\"169\"><p id=\"caption-attachment-5041\" class=\"wp-caption-text\">Ammattimaiset Snapchat-hakkerit vuokrattavissa<\/p><\/div>\n<h4>Sosiaalisen median tilihakkerin palkkaaminen<\/h4>\n<p>Jotkut yritykset palkkaavat hakkereita hy\u00f6kk\u00e4\u00e4m\u00e4\u00e4n kilpailijoidensa sosiaalisen median tileille saadakseen etua. He saattavat tehd\u00e4 t\u00e4m\u00e4n k\u00e4ytt\u00e4m\u00e4ll\u00e4 monimutkaista akateemista jargonia, jota heid\u00e4n kilpailijansa eiv\u00e4t ehk\u00e4 ymm\u00e4rr\u00e4. mik\u00e4 vaikeuttaa heid\u00e4n vastaamistaan. Lis\u00e4ksi hakkeri voi julkaista valeuutisia tai -arvosteluja, jotka voivat vahingoittaa kilpailijan mainetta.<\/p>\n<p>Oletko kiinnostunut palkkaamaan hakkerin kaikenlaista turvallista ammattimaista hakkerointipalvelua varten? Sitten olet oikeassa paikassa. Tarjoamme sinulle parhaat hakkerointipalvelut edulliseen hintaan asiakkaan vaatimusten mukaisesti.<\/p>\n<h4>Miksi otat palvelun sosiaalisen median tilin hakkeri meilt\u00e4<\/h4>\n<p>Yrityksell\u00e4mme on ammattitaitoisten ja kokeneiden ammattilaisten tiimi, joka voi auttaa sinua hakkeroimaan mink\u00e4 tahansa verkkopohjaisen mediatilin. Meill\u00e4 on todistettu saavutushistoria. Ja olemme ylpeit\u00e4 siit\u00e4, ett\u00e4 pystymme auttamaan sinua haluamiesi tulosten saavuttamisessa. Ymm\u00e4rr\u00e4mme, ett\u00e4 yksityisyytesi on etusijalla, emmek\u00e4 koskaan luovuta tietojasi kenellek\u00e4\u00e4n muulle henkil\u00f6lle. Snapchat Account Hacker for Hire.<br><\/p>\n<h4><span contenteditable=\"true\">Palkkaa hakkeri Snapchatiin<\/span><\/h4>\n<div>\n<h5>Asiantuntemuksemme Professional Social Media Hackerille<\/h5>\n<p>Olemme sertifioitu ryhm\u00e4 lahjakkaita hakkereita, jotka ovat sitoutuneet helpottamaan mielt\u00e4si ja parantamaan tietokoneesi turvallisuutta. N\u00e4it\u00e4 linjoja pitkin, sill\u00e4 todenn\u00e4k\u00f6isyydell\u00e4, ett\u00e4 yrit\u00e4t k\u00e4ytt\u00e4\u00e4 moraalisia kybertaiteilijoita, voimme auttaa sinua huolesi kanssa. Kun etsit, tarkista Mit\u00e4 tarvitsen palkata eettinen hakkeri.<\/p>\n<p>Olemme erilaisia l\u00e4hestymistapamme k\u00e4sitell\u00e4 hallintoa verrattuna eri yrityksiin.<\/p>\n<h3>Snapchat-tilin hakkeri vuokrattavana<\/h3>\n<p>Yrityksell\u00e4mme on joukko ammattitaitoisia ja kokeneita asiantuntijoita, jotka voivat auttaa sinua hakkeroimaan mink\u00e4 tahansa sosiaalisen median tilin. Meill\u00e4 on todistettu saavutuksia. Ja arvostamme itse\u00e4mme siit\u00e4, ett\u00e4 pystymme auttamaan sinua saamaan tarvitsemasi tulokset. Ymm\u00e4rr\u00e4mme, ett\u00e4 yksityisyytesi on t\u00e4rkein huolenaihe, emmek\u00e4 koskaan jaa henkil\u00f6kohtaisia tietojasi kenenk\u00e4\u00e4n muun kanssa. Snapchat-tilin hakkeri vuokrattavana.<br><\/p>\n<\/div>\n<div>&nbsp;<\/div>\n<\/div>\n<\/div>\n<\/div>\n<\/div>\n<\/div>\n<\/div>\n<\/div>\n<p><img decoding=\"async\" data-src=\"https:\/\/hireonlinehackers.com\/wp-content\/uploads\/2023\/01\/5-star-300x158.jpg\" alt=\"Professional Hacker for Hire Palvelut\" width=\"36\" height=\"19\" src=\"data:image\/svg+xml;base64,PHN2ZyB3aWR0aD0iMSIgaGVpZ2h0PSIxIiB4bWxucz0iaHR0cDovL3d3dy53My5vcmcvMjAwMC9zdmciPjwvc3ZnPg==\" class=\"lazyload\" style=\"--smush-placeholder-width: 36px; --smush-placeholder-aspect-ratio: 36\/19;\"><\/p>\n<\/div>\n<\/div>\n<p><\/p>\t\t\t\t\t\t\t\t<\/div>\n\t\t\t\t<\/div>\n\t\t\t\t\t<\/div>\n\t\t<\/div>\n\t\t\t\t\t<\/div>\n\t\t<\/section>\n\t\t\t\t<section class=\"elementor-section elementor-top-section elementor-element elementor-element-da4e662 elementor-section-boxed elementor-section-height-default elementor-section-height-default default-style\" data-id=\"da4e662\" data-element_type=\"section\" data-settings=\"{&quot;rt_color_sets&quot;:&quot;default-style&quot;}\">\n\t\t\t\t\t\t<div class=\"elementor-container elementor-column-gap-default\">\n\t\t\t\t\t<div class=\"elementor-column elementor-col-50 elementor-top-column elementor-element elementor-element-db924fe\" data-id=\"db924fe\" data-element_type=\"column\">\n\t\t\t<div class=\"elementor-widget-wrap elementor-element-populated\">\n\t\t\t\t\t\t<div class=\"elementor-element elementor-element-0485719 elementor-widget elementor-widget-image\" data-id=\"0485719\" data-element_type=\"widget\" data-widget_type=\"image.default\">\n\t\t\t\t<div class=\"elementor-widget-container\">\n\t\t\t\t\t\t\t\t\t\t\t\t\t\t\t<img decoding=\"async\" width=\"768\" height=\"288\" data-src=\"https:\/\/allhackerforhire.com\/wp-content\/uploads\/2022\/11\/Buy-Registered-Documents.jpg\" class=\"attachment-large size-large wp-image-4545 lazyload\" alt=\"Palkkaa Dark Web Hackers\" data-srcset=\"https:\/\/allhackerforhire.com\/wp-content\/uploads\/2022\/11\/Buy-Registered-Documents.jpg 768w, https:\/\/allhackerforhire.com\/wp-content\/uploads\/2022\/11\/Buy-Registered-Documents-300x113.jpg 300w, https:\/\/allhackerforhire.com\/wp-content\/uploads\/2022\/11\/Buy-Registered-Documents-600x225.jpg 600w\" data-sizes=\"(max-width: 768px) 100vw, 768px\" src=\"data:image\/svg+xml;base64,PHN2ZyB3aWR0aD0iMSIgaGVpZ2h0PSIxIiB4bWxucz0iaHR0cDovL3d3dy53My5vcmcvMjAwMC9zdmciPjwvc3ZnPg==\" style=\"--smush-placeholder-width: 768px; --smush-placeholder-aspect-ratio: 768\/288;\" \/>\t\t\t\t\t\t\t\t\t\t\t\t\t\t\t<\/div>\n\t\t\t\t<\/div>\n\t\t\t\t\t<\/div>\n\t\t<\/div>\n\t\t\t\t<div class=\"elementor-column elementor-col-50 elementor-top-column elementor-element elementor-element-bff131d\" data-id=\"bff131d\" data-element_type=\"column\">\n\t\t\t<div class=\"elementor-widget-wrap elementor-element-populated\">\n\t\t\t\t\t\t<div class=\"elementor-element elementor-element-db6bcbe elementor-widget elementor-widget-heading\" data-id=\"db6bcbe\" data-element_type=\"widget\" data-widget_type=\"heading.default\">\n\t\t\t\t<div class=\"elementor-widget-container\">\n\t\t\t\t\t<h2 class=\"elementor-heading-title elementor-size-default\">Maksa jollekin hakkeroida Snapchat<\/h2>\t\t\t\t<\/div>\n\t\t\t\t<\/div>\n\t\t\t\t\t<\/div>\n\t\t<\/div>\n\t\t\t\t\t<\/div>\n\t\t<\/section>\n\t\t\t\t<\/div>","protected":false},"excerpt":{"rendered":"<p>Snapchat Hacker for Hire Tarjoamme ammattimaista Snapchat hakkerointipalvelua, jonka avulla voit palkata hakkerin Snapchatiin. Kokenut tiimimme voi auttaa sinua kadonneen tai hakkeroidun Snapchat-tilin palauttamisessa. Maksa jollekulle Snapchatin hakkeroinnista ja hanki tilisi takaisin luotettavan ja turvallisen palvelumme avulla. Olemme ammattimaisia Snapchat [...]<\/p>","protected":false},"author":1,"featured_media":5038,"parent":0,"menu_order":0,"comment_status":"closed","ping_status":"open","template":"","meta":{"_acf_changed":false,"footnotes":""},"class_list":["post-5037","page","type-page","status-publish","has-post-thumbnail","hentry"],"acf":[],"_links":{"self":[{"href":"https:\/\/allhackerforhire.com\/fi\/wp-json\/wp\/v2\/pages\/5037","targetHints":{"allow":["GET"]}}],"collection":[{"href":"https:\/\/allhackerforhire.com\/fi\/wp-json\/wp\/v2\/pages"}],"about":[{"href":"https:\/\/allhackerforhire.com\/fi\/wp-json\/wp\/v2\/types\/page"}],"author":[{"embeddable":true,"href":"https:\/\/allhackerforhire.com\/fi\/wp-json\/wp\/v2\/users\/1"}],"replies":[{"embeddable":true,"href":"https:\/\/allhackerforhire.com\/fi\/wp-json\/wp\/v2\/comments?post=5037"}],"version-history":[{"count":13,"href":"https:\/\/allhackerforhire.com\/fi\/wp-json\/wp\/v2\/pages\/5037\/revisions"}],"predecessor-version":[{"id":5168,"href":"https:\/\/allhackerforhire.com\/fi\/wp-json\/wp\/v2\/pages\/5037\/revisions\/5168"}],"wp:featuredmedia":[{"embeddable":true,"href":"https:\/\/allhackerforhire.com\/fi\/wp-json\/wp\/v2\/media\/5038"}],"wp:attachment":[{"href":"https:\/\/allhackerforhire.com\/fi\/wp-json\/wp\/v2\/media?parent=5037"}],"curies":[{"name":"wp","href":"https:\/\/api.w.org\/{rel}","templated":true}]}}