{"id":4967,"date":"2023-09-10T15:27:23","date_gmt":"2023-09-10T15:27:23","guid":{"rendered":"https:\/\/hireonlinehackers.com\/?page_id=4967"},"modified":"2024-07-02T22:26:43","modified_gmt":"2024-07-02T22:26:43","slug":"service-de-piratage-telephonique-a-louer","status":"publish","type":"page","link":"https:\/\/allhackerforhire.com\/fr\/service-de-piratage-telephonique-a-louer\/","title":{"rendered":"Piratage de t\u00e9l\u00e9phone"},"content":{"rendered":"<div data-elementor-type=\"wp-page\" data-elementor-id=\"4967\" class=\"elementor elementor-4967\">\n\t\t\t\t\t\t<section class=\"elementor-section elementor-top-section elementor-element elementor-element-21ed0537 elementor-section-boxed elementor-section-height-default elementor-section-height-default default-style\" data-id=\"21ed0537\" data-element_type=\"section\" data-settings=\"{&quot;rt_color_sets&quot;:&quot;default-style&quot;}\">\n\t\t\t\t\t\t<div class=\"elementor-container elementor-column-gap-default\">\n\t\t\t\t\t<div class=\"elementor-column elementor-col-100 elementor-top-column elementor-element elementor-element-320524c5\" data-id=\"320524c5\" data-element_type=\"column\">\n\t\t\t<div class=\"elementor-widget-wrap elementor-element-populated\">\n\t\t\t\t\t\t<div class=\"elementor-element elementor-element-15f4f884 elementor-widget elementor-widget-text-editor\" data-id=\"15f4f884\" data-element_type=\"widget\" data-widget_type=\"text-editor.default\">\n\t\t\t\t<div class=\"elementor-widget-container\">\n\t\t\t\t\t\t\t\t\t<p><\/p>\n<h2 class=\"wp-block-heading\">Service de location de pirates t\u00e9l\u00e9phoniques<\/h2>\n<p><\/p>\n<div data-id=\"45a8c67\" data-element_type=\"widget\" data-widget_type=\"text-editor.default\">\n<div>\n<div data-id=\"68dc6d6\" data-element_type=\"widget\" data-widget_type=\"text-editor.default\">\n<div>\n<p>Le service de piratage de t\u00e9l\u00e9phone \u00e0 louer fournit une surveillance compl\u00e8te du t\u00e9l\u00e9phone vous permettant d'\u00e9couter les appels t\u00e9l\u00e9phoniques, de voir les messages texte et iMessage, les messages Whatsapp, Instagram, les messages Snapchat et tous les autres services de messagerie et les m\u00e9dias sociaux qui sont utilis\u00e9s \u00e0 partir de l'appareil. <span contenteditable=\"true\">Service de piratage de t\u00e9l\u00e9phone \u00e0 louer.<\/span><\/p>\n<p>\u00a0Notre service de piratage de t\u00e9l\u00e9phone peut \u00eatre demand\u00e9 en remplissant notre formulaire de contact qui est disponible au bas de cette page. Vous pouvez \u00eatre assur\u00e9 de la confidentialit\u00e9 de 100% lorsque vous commandez notre service de piratage de t\u00e9l\u00e9phone \u00e0 louer. Votre communication avec nous est totalement s\u00fbre et s\u00e9curis\u00e9e. N'h\u00e9sitez pas \u00e0 commander le service de piratage de t\u00e9l\u00e9phone en toute confiance et obtenez des r\u00e9ponses instantan\u00e9es de notre support client tr\u00e8s actif.<a href=\"https:\/\/duckduckgo.com\/\" target=\"_blank\" rel=\"noopener\">.<\/a> Engagez un pirate de t\u00e9l\u00e9phone portable.<\/p>\n<h3><span contenteditable=\"true\">Engager un hacker pour pirater un t\u00e9l\u00e9phone portable<\/span><\/h3>\n<p>Engagez un hacker pour un t\u00e9l\u00e9phone portable pour n'importe quel besoin, qu'il s'agisse de suivre les activit\u00e9s de votre enfant, de d\u00e9couvrir un conjoint\/partenaire soup\u00e7onn\u00e9 d'\u00eatre infid\u00e8le ou d'autres besoins de piratage de t\u00e9l\u00e9phone en fonction de votre situation. <span contenteditable=\"true\">Engagez un hacker pour pirater un t\u00e9l\u00e9phone portable.<\/span><\/p>\n<div data-animation-style=\"fade\" data-animation-repeat=\"\" data-animation-duration=\"1000ms\" data-animation-delay=\"0ms\" data-animation-intensity=\"50%\" data-animation-starting-opacity=\"0%\" data-animation-speed-curve=\"ease-in-out\">\n<div>\n<h1>Piratage de t\u00e9l\u00e9phones portables \u00e0 distance en ligne<\/h1>\n<h2>Nous pouvons pirater tout ce qui se trouve sur le Web<\/h2>\n<\/div>\n<\/div>\n<div>\n<div>\n<p>Keystroke Group est compos\u00e9 de 50 personnes certifi\u00e9es en \u00e9thique, Grey Hat et Black Hat. <a href=\"https:\/\/allhackerforhire.com\/fr\/\" target=\"_blank\" rel=\"noopener\">Pirates en ligne<\/a>. Notre groupe s'est sp\u00e9cialis\u00e9 dans le piratage de t\u00e9l\u00e9phones portables et la criminalistique num\u00e9rique. Vous pouvez maintenant acc\u00e9der \u00e0 n'importe quelle donn\u00e9e de n'importe quel smartphone avec seulement le num\u00e9ro de t\u00e9l\u00e9phone portable.<a href=\"https:\/\/www.bing.com\/\" target=\"_blank\" rel=\"noopener\">.<\/a> Notre travail consiste \u00e9galement \u00e0 vous donner acc\u00e8s \u00e0 n'importe quel compte de m\u00e9dia social. Le compte peut \u00eatre actif, d\u00e9sactiv\u00e9 ou m\u00eame supprim\u00e9. <span contenteditable=\"true\">Engagez un hacker pour pirater un t\u00e9l\u00e9phone portable.<\/span><\/p>\n<div>\n<h2>Engager un service de piratage pour espionner un t\u00e9l\u00e9phone portable<\/h2>\n<p>Il y a g\u00e9n\u00e9ralement eu beaucoup de progr\u00e8s technologiques ces derniers temps, en particulier lorsqu'il s'agit de la technologie de surveillance de l'espionnage des t\u00e9l\u00e9phones cellulaires. Du d\u00e9veloppement d'applications d'espionnage de t\u00e9l\u00e9phone portable aux professionnels offrant leurs comp\u00e9tences techniques et leur savoir-faire technologique, etc. Vous pouvez facilement engager l'un de ces\u00a0<a href=\"https:\/\/allhackerforhire.com\/fr\/\" target=\"_blank\" rel=\"noreferrer noopener\">pirates l\u00e9gitimes et v\u00e9rifi\u00e9s<\/a>\u00a0pour la surveillance des t\u00e9l\u00e9phones portables et d'autres services de piratage susceptibles de vous int\u00e9resser. <span contenteditable=\"true\">Service de piratage de t\u00e9l\u00e9phone \u00e0 louer.<\/span><\/p>\n<p>De nombreuses personnes sont int\u00e9ress\u00e9es par l'espionnage des t\u00e9l\u00e9phones portables d'autres personnes pour diff\u00e9rentes raisons. Mais les trois principales cat\u00e9gories de personnes qui trouvent la technologie d'espionnage des t\u00e9l\u00e9phones portables particuli\u00e8rement utile, d'apr\u00e8s leur demande, sont les suivantes : les couples mari\u00e9s qui essaient d'espionner leur conjoint pour s'assurer qu'il n'est pas infid\u00e8le, les parents qui essaient de surveiller leurs enfants, et les employeurs qui veulent surveiller leurs employ\u00e9s. <span contenteditable=\"true\">Engagez un hacker pour pirater un t\u00e9l\u00e9phone portable.<\/span><\/p>\n<h2>Engager un hacker pour le piratage de t\u00e9l\u00e9phone<\/h2>\n<p>Lorsqu'il s'agit de surveiller un t\u00e9l\u00e9phone portable, le meilleur moyen de trouver une solution fiable est de faire appel \u00e0 un service de location de pirates informatiques professionnels en qui vous pouvez avoir confiance. Le piratage informatique et le piratage de smartphones ont beaucoup en commun, et c'est pourquoi seul un pirate professionnel peut vous aider \u00e0 acc\u00e9der \u00e0 un appareil mobile \u00e0 des fins de surveillance. <span contenteditable=\"true\">Engagez un hacker pour pirater un t\u00e9l\u00e9phone portable.<\/span><\/p>\n<p>Si vous essayez de faire une recherche en ligne sur la fa\u00e7on d'espionner un t\u00e9l\u00e9phone portable, la majorit\u00e9 des r\u00e9sultats que vous trouverez sont des applications d'espionnage. Mais la v\u00e9rit\u00e9 est que les applications espionnes sont g\u00e9n\u00e9ralement connues pour \u00eatre inefficaces, et quel que soit le nom de l'application espionne, elles fonctionnent toutes de la m\u00eame mani\u00e8re. Un autre d\u00e9faut des applications espionnes est que vous devez avoir acc\u00e8s \u00e0 l'appareil cible pour pouvoir les utiliser. <span contenteditable=\"true\">Service de piratage t\u00e9l\u00e9phonique<\/span><\/p>\n<div id=\"attachment_4971\" style=\"width: 310px\" class=\"wp-caption alignnone\"><img decoding=\"async\" aria-describedby=\"caption-attachment-4971\" data-src=\"https:\/\/hireonlinehackers.com\/wp-content\/uploads\/2023\/09\/Phone-Hackers-For-Hire-Service-300x158.jpg\" alt=\"Service de piratage t\u00e9l\u00e9phonique\" width=\"300\" height=\"158\" src=\"data:image\/svg+xml;base64,PHN2ZyB3aWR0aD0iMSIgaGVpZ2h0PSIxIiB4bWxucz0iaHR0cDovL3d3dy53My5vcmcvMjAwMC9zdmciPjwvc3ZnPg==\" class=\"lazyload\" style=\"--smush-placeholder-width: 300px; --smush-placeholder-aspect-ratio: 300\/158;\" \/><p id=\"caption-attachment-4971\" class=\"wp-caption-text\">Service de piratage t\u00e9l\u00e9phonique<\/p><\/div>\n<h2>Solution de service de piratage de t\u00e9l\u00e9phones mobiles<\/h2>\n<p>All Hacker For Hire est une solution avanc\u00e9e de piratage de t\u00e9l\u00e9phone portable qui vous permet d'espionner n'importe quel t\u00e9l\u00e9phone portable, y compris les t\u00e9l\u00e9phones iOS et les t\u00e9l\u00e9phones mobiles Android. All Hacker For Hire incorpore toutes les meilleures technologies d'espionnage de t\u00e9l\u00e9phone portable dans sa solution d'espionnage de t\u00e9l\u00e9phone, et c'est l'une des rares solutions d'application d'espionnage de t\u00e9l\u00e9phone portable qui vous permet d'installer et de surveiller le t\u00e9l\u00e9phone cible \u00e0 distance.<\/p>\n<h2>Pourquoi les gens engagent des hackers professionnels<\/h2>\n<p>Les gens engagent des hackers professionnels pour leur fournir diff\u00e9rents services de piratage. La derni\u00e8re partie de cet article se penchera sur les principaux services que les gens souhaitent confier \u00e0 un hacker. Voici quelques-uns des services de piratage les plus courants ;<\/p>\n<p><strong>Engagez un hacker pour attraper votre conjoint infid\u00e8le :<\/strong>\u00a0Ces derniers temps, les progr\u00e8s technologiques ont entra\u00een\u00e9 une augmentation des taux d'infid\u00e9lit\u00e9. Les gens peuvent d\u00e9sormais facilement s'inscrire sur des sites de rencontre pour chercher et s'engager dans une liaison extraconjugale. Les t\u00e9l\u00e9phones portables ont \u00e9galement facilit\u00e9 la mise en \u0153uvre de ces liaisons illicites. C'est pourquoi les couples soup\u00e7onneux se tournent vers les pirates informatiques pour les aider \u00e0 trouver des preuves d'aventures extraconjugales.<\/p>\n<p><strong>Engagez un hacker pour pirater votre t\u00e9l\u00e9phone portable :<\/strong>\u00a0Le piratage de t\u00e9l\u00e9phone portable est un autre service populaire dont les personnes qui cherchent \u00e0 embaucher des pirates ont besoin. L'espionnage d'un t\u00e9l\u00e9phone portable permet de surveiller tout ce qui s'y passe, comme la localisation GPS et toutes les communications.<\/p>\n<p><strong>Engager un hacker pour pirater les comptes de m\u00e9dias sociaux :\u00a0<\/strong>Il existe plus de 4 milliards de comptes de m\u00e9dias sociaux dans le monde. Il n'est donc pas surprenant que le piratage des m\u00e9dias sociaux soit \u00e9galement un service de piratage tr\u00e8s demand\u00e9<\/p>\n<p>D'autres services de piratage sont tr\u00e8s demand\u00e9s, tels que le piratage de sites web, la r\u00e9cup\u00e9ration de crypto-monnaies et de fonds perdus, escroqu\u00e9s ou vol\u00e9s, le piratage ou la r\u00e9cup\u00e9ration de comptes de messagerie pirat\u00e9s, le piratage de syst\u00e8mes informatiques et bien d'autres encore.<\/p>\n<p>Quel que soit le service pour lequel vous souhaitez engager un hacker, vous pouvez toujours faire confiance \u00e0 l'un des hackers l\u00e9gitimes qui proposent des services de hacker authentiques. <a href=\"https:\/\/allhackerforhire.com\/fr\/pirates-informatiques-professionnels-a-louer\/\">service de location<\/a> \u00e0 fournir le meilleur service de piratage \u00e0 votre satisfaction.<\/p>\n<p>Services de piratage t\u00e9l\u00e9phonique<br \/>Pirates des m\u00e9dias sociaux<br \/>Des pirates des m\u00e9dias sociaux \u00e0 louer<br \/>Engager un hacker pour son t\u00e9l\u00e9phone portable<br \/>Hackers du dark web \u00e0 louer<br \/>Hackers \u00e9thiques \u00e0 louer<br \/>Engager quelqu'un pour pirater un t\u00e9l\u00e9phone<br \/>Services professionnels de piratage informatique<\/p>\n<p>Engager un hacker en ligne<br \/>Hackers professionnels \u00e0 louer<br \/>Engager un hacker Facebook<br \/>Pirates t\u00e9l\u00e9phoniques \u00e0 louer<br \/>Engager un hacker \u00e0 bas prix<br \/>Louer un hacker<br \/>Engager un hacker d'instagram<br \/>Hackers d'Iphone \u00e0 louer<\/p>\n<p>Pirates informatiques \u00e0 louer<br \/>O\u00f9 puis-je engager un hacker ?<br \/>O\u00f9 embaucher un hacker ?<br \/>Les meilleurs hackers de t\u00e9l\u00e9phone \u00e0 louer<br \/>Engager un pirate t\u00e9l\u00e9phonique professionnel<\/p>\n<p>De v\u00e9ritables hackers \u00e0 louer<br \/>J'ai besoin d'un hacker pour changer mes notes<br \/>Engager un hacker pour obtenir un mot de passe<br \/>Engager un hacker d'emails<br \/>Service de piratage de Whatsapp<br \/>Engager un hacker whatsapp<\/p>\n<\/div>\n<\/div>\n<\/div>\n<\/div>\n<\/div>\n<p><img decoding=\"async\" data-src=\"https:\/\/hireonlinehackers.com\/wp-content\/uploads\/2023\/01\/5-star-300x158.jpg\" alt=\"Services de piratage professionnel \u00e0 louer\" width=\"36\" height=\"19\" src=\"data:image\/svg+xml;base64,PHN2ZyB3aWR0aD0iMSIgaGVpZ2h0PSIxIiB4bWxucz0iaHR0cDovL3d3dy53My5vcmcvMjAwMC9zdmciPjwvc3ZnPg==\" class=\"lazyload\" style=\"--smush-placeholder-width: 36px; --smush-placeholder-aspect-ratio: 36\/19;\" \/><\/p>\n<\/div>\n<\/div>\n<p><\/p>\t\t\t\t\t\t\t\t<\/div>\n\t\t\t\t<\/div>\n\t\t\t\t\t<\/div>\n\t\t<\/div>\n\t\t\t\t\t<\/div>\n\t\t<\/section>\n\t\t\t\t<section class=\"elementor-section elementor-top-section elementor-element elementor-element-da4e662 elementor-section-boxed elementor-section-height-default elementor-section-height-default default-style\" data-id=\"da4e662\" data-element_type=\"section\" data-settings=\"{&quot;rt_color_sets&quot;:&quot;default-style&quot;}\">\n\t\t\t\t\t\t<div class=\"elementor-container elementor-column-gap-default\">\n\t\t\t\t\t<div class=\"elementor-column elementor-col-50 elementor-top-column elementor-element elementor-element-db924fe\" data-id=\"db924fe\" data-element_type=\"column\">\n\t\t\t<div class=\"elementor-widget-wrap elementor-element-populated\">\n\t\t\t\t\t\t<div class=\"elementor-element elementor-element-0485719 elementor-widget elementor-widget-image\" data-id=\"0485719\" data-element_type=\"widget\" data-widget_type=\"image.default\">\n\t\t\t\t<div class=\"elementor-widget-container\">\n\t\t\t\t\t\t\t\t\t\t\t\t\t\t\t<img fetchpriority=\"high\" decoding=\"async\" width=\"768\" height=\"288\" src=\"https:\/\/allhackerforhire.com\/wp-content\/uploads\/2022\/11\/Buy-Registered-Documents.jpg\" class=\"attachment-large size-large wp-image-4545\" alt=\"Embaucher des pirates du Dark Web\" srcset=\"https:\/\/allhackerforhire.com\/wp-content\/uploads\/2022\/11\/Buy-Registered-Documents.jpg 768w, https:\/\/allhackerforhire.com\/wp-content\/uploads\/2022\/11\/Buy-Registered-Documents-300x113.jpg 300w, https:\/\/allhackerforhire.com\/wp-content\/uploads\/2022\/11\/Buy-Registered-Documents-600x225.jpg 600w\" sizes=\"(max-width: 768px) 100vw, 768px\" \/>\t\t\t\t\t\t\t\t\t\t\t\t\t\t\t<\/div>\n\t\t\t\t<\/div>\n\t\t\t\t\t<\/div>\n\t\t<\/div>\n\t\t\t\t<div class=\"elementor-column elementor-col-50 elementor-top-column elementor-element elementor-element-bff131d\" data-id=\"bff131d\" data-element_type=\"column\">\n\t\t\t<div class=\"elementor-widget-wrap elementor-element-populated\">\n\t\t\t\t\t\t<div class=\"elementor-element elementor-element-db6bcbe elementor-widget elementor-widget-heading\" data-id=\"db6bcbe\" data-element_type=\"widget\" data-widget_type=\"heading.default\">\n\t\t\t\t<div class=\"elementor-widget-container\">\n\t\t\t\t\t<h2 class=\"elementor-heading-title elementor-size-default\"><a data-category=\"text-result\" data-action=\"position\" data-label=\"1\/1\" href=\"https:\/\/onionlandsearchengine.net\/r?q=Phone+Hackers+For+Hire+Service&amp;l=eyJpdiI6IlJJUVhvWngwTnZ4dU1Fa24yU2hcL2hBPT0iLCJ2YWx1ZSI6InNYYVhsaG1ZQnV1VnVmZlBlY0h1SXdZT3Nmd1E4NHVCdE1hTmp0NjQ1VjZyTHRPTEFYbzJlU0dta3ZPWkF1T2FNWTZCOW45VG1aQTBuOTRyMm1INVpjSmMyc0N0XC9TOUF2K0xwUVZRK1ZwR0V3eHdzazlXa1hFTFcxQUVKVE90TFRSNk9PS2dkYlwvZitGazliOXd6TytRPT0iLCJtYWMiOiJlNjJjMWU4MDQ5MmM2ODRkMDlhODBmMGM3NWRhZGNhM2VkNTJjMTA2ZDJkYmZhMjVlZmEwNmYzNDMzNzYyMDZkIn0%253D&amp;p=1&amp;u=529556199\" rel=\"nofollow noopener\" target=\"_blank\">Engager un pirate t\u00e9l\u00e9phonique<\/a><\/h2>\t\t\t\t<\/div>\n\t\t\t\t<\/div>\n\t\t\t\t\t<\/div>\n\t\t<\/div>\n\t\t\t\t\t<\/div>\n\t\t<\/section>\n\t\t\t\t<\/div>","protected":false},"excerpt":{"rendered":"<p>Phone hackers for hire service Phone hackers for hire service fournit une surveillance t\u00e9l\u00e9phonique compl\u00e8te vous permettant d'\u00e9couter les appels t\u00e9l\u00e9phoniques, de voir les messages texte et iMessage, les messages Whatsapp, Instagram, les messages Snapchat, et tous les autres services de messagerie et les m\u00e9dias sociaux qui sont utilis\u00e9s \u00e0 partir de l'appareil. Service de piratage de t\u00e9l\u00e9phone \u00e0 louer.  Notre service de piratage de t\u00e9l\u00e9phone pour [...]<\/p>","protected":false},"author":1,"featured_media":4968,"parent":0,"menu_order":0,"comment_status":"closed","ping_status":"open","template":"","meta":{"_acf_changed":false,"footnotes":""},"class_list":["post-4967","page","type-page","status-publish","has-post-thumbnail","hentry"],"acf":[],"_links":{"self":[{"href":"https:\/\/allhackerforhire.com\/fr\/wp-json\/wp\/v2\/pages\/4967","targetHints":{"allow":["GET"]}}],"collection":[{"href":"https:\/\/allhackerforhire.com\/fr\/wp-json\/wp\/v2\/pages"}],"about":[{"href":"https:\/\/allhackerforhire.com\/fr\/wp-json\/wp\/v2\/types\/page"}],"author":[{"embeddable":true,"href":"https:\/\/allhackerforhire.com\/fr\/wp-json\/wp\/v2\/users\/1"}],"replies":[{"embeddable":true,"href":"https:\/\/allhackerforhire.com\/fr\/wp-json\/wp\/v2\/comments?post=4967"}],"version-history":[{"count":19,"href":"https:\/\/allhackerforhire.com\/fr\/wp-json\/wp\/v2\/pages\/4967\/revisions"}],"predecessor-version":[{"id":5150,"href":"https:\/\/allhackerforhire.com\/fr\/wp-json\/wp\/v2\/pages\/4967\/revisions\/5150"}],"wp:featuredmedia":[{"embeddable":true,"href":"https:\/\/allhackerforhire.com\/fr\/wp-json\/wp\/v2\/media\/4968"}],"wp:attachment":[{"href":"https:\/\/allhackerforhire.com\/fr\/wp-json\/wp\/v2\/media?parent=4967"}],"curies":[{"name":"wp","href":"https:\/\/api.w.org\/{rel}","templated":true}]}}