{"id":4991,"date":"2023-09-10T16:41:53","date_gmt":"2023-09-10T16:41:53","guid":{"rendered":"https:\/\/hireonlinehackers.com\/?page_id=4991"},"modified":"2024-07-02T22:53:36","modified_gmt":"2024-07-02T22:53:36","slug":"pirate-informatique-whatsapp-a-louer","status":"publish","type":"page","link":"https:\/\/allhackerforhire.com\/fr\/pirate-informatique-whatsapp-a-louer\/","title":{"rendered":"Pirate de WhatsApp"},"content":{"rendered":"<div data-elementor-type=\"wp-page\" data-elementor-id=\"4991\" class=\"elementor elementor-4991\">\n\t\t\t\t\t\t<section class=\"elementor-section elementor-top-section elementor-element elementor-element-21ed0537 elementor-section-boxed elementor-section-height-default elementor-section-height-default default-style\" data-id=\"21ed0537\" data-element_type=\"section\" data-settings=\"{&quot;rt_color_sets&quot;:&quot;default-style&quot;}\">\n\t\t\t\t\t\t<div class=\"elementor-container elementor-column-gap-default\">\n\t\t\t\t\t<div class=\"elementor-column elementor-col-100 elementor-top-column elementor-element elementor-element-320524c5\" data-id=\"320524c5\" data-element_type=\"column\">\n\t\t\t<div class=\"elementor-widget-wrap elementor-element-populated\">\n\t\t\t\t\t\t<div class=\"elementor-element elementor-element-15f4f884 elementor-widget elementor-widget-text-editor\" data-id=\"15f4f884\" data-element_type=\"widget\" data-widget_type=\"text-editor.default\">\n\t\t\t\t<div class=\"elementor-widget-container\">\n\t\t\t\t\t\t\t\t\t<p><\/p>\n<h2 class=\"wp-block-heading\">WhatsApp Hacker For Hire<\/h2>\n<p><\/p>\n<div data-id=\"45a8c67\" data-element_type=\"widget\" data-widget_type=\"text-editor.default\">\n<div>\n<div data-id=\"68dc6d6\" data-element_type=\"widget\" data-widget_type=\"text-editor.default\">\n<div>\n<p>Le service Whatsapp hacker for hire est disponible \u00e0 des prix raisonnables en tant que service de piratage WhatsApp autonome ou en tant que partie d'un service de piratage de t\u00e9l\u00e9phone qui fournit \u00e9galement un acc\u00e8s \u00e0 WhatsApp. Nos prix sont parmi les meilleurs de l'industrie et vous pouvez \u00eatre assur\u00e9 de 100% la confidentialit\u00e9 et le secret de votre communication avec nous et le service de piratage WhatsApp que nous fournissons et \u00eatre assur\u00e9 de son intraitabilit\u00e9 dans toutes les circonstances.  Pirate de compte WhatsApp \u00e0 louer.<\/p>\n<p>Le service de location de pirates WhatsApp peut \u00eatre fourni dans les 24 heures si c'est urgent pour vous, ce qui implique un petit suppl\u00e9ment qui est inclus dans le prix. Si vous \u00eates pr\u00eat \u00e0 attendre plus longtemps, vous pouvez demander une r\u00e9duction que nous accordons pour les demandes de service de piratage WhatsApp non prioritaires. <span contenteditable=\"true\">Embauchez des pirates du web sombre.<\/span><\/p>\n<h4>Piratage de l'application Whats<\/h4>\n<p>WhatsApp est un service tr\u00e8s utilis\u00e9, en particulier au Royaume-Uni et, comme vous pouvez l'imaginer, la plupart de nos demandes de services de piratage de WhatsApp \u00e0 louer proviennent du Royaume-Uni. Nous fournissons un acc\u00e8s complet aux comptes WhatsApp, y compris aux messages, photos et vid\u00e9os envoy\u00e9s et re\u00e7us, ainsi qu'aux enregistrements d'appels vocaux et vid\u00e9o.<br \/>N'h\u00e9sitez pas \u00e0 remplir notre formulaire de contact pour plus de d\u00e9tails et pour demander le service de piratage WhatsApp.<\/p>\n<div id=\"attachment_5000\" style=\"width: 310px\" class=\"wp-caption alignnone\"><img decoding=\"async\" aria-describedby=\"caption-attachment-5000\" data-src=\"https:\/\/hireonlinehackers.com\/wp-content\/uploads\/2023\/09\/WhatsApp-hacker-300x141.jpg\" alt=\"Pirate WhatsApp \u00e0 louer\" width=\"300\" height=\"141\" src=\"data:image\/svg+xml;base64,PHN2ZyB3aWR0aD0iMSIgaGVpZ2h0PSIxIiB4bWxucz0iaHR0cDovL3d3dy53My5vcmcvMjAwMC9zdmciPjwvc3ZnPg==\" class=\"lazyload\" style=\"--smush-placeholder-width: 300px; --smush-placeholder-aspect-ratio: 300\/141;\" \/><p id=\"caption-attachment-5000\" class=\"wp-caption-text\">Pirate WhatsApp \u00e0 louer<\/p><\/div>\n<h1>Engager un hacker pour WhatsApp<\/h1>\n<p>Notre agence fournit toutes sortes de services de piratage li\u00e9s \u00e0 WhatsApp avec une exp\u00e9rience et des critiques successives.<\/p>\n<p>Tous les services en ligne seront fournis \u00e0 un prix avantageux et dans les d\u00e9lais impartis. Ces sp\u00e9cialit\u00e9s font de nous #1 dans le monde du hacking.<\/p>\n<p>Si vous cherchez \u00e0 embaucher un hacker - WhatsApp en location, notre agence est la meilleure pour vous.<\/p>\n<p>D\u00e9couvrez pourquoi les services de piratage en ligne de notre agence certifi\u00e9e white hat sont meilleurs que ceux d'autres pirates \u00e9thiques professionnellement certifi\u00e9s.<\/p>\n<h2>Obtenir des services de piratage de WhatsApp \u00e0 temps<\/h2>\n<p>Quand<br \/>Notre client choisit un plan en fonction de ses besoins. Il veut certaines qualit\u00e9s chez le gars ou l'agence qu'il va engager en location.<\/p>\n<p>Il peut s'agir d'un prix bon march\u00e9 pour certaines personnes, car l'argent est important pour certains individus. Mais tout le monde veut que sa t\u00e2che soit accomplie tr\u00e8s rapidement et dans les plus brefs d\u00e9lais.<\/p>\n<div>\n<div>\n<h3>O\u00f9 recruter un hacker pour WhatsApp ?<\/h3>\n<\/div>\n<\/div>\n<p>Les gens engagent un hacker pour WhatsApp parce qu'ils ont besoin de tous les d\u00e9tails.<br \/>Ils sont d\u00e9sireux de trouver des r\u00e9sultats aussi rapidement que la vitesse de la lumi\u00e8re.<\/p>\n<p>La vitesse de la lumi\u00e8re n'est pas possible pour tout le monde, mais nous vous assurons que nous fournissons des services de piratage WhatsApp dans les d\u00e9lais qui vous sont impartis.<\/p>\n<div id=\"attachment_5005\" style=\"width: 310px\" class=\"wp-caption alignnone\"><img fetchpriority=\"high\" decoding=\"async\" aria-describedby=\"caption-attachment-5005\" src=\"https:\/\/hireonlinehackers.com\/wp-content\/uploads\/2023\/09\/Social-Media-Accounts-Hack-300x200.jpg\" alt=\" O\u00f9 recruter un hacker pour WhatsApp ? \" width=\"300\" height=\"200\" \/><p id=\"caption-attachment-5005\" class=\"wp-caption-text\"><br \/>O\u00f9 recruter un hacker pour WhatsApp ?<\/p><\/div>\n<h2>Engager un pirate WhatsApp \u00e0 bas prix<\/h2>\n<p>Lorsque vous vous adressez \u00e0 des hackers \"white hat\" pour des services li\u00e9s au piratage de WhatsApp,<br \/>ils peuvent facturer environ $500 ou peut-\u00eatre plus. Mais notre agence croit aux relations \u00e0 long terme.<\/p>\n<p>C'est la raison pour laquelle notre agence propose des services professionnels de WhatsApp en mode \"white hat\". <a title=\"pirate informatique en location\" href=\"https:\/\/allhackerforhire.com\/fr\/\">pirates informatiques <\/a><a href=\"https:\/\/allhackerforhire.com\/fr\/engager-un-hacker\/\" target=\"_blank\" rel=\"noopener\">sur <\/a><a title=\"pirate informatique en location\" href=\"https:\/\/allhackerforhire.com\/fr\/pirates-informatiques-a-louer\/\">louer<\/a> \u00e0 un prix tr\u00e8s bas. Vous pouvez \u00e9galement comparer les prix d'autres ressources.<\/p>\n<h4>Vous devez suivre certaines \u00e9tapes avant d'opter pour les services de piratage de WhatsApp.<\/h4>\n<ul>\n<li>D\u00e9cidez d'abord de ce que vous voulez.<\/li>\n<li>V\u00e9rifiez ensuite les prix en vous rendant sur le site <a href=\"https:\/\/hireonlinehackers.com\/hire-a-hacker\/\" target=\"_blank\" rel=\"noopener\">les <\/a><a href=\"https:\/\/allhackerforhire.com\/fr\/\">riz<\/a> page.<\/li>\n<li>Choisissez la formule qui vous convient.<\/li>\n<li>Envoyez-nous toutes vos questions en d\u00e9tail.<\/li>\n<li>Envoyez-nous un courriel ou discutez avec le service d'assistance.<\/li>\n<li>Si tout est clair avec l'\u00e9quipe d'assistance, il ne faut pas h\u00e9siter.<\/li>\n<\/ul>\n<div>\n<h4>Les pirates professionnels contactent<\/h4>\n<\/div>\n<div>\n<div>\n<p><span data-preserver-spaces=\"true\">Whatsapp est une application de messagerie gratuite pour smartphones, actuellement d\u00e9tenue par Facebook. C'est l'une des plus grandes<br \/>des plateformes de m\u00e9dias sociaux en ligne. La principale raison pour laquelle WhatsApp est si<br \/>La popularit\u00e9 du site s'explique par la pr\u00e9sence d'un pool international d'utilisateurs. L'interface est facile<br \/>\u00e0 comprendre, et les utilisateurs sont plus de 2 milliards. Pirate de compte WhatsApp \u00e0 louer.<\/span><\/p>\n<h3>Pirate de compte WhatsApp \u00e0 embaucher<\/h3>\n<p><span data-preserver-spaces=\"true\">Que ce soit \u00e0 des fins personnelles ou professionnelles, les utilisateurs se sentent plus \u00e0 l'aise pour transmettre leurs informations par l'interm\u00e9diaire de WhatsApp. La messagerie crypt\u00e9e de bout en bout l'a rendue plus populaire et a convaincu les utilisateurs de l'utiliser. Pourtant, des astuces de piratage de WhatsApp sont possibles si l'on dispose de suffisamment de connaissances. Les astuces de piratage possibles vous permettront d'acc\u00e9der au compte de quelqu'un.  O\u00f9 engager un hacker pour WhatsApp.<br \/><\/span><\/p>\n<h4><span data-preserver-spaces=\"true\">Nous verrons comment pirater<\/span><\/h4>\n<p><span data-preserver-spaces=\"true\">comptes Whatsapp par le biais du piratage \u00e9thique dans la suite de l'article. Le piratage \u00e9thique est une approche s\u00fbre qui permet de conna\u00eetre les failles d'un syst\u00e8me afin d'en augmenter la s\u00e9curit\u00e9. Nous verrons \u00e9galement comment engager un hacker pour WhatsApp en ligne afin d'espionner quelqu'un. Si vous \u00eates un parent inquiet qui veut surveiller ses enfants ou un patron qui veut contr\u00f4ler ses employ\u00e9s, il est important de conna\u00eetre les astuces de triche sur Whatsapp. <\/span>Contact pour les hackers professionnels.<\/p>\n<h2><strong><span data-preserver-spaces=\"true\">Comment synchroniser l'appareil avec un navigateur Web via un code QR en tant qu'astuce de piratage de WhatsApp.<\/span><\/strong><\/h2>\n<p><span data-preserver-spaces=\"true\">La m\u00e9thode est assez simple et tout ce dont vous avez besoin, c'est de r\u00e9cup\u00e9rer le t\u00e9l\u00e9phone portable de l'utilisateur cibl\u00e9. Une fois que vous avez le portable de la victime, vous \u00eates pr\u00eat \u00e0 partir. Nous devons utiliser le service \u2018WhatsApp Web\u201c \u00e0 notre avantage. Si vous voulez profiter de ce service, rendez-vous sur \"<\/span><a href=\"https:\/\/web.whatsapp.com\" target=\"_blank\" rel=\"noopener\"><span data-preserver-spaces=\"true\">https:\/\/web.whatsapp.com<\/span><\/a><span data-preserver-spaces=\"true\">\u201dsur votre PC. Si vous souhaitez utiliser un appareil mobile, vous devez installer un logiciel d'aide \u00e0 l'utilisation de l'ordinateur.<br \/>appel\u00e9e \u2018Whatsapp Web\u2019. La proc\u00e9dure principale est la suivante<\/span><\/p>\n<ol>\n<li><span data-preserver-spaces=\"true\">Ouvrez le mod\u00e8le auquel vous souhaitez acc\u00e9der aux messages - vous pouvez utiliser un PC ou un appareil mobile.<\/span><\/li>\n<li><span data-preserver-spaces=\"true\">Pour y acc\u00e9der \u00e0 partir du PC, ouvrez les navigateurs web en tapant \u201c<\/span><a href=\"https:\/\/web.whatsapp.com\" target=\"_blank\" rel=\"noopener\"><span data-preserver-spaces=\"true\">https:\/\/web.whatsapp.com<\/span><\/a><span data-preserver-spaces=\"true\">.\u201d<br \/>Il vous sera demand\u00e9 de scanner le code QR indiqu\u00e9 sur le site. Apr\u00e8s le scan<br \/>est termin\u00e9e depuis le t\u00e9l\u00e9phone portable de la victime, cochez l'option \u2018Me garder connect\u00e9\".<br \/>dans\u201d.\u201d<\/span><\/li>\n<li><span data-preserver-spaces=\"true\">Pour les utilisateurs mobiles, ouvrez l'application Web WhatsApp.<\/span><\/li>\n<li><span data-preserver-spaces=\"true\">Scannez le code QR \u00e0 partir de l'application mobile de l'appareil de la victime en suivant - WhatsApp Menu-&gt;WhatsApp Web.<\/span><\/li>\n<\/ol>\n<p><span data-preserver-spaces=\"true\">Une fois connect\u00e9, vous aurez acc\u00e8s \u00e0 tous les messages et fichiers. Cependant, la conversation ou le texte supprim\u00e9 n'appara\u00eetra pas dans l'interface de l'utilisateur. Le point le plus important de cette m\u00e9thode est de disposer de l'appareil mobile de l'utilisateur cibl\u00e9. La m\u00e9thode ne fonctionnera pas si l'appareil mobile de la victime n'est pas pr\u00e9sent avec vous.<\/span><\/p>\n<h2><strong><span data-preserver-spaces=\"true\">Comment pirater des conversations WhatsApp \u00e0 l'aide de WSP 3.0<\/span><\/strong><\/h2>\n<p><span data-preserver-spaces=\"true\">Cette m\u00e9thode vous permet de voir tous les chats et conversations de l'utilisateur cibl\u00e9. Vous devez utiliser<br \/>WhatsApp Scan Pro (WSP). Vous pouvez t\u00e9l\u00e9charger le fichier APK, disponible en ligne. Le WSP fonctionne comme un logiciel malveillant. Il contient un virus joint \u00e0 la photo que vous allez envoyer \u00e0 l'utilisateur cibl\u00e9.<\/span><\/p>\n<p><span data-preserver-spaces=\"true\">La victime tombe dans un pi\u00e8ge si elle clique sur la photo envoy\u00e9e. Il faut donc envoyer une photo qui intrigue la victime et l'incite \u00e0 cliquer dessus. Lorsque la victime ouvre la photo, le virus s'introduit automatiquement dans l'appareil.<\/span><\/p>\n<h4><span data-preserver-spaces=\"true\">Hackers freelance \u00e0 louer<br \/><\/span><\/h4>\n<p><span data-preserver-spaces=\"true\">\u00a0Le WSP aide \u00e0 bloquer les activit\u00e9s de la porte d\u00e9rob\u00e9e dans le cadre et \u00e0 se connecter au pirate. Lorsque le pirate obtient l'acc\u00e8s, les codes QR sont scann\u00e9s \u00e0 partir de la messagerie mobile cibl\u00e9e.<\/span><\/p>\n<p><span data-preserver-spaces=\"true\">Le code est modifi\u00e9 toutes les 10 secondes. Cependant, le pirate peut surveiller le processus en permanence. Le pirate<br \/>acc\u00e8de instantan\u00e9ment \u00e0 la session de la victime d\u00e8s que la connexion est \u00e9tablie.<br \/>\u00e9tablie.\u00a0<\/span><\/p>\n<p><span data-preserver-spaces=\"true\">Il convient de garder \u00e0 l'esprit que la connexion internet doit \u00eatre stable et rapide.<\/span><\/p>\n<h4><strong><span data-preserver-spaces=\"true\">Comment pirater WhatsApp en exportant l'historique des conversations\u00a0\u00a0<\/span><\/strong><\/h4>\n<p><span data-preserver-spaces=\"true\">C'est le moyen le plus rapide de pirater<br \/>WhatsApp de l'utilisateur cibl\u00e9. Cette astuce de piratage de WhatsApp est assez similaire \u00e0 la premi\u00e8re m\u00e9thode mentionn\u00e9e dans l'article. Le processus est le suivant<\/span><\/p>\n<ol>\n<li><span data-preserver-spaces=\"true\">Prenez l'appareil mobile de la victime et ouvrez l'application WhatsApp.<\/span><\/li>\n<li><span data-preserver-spaces=\"true\">Cliquez sur l'ic\u00f4ne Menu. Cette ic\u00f4ne se pr\u00e9sente sous la forme de trois points verticaux dans la partie sup\u00e9rieure de l'interface de l'application.<\/span><\/li>\n<li><span data-preserver-spaces=\"true\">Cliquez maintenant sur Param\u00e8tres -&gt;Chats -&gt; Historique du chat -&gt; Exporter le chat (avec ou sans l'historique des m\u00e9dias, comme vous le souhaitez).<\/span><\/li>\n<li><span data-preserver-spaces=\"true\">Ouvrez Gmail et saisissez l'adresse \u00e9lectronique que vous souhaitez envoyer.\u00a0<\/span><\/li>\n<li><span data-preserver-spaces=\"true\">Cliquez sur Exporter\u00a0<\/span><\/li>\n<\/ol>\n<p><span data-preserver-spaces=\"true\">Le fichier (format texte), y compris le fichier multim\u00e9dia (s'il a \u00e9t\u00e9 choisi), sera t\u00e9l\u00e9charg\u00e9 dans le courrier. Appuyez sur \u2018Envoyer\u2019 pour terminer la t\u00e2che. Vous pouvez r\u00e9cup\u00e9rer le fichier maintenant ou plus tard dans le courrier.\u00a0<\/span><\/p>\n<p>En savoir plus sur - Engager un hacker \u00e9thique pour pirater un compte WhatsApp.<\/p>\n<h5><strong><span data-preserver-spaces=\"true\">Comment embaucher des hackers pour pirater un compte WhatsApp ?\u00a0<\/span><\/strong><\/h5>\n<p><span data-preserver-spaces=\"true\">Il n'est pas recommand\u00e9 d'engager un hacker pour pirater le compte WhatsApp d'une personne. La raison principale est que de nombreux<br \/>Parfois, il peut s'agir d'une escroquerie. De nombreuses personnes se sont plaintes de ne pas avoir re\u00e7u leur service alors qu'elles avaient pay\u00e9 le montant total. Choisir cette option peut \u00eatre un raccourci pour vous car vous n'avez pas \u00e0 vous impliquer dans le processus de piratage. Mais les risques sont \u00e9galement \u00e9lev\u00e9s.<\/span><\/p>\n<p><span data-preserver-spaces=\"true\">Certains sites facturent un montant \u00e9lev\u00e9 s'il n'y a aucune garantie de ne pas \u00eatre victime d'une escroquerie. Prenez<br \/>le service en tenant compte de tous les risques possibles. Mais le piratage l\u00e9gal<br \/>peuvent faire le travail \u00e0 votre place sans qu'il y ait d'escroquerie.<\/span><\/p>\n<p><span data-preserver-spaces=\"true\">\u00a0Si vous \u00eates convaincu de vouloir engager un hacker, suivez ce lien et prenez contact : <\/span><a href=\"https:\/\/allhackerforhire.com\/fr\/\" target=\"_blank\" rel=\"noopener\">Allhackerforhire.com<\/a><span data-preserver-spaces=\"true\"> Ici, vous obtiendrez le service souhait\u00e9, comme promis, bien que le paiement ne soit pas bon march\u00e9.\u00a0<\/span><\/p>\n<h4><span data-preserver-spaces=\"true\">Il s'agit de l'application WhatsApp suivante<\/span><\/h4>\n<p><span data-preserver-spaces=\"true\">Des astuces de piratage que vous pouvez essayer vous-m\u00eame. Il est pr\u00e9f\u00e9rable de ne pas utiliser ces m\u00e9thodes pour des activit\u00e9s ill\u00e9gales. Utilisez plut\u00f4t ces informations comme une pr\u00e9caution que vous pouvez mettre en \u0153uvre pour accro\u00eetre la s\u00e9curit\u00e9 de votre compte. Mais si vous avez des soup\u00e7ons sur une personne que vous connaissez et qui pourrait \u00eatre impliqu\u00e9e dans des actes r\u00e9pr\u00e9hensibles, utilisez ces m\u00e9thodes pour espionner votre compte. Utilisez alors ces m\u00e9thodes pour l'espionner et suivre ses activit\u00e9s.<\/span><\/p>\n<\/div>\n<\/div>\n<\/div>\n<\/div>\n<h3>Whatsapp Hack en ligne<\/h3>\n<p>Vous cherchez \u00e0 pirater les messages WhatsApp, les fichiers audio et les vid\u00e9os de votre ami(e) ou de votre petite amie en ligne ? Si oui, vous \u00eates au bon endroit. Vous pouvez pirater les messages WhatsApp de n'importe quel parent ou ami ici et le plus important, c'est que vous pouvez le faire gratuitement. Nous allons donc voir comment pirater WhatsApp en ligne et comment faire une farce \u00e0 nos amis et \u00e0 notre famille en leur montrant leurs propres messages. Notez qu'il s'agit d'un outil premium mais qu'il est disponible gratuitement sur notre site web afin que vous puissiez profiter de notre service gratuit. Hackers freelance \u00e0 louer.<\/p>\n<h4>\u00c9tapes Comment peut-on pirater WhatsApp en ligne ?<\/h4>\n<p>Il y a 3 options disponibles en haut de notre site web qui sont obligatoires \u00e0 remplir.<\/p>\n<p>\u00a0\u00a0\u00a0 Dans la premi\u00e8re colonne, entrez le num\u00e9ro de t\u00e9l\u00e9phone de la victime que vous souhaitez pirater (avec l'indicatif du pays).<br \/>\u00a0\u00a0\u00a0 Dans la deuxi\u00e8me colonne, s\u00e9lectionnez ce que vous voulez pirater. Il y a 4 options disponibles : les messages, l'audio, les vid\u00e9os et toutes les donn\u00e9es. Hacker de compte WhatsApp \u00e0 embaucher.<\/p>\n<h4><span tabindex=\"0\" role=\"textbox\" contenteditable=\"true\" data-placeholder=\"Example: Rank Math SEO\" aria-placeholder=\"Example: Rank Math SEO\" aria-autocomplete=\"both\" aria-multiline=\"false\">Engager un hacker WhatsApp en ligne<\/span><\/h4>\n<p>\u00a0\u00a0\u00a0 Dans la troisi\u00e8me colonne, s\u00e9lectionnez l'endroit o\u00f9 vous voulez voir les donn\u00e9es pirat\u00e9es. Il y a deux options disponibles : en ligne ou t\u00e9l\u00e9charg\u00e9es sous forme de fichier zip pour les afficher hors ligne. Vous pouvez s\u00e9lectionner n'importe quelle option dans cette colonne.<\/p>\n<p>\u00a0\u00a0\u00a0 Apr\u00e8s avoir rempli toutes les informations, cliquez sur le bouton Hack Now et la prochaine \u00e9tape sera r\u00e9alis\u00e9e par notre syst\u00e8me. Il va g\u00e9n\u00e9rer des codes de hachage et v\u00e9rifier la base de donn\u00e9es de WhatsApp, puis il vous montrera le r\u00e9sultat du piratage.<br \/>\u00a0\u00a0\u00a0 La derni\u00e8re \u00e9tape est de t\u00e9l\u00e9charger ou de voir les fichiers pirat\u00e9s dans cette \u00e9tape, vous piratez pour prouver que vous \u00eates un \u00eatre humain, pas un robot, il suffit de le prouver en remplissant une simple offre. Pirate de compte WhatsApp \u00e0 embaucher.<\/p>\n<h4><a href=\"http:\/\/google.com\" target=\"_blank\" rel=\"noopener\">Engager quelqu'un pour pirater un compte WhatsApp<\/a><\/h4>\n<p>Wow maintenant vous avez acc\u00e8s \u00e0 vos donn\u00e9es pirat\u00e9es Vous pouvez voir les messages, audio, et vid\u00e9os en ligne ou hors ligne gratuitement. Encore une fois, aidez notre site web en le partageant sur Facebook, Google Plus et d'autres sites de m\u00e9dias sociaux. Remarque - Vous ne pouvez pirater qu'un seul num\u00e9ro \u00e0 partir d'une seule adresse IP. Vous pouvez voir la preuve du piratage dans l'image ci-dessous. ENJOY !! Hacker de compte WhatsApp \u00e0 louer.<\/p>\n<p><img decoding=\"async\" data-src=\"https:\/\/hireonlinehackers.com\/wp-content\/uploads\/2023\/01\/5-star-300x158.jpg\" alt=\"Services de piratage professionnel \u00e0 louer\" width=\"36\" height=\"19\" src=\"data:image\/svg+xml;base64,PHN2ZyB3aWR0aD0iMSIgaGVpZ2h0PSIxIiB4bWxucz0iaHR0cDovL3d3dy53My5vcmcvMjAwMC9zdmciPjwvc3ZnPg==\" class=\"lazyload\" style=\"--smush-placeholder-width: 36px; --smush-placeholder-aspect-ratio: 36\/19;\" \/><\/p>\n<\/div>\n<\/div>\n<p><\/p>\t\t\t\t\t\t\t\t<\/div>\n\t\t\t\t<\/div>\n\t\t\t\t\t<\/div>\n\t\t<\/div>\n\t\t\t\t\t<\/div>\n\t\t<\/section>\n\t\t\t\t<section class=\"elementor-section elementor-top-section elementor-element elementor-element-da4e662 elementor-section-boxed elementor-section-height-default elementor-section-height-default default-style\" data-id=\"da4e662\" data-element_type=\"section\" data-settings=\"{&quot;rt_color_sets&quot;:&quot;default-style&quot;}\">\n\t\t\t\t\t\t<div class=\"elementor-container elementor-column-gap-default\">\n\t\t\t\t\t<div class=\"elementor-column elementor-col-50 elementor-top-column elementor-element elementor-element-db924fe\" data-id=\"db924fe\" data-element_type=\"column\">\n\t\t\t<div class=\"elementor-widget-wrap elementor-element-populated\">\n\t\t\t\t\t\t<div class=\"elementor-element elementor-element-0485719 elementor-widget elementor-widget-image\" data-id=\"0485719\" data-element_type=\"widget\" data-widget_type=\"image.default\">\n\t\t\t\t<div class=\"elementor-widget-container\">\n\t\t\t\t\t\t\t\t\t\t\t\t\t\t\t<img decoding=\"async\" width=\"768\" height=\"288\" data-src=\"https:\/\/allhackerforhire.com\/wp-content\/uploads\/2022\/11\/Buy-Registered-Documents.jpg\" class=\"attachment-large size-large wp-image-4545 lazyload\" alt=\"Embaucher des pirates du Dark Web\" data-srcset=\"https:\/\/allhackerforhire.com\/wp-content\/uploads\/2022\/11\/Buy-Registered-Documents.jpg 768w, https:\/\/allhackerforhire.com\/wp-content\/uploads\/2022\/11\/Buy-Registered-Documents-300x113.jpg 300w, https:\/\/allhackerforhire.com\/wp-content\/uploads\/2022\/11\/Buy-Registered-Documents-600x225.jpg 600w\" data-sizes=\"(max-width: 768px) 100vw, 768px\" src=\"data:image\/svg+xml;base64,PHN2ZyB3aWR0aD0iMSIgaGVpZ2h0PSIxIiB4bWxucz0iaHR0cDovL3d3dy53My5vcmcvMjAwMC9zdmciPjwvc3ZnPg==\" style=\"--smush-placeholder-width: 768px; --smush-placeholder-aspect-ratio: 768\/288;\" \/>\t\t\t\t\t\t\t\t\t\t\t\t\t\t\t<\/div>\n\t\t\t\t<\/div>\n\t\t\t\t\t<\/div>\n\t\t<\/div>\n\t\t\t\t<div class=\"elementor-column elementor-col-50 elementor-top-column elementor-element elementor-element-bff131d\" data-id=\"bff131d\" data-element_type=\"column\">\n\t\t\t<div class=\"elementor-widget-wrap elementor-element-populated\">\n\t\t\t\t\t\t<div class=\"elementor-element elementor-element-db6bcbe elementor-widget elementor-widget-heading\" data-id=\"db6bcbe\" data-element_type=\"widget\" data-widget_type=\"heading.default\">\n\t\t\t\t<div class=\"elementor-widget-container\">\n\t\t\t\t\t<h2 class=\"elementor-heading-title elementor-size-default\"><span class=\"tagify__tag-text\">Embaucher des pirates du Dark Web<\/span><\/h2>\t\t\t\t<\/div>\n\t\t\t\t<\/div>\n\t\t\t\t\t<\/div>\n\t\t<\/div>\n\t\t\t\t\t<\/div>\n\t\t<\/section>\n\t\t\t\t<\/div>","protected":false},"excerpt":{"rendered":"<p>WhatsApp Hacker For Hire Le service Whatsapp Hacker For Hire est disponible \u00e0 des prix raisonnables en tant que service autonome de piratage de WhatsApp ainsi que dans le cadre d'un service de piratage de t\u00e9l\u00e9phone qui fournit \u00e9galement un acc\u00e8s \u00e0 WhatsApp. Nos prix sont parmi les meilleurs de l'industrie et vous pouvez \u00eatre assur\u00e9 de la confidentialit\u00e9 100% [...]<\/p>","protected":false},"author":1,"featured_media":4986,"parent":0,"menu_order":0,"comment_status":"closed","ping_status":"open","template":"","meta":{"_acf_changed":false,"footnotes":""},"class_list":["post-4991","page","type-page","status-publish","has-post-thumbnail","hentry"],"acf":[],"_links":{"self":[{"href":"https:\/\/allhackerforhire.com\/fr\/wp-json\/wp\/v2\/pages\/4991","targetHints":{"allow":["GET"]}}],"collection":[{"href":"https:\/\/allhackerforhire.com\/fr\/wp-json\/wp\/v2\/pages"}],"about":[{"href":"https:\/\/allhackerforhire.com\/fr\/wp-json\/wp\/v2\/types\/page"}],"author":[{"embeddable":true,"href":"https:\/\/allhackerforhire.com\/fr\/wp-json\/wp\/v2\/users\/1"}],"replies":[{"embeddable":true,"href":"https:\/\/allhackerforhire.com\/fr\/wp-json\/wp\/v2\/comments?post=4991"}],"version-history":[{"count":16,"href":"https:\/\/allhackerforhire.com\/fr\/wp-json\/wp\/v2\/pages\/4991\/revisions"}],"predecessor-version":[{"id":5175,"href":"https:\/\/allhackerforhire.com\/fr\/wp-json\/wp\/v2\/pages\/4991\/revisions\/5175"}],"wp:featuredmedia":[{"embeddable":true,"href":"https:\/\/allhackerforhire.com\/fr\/wp-json\/wp\/v2\/media\/4986"}],"wp:attachment":[{"href":"https:\/\/allhackerforhire.com\/fr\/wp-json\/wp\/v2\/media?parent=4991"}],"curies":[{"name":"wp","href":"https:\/\/api.w.org\/{rel}","templated":true}]}}