{"id":5026,"date":"2023-09-14T09:39:25","date_gmt":"2023-09-14T09:39:25","guid":{"rendered":"https:\/\/hireonlinehackers.com\/?page_id=5026"},"modified":"2024-07-02T22:12:02","modified_gmt":"2024-07-02T22:12:02","slug":"pirate-instagram-a-louer","status":"publish","type":"page","link":"https:\/\/allhackerforhire.com\/fr\/pirate-instagram-a-louer\/","title":{"rendered":"Pirate d'Instagram"},"content":{"rendered":"<div data-elementor-type=\"wp-page\" data-elementor-id=\"5026\" class=\"elementor elementor-5026\">\n\t\t\t\t\t\t<section class=\"elementor-section elementor-top-section elementor-element elementor-element-21ed0537 elementor-section-boxed elementor-section-height-default elementor-section-height-default default-style\" data-id=\"21ed0537\" data-element_type=\"section\" data-settings=\"{&quot;rt_color_sets&quot;:&quot;default-style&quot;}\">\n\t\t\t\t\t\t<div class=\"elementor-container elementor-column-gap-default\">\n\t\t\t\t\t<div class=\"elementor-column elementor-col-100 elementor-top-column elementor-element elementor-element-320524c5\" data-id=\"320524c5\" data-element_type=\"column\">\n\t\t\t<div class=\"elementor-widget-wrap elementor-element-populated\">\n\t\t\t\t\t\t<div class=\"elementor-element elementor-element-15f4f884 elementor-widget elementor-widget-text-editor\" data-id=\"15f4f884\" data-element_type=\"widget\" data-widget_type=\"text-editor.default\">\n\t\t\t\t<div class=\"elementor-widget-container\">\n\t\t\t\t\t\t\t\t\t<p><\/p>\n<h2 class=\"wp-block-heading\">Hacker Instagram \u00e0 louer<\/h2>\n<p><\/p>\n<div data-id=\"45a8c67\" data-element_type=\"widget\" data-widget_type=\"text-editor.default\">\n<div>\n<div data-id=\"68dc6d6\" data-element_type=\"widget\" data-widget_type=\"text-editor.default\">\n<div>\n<div>\n<div>\n<div>\n<p>Notre service de piratage professionnel est sp\u00e9cialis\u00e9 dans le piratage de compte Instagram, vous offrant la possibilit\u00e9 d'acc\u00e9der \u00e0 n'importe quel compte en ligne et de surveiller diverses plateformes telles que WhatsApp, Facebook, Discord, Snapchat, et plus encore. Avec notre outil logiciel, disponible pour PC, iPhone et Android, vous pouvez acc\u00e9der \u00e0 des fonctionnalit\u00e9s telles que la localisation GPS en direct, la surveillance de la cam\u00e9ra et du microphone, les messages, les emails, les appels, l'historique du navigateur, l'enregistrement de l'\u00e9cran et la r\u00e9cup\u00e9ration des messages, des fichiers et des m\u00e9dias supprim\u00e9s.&nbsp;<\/p><p>Si vous vous trouvez dans la situation malheureuse d'un compte Instagram perdu ou pirat\u00e9, notre \u00e9quipe de vrais hackers professionnels est l\u00e0 pour vous aider \u00e0 le r\u00e9cup\u00e9rer rapidement et facilement. N'h\u00e9sitez pas \u00e0 engager un hacker Instagram professionnel et \u00e0 reprendre le contr\u00f4le de votre compte. Hacker de compte Instagram \u00e0 louer.<br><\/p>\n<h3>Engager un service de piratage pour pirater Instagram<\/h3>\n<\/div>\n<\/div>\n<p>Si vous avez perdu l'acc\u00e8s \u00e0 votre compte Instagram ou si vous souhaitez obtenir l'acc\u00e8s \u00e0 un compte Instagram pour d'autres raisons, c'est le service qu'il vous faut. Nous n'envoyons aucun lien ou message au propri\u00e9taire et ce service est compl\u00e8tement discret et anonyme. La s\u00e9curit\u00e9 de nos clients est tr\u00e8s importante pour nous et nous gardons cela \u00e0 l'esprit tout en effectuant tous les travaux. Embauchez des pirates professionnels d'Instagram en ligne \u00e0 bas prix. Hacker de compte Instagram \u00e0 louer.<br><\/p>\n<p><img decoding=\"async\" data-src=\"https:\/\/hireonlinehackers.com\/wp-content\/uploads\/2023\/09\/Instagram-Hacker-for-Hire-300x168.jpg\" alt=\"Hacker Instagram \u00e0 louer\" width=\"230\" height=\"128\" src=\"data:image\/svg+xml;base64,PHN2ZyB3aWR0aD0iMSIgaGVpZ2h0PSIxIiB4bWxucz0iaHR0cDovL3d3dy53My5vcmcvMjAwMC9zdmciPjwvc3ZnPg==\" class=\"lazyload\" style=\"--smush-placeholder-width: 230px; --smush-placeholder-aspect-ratio: 230\/128;\"><\/p>\n<h3><span contenteditable=\"true\">Embaucher un hacker pour Instagram<\/span><\/h3>\n<\/div>\n<\/div>\n<\/div>\n<\/div>\n<\/div>\n<p>Nous proposons une proc\u00e9dure simple pour embaucher une <a href=\"https:\/\/allhackerforhire.com\/fr\/\">hacker pour Instagram<\/a>Nos services sont sp\u00e9cialement con\u00e7us pour vous aider \u00e0 attraper un conjoint infid\u00e8le ou un infid\u00e8le. Nos services offrent des options abordables pour embaucher un hacker Instagram. Avec une gamme de services de piratage disponibles, y compris le piratage de compte Instagram, le piratage informatique et le contournement des mesures de s\u00e9curit\u00e9, nous sommes le choix de confiance pour embaucher des pirates Instagram. Que vous ayez perdu l'acc\u00e8s \u00e0 votre propre compte Instagram ou que vous ayez besoin d'acc\u00e9der au compte de quelqu'un d'autre pour des raisons l\u00e9gitimes, notre service discret et anonyme peut r\u00e9pondre \u00e0 vos besoins.<\/p>\n<h3>Payer quelqu'un pour pirater Instagram<\/h3>\n<p>Notre \u00e9quipe de hackers qualifi\u00e9s est sp\u00e9cialis\u00e9e dans le piratage d'Instagram et peut vous aider \u00e0 r\u00e9cup\u00e9rer des informations importantes ou \u00e0 r\u00e9soudre tout probl\u00e8me li\u00e9 \u00e0 votre compte. Nous maintenons le plus haut niveau de confidentialit\u00e9 et veillons \u00e0 ce que vos informations personnelles restent s\u00e9curis\u00e9es tout au long du processus. Ne laissez pas vos soup\u00e7ons ou vos inqui\u00e9tudes rester sans r\u00e9ponse - engagez un hacker Instagram d\u00e8s aujourd'hui et obtenez les r\u00e9ponses dont vous avez besoin<a href=\"https:\/\/duckduckgo.com\/\" target=\"_blank\" rel=\"noopener\">.<\/a> Nous accordons la priorit\u00e9 \u00e0 la satisfaction du client et garantissons des r\u00e9sultats rapides.<\/p>\n<h3>Embaucher des pirates professionnels d'Instagram<\/h3>\n<p><\/p>\n<p>Nos hackers experts ont des ann\u00e9es d'exp\u00e9rience dans le domaine et sont \u00e9quip\u00e9s des derniers outils et techniques pour assurer un piratage Instagram r\u00e9ussi. Soyez rassur\u00e9, nos services sont enti\u00e8rement l\u00e9gaux et \u00e9thiques, adh\u00e9rant \u00e0 des normes \u00e9thiques strictes. N'h\u00e9sitez plus - prenez le contr\u00f4le de votre compte Instagram ou acc\u00e9dez aux informations dont vous avez besoin en engageant nos hackers Instagram de confiance d\u00e8s maintenant. Hacker de compte Instagram \u00e0 louer.<br><\/p>\n<p>Au moment o\u00f9 vous enr\u00f4lez un programmeur Instagram chez nous, vous acc\u00e9dez au programmeur le plus id\u00e9al de l'industrie. Nous avons un groupe de techno-artistes profond\u00e9ment talentueux et exp\u00e9riment\u00e9s qui peuvent vous aider avec n'importe quel besoin de piratage que vous pourriez avoir.<\/p>\n<h3>Payer pour pirater un compte Instagram<\/h3>\n<p>Notre administration offre la possibilit\u00e9 d'engager un programmateur Instagram. En employant un programmateur par le biais de notre administration, les clients peuvent acc\u00e9der \u00e0 la fiche de n'importe quel singulier qu'ils choisissent, qu'ils aient ou non les donn\u00e9es de connexion.<\/p>\n<h4>Pirate de compte Instagram \u00e0 embaucher<\/h4>\n<p>Cela permet aux clients de r\u00e9cup\u00e9rer des photos effac\u00e9es et de modifier des mots de passe, et le ciel est la limite \u00e0 partir de l\u00e0. Nous utilisons un langage savant complexe pour garantir que nos programmeurs sont vraiment incroyables. Nous nous investissons pleinement dans notre travail et devons nous assurer que nos clients sont g\u00e9n\u00e9ralement satisfaits des r\u00e9sultats. Payer pour pirater un compte Instagram.<\/p>\n<h4>Pourquoi nous choisir pour recruter un hacker Instagram ?<\/h4>\n<p>Il y a plusieurs raisons pour lesquelles nous recrutons des hackers Instagram. La raison la plus importante est sans doute que nous disposons d'un grand nombre de hackers qualifi\u00e9s et exp\u00e9riment\u00e9s qui sont en mesure de r\u00e9pondre \u00e0 une grande vari\u00e9t\u00e9 de besoins en mati\u00e8re de piratage. De plus, nous offrons des tarifs comp\u00e9titifs, un support client 24\/7 et une garantie de satisfaction 100%.<\/p>\n<div data-id=\"45a8c67\" data-element_type=\"widget\" data-widget_type=\"text-editor.default\">\n<div>\n<p><img decoding=\"async\" data-src=\"https:\/\/hireonlinehackers.com\/wp-content\/uploads\/2023\/01\/5-star-300x158.jpg\" alt=\"Services de piratage professionnel \u00e0 louer\" width=\"36\" height=\"19\" src=\"data:image\/svg+xml;base64,PHN2ZyB3aWR0aD0iMSIgaGVpZ2h0PSIxIiB4bWxucz0iaHR0cDovL3d3dy53My5vcmcvMjAwMC9zdmciPjwvc3ZnPg==\" class=\"lazyload\" style=\"--smush-placeholder-width: 36px; --smush-placeholder-aspect-ratio: 36\/19;\"><\/p>\n<\/div>\n<\/div>\n<p><\/p>\t\t\t\t\t\t\t\t<\/div>\n\t\t\t\t<\/div>\n\t\t\t\t\t<\/div>\n\t\t<\/div>\n\t\t\t\t\t<\/div>\n\t\t<\/section>\n\t\t\t\t<section class=\"elementor-section elementor-top-section elementor-element elementor-element-da4e662 elementor-section-boxed elementor-section-height-default elementor-section-height-default default-style\" data-id=\"da4e662\" data-element_type=\"section\" data-settings=\"{&quot;rt_color_sets&quot;:&quot;default-style&quot;}\">\n\t\t\t\t\t\t<div class=\"elementor-container elementor-column-gap-default\">\n\t\t\t\t\t<div class=\"elementor-column elementor-col-50 elementor-top-column elementor-element elementor-element-db924fe\" data-id=\"db924fe\" data-element_type=\"column\">\n\t\t\t<div class=\"elementor-widget-wrap elementor-element-populated\">\n\t\t\t\t\t\t<div class=\"elementor-element elementor-element-0485719 elementor-widget elementor-widget-image\" data-id=\"0485719\" data-element_type=\"widget\" data-widget_type=\"image.default\">\n\t\t\t\t<div class=\"elementor-widget-container\">\n\t\t\t\t\t\t\t\t\t\t\t\t\t\t\t<img fetchpriority=\"high\" decoding=\"async\" width=\"768\" height=\"288\" src=\"https:\/\/allhackerforhire.com\/wp-content\/uploads\/2022\/11\/Buy-Registered-Documents.jpg\" class=\"attachment-large size-large wp-image-4545\" alt=\"Embaucher des pirates du Dark Web\" srcset=\"https:\/\/allhackerforhire.com\/wp-content\/uploads\/2022\/11\/Buy-Registered-Documents.jpg 768w, https:\/\/allhackerforhire.com\/wp-content\/uploads\/2022\/11\/Buy-Registered-Documents-300x113.jpg 300w, https:\/\/allhackerforhire.com\/wp-content\/uploads\/2022\/11\/Buy-Registered-Documents-600x225.jpg 600w\" sizes=\"(max-width: 768px) 100vw, 768px\" \/>\t\t\t\t\t\t\t\t\t\t\t\t\t\t\t<\/div>\n\t\t\t\t<\/div>\n\t\t\t\t\t<\/div>\n\t\t<\/div>\n\t\t\t\t<div class=\"elementor-column elementor-col-50 elementor-top-column elementor-element elementor-element-bff131d\" data-id=\"bff131d\" data-element_type=\"column\">\n\t\t\t<div class=\"elementor-widget-wrap elementor-element-populated\">\n\t\t\t\t\t\t<div class=\"elementor-element elementor-element-db6bcbe elementor-widget elementor-widget-heading\" data-id=\"db6bcbe\" data-element_type=\"widget\" data-widget_type=\"heading.default\">\n\t\t\t\t<div class=\"elementor-widget-container\">\n\t\t\t\t\t<h2 class=\"elementor-heading-title elementor-size-default\">Instagram Hackers 15 minutes<\/h2>\t\t\t\t<\/div>\n\t\t\t\t<\/div>\n\t\t\t\t\t<\/div>\n\t\t<\/div>\n\t\t\t\t\t<\/div>\n\t\t<\/section>\n\t\t\t\t<\/div>","protected":false},"excerpt":{"rendered":"<p>Instagram Hacker for Hire Notre service de piratage professionnel est sp\u00e9cialis\u00e9 dans le piratage de compte Instagram, vous offrant la possibilit\u00e9 d'acc\u00e9der \u00e0 n'importe quel compte en ligne et de surveiller diverses plateformes telles que WhatsApp, Facebook, Discord, Snapchat, et plus encore. Avec notre outil logiciel, disponible pour PC, iPhone et Android, vous pouvez acc\u00e9der \u00e0 des fonctionnalit\u00e9s telles que la localisation GPS en direct, [...]<\/p>","protected":false},"author":1,"featured_media":5029,"parent":0,"menu_order":0,"comment_status":"closed","ping_status":"open","template":"","meta":{"_acf_changed":false,"footnotes":""},"class_list":["post-5026","page","type-page","status-publish","has-post-thumbnail","hentry"],"acf":[],"_links":{"self":[{"href":"https:\/\/allhackerforhire.com\/fr\/wp-json\/wp\/v2\/pages\/5026","targetHints":{"allow":["GET"]}}],"collection":[{"href":"https:\/\/allhackerforhire.com\/fr\/wp-json\/wp\/v2\/pages"}],"about":[{"href":"https:\/\/allhackerforhire.com\/fr\/wp-json\/wp\/v2\/types\/page"}],"author":[{"embeddable":true,"href":"https:\/\/allhackerforhire.com\/fr\/wp-json\/wp\/v2\/users\/1"}],"replies":[{"embeddable":true,"href":"https:\/\/allhackerforhire.com\/fr\/wp-json\/wp\/v2\/comments?post=5026"}],"version-history":[{"count":13,"href":"https:\/\/allhackerforhire.com\/fr\/wp-json\/wp\/v2\/pages\/5026\/revisions"}],"predecessor-version":[{"id":5132,"href":"https:\/\/allhackerforhire.com\/fr\/wp-json\/wp\/v2\/pages\/5026\/revisions\/5132"}],"wp:featuredmedia":[{"embeddable":true,"href":"https:\/\/allhackerforhire.com\/fr\/wp-json\/wp\/v2\/media\/5029"}],"wp:attachment":[{"href":"https:\/\/allhackerforhire.com\/fr\/wp-json\/wp\/v2\/media?parent=5026"}],"curies":[{"name":"wp","href":"https:\/\/api.w.org\/{rel}","templated":true}]}}