{"id":40,"date":"2010-08-23T19:14:50","date_gmt":"2010-08-23T19:14:50","guid":{"rendered":"http:\/\/rttheme10.templatemints.com\/?page_id=40"},"modified":"2025-11-16T10:32:59","modified_gmt":"2025-11-16T10:32:59","slug":"embaucher-un-hacker-belgique","status":"publish","type":"page","link":"https:\/\/allhackerforhire.com\/fr_be\/embaucher-un-hacker-belgique\/","title":{"rendered":"Nous contacter"},"content":{"rendered":"<h1>EMBAUCHER UN HACKER<\/h1>\n<h2>Louer un hacker en ligne | Louer un hacker | Louer un hacker<\/h2>\n<p>Engagez un hacker honn\u00eate et d\u00e9vou\u00e9 \u00e0 l'accomplissement du service de hacking assign\u00e9. R\u00e9sultats assur\u00e9s du service de piratage. Nos hackers \u00e0 louer sont honn\u00eates, d\u00e9vou\u00e9s et passionn\u00e9s par leur travail, ils peuvent franchir n'importe quel niveau de piratage pour obtenir du succ\u00e8s dans le piratage. R\u00e9ponse rapide du hacker Find Dark Web Hacker r\u00e9pond dans les 30 minutes.<\/p>\n<h3 data-rt-animate=\"animate\" data-rt-animation-type=\"fade\" data-rt-animation-group=\"single\">CONTACTEZ-NOUS<\/h3>\n<h3>Hackers de confiance \u00e0 louer<\/h3>\n<div><span style=\"color: #ff0000;\"><strong>ALL8hfh@protonmail.ch<\/strong><\/span><\/div>\n<h2><strong>Pirates informatiques clandestins \u00e0 louer<\/strong><\/h2>\n<p>Nous sommes des fournisseurs de services d'embauche d'un hacker et nous offrons des experts en cyber \u00e9thique exclusifs et dignes de confiance dans le monde entier. Vous trouverez ici une large gamme d'experts en ligne disponibles. Support client en ligne 24*7. Engagez des cyber experts professionnels 24\/7 \u00e0 tout moment.<\/p>\n<p>Nos meilleurs services de cyber-expertise vous offrent le sauvetage de t\u00e9l\u00e9phones pirat\u00e9s, la r\u00e9cup\u00e9ration de mots de passe de m\u00e9dias sociaux compromis, la r\u00e9cup\u00e9ration de fonds provenant d'une escroquerie \u00e0 l'investissement cryptographique, la recherche de fraudes par virement bancaire, le signalement et la suppression d'articles Internet diffamatoires ou faux, de billets de blog ou de fausses critiques, la r\u00e9cup\u00e9ration de sites Web pirat\u00e9s ou compromis, et bien d'autres services de ce type pour lesquels vous \u00eates impuissants et ne trouvez plus aucun moyen de poursuivre votre action.<\/p>\n<p>Si vous n'\u00eates pas s\u00fbr du service dont vous avez besoin mais que vous avez un probl\u00e8me pr\u00eat \u00e0 \u00eatre r\u00e9solu, vous devrez prendre l'initiative de le demander :<\/p>\n<ol>\n<li>Spy and Monitor est une organisation de hackers \u00e9thiques de premier plan !<\/li>\n<li>Embauchez des hackers extr\u00eamement bien form\u00e9s, certifi\u00e9s et professionnels !<\/li>\n<li>Louez un hacker capable de tenir ses promesses !<\/li>\n<li>Notre argument de vente unique est la confiance et la responsabilit\u00e9 !<\/li>\n<\/ol>\n<p>Nous construisons la confiance de tous nos clients. N'h\u00e9sitez pas \u00e0 nous contacter. Quelle que soit la question que vous vous posez, il vous suffit de contacter notre\u00a0<b>Experts professionnels en cybern\u00e9tique<\/b>, Notre \u00e9quipe professionnelle et talentueuse vous r\u00e9pondra dans les plus brefs d\u00e9lais. Engagez un hacker en ligne.<\/p>\n<p>Vous pouvez trouver la solution \u00e0 tous les probl\u00e8mes ici tels que quelqu'un pirate Facebook, r\u00e9cup\u00e9ration de mot de passe, Instagram Hacker, WhatsApp, Snapchat Hacker, Email, ou Ordinateur ou vous soup\u00e7onnez que quelqu'un surveille votre t\u00e9l\u00e9phone, obtenez une solution \u00e0 votre probl\u00e8me par des cyber experts sp\u00e9cialis\u00e9s.<\/p>\n<p>Nous avons plus de 100+ Cyber Experts professionnels et nous nous assurons que vous \u00eates 100% en s\u00e9curit\u00e9 lors de l'embauche d'un hacker en ligne chez nous. La confiance est notre premi\u00e8re arme. Ne vous inqui\u00e9tez donc pas ! Nous avons fourni nos services \u00e0 de nombreux clients dans le monde entier. Nous n'exposons pas vos donn\u00e9es personnelles \u00e0 qui que ce soit.<\/p>\n<p><img decoding=\"async\" data-src=\"https:\/\/hireonlinehackers.com\/wp-content\/uploads\/2023\/01\/5-star-300x158.jpg\" alt=\"Services de piratage professionnel \u00e0 louer\" width=\"53\" height=\"28\" src=\"data:image\/svg+xml;base64,PHN2ZyB3aWR0aD0iMSIgaGVpZ2h0PSIxIiB4bWxucz0iaHR0cDovL3d3dy53My5vcmcvMjAwMC9zdmciPjwvc3ZnPg==\" class=\"lazyload\" style=\"--smush-placeholder-width: 53px; --smush-placeholder-aspect-ratio: 53\/28;\" \/><\/p>\n<h3 data-rt-animate=\"animate\" data-rt-animation-type=\"fade\" data-rt-animation-group=\"single\">LA SATISFACTION EST GARANTIE.<\/h3>\n<h2>Hackers professionnels \u00e0 louer<\/h2>\n<h3>Services de surveillance t\u00e9l\u00e9phonique<\/h3>\n<p>Nous fournissons un service complet de surveillance de t\u00e9l\u00e9phone portable pour votre num\u00e9ro cibl\u00e9 en utilisant une technologie de pointe qui vous permettra de contr\u00f4ler tous les aspects de l'appareil. La surveillance des partenaires tricheurs est \u00e0 votre service ! Hacker For Hire.<\/p>\n<h3>Services de r\u00e9cup\u00e9ration de mots de passe<\/h3>\n<p>Nous vous donnerons acc\u00e8s au compte complet afin que vous puissiez lire tous les messages entrants et sortants. Vous verrez \u00e9galement les derniers messages supprim\u00e9s. De vrais hackers \u00e0 louer.<\/p>\n<p><img decoding=\"async\" data-src=\"https:\/\/hireonlinehackers.com\/wp-content\/uploads\/2023\/01\/5-star-300x158.jpg\" alt=\"Services de piratage professionnel \u00e0 louer\" width=\"66\" height=\"35\" src=\"data:image\/svg+xml;base64,PHN2ZyB3aWR0aD0iMSIgaGVpZ2h0PSIxIiB4bWxucz0iaHR0cDovL3d3dy53My5vcmcvMjAwMC9zdmciPjwvc3ZnPg==\" class=\"lazyload\" style=\"--smush-placeholder-width: 66px; --smush-placeholder-aspect-ratio: 66\/35;\" \/><\/p>\n<h3>Services de p\u00e9n\u00e9tration des m\u00e9dias sociaux<\/h3>\n<p>Nous vous donnerons acc\u00e8s \u00e0 diff\u00e9rents comptes de m\u00e9dias sociaux tels que Messenger, Whatsapp, Instagram, Snapchat, Telegram, etc. Surveillez discr\u00e8tement sans avertir votre cible. Maintenant, vous pouvez embaucher des cyber experts \u00e9thiques des m\u00e9dias sociaux de nous. Engagez un hacker.<\/p>\n<h2><strong>Les meilleurs cyber-hackers \u00e9thiques<\/strong><\/h2>\n<p>Les cyber experts professionnels sont toujours pr\u00eats \u00e0 vous fournir le meilleur service de piratage. Nous sommes des fournisseurs professionnels de services de piratage aux \u00c9tats-Unis. Vous pouvez facilement explorer en ligne\u00a0<b>pirates informatiques \u00e0 louer<\/b>. En tant que premier support de hacker \u00e9thique \u00e0 louer dans le monde, Spy and Monitor offre les meilleurs cyber-experts en ligne dans le monde entier.<\/p>\n<p>Nous disposons d'une \u00e9quipe sp\u00e9cialis\u00e9e de plus de 100 experts en cybern\u00e9tique tr\u00e8s exp\u00e9riment\u00e9s, au sein de laquelle vous pouvez\u00a0<a href=\"https:\/\/allhackerforhire.com\/fr_be\/embaucher-un-hacker-belgique\/\">contacter des hackers en ligne<\/a>, qui sont des experts dans les pr\u00e9s sup\u00e9rieurs. Nos meilleurs hackers sont recrut\u00e9s en ligne en menant de nombreux tests en direct ; une fois qu'ils ont fait leurs preuves, ils peuvent rejoindre notre \u00e9quipe sup\u00e9rieure.<a href=\"https:\/\/duckduckgo.com\/\" target=\"_blank\" rel=\"noopener\">.<\/a> Engagez un hacker pour n'importe quel type de travail.<\/p>\n<p>\u2713 Embaucher des cyber-experts professionnels pour des services de surveillance t\u00e9l\u00e9phonique<\/p>\n<p>\u2713 Embauche de cyber-hackers \u00e9thiques pour la surveillance d'un partenaire ou d'un conjoint contraire \u00e0 l'\u00e9thique<\/p>\n<p>\u2713 Engager des hackers pour r\u00e9cup\u00e9rer une arnaque \u00e0 l'investissement dans les crypto-monnaies<\/p>\n<p>\u2713 Embaucher des cyber-professionnels \u00e9thiques pour p\u00e9n\u00e9trer les m\u00e9dias sociaux<\/p>\n<p><img decoding=\"async\" data-src=\"https:\/\/buylegitpassport.com\/wp-content\/uploads\/2022\/11\/5-star-2-300x158.jpg\" alt=\"Engager un hacker\" width=\"70\" height=\"37\" src=\"data:image\/svg+xml;base64,PHN2ZyB3aWR0aD0iMSIgaGVpZ2h0PSIxIiB4bWxucz0iaHR0cDovL3d3dy53My5vcmcvMjAwMC9zdmciPjwvc3ZnPg==\" class=\"lazyload\" style=\"--smush-placeholder-width: 70px; --smush-placeholder-aspect-ratio: 70\/37;\" \/><\/p>\n<section data-id=\"785fc72\" data-element_type=\"section\" data-settings=\"{&quot;background_background&quot;:&quot;classic&quot;}\">\n<h2><strong>QUI SOMMES-NOUS ?<\/strong><\/h2>\n<p>Nos hackers sont professionnels, exp\u00e9riment\u00e9s, extraordinaires et extr\u00eamement talentueux. La plupart de nos cyber experts \u00e9thiques ont travaill\u00e9 pendant plus de 15 ans pour diff\u00e9rents clients et agences dans le domaine de la p\u00e9n\u00e9tration des m\u00e9dias sociaux, de la r\u00e9cup\u00e9ration de fonds sur des sites web ou des entreprises frauduleuses, de l'investissement en crypto ou bitcoin, et de la gestion des donn\u00e9es, et la plupart d'entre eux, si ce n'est tous, ont travaill\u00e9 pour des entreprises qui con\u00e7oivent diff\u00e9rentes configurations de s\u00e9curit\u00e9 pour diff\u00e9rentes applications. Le fait d'avoir travaill\u00e9 pour de telles entreprises donne \u00e0 nos hackers professionnels une longueur d'avance et un aper\u00e7u complet de la mani\u00e8re dont la s\u00e9curit\u00e9 fonctionne pour diff\u00e9rentes applications.<\/p>\n<h2><strong>CE QUE NOUS FAISONS<\/strong><\/h2>\n<p>Nous sommes des professionnels dans tous les domaines. Nous sommes des sp\u00e9cialistes de la surveillance t\u00e9l\u00e9phonique et fournissons des services complets de surveillance t\u00e9l\u00e9phonique \u00e0 nos clients qui en ont r\u00e9guli\u00e8rement besoin pour leurs enfants ou dans des situations telles qu'un conjoint soup\u00e7onn\u00e9 de tromperie ou des partenaires commerciaux, etc. Ce n'est pas la seule chose que nous faisons, remplissez simplement notre formulaire de contact et nous pourrons discuter de vos besoins et vous fournir une solution appropri\u00e9e.<\/p>\n<h2><strong>PIRATE INFORMATIQUE \u00c0 LOUER<\/strong><\/h2>\n<p>Engagez nos hackers qui sont d\u00e9vou\u00e9s \u00e0 l'excellence. Il y a des situations o\u00f9 vous envisagez d'employer un d\u00e9butant ; cependant, vous attendez de mettre la main sur un hacker. N'h\u00e9sitez pas \u00e0 nous contacter, et nous pourrons vous fournir un service sp\u00e9cifique d'embauche de hackers. Vous trouverez ci-dessous quelques-uns des meilleurs fournisseurs de services de recrutement de hackers. Engager un hacker.<\/p>\n<h3>Combien co\u00fbte l'embauche d'un hacker ?<\/h3>\n<p>Le co\u00fbt de l'engagement d'un hacker peut varier consid\u00e9rablement en fonction du type de travail dont vous avez besoin, du niveau d'expertise du hacker et du temps n\u00e9cessaire \u00e0 l'accomplissement de la t\u00e2che. L'engagement d'un hacker peut co\u00fbter de quelques euros \u00e0 plusieurs milliers d'euros.<\/p>\n<p>Vous vous demandez peut-\u00eatre si le fait d'engager un pirate informatique est ill\u00e9gal. Oui, il est important de noter que l'embauche d'un pirate informatique est ill\u00e9gale dans la plupart des pays et peut avoir de graves cons\u00e9quences juridiques.<\/p>\n<h2>Nos services de piratage<\/h2>\n<ol>\n<li>Service de surveillance des t\u00e9l\u00e9phones portables<\/li>\n<li>Cyber experts en m\u00e9dias sociaux<\/li>\n<li>Test de p\u00e9n\u00e9tration de site web<\/li>\n<li>Enqu\u00eate sur un partenaire ou un conjoint tromp\u00e9<\/li>\n<li>Services de surveillance informatique en nuage<\/li>\n<li>Annulation d'un virement bancaire<\/li>\n<li>Fraude Bitcoin Fonds d'investissement Recouvrement<\/li>\n<\/ol>\n<\/section>","protected":false},"excerpt":{"rendered":"<p>HIRE A HACKER Hire A Hacker Online | Rent A Hacker | Rent a Hacker Hire a Hacker Who is Honest and Dedicated To Fulfilling the Hacking Service Assigned. Assured Hacking Service Results. Our hackers for hire are honest, dedicated, and passionate about their work, they can cross any level of hacking to get success [&hellip;]<\/p>","protected":false},"author":1,"featured_media":0,"parent":0,"menu_order":0,"comment_status":"open","ping_status":"closed","template":"builder-ready.php","meta":{"_acf_changed":false,"footnotes":""},"class_list":["post-40","page","type-page","status-publish","hentry"],"acf":[],"_links":{"self":[{"href":"https:\/\/allhackerforhire.com\/fr_be\/wp-json\/wp\/v2\/pages\/40","targetHints":{"allow":["GET"]}}],"collection":[{"href":"https:\/\/allhackerforhire.com\/fr_be\/wp-json\/wp\/v2\/pages"}],"about":[{"href":"https:\/\/allhackerforhire.com\/fr_be\/wp-json\/wp\/v2\/types\/page"}],"author":[{"embeddable":true,"href":"https:\/\/allhackerforhire.com\/fr_be\/wp-json\/wp\/v2\/users\/1"}],"replies":[{"embeddable":true,"href":"https:\/\/allhackerforhire.com\/fr_be\/wp-json\/wp\/v2\/comments?post=40"}],"version-history":[{"count":104,"href":"https:\/\/allhackerforhire.com\/fr_be\/wp-json\/wp\/v2\/pages\/40\/revisions"}],"predecessor-version":[{"id":5858,"href":"https:\/\/allhackerforhire.com\/fr_be\/wp-json\/wp\/v2\/pages\/40\/revisions\/5858"}],"wp:attachment":[{"href":"https:\/\/allhackerforhire.com\/fr_be\/wp-json\/wp\/v2\/media?parent=40"}],"curies":[{"name":"wp","href":"https:\/\/api.w.org\/{rel}","templated":true}]}}