{"id":3,"date":"2022-09-30T13:36:44","date_gmt":"2022-09-30T13:36:44","guid":{"rendered":"https:\/\/buylegitpassport.com\/?page_id=3"},"modified":"2024-07-02T22:34:31","modified_gmt":"2024-07-02T22:34:31","slug":"pirates-informatiques-professionnels-a-louer-canada","status":"publish","type":"page","link":"https:\/\/allhackerforhire.com\/fr_ca\/pirates-informatiques-professionnels-a-louer-canada\/","title":{"rendered":"Politique de confidentialit\u00e9"},"content":{"rendered":"<div data-elementor-type=\"wp-page\" data-elementor-id=\"3\" class=\"elementor elementor-3\">\n\t\t\t\t\t\t<section class=\"elementor-section elementor-top-section elementor-element elementor-element-21ed0537 elementor-section-boxed elementor-section-height-default elementor-section-height-default default-style\" data-id=\"21ed0537\" data-element_type=\"section\" data-settings=\"{&quot;rt_color_sets&quot;:&quot;default-style&quot;}\">\n\t\t\t\t\t\t<div class=\"elementor-container elementor-column-gap-default\">\n\t\t\t\t\t<div class=\"elementor-column elementor-col-100 elementor-top-column elementor-element elementor-element-320524c5\" data-id=\"320524c5\" data-element_type=\"column\">\n\t\t\t<div class=\"elementor-widget-wrap elementor-element-populated\">\n\t\t\t\t\t\t<div class=\"elementor-element elementor-element-15f4f884 elementor-widget elementor-widget-text-editor\" data-id=\"15f4f884\" data-element_type=\"widget\" data-widget_type=\"text-editor.default\">\n\t\t\t\t<div class=\"elementor-widget-container\">\n\t\t\t\t\t\t\t\t\t<p><\/p>\n<h2 class=\"wp-block-heading\">Hackers professionnels \u00e0 engager<\/h2>\n<p><\/p>\n<div data-id=\"45a8c67\" data-element_type=\"widget\" data-widget_type=\"text-editor.default\">\n<div>\n<div data-id=\"68dc6d6\" data-element_type=\"widget\" data-widget_type=\"text-editor.default\">\n<div>\n<div>\n<div>\n<p>\u00a9 <strong>Engager des pirates en ligne<\/strong> vous accompagnera et supervisera l'ensemble du processus de recherche, d'embauche, d'explication, de n\u00e9gociation et de paiement des hackers du dark web. Hackers professionnels \u00e0 louer.<br>Comme nous sommes l'interm\u00e9diaire, vous n'interagissez jamais directement avec le pirate, ni sur le plan administratif, ni sur le plan financier ; il n'y a aucun lien qui remonte jusqu'\u00e0 vous. Hackers \u00e9thiques certifi\u00e9s<a href=\"https:\/\/duckduckgo.com\/\" target=\"_blank\" rel=\"noopener\">.<\/a> <span contenteditable=\"true\">Des hackers professionnels \u00e0 louer.<\/span><\/p>\n<h3><span contenteditable=\"true\">Trouver des pirates professionnels<\/span><\/h3>\n<p>Cela vous offre une couche de protection contre les forces de l'ordre, la cible elle-m\u00eame et, oui, m\u00eame le pirate du dark web qui ne conna\u00eet jamais l'identit\u00e9 du client d'origine. Travailler par l'interm\u00e9diaire d'un handler est le moyen le plus s\u00fbr d'engager un travailleur de l'ombre aujourd'hui. Engagez un hacker \u00e9thique.<br>Soyez assur\u00e9 qu'en tant que client, vous b\u00e9n\u00e9ficiez toujours d'une s\u00e9curit\u00e9 totale et que vous restez anonyme. Nous vous assurons que le travail est effectu\u00e9 dans les d\u00e9lais et correctement, que les fonds sont transf\u00e9r\u00e9s sans probl\u00e8me et que tout est ex\u00e9cut\u00e9 comme convenu \u00e0 l'origine. Comment engager un <a href=\"https:\/\/allhackerforhire.com\/fr_ca\/\">hacker \u00e9thique<\/a> en ligne<\/p>\n<h3>Consultation sur les r\u00e9clamations et le recouvrement d'actifs<\/h3>\n<p>Nos experts en litiges commerciaux peuvent aider les particuliers et les entreprises qui pensent avoir \u00e9t\u00e9 victimes d'une fraude \u00e0 r\u00e9cup\u00e9rer les actifs perdus \u00e0 la suite de l'escroquerie, tant au niveau national qu'\u00e0 l'\u00e9tranger. Nous repr\u00e9sentons \u00e9galement les clients accus\u00e9s de fraude, en veillant \u00e0 ce que leurs actifs et leurs droits soient pr\u00e9serv\u00e9s lors d'un conflit juridique. Contactez-nous pour obtenir de l'aide sur n'importe quel aspect de la r\u00e9cup\u00e9ration d'actifs. Meilleurs pirates informatiques \u00e0 louer aux \u00c9tats-Unis.<\/p>\n<h4>Notre philosophie<\/h4>\n<p>Vous prot\u00e9ger contre la cyberfraude et les pertes mon\u00e9taires. Nos experts en litiges commerciaux peuvent aider les particuliers et les entreprises qui pensent avoir \u00e9t\u00e9 victimes d'une fraude \u00e0 r\u00e9cup\u00e9rer les actifs perdus \u00e0 la suite de l'escroquerie, tant au niveau national qu'\u00e0 l'\u00e9tranger. <span contenteditable=\"true\">Louer un hacker professionnel. P<\/span><span contenteditable=\"true\">es pirates informatiques professionnels \u00e0 louer.<\/span><\/p>\n<div id=\"attachment_5018\" style=\"width: 310px\" class=\"wp-caption aligncenter\"><img fetchpriority=\"high\" decoding=\"async\" aria-describedby=\"caption-attachment-5018\" src=\"https:\/\/hireonlinehackers.com\/wp-content\/uploads\/2023\/09\/traxer-No9sjMu5zpA-unsplash-1-300x200.jpg\" alt=\"Hackers professionnels \u00e0 louer\" width=\"300\" height=\"200\"><p id=\"caption-attachment-5018\" class=\"wp-caption-text\">Hackers professionnels \u00e0 louer<\/p><\/div>\n<h4>Notre objectif ?<\/h4>\n<p>Notre objectif est simple : nous travaillerons avec vous pour r\u00e9cup\u00e9rer votre argent le plus rapidement possible, en utilisant des algorithmes avanc\u00e9s et des moyens strat\u00e9giques pour nous aider \u00e0 r\u00e9cup\u00e9rer vos pertes. N'h\u00e9sitez pas \u00e0 nous contacter d\u00e8s aujourd'hui pour discuter de votre demande d'indemnisation. <span contenteditable=\"true\">Des hackers professionnels \u00e0 louer.<\/span><\/p>\n<p><\/p>\n<h3>Des hackers professionnels qui travaillent ensemble pour fournir le meilleur service possible \u00e0 nos clients.<\/h3>\n<p>Pour vous fournir les meilleurs services de piratage, notre \u00e9quipe d'experts en piratage utilise les technologies les plus avanc\u00e9es. En tant qu'organisation de location de hackers professionnels, nous fournissons \u00e0 nos clients les meilleurs hackers \u00e9thiques certifi\u00e9s disponibles, ainsi que des comp\u00e9tences et le plus grand secret et la plus grande confidentialit\u00e9.<br>Nous travaillons dur pour comprendre vos besoins et d\u00e9velopper des solutions qui y r\u00e9pondent. Pour trouver de nouvelles fa\u00e7ons de p\u00e9n\u00e9trer dans les bases de donn\u00e9es et les r\u00e9seaux, nous am\u00e9liorons r\u00e9guli\u00e8rement nos outils d'attaque, nos strat\u00e9gies et nos approches.<\/p>\n<p><img decoding=\"async\" data-src=\"https:\/\/hireonlinehackers.com\/wp-content\/uploads\/2023\/01\/5-star-300x158.jpg\" alt=\"Services de piratage professionnel \u00e0 louer\" width=\"66\" height=\"35\" src=\"data:image\/svg+xml;base64,PHN2ZyB3aWR0aD0iMSIgaGVpZ2h0PSIxIiB4bWxucz0iaHR0cDovL3d3dy53My5vcmcvMjAwMC9zdmciPjwvc3ZnPg==\" class=\"lazyload\" style=\"--smush-placeholder-width: 66px; --smush-placeholder-aspect-ratio: 66\/35;\"><\/p>\n<h3>Engager un hacker professionnel<\/h3>\n<p>Engagez un hacker avec les services de piratage cyber espion, qui est la meilleure solution pour les services d'espionnage mobile et la s\u00e9curit\u00e9 Internet. Votre acc\u00e8s sera s\u00e9curis\u00e9 et anonyme avec le service d'embauche d'un hacker.<\/p>\n<p>Avec les meilleurs hackers professionnels, nous fournissons le meilleur service d'espionnage de t\u00e9l\u00e9phone. Nos hackers professionnels sont form\u00e9s avec des hackers seniors hautement professionnels qui ont un niveau d'\u00e9thique tr\u00e8s \u00e9lev\u00e9.<\/p>\n<p>Tous les pirates t\u00e9l\u00e9phoniques sont des sp\u00e9cialistes qui ont une grande exp\u00e9rience pratique et suivent des cours de formation avanc\u00e9s.<br>N'h\u00e9sitez pas \u00e0 louer un hacker. <span contenteditable=\"true\">P<\/span><span contenteditable=\"true\">es pirates informatiques professionnels \u00e0 louer.<\/span><\/p>\n<p>Plus d'un million de parents et de personnes engagent des hackers pour prot\u00e9ger leurs relations. Vous pouvez suivre les emplacements, les appels, les messages, les journaux, le keylogger, les m\u00e9dias sociaux et bien plus encore. Il est bas\u00e9 sur le web et 100% s\u00fbr et s\u00e9curis\u00e9. Le piratage est ill\u00e9gal. Cependant, le piratage \u00e9thique est accept\u00e9. De nos jours, la s\u00fbret\u00e9 et la s\u00e9curit\u00e9 sont n\u00e9cessaires contre les cyber-attaques, nous sommes donc disponibles pour r\u00e9soudre vos probl\u00e8mes avec de vrais hackers.<\/p>\n<h4>Louer un hacker pour des services d'espionnage de t\u00e9l\u00e9phone<\/h4>\n<p>Nous sommes une \u00e9quipe de hackers \u00e9thiques tr\u00e8s professionnels, qui fournissent le meilleur service de piratage t\u00e9l\u00e9phonique pour vous. L'une des situations les plus difficiles dans la vie est lorsque quelqu'un brise la confiance.  Lorsqu'un conjoint est infid\u00e8le pendant la p\u00e9riode de relation, il est difficile de continuer. Les meilleurs hackers \u00e0 louer sur Internet. <span contenteditable=\"true\">P<\/span><span contenteditable=\"true\">es pirates informatiques professionnels \u00e0 louer.<\/span><\/p>\n<h4>Louer un hacker professionnel<\/h4>\n<p>Nous vous proposons notre service d'espionnage de t\u00e9l\u00e9phone. Vous pouvez facilement engager un hacker et garder un \u0153il sur les activit\u00e9s de votre partenaire. Vous pourrez ainsi rassembler suffisamment de preuves pour signaler une telle situation \u00e0 vos amis, aux membres de votre famille ou au tribunal pour obtenir un changement. Nous croyons toujours en la transparence, c'est pourquoi tous nos services sont assortis d'une garantie de remboursement. A tout moment, si vous ne b\u00e9n\u00e9ficiez pas du service, nous vous remboursons l'int\u00e9gralit\u00e9 de votre paiement. Cela nous permet d'\u00e9tablir une relation \u00e0 long terme.<\/p>\n<h3>Services de piratage professionnel \u00e0 louer<\/h3>\n<div><a href=\"https:\/\/allhackerforhire.com\/fr_ca\/\">Engager des pirates en ligne<\/a> est l'organisation leader de l'embauche de hackers \u00e9thiques avec les meilleurs hackers comp\u00e9tents. Nous sommes des hackers bien form\u00e9s, certifi\u00e9s et comp\u00e9tents ! Nous sommes aptes \u00e0 satisfaire nos garanties de fournir les meilleurs services de piratage informatique ! <br>Nous offrons les meilleurs services de recrutement de hackers. Il est facile d'obtenir des services de piratage \u00e9thique.  N'oubliez pas qu'il n'y a pas de mal \u00e0 demander un service de location de hackers ! Si vous avez besoin d'obtenir quelque chose, vous devez vous lever et le demander...<\/div>\n<div>\n<h3>&nbsp;<\/h3>\n<\/div>\n<div>\n<h3>Les meilleurs hackers \u00e0 embaucher<\/h3>\n<p>Les infiltrateurs silencieux sont des hackers professionnels qui sont toujours pr\u00eats \u00e0 vous servir \u00e0 tout moment. Nous sommes l'espion de t\u00e9l\u00e9phone de confiance le plus populaire qui rend des services de location de hacker profonds. En tant que premi\u00e8re organisation de recrutement de hackers \u00e9thiques au niveau mondial, nous offrons une excellente capacit\u00e9 \u00e0 obtenir n'importe quelle information sur Internet. Test de p\u00e9n\u00e9tration et service de surveillance pour le service de piratage \u00e9thique. <span contenteditable=\"true\">P<\/span><span contenteditable=\"true\">es pirates informatiques professionnels \u00e0 louer.<\/span><\/p>\n<p>Nous disposons d'un groupe d'experts mondiaux de hackers certifi\u00e9s, qui sont des sp\u00e9cialistes dans des domaines de hacking extraordinaires. Vous pouvez sans aucun doute faire du piratage \u00e9thique en ligne en nous contactant et un hacker professionnel de notre \u00e9quipe de hackers qualifi\u00e9s et form\u00e9s sera assign\u00e9 \u00e0 la r\u00e9alisation de votre travail dans un court laps de temps.<\/p>\n<p>Les meilleures capacit\u00e9s pour pirater n'importe quel ordinateur, pirater les notes universitaires. <span contenteditable=\"true\">Engagez un pirate professionnel.<\/span><\/p>\n<h4>Comment recruter un hacker du Dark Web ?<\/h4>\n<p>Notre expert en cybers\u00e9curit\u00e9 peut vous fournir des services de piratage \u00e9thique et de dark web.<a href=\"https:\/\/www.bing.com\/\" target=\"_blank\" rel=\"noopener\">,<\/a> et des hackers \"grey hat\", que vous pouvez facilement engager. <span contenteditable=\"true\">P<\/span><span contenteditable=\"true\">es pirates informatiques professionnels \u00e0 louer.<\/span><\/p>\n<p>Si vous cherchez \u00e0 embaucher un expert en piratage informatique (gray hat hacker), vous pouvez trouver un expert fiable pour vos besoins en piratage informatique. Vous pouvez trouver un expert fiable pour vos besoins de piratage, tout d'abord, vous devez savoir o\u00f9 chercher et trouver un hacker \u00e9thique certifi\u00e9.<\/p>\n<p>Il existe de nombreuses organisations de hackers qui n'investissent pas l'\u00e9nergie suppl\u00e9mentaire qu'elles devraient consacrer \u00e0 l'embauche d'un hacker pr\u00e8s de chez moi pour r\u00e9pondre aux attentes des clients. <span contenteditable=\"true\">Engagez un pirate professionnel.<\/span><\/p>\n<p>Certaines personnes pensent qu'elles peuvent engager un hacker pr\u00e8s de chez elles pour rien en passant par un agent priv\u00e9. Cela n'est pas recommand\u00e9 car les frais sont galactiques et peuvent \u00eatre d\u00e9tourn\u00e9s s'ils sont le fait d'une personne brillante.<\/p>\n<\/div>\n<\/div>\n<\/div>\n<\/div>\n<\/div>\n<p><img decoding=\"async\" data-src=\"https:\/\/hireonlinehackers.com\/wp-content\/uploads\/2023\/01\/5-star-300x158.jpg\" alt=\"Services de piratage professionnel \u00e0 louer\" width=\"36\" height=\"19\" src=\"data:image\/svg+xml;base64,PHN2ZyB3aWR0aD0iMSIgaGVpZ2h0PSIxIiB4bWxucz0iaHR0cDovL3d3dy53My5vcmcvMjAwMC9zdmciPjwvc3ZnPg==\" class=\"lazyload\" style=\"--smush-placeholder-width: 36px; --smush-placeholder-aspect-ratio: 36\/19;\"><\/p>\n<\/div>\n<\/div>\n<p><\/p>\t\t\t\t\t\t\t\t<\/div>\n\t\t\t\t<\/div>\n\t\t\t\t\t<\/div>\n\t\t<\/div>\n\t\t\t\t\t<\/div>\n\t\t<\/section>\n\t\t\t\t<section class=\"elementor-section elementor-top-section elementor-element elementor-element-da4e662 elementor-section-boxed elementor-section-height-default elementor-section-height-default default-style\" data-id=\"da4e662\" data-element_type=\"section\" data-settings=\"{&quot;rt_color_sets&quot;:&quot;default-style&quot;}\">\n\t\t\t\t\t\t<div class=\"elementor-container elementor-column-gap-default\">\n\t\t\t\t\t<div class=\"elementor-column elementor-col-50 elementor-top-column elementor-element elementor-element-db924fe\" data-id=\"db924fe\" data-element_type=\"column\">\n\t\t\t<div class=\"elementor-widget-wrap elementor-element-populated\">\n\t\t\t\t\t\t<div class=\"elementor-element elementor-element-0485719 elementor-widget elementor-widget-image\" data-id=\"0485719\" data-element_type=\"widget\" data-widget_type=\"image.default\">\n\t\t\t\t<div class=\"elementor-widget-container\">\n\t\t\t\t\t\t\t\t\t\t\t\t\t\t\t<img decoding=\"async\" width=\"768\" height=\"288\" data-src=\"https:\/\/allhackerforhire.com\/wp-content\/uploads\/2022\/11\/Buy-Registered-Documents.jpg\" class=\"attachment-large size-large wp-image-4545 lazyload\" alt=\"Embaucher des pirates du Dark Web\" data-srcset=\"https:\/\/allhackerforhire.com\/wp-content\/uploads\/2022\/11\/Buy-Registered-Documents.jpg 768w, https:\/\/allhackerforhire.com\/wp-content\/uploads\/2022\/11\/Buy-Registered-Documents-300x113.jpg 300w, https:\/\/allhackerforhire.com\/wp-content\/uploads\/2022\/11\/Buy-Registered-Documents-600x225.jpg 600w\" data-sizes=\"(max-width: 768px) 100vw, 768px\" src=\"data:image\/svg+xml;base64,PHN2ZyB3aWR0aD0iMSIgaGVpZ2h0PSIxIiB4bWxucz0iaHR0cDovL3d3dy53My5vcmcvMjAwMC9zdmciPjwvc3ZnPg==\" style=\"--smush-placeholder-width: 768px; --smush-placeholder-aspect-ratio: 768\/288;\" \/>\t\t\t\t\t\t\t\t\t\t\t\t\t\t\t<\/div>\n\t\t\t\t<\/div>\n\t\t\t\t\t<\/div>\n\t\t<\/div>\n\t\t\t\t<div class=\"elementor-column elementor-col-50 elementor-top-column elementor-element elementor-element-bff131d\" data-id=\"bff131d\" data-element_type=\"column\">\n\t\t\t<div class=\"elementor-widget-wrap elementor-element-populated\">\n\t\t\t\t\t\t<div class=\"elementor-element elementor-element-db6bcbe elementor-widget elementor-widget-heading\" data-id=\"db6bcbe\" data-element_type=\"widget\" data-widget_type=\"heading.default\">\n\t\t\t\t<div class=\"elementor-widget-container\">\n\t\t\t\t\t<h2 class=\"elementor-heading-title elementor-size-default\"><span class=\"tagify__tag-text\">Embaucher des pirates du Dark Web<\/span><\/h2>\t\t\t\t<\/div>\n\t\t\t\t<\/div>\n\t\t\t\t\t<\/div>\n\t\t<\/div>\n\t\t\t\t\t<\/div>\n\t\t<\/section>\n\t\t\t\t<\/div>","protected":false},"excerpt":{"rendered":"<p>Hackers professionnels \u00e0 embaucher \u00a9 Hire Online Hackers vous accompagne et supervise l'ensemble du processus de recherche, d'embauche, d'explication, de n\u00e9gociation et de paiement des hackers du dark web. Comme nous sommes l'interm\u00e9diaire, vous n'interagissez jamais directement avec le hacker, ni administrativement, ni financi\u00e8rement ; il n'y a aucun lien qui remonte jusqu'\u00e0 vous. [...]<\/p>","protected":false},"author":1,"featured_media":4993,"parent":0,"menu_order":0,"comment_status":"closed","ping_status":"open","template":"","meta":{"_acf_changed":false,"footnotes":""},"class_list":["post-3","page","type-page","status-publish","has-post-thumbnail","hentry"],"acf":[],"_links":{"self":[{"href":"https:\/\/allhackerforhire.com\/fr_ca\/wp-json\/wp\/v2\/pages\/3","targetHints":{"allow":["GET"]}}],"collection":[{"href":"https:\/\/allhackerforhire.com\/fr_ca\/wp-json\/wp\/v2\/pages"}],"about":[{"href":"https:\/\/allhackerforhire.com\/fr_ca\/wp-json\/wp\/v2\/types\/page"}],"author":[{"embeddable":true,"href":"https:\/\/allhackerforhire.com\/fr_ca\/wp-json\/wp\/v2\/users\/1"}],"replies":[{"embeddable":true,"href":"https:\/\/allhackerforhire.com\/fr_ca\/wp-json\/wp\/v2\/comments?post=3"}],"version-history":[{"count":55,"href":"https:\/\/allhackerforhire.com\/fr_ca\/wp-json\/wp\/v2\/pages\/3\/revisions"}],"predecessor-version":[{"id":5159,"href":"https:\/\/allhackerforhire.com\/fr_ca\/wp-json\/wp\/v2\/pages\/3\/revisions\/5159"}],"wp:featuredmedia":[{"embeddable":true,"href":"https:\/\/allhackerforhire.com\/fr_ca\/wp-json\/wp\/v2\/media\/4993"}],"wp:attachment":[{"href":"https:\/\/allhackerforhire.com\/fr_ca\/wp-json\/wp\/v2\/media?parent=3"}],"curies":[{"name":"wp","href":"https:\/\/api.w.org\/{rel}","templated":true}]}}