{"id":5037,"date":"2023-09-14T10:28:12","date_gmt":"2023-09-14T10:28:12","guid":{"rendered":"https:\/\/hireonlinehackers.com\/?page_id=5037"},"modified":"2024-07-02T22:44:09","modified_gmt":"2024-07-02T22:44:09","slug":"pirate-snapchat-a-louer-canada","status":"publish","type":"page","link":"https:\/\/allhackerforhire.com\/fr_ca\/pirate-snapchat-a-louer-canada\/","title":{"rendered":"Snapchat Hacker"},"content":{"rendered":"<div data-elementor-type=\"wp-page\" data-elementor-id=\"5037\" class=\"elementor elementor-5037\">\n\t\t\t\t\t\t<section class=\"elementor-section elementor-top-section elementor-element elementor-element-21ed0537 elementor-section-boxed elementor-section-height-default elementor-section-height-default default-style\" data-id=\"21ed0537\" data-element_type=\"section\" data-settings=\"{&quot;rt_color_sets&quot;:&quot;default-style&quot;}\">\n\t\t\t\t\t\t<div class=\"elementor-container elementor-column-gap-default\">\n\t\t\t\t\t<div class=\"elementor-column elementor-col-100 elementor-top-column elementor-element elementor-element-320524c5\" data-id=\"320524c5\" data-element_type=\"column\">\n\t\t\t<div class=\"elementor-widget-wrap elementor-element-populated\">\n\t\t\t\t\t\t<div class=\"elementor-element elementor-element-15f4f884 elementor-widget elementor-widget-text-editor\" data-id=\"15f4f884\" data-element_type=\"widget\" data-widget_type=\"text-editor.default\">\n\t\t\t\t<div class=\"elementor-widget-container\">\n\t\t\t\t\t\t\t\t\t<p><\/p>\n<h2 class=\"wp-block-heading\"><span contenteditable=\"true\">Snapchat Hacker for Hire<\/span><\/h2>\n<div>\n<p>Nous offrons un service professionnel de piratage de Snapchat qui vous permet d'engager un hacker pour Snapchat. Notre \u00e9quipe exp\u00e9riment\u00e9e peut vous aider \u00e0 r\u00e9cup\u00e9rer un compte Snapchat perdu ou pirat\u00e9. Payez quelqu'un pour pirater Snapchat et r\u00e9cup\u00e9rez l'acc\u00e8s \u00e0 votre compte gr\u00e2ce \u00e0 notre service fiable et s\u00e9curis\u00e9. Nous sommes des professionnels <a href=\"https:\/\/allhackerforhire.com\/fr_ca\/\">Snapchat Hackers<\/a> Le service de piratage de comptes Snapchat est un service d'assistance expert pour tous vos besoins de piratage de comptes Snapchat. Pirate de compte Snapchat \u00e0 louer.<br><\/p>\n<h3><span contenteditable=\"true\">Des pirates professionnels de Snapchat \u00e0 embaucher<\/span><\/h3>\n<p>Nous comprenons l'urgence et la sensibilit\u00e9 de la s\u00e9curit\u00e9 des comptes Snapchat. Gr\u00e2ce \u00e0 nos comp\u00e9tences et connaissances sp\u00e9cialis\u00e9es, nous garantissons une r\u00e9solution rapide et efficace de tous les probl\u00e8mes li\u00e9s \u00e0 Snapchat auxquels vous pouvez \u00eatre confront\u00e9. Faites confiance \u00e0 notre \u00e9quipe de hackers professionnels pour r\u00e9cup\u00e9rer votre compte Snapchat pirat\u00e9 ou perdu de mani\u00e8re efficace et discr\u00e8te. Notre service s\u00e9curis\u00e9 et fiable garantit votre vie priv\u00e9e et votre confidentialit\u00e9 tout au long du processus. Reprenez le contr\u00f4le de votre compte Snapchat d\u00e8s aujourd'hui en faisant appel \u00e0 nos experts en piratage Snapchat.<\/p>\n<\/div>\n<p><\/p>\n<div data-id=\"45a8c67\" data-element_type=\"widget\" data-widget_type=\"text-editor.default\">\n<div>\n<div data-id=\"68dc6d6\" data-element_type=\"widget\" data-widget_type=\"text-editor.default\">\n<div>\n<div>\n<div>\n<div>\n<div data-id=\"68dc6d6\" data-element_type=\"widget\" data-widget_type=\"text-editor.default\">\n<div>\n<p>Le service de piratage de Snapchat est tr\u00e8s utile lorsque vous essayez d'obtenir des informations sur un conjoint ou un partenaire infid\u00e8le, afin de vous assurer que vous n'\u00eates pas victime d'infid\u00e9lit\u00e9. Le service de piratage Snapchat \u00e0 louer est totalement discret et personne ne saura jamais que vous avez acc\u00e8s au compte Snapchat. Nous fournissons ce service en tant que service autonome de piratage de Snapchat et \u00e9galement en tant que package dans le cadre du service de piratage de t\u00e9l\u00e9phone.<a href=\"https:\/\/duckduckgo.com\/\" target=\"_blank\" rel=\"noopener\">.<\/a><\/p>\n<h2>Service de piratage de Snapchat<\/h2>\n<p>Il existe de nombreuses fa\u00e7ons pour un hacker de pirater un compte Snapchat. Il est donc important d'utiliser toutes les options de s\u00e9curit\u00e9, y compris l'authentification en deux \u00e9tapes. Si apr\u00e8s toutes les pr\u00e9cautions de s\u00e9curit\u00e9, votre compte Snapchat est toujours pirat\u00e9 par un hacker, nous sommes l\u00e0 pour vous aider de toutes les mani\u00e8res possibles. Hacker de compte Snapchat \u00e0 louer.<\/p>\n<h4>Embaucher des pirates professionnels des m\u00e9dias sociaux<\/h4>\n<p>Il existe de nombreuses raisons pour lesquelles une entreprise peut choisir d'engager un hacker pour les m\u00e9dias sociaux. Peut-\u00eatre l'entreprise souhaite-t-elle augmenter le nombre de ses abonn\u00e9s sur les plateformes de m\u00e9dias sociaux, ou peut-\u00eatre a-t-elle besoin d'aide pour obtenir plus d'engagement sur ses posts. Dans tous les cas, engager un hacker pour les m\u00e9dias sociaux peut \u00eatre un excellent moyen de renforcer votre pr\u00e9sence en ligne.<\/p>\n<p>Lorsque vous engagez un hacker pour les m\u00e9dias sociaux, il est important de vous assurer que vous choisissez quelqu'un d'exp\u00e9riment\u00e9 et de comp\u00e9tent dans ce domaine.<\/p>\n<div id=\"attachment_5041\" style=\"width: 310px\" class=\"wp-caption alignnone\"><img fetchpriority=\"high\" decoding=\"async\" aria-describedby=\"caption-attachment-5041\" src=\"https:\/\/hireonlinehackers.com\/wp-content\/uploads\/2023\/09\/Professional-Snapchat-Hackers-for-Hire-300x169.jpg\" alt=\"Des pirates professionnels de Snapchat \u00e0 embaucher\" width=\"300\" height=\"169\"><p id=\"caption-attachment-5041\" class=\"wp-caption-text\">Des pirates professionnels de Snapchat \u00e0 embaucher<\/p><\/div>\n<h4>Hacker de comptes de m\u00e9dias sociaux \u00e0 embaucher<\/h4>\n<p>Certaines entreprises engagent des pirates pour attaquer les comptes de m\u00e9dias sociaux de leurs concurrents afin d'obtenir un avantage. Pour ce faire, ils peuvent utiliser un jargon acad\u00e9mique complexe que leurs concurrents ne comprennent pas, ce qui les emp\u00eache de r\u00e9agir. En outre, le pirate peut publier de fausses nouvelles ou de fausses critiques qui pourraient nuire \u00e0 la r\u00e9putation du concurrent.<\/p>\n<p>Vous souhaitez engager un hacker pour un service de piratage professionnel s\u00e9curis\u00e9 ? Alors vous \u00eates au bon endroit. Nous vous fournissons les meilleurs services de piratage \u00e0 des prix abordables selon les exigences du client.<\/p>\n<h4>Pourquoi faire appel \u00e0 notre service de piratage de comptes de m\u00e9dias sociaux ?<\/h4>\n<p>Notre soci\u00e9t\u00e9 dispose d'une \u00e9quipe de professionnels exp\u00e9riment\u00e9s qui peuvent vous aider \u00e0 pirater n'importe quel compte m\u00e9dia en ligne. Nous avons fait nos preuves. Nous sommes fiers de pouvoir vous aider \u00e0 obtenir les r\u00e9sultats que vous souhaitez. Nous comprenons que votre vie priv\u00e9e est une priorit\u00e9 absolue et nous ne transmettrons jamais vos donn\u00e9es \u00e0 une autre personne. Le pirate de compte Snapchat \u00e0 embaucher.<br><\/p>\n<h4><span contenteditable=\"true\">Embaucher un hacker pour Snapchat<\/span><\/h4>\n<div>\n<h5>Notre expertise pour les pirates professionnels des m\u00e9dias sociaux<\/h5>\n<p>Nous sommes un groupe certifi\u00e9 de hackers talentueux qui s'engagent \u00e0 vous soulager et \u00e0 am\u00e9liorer la s\u00e9curit\u00e9 de votre ordinateur. Dans cette optique, si vous essayez de faire appel \u00e0 des cyberartistes moraux, nous pouvons vous aider \u00e0 r\u00e9soudre votre probl\u00e8me. Si vous \u00eates \u00e0 la recherche d'un hacker \u00e9thique, consultez la page What I Need to Hire an Ethical Hacker (en anglais).<\/p>\n<p>Nous nous distinguons des autres entreprises par notre approche de l'administration.<\/p>\n<h3>Pirate de compte Snapchat \u00e0 embaucher<\/h3>\n<p>Notre soci\u00e9t\u00e9 dispose d'une \u00e9quipe d'experts professionnels et exp\u00e9riment\u00e9s qui peuvent vous aider \u00e0 pirater n'importe quel compte de m\u00e9dia social. Nous avons fait nos preuves. Et nous sommes fiers de pouvoir vous aider \u00e0 obtenir les r\u00e9sultats dont vous avez besoin. Nous comprenons que votre vie priv\u00e9e est notre principale pr\u00e9occupation et nous ne partagerons jamais vos informations personnelles avec quelqu'un d'autre. Hacker de compte Snapchat \u00e0 embaucher.<br><\/p>\n<\/div>\n<div>&nbsp;<\/div>\n<\/div>\n<\/div>\n<\/div>\n<\/div>\n<\/div>\n<\/div>\n<\/div>\n<p><img decoding=\"async\" data-src=\"https:\/\/hireonlinehackers.com\/wp-content\/uploads\/2023\/01\/5-star-300x158.jpg\" alt=\"Services de piratage professionnel \u00e0 louer\" width=\"36\" height=\"19\" src=\"data:image\/svg+xml;base64,PHN2ZyB3aWR0aD0iMSIgaGVpZ2h0PSIxIiB4bWxucz0iaHR0cDovL3d3dy53My5vcmcvMjAwMC9zdmciPjwvc3ZnPg==\" class=\"lazyload\" style=\"--smush-placeholder-width: 36px; --smush-placeholder-aspect-ratio: 36\/19;\"><\/p>\n<\/div>\n<\/div>\n<p><\/p>\t\t\t\t\t\t\t\t<\/div>\n\t\t\t\t<\/div>\n\t\t\t\t\t<\/div>\n\t\t<\/div>\n\t\t\t\t\t<\/div>\n\t\t<\/section>\n\t\t\t\t<section class=\"elementor-section elementor-top-section elementor-element elementor-element-da4e662 elementor-section-boxed elementor-section-height-default elementor-section-height-default default-style\" data-id=\"da4e662\" data-element_type=\"section\" data-settings=\"{&quot;rt_color_sets&quot;:&quot;default-style&quot;}\">\n\t\t\t\t\t\t<div class=\"elementor-container elementor-column-gap-default\">\n\t\t\t\t\t<div class=\"elementor-column elementor-col-50 elementor-top-column elementor-element elementor-element-db924fe\" data-id=\"db924fe\" data-element_type=\"column\">\n\t\t\t<div class=\"elementor-widget-wrap elementor-element-populated\">\n\t\t\t\t\t\t<div class=\"elementor-element elementor-element-0485719 elementor-widget elementor-widget-image\" data-id=\"0485719\" data-element_type=\"widget\" data-widget_type=\"image.default\">\n\t\t\t\t<div class=\"elementor-widget-container\">\n\t\t\t\t\t\t\t\t\t\t\t\t\t\t\t<img decoding=\"async\" width=\"768\" height=\"288\" data-src=\"https:\/\/allhackerforhire.com\/wp-content\/uploads\/2022\/11\/Buy-Registered-Documents.jpg\" class=\"attachment-large size-large wp-image-4545 lazyload\" alt=\"Embaucher des pirates du Dark Web\" data-srcset=\"https:\/\/allhackerforhire.com\/wp-content\/uploads\/2022\/11\/Buy-Registered-Documents.jpg 768w, https:\/\/allhackerforhire.com\/wp-content\/uploads\/2022\/11\/Buy-Registered-Documents-300x113.jpg 300w, https:\/\/allhackerforhire.com\/wp-content\/uploads\/2022\/11\/Buy-Registered-Documents-600x225.jpg 600w\" data-sizes=\"(max-width: 768px) 100vw, 768px\" src=\"data:image\/svg+xml;base64,PHN2ZyB3aWR0aD0iMSIgaGVpZ2h0PSIxIiB4bWxucz0iaHR0cDovL3d3dy53My5vcmcvMjAwMC9zdmciPjwvc3ZnPg==\" style=\"--smush-placeholder-width: 768px; --smush-placeholder-aspect-ratio: 768\/288;\" \/>\t\t\t\t\t\t\t\t\t\t\t\t\t\t\t<\/div>\n\t\t\t\t<\/div>\n\t\t\t\t\t<\/div>\n\t\t<\/div>\n\t\t\t\t<div class=\"elementor-column elementor-col-50 elementor-top-column elementor-element elementor-element-bff131d\" data-id=\"bff131d\" data-element_type=\"column\">\n\t\t\t<div class=\"elementor-widget-wrap elementor-element-populated\">\n\t\t\t\t\t\t<div class=\"elementor-element elementor-element-db6bcbe elementor-widget elementor-widget-heading\" data-id=\"db6bcbe\" data-element_type=\"widget\" data-widget_type=\"heading.default\">\n\t\t\t\t<div class=\"elementor-widget-container\">\n\t\t\t\t\t<h2 class=\"elementor-heading-title elementor-size-default\">Payer quelqu'un pour pirater Snapchat<\/h2>\t\t\t\t<\/div>\n\t\t\t\t<\/div>\n\t\t\t\t\t<\/div>\n\t\t<\/div>\n\t\t\t\t\t<\/div>\n\t\t<\/section>\n\t\t\t\t<\/div>","protected":false},"excerpt":{"rendered":"<p>Snapchat Hacker for Hire Nous offrons un service professionnel de piratage de Snapchat qui vous permet d'engager un hacker pour Snapchat. Notre \u00e9quipe exp\u00e9riment\u00e9e peut vous aider \u00e0 r\u00e9cup\u00e9rer un compte Snapchat perdu ou pirat\u00e9. Payez quelqu'un pour pirater Snapchat et r\u00e9cup\u00e9rez l'acc\u00e8s \u00e0 votre compte gr\u00e2ce \u00e0 notre service fiable et s\u00e9curis\u00e9. Nous sommes des professionnels de Snapchat [...]<\/p>","protected":false},"author":1,"featured_media":5038,"parent":0,"menu_order":0,"comment_status":"closed","ping_status":"open","template":"","meta":{"_acf_changed":false,"footnotes":""},"class_list":["post-5037","page","type-page","status-publish","has-post-thumbnail","hentry"],"acf":[],"_links":{"self":[{"href":"https:\/\/allhackerforhire.com\/fr_ca\/wp-json\/wp\/v2\/pages\/5037","targetHints":{"allow":["GET"]}}],"collection":[{"href":"https:\/\/allhackerforhire.com\/fr_ca\/wp-json\/wp\/v2\/pages"}],"about":[{"href":"https:\/\/allhackerforhire.com\/fr_ca\/wp-json\/wp\/v2\/types\/page"}],"author":[{"embeddable":true,"href":"https:\/\/allhackerforhire.com\/fr_ca\/wp-json\/wp\/v2\/users\/1"}],"replies":[{"embeddable":true,"href":"https:\/\/allhackerforhire.com\/fr_ca\/wp-json\/wp\/v2\/comments?post=5037"}],"version-history":[{"count":13,"href":"https:\/\/allhackerforhire.com\/fr_ca\/wp-json\/wp\/v2\/pages\/5037\/revisions"}],"predecessor-version":[{"id":5168,"href":"https:\/\/allhackerforhire.com\/fr_ca\/wp-json\/wp\/v2\/pages\/5037\/revisions\/5168"}],"wp:featuredmedia":[{"embeddable":true,"href":"https:\/\/allhackerforhire.com\/fr_ca\/wp-json\/wp\/v2\/media\/5038"}],"wp:attachment":[{"href":"https:\/\/allhackerforhire.com\/fr_ca\/wp-json\/wp\/v2\/media?parent=5037"}],"curies":[{"name":"wp","href":"https:\/\/api.w.org\/{rel}","templated":true}]}}