{"id":3,"date":"2022-09-30T13:36:44","date_gmt":"2022-09-30T13:36:44","guid":{"rendered":"https:\/\/buylegitpassport.com\/?page_id=3"},"modified":"2024-07-02T22:34:31","modified_gmt":"2024-07-02T22:34:31","slug":"profi-hackerek-berelhetok","status":"publish","type":"page","link":"https:\/\/allhackerforhire.com\/hu\/profi-hackerek-berelhetok\/","title":{"rendered":"Adatv\u00e9delmi ir\u00e1nyelvek"},"content":{"rendered":"<div data-elementor-type=\"wp-page\" data-elementor-id=\"3\" class=\"elementor elementor-3\">\n\t\t\t\t\t\t<section class=\"elementor-section elementor-top-section elementor-element elementor-element-21ed0537 elementor-section-boxed elementor-section-height-default elementor-section-height-default default-style\" data-id=\"21ed0537\" data-element_type=\"section\" data-settings=\"{&quot;rt_color_sets&quot;:&quot;default-style&quot;}\">\n\t\t\t\t\t\t<div class=\"elementor-container elementor-column-gap-default\">\n\t\t\t\t\t<div class=\"elementor-column elementor-col-100 elementor-top-column elementor-element elementor-element-320524c5\" data-id=\"320524c5\" data-element_type=\"column\">\n\t\t\t<div class=\"elementor-widget-wrap elementor-element-populated\">\n\t\t\t\t\t\t<div class=\"elementor-element elementor-element-15f4f884 elementor-widget elementor-widget-text-editor\" data-id=\"15f4f884\" data-element_type=\"widget\" data-widget_type=\"text-editor.default\">\n\t\t\t\t<div class=\"elementor-widget-container\">\n\t\t\t\t\t\t\t\t\t<p><\/p>\n<h2 class=\"wp-block-heading\">Profi hackerek b\u00e9rbead\u00e1sra<\/h2>\n<p><\/p>\n<div data-id=\"45a8c67\" data-element_type=\"widget\" data-widget_type=\"text-editor.default\">\n<div>\n<div data-id=\"68dc6d6\" data-element_type=\"widget\" data-widget_type=\"text-editor.default\">\n<div>\n<div>\n<div>\n<p>\u00a9 <strong>Online hackerek b\u00e9rl\u00e9se<\/strong> szolg\u00e1ltat\u00e1sok v\u00e9gigk\u00eds\u00e9rik \u00e9s fel\u00fcgyelik a s\u00f6t\u00e9t webes hackerek felkutat\u00e1s\u00e1nak, felb\u00e9rl\u00e9s\u00e9nek, magyar\u00e1zat\u00e1nak, t\u00e1rgyal\u00e1s\u00e1nak \u00e9s kifizet\u00e9s\u00e9nek teljes folyamat\u00e1t. Profi hackerek b\u00e9rbead\u00e1sa.<br>Mivel mi vagyunk a k\u00f6zvet\u00edt\u0151, \u00d6n soha nem l\u00e9p k\u00f6zvetlen\u00fcl kapcsolatba a hackerrel, sem adminisztrat\u00edv, sem p\u00e9nz\u00fcgyi szempontb\u00f3l; nincs olyan kapcsolat, amely visszavezetne \u00d6nh\u00f6z. Tan\u00fas\u00edtott etikus hackerek<a href=\"https:\/\/duckduckgo.com\/\" target=\"_blank\" rel=\"noopener\">.<\/a> <span contenteditable=\"true\">Profi hackerek b\u00e9rbead\u00e1sra.<\/span><\/p>\n<h3><span contenteditable=\"true\">Keresse meg a profi hackereket<\/span><\/h3>\n<p>Ez egy olyan v\u00e9delmi r\u00e9teget k\u00edn\u00e1l, amely megv\u00e9di \u00d6nt a b\u0171n\u00fcld\u00f6z\u0151 szervekkel, mag\u00e1val a c\u00e9lszem\u00e9llyel, \u00e9s igen, m\u00e9g a dark webes hackerrel szemben is, aki soha nem ismeri az eredeti \u00fcgyf\u00e9l szem\u00e9lyazonoss\u00e1g\u00e1t. A kezel\u0151n kereszt\u00fcl t\u00f6rt\u00e9n\u0151 munkav\u00e9gz\u00e9s a legbiztons\u00e1gosabb m\u00f3dja annak, hogy manaps\u00e1g b\u00e1rmilyen \u00e1rny\u00e9kmunk\u00e1t alkalmazzanak. B\u00e9reljen fel egy etikus hackert.<br>Biztos lehet benne, hogy mint \u00fcgyfel\u00fcnk, \u00d6n mindig teljes biztons\u00e1gban lesz \u00e9s n\u00e9vtelen marad. Biztos\u00edtjuk, hogy a munk\u00e1t id\u0151ben \u00e9s helyesen v\u00e9gezz\u00fck el, a p\u00e9nzeszk\u00f6z\u00f6ket z\u00f6kken\u0151mentesen utaljuk \u00e1t, \u00e9s mindent az eredetileg megbesz\u00e9lt m\u00f3don hajtunk v\u00e9gre. Hogyan lehet felvenni egy <a href=\"https:\/\/allhackerforhire.com\/hu\/\">etikus hacker<\/a> online<\/p>\n<h3>K\u00f6vetel\u00e9sekkel \u00e9s vagyonvisszaszerz\u00e9ssel kapcsolatos konzult\u00e1ci\u00f3<\/h3>\n<p>Kereskedelmi peres szak\u00e9rt\u0151ink seg\u00edts\u00e9get ny\u00fajtanak a csal\u00e1s \u00e1ldozat\u00e1nak v\u00e9lt mag\u00e1nszem\u00e9lyeknek \u00e9s v\u00e1llalkoz\u00e1soknak a csal\u00e1s k\u00f6vetkezt\u00e9ben elvesztett vagyon visszaszerz\u00e9s\u00e9ben, mind belf\u00f6ld\u00f6n, mind a tengerent\u00falon. A csal\u00e1ssal v\u00e1dolt \u00fcgyfeleket is k\u00e9pviselj\u00fck, biztos\u00edtva, hogy vagyonukat \u00e9s jogaikat megv\u00e9dj\u00fck egy jogi konfliktus sor\u00e1n. Forduljon hozz\u00e1nk seg\u00edts\u00e9g\u00e9rt a vagyonvisszaszerz\u00e9s b\u00e1rmely elem\u00e9vel kapcsolatban. A legjobb hackerek b\u00e9rbead\u00e1sa az Egyes\u00fclt \u00c1llamokban.<\/p>\n<h4>Filoz\u00f3fi\u00e1nk<\/h4>\n<p>V\u00e9delem a kibercsal\u00e1sok \u00e9s a p\u00e9nzbeli vesztes\u00e9gek ellen. Kereskedelmi peres szak\u00e9rt\u0151ink seg\u00edts\u00e9get ny\u00fajtanak a csal\u00e1s \u00e1ldozat\u00e1nak v\u00e9lt mag\u00e1nszem\u00e9lyeknek \u00e9s v\u00e1llalkoz\u00e1soknak a csal\u00e1s k\u00f6vetkezt\u00e9ben elvesztett vagyont\u00e1rgyak visszaszerz\u00e9s\u00e9ben, mind belf\u00f6ld\u00f6n, mind a tengerent\u00falon. <span contenteditable=\"true\">B\u00e9reljen egy profi hackert. P<\/span><span contenteditable=\"true\">hivat\u00e1sos hackerek b\u00e9relhet\u0151k.<\/span><\/p>\n<div id=\"attachment_5018\" style=\"width: 310px\" class=\"wp-caption aligncenter\"><img fetchpriority=\"high\" decoding=\"async\" aria-describedby=\"caption-attachment-5018\" src=\"https:\/\/hireonlinehackers.com\/wp-content\/uploads\/2023\/09\/traxer-No9sjMu5zpA-unsplash-1-300x200.jpg\" alt=\"Profi hackerek b\u00e9relhet\u0151ek\" width=\"300\" height=\"200\"><p id=\"caption-attachment-5018\" class=\"wp-caption-text\">Profi hackerek b\u00e9relhet\u0151ek<\/p><\/div>\n<h4>C\u00e9lunk?<\/h4>\n<p>C\u00e9lunk egyszer\u0171: egy\u00fcttm\u0171k\u00f6d\u00fcnk \u00d6nnel, hogy a lehet\u0151 leggyorsabban visszakapja a p\u00e9nz\u00e9t, fejlett algoritmusok \u00e9s strat\u00e9giai m\u00f3dszerek seg\u00edts\u00e9g\u00e9vel, hogy visszaszerezz\u00fck a vesztes\u00e9geit. Vegye fel vel\u00fcnk a kapcsolatot m\u00e9g ma, hogy megvitassuk a k\u00f6vetel\u00e9s\u00e9t. <span contenteditable=\"true\">Profi hackerek b\u00e9rbead\u00e1sra.<\/span><\/p>\n<p><\/p>\n<h3>Profi hackerek dolgoznak egy\u00fctt, hogy a lehet\u0151 legjobb szolg\u00e1ltat\u00e1st ny\u00fajts\u00e1k \u00fcgyfeleinknek.<\/h3>\n<p>Ahhoz, hogy a legjobb \u00e9s p\u00e1ratlan hacker szolg\u00e1ltat\u00e1sokat ny\u00fajthassuk \u00d6nnek, szak\u00e9rt\u0151 hackerekb\u0151l \u00e1ll\u00f3 csapatunk a legmodernebb technol\u00f3gi\u00e1t haszn\u00e1lja. Mint egy professzion\u00e1lis hacker b\u00e9rbead\u00e1ssal foglalkoz\u00f3 szervezet, \u00fcgyfeleinknek a legjobb min\u0151s\u00edtett etikus hackereket, valamint a szak\u00e9rtelmet \u00e9s a legnagyobb titoktart\u00e1st \u00e9s bizalmass\u00e1got biztos\u00edtjuk.<br>Kem\u00e9nyen dolgozunk azon, hogy meg\u00e9rts\u00fck az \u00d6n ig\u00e9nyeit, \u00e9s olyan megold\u00e1sokat dolgozzunk ki, amelyek megfelelnek azoknak. Az adatb\u00e1zisokba \u00e9s h\u00e1l\u00f3zatokba val\u00f3 behatol\u00e1s \u00faj m\u00f3djainak kifejleszt\u00e9se \u00e9rdek\u00e9ben rendszeresen fejlesztj\u00fck t\u00e1mad\u00e1si eszk\u00f6zeinket, strat\u00e9gi\u00e1inkat \u00e9s megk\u00f6zel\u00edt\u00e9seinket.<\/p>\n<p><img decoding=\"async\" data-src=\"https:\/\/hireonlinehackers.com\/wp-content\/uploads\/2023\/01\/5-star-300x158.jpg\" alt=\"Professzion\u00e1lis hacker b\u00e9relhet\u0151 szolg\u00e1ltat\u00e1sok\" width=\"66\" height=\"35\" src=\"data:image\/svg+xml;base64,PHN2ZyB3aWR0aD0iMSIgaGVpZ2h0PSIxIiB4bWxucz0iaHR0cDovL3d3dy53My5vcmcvMjAwMC9zdmciPjwvc3ZnPg==\" class=\"lazyload\" style=\"--smush-placeholder-width: 66px; --smush-placeholder-aspect-ratio: 66\/35;\"><\/p>\n<h3>B\u00e9reljen egy profi hackert<\/h3>\n<p>B\u00e9reljen egy hacker a cyber k\u00e9m Hacking Services, amely a legjobb megold\u00e1s a mobil k\u00e9m szolg\u00e1ltat\u00e1sok \u00e9s az internet biztons\u00e1ga. Az \u00d6n hozz\u00e1f\u00e9r\u00e9se biztons\u00e1gos \u00e9s n\u00e9vtelen lesz a b\u00e9reljen egy hacker szolg\u00e1ltat\u00e1st.<\/p>\n<p>A legjobb profi hackerek, mi a legjobb telefon k\u00e9m szolg\u00e1ltat\u00e1s. A professzion\u00e1lis hackerek k\u00e9pzett magasan professzion\u00e1lis vezet\u0151 hackerek, akik nagyon magas etikai szinten.<\/p>\n<p>Minden telefonos hacker szakember, \u00e9s kiterjedt gyakorlati tapasztalattal \u00e9s tov\u00e1bbk\u00e9pz\u00e9sekkel rendelkezik.<br>Nyugodtan b\u00e9relhetsz egy hackert. <span contenteditable=\"true\">P<\/span><span contenteditable=\"true\">hivat\u00e1sos hackerek b\u00e9relhet\u0151k.<\/span><\/p>\n<p>T\u00f6bb mint egymilli\u00f3 sz\u00fcl\u0151 \u00e9s ember alkalmaz hackereket, hogy megv\u00e9dj\u00e9k kapcsolataikat. Nyomon k\u00f6vetheti a helyeket, h\u00edv\u00e1sokat, \u00fczeneteket, napl\u00f3kat, keylogger, k\u00f6z\u00f6ss\u00e9gi m\u00e9dia \u00e9s m\u00e9g sok m\u00e1s. Ez web alap\u00fa \u00e9s 100% biztons\u00e1gos \u00e9s biztons\u00e1gos. A hackel\u00e9s illeg\u00e1lis. Az etikus hackel\u00e9s azonban elfogadott. Napjainkban biztons\u00e1gra \u00e9s biztons\u00e1gra van sz\u00fcks\u00e9g a kibert\u00e1mad\u00e1sokkal szemben, ez\u00e9rt itt \u00e1llunk rendelkez\u00e9sre, hogy megoldjuk a probl\u00e9m\u00e1it val\u00f3di hackerekkel.<\/p>\n<h4>B\u00e9reljen egy hacker telefon Spy Services<\/h4>\n<p>Mi egy csapat a legprofibb etikus hackerek, akik a legjobb telefon hacker szolg\u00e1ltat\u00e1st ny\u00fajtanak az \u00d6n sz\u00e1m\u00e1ra. Az egyik legnehezebb helyzetek j\u00f6n az \u00e9letben, amikor valaki megszegi a bizalmat.  Ha egy h\u00e1zast\u00e1rs megcsalja a kapcsolat ideje alatt, neh\u00e9z folytatni. A legjobb hackerek b\u00e9rbead\u00e1sa az interneten. <span contenteditable=\"true\">P<\/span><span contenteditable=\"true\">hivat\u00e1sos hackerek b\u00e9relhet\u0151k.<\/span><\/p>\n<h4>B\u00e9reljen egy profi hackert<\/h4>\n<p>Itt j\u00f6v\u00fcnk a telefonos k\u00e9mszolg\u00e1latunkkal. K\u00f6nnyed\u00e9n felb\u00e9relhet egy hackert, \u00e9s szemmel tarthatja partnere tev\u00e9kenys\u00e9g\u00e9t. Ezzel elegend\u0151 bizony\u00edt\u00e9kot gy\u0171jthet ahhoz, hogy egy ilyen helyzetet jelentsen a bar\u00e1toknak, csal\u00e1dtagoknak vagy a b\u00edr\u00f3s\u00e1gnak a v\u00e1ltoz\u00e1s \u00e9rdek\u00e9ben. Mindig hisz\u00fcnk az \u00e1tl\u00e1that\u00f3s\u00e1gban, ez\u00e9rt minden szolg\u00e1ltat\u00e1sunkhoz p\u00e9nzvisszafizet\u00e9si biztos\u00edt\u00e9k j\u00e1r. B\u00e1rmikor, ha nem kapja meg a szolg\u00e1ltat\u00e1st, visszat\u00e9r\u00edtj\u00fck a teljes kifizet\u00e9st. Ez \u00e9p\u00edti hossz\u00fa kapcsolatunkat.<\/p>\n<h3>Professzion\u00e1lis hacker b\u00e9relhet\u0151 szolg\u00e1ltat\u00e1sok<\/h3>\n<div><a href=\"https:\/\/allhackerforhire.com\/hu\/\">Online hackerek b\u00e9rl\u00e9se<\/a> a vezet\u0151 szervezet a Hire etikus hackerek a legjobb hozz\u00e1\u00e9rt\u0151 hackerek. Mi j\u00f3l k\u00e9pzett, tan\u00fas\u00edtott \u00e9s hozz\u00e1\u00e9rt\u0151 hackerek vagyunk! Alkalmasak vagyunk arra, hogy teljes\u00edts\u00fck garanci\u00e1inkat, hogy a legjobb hacker-for-hire szolg\u00e1ltat\u00e1sokat ny\u00fajtsuk! <br>Mi k\u00edn\u00e1ljuk a legjobb profi hacker b\u00e9rl\u00e9s. Ez k\u00f6nny\u0171 az etikus hacker szolg\u00e1ltat\u00e1sok.  Ne feledje, hogy nincs huncuts\u00e1g a hackerek b\u00e9rleti szolg\u00e1ltat\u00e1s\u00e1nak ig\u00e9nyl\u00e9s\u00e9ben! Ha valamit el kell \u00e9rnie, akkor fel kell l\u00e9pnie \u00e9s k\u00e9rnie kell...<\/div>\n<div>\n<h3>&nbsp;<\/h3>\n<\/div>\n<div>\n<h3>A legjobb hackerek b\u00e9rbead\u00e1sa<\/h3>\n<p>A csendes behatol\u00f3k profi hackerek, akik k\u00f6vetkezetesen k\u00e9szen \u00e1llnak arra, hogy b\u00e1rmikor kiszolg\u00e1lj\u00e1k \u00d6nt. Mi vagyunk a legt\u00f6bb ember megb\u00edzhat\u00f3 telefon k\u00e9m b\u00e9rleti teszi hozz\u00e1\u00e9rt\u0151 hacker b\u00e9rleti szolg\u00e1ltat\u00e1sok. Mivel a prime etikus hacker b\u00e9rleti szervezetek vil\u00e1gszerte, mi teszi kiv\u00e1l\u00f3 k\u00e9pess\u00e9g, hogy b\u00e1rmilyen inform\u00e1ci\u00f3t az interneten. Behatol\u00e1svizsg\u00e1lat \u00e9s Monitoring szolg\u00e1ltat\u00e1s etikus hacker szolg\u00e1ltat\u00e1s. <span contenteditable=\"true\">P<\/span><span contenteditable=\"true\">hivat\u00e1sos hackerek b\u00e9relhet\u0151k.<\/span><\/p>\n<p>Van egy szak\u00e9rt\u0151i csoportunk vil\u00e1gszerte tan\u00fas\u00edtott hackerekb\u0151l, akik a rendk\u00edv\u00fcli hackel\u00e9si ter\u00fcletek specialist\u00e1i. K\u00e9ts\u00e9gtelen\u00fcl etikai hacker online kapcsolatba l\u00e9p vel\u00fcnk, \u00e9s egy profi hacker a mi k\u00e9pzett \u00e9s k\u00e9pzett hacker csapatunkb\u00f3l lesz kijel\u00f6lve, hogy r\u00f6vid id\u0151n bel\u00fcl elv\u00e9gezze a munk\u00e1t.<\/p>\n<p>Top k\u00e9pess\u00e9gek, hogy felt\u00f6rni b\u00e1rmilyen sz\u00e1m\u00edt\u00f3g\u00e9pek, hack egyetemi oszt\u00e1lyzatok. <span contenteditable=\"true\">B\u00e9reljen fel egy profi hackert.<\/span><\/p>\n<h4>Hogyan b\u00e9relhetek fel egy Dark Web Hackert?<\/h4>\n<p>Kiberbiztons\u00e1gi szak\u00e9rt\u0151nk etikus hacking, dark webes szolg\u00e1ltat\u00e1sok ny\u00fajt\u00e1s\u00e1val \u00e1ll rendelkez\u00e9s\u00e9re<a href=\"https:\/\/www.bing.com\/\" target=\"_blank\" rel=\"noopener\">,<\/a> \u00e9s sz\u00fcrke kalapos hackerek, akiket k\u00f6nnyen fel lehet b\u00e9relni. <span contenteditable=\"true\">P<\/span><span contenteditable=\"true\">hivat\u00e1sos hackerek b\u00e9relhet\u0151k.<\/span><\/p>\n<p>Ha sz\u00fcrke kalapos hacker szak\u00e9rt\u0151t szeretne alkalmazni. Megb\u00edzhat\u00f3t tal\u00e1lhat a hacker ig\u00e9nyeihez, el\u0151sz\u00f6r is fel kell ismernie, hogy hol keressen \u00e9s tal\u00e1ljon egy tan\u00fas\u00edtott etikus hackert.<\/p>\n<p>Sz\u00e1mos hacker szervezetek, hogy nem fektetik be az extra energi\u00e1t, hogy kellene felvenni egy hacker mellettem, hogy megfeleljen az \u00fcgyfelek elv\u00e1r\u00e1sainak. <span contenteditable=\"true\">B\u00e9reljen fel egy profi hackert.<\/span><\/p>\n<p>Egyesek \u00fagy gondolj\u00e1k, hogy egy mag\u00e1n\u00fcgyn\u00f6k\u00f6n kereszt\u00fcl ingyen fel tudnak b\u00e9relni egy hackert a k\u00f6zel\u00fckben. Ez nem aj\u00e1nlott, mert a d\u00edjak galaktikusak, \u00e9s el lehet t\u00e9r\u00edteni, ha egy ragyog\u00f3 egy\u00e9n v\u00e9gzi.<\/p>\n<\/div>\n<\/div>\n<\/div>\n<\/div>\n<\/div>\n<p><img decoding=\"async\" data-src=\"https:\/\/hireonlinehackers.com\/wp-content\/uploads\/2023\/01\/5-star-300x158.jpg\" alt=\"Professzion\u00e1lis hacker b\u00e9relhet\u0151 szolg\u00e1ltat\u00e1sok\" width=\"36\" height=\"19\" src=\"data:image\/svg+xml;base64,PHN2ZyB3aWR0aD0iMSIgaGVpZ2h0PSIxIiB4bWxucz0iaHR0cDovL3d3dy53My5vcmcvMjAwMC9zdmciPjwvc3ZnPg==\" class=\"lazyload\" style=\"--smush-placeholder-width: 36px; --smush-placeholder-aspect-ratio: 36\/19;\"><\/p>\n<\/div>\n<\/div>\n<p><\/p>\t\t\t\t\t\t\t\t<\/div>\n\t\t\t\t<\/div>\n\t\t\t\t\t<\/div>\n\t\t<\/div>\n\t\t\t\t\t<\/div>\n\t\t<\/section>\n\t\t\t\t<section class=\"elementor-section elementor-top-section elementor-element elementor-element-da4e662 elementor-section-boxed elementor-section-height-default elementor-section-height-default default-style\" data-id=\"da4e662\" data-element_type=\"section\" data-settings=\"{&quot;rt_color_sets&quot;:&quot;default-style&quot;}\">\n\t\t\t\t\t\t<div class=\"elementor-container elementor-column-gap-default\">\n\t\t\t\t\t<div class=\"elementor-column elementor-col-50 elementor-top-column elementor-element elementor-element-db924fe\" data-id=\"db924fe\" data-element_type=\"column\">\n\t\t\t<div class=\"elementor-widget-wrap elementor-element-populated\">\n\t\t\t\t\t\t<div class=\"elementor-element elementor-element-0485719 elementor-widget elementor-widget-image\" data-id=\"0485719\" data-element_type=\"widget\" data-widget_type=\"image.default\">\n\t\t\t\t<div class=\"elementor-widget-container\">\n\t\t\t\t\t\t\t\t\t\t\t\t\t\t\t<img decoding=\"async\" width=\"768\" height=\"288\" data-src=\"https:\/\/allhackerforhire.com\/wp-content\/uploads\/2022\/11\/Buy-Registered-Documents.jpg\" class=\"attachment-large size-large wp-image-4545 lazyload\" alt=\"B\u00e9reljen Dark Web hackereket\" data-srcset=\"https:\/\/allhackerforhire.com\/wp-content\/uploads\/2022\/11\/Buy-Registered-Documents.jpg 768w, https:\/\/allhackerforhire.com\/wp-content\/uploads\/2022\/11\/Buy-Registered-Documents-300x113.jpg 300w, https:\/\/allhackerforhire.com\/wp-content\/uploads\/2022\/11\/Buy-Registered-Documents-600x225.jpg 600w\" data-sizes=\"(max-width: 768px) 100vw, 768px\" src=\"data:image\/svg+xml;base64,PHN2ZyB3aWR0aD0iMSIgaGVpZ2h0PSIxIiB4bWxucz0iaHR0cDovL3d3dy53My5vcmcvMjAwMC9zdmciPjwvc3ZnPg==\" style=\"--smush-placeholder-width: 768px; --smush-placeholder-aspect-ratio: 768\/288;\" \/>\t\t\t\t\t\t\t\t\t\t\t\t\t\t\t<\/div>\n\t\t\t\t<\/div>\n\t\t\t\t\t<\/div>\n\t\t<\/div>\n\t\t\t\t<div class=\"elementor-column elementor-col-50 elementor-top-column elementor-element elementor-element-bff131d\" data-id=\"bff131d\" data-element_type=\"column\">\n\t\t\t<div class=\"elementor-widget-wrap elementor-element-populated\">\n\t\t\t\t\t\t<div class=\"elementor-element elementor-element-db6bcbe elementor-widget elementor-widget-heading\" data-id=\"db6bcbe\" data-element_type=\"widget\" data-widget_type=\"heading.default\">\n\t\t\t\t<div class=\"elementor-widget-container\">\n\t\t\t\t\t<h2 class=\"elementor-heading-title elementor-size-default\"><span class=\"tagify__tag-text\">B\u00e9reljen Dark Web hackereket<\/span><\/h2>\t\t\t\t<\/div>\n\t\t\t\t<\/div>\n\t\t\t\t\t<\/div>\n\t\t<\/div>\n\t\t\t\t\t<\/div>\n\t\t<\/section>\n\t\t\t\t<\/div>","protected":false},"excerpt":{"rendered":"<p>A Professional Hackers For Hire \u00a9 Hire Online Hackers szolg\u00e1ltat\u00e1sok v\u00e9gigk\u00eds\u00e9rik \u00e9s fel\u00fcgyelik a s\u00f6t\u00e9t webes hackerek megtal\u00e1l\u00e1s\u00e1nak, b\u00e9rl\u00e9s\u00e9nek, magyar\u00e1zat\u00e1nak, t\u00e1rgyal\u00e1s\u00e1nak \u00e9s kifizet\u00e9s\u00e9nek teljes folyamat\u00e1t. Mivel mi vagyunk a k\u00f6zvet\u00edt\u0151, \u00d6n soha nem l\u00e9p k\u00f6zvetlen\u00fcl kapcsolatba a hackerrel, sem adminisztrat\u00edv, sem p\u00e9nz\u00fcgyi szempontb\u00f3l; nincs olyan kapcsolat, amely visszavezetne \u00d6nh\u00f6z. [...]<\/p>","protected":false},"author":1,"featured_media":4993,"parent":0,"menu_order":0,"comment_status":"closed","ping_status":"open","template":"","meta":{"_acf_changed":false,"footnotes":""},"class_list":["post-3","page","type-page","status-publish","has-post-thumbnail","hentry"],"acf":[],"_links":{"self":[{"href":"https:\/\/allhackerforhire.com\/hu\/wp-json\/wp\/v2\/pages\/3","targetHints":{"allow":["GET"]}}],"collection":[{"href":"https:\/\/allhackerforhire.com\/hu\/wp-json\/wp\/v2\/pages"}],"about":[{"href":"https:\/\/allhackerforhire.com\/hu\/wp-json\/wp\/v2\/types\/page"}],"author":[{"embeddable":true,"href":"https:\/\/allhackerforhire.com\/hu\/wp-json\/wp\/v2\/users\/1"}],"replies":[{"embeddable":true,"href":"https:\/\/allhackerforhire.com\/hu\/wp-json\/wp\/v2\/comments?post=3"}],"version-history":[{"count":55,"href":"https:\/\/allhackerforhire.com\/hu\/wp-json\/wp\/v2\/pages\/3\/revisions"}],"predecessor-version":[{"id":5159,"href":"https:\/\/allhackerforhire.com\/hu\/wp-json\/wp\/v2\/pages\/3\/revisions\/5159"}],"wp:featuredmedia":[{"embeddable":true,"href":"https:\/\/allhackerforhire.com\/hu\/wp-json\/wp\/v2\/media\/4993"}],"wp:attachment":[{"href":"https:\/\/allhackerforhire.com\/hu\/wp-json\/wp\/v2\/media?parent=3"}],"curies":[{"name":"wp","href":"https:\/\/api.w.org\/{rel}","templated":true}]}}