{"id":40,"date":"2010-08-23T19:14:50","date_gmt":"2010-08-23T19:14:50","guid":{"rendered":"http:\/\/rttheme10.templatemints.com\/?page_id=40"},"modified":"2025-11-16T10:32:59","modified_gmt":"2025-11-16T10:32:59","slug":"berelj-fel-egy-hackert","status":"publish","type":"page","link":"https:\/\/allhackerforhire.com\/hu\/berelj-fel-egy-hackert\/","title":{"rendered":"Kapcsolatfelv\u00e9tel"},"content":{"rendered":"<h1>B\u00c9RELJEN FEL EGY HACKERT<\/h1>\n<h2>Online hackerb\u00e9rl\u00e9s | B\u00e9reljen egy hackert | B\u00e9reljen egy hackert | Rent a Hacker<\/h2>\n<p>B\u00e9reljen olyan hackert, aki \u0151szinte \u00e9s elk\u00f6telezett a kijel\u00f6lt hacker szolg\u00e1ltat\u00e1s teljes\u00edt\u00e9se ir\u00e1nt. Biztos\u00edtott Hacking Service eredm\u00e9nyek. A b\u00e9relhet\u0151 hackereink \u0151szint\u00e9k, elk\u00f6telezettek \u00e9s szenved\u00e9lyesen szeretik a munk\u00e1jukat, a hackel\u00e9s b\u00e1rmely szintj\u00e9t k\u00e9pesek \u00e1tl\u00e9pni, hogy sikereket \u00e9rjenek el a hackel\u00e9sben. Prompt Response Hacker Find Dark Web Hacker v\u00e1laszol 30 percen bel\u00fcl.<\/p>\n<h3 data-rt-animate=\"animate\" data-rt-animation-type=\"fade\" data-rt-animation-group=\"single\">KAPCSOLATFELV\u00c9TEL<\/h3>\n<h3>Megb\u00edzhat\u00f3 hackerek b\u00e9rbead\u00e1sra<\/h3>\n<div><span style=\"color: #ff0000;\"><strong>ALL8hfh@protonmail.ch<\/strong><\/span><\/div>\n<h2><strong>F\u00f6ldalatti sz\u00e1m\u00edt\u00f3g\u00e9pes hackerek b\u00e9rbead\u00e1sra<\/strong><\/h2>\n<p>Mi vagyunk b\u00e9reljen egy hacker szolg\u00e1ltat\u00f3k \u00e9s k\u00edn\u00e1l exkluz\u00edv megb\u00edzhat\u00f3 etikus Cyber szak\u00e9rt\u0151k vil\u00e1gszerte. Itt megtal\u00e1lja az online szak\u00e9rt\u0151k sz\u00e9les v\u00e1laszt\u00e9k\u00e1t. 24 * 7 online \u00fcgyf\u00e9lszolg\u00e1lat. B\u00e9reljen professzion\u00e1lis kiberszak\u00e9rt\u0151ket 24\/7 b\u00e1rmikor.<\/p>\n<p>A legjobb cyber szak\u00e9rt\u0151i szolg\u00e1ltat\u00e1sokat k\u00edn\u00e1lunk \u00d6nnek, Hacked Phone Rescue, Kompromitt\u00e1lt Social Media Password Recovery, Recovery alapok Crypto Investment Scam, Banki \u00e1tutal\u00e1s csal\u00e1s nyomk\u00f6vet\u00e9s, R\u00e1galmaz\u00f3 vagy hamis internetes cikkek, blogbejegyz\u00e9sek vagy hamis fel\u00fclvizsg\u00e1lati jelent\u00e9s \u00e9s elt\u00e1vol\u00edt\u00e1sa, Recovery Hacked vagy kompromitt\u00e1lt weboldalak, \u00e9s m\u00e9g sok m\u00e1s ilyen szolg\u00e1ltat\u00e1sokat, ahol tehetetlen \u00e9s k\u00e9pes megtal\u00e1lni nincs tov\u00e1bbi m\u00f3dja, hogy folytassa tov\u00e1bb.<\/p>\n<p>Ha nem tudja, hogy milyen szolg\u00e1ltat\u00e1sra van sz\u00fcks\u00e9ge, de van egy megold\u00e1sra v\u00e1r\u00f3 probl\u00e9m\u00e1ja, akkor \u00d6nnek kell kezdem\u00e9nyeznie, hogy k\u00e9rje azt:<\/p>\n<ol>\n<li>A Spy and Monitor a legjobb etikus hacker-k\u00f6lcs\u00f6nz\u0151 szervezet!<\/li>\n<li>Alkalmazzon rendk\u00edv\u00fcl j\u00f3l k\u00e9pzett, k\u00e9pzett \u00e9s profi hackereket!<\/li>\n<li>B\u00e9reljen olyan hackert, aki k\u00e9pes teljes\u00edteni az \u00edg\u00e9reteket!<\/li>\n<li>Egyedi \u00e9rt\u00e9kes\u00edt\u00e9si pontunk a bizalom \u00e9s az elsz\u00e1moltathat\u00f3s\u00e1g!<\/li>\n<\/ol>\n<p>Minden \u00fcgyf\u00e9l sz\u00e1m\u00e1ra bizalmat \u00e9p\u00edt\u00fcnk. Ne habozzon kapcsolatba l\u00e9pni vel\u00fcnk. B\u00e1rmilyen k\u00e9rd\u00e9se van, csak l\u00e9pjen kapcsolatba a\u00a0<b>Professzion\u00e1lis kiberszak\u00e9rt\u0151k<\/b>, professzion\u00e1lis \u00e9s rendk\u00edv\u00fcl tehets\u00e9ges csapatunk a lehet\u0151 leghamarabb visszat\u00e9r. B\u00e9reljen egy hacker online.<\/p>\n<p>Itt megold\u00e1st tal\u00e1lhatsz minden probl\u00e9m\u00e1ra, p\u00e9ld\u00e1ul valaki felt\u00f6ri a Facebookot, jelsz\u00f3 helyre\u00e1ll\u00edt\u00e1s, Instagram Hacker, WhatsApp, Snapchat Hacker, Email, vagy sz\u00e1m\u00edt\u00f3g\u00e9p, vagy ha azt gyan\u00edtod, hogy valaki figyeli a telefonodat, kapj megold\u00e1st a probl\u00e9m\u00e1dra a kiberszak\u00e9rt\u0151kt\u0151l.<\/p>\n<p>Van 100+ professzion\u00e1lis Cyber szak\u00e9rt\u0151k, \u00e9s mi gondoskodunk arr\u00f3l, hogy \u00d6n 100% biztons\u00e1gos \u00e9s biztons\u00e1gos sor\u00e1n b\u00e9rl\u00e9se egy hacker online t\u0151l\u00fcnk. A bizalom az els\u0151 fegyver\u00fcnk. Teh\u00e1t ne agg\u00f3djon! Mi sz\u00e1ll\u00edtottuk szolg\u00e1ltat\u00e1sainkat sok \u00fcgyf\u00e9l vil\u00e1gszerte. Nem tessz\u00fck ki a szem\u00e9lyes adatait senkinek.<\/p>\n<p><img decoding=\"async\" data-src=\"https:\/\/hireonlinehackers.com\/wp-content\/uploads\/2023\/01\/5-star-300x158.jpg\" alt=\"Professzion\u00e1lis hacker b\u00e9relhet\u0151 szolg\u00e1ltat\u00e1sok\" width=\"53\" height=\"28\" src=\"data:image\/svg+xml;base64,PHN2ZyB3aWR0aD0iMSIgaGVpZ2h0PSIxIiB4bWxucz0iaHR0cDovL3d3dy53My5vcmcvMjAwMC9zdmciPjwvc3ZnPg==\" class=\"lazyload\" style=\"--smush-placeholder-width: 53px; --smush-placeholder-aspect-ratio: 53\/28;\" \/><\/p>\n<h3 data-rt-animate=\"animate\" data-rt-animation-type=\"fade\" data-rt-animation-group=\"single\">AZ EL\u00c9GEDETTS\u00c9G GARANT\u00c1LT.<\/h3>\n<h2>Profi hackerek b\u00e9relhet\u0151ek<\/h2>\n<h3>Telefon Monitoring Services<\/h3>\n<p>Teljes k\u00f6r\u0171 mobiltelefon-fel\u00fcgyeleti szolg\u00e1ltat\u00e1st ny\u00fajtunk az \u00d6n \u00e1ltal megc\u00e9lzott sz\u00e1mhoz a legmodernebb technol\u00f3gia seg\u00edts\u00e9g\u00e9vel, amely lehet\u0151v\u00e9 teszi, hogy a k\u00e9sz\u00fcl\u00e9k minden aspektus\u00e1t ellen\u0151rizze. Csal\u00f3 partner figyel\u00e9se az \u00d6n rendelkez\u00e9s\u00e9re \u00e1ll! Hacker b\u00e9rbead\u00e1sra.<\/p>\n<h3>Jelsz\u00f3 helyre\u00e1ll\u00edt\u00e1si szolg\u00e1ltat\u00e1sok<\/h3>\n<p>Mi hozz\u00e1f\u00e9r\u00e9st biztos\u00edtunk \u00d6nnek a teljes fi\u00f3khoz, \u00edgy minden bej\u00f6v\u0151 \u00e9s kimen\u0151 \u00fczenetet el tud olvasni. Az ut\u00f3bbi id\u0151ben t\u00f6r\u00f6lt \u00fczeneteket is l\u00e1tni fogja. Igazi hackerek b\u00e9relhet\u0151k.<\/p>\n<p><img decoding=\"async\" data-src=\"https:\/\/hireonlinehackers.com\/wp-content\/uploads\/2023\/01\/5-star-300x158.jpg\" alt=\"Professzion\u00e1lis hacker b\u00e9relhet\u0151 szolg\u00e1ltat\u00e1sok\" width=\"66\" height=\"35\" src=\"data:image\/svg+xml;base64,PHN2ZyB3aWR0aD0iMSIgaGVpZ2h0PSIxIiB4bWxucz0iaHR0cDovL3d3dy53My5vcmcvMjAwMC9zdmciPjwvc3ZnPg==\" class=\"lazyload\" style=\"--smush-placeholder-width: 66px; --smush-placeholder-aspect-ratio: 66\/35;\" \/><\/p>\n<h3>K\u00f6z\u00f6ss\u00e9gi m\u00e9dia behatol\u00e1si szolg\u00e1ltat\u00e1sok<\/h3>\n<p>Mi sz\u00e1ll\u00edtjuk \u00d6nnek a bel\u00e9p\u00e9st k\u00fcl\u00f6nb\u00f6z\u0151 k\u00f6z\u00f6ss\u00e9gi m\u00e9dia fi\u00f3kokba, mint p\u00e9ld\u00e1ul Messenger, Whatsapp, Instagram, Snapchat, Telegram, stb. Figyelje diszkr\u00e9ten, a c\u00e9lpont figyelmeztet\u00e9se n\u00e9lk\u00fcl. Most m\u00e1r b\u00e9relhet t\u0151l\u00fcnk szoci\u00e1lis m\u00e9dia etikus kiberszak\u00e9rt\u0151ket. B\u00e9reljen egy hackert.<\/p>\n<h2><strong>A legjobb etikus cyber hackerek<\/strong><\/h2>\n<p>A professzion\u00e1lis kiberszak\u00e9rt\u0151k mindig k\u00e9szen \u00e1llnak arra, hogy a legjobb hacker szolg\u00e1ltat\u00e1st ny\u00fajts\u00e1k \u00d6nnek. Mi vagyunk a professzion\u00e1lis hacking szolg\u00e1ltat\u00f3k az Egyes\u00fclt \u00c1llamokban. K\u00f6nnyen felfedezheti az online\u00a0<b>b\u00e9relhet\u0151 hackerek<\/b>. Mint a legels\u0151 Ethical Hacker for Hire t\u00e1mogat\u00e1s a vil\u00e1gon, Spy \u00e9s Monitor k\u00edn\u00e1lja a legjobb online Cyber szak\u00e9rt\u0151k vil\u00e1gszerte.<\/p>\n<p>T\u00f6bb mint 100 nagy tapasztalattal rendelkez\u0151 kiberszak\u00e9rt\u0151kb\u0151l \u00e1ll\u00f3 glob\u00e1lis csapatunk van, ahol a k\u00f6vetkez\u0151ket teheti\u00a0<a href=\"https:\/\/allhackerforhire.com\/hu\/berelj-fel-egy-hackert\/\">kapcsolat hackerek online<\/a>, akik a fels\u0151bbrend\u0171 r\u00e9tek szak\u00e9rt\u0151i. A legjobb hackerek felveszik online vezet\u0151 sz\u00e1mos szinten \u00e9l\u0151 tesztek; ha egyszer bizony\u00edtj\u00e1k magukat, akkor csatlakozhatnak a mi kiv\u00e1l\u00f3 csapatunkhoz<a href=\"https:\/\/duckduckgo.com\/\" target=\"_blank\" rel=\"noopener\">.<\/a> Vegyen fel hackert b\u00e1rmilyen munk\u00e1ra.<\/p>\n<p>\u2713 Hire Professional Cyber szak\u00e9rt\u0151k Phone Monitoring Services<\/p>\n<p>\u2713 Etikus kiberhackerek b\u00e9rl\u00e9se etik\u00e1tlan partner \/ etik\u00e1tlan h\u00e1zast\u00e1rs megfigyel\u00e9s\u00e9re<\/p>\n<p>\u2713 B\u00e9reljen hackereket a kripto befektet\u00e9si \u00e1tver\u00e9s visszaszerz\u00e9s\u00e9re<\/p>\n<p>\u2713 B\u00e9reljen etikus kiber szakembereket a k\u00f6z\u00f6ss\u00e9gi m\u00e9di\u00e1ba val\u00f3 behatol\u00e1shoz<\/p>\n<p><img decoding=\"async\" data-src=\"https:\/\/buylegitpassport.com\/wp-content\/uploads\/2022\/11\/5-star-2-300x158.jpg\" alt=\"B\u00e9reljen egy hackert\" width=\"70\" height=\"37\" src=\"data:image\/svg+xml;base64,PHN2ZyB3aWR0aD0iMSIgaGVpZ2h0PSIxIiB4bWxucz0iaHR0cDovL3d3dy53My5vcmcvMjAwMC9zdmciPjwvc3ZnPg==\" class=\"lazyload\" style=\"--smush-placeholder-width: 70px; --smush-placeholder-aspect-ratio: 70\/37;\" \/><\/p>\n<section data-id=\"785fc72\" data-element_type=\"section\" data-settings=\"{&quot;background_background&quot;:&quot;classic&quot;}\">\n<h2><strong>KIK VAGYUNK<\/strong><\/h2>\n<p>B\u00e9relhet\u0151 hackereink professzion\u00e1lisak, tapasztaltak, rendk\u00edv\u00fcliek \u00e9s rendk\u00edv\u00fcl tehets\u00e9gesek. A legt\u00f6bb etikus kiberszak\u00e9rt\u0151nk t\u00f6bb mint 15 \u00e9ve dolgozik k\u00fcl\u00f6nb\u00f6z\u0151 \u00fcgyfeleknek \u00e9s \u00fcgyn\u00f6ks\u00e9geknek a k\u00f6z\u00f6ss\u00e9gi m\u00e9di\u00e1ba val\u00f3 behatol\u00e1s, az \u00e1tver\u00e9ses webhelyekr\u0151l vagy c\u00e9gekt\u0151l sz\u00e1rmaz\u00f3 p\u00e9nzeszk\u00f6z\u00f6k visszaszerz\u00e9se, a kripto- vagy Bitcoin-befektet\u00e9s \u00e9s az adatkezel\u00e9s ter\u00fclet\u00e9n, \u00e9s a legt\u00f6bb, ha nem mindegyik\u00fcknek van tud\u00e1sa a k\u00fcl\u00f6nb\u00f6z\u0151 alkalmaz\u00e1sok k\u00fcl\u00f6nb\u00f6z\u0151 biztons\u00e1gi be\u00e1ll\u00edt\u00e1sait alak\u00edt\u00f3 v\u00e1llalatokn\u00e1l val\u00f3 munkav\u00e9gz\u00e9sr\u0151l. Az ilyen v\u00e1llalatokn\u00e1l val\u00f3 munkav\u00e9gz\u00e9s el\u0151nyh\u00f6z juttatja a profi hackereinket, \u00e9s teljes r\u00e1l\u00e1t\u00e1st ad arra, hogy hogyan m\u0171k\u00f6dik a biztons\u00e1g a k\u00fcl\u00f6nb\u00f6z\u0151 alkalmaz\u00e1sok eset\u00e9ben.<\/p>\n<h2><strong>MIT CSIN\u00c1LUNK<\/strong><\/h2>\n<p>Minden ter\u00fcleten profik vagyunk. A telefonos megfigyel\u00e9s specialist\u00e1i vagyunk, \u00e9s teljes k\u00f6r\u0171 telefonos megfigyel\u00e9si szolg\u00e1ltat\u00e1sokat ny\u00fajtunk \u00fcgyfeleinknek, akiknek rendszeresen sz\u00fcks\u00e9g\u00fck van r\u00e1 gyermekeik vagy olyan helyzetek miatt, mint egy felt\u00e9telezett csal\u00f3 h\u00e1zast\u00e1rs vagy \u00fczleti partnerek stb. Ez azonban nem az egyetlen dolog, amit csin\u00e1lunk, csak t\u00f6ltse ki a kapcsolatfelv\u00e9teli \u0171rlapunkat, \u00e9s megbesz\u00e9lhetj\u00fck az \u00d6n ig\u00e9nyeit, \u00e9s megfelel\u0151 megold\u00e1st k\u00edn\u00e1lunk \u00d6nnek.<\/p>\n<h2><strong>HACKER B\u00c9RELHET\u0150<\/strong><\/h2>\n<p>B\u00e9relje fel hackereinket, akik elk\u00f6telezettek a kiv\u00e1l\u00f3s\u00e1g ir\u00e1nt. Vannak helyzetek, amikor egyszer \u00fagy gondolja, hogy egy \u00fajoncot alkalmaz; azonban v\u00e1rni kell, hogy egy hackerhez jusson. Ne habozzon kapcsolatba l\u00e9pni vel\u00fcnk, \u00e9s mi lehet, hogy egy konkr\u00e9t b\u00e9rleti hacker szolg\u00e1ltat\u00e1st ny\u00fajtunk \u00d6nnek. Az al\u00e1bbiakban felsorolunk n\u00e9h\u00e1nyat a legforr\u00f3bb b\u00e9relhet\u0151 hacker szolg\u00e1ltat\u00f3k k\u00f6z\u00fcl. B\u00e9reljen hackert.<\/p>\n<h3>Mennyibe ker\u00fcl egy hacker felb\u00e9rl\u00e9se?<\/h3>\n<p>A hacker felb\u00e9rl\u00e9s\u00e9nek k\u00f6lts\u00e9gei nagyban f\u00fcgghetnek a munka t\u00edpus\u00e1t\u00f3l, a hacker szak\u00e9rtelm\u00e9nek szintj\u00e9t\u0151l \u00e9s a feladat elv\u00e9gz\u00e9s\u00e9hez sz\u00fcks\u00e9ges id\u0151t\u0151l. Egy hacker felb\u00e9rl\u00e9se n\u00e9h\u00e1ny doll\u00e1rt\u00f3l ak\u00e1r t\u00f6bb ezer doll\u00e1rig terjed\u0151 \u00f6sszegbe is ker\u00fclhet.<\/p>\n<p>Tal\u00e1n k\u00edv\u00e1ncsi vagy, hogy a hacker felb\u00e9rl\u00e9se illeg\u00e1lis-e. Igen, fontos megjegyezni, hogy a hacker felb\u00e9rl\u00e9se a legt\u00f6bb orsz\u00e1gban illeg\u00e1lis, \u00e9s s\u00falyos jogi k\u00f6vetkezm\u00e9nyekkel j\u00e1rhat.<\/p>\n<h2>Hacking szolg\u00e1ltat\u00e1saink<\/h2>\n<ol>\n<li>Mobiltelefon Monitoring szolg\u00e1ltat\u00e1s<\/li>\n<li>Social Medial Cyber szak\u00e9rt\u0151k<\/li>\n<li>Honlap behatol\u00e1s tesztel\u00e9s<\/li>\n<li>Csal\u00f3 partner\/h\u00e1zast\u00e1rs vizsg\u00e1lata<\/li>\n<li>Felh\u0151alap\u00fa sz\u00e1m\u00edt\u00f3g\u00e9pes fel\u00fcgyeleti szolg\u00e1ltat\u00e1sok<\/li>\n<li>Banki \u00e1tutal\u00e1s visszavon\u00e1sa<\/li>\n<li>Csal\u00e1s Bitcoin befektet\u00e9si alapok visszaszerz\u00e9se<\/li>\n<\/ol>\n<\/section>","protected":false},"excerpt":{"rendered":"<p>HIRE A HACKER Hire A Hacker Online | Rent A Hacker | Rent a Hacker Hire a Hacker Who is Honest and Dedicated To Fulfilling the Hacking Service Assigned. Assured Hacking Service Results. Our hackers for hire are honest, dedicated, and passionate about their work, they can cross any level of hacking to get success [&hellip;]<\/p>","protected":false},"author":1,"featured_media":0,"parent":0,"menu_order":0,"comment_status":"open","ping_status":"closed","template":"builder-ready.php","meta":{"_acf_changed":false,"footnotes":""},"class_list":["post-40","page","type-page","status-publish","hentry"],"acf":[],"_links":{"self":[{"href":"https:\/\/allhackerforhire.com\/hu\/wp-json\/wp\/v2\/pages\/40","targetHints":{"allow":["GET"]}}],"collection":[{"href":"https:\/\/allhackerforhire.com\/hu\/wp-json\/wp\/v2\/pages"}],"about":[{"href":"https:\/\/allhackerforhire.com\/hu\/wp-json\/wp\/v2\/types\/page"}],"author":[{"embeddable":true,"href":"https:\/\/allhackerforhire.com\/hu\/wp-json\/wp\/v2\/users\/1"}],"replies":[{"embeddable":true,"href":"https:\/\/allhackerforhire.com\/hu\/wp-json\/wp\/v2\/comments?post=40"}],"version-history":[{"count":104,"href":"https:\/\/allhackerforhire.com\/hu\/wp-json\/wp\/v2\/pages\/40\/revisions"}],"predecessor-version":[{"id":5858,"href":"https:\/\/allhackerforhire.com\/hu\/wp-json\/wp\/v2\/pages\/40\/revisions\/5858"}],"wp:attachment":[{"href":"https:\/\/allhackerforhire.com\/hu\/wp-json\/wp\/v2\/media?parent=40"}],"curies":[{"name":"wp","href":"https:\/\/api.w.org\/{rel}","templated":true}]}}