{"id":4967,"date":"2023-09-10T15:27:23","date_gmt":"2023-09-10T15:27:23","guid":{"rendered":"https:\/\/hireonlinehackers.com\/?page_id=4967"},"modified":"2024-07-02T22:26:43","modified_gmt":"2024-07-02T22:26:43","slug":"telefonhackerek-berelheto-szolgaltatasa","status":"publish","type":"page","link":"https:\/\/allhackerforhire.com\/hu\/telefonhackerek-berelheto-szolgaltatasa\/","title":{"rendered":"Telefon hackerek"},"content":{"rendered":"<div data-elementor-type=\"wp-page\" data-elementor-id=\"4967\" class=\"elementor elementor-4967\">\n\t\t\t\t\t\t<section class=\"elementor-section elementor-top-section elementor-element elementor-element-21ed0537 elementor-section-boxed elementor-section-height-default elementor-section-height-default default-style\" data-id=\"21ed0537\" data-element_type=\"section\" data-settings=\"{&quot;rt_color_sets&quot;:&quot;default-style&quot;}\">\n\t\t\t\t\t\t<div class=\"elementor-container elementor-column-gap-default\">\n\t\t\t\t\t<div class=\"elementor-column elementor-col-100 elementor-top-column elementor-element elementor-element-320524c5\" data-id=\"320524c5\" data-element_type=\"column\">\n\t\t\t<div class=\"elementor-widget-wrap elementor-element-populated\">\n\t\t\t\t\t\t<div class=\"elementor-element elementor-element-15f4f884 elementor-widget elementor-widget-text-editor\" data-id=\"15f4f884\" data-element_type=\"widget\" data-widget_type=\"text-editor.default\">\n\t\t\t\t<div class=\"elementor-widget-container\">\n\t\t\t\t\t\t\t\t\t<p><\/p>\n<h2 class=\"wp-block-heading\">Telefon hackerek b\u00e9rleti szolg\u00e1ltat\u00e1s<\/h2>\n<p><\/p>\n<div data-id=\"45a8c67\" data-element_type=\"widget\" data-widget_type=\"text-editor.default\">\n<div>\n<div data-id=\"68dc6d6\" data-element_type=\"widget\" data-widget_type=\"text-editor.default\">\n<div>\n<p>Telefon hackerek b\u00e9rbe szolg\u00e1ltat\u00e1s teljes telefon monitoring lehet\u0151v\u00e9 teszi, hogy hallgassa a telefonh\u00edv\u00e1sok, l\u00e1tni sz\u00f6veges \u00fczenetek \u00e9s iMessage, Whatsapp \u00fczenetek, Instagram, Snapchat \u00fczenetek, \u00e9s minden m\u00e1s \u00fczenetk\u00fcld\u0151 szolg\u00e1ltat\u00e1sok \u00e9s a k\u00f6z\u00f6ss\u00e9gi m\u00e9dia, hogy haszn\u00e1lj\u00e1k a k\u00e9sz\u00fcl\u00e9kr\u0151l. <span contenteditable=\"true\">Telefon Hackers b\u00e9rbead\u00e1sra szolg\u00e1ltat\u00e1s.<\/span><\/p>\n<p>\u00a0A telefonos hacker b\u00e9rleti szolg\u00e1ltat\u00e1sunkat az oldal alj\u00e1n tal\u00e1lhat\u00f3 kapcsolatfelv\u00e9teli \u0171rlap kit\u00f6lt\u00e9s\u00e9vel k\u00e9rheti. Biztos lehet benne, hogy 100% titoktart\u00e1s, mik\u00f6zben megrendeli a telefon hacker b\u00e9rleti szolg\u00e1ltat\u00e1s. A vel\u00fcnk folytatott kommunik\u00e1ci\u00f3ja teljesen biztons\u00e1gos \u00e9s v\u00e9dett. K\u00e9rj\u00fck, b\u00e1tran rendeljen telefon hacker szolg\u00e1ltat\u00e1s teljes bizalommal, \u00e9s kap azonnali v\u00e1laszokat a mi szuper akt\u00edv \u00fcgyf\u00e9lszolg\u00e1latunkb\u00f3l<a href=\"https:\/\/duckduckgo.com\/\" target=\"_blank\" rel=\"noopener\">.<\/a> B\u00e9reljen fel egy mobiltelefon-hackert.<\/p>\n<h3><span contenteditable=\"true\">B\u00e9reljen fel egy hackert, hogy felt\u00f6rj\u00f6n egy mobiltelefont<\/span><\/h3>\n<p>B\u00e9reljen egy hacker egy mobiltelefon \/ mobiltelefon b\u00e1rmi lehet a k\u00f6vetelm\u00e9ny, hogy nyomon k\u00f6veti a gyermek tev\u00e9kenys\u00e9g\u00e9t, hogy megtudja, egy felt\u00e9telezett csal\u00f3 h\u00e1zast\u00e1rs \/ partner vagy m\u00e1s telefon hacker k\u00f6vetelm\u00e9nyek f\u00fcgg\u0151en a k\u00f6r\u00fclm\u00e9nyekt\u0151l f\u00fcgg\u0151en. <span contenteditable=\"true\">B\u00e9reljen fel egy hackert, hogy felt\u00f6rj\u00f6n egy mobiltelefont.<\/span><\/p>\n<div data-animation-style=\"fade\" data-animation-repeat=\"\" data-animation-duration=\"1000ms\" data-animation-delay=\"0ms\" data-animation-intensity=\"50%\" data-animation-starting-opacity=\"0%\" data-animation-speed-curve=\"ease-in-out\">\n<div>\n<h1>T\u00e1voli mobiltelefon Hackers Hire Online<\/h1>\n<h2>B\u00e1rmit meg tudunk hackelni a weben<\/h2>\n<\/div>\n<\/div>\n<div>\n<div>\n<p>A Keystroke Group 50 tan\u00fas\u00edtott etikus, sz\u00fcrke kalapos \u00e9s fekete kalapos szakemberb\u0151l \u00e1ll. <a href=\"https:\/\/allhackerforhire.com\/hu\/\" target=\"_blank\" rel=\"noopener\">Hackerek online<\/a>. Csoportunk a mobiltelefonok felt\u00f6r\u00e9s\u00e9re \u00e9s a digit\u00e1lis t\u00f6rv\u00e9nysz\u00e9ki vizsg\u00e1latra specializ\u00e1l\u00f3dott. Most m\u00e1r hozz\u00e1f\u00e9rhet b\u00e1rmilyen adatot b\u00e1rmely okostelefonr\u00f3l csak a Cell Phone Number<a href=\"https:\/\/www.bing.com\/\" target=\"_blank\" rel=\"noopener\">.<\/a> Munk\u00e1nk kiterjed arra is, hogy hozz\u00e1f\u00e9r\u00e9st biztos\u00edtsunk \u00d6nnek b\u00e1rmely k\u00f6z\u00f6ss\u00e9gi m\u00e9dia fi\u00f3khoz. A fi\u00f3k lehet akt\u00edv, deaktiv\u00e1lt vagy ak\u00e1r t\u00f6r\u00f6lt is. <span contenteditable=\"true\">B\u00e9reljen fel egy hackert, hogy felt\u00f6rj\u00f6n egy mobiltelefont.<\/span><\/p>\n<div>\n<h2>B\u00e9reljen Hacker Service k\u00e9mkedni Cell Phone<\/h2>\n<p>\u00c1ltal\u00e1ban sok technol\u00f3giai fejl\u0151d\u00e9s t\u00f6rt\u00e9nt az ut\u00f3bbi id\u0151ben, k\u00fcl\u00f6n\u00f6sen, amikor a mobiltelefon k\u00e9m megfigyel\u00e9si technol\u00f3gi\u00e1r\u00f3l van sz\u00f3. A mobiltelefonos k\u00e9malkalmaz\u00e1sok fejleszt\u00e9s\u00e9t\u0151l kezdve a technikai k\u00e9szs\u00e9geiket \u00e9s technol\u00f3giai know-how-jukat felaj\u00e1nl\u00f3 szakemberekig mi van. K\u00f6nnyed\u00e9n felveheti az egyik ilyen\u00a0<a href=\"https:\/\/allhackerforhire.com\/hu\/\" target=\"_blank\" rel=\"noreferrer noopener\">leg\u00e1lis \u00e9s ellen\u0151rz\u00f6tt-hackerek<\/a>\u00a0a mobiltelefonok megfigyel\u00e9se \u00e9s egy\u00e9b hacker szolg\u00e1ltat\u00e1sok, amelyek \u00e9rdekelhetik. <span contenteditable=\"true\">Telefon Hackers b\u00e9rbead\u00e1sra szolg\u00e1ltat\u00e1s.<\/span><\/p>\n<p>Sokan k\u00fcl\u00f6nb\u00f6z\u0151 okokb\u00f3l \u00e9rdekl\u0151dnek m\u00e1sok mobiltelefonjainak k\u00e9mked\u00e9se ir\u00e1nt. De a h\u00e1rom legfontosabb kateg\u00f3ria, akik a mobiltelefonos k\u00e9mtechnol\u00f3gi\u00e1t k\u00fcl\u00f6n\u00f6sen hasznosnak tal\u00e1lj\u00e1k az ig\u00e9nyeik alapj\u00e1n, a k\u00f6vetkez\u0151; h\u00e1zasp\u00e1rok, akik megpr\u00f3b\u00e1lnak k\u00e9mkedni a h\u00e1zast\u00e1rsuk ut\u00e1n, hogy megbizonyosodjanak arr\u00f3l, hogy nem h\u0171tlenkednek, sz\u00fcl\u0151k, akik megpr\u00f3b\u00e1lj\u00e1k figyelemmel k\u00eds\u00e9rni a gyerekeiket, \u00e9s munk\u00e1ltat\u00f3k, akik figyelemmel akarj\u00e1k k\u00eds\u00e9rni az alkalmazottaikat. <span contenteditable=\"true\">B\u00e9reljen fel egy hackert, hogy felt\u00f6rj\u00f6n egy mobiltelefont.<\/span><\/p>\n<h2>B\u00e9reljen egy Hacker telefon hacker<\/h2>\n<p>Amikor a mobiltelefon-fel\u00fcgyeletr\u0151l van sz\u00f3, a legjobb hely, ahol megb\u00edzhat\u00f3 \u00e9s megb\u00edzhat\u00f3 megold\u00e1st tal\u00e1lhat, az a professzion\u00e1lis hacker b\u00e9rleti szolg\u00e1ltat\u00e1s b\u00e9rbead\u00e1sa, amelyben megb\u00edzhat. A sz\u00e1m\u00edt\u00f3g\u00e9pes hackel\u00e9s \u00e9s az okostelefonos hackel\u00e9s sok k\u00f6z\u00f6s von\u00e1st mutat, \u00e9s ez\u00e9rt csak egy profi hackerben lehet megb\u00edzni, aki seg\u00edt hozz\u00e1f\u00e9rni egy mobileszk\u00f6zh\u00f6z a megfigyel\u00e9shez. <span contenteditable=\"true\">B\u00e9reljen fel egy hackert, hogy felt\u00f6rj\u00f6n egy mobiltelefont.<\/span><\/p>\n<p>Ha megpr\u00f3b\u00e1l egy online keres\u00e9st v\u00e9gezni arra vonatkoz\u00f3an, hogy hogyan lehet k\u00e9mkedni egy mobiltelefonon, az eredm\u00e9nyek t\u00f6bbs\u00e9ge k\u00e9malkalmaz\u00e1sokat tal\u00e1l. Az igazs\u00e1g azonban az, hogy a k\u00e9malkalmaz\u00e1sokr\u00f3l \u00e1ltal\u00e1nosan ismert, hogy hat\u00e1stalanok, \u00e9s nem sz\u00e1m\u00edt a k\u00e9malkalmaz\u00e1s neve, \u00e1ltal\u00e1ban mind egyform\u00e1n m\u0171k\u00f6dik. A k\u00e9malkalmaz\u00e1sok m\u00e1sik hi\u00e1nyoss\u00e1ga, hogy a haszn\u00e1lat\u00e1hoz hozz\u00e1f\u00e9r\u00e9ssel kell rendelkeznie a c\u00e9lk\u00e9sz\u00fcl\u00e9khez. <span contenteditable=\"true\">Telefon Hackers b\u00e9rleti szolg\u00e1ltat\u00e1s<\/span><\/p>\n<div id=\"attachment_4971\" style=\"width: 310px\" class=\"wp-caption alignnone\"><img decoding=\"async\" aria-describedby=\"caption-attachment-4971\" data-src=\"https:\/\/hireonlinehackers.com\/wp-content\/uploads\/2023\/09\/Phone-Hackers-For-Hire-Service-300x158.jpg\" alt=\"Telefon Hackers b\u00e9rleti szolg\u00e1ltat\u00e1s\" width=\"300\" height=\"158\" src=\"data:image\/svg+xml;base64,PHN2ZyB3aWR0aD0iMSIgaGVpZ2h0PSIxIiB4bWxucz0iaHR0cDovL3d3dy53My5vcmcvMjAwMC9zdmciPjwvc3ZnPg==\" class=\"lazyload\" style=\"--smush-placeholder-width: 300px; --smush-placeholder-aspect-ratio: 300\/158;\" \/><p id=\"caption-attachment-4971\" class=\"wp-caption-text\">Telefon Hackers b\u00e9rleti szolg\u00e1ltat\u00e1s<\/p><\/div>\n<h2>Mobiltelefon hacker szolg\u00e1ltat\u00e1s megold\u00e1s<\/h2>\n<p>Minden Hacker For Hire egy fejlett mobiltelefon hacker megold\u00e1sok, amely lehet\u0151v\u00e9 teszi, hogy k\u00e9mkedni b\u00e1rmilyen mobiltelefon, bele\u00e9rtve az iOS telefonok \u00e9s android mobiltelefonok. All Hacker For Hire mag\u00e1ban foglalja az \u00f6sszes legjobb mobiltelefon k\u00e9m technol\u00f3gia a telefon k\u00e9m megold\u00e1s, \u00e9s ez egyike azon kev\u00e9s mobiltelefon k\u00e9m app megold\u00e1s, amely lehet\u0151v\u00e9 teszi, hogy telep\u00edtse \u00e9s figyelemmel k\u00eds\u00e9ri a c\u00e9ltelefon t\u00e1volr\u00f3l.<\/p>\n<h2>Mi\u00e9rt b\u00e9relnek az emberek professzion\u00e1lis hackereket<\/h2>\n<p>Az emberek b\u00e9relnek profi hackereket, hogy k\u00fcl\u00f6nb\u00f6z\u0151 hacker szolg\u00e1ltat\u00e1sokat ny\u00fajtsanak sz\u00e1mukra. A cikk utols\u00f3 szakasza n\u00e9h\u00e1nyat fog megvizsg\u00e1lni a legjobb szolg\u00e1ltat\u00e1sok k\u00f6z\u00fcl, amelyekre az emberek hackert keresnek, hogy felb\u00e9reljenek egy hackert, hogy megtegye nekik. N\u00e9h\u00e1ny gyakori hacker b\u00e9rleti szolg\u00e1ltat\u00e1sok k\u00f6z\u00e9 tartozik;<\/p>\n<p><strong>B\u00e9reljen fel egy hackert, hogy elkapja a csal\u00f3 h\u00e1zast\u00e1rsat:<\/strong>\u00a0Az ut\u00f3bbi id\u0151kben a technol\u00f3gia fejl\u0151d\u00e9se a h\u0171tlens\u00e9g nagyobb ar\u00e1ny\u00e1t eredm\u00e9nyezte. Az emberek ma m\u00e1r k\u00f6nnyen regisztr\u00e1lhatnak t\u00e1rskeres\u0151 honlapokon, hogy h\u00e1zass\u00e1gon k\u00edv\u00fcli viszonyt keressenek \u00e9s folytassanak. A mobiltelefonok is megk\u00f6nny\u00edtett\u00e9k az emberek sz\u00e1m\u00e1ra a tiltott viszonyok megval\u00f3s\u00edt\u00e1s\u00e1t. Ez\u00e9rt fordulnak a gyanakv\u00f3 p\u00e1rok a hackerekhez, hogy seg\u00edtsenek nekik bizony\u00edt\u00e9kot tal\u00e1lni a h\u00e1zass\u00e1gon k\u00edv\u00fcli viszonyokra.<\/p>\n<p><strong>B\u00e9reljen fel egy hackert, hogy felt\u00f6rje a mobiltelefont:<\/strong>\u00a0A mobiltelefonos hackel\u00e9s egy m\u00e1sik n\u00e9pszer\u0171 szolg\u00e1ltat\u00e1s, amelyre azoknak van sz\u00fcks\u00e9g\u00fck, akik hackereket szeretn\u00e9nek alkalmazni. Mivel k\u00e9pes k\u00e9mkedni egy mobiltelefonon lehet\u0151v\u00e9 teszi, hogy mindent nyomon k\u00f6vessen a telefonon, p\u00e9ld\u00e1ul a gps hely\u00e9t, valamint az \u00f6sszes kommunik\u00e1ci\u00f3t.<\/p>\n<p><strong>B\u00e9reljen fel egy hackert, hogy felt\u00f6rje a k\u00f6z\u00f6ss\u00e9gi m\u00e9dia fi\u00f3kokat:\u00a0<\/strong>A vil\u00e1gon t\u00f6bb mint 4 milli\u00e1rd k\u00f6z\u00f6ss\u00e9gi m\u00e9dia fi\u00f3k van. Ez\u00e9rt nem meglep\u0151, hogy a k\u00f6z\u00f6ss\u00e9gi m\u00e9dia hackel\u00e9s is egy olyan hacker szolg\u00e1ltat\u00e1s, amely nagy keresletnek \u00f6rvend.<\/p>\n<p>Vannak m\u00e1s hacker szolg\u00e1ltat\u00e1sok, amelyek nagy keresletnek \u00f6rvendenek, mint p\u00e9ld\u00e1ul - weboldal hackel\u00e9s, elveszett, \u00e1tvert vagy ellopott kriptop\u00e9nz \u00e9s p\u00e9nzeszk\u00f6z\u00f6k visszaszerz\u00e9se, hackel\u00e9s vagy felt\u00f6rt e-mail fi\u00f3kok visszaszerz\u00e9se, sz\u00e1m\u00edt\u00f3g\u00e9pes rendszerek felt\u00f6r\u00e9se \u00e9s \u00edgy tov\u00e1bb.<\/p>\n<p>B\u00e1rmilyen szolg\u00e1ltat\u00e1s az, hogy azt szeretn\u00e9, hogy b\u00e9reljen egy hacker, akkor mindig b\u00edzhat az egyik legit hackerek k\u00edn\u00e1l val\u00f3di hacker a <a href=\"https:\/\/allhackerforhire.com\/hu\/profi-hackerek-berelhetok\/\">b\u00e9rleti szolg\u00e1ltat\u00e1s<\/a> hogy a legjobb hacker szolg\u00e1ltat\u00e1st ny\u00fajtsuk az \u00d6n megel\u00e9ged\u00e9s\u00e9re.<\/p>\n<p>Telefon hacker szolg\u00e1ltat\u00e1sok<br \/>A k\u00f6z\u00f6ss\u00e9gi m\u00e9dia hackerei<br \/>B\u00e9relhet\u0151 k\u00f6z\u00f6ss\u00e9gi m\u00e9dia hackerek<br \/>B\u00e9reljen egy hacker mobiltelefon<br \/>S\u00f6t\u00e9t webes hackerek b\u00e9relhet\u0151ek<br \/>Etikus hackerek b\u00e9rbead\u00e1sa<br \/>B\u00e9reljen fel valakit, hogy felt\u00f6rje a telefont<br \/>Professzion\u00e1lis hacker szolg\u00e1ltat\u00e1sok<\/p>\n<p>B\u00e9reljen hackert online<br \/>Profi hackerek b\u00e9relhet\u0151ek<br \/>Facebook hacker b\u00e9rl\u00e9se<br \/>Telefon hackerek b\u00e9relhet\u0151<br \/>B\u00e9reljen egy hackert olcs\u00f3n<br \/>B\u00e9reljen egy hackert<br \/>B\u00e9reljen instagram hacker<br \/>Iphone hackerek b\u00e9rbead\u00e1sa<\/p>\n<p>B\u00e9relhet\u0151 sz\u00e1m\u00edt\u00f3g\u00e9pes hackerek<br \/>Hol tudok felvenni egy hackert<br \/>Hol lehet hackert b\u00e9relni<br \/>A legjobb telefon hackerek b\u00e9rbead\u00e1sa<br \/>B\u00e9reljen egy profi telefon hacker<\/p>\n<p>Val\u00f3di hackerek b\u00e9relhet\u0151ek<br \/>Sz\u00fcks\u00e9gem van egy hackerre, hogy megv\u00e1ltoztassa a jegyeimet.<br \/>B\u00e9reljen fel egy hackert, hogy megszerezze a jelsz\u00f3t<br \/>B\u00e9reljen email hacker<br \/>Whatsapp hacker szolg\u00e1ltat\u00e1s<br \/>B\u00e9reljen whatsapp hacker<\/p>\n<\/div>\n<\/div>\n<\/div>\n<\/div>\n<\/div>\n<p><img decoding=\"async\" data-src=\"https:\/\/hireonlinehackers.com\/wp-content\/uploads\/2023\/01\/5-star-300x158.jpg\" alt=\"Professzion\u00e1lis hacker b\u00e9relhet\u0151 szolg\u00e1ltat\u00e1sok\" width=\"36\" height=\"19\" src=\"data:image\/svg+xml;base64,PHN2ZyB3aWR0aD0iMSIgaGVpZ2h0PSIxIiB4bWxucz0iaHR0cDovL3d3dy53My5vcmcvMjAwMC9zdmciPjwvc3ZnPg==\" class=\"lazyload\" style=\"--smush-placeholder-width: 36px; --smush-placeholder-aspect-ratio: 36\/19;\" \/><\/p>\n<\/div>\n<\/div>\n<p><\/p>\t\t\t\t\t\t\t\t<\/div>\n\t\t\t\t<\/div>\n\t\t\t\t\t<\/div>\n\t\t<\/div>\n\t\t\t\t\t<\/div>\n\t\t<\/section>\n\t\t\t\t<section class=\"elementor-section elementor-top-section elementor-element elementor-element-da4e662 elementor-section-boxed elementor-section-height-default elementor-section-height-default default-style\" data-id=\"da4e662\" data-element_type=\"section\" data-settings=\"{&quot;rt_color_sets&quot;:&quot;default-style&quot;}\">\n\t\t\t\t\t\t<div class=\"elementor-container elementor-column-gap-default\">\n\t\t\t\t\t<div class=\"elementor-column elementor-col-50 elementor-top-column elementor-element elementor-element-db924fe\" data-id=\"db924fe\" data-element_type=\"column\">\n\t\t\t<div class=\"elementor-widget-wrap elementor-element-populated\">\n\t\t\t\t\t\t<div class=\"elementor-element elementor-element-0485719 elementor-widget elementor-widget-image\" data-id=\"0485719\" data-element_type=\"widget\" data-widget_type=\"image.default\">\n\t\t\t\t<div class=\"elementor-widget-container\">\n\t\t\t\t\t\t\t\t\t\t\t\t\t\t\t<img fetchpriority=\"high\" decoding=\"async\" width=\"768\" height=\"288\" src=\"https:\/\/allhackerforhire.com\/wp-content\/uploads\/2022\/11\/Buy-Registered-Documents.jpg\" class=\"attachment-large size-large wp-image-4545\" alt=\"B\u00e9reljen Dark Web hackereket\" srcset=\"https:\/\/allhackerforhire.com\/wp-content\/uploads\/2022\/11\/Buy-Registered-Documents.jpg 768w, https:\/\/allhackerforhire.com\/wp-content\/uploads\/2022\/11\/Buy-Registered-Documents-300x113.jpg 300w, https:\/\/allhackerforhire.com\/wp-content\/uploads\/2022\/11\/Buy-Registered-Documents-600x225.jpg 600w\" sizes=\"(max-width: 768px) 100vw, 768px\" \/>\t\t\t\t\t\t\t\t\t\t\t\t\t\t\t<\/div>\n\t\t\t\t<\/div>\n\t\t\t\t\t<\/div>\n\t\t<\/div>\n\t\t\t\t<div class=\"elementor-column elementor-col-50 elementor-top-column elementor-element elementor-element-bff131d\" data-id=\"bff131d\" data-element_type=\"column\">\n\t\t\t<div class=\"elementor-widget-wrap elementor-element-populated\">\n\t\t\t\t\t\t<div class=\"elementor-element elementor-element-db6bcbe elementor-widget elementor-widget-heading\" data-id=\"db6bcbe\" data-element_type=\"widget\" data-widget_type=\"heading.default\">\n\t\t\t\t<div class=\"elementor-widget-container\">\n\t\t\t\t\t<h2 class=\"elementor-heading-title elementor-size-default\"><a data-category=\"text-result\" data-action=\"position\" data-label=\"1\/1\" href=\"https:\/\/onionlandsearchengine.net\/r?q=Phone+Hackers+For+Hire+Service&amp;l=eyJpdiI6IlJJUVhvWngwTnZ4dU1Fa24yU2hcL2hBPT0iLCJ2YWx1ZSI6InNYYVhsaG1ZQnV1VnVmZlBlY0h1SXdZT3Nmd1E4NHVCdE1hTmp0NjQ1VjZyTHRPTEFYbzJlU0dta3ZPWkF1T2FNWTZCOW45VG1aQTBuOTRyMm1INVpjSmMyc0N0XC9TOUF2K0xwUVZRK1ZwR0V3eHdzazlXa1hFTFcxQUVKVE90TFRSNk9PS2dkYlwvZitGazliOXd6TytRPT0iLCJtYWMiOiJlNjJjMWU4MDQ5MmM2ODRkMDlhODBmMGM3NWRhZGNhM2VkNTJjMTA2ZDJkYmZhMjVlZmEwNmYzNDMzNzYyMDZkIn0%253D&amp;p=1&amp;u=529556199\" rel=\"nofollow noopener\" target=\"_blank\">B\u00e9reljen egy telefon Hacker<\/a><\/h2>\t\t\t\t<\/div>\n\t\t\t\t<\/div>\n\t\t\t\t\t<\/div>\n\t\t<\/div>\n\t\t\t\t\t<\/div>\n\t\t<\/section>\n\t\t\t\t<\/div>","protected":false},"excerpt":{"rendered":"<p>Telefon hackerek b\u00e9rleti szolg\u00e1ltat\u00e1s Telefon hackerek b\u00e9rleti szolg\u00e1ltat\u00e1s ny\u00fajt teljes telefon megfigyel\u00e9s lehet\u0151v\u00e9 teszi, hogy hallgatni a telefonh\u00edv\u00e1sok, l\u00e1tni sz\u00f6veges \u00fczenetek \u00e9s iMessage, Whatsapp \u00fczenetek, Instagram, Snapchat \u00fczenetek, \u00e9s minden m\u00e1s \u00fczenetk\u00fcld\u0151 szolg\u00e1ltat\u00e1sok \u00e9s a k\u00f6z\u00f6ss\u00e9gi m\u00e9dia, hogy haszn\u00e1lj\u00e1k a k\u00e9sz\u00fcl\u00e9kr\u0151l. Telefon hackerek b\u00e9rbead\u00e1sa szolg\u00e1ltat\u00e1s.  A telefon hacker\u00fcnk a [...]<\/p>","protected":false},"author":1,"featured_media":4968,"parent":0,"menu_order":0,"comment_status":"closed","ping_status":"open","template":"","meta":{"_acf_changed":false,"footnotes":""},"class_list":["post-4967","page","type-page","status-publish","has-post-thumbnail","hentry"],"acf":[],"_links":{"self":[{"href":"https:\/\/allhackerforhire.com\/hu\/wp-json\/wp\/v2\/pages\/4967","targetHints":{"allow":["GET"]}}],"collection":[{"href":"https:\/\/allhackerforhire.com\/hu\/wp-json\/wp\/v2\/pages"}],"about":[{"href":"https:\/\/allhackerforhire.com\/hu\/wp-json\/wp\/v2\/types\/page"}],"author":[{"embeddable":true,"href":"https:\/\/allhackerforhire.com\/hu\/wp-json\/wp\/v2\/users\/1"}],"replies":[{"embeddable":true,"href":"https:\/\/allhackerforhire.com\/hu\/wp-json\/wp\/v2\/comments?post=4967"}],"version-history":[{"count":19,"href":"https:\/\/allhackerforhire.com\/hu\/wp-json\/wp\/v2\/pages\/4967\/revisions"}],"predecessor-version":[{"id":5150,"href":"https:\/\/allhackerforhire.com\/hu\/wp-json\/wp\/v2\/pages\/4967\/revisions\/5150"}],"wp:featuredmedia":[{"embeddable":true,"href":"https:\/\/allhackerforhire.com\/hu\/wp-json\/wp\/v2\/media\/4968"}],"wp:attachment":[{"href":"https:\/\/allhackerforhire.com\/hu\/wp-json\/wp\/v2\/media?parent=4967"}],"curies":[{"name":"wp","href":"https:\/\/api.w.org\/{rel}","templated":true}]}}