{"id":5026,"date":"2023-09-14T09:39:25","date_gmt":"2023-09-14T09:39:25","guid":{"rendered":"https:\/\/hireonlinehackers.com\/?page_id=5026"},"modified":"2024-07-02T22:12:02","modified_gmt":"2024-07-02T22:12:02","slug":"instagram-hacker-berelheto","status":"publish","type":"page","link":"https:\/\/allhackerforhire.com\/hu\/instagram-hacker-berelheto\/","title":{"rendered":"Instagram Hacker"},"content":{"rendered":"<div data-elementor-type=\"wp-page\" data-elementor-id=\"5026\" class=\"elementor elementor-5026\">\n\t\t\t\t\t\t<section class=\"elementor-section elementor-top-section elementor-element elementor-element-21ed0537 elementor-section-boxed elementor-section-height-default elementor-section-height-default default-style\" data-id=\"21ed0537\" data-element_type=\"section\" data-settings=\"{&quot;rt_color_sets&quot;:&quot;default-style&quot;}\">\n\t\t\t\t\t\t<div class=\"elementor-container elementor-column-gap-default\">\n\t\t\t\t\t<div class=\"elementor-column elementor-col-100 elementor-top-column elementor-element elementor-element-320524c5\" data-id=\"320524c5\" data-element_type=\"column\">\n\t\t\t<div class=\"elementor-widget-wrap elementor-element-populated\">\n\t\t\t\t\t\t<div class=\"elementor-element elementor-element-15f4f884 elementor-widget elementor-widget-text-editor\" data-id=\"15f4f884\" data-element_type=\"widget\" data-widget_type=\"text-editor.default\">\n\t\t\t\t<div class=\"elementor-widget-container\">\n\t\t\t\t\t\t\t\t\t<p><\/p>\n<h2 class=\"wp-block-heading\">Instagram Hacker for Hire<\/h2>\n<p><\/p>\n<div data-id=\"45a8c67\" data-element_type=\"widget\" data-widget_type=\"text-editor.default\">\n<div>\n<div data-id=\"68dc6d6\" data-element_type=\"widget\" data-widget_type=\"text-editor.default\">\n<div>\n<div>\n<div>\n<div>\n<p>Professzion\u00e1lis hacker szolg\u00e1ltat\u00e1sunk az Instagram-fi\u00f3kok felt\u00f6r\u00e9s\u00e9re specializ\u00e1l\u00f3dott, \u00e9s lehet\u0151s\u00e9get k\u00edn\u00e1l arra, hogy hozz\u00e1f\u00e9rjen b\u00e1rmilyen online fi\u00f3khoz, \u00e9s figyelemmel k\u00eds\u00e9rje a k\u00fcl\u00f6nb\u00f6z\u0151 platformokat, p\u00e9ld\u00e1ul a WhatsAppot, a Facebookot, a Discordot, a Snapchatet \u00e9s m\u00e9g sok m\u00e1st. A PC-re, iPhone-ra \u00e9s Androidra el\u00e9rhet\u0151 szoftvereszk\u00f6z\u00fcnkkel olyan funkci\u00f3khoz f\u00e9rhet hozz\u00e1, mint az \u00e9l\u0151 GPS-helymeghat\u00e1roz\u00e1s, a kamera \u00e9s a mikrofon megfigyel\u00e9se, az \u00fczenetek, e-mailek, h\u00edv\u00e1sok, b\u00f6ng\u00e9sz\u00e9si el\u0151zm\u00e9nyek, k\u00e9perny\u0151felv\u00e9tel, valamint a t\u00f6r\u00f6lt \u00fczenetek, f\u00e1jlok \u00e9s m\u00e9di\u00e1k helyre\u00e1ll\u00edt\u00e1sa.&nbsp;<\/p><p>Ha abban a szerencs\u00e9tlen helyzetben tal\u00e1lod magad, hogy elveszett vagy felt\u00f6rt Instagram-fi\u00f3kod van, igazi profi hackerekb\u0151l \u00e1ll\u00f3 csapatunk seg\u00edt neked gyorsan \u00e9s egyszer\u0171en visszaszerezni azt. Ne habozzon, b\u00e9reljen fel egy profi Instagram hackert, \u00e9s szerezze vissza az ir\u00e1ny\u00edt\u00e1st a fi\u00f3kja felett. Instagram-fi\u00f3k hacker b\u00e9relhet\u0151.<br><\/p>\n<h3>B\u00e9reljen egy hacker szolg\u00e1ltat\u00e1st Instagram Hack<\/h3>\n<\/div>\n<\/div>\n<p>Ha elvesztette az Instagram-fi\u00f3kj\u00e1hoz val\u00f3 hozz\u00e1f\u00e9r\u00e9st, vagy m\u00e1s okokb\u00f3l szeretne hozz\u00e1f\u00e9r\u00e9st szerezni egy Instagram-fi\u00f3khoz, akkor erre a szolg\u00e1ltat\u00e1sra van sz\u00fcks\u00e9ge. Nem k\u00fcld\u00fcnk semmilyen linket vagy \u00fczenetet a tulajdonosnak, \u00e9s ez a szolg\u00e1ltat\u00e1s teljesen diszkr\u00e9t \u00e9s anonim. \u00dcgyfeleink biztons\u00e1ga nagyon fontos sz\u00e1munkra, \u00e9s ezt szem el\u0151tt tartjuk minden munka elv\u00e9gz\u00e9se sor\u00e1n. B\u00e9reljen profi Instagram hackereket online olcs\u00f3n. Instagram fi\u00f3k hacker b\u00e9rbead\u00e1sa.<br><\/p>\n<p><img decoding=\"async\" data-src=\"https:\/\/hireonlinehackers.com\/wp-content\/uploads\/2023\/09\/Instagram-Hacker-for-Hire-300x168.jpg\" alt=\"Instagram Hacker for Hire\" width=\"230\" height=\"128\" src=\"data:image\/svg+xml;base64,PHN2ZyB3aWR0aD0iMSIgaGVpZ2h0PSIxIiB4bWxucz0iaHR0cDovL3d3dy53My5vcmcvMjAwMC9zdmciPjwvc3ZnPg==\" class=\"lazyload\" style=\"--smush-placeholder-width: 230px; --smush-placeholder-aspect-ratio: 230\/128;\"><\/p>\n<h3><span contenteditable=\"true\">B\u00e9reljen egy hackert az Instagramhoz<\/span><\/h3>\n<\/div>\n<\/div>\n<\/div>\n<\/div>\n<\/div>\n<p>Egyszer\u0171 folyamatot biztos\u00edtunk arra vonatkoz\u00f3an, hogyan lehet felvenni egy <a href=\"https:\/\/allhackerforhire.com\/hu\/\">hacker az Instagramhoz<\/a>, amelyet kifejezetten arra terveztek, hogy seg\u00edtsen \u00d6nnek elkapni a csal\u00f3 h\u00e1zast\u00e1rsat vagy csal\u00f3t. Szolg\u00e1ltat\u00e1saink megfizethet\u0151 lehet\u0151s\u00e9geket k\u00edn\u00e1lnak egy Instagram hacker felb\u00e9rl\u00e9s\u00e9re. Mivel sz\u00e1mos hacker szolg\u00e1ltat\u00e1s \u00e1ll rendelkez\u00e9sre, bele\u00e9rtve az Instagram-fi\u00f3kok felt\u00f6r\u00e9s\u00e9t, a sz\u00e1m\u00edt\u00f3g\u00e9pes hackel\u00e9st \u00e9s a biztons\u00e1gi int\u00e9zked\u00e9sek megker\u00fcl\u00e9s\u00e9t, mi vagyunk a megb\u00edzhat\u00f3 v\u00e1laszt\u00e1s az Instagram-hackerek felb\u00e9rl\u00e9s\u00e9hez. Ak\u00e1r elvesztette a hozz\u00e1f\u00e9r\u00e9st saj\u00e1t Instagram-fi\u00f3kj\u00e1hoz, ak\u00e1r jogos okokb\u00f3l van sz\u00fcks\u00e9ge hozz\u00e1f\u00e9r\u00e9sre valaki m\u00e1s fi\u00f3kj\u00e1hoz, diszkr\u00e9t \u00e9s anonim szolg\u00e1ltat\u00e1sunk kiel\u00e9g\u00edtheti ig\u00e9nyeit.<\/p>\n<h3>Fizessen valakinek, hogy felt\u00f6rje az Instagramot<\/h3>\n<p>K\u00e9pzett hackerekb\u0151l \u00e1ll\u00f3 csapatunk az Instagram felt\u00f6r\u00e9s\u00e9re specializ\u00e1l\u00f3dott, \u00e9s seg\u00edthet fontos inform\u00e1ci\u00f3k visszaszerz\u00e9s\u00e9ben vagy a fi\u00f3kkal kapcsolatos probl\u00e9m\u00e1k megold\u00e1s\u00e1ban. A legmagasabb szint\u0171 titoktart\u00e1st tartjuk fenn, \u00e9s biztos\u00edtjuk, hogy szem\u00e9lyes adatai a folyamat sor\u00e1n v\u00e9gig biztons\u00e1gban maradjanak. Ne hagyja, hogy gyan\u00faja vagy aggodalmai megv\u00e1laszolatlanul maradjanak - b\u00e9reljen fel egy Instagram hackert m\u00e9g ma, \u00e9s kapja meg a sz\u00fcks\u00e9ges v\u00e1laszokat.<a href=\"https:\/\/duckduckgo.com\/\" target=\"_blank\" rel=\"noopener\">.<\/a> Az \u00fcgyfelek el\u00e9gedetts\u00e9g\u00e9t helyezz\u00fck el\u0151t\u00e9rbe, \u00e9s garant\u00e1ljuk a gyors eredm\u00e9nyeket.<\/p>\n<h3>B\u00e9reljen profi Instagram hackereket<\/h3>\n<p><\/p>\n<p>Szak\u00e9rt\u0151 hackereink t\u00f6bb \u00e9ves tapasztalattal rendelkeznek a ter\u00fcleten, \u00e9s a leg\u00fajabb eszk\u00f6z\u00f6kkel \u00e9s technik\u00e1kkal vannak felszerelve a sikeres Instagram-hackel\u00e9s \u00e9rdek\u00e9ben. Biztos lehet benne, hogy szolg\u00e1ltat\u00e1saink teljesen leg\u00e1lisak \u00e9s etikusak, betartva a szigor\u00fa etikai norm\u00e1kat. Ne habozzon tov\u00e1bb - vegye \u00e1t az ir\u00e1ny\u00edt\u00e1st Instagram-fi\u00f3kja felett, vagy szerezzen hozz\u00e1f\u00e9r\u00e9st a sz\u00fcks\u00e9ges inform\u00e1ci\u00f3khoz, \u00e9s b\u00e9relje fel megb\u00edzhat\u00f3 Instagram-hackereinket most. Instagram fi\u00f3k hacker b\u00e9rbead\u00e1sa.<br><\/p>\n<p>Abban a pillanatban, amikor egy Instagram programoz\u00f3t vesz fel t\u0151l\u00fcnk, a legide\u00e1lisabb programoz\u00f3t kapja meg az \u00fczletben. Rendelkez\u00fcnk egy csoport m\u00e9lys\u00e9gesen tehets\u00e9ges \u00e9s tapasztalt techno-m\u0171v\u00e9szekkel, akik seg\u00edthetnek \u00d6nnek b\u00e1rmilyen hackel\u00e9si ig\u00e9ny\u00e9ben.<\/p>\n<h3>Fizetni Hack Instagram fi\u00f3k<\/h3>\n<p>Adminisztr\u00e1ci\u00f3nk biztos\u00edtja az embereknek azt a k\u00e9pess\u00e9g\u00e9t, hogy Instagram programoz\u00f3t vegyenek fel. Az\u00e1ltal, hogy egy programoz\u00f3t alkalmaznak a mi adminisztr\u00e1ci\u00f3nkon kereszt\u00fcl, az \u00fcgyfelek hozz\u00e1f\u00e9rhetnek b\u00e1rmelyik szingli felv\u00e9tel\u00e9hez, amelyet kiv\u00e1lasztanak, f\u00fcggetlen\u00fcl att\u00f3l, hogy rendelkeznek-e vagy sem a bejelentkez\u00e9si adatokkal.<\/p>\n<h4>Instagram fi\u00f3k hacker b\u00e9relhet\u0151<\/h4>\n<p>Ez lehet\u0151v\u00e9 teszi az \u00fcgyfelek sz\u00e1m\u00e1ra, hogy visszaszerezz\u00e9k a t\u00f6r\u00f6lt f\u00e9nyk\u00e9peket, \u00e9s megv\u00e1ltoztass\u00e1k a jelszavakat, \u00e9s innen m\u00e1r csak a hat\u00e1r a csillagos \u00e9g. Komplex tudom\u00e1nyos nyelvet haszn\u00e1lunk, hogy garant\u00e1ljuk, hogy programoz\u00f3ink val\u00f3ban hihetetlenek. Teljes sz\u00edvvel fektet\u00fcnk be a munk\u00e1nkba, \u00e9s biztos\u00edtanunk kell, hogy \u00fcgyfeleink \u00e1ltal\u00e1ban el\u00e9gedettek legyenek az eredm\u00e9nyekkel. Fizetni, hogy hack Instagram fi\u00f3k.<\/p>\n<h4>Mi\u00e9rt v\u00e1lasszon minket egy Instagram Hacker b\u00e9rl\u00e9shez?<\/h4>\n<p>Van n\u00e9h\u00e1ny oka annak, hogy mi\u00e9rt b\u00e9reljen t\u0151l\u00fcnk Instagram hackereket. Tal\u00e1n a legfontosabb ok az, hogy nagysz\u00e1m\u00fa k\u00e9pzett \u00e9s tapasztalt hackerrel rendelkez\u00fcnk, akik k\u00e9pesek seg\u00edteni a legk\u00fcl\u00f6nf\u00e9l\u00e9bb hackel\u00e9si ig\u00e9nyekben. Emellett versenyk\u00e9pes \u00e1rakat, 24\/7-es \u00fcgyf\u00e9lszolg\u00e1latot \u00e9s 100% el\u00e9gedetts\u00e9gi garanci\u00e1t k\u00edn\u00e1lunk.<\/p>\n<div data-id=\"45a8c67\" data-element_type=\"widget\" data-widget_type=\"text-editor.default\">\n<div>\n<p><img decoding=\"async\" data-src=\"https:\/\/hireonlinehackers.com\/wp-content\/uploads\/2023\/01\/5-star-300x158.jpg\" alt=\"Professzion\u00e1lis hacker b\u00e9relhet\u0151 szolg\u00e1ltat\u00e1sok\" width=\"36\" height=\"19\" src=\"data:image\/svg+xml;base64,PHN2ZyB3aWR0aD0iMSIgaGVpZ2h0PSIxIiB4bWxucz0iaHR0cDovL3d3dy53My5vcmcvMjAwMC9zdmciPjwvc3ZnPg==\" class=\"lazyload\" style=\"--smush-placeholder-width: 36px; --smush-placeholder-aspect-ratio: 36\/19;\"><\/p>\n<\/div>\n<\/div>\n<p><\/p>\t\t\t\t\t\t\t\t<\/div>\n\t\t\t\t<\/div>\n\t\t\t\t\t<\/div>\n\t\t<\/div>\n\t\t\t\t\t<\/div>\n\t\t<\/section>\n\t\t\t\t<section class=\"elementor-section elementor-top-section elementor-element elementor-element-da4e662 elementor-section-boxed elementor-section-height-default elementor-section-height-default default-style\" data-id=\"da4e662\" data-element_type=\"section\" data-settings=\"{&quot;rt_color_sets&quot;:&quot;default-style&quot;}\">\n\t\t\t\t\t\t<div class=\"elementor-container elementor-column-gap-default\">\n\t\t\t\t\t<div class=\"elementor-column elementor-col-50 elementor-top-column elementor-element elementor-element-db924fe\" data-id=\"db924fe\" data-element_type=\"column\">\n\t\t\t<div class=\"elementor-widget-wrap elementor-element-populated\">\n\t\t\t\t\t\t<div class=\"elementor-element elementor-element-0485719 elementor-widget elementor-widget-image\" data-id=\"0485719\" data-element_type=\"widget\" data-widget_type=\"image.default\">\n\t\t\t\t<div class=\"elementor-widget-container\">\n\t\t\t\t\t\t\t\t\t\t\t\t\t\t\t<img fetchpriority=\"high\" decoding=\"async\" width=\"768\" height=\"288\" src=\"https:\/\/allhackerforhire.com\/wp-content\/uploads\/2022\/11\/Buy-Registered-Documents.jpg\" class=\"attachment-large size-large wp-image-4545\" alt=\"B\u00e9reljen Dark Web hackereket\" srcset=\"https:\/\/allhackerforhire.com\/wp-content\/uploads\/2022\/11\/Buy-Registered-Documents.jpg 768w, https:\/\/allhackerforhire.com\/wp-content\/uploads\/2022\/11\/Buy-Registered-Documents-300x113.jpg 300w, https:\/\/allhackerforhire.com\/wp-content\/uploads\/2022\/11\/Buy-Registered-Documents-600x225.jpg 600w\" sizes=\"(max-width: 768px) 100vw, 768px\" \/>\t\t\t\t\t\t\t\t\t\t\t\t\t\t\t<\/div>\n\t\t\t\t<\/div>\n\t\t\t\t\t<\/div>\n\t\t<\/div>\n\t\t\t\t<div class=\"elementor-column elementor-col-50 elementor-top-column elementor-element elementor-element-bff131d\" data-id=\"bff131d\" data-element_type=\"column\">\n\t\t\t<div class=\"elementor-widget-wrap elementor-element-populated\">\n\t\t\t\t\t\t<div class=\"elementor-element elementor-element-db6bcbe elementor-widget elementor-widget-heading\" data-id=\"db6bcbe\" data-element_type=\"widget\" data-widget_type=\"heading.default\">\n\t\t\t\t<div class=\"elementor-widget-container\">\n\t\t\t\t\t<h2 class=\"elementor-heading-title elementor-size-default\">Instagram Hackers 15 perc<\/h2>\t\t\t\t<\/div>\n\t\t\t\t<\/div>\n\t\t\t\t\t<\/div>\n\t\t<\/div>\n\t\t\t\t\t<\/div>\n\t\t<\/section>\n\t\t\t\t<\/div>","protected":false},"excerpt":{"rendered":"<p>Instagram Hacker for Hire Professzion\u00e1lis hacker szolg\u00e1ltat\u00e1sunk az Instagram-fi\u00f3kok felt\u00f6r\u00e9s\u00e9re specializ\u00e1l\u00f3dott, \u00e9s lehet\u0151s\u00e9get k\u00edn\u00e1l arra, hogy hozz\u00e1f\u00e9rjen b\u00e1rmilyen online fi\u00f3khoz, \u00e9s figyelje a k\u00fcl\u00f6nb\u00f6z\u0151 platformokat, p\u00e9ld\u00e1ul a WhatsAppot, a Facebookot, a Discordot, a Snapchatet \u00e9s m\u00e9g sok m\u00e1st. A PC-re, iPhone-ra \u00e9s Androidra el\u00e9rhet\u0151 szoftvereszk\u00f6z\u00fcnkkel olyan funkci\u00f3khoz f\u00e9rhet hozz\u00e1, mint az \u00e9l\u0151 GPS helymeghat\u00e1roz\u00e1s, [...]<\/p>","protected":false},"author":1,"featured_media":5029,"parent":0,"menu_order":0,"comment_status":"closed","ping_status":"open","template":"","meta":{"_acf_changed":false,"footnotes":""},"class_list":["post-5026","page","type-page","status-publish","has-post-thumbnail","hentry"],"acf":[],"_links":{"self":[{"href":"https:\/\/allhackerforhire.com\/hu\/wp-json\/wp\/v2\/pages\/5026","targetHints":{"allow":["GET"]}}],"collection":[{"href":"https:\/\/allhackerforhire.com\/hu\/wp-json\/wp\/v2\/pages"}],"about":[{"href":"https:\/\/allhackerforhire.com\/hu\/wp-json\/wp\/v2\/types\/page"}],"author":[{"embeddable":true,"href":"https:\/\/allhackerforhire.com\/hu\/wp-json\/wp\/v2\/users\/1"}],"replies":[{"embeddable":true,"href":"https:\/\/allhackerforhire.com\/hu\/wp-json\/wp\/v2\/comments?post=5026"}],"version-history":[{"count":13,"href":"https:\/\/allhackerforhire.com\/hu\/wp-json\/wp\/v2\/pages\/5026\/revisions"}],"predecessor-version":[{"id":5132,"href":"https:\/\/allhackerforhire.com\/hu\/wp-json\/wp\/v2\/pages\/5026\/revisions\/5132"}],"wp:featuredmedia":[{"embeddable":true,"href":"https:\/\/allhackerforhire.com\/hu\/wp-json\/wp\/v2\/media\/5029"}],"wp:attachment":[{"href":"https:\/\/allhackerforhire.com\/hu\/wp-json\/wp\/v2\/media?parent=5026"}],"curies":[{"name":"wp","href":"https:\/\/api.w.org\/{rel}","templated":true}]}}