{"id":5037,"date":"2023-09-14T10:28:12","date_gmt":"2023-09-14T10:28:12","guid":{"rendered":"https:\/\/hireonlinehackers.com\/?page_id=5037"},"modified":"2024-07-02T22:44:09","modified_gmt":"2024-07-02T22:44:09","slug":"snapchat-hacker-berelheto","status":"publish","type":"page","link":"https:\/\/allhackerforhire.com\/hu\/snapchat-hacker-berelheto\/","title":{"rendered":"Snapchat Hacker"},"content":{"rendered":"<div data-elementor-type=\"wp-page\" data-elementor-id=\"5037\" class=\"elementor elementor-5037\">\n\t\t\t\t\t\t<section class=\"elementor-section elementor-top-section elementor-element elementor-element-21ed0537 elementor-section-boxed elementor-section-height-default elementor-section-height-default default-style\" data-id=\"21ed0537\" data-element_type=\"section\" data-settings=\"{&quot;rt_color_sets&quot;:&quot;default-style&quot;}\">\n\t\t\t\t\t\t<div class=\"elementor-container elementor-column-gap-default\">\n\t\t\t\t\t<div class=\"elementor-column elementor-col-100 elementor-top-column elementor-element elementor-element-320524c5\" data-id=\"320524c5\" data-element_type=\"column\">\n\t\t\t<div class=\"elementor-widget-wrap elementor-element-populated\">\n\t\t\t\t\t\t<div class=\"elementor-element elementor-element-15f4f884 elementor-widget elementor-widget-text-editor\" data-id=\"15f4f884\" data-element_type=\"widget\" data-widget_type=\"text-editor.default\">\n\t\t\t\t<div class=\"elementor-widget-container\">\n\t\t\t\t\t\t\t\t\t<p><\/p>\n<h2 class=\"wp-block-heading\"><span contenteditable=\"true\">Snapchat Hacker for Hire<\/span><\/h2>\n<div>\n<p>Professzion\u00e1lis Snapchat hacker szolg\u00e1ltat\u00e1st k\u00edn\u00e1lunk, amely lehet\u0151v\u00e9 teszi, hogy felb\u00e9reljen egy hackert a Snapchathez. Tapasztalt csapatunk seg\u00edthet az elveszett vagy felt\u00f6rt Snapchat-fi\u00f3k visszaszerz\u00e9s\u00e9ben. Fizessen valakinek, hogy felt\u00f6rje a Snapchatet, \u00e9s szerezze vissza a hozz\u00e1f\u00e9r\u00e9st a fi\u00f3kj\u00e1hoz megb\u00edzhat\u00f3 \u00e9s biztons\u00e1gos szolg\u00e1ltat\u00e1sunkkal. Mi profik vagyunk <a href=\"https:\/\/allhackerforhire.com\/hu\/\">Snapchat hackerek<\/a> b\u00e9relhet\u0151, szak\u00e9rt\u0151i seg\u00edts\u00e9get ny\u00fajtva minden Snapchat hacker ig\u00e9nyedhez. Snapchat fi\u00f3k hacker b\u00e9rbead\u00e1sra.<br><\/p>\n<h3><span contenteditable=\"true\">Profi Snapchat Hackers for Hire<\/span><\/h3>\n<p>Meg\u00e9rtj\u00fck a Snapchat-fi\u00f3k biztons\u00e1g\u00e1nak s\u00fcrg\u0151ss\u00e9g\u00e9t \u00e9s \u00e9rz\u00e9kenys\u00e9g\u00e9t. Speci\u00e1lis k\u00e9pess\u00e9geinkkel \u00e9s tud\u00e1sunkkal gyors \u00e9s hat\u00e9kony megold\u00e1st biztos\u00edtunk minden Snapchathez kapcsol\u00f3d\u00f3 probl\u00e9m\u00e1ra, amellyel \u00d6n esetleg szembes\u00fcl. B\u00edzzon profi hackerekb\u0151l \u00e1ll\u00f3 csapatunkban, hogy hat\u00e9konyan \u00e9s diszkr\u00e9ten visszaszerezze felt\u00f6rt vagy elveszett Snapchat-fi\u00f3kj\u00e1t. Biztons\u00e1gos \u00e9s megb\u00edzhat\u00f3 szolg\u00e1ltat\u00e1sunk garant\u00e1lja a mag\u00e1n\u00e9leted \u00e9s a titoktart\u00e1sodat a folyamat sor\u00e1n. Vedd vissza az ir\u00e1ny\u00edt\u00e1st Snapchat fi\u00f3kod felett m\u00e9g ma, ha felb\u00e9reled tapasztalt Snapchat hacker szak\u00e9rt\u0151inket.<\/p>\n<\/div>\n<p><\/p>\n<div data-id=\"45a8c67\" data-element_type=\"widget\" data-widget_type=\"text-editor.default\">\n<div>\n<div data-id=\"68dc6d6\" data-element_type=\"widget\" data-widget_type=\"text-editor.default\">\n<div>\n<div>\n<div>\n<div>\n<div data-id=\"68dc6d6\" data-element_type=\"widget\" data-widget_type=\"text-editor.default\">\n<div>\n<p>A Snapchat hacker szolg\u00e1ltat\u00e1s akkor a leghasznosabb, ha megpr\u00f3b\u00e1ljuk kider\u00edteni a csal\u00f3 h\u00e1zast\u00e1rsat\/partnert, hogy megbizonyosodjunk arr\u00f3l, hogy nem csaltak meg. A Snapchat hacker b\u00e9rleti szolg\u00e1ltat\u00e1s teljesen diszkr\u00e9t, \u00e9s senki sem fog r\u00e1j\u00f6nni, hogy hozz\u00e1f\u00e9r\u00e9se van a Snapchat fi\u00f3khoz. Ezt a szolg\u00e1ltat\u00e1st \u00f6n\u00e1ll\u00f3 Snapchat hacker szolg\u00e1ltat\u00e1sk\u00e9nt \u00e9s a telefon hacker szolg\u00e1ltat\u00e1son bel\u00fcli csomagk\u00e9nt is ny\u00fajtjuk.<a href=\"https:\/\/duckduckgo.com\/\" target=\"_blank\" rel=\"noopener\">.<\/a><\/p>\n<h2>Snapchat hacker szolg\u00e1ltat\u00e1s<\/h2>\n<p>Egy hacker sokf\u00e9lek\u00e9ppen felt\u00f6rhet egy Snapchat-fi\u00f3kot, ez\u00e9rt fontos, hogy minden biztons\u00e1gi lehet\u0151s\u00e9get haszn\u00e1ljon, bele\u00e9rtve a k\u00e9tl\u00e9pcs\u0151s hiteles\u00edt\u00e9st is. Ha minden biztons\u00e1gi \u00f3vint\u00e9zked\u00e9s ut\u00e1n a Snapchat-fi\u00f3kj\u00e1t m\u00e9gis felt\u00f6ri egy hacker, mi minden lehets\u00e9ges m\u00f3don seg\u00edt\u00fcnk. Snapchat fi\u00f3k hacker b\u00e9relhet\u0151.<\/p>\n<h4>B\u00e9reljen profi k\u00f6z\u00f6ss\u00e9gi m\u00e9dia hackereket<\/h4>\n<p>Sz\u00e1mos oka lehet annak, hogy egy v\u00e1llalkoz\u00e1s hackert alkalmazzon a k\u00f6z\u00f6ss\u00e9gi m\u00e9di\u00e1hoz. Lehet, hogy a v\u00e1llalat n\u00f6velni szeretn\u00e9 k\u00f6vet\u0151inek sz\u00e1m\u00e1t a k\u00f6z\u00f6ss\u00e9gi m\u00e9dia platformokon, vagy seg\u00edts\u00e9gre van sz\u00fcks\u00e9ge ahhoz, hogy nagyobb elk\u00f6telezetts\u00e9get \u00e9rjen el a posztjaival kapcsolatban. Mindenesetre a hacker felb\u00e9rl\u00e9se a k\u00f6z\u00f6ss\u00e9gi m\u00e9di\u00e1hoz nagyszer\u0171 m\u00f3dja lehet az online jelenl\u00e9t fellend\u00edt\u00e9s\u00e9nek.<\/p>\n<p>Amikor hackert b\u00e9rel a k\u00f6z\u00f6ss\u00e9gi m\u00e9di\u00e1hoz, fontos, hogy biztos\u00edtsa, hogy olyan szem\u00e9lyt v\u00e1lasszon, aki tapasztalt \u00e9s j\u00e1rtas ezen a ter\u00fcleten.<\/p>\n<div id=\"attachment_5041\" style=\"width: 310px\" class=\"wp-caption alignnone\"><img fetchpriority=\"high\" decoding=\"async\" aria-describedby=\"caption-attachment-5041\" src=\"https:\/\/hireonlinehackers.com\/wp-content\/uploads\/2023\/09\/Professional-Snapchat-Hackers-for-Hire-300x169.jpg\" alt=\"Profi Snapchat Hackers for Hire\" width=\"300\" height=\"169\"><p id=\"caption-attachment-5041\" class=\"wp-caption-text\">Profi Snapchat Hackers for Hire<\/p><\/div>\n<h4>Szoci\u00e1lis m\u00e9dia fi\u00f3k hacker b\u00e9rbead\u00e1sra<\/h4>\n<p>Egyes v\u00e1llalatok hackereket b\u00e9relnek fel, hogy megt\u00e1madj\u00e1k versenyt\u00e1rsaik k\u00f6z\u00f6ss\u00e9gi m\u00e9dia fi\u00f3kjait, hogy el\u0151nyre tegyenek szert. Ezt \u00fagy tehetik meg, hogy olyan \u00f6sszetett tudom\u00e1nyos zsargont haszn\u00e1lnak, amelyet a versenyt\u00e1rsak nem felt\u00e9tlen\u00fcl \u00e9rtenek. megnehez\u00edtve ezzel a v\u00e1laszad\u00e1st. Emellett a hacker olyan \u00e1lh\u00edreket vagy \u00e9rt\u00e9kel\u00e9seket is k\u00f6zz\u00e9tehet, amelyek \u00e1rthatnak a versenyt\u00e1rs h\u00edrnev\u00e9nek.<\/p>\n<p>\u00c9rdekli egy hacker felb\u00e9rl\u00e9se b\u00e1rmilyen biztons\u00e1gos, professzion\u00e1lis hacker szolg\u00e1ltat\u00e1sra? Akkor a megfelel\u0151 helyen j\u00e1r. Mi a legjobb hacker szolg\u00e1ltat\u00e1sokat ny\u00fajtjuk \u00d6nnek megfizethet\u0151 \u00e1ron az \u00fcgyf\u00e9l ig\u00e9nyei szerint.<\/p>\n<h4>Mi\u00e9rt veszi szolg\u00e1ltat\u00e1sa Social Media Account Hacker t\u0151l\u00fcnk<\/h4>\n<p>C\u00e9g\u00fcnk egy profi \u00e9s tapasztalt szakemberekb\u0151l \u00e1ll\u00f3 csapattal rendelkezik, akik seg\u00edtenek \u00d6nnek b\u00e1rmilyen webes m\u00e9diafi\u00f3ka felt\u00f6r\u00e9s\u00e9ben. Bizony\u00edtottan nagy teljes\u00edtm\u00e9nyt \u00e9rt\u00fcnk el. \u00c9s b\u00fcszk\u00e9k vagyunk arra, hogy k\u00e9pesek vagyunk seg\u00edteni \u00d6nnek a k\u00edv\u00e1nt eredm\u00e9nyek el\u00e9r\u00e9s\u00e9ben. Meg\u00e9rtj\u00fck, hogy az \u00d6n adatv\u00e9delme els\u0151dleges fontoss\u00e1g\u00fa, \u00e9s soha nem fogja \u00e1tadni az adatait m\u00e1s szem\u00e9lynek. Snapchat Account Hacker for Hire.<br><\/p>\n<h4><span contenteditable=\"true\">B\u00e9reljen egy hackert a Snapchat sz\u00e1m\u00e1ra<\/span><\/h4>\n<div>\n<h5>Szak\u00e9rtelm\u00fcnk Professional Social Media Hacker sz\u00e1m\u00e1ra<\/h5>\n<p>Tehets\u00e9ges hackerek tan\u00fas\u00edtott csoportja vagyunk, akik elk\u00f6telezettek az \u00d6n lelki nyugalm\u00e1nak megk\u00f6nny\u00edt\u00e9se \u00e9s sz\u00e1m\u00edt\u00f3g\u00e9pe biztons\u00e1g\u00e1nak n\u00f6vel\u00e9se mellett. Ezen vonalak ment\u00e9n, az off es\u00e9ly, hogy megpr\u00f3b\u00e1lja haszn\u00e1lni az erk\u00f6lcsi kiber m\u0171v\u00e9szek, mi seg\u00edthet\u00fcnk az aggodalom. Ha keres, n\u00e9zze meg a Mit kell felvenni egy etikus hacker.<\/p>\n<p>K\u00fcl\u00f6nb\u00f6z\u00fcnk a k\u00fcl\u00f6nb\u00f6z\u0151 v\u00e1llalatokkal szemben az adminisztr\u00e1ci\u00f3val kapcsolatos megk\u00f6zel\u00edt\u00e9s\u00fcnkben.<\/p>\n<h3>Snapchat fi\u00f3k hacker b\u00e9relhet\u0151<\/h3>\n<p>C\u00e9g\u00fcnk profi \u00e9s tapasztalt szak\u00e9rt\u0151kb\u0151l \u00e1ll\u00f3 csapattal rendelkezik, akik seg\u00edtenek \u00d6nnek b\u00e1rmilyen k\u00f6z\u00f6ss\u00e9gi m\u00e9dia fi\u00f3k felt\u00f6r\u00e9s\u00e9ben. Bizony\u00edtott teljes\u00edtm\u00e9nyt tudunk felmutatni. \u00c9s nagyra \u00e9rt\u00e9kelj\u00fck magunkat, hogy k\u00e9pesek vagyunk seg\u00edteni \u00d6nnek abban, hogy el\u00e9rje a k\u00edv\u00e1nt eredm\u00e9nyeket. Meg\u00e9rtj\u00fck, hogy az \u00d6n mag\u00e1n\u00e9lete a legfontosabb, \u00e9s soha nem osztjuk meg szem\u00e9lyes adatait senki m\u00e1ssal. Snapchat Account Hacker for Hire.<br><\/p>\n<\/div>\n<div>&nbsp;<\/div>\n<\/div>\n<\/div>\n<\/div>\n<\/div>\n<\/div>\n<\/div>\n<\/div>\n<p><img decoding=\"async\" data-src=\"https:\/\/hireonlinehackers.com\/wp-content\/uploads\/2023\/01\/5-star-300x158.jpg\" alt=\"Professzion\u00e1lis hacker b\u00e9relhet\u0151 szolg\u00e1ltat\u00e1sok\" width=\"36\" height=\"19\" src=\"data:image\/svg+xml;base64,PHN2ZyB3aWR0aD0iMSIgaGVpZ2h0PSIxIiB4bWxucz0iaHR0cDovL3d3dy53My5vcmcvMjAwMC9zdmciPjwvc3ZnPg==\" class=\"lazyload\" style=\"--smush-placeholder-width: 36px; --smush-placeholder-aspect-ratio: 36\/19;\"><\/p>\n<\/div>\n<\/div>\n<p><\/p>\t\t\t\t\t\t\t\t<\/div>\n\t\t\t\t<\/div>\n\t\t\t\t\t<\/div>\n\t\t<\/div>\n\t\t\t\t\t<\/div>\n\t\t<\/section>\n\t\t\t\t<section class=\"elementor-section elementor-top-section elementor-element elementor-element-da4e662 elementor-section-boxed elementor-section-height-default elementor-section-height-default default-style\" data-id=\"da4e662\" data-element_type=\"section\" data-settings=\"{&quot;rt_color_sets&quot;:&quot;default-style&quot;}\">\n\t\t\t\t\t\t<div class=\"elementor-container elementor-column-gap-default\">\n\t\t\t\t\t<div class=\"elementor-column elementor-col-50 elementor-top-column elementor-element elementor-element-db924fe\" data-id=\"db924fe\" data-element_type=\"column\">\n\t\t\t<div class=\"elementor-widget-wrap elementor-element-populated\">\n\t\t\t\t\t\t<div class=\"elementor-element elementor-element-0485719 elementor-widget elementor-widget-image\" data-id=\"0485719\" data-element_type=\"widget\" data-widget_type=\"image.default\">\n\t\t\t\t<div class=\"elementor-widget-container\">\n\t\t\t\t\t\t\t\t\t\t\t\t\t\t\t<img decoding=\"async\" width=\"768\" height=\"288\" data-src=\"https:\/\/allhackerforhire.com\/wp-content\/uploads\/2022\/11\/Buy-Registered-Documents.jpg\" class=\"attachment-large size-large wp-image-4545 lazyload\" alt=\"B\u00e9reljen Dark Web hackereket\" data-srcset=\"https:\/\/allhackerforhire.com\/wp-content\/uploads\/2022\/11\/Buy-Registered-Documents.jpg 768w, https:\/\/allhackerforhire.com\/wp-content\/uploads\/2022\/11\/Buy-Registered-Documents-300x113.jpg 300w, https:\/\/allhackerforhire.com\/wp-content\/uploads\/2022\/11\/Buy-Registered-Documents-600x225.jpg 600w\" data-sizes=\"(max-width: 768px) 100vw, 768px\" src=\"data:image\/svg+xml;base64,PHN2ZyB3aWR0aD0iMSIgaGVpZ2h0PSIxIiB4bWxucz0iaHR0cDovL3d3dy53My5vcmcvMjAwMC9zdmciPjwvc3ZnPg==\" style=\"--smush-placeholder-width: 768px; --smush-placeholder-aspect-ratio: 768\/288;\" \/>\t\t\t\t\t\t\t\t\t\t\t\t\t\t\t<\/div>\n\t\t\t\t<\/div>\n\t\t\t\t\t<\/div>\n\t\t<\/div>\n\t\t\t\t<div class=\"elementor-column elementor-col-50 elementor-top-column elementor-element elementor-element-bff131d\" data-id=\"bff131d\" data-element_type=\"column\">\n\t\t\t<div class=\"elementor-widget-wrap elementor-element-populated\">\n\t\t\t\t\t\t<div class=\"elementor-element elementor-element-db6bcbe elementor-widget elementor-widget-heading\" data-id=\"db6bcbe\" data-element_type=\"widget\" data-widget_type=\"heading.default\">\n\t\t\t\t<div class=\"elementor-widget-container\">\n\t\t\t\t\t<h2 class=\"elementor-heading-title elementor-size-default\">Fizessen valakinek, hogy felt\u00f6rje a Snapchatet<\/h2>\t\t\t\t<\/div>\n\t\t\t\t<\/div>\n\t\t\t\t\t<\/div>\n\t\t<\/div>\n\t\t\t\t\t<\/div>\n\t\t<\/section>\n\t\t\t\t<\/div>","protected":false},"excerpt":{"rendered":"<p>Snapchat Hacker b\u00e9rbead\u00e1s K\u00edn\u00e1lunk egy professzion\u00e1lis Snapchat hacker szolg\u00e1ltat\u00e1st, amely lehet\u0151v\u00e9 teszi, hogy b\u00e9reljen egy hacker Snapchat. Tapasztalt csapatunk seg\u00edthet az elveszett vagy felt\u00f6rt Snapchat-fi\u00f3k visszaszerz\u00e9s\u00e9ben. Fizessen valakinek a Snapchat felt\u00f6r\u00e9s\u00e9\u00e9rt, \u00e9s szerezze vissza a hozz\u00e1f\u00e9r\u00e9st a fi\u00f3kj\u00e1hoz megb\u00edzhat\u00f3 \u00e9s biztons\u00e1gos szolg\u00e1ltat\u00e1sunkkal. Mi profi Snapchat [...]<\/p>","protected":false},"author":1,"featured_media":5038,"parent":0,"menu_order":0,"comment_status":"closed","ping_status":"open","template":"","meta":{"_acf_changed":false,"footnotes":""},"class_list":["post-5037","page","type-page","status-publish","has-post-thumbnail","hentry"],"acf":[],"_links":{"self":[{"href":"https:\/\/allhackerforhire.com\/hu\/wp-json\/wp\/v2\/pages\/5037","targetHints":{"allow":["GET"]}}],"collection":[{"href":"https:\/\/allhackerforhire.com\/hu\/wp-json\/wp\/v2\/pages"}],"about":[{"href":"https:\/\/allhackerforhire.com\/hu\/wp-json\/wp\/v2\/types\/page"}],"author":[{"embeddable":true,"href":"https:\/\/allhackerforhire.com\/hu\/wp-json\/wp\/v2\/users\/1"}],"replies":[{"embeddable":true,"href":"https:\/\/allhackerforhire.com\/hu\/wp-json\/wp\/v2\/comments?post=5037"}],"version-history":[{"count":13,"href":"https:\/\/allhackerforhire.com\/hu\/wp-json\/wp\/v2\/pages\/5037\/revisions"}],"predecessor-version":[{"id":5168,"href":"https:\/\/allhackerforhire.com\/hu\/wp-json\/wp\/v2\/pages\/5037\/revisions\/5168"}],"wp:featuredmedia":[{"embeddable":true,"href":"https:\/\/allhackerforhire.com\/hu\/wp-json\/wp\/v2\/media\/5038"}],"wp:attachment":[{"href":"https:\/\/allhackerforhire.com\/hu\/wp-json\/wp\/v2\/media?parent=5037"}],"curies":[{"name":"wp","href":"https:\/\/api.w.org\/{rel}","templated":true}]}}