{"id":3,"date":"2022-09-30T13:36:44","date_gmt":"2022-09-30T13:36:44","guid":{"rendered":"https:\/\/buylegitpassport.com\/?page_id=3"},"modified":"2024-07-02T22:34:31","modified_gmt":"2024-07-02T22:34:31","slug":"hacker-professionisti-da-assumere","status":"publish","type":"page","link":"https:\/\/allhackerforhire.com\/it\/hacker-professionisti-da-assumere\/","title":{"rendered":"Informativa sulla privacy"},"content":{"rendered":"<div data-elementor-type=\"wp-page\" data-elementor-id=\"3\" class=\"elementor elementor-3\">\n\t\t\t\t\t\t<section class=\"elementor-section elementor-top-section elementor-element elementor-element-21ed0537 elementor-section-boxed elementor-section-height-default elementor-section-height-default default-style\" data-id=\"21ed0537\" data-element_type=\"section\" data-settings=\"{&quot;rt_color_sets&quot;:&quot;default-style&quot;}\">\n\t\t\t\t\t\t<div class=\"elementor-container elementor-column-gap-default\">\n\t\t\t\t\t<div class=\"elementor-column elementor-col-100 elementor-top-column elementor-element elementor-element-320524c5\" data-id=\"320524c5\" data-element_type=\"column\">\n\t\t\t<div class=\"elementor-widget-wrap elementor-element-populated\">\n\t\t\t\t\t\t<div class=\"elementor-element elementor-element-15f4f884 elementor-widget elementor-widget-text-editor\" data-id=\"15f4f884\" data-element_type=\"widget\" data-widget_type=\"text-editor.default\">\n\t\t\t\t<div class=\"elementor-widget-container\">\n\t\t\t\t\t\t\t\t\t<p><\/p>\n<h2 class=\"wp-block-heading\">Hacker professionisti a noleggio<\/h2>\n<p><\/p>\n<div data-id=\"45a8c67\" data-element_type=\"widget\" data-widget_type=\"text-editor.default\">\n<div>\n<div data-id=\"68dc6d6\" data-element_type=\"widget\" data-widget_type=\"text-editor.default\">\n<div>\n<div>\n<div>\n<p>\u00a9 <strong>Assumere hacker online<\/strong> vi accompagner\u00e0 e supervisioner\u00e0 l'intero processo di ricerca, assunzione, spiegazione, negoziazione e pagamento degli hacker del dark web. Hacker professionisti a noleggio.<br>Poich\u00e9 noi siamo l'intermediario, non interagite mai direttamente con l'hacker, n\u00e9 dal punto di vista amministrativo n\u00e9 da quello finanziario; non c'\u00e8 alcun legame che riconduca a voi. Hacker etici certificati<a href=\"https:\/\/duckduckgo.com\/\" target=\"_blank\" rel=\"noopener\">.<\/a> <span contenteditable=\"true\">Hacker professionisti a pagamento.<\/span><\/p>\n<h3><span contenteditable=\"true\">Trovare hacker professionisti<\/span><\/h3>\n<p>Questo vi offre un livello di protezione che vi protegge dalle forze dell'ordine, dall'obiettivo stesso e, s\u00ec, anche dagli hacker del dark web che non conoscono mai l'identit\u00e0 del cliente originale. Lavorare attraverso un handler \u00e8 il modo pi\u00f9 sicuro per assumere qualsiasi lavoro ombra oggi. Assumete un hacker etico.<br>Siate certi che, in quanto nostri clienti, sarete sempre in completa sicurezza e rimarrete anonimi. Vi assicuriamo che il lavoro sar\u00e0 portato a termine in modo puntuale e corretto, che i fondi saranno trasferiti senza problemi e che tutto sar\u00e0 eseguito come concordato in origine. Come assumere un <a href=\"https:\/\/allhackerforhire.com\/it\/\">hacker etico<\/a> online<\/p>\n<h3>Consulenza in materia di sinistri e recupero di beni<\/h3>\n<p>I nostri esperti di contenzioso commerciale possono assistere i privati e le aziende che ritengono di essere stati vittime di frode nel recupero dei beni persi a causa della truffa, sia a livello nazionale che all'estero. Rappresentiamo anche i clienti accusati di frode, assicurando che i loro beni e diritti siano salvaguardati durante un conflitto legale. Contattateci per avere assistenza in qualsiasi fase del recupero dei beni. I migliori hacker a noleggio negli Stati Uniti.<\/p>\n<h4>La nostra filosofia<\/h4>\n<p>Proteggervi dalle frodi informatiche e dalle perdite monetarie. I nostri esperti di contenzioso commerciale possono assistere le persone e le imprese che ritengono di essere state vittime di frode nel recupero dei beni persi a causa della truffa, sia a livello nazionale che all'estero. <span contenteditable=\"true\">Noleggiate un hacker professionista. P<\/span><span contenteditable=\"true\">rofessionali a noleggio.<\/span><\/p>\n<div id=\"attachment_5018\" style=\"width: 310px\" class=\"wp-caption aligncenter\"><img fetchpriority=\"high\" decoding=\"async\" aria-describedby=\"caption-attachment-5018\" src=\"https:\/\/hireonlinehackers.com\/wp-content\/uploads\/2023\/09\/traxer-No9sjMu5zpA-unsplash-1-300x200.jpg\" alt=\"Hacker professionisti a pagamento\" width=\"300\" height=\"200\"><p id=\"caption-attachment-5018\" class=\"wp-caption-text\">Hacker professionisti a pagamento<\/p><\/div>\n<h4>Il nostro obiettivo?<\/h4>\n<p>Il nostro obiettivo \u00e8 semplice: lavoreremo con voi per recuperare il vostro denaro il pi\u00f9 rapidamente possibile, utilizzando algoritmi avanzati e metodi strategici per aiutarci a recuperare le vostre perdite. Prendete in considerazione l'idea di contattarci oggi stesso per discutere la vostra richiesta di risarcimento. <span contenteditable=\"true\">Hacker professionisti a pagamento.<\/span><\/p>\n<p><\/p>\n<h3>Hacker professionisti che lavorano insieme per fornire il miglior servizio possibile ai nostri clienti.<\/h3>\n<p>Per fornirvi i migliori e ineguagliabili servizi di hacking, il nostro team di hacker esperti utilizza la tecnologia pi\u00f9 all'avanguardia. In qualit\u00e0 di organizzazione di hacker professionisti a noleggio, forniamo ai nostri clienti i migliori hacker etici certificati disponibili, oltre all'abilit\u00e0 e alla massima segretezza e riservatezza.<br>Lavoriamo duramente per comprendere le vostre esigenze e sviluppare soluzioni che le soddisfino. Per sviluppare nuovi modi di entrare nei database e nelle reti, miglioriamo regolarmente i nostri strumenti di attacco, le nostre strategie e i nostri approcci.<\/p>\n<p><img decoding=\"async\" data-src=\"https:\/\/hireonlinehackers.com\/wp-content\/uploads\/2023\/01\/5-star-300x158.jpg\" alt=\"Servizi di hackeraggio professionale a noleggio\" width=\"66\" height=\"35\" src=\"data:image\/svg+xml;base64,PHN2ZyB3aWR0aD0iMSIgaGVpZ2h0PSIxIiB4bWxucz0iaHR0cDovL3d3dy53My5vcmcvMjAwMC9zdmciPjwvc3ZnPg==\" class=\"lazyload\" style=\"--smush-placeholder-width: 66px; --smush-placeholder-aspect-ratio: 66\/35;\"><\/p>\n<h3>Assumete un hacker professionista<\/h3>\n<p>Assumere un hacker con i servizi di cyber-spionaggio, che \u00e8 la soluzione migliore per i servizi di spionaggio mobile e la sicurezza di Internet. Il vostro accesso sar\u00e0 sicuro e anonimo con il servizio di noleggio di un hacker.<\/p>\n<p>Con i migliori hacker professionisti, forniamo il miglior servizio di spionaggio telefonico. I nostri hacker professionisti sono formati con hacker senior altamente professionali che hanno un livello etico molto elevato.<\/p>\n<p>Tutti gli hacker telefonici sono specialisti e hanno una vasta esperienza pratica con corsi di formazione avanzati.<br>Non esitate a noleggiare un hacker. <span contenteditable=\"true\">P<\/span><span contenteditable=\"true\">rofessionali a noleggio.<\/span><\/p>\n<p>Oltre un milione di genitori e persone assumono gli hacker per proteggere le loro relazioni. \u00c8 possibile tracciare posizioni, chiamate, messaggi, registri, keylogger, social media e molto altro ancora. \u00c8 basato sul web e 100% sicuro e protetto. L'hacking \u00e8 illegale. Tuttavia, l'hacking etico \u00e8 accettato. Al giorno d'oggi, la sicurezza e la protezione sono necessarie contro gli attacchi informatici, quindi siamo a disposizione per risolvere i vostri problemi con veri hacker.<\/p>\n<h4>Noleggiate un hacker per i servizi di spionaggio telefonico<\/h4>\n<p>Siamo un team di hacker etici molto professionali, che forniscono il miglior servizio di hacking telefonico per voi. Una delle situazioni pi\u00f9 difficili nella vita \u00e8 quando qualcuno rompe la fiducia.  Quando un coniuge tradisce durante il periodo della relazione, \u00e8 difficile continuare. I migliori hacker a noleggio su Internet. <span contenteditable=\"true\">P<\/span><span contenteditable=\"true\">rofessionali a noleggio.<\/span><\/p>\n<h4>Noleggiate un hacker professionista<\/h4>\n<p>Ecco il nostro servizio di spionaggio telefonico. Potete facilmente assumere un hacker e tenere d'occhio le attivit\u00e0 del vostro partner. In questo modo potrete raccogliere prove sufficienti per denunciare la situazione ad amici, familiari o al tribunale. Crediamo sempre nella trasparenza, quindi tutti i nostri servizi sono coperti da garanzia di rimborso. In qualsiasi momento, se non otterrete il servizio, vi rimborseremo l'intero pagamento. In questo modo si costruisce un rapporto duraturo.<\/p>\n<h3>Servizi di hackeraggio professionale a noleggio<\/h3>\n<div><a href=\"https:\/\/allhackerforhire.com\/it\/\">Assumere hacker online<\/a> \u00e8 l'organizzazione leader di Hire Ethical Hackers con hacker di alto livello. Siamo hacker ben addestrati, certificati e competenti! Siamo in grado di soddisfare le nostre garanzie di fornire i migliori servizi di hacker a noleggio! <br>Offriamo il miglior noleggio di hacker competenti. \u00c8 facile ottenere servizi di hacking etico.  Ricordate che non c'\u00e8 nessuna malizia nel richiedere un servizio di hacker a noleggio! Se avete bisogno di ottenere qualcosa, dovete fare un passo avanti e richiederlo...<\/div>\n<div>\n<h3>&nbsp;<\/h3>\n<\/div>\n<div>\n<h3>I migliori hacker a noleggio<\/h3>\n<p>Gli infiltrati silenziosi sono hacker professionisti che sono sempre pronti a servirvi in qualsiasi momento. Siamo la spia telefonica pi\u00f9 affidabile per il noleggio che rende servizi di noleggio hacker competenti. In qualit\u00e0 di prime organizzazioni di hacker etici a noleggio a livello globale, rendiamo un'eccellente capacit\u00e0 di ottenere qualsiasi informazione su Internet. Test di penetrazione e servizio di monitoraggio per il servizio di hacking etico. <span contenteditable=\"true\">P<\/span><span contenteditable=\"true\">rofessionali a noleggio.<\/span><\/p>\n<p>Disponiamo di un gruppo mondiale di esperti hacker certificati, specializzati in straordinari campi di hacking. Potete senza dubbio effettuare l'hacking etico online contattandoci e un hacker professionista del nostro team di hacker esperti e addestrati vi sar\u00e0 assegnato per portare a termine il vostro lavoro entro un breve periodo.<\/p>\n<p>Le migliori capacit\u00e0 di hackerare qualsiasi computer, hackerare i voti universitari. <span contenteditable=\"true\">Assumete un hacker professionista.<\/span><\/p>\n<h4>Come assumere un hacker del Dark Web?<\/h4>\n<p>Il nostro esperto di sicurezza informatica pu\u00f2 fornirvi servizi di hacking etico, dark web<a href=\"https:\/\/www.bing.com\/\" target=\"_blank\" rel=\"noopener\">,<\/a> e hacker grey hat, che potete assumere facilmente. <span contenteditable=\"true\">P<\/span><span contenteditable=\"true\">rofessionali a noleggio.<\/span><\/p>\n<p>Se state cercando di assumere un esperto di hacking gray hat, potete trovare un hacker affidabile per le vostre esigenze di hacking. Per trovare un hacker affidabile per le vostre esigenze di hacking, dovete innanzitutto capire dove cercare e trovare un hacker etico certificato.<\/p>\n<p>Ci sono numerose organizzazioni di hacker che non investono l'energia extra che dovrebbero impiegare per assumere un hacker vicino a me per soddisfare le aspettative dei clienti. <span contenteditable=\"true\">Assumete un hacker professionista.<\/span><\/p>\n<p>Alcuni pensano di poter assumere un hacker vicino a loro a costo zero rivolgendosi a un agente privato. Questo non \u00e8 consigliabile perch\u00e9 le spese sono galattiche e possono essere sviate se fatte da un individuo brillante.<\/p>\n<\/div>\n<\/div>\n<\/div>\n<\/div>\n<\/div>\n<p><img decoding=\"async\" data-src=\"https:\/\/hireonlinehackers.com\/wp-content\/uploads\/2023\/01\/5-star-300x158.jpg\" alt=\"Servizi di hackeraggio professionale a noleggio\" width=\"36\" height=\"19\" src=\"data:image\/svg+xml;base64,PHN2ZyB3aWR0aD0iMSIgaGVpZ2h0PSIxIiB4bWxucz0iaHR0cDovL3d3dy53My5vcmcvMjAwMC9zdmciPjwvc3ZnPg==\" class=\"lazyload\" style=\"--smush-placeholder-width: 36px; --smush-placeholder-aspect-ratio: 36\/19;\"><\/p>\n<\/div>\n<\/div>\n<p><\/p>\t\t\t\t\t\t\t\t<\/div>\n\t\t\t\t<\/div>\n\t\t\t\t\t<\/div>\n\t\t<\/div>\n\t\t\t\t\t<\/div>\n\t\t<\/section>\n\t\t\t\t<section class=\"elementor-section elementor-top-section elementor-element elementor-element-da4e662 elementor-section-boxed elementor-section-height-default elementor-section-height-default default-style\" data-id=\"da4e662\" data-element_type=\"section\" data-settings=\"{&quot;rt_color_sets&quot;:&quot;default-style&quot;}\">\n\t\t\t\t\t\t<div class=\"elementor-container elementor-column-gap-default\">\n\t\t\t\t\t<div class=\"elementor-column elementor-col-50 elementor-top-column elementor-element elementor-element-db924fe\" data-id=\"db924fe\" data-element_type=\"column\">\n\t\t\t<div class=\"elementor-widget-wrap elementor-element-populated\">\n\t\t\t\t\t\t<div class=\"elementor-element elementor-element-0485719 elementor-widget elementor-widget-image\" data-id=\"0485719\" data-element_type=\"widget\" data-widget_type=\"image.default\">\n\t\t\t\t<div class=\"elementor-widget-container\">\n\t\t\t\t\t\t\t\t\t\t\t\t\t\t\t<img decoding=\"async\" width=\"768\" height=\"288\" data-src=\"https:\/\/allhackerforhire.com\/wp-content\/uploads\/2022\/11\/Buy-Registered-Documents.jpg\" class=\"attachment-large size-large wp-image-4545 lazyload\" alt=\"Assumere hacker del dark web\" data-srcset=\"https:\/\/allhackerforhire.com\/wp-content\/uploads\/2022\/11\/Buy-Registered-Documents.jpg 768w, https:\/\/allhackerforhire.com\/wp-content\/uploads\/2022\/11\/Buy-Registered-Documents-300x113.jpg 300w, https:\/\/allhackerforhire.com\/wp-content\/uploads\/2022\/11\/Buy-Registered-Documents-600x225.jpg 600w\" data-sizes=\"(max-width: 768px) 100vw, 768px\" src=\"data:image\/svg+xml;base64,PHN2ZyB3aWR0aD0iMSIgaGVpZ2h0PSIxIiB4bWxucz0iaHR0cDovL3d3dy53My5vcmcvMjAwMC9zdmciPjwvc3ZnPg==\" style=\"--smush-placeholder-width: 768px; --smush-placeholder-aspect-ratio: 768\/288;\" \/>\t\t\t\t\t\t\t\t\t\t\t\t\t\t\t<\/div>\n\t\t\t\t<\/div>\n\t\t\t\t\t<\/div>\n\t\t<\/div>\n\t\t\t\t<div class=\"elementor-column elementor-col-50 elementor-top-column elementor-element elementor-element-bff131d\" data-id=\"bff131d\" data-element_type=\"column\">\n\t\t\t<div class=\"elementor-widget-wrap elementor-element-populated\">\n\t\t\t\t\t\t<div class=\"elementor-element elementor-element-db6bcbe elementor-widget elementor-widget-heading\" data-id=\"db6bcbe\" data-element_type=\"widget\" data-widget_type=\"heading.default\">\n\t\t\t\t<div class=\"elementor-widget-container\">\n\t\t\t\t\t<h2 class=\"elementor-heading-title elementor-size-default\"><span class=\"tagify__tag-text\">Assumere hacker del dark web<\/span><\/h2>\t\t\t\t<\/div>\n\t\t\t\t<\/div>\n\t\t\t\t\t<\/div>\n\t\t<\/div>\n\t\t\t\t\t<\/div>\n\t\t<\/section>\n\t\t\t\t<\/div>","protected":false},"excerpt":{"rendered":"<p>Professional Hackers For Hire \u00a9 Hire Online Hackers services will walk you through and supervise the entire process of finding, hiring, explaining, negotiating, and paying dark web hackers. Professional hackers for hire.Since we are the middleman, you never directly interact with the hacker, neither administratively nor financially; there is no link tracing back to you. [&hellip;]<\/p>","protected":false},"author":1,"featured_media":4993,"parent":0,"menu_order":0,"comment_status":"closed","ping_status":"open","template":"","meta":{"_acf_changed":false,"footnotes":""},"class_list":["post-3","page","type-page","status-publish","has-post-thumbnail","hentry"],"acf":[],"_links":{"self":[{"href":"https:\/\/allhackerforhire.com\/it\/wp-json\/wp\/v2\/pages\/3","targetHints":{"allow":["GET"]}}],"collection":[{"href":"https:\/\/allhackerforhire.com\/it\/wp-json\/wp\/v2\/pages"}],"about":[{"href":"https:\/\/allhackerforhire.com\/it\/wp-json\/wp\/v2\/types\/page"}],"author":[{"embeddable":true,"href":"https:\/\/allhackerforhire.com\/it\/wp-json\/wp\/v2\/users\/1"}],"replies":[{"embeddable":true,"href":"https:\/\/allhackerforhire.com\/it\/wp-json\/wp\/v2\/comments?post=3"}],"version-history":[{"count":55,"href":"https:\/\/allhackerforhire.com\/it\/wp-json\/wp\/v2\/pages\/3\/revisions"}],"predecessor-version":[{"id":5159,"href":"https:\/\/allhackerforhire.com\/it\/wp-json\/wp\/v2\/pages\/3\/revisions\/5159"}],"wp:featuredmedia":[{"embeddable":true,"href":"https:\/\/allhackerforhire.com\/it\/wp-json\/wp\/v2\/media\/4993"}],"wp:attachment":[{"href":"https:\/\/allhackerforhire.com\/it\/wp-json\/wp\/v2\/media?parent=3"}],"curies":[{"name":"wp","href":"https:\/\/api.w.org\/{rel}","templated":true}]}}