{"id":4939,"date":"2023-09-07T17:56:48","date_gmt":"2023-09-07T17:56:48","guid":{"rendered":"https:\/\/hireonlinehackers.com\/?page_id=4939"},"modified":"2024-07-02T22:17:00","modified_gmt":"2024-07-02T22:17:00","slug":"beccare-il-partner-che-tradisce","status":"publish","type":"page","link":"https:\/\/allhackerforhire.com\/it\/beccare-il-partner-che-tradisce\/","title":{"rendered":"Indagine sul coniuge traditore"},"content":{"rendered":"<div data-elementor-type=\"wp-page\" data-elementor-id=\"4939\" class=\"elementor elementor-4939\">\n\t\t\t\t\t\t<section class=\"elementor-section elementor-top-section elementor-element elementor-element-21ed0537 elementor-section-boxed elementor-section-height-default elementor-section-height-default default-style\" data-id=\"21ed0537\" data-element_type=\"section\" data-settings=\"{&quot;rt_color_sets&quot;:&quot;default-style&quot;}\">\n\t\t\t\t\t\t<div class=\"elementor-container elementor-column-gap-default\">\n\t\t\t\t\t<div class=\"elementor-column elementor-col-100 elementor-top-column elementor-element elementor-element-320524c5\" data-id=\"320524c5\" data-element_type=\"column\">\n\t\t\t<div class=\"elementor-widget-wrap elementor-element-populated\">\n\t\t\t\t\t\t<div class=\"elementor-element elementor-element-15f4f884 elementor-widget elementor-widget-text-editor\" data-id=\"15f4f884\" data-element_type=\"widget\" data-widget_type=\"text-editor.default\">\n\t\t\t\t<div class=\"elementor-widget-container\">\n\t\t\t\t\t\t\t\t\t<p><\/p>\n<h2 class=\"wp-block-heading\"><strong><span contenteditable=\"true\">Catturare il partner traditore<\/span><\/strong><\/h2>\n<p>\u00c8 utile assumere un hacker quando qualcuno tradisce e distrugge la fiducia. Una delle cose pi\u00f9 difficili nella vita \u00e8 mantenere una relazione stabile con un marito, una moglie o qualsiasi altro amico. La sfida principale che deve affrontare la vittima di una relazione abusiva \u00e8 spesso quella di raccogliere prove sufficienti per lasciare l'unione\/il matrimonio o per denunciare la situazione a un amico o ai membri della famiglia per un cambiamento. <span contenteditable=\"true\">Hacker professionisti a pagamento.<\/span><\/p>\n<h3>Modi per catturare il coniuge traditore tramite i servizi di hackeraggio<\/h3>\n<p>Nel corso degli anni le vittime hanno utilizzato numerosi approcci per esprimersi o uscire da queste condizioni, ma nessuno di questi approcci \u00e8 stato efficace come l'hacking per spiare il coniuge. Anche se questa procedura pu\u00f2 essere gestita da vicino dalle stesse vittime attraverso vari strumenti di hacking autonomo come phishing, keylogger e software spyware. Tuttavia, \u00e8 consigliabile rivolgersi a un hacker professionista per svolgere il lavoro, per aspettarsi un risultato perfetto.<\/p>\n<h3>Bisogno di un hacker per catturare il mio coniuge traditore (moglie \/ fidanzata)<br>Marito\/fidanzato), Catturare il partner traditore con l'iPhone Hack, Assumere un<br>Hacker, catturare il partner traditore con un hack di Instagram, assumere un hacker<\/h3>\n<div>\n<p>UNA CARATTERISTICA RARA NEL SETTORE DELL'HACKING \u00c8 LA LEGITTIMIT\u00c0. QUELLI AUTENTICI SONO<br>DIFFICILE DA TROVARE e&nbsp;<a href=\"https:\/\/allhackerforhire.com\/it\/\" target=\"_blank\" rel=\"noopener\">https:\/\/allhackerforhire.com\/<\/a> \u00e8 uno degli unici autentici<br>hacker etici del dark web.<\/p>\n<p>Ottenete il miglior rapporto qualit\u00e0\/prezzo contattandoci per qualsiasi esigenza di hacking.<\/p>\n<p>I servizi includono gli hack dei social media (WhatsApp, Snapchat, Instagram, Twitter, Facebook\/Messenger, Viber e cos\u00ec via),<\/p>\n<p>Tracciamento della posizione GPS,<\/p>\n<p>Limitazione delle chiamate in entrata,<\/p>\n<p>Intercettazione e recupero dei messaggi istantanei,<\/p>\n<div id=\"attachment_4950\" style=\"width: 310px\" class=\"wp-caption alignnone\"><img decoding=\"async\" aria-describedby=\"caption-attachment-4950\" data-src=\"https:\/\/hireonlinehackers.com\/wp-content\/uploads\/2023\/09\/Catch-A-Cheating-Partner-300x150.jpg\" alt=\"Catturare un partner traditore\" width=\"300\" height=\"150\" src=\"data:image\/svg+xml;base64,PHN2ZyB3aWR0aD0iMSIgaGVpZ2h0PSIxIiB4bWxucz0iaHR0cDovL3d3dy53My5vcmcvMjAwMC9zdmciPjwvc3ZnPg==\" class=\"lazyload\" style=\"--smush-placeholder-width: 300px; --smush-placeholder-aspect-ratio: 300\/150;\"><p id=\"caption-attachment-4950\" class=\"wp-caption-text\">Catturare un partner traditore<\/p><\/div>\n<h3>Hacker professionisti a noleggio<\/h3>\n<p>Potete assumere i nostri hacker professionisti per una vasta gamma di servizi di hacking, dall'hacking del telefono all'hacking dei social media. Potete assumere i nostri hacker per servizi come l'hacking di Facebook, l'hacking di WhatsApp, l'hacking di Snapchat, l'hacking di Instagram e l'hacking del telefono cellulare, oltre a molti altri servizi di hacking. I nostri hacker professionisti disponibili per il noleggio hanno l'esperienza e le competenze necessarie per le vostre esigenze, quindi vi preghiamo di compilare il nostro modulo di contatto per fornirvi una soluzione di servizio di hacking adatta alle vostre esigenze.<\/p>\n<div>\n<h3>Siamo i migliori hacker disponibili a noleggio<\/h3>\n<p>Dopo aver lavorato per aziende di sicurezza informatica e aver costruito sistemi di sicurezza per telefoni cellulari, per diverse aziende di social media e per aziende di antivirus e antimalware, i nostri hacker hanno ora iniziato a sfidare gli stessi sistemi che hanno costruito nel corso degli anni, inventando nuovi modi per violare diversi tipi di ambienti sicuri per poter fornire servizi diversi ai nostri clienti. <span contenteditable=\"true\">Assumere un hacker per catturare un partner traditore.<\/span><\/p>\n<h3><span contenteditable=\"true\">Assumere un hacker per catturare un partner traditore<\/span><\/h3>\n<p>I nostri hacker provengono da diversi paesi e lavorano per lo pi\u00f9 da casa senza dover frequentare un ufficio. Alcuni di loro vivono permanentemente in alcune delle migliori destinazioni turistiche o hanno acquistato le loro propriet\u00e0 per poter lavorare dai luoghi che amano. Catturare un partner traditore.<\/p>\n<table>\n<thead>\n<tr>\n<th>SERVIZI<\/th>\n<th>SERVIZI<\/th>\n<\/tr>\n<\/thead>\n<tbody>\n<tr>\n<td>Hacking del sito web<\/td>\n<td>Clonazione dei dati<\/td>\n<\/tr>\n<tr>\n<td>Hacking dei social media<\/td>\n<td>Distruggere la reputazione<\/td>\n<\/tr>\n<tr>\n<td>Hacking degli smartphone<\/td>\n<td>Spaming<\/td>\n<\/tr>\n<tr>\n<td>Hacking informatico<\/td>\n<td>Attacco DDOS<\/td>\n<\/tr>\n<tr>\n<td>Risultati che cambiano<\/td>\n<td>Recupero dati<\/td>\n<\/tr>\n<tr>\n<td>Hacking delle e-mail<\/td>\n<td>Sfruttare la vendita<\/td>\n<\/tr>\n<tr>\n<td>Tracciamento<\/td>\n<td>Trasferimento di denaro<\/td>\n<\/tr>\n<tr>\n<td>Spionaggio<\/td>\n<td>Lavaggio della criptovaluta<\/td>\n<\/tr>\n<tr>\n<td>Pulizia del punteggio di credito<\/td>\n<td>Consegna del malware<\/td>\n<\/tr>\n<\/tbody>\n<\/table>\n<\/div>\n<\/div>\n<h2><strong>I 10 principali indizi che vostra moglie vi sta tradendo<\/strong><\/h2>\n<p>Pensate che stiano tradendo. Ma come si fa a saperlo con certezza? Come si fa a sapere se il proprio partner tradisce? Di solito, se vi ponete questa domanda, avete gi\u00e0 il sospetto di essere stati vittima di un'infedelt\u00e0, oppure che la vostra relazione abbia ben poco di sbagliato. I segnali di un tradimento sono certamente diversi per ogni relazione, ma ci sono alcuni elementi comuni che si possono individuare. Innanzitutto, vi dir\u00f2 questo: Se pensate che il vostro partner vi stia tradendo, potrebbe essere giusto. Potreste voler raccogliere altre prove sul suo comportamento prima di incontrare l'altro. I segni comuni di infedelt\u00e0 che potete cercare sono:<\/p>\n<p>1. Migliorare la frequentazione. Se il vostro partner inizia improvvisamente a fare esercizio fisico e a mangiare in modo sano, potrebbe essere un segno che sta cercando di essere pi\u00f9 attraente per qualcuno (probabilmente voi, ma probabilmente anche un partner). Lo stesso vale per un nuovo taglio di capelli e una nuova lingerie, soprattutto se il vostro partner ha lo stesso aspetto quando vi circonda, ma \u00e8 decisamente migliore per il lavoro o per determinati eventi sociali. Come scoprire un traditore. <span tabindex=\"0\" role=\"textbox\" contenteditable=\"true\" data-placeholder=\"Example: Rank Math SEO\" aria-placeholder=\"Example: Rank Math SEO\" aria-autocomplete=\"both\" aria-multiline=\"false\">Affittare un hacker. <\/span><span contenteditable=\"true\">Affittare un hacker.<\/span><\/p>\n<h4><span contenteditable=\"true\">Assumete un hacker telefonico per hackerare il telefono del partner traditore<\/span><\/h4>\n<p>2. Uso di un telefono o di un computer riservato. I truffatori usano telefoni e computer pi\u00f9 frequentemente che mai e li salvano come se la loro vita dipendesse da loro. Se il telefono e il computer del vostro partner non hanno mai avuto bisogno di una password prima e ora ne hanno bisogno, non \u00e8 un buon segno. Se il vostro partner inizia improvvisamente a cancellare i messaggi ogni giorno e a cancellare la cronologia del browser, non \u00e8 un buon segno. Non \u00e8 un buon segno se il vostro partner non abbandona mai il telefono, nemmeno quando fa la doccia e lo porta in bagno. Se chiedete al vostro partner di rivedere il telefono e lui dice di no, anche questo \u00e8 un problema.<\/p>\n<p>3. Periodi in cui il vostro partner \u00e8 accessibile. Se il vostro partner vi tradisce, \u00e8 meno probabile che risponda alle vostre chiamate e ai vostri messaggi. Sentirete scuse legittime. Ad esempio, erano in riunione, stavano guidando o si trovavano in una zona in cui la rete non era disponibile. Questo \u00e8 un brutto segno se il vostro partner \u00e8 in ritardo o \u00e8 raggiungibile durante un viaggio di lavoro. <span contenteditable=\"true\">Catturare il partner traditore<\/span>.<\/p>\n<p>4. Una diminuzione significativa o una differenza di genere nel rapporto di coppia. Nella vostra relazione, sia la diminuzione che l'aumento dell'attivit\u00e0 sessuale possono essere un segno di brutalit\u00e0. Una minore collaborazione avviene perch\u00e9 il vostro partner \u00e8 pi\u00f9 concentrato su qualcun altro; pi\u00f9 sesso avviene perch\u00e9 sta cercando di nasconderlo. Un altro possibile segno di tradimento \u00e8 che voi e il vostro partner vi sentite meno legati emotivamente al sesso che fate. Un altro possibile segnale \u00e8 che il vostro partner introduce nuove attivit\u00e0 e tecniche nella vostra vita sessuale. Per quanto vi possa piacere, forse sta imparando nuove tecniche al di fuori della vostra relazione.<\/p>\n<p>5. Il vostro partner \u00e8 contro di voi e la vostra relazione. I truffatori giustificano il loro comportamento. Un modo per farlo \u00e8 dare la colpa a voi. Si dicono che non vi guardano come quando vi siete sposati, o che non siete abbastanza coraggiosi in camera da letto, o che non apprezzate tutte le grandi cose che hanno fatto per voi, quindi meritano di divertirsi un po' altrove. <span contenteditable=\"true\">Assumere un hacker per catturare un partner traditore.<\/span><\/p>\n<p><span contenteditable=\"true\">Dove assumere un hacker per catturare un partner traditore?<\/span><\/p>\n<p>Spesso trapelano giustificazioni interne per il tradimento e trattano voi e la vostra relazione con giustizia. Se improvvisamente vi sembra di non fare nulla di buono, o il vostro partner pensa improvvisamente che le cose non vi preoccupino, o che vi stiate allontanando, potrebbe essere un forte indizio di tradimento. <span contenteditable=\"true\">Dove assumere un hacker per catturare un partner traditore? <\/span><span contenteditable=\"true\">Affittare un hacker.<\/span><\/p>\n<h4>Come hackerare il telefono del mio ragazzo<\/h4>\n<p>6. Un cambiamento di programma. Quando il vostro partner, che non \u00e8 mai stato in ritardo, ha improvvisamente bisogno di fare tardi e inizia a farlo sempre pi\u00f9 spesso, potrebbe mentire. Se vostra moglie non \u00e8 mai partita per un viaggio d'affari e improvvisamente trova la necessit\u00e0 di viaggiare per lavoro, potrebbe essere un segno che sta viaggiando durante il fine settimana con un partner. Anche scuse come le gomme bucate, le batterie scariche, gli ingorghi, il tempo extra trascorso in palestra, il ritardo o la totale assenza possono essere indicativi di una bestemmia. Un partner che tradisce pu\u00f2 dimenticare improvvisamente la nascita di un bambino, i compleanni, altri eventi importanti, ecc.<\/p>\n<p>7. Gli amici sembrano a disagio con voi. Con l'infedelt\u00e0, voi, il partner traditore, siete quasi sempre l'ultima persona a cercarla. Gli amici traditori spesso sono a conoscenza della disonest\u00e0 fin dall'inizio e possono scoprirla molto prima di voi. Questa consapevolezza di solito fa s\u00ec che queste persone si sentano a disagio con voi. Gli amici traditori possono cercare di evitarti o di renderti troppo bella. I vostri amici potrebbero cercare di evitare conversazioni sulla vostra relazione e potrebbero diventare molto gentili e pagare un compenso extra.<\/p>\n<p>8. Spese inspiegabili Se il vostro partner ha addebiti strani sulle carte di credito o se voi o il vostro partner avete improvvisamente meno soldi nei conti bancari, nei conti pensione, nei conti di investimento, ecc... Questo \u00e8 un possibile segno di blasfemia. Se chiedete al vostro partner di queste spese e le sue risposte non vi sembrano veritiere, probabilmente \u00e8 falso. Il denaro viene speso per l'infedelt\u00e0: regali, viaggi, vino e cene, camere d'albergo, ecc. Il costo del tradimento pu\u00f2 aumentare molto rapidamente. Catturare un partner traditore.<\/p>\n<p>9. Qualche anno dopo, il rapporto non era cos\u00ec intenso come i primi mesi. Detto questo, col tempo tendiamo a legare e a legarci in modo sicuro, imparando a confidare all'altro la nostra privacy, le nostre aspirazioni e altre cose importanti della nostra vita. Questo processo \u00e8 noto come intimit\u00e0 sensoriale. L'intimit\u00e0 emotiva \u00e8 quella che, anche dopo la chiusura della rosa, ci lega al nostro significato. Quindi, se il vostro partner si sente improvvisamente meno vulnerabile e intimamente sensibile nei vostri confronti e voi non volete essere emotivamente deboli e intimi, significa che la sua attenzione si \u00e8 spostata, forse come partner di una relazione.<\/p>\n<p>10. Quando chiedete del tradimento, il vostro partner riflette e lo evita. Se vostra moglie vi tradisce, l'ultima cosa che vuole fare al mondo \u00e8 parlare con voi. Quindi, quando introducete questo argomento nella conversazione, possono cercare di evitarlo ed evitarlo. In breve, il vostro partner far\u00e0 del suo meglio per portarvi verso qualcos'altro o vi dar\u00e0 la colpa di ci\u00f2 che pensate e sentite.<\/p>\n<h3>Come catturare un coniuge traditore<\/h3>\n<p>Se incontrate e rifiutate l'infedelt\u00e0 del vostro partner, con un messaggio del tipo \u201cSe ti fidi un po\u201d di pi\u00f9 di me, le cose tra noi possono migliorare\", non dovreste scavalcare il vostro istinto perch\u00e9 la vostra relazione \u00e8 un po' sbagliata. L'affermazione del vostro partner secondo cui siete in difetto non deve essere accettata automaticamente. Come gi\u00e0 detto, se il vostro istinto vi dice che il vostro partner vi tradisce, probabilmente avete ragione. Catturare un partner traditore. <span contenteditable=\"true\">Affittare un hacker.<\/span><\/p>\n<h2>Come assumere un hacker per catturare una moglie traditrice<\/h2>\n<p><strong>Collegatevi online:<\/strong> Potete ottenere questo servizio comodamente da casa vostra. Tutto ci\u00f2 che dovete fare \u00e8 incontrare gli hacker di fiducia e contattare gli hacker professionisti. Si tratta di un processo senza problemi che prevede la condivisione di informazioni attraverso reti online che non richiedono alcun contatto fisico.<\/p>\n<p><strong>Aggiornamenti in diretta:<\/strong> Una volta assunto il servizio di hackeraggio, riceverete aggiornamenti direttamente dal team di Hack Wizards. Potrete restare in contatto con il servizio noleggiato attraverso le chat e rimanere aggiornati sui progressi. Tutto \u00e8 fatto in modo trasparente da hacker autentici e competenti.<\/p>\n<p><strong>Assistenza 24 \u00d7 7:<\/strong> Dovete sapere che state lavorando su un servizio sicuro. I veri hacker di cellulari per inquilini hanno questi servizi disponibili 24 ore al giorno.<\/p>\n<p><strong>Protetto:<\/strong> Non dovrete preoccuparvi nemmeno per un secondo che il vostro nome venga reso pubblico. L'intero processo sar\u00e0 condotto nella massima sicurezza. Potrete accedere a tutti i dati e alle informazioni senza rivelare la vostra identit\u00e0.<a href=\"https:\/\/duckduckgo.com\/\" target=\"_blank\" rel=\"noopener\">.<\/a><\/p>\n<h2><strong>Perch\u00e9 assumere un hacker per catturare una moglie traditrice<\/strong><\/h2>\n<p><strong>App di messaggistica:<\/strong> L'app di messaggistica pi\u00f9 utilizzata, WhatsApp, pu\u00f2 dirvi tutto sulla privacy di vostra moglie. Assumendo un hacker professionista avrete accesso diretto ai messaggi nuovi, attuali e cancellati.<\/p>\n<p><strong>Account sui social media:<\/strong> \u00c8 probabile che il vostro partner abbia una relazione attraverso i social media che non riuscite a trovare. Ok, \u00e8 possibile farlo completamente, solo se si affittano i servizi di phone-hacking consigliati. In questo modo potrete visualizzare gli account Instagram, Facebook o Snapchat di vostra moglie e leggere tutti i messaggi privati.<\/p>\n<p><strong>Rete di e-mail:<\/strong> Chi controlla gli account Yahoo o Gmail? Vengono usati solo per le conversazioni professionali, non \u00e8 vero? Vostra moglie pu\u00f2 pensare esattamente a questo e usare proprio questa piattaforma per tradirvi. Assumete un hacker per controllare gli account professionali di vostra moglie. <span contenteditable=\"true\">Hacker professionisti a pagamento.<\/span><\/p>\n<h3><span contenteditable=\"true\">Assumere un hacker per catturare il coniuge traditore<\/span><\/h3>\n<p><strong>Telefono cellulare:<\/strong> Se siete alla ricerca di uno sguardo pi\u00f9 dettagliato sulla vita del vostro partner, cosa c'\u00e8 di meglio che usare un telefono cellulare? Pu\u00f2 rivelare i segreti di vostra moglie o di qualsiasi relazione amorosa che si svolge alle vostre spalle. Hacker Hire consente di visualizzare tutte le foto, i video o altri file nascosti sul telefono. <span tabindex=\"0\" role=\"textbox\" contenteditable=\"true\" data-placeholder=\"Example: Rank Math SEO\" aria-placeholder=\"Example: Rank Math SEO\" aria-autocomplete=\"both\" aria-multiline=\"false\">Affittare un hacker.<\/span><\/p>\n<p><strong>PC:<\/strong> Mac o Windows, un hacker pu\u00f2 entrare nel computer personale di vostra moglie in pochi secondi. E poi? Pu\u00f2 accedere a un file che pu\u00f2 rivelare la verit\u00e0 della vostra partner in un attimo. Sar\u00e0 come usare il computer di vostra moglie senza toccarlo. Assumendo un hacker informatico, questo tipo di libert\u00e0 non rester\u00e0 fuori dal mondo?<\/p>\n<p>\u00c8 possibile accedere a tutto questo senza avere segni sottili come i follicoli piliferi del partner! \u00c8 possibile ottenerlo solo se si assume un hacker per catturare il coniuge traditore.<span contenteditable=\"true\"> Affittare un hacker.<\/span><\/p>\n<h2><strong>Il miglior team di hacker per cellulari in affitto<\/strong><\/h2>\n<p><a href=\"https:\/\/allhackerforhire.com\/it\/\">Squadra di hacker d'\u00e9lite<\/a> \u00e8 completamente professionale in termini di servizi di hacking telefonico. Avete bisogno di controllare il telefono del vostro coniuge traditore per recuperare messaggi di testo, chat cancellate e video fraudolenti, testi? Elite Hackers Team vi fornir\u00e0 il miglior software per fare qualcosa per voi. Potete anche contattarci direttamente via e-mail:<\/p>\n<p><strong>info@allhackerforhire.com<\/strong><\/p>\n<p>Il <strong>Squadra di hacker d'\u00e9lite<\/strong> \u00e8 completamente anonimo e pu\u00f2 garantire le migliori tecniche per hackerare qualsiasi cosa. Consiglio di utilizzare i migliori hacker professionisti per qualsiasi lavoro relativo ai servizi di hacking telefonico. <span contenteditable=\"true\">Come pu\u00f2 un hacker catturare una moglie traditrice?<\/span><\/p>\n<h2><strong>Come pu\u00f2 un hacker catturare una moglie traditrice?<\/strong><\/h2>\n<p>Gli hacker utilizzano molte reti e strumenti di alto livello per gestire gli attacchi. Eccone alcuni:<\/p>\n<p><strong>Registrazione dei tasti:<\/strong> Uno dei software pi\u00f9 utilizzati, il \u2018Key Logger\u2019, consente agli hacker di identificare il modello originale dell'utente. Il file con questi dettagli viene inviato al dispositivo dell'hacker. Questo avviene in due modi:<\/p>\n<ul>\n<li>Quando un utente clicca su un link o un allegato creato dagli hacker.<\/li>\n<li>Quando un utente vede un sito web dannoso \/ violato.<\/li>\n<\/ul>\n<p><strong>Phishing:<\/strong> Simile allo spoofing DNS, il phishing \u00e8 un metodo di hacking in cui un hacker crea un sito web falso. Il sito ha un aspetto realistico e induce gli utenti a inserire le proprie credenziali di accesso. In questo modo, gli hacker possono accedere alle informazioni degli utenti.<\/p>\n<p><strong>Dirottamento dei cookie:<\/strong> \u00c8 possibile imbattersi in diversi browser che utilizzano i cookie. Queste pagine memorizzano le vostre informazioni e vi permettono di utilizzare il sito. Gli hacker possono rubare le sessioni di cookie con i relativi dettagli. <span contenteditable=\"true\">Affittare un hacker.<\/span><\/p>\n<h3><strong>Conclusione<\/strong><\/h3>\n<p>Forse vostra moglie vi tradisce sotto il naso, pensando che non lo saprete mai. Ebbene, potete assumere un hacker per coniugi traditori per violare i telefoni cellulari e porre fine a questi interminabili fili di pensieri e notti insonni. Vi fornir\u00e0 tutti i dettagli della relazione di vostra moglie o chiarir\u00e0 le vostre idee sbagliate. <br>Come hackerare il telefono del mio ragazzo.<\/p>\n<p>Gli hacker utilizzano tecniche e software di prim'ordine in grado di dirottare le applicazioni pi\u00f9 rigorosamente crittografate. Quindi cosa state aspettando? Assumete subito un hacker per catturare un coniuge traditore! Cattura il partner traditore.<\/p>\n<h3><span style=\"color: #1abc9c;\">COME CATTURARE UN PARTNER TRADITORE | ASSUMERE UN<br>HACKER PER CATTURARE IL PARTNER TRADITORE | ASSUMERE UN HACKER PER CATTURARE IL PARTNER TRADITORE<br>CONIUGE, IL FIDANZATO O LA FIDANZATA, ASSUMERE UN HACKER PER CATTURARE I TRADIMENTI.<br>PARTNER CON L'HACKING TELEFONICO | NOLEGGIARE UN HACKER | MODI PER CATTURARE IL CONIUGE TRADITORE TRAMITE NOLEGGIO<br>SERVIZI DI HACKERAGGIO<\/span><\/h3>\n<p><\/p>\n<p><\/p>\n<div data-id=\"45a8c67\" data-element_type=\"widget\" data-widget_type=\"text-editor.default\">\n<div>\n<p><img decoding=\"async\" data-src=\"https:\/\/hireonlinehackers.com\/wp-content\/uploads\/2023\/01\/5-star-300x158.jpg\" alt=\"Servizi di hackeraggio professionale a noleggio\" width=\"36\" height=\"19\" src=\"data:image\/svg+xml;base64,PHN2ZyB3aWR0aD0iMSIgaGVpZ2h0PSIxIiB4bWxucz0iaHR0cDovL3d3dy53My5vcmcvMjAwMC9zdmciPjwvc3ZnPg==\" class=\"lazyload\" style=\"--smush-placeholder-width: 36px; --smush-placeholder-aspect-ratio: 36\/19;\"><\/p>\n<\/div>\n<\/div>\n<p><\/p>\n<div>&nbsp;<\/div>\n<div>&nbsp;<\/div>\t\t\t\t\t\t\t\t<\/div>\n\t\t\t\t<\/div>\n\t\t\t\t\t<\/div>\n\t\t<\/div>\n\t\t\t\t\t<\/div>\n\t\t<\/section>\n\t\t\t\t<section class=\"elementor-section elementor-top-section elementor-element elementor-element-da4e662 elementor-section-boxed elementor-section-height-default elementor-section-height-default default-style\" data-id=\"da4e662\" data-element_type=\"section\" data-settings=\"{&quot;rt_color_sets&quot;:&quot;default-style&quot;}\">\n\t\t\t\t\t\t<div class=\"elementor-container elementor-column-gap-default\">\n\t\t\t\t\t<div class=\"elementor-column elementor-col-50 elementor-top-column elementor-element elementor-element-db924fe\" data-id=\"db924fe\" data-element_type=\"column\">\n\t\t\t<div class=\"elementor-widget-wrap elementor-element-populated\">\n\t\t\t\t\t\t<div class=\"elementor-element elementor-element-0485719 elementor-widget elementor-widget-image\" data-id=\"0485719\" data-element_type=\"widget\" data-widget_type=\"image.default\">\n\t\t\t\t<div class=\"elementor-widget-container\">\n\t\t\t\t\t\t\t\t\t\t\t\t\t\t\t<img fetchpriority=\"high\" decoding=\"async\" width=\"768\" height=\"288\" src=\"https:\/\/allhackerforhire.com\/wp-content\/uploads\/2022\/11\/Buy-Registered-Documents.jpg\" class=\"attachment-large size-large wp-image-4545\" alt=\"Assumere hacker del dark web\" srcset=\"https:\/\/allhackerforhire.com\/wp-content\/uploads\/2022\/11\/Buy-Registered-Documents.jpg 768w, https:\/\/allhackerforhire.com\/wp-content\/uploads\/2022\/11\/Buy-Registered-Documents-300x113.jpg 300w, https:\/\/allhackerforhire.com\/wp-content\/uploads\/2022\/11\/Buy-Registered-Documents-600x225.jpg 600w\" sizes=\"(max-width: 768px) 100vw, 768px\" \/>\t\t\t\t\t\t\t\t\t\t\t\t\t\t\t<\/div>\n\t\t\t\t<\/div>\n\t\t\t\t\t<\/div>\n\t\t<\/div>\n\t\t\t\t<div class=\"elementor-column elementor-col-50 elementor-top-column elementor-element elementor-element-bff131d\" data-id=\"bff131d\" data-element_type=\"column\">\n\t\t\t<div class=\"elementor-widget-wrap elementor-element-populated\">\n\t\t\t\t\t\t<div class=\"elementor-element elementor-element-db6bcbe elementor-widget elementor-widget-heading\" data-id=\"db6bcbe\" data-element_type=\"widget\" data-widget_type=\"heading.default\">\n\t\t\t\t<div class=\"elementor-widget-container\">\n\t\t\t\t\t<h2 class=\"elementor-heading-title elementor-size-default\"><span class=\"tagify__tag-text\">Assumere hacker del dark web<\/span><\/h2>\t\t\t\t<\/div>\n\t\t\t\t<\/div>\n\t\t\t\t\t<\/div>\n\t\t<\/div>\n\t\t\t\t\t<\/div>\n\t\t<\/section>\n\t\t\t\t<\/div>","protected":false},"excerpt":{"rendered":"<p>Catch Cheating Partner It is useful to hire a hacker when someone is cheating and destroys the trust. One of the most difficult things in life is to maintain a stable relationship with a husband, wife, or any other friend for that matter. The situation becomes unbearable if the spouse is cheating, The major challenge [&hellip;]<\/p>","protected":false},"author":1,"featured_media":4940,"parent":0,"menu_order":0,"comment_status":"closed","ping_status":"open","template":"","meta":{"_acf_changed":false,"footnotes":""},"class_list":["post-4939","page","type-page","status-publish","has-post-thumbnail","hentry"],"acf":[],"_links":{"self":[{"href":"https:\/\/allhackerforhire.com\/it\/wp-json\/wp\/v2\/pages\/4939","targetHints":{"allow":["GET"]}}],"collection":[{"href":"https:\/\/allhackerforhire.com\/it\/wp-json\/wp\/v2\/pages"}],"about":[{"href":"https:\/\/allhackerforhire.com\/it\/wp-json\/wp\/v2\/types\/page"}],"author":[{"embeddable":true,"href":"https:\/\/allhackerforhire.com\/it\/wp-json\/wp\/v2\/users\/1"}],"replies":[{"embeddable":true,"href":"https:\/\/allhackerforhire.com\/it\/wp-json\/wp\/v2\/comments?post=4939"}],"version-history":[{"count":25,"href":"https:\/\/allhackerforhire.com\/it\/wp-json\/wp\/v2\/pages\/4939\/revisions"}],"predecessor-version":[{"id":5144,"href":"https:\/\/allhackerforhire.com\/it\/wp-json\/wp\/v2\/pages\/4939\/revisions\/5144"}],"wp:featuredmedia":[{"embeddable":true,"href":"https:\/\/allhackerforhire.com\/it\/wp-json\/wp\/v2\/media\/4940"}],"wp:attachment":[{"href":"https:\/\/allhackerforhire.com\/it\/wp-json\/wp\/v2\/media?parent=4939"}],"curies":[{"name":"wp","href":"https:\/\/api.w.org\/{rel}","templated":true}]}}