{"id":4991,"date":"2023-09-10T16:41:53","date_gmt":"2023-09-10T16:41:53","guid":{"rendered":"https:\/\/hireonlinehackers.com\/?page_id=4991"},"modified":"2024-07-02T22:53:36","modified_gmt":"2024-07-02T22:53:36","slug":"hacker-di-whatsapp-a-noleggio","status":"publish","type":"page","link":"https:\/\/allhackerforhire.com\/it\/hacker-di-whatsapp-a-noleggio\/","title":{"rendered":"Hacker di WhatsApp"},"content":{"rendered":"<div data-elementor-type=\"wp-page\" data-elementor-id=\"4991\" class=\"elementor elementor-4991\">\n\t\t\t\t\t\t<section class=\"elementor-section elementor-top-section elementor-element elementor-element-21ed0537 elementor-section-boxed elementor-section-height-default elementor-section-height-default default-style\" data-id=\"21ed0537\" data-element_type=\"section\" data-settings=\"{&quot;rt_color_sets&quot;:&quot;default-style&quot;}\">\n\t\t\t\t\t\t<div class=\"elementor-container elementor-column-gap-default\">\n\t\t\t\t\t<div class=\"elementor-column elementor-col-100 elementor-top-column elementor-element elementor-element-320524c5\" data-id=\"320524c5\" data-element_type=\"column\">\n\t\t\t<div class=\"elementor-widget-wrap elementor-element-populated\">\n\t\t\t\t\t\t<div class=\"elementor-element elementor-element-15f4f884 elementor-widget elementor-widget-text-editor\" data-id=\"15f4f884\" data-element_type=\"widget\" data-widget_type=\"text-editor.default\">\n\t\t\t\t<div class=\"elementor-widget-container\">\n\t\t\t\t\t\t\t\t\t<p><\/p>\n<h2 class=\"wp-block-heading\">Hacker di WhatsApp a noleggio<\/h2>\n<p><\/p>\n<div data-id=\"45a8c67\" data-element_type=\"widget\" data-widget_type=\"text-editor.default\">\n<div>\n<div data-id=\"68dc6d6\" data-element_type=\"widget\" data-widget_type=\"text-editor.default\">\n<div>\n<p>Il servizio di hackeraggio di Whatsapp a noleggio \u00e8 disponibile a prezzi ragionevoli sia come servizio di hacking di WhatsApp autonomo che come parte di un servizio di hacking telefonico che fornisce l'accesso anche a WhatsApp. I nostri prezzi sono tra i migliori del settore e potete essere certi della riservatezza e della segretezza della vostra comunicazione con noi e del servizio di hacking di WhatsApp che forniamo e della sua intrattabilit\u00e0 in qualsiasi circostanza.  Hacker di account WhatsApp a noleggio.<\/p>\n<p>Il servizio di hackeraggio WhatsApp a noleggio pu\u00f2 essere fornito entro 24 ore se \u00e8 urgente per voi, il che comporta un piccolo sovrapprezzo incluso nel prezzo. Se siete disposti ad aspettare pi\u00f9 a lungo, potete chiedere uno sconto che forniamo per le richieste di servizio di hacking WhatsApp non prioritarie. <span contenteditable=\"true\">Assumere hacker del dark web.<\/span><\/p>\n<h4>Hacking whats app<\/h4>\n<p>WhatsApp \u00e8 un servizio molto utilizzato, soprattutto nel Regno Unito e, come potete immaginare, la maggior parte delle nostre richieste di servizi di hackeraggio WhatsApp a noleggio provengono dal Regno Unito. Forniamo l'accesso completo agli account WhatsApp, compresi i messaggi, le immagini e i video inviati e ricevuti, nonch\u00e9 le registrazioni delle chiamate vocali e video.<br \/>Non esitate a compilare il nostro modulo di contatto per maggiori dettagli e per richiedere il servizio di hacking WhatsApp.<\/p>\n<div id=\"attachment_5000\" style=\"width: 310px\" class=\"wp-caption alignnone\"><img decoding=\"async\" aria-describedby=\"caption-attachment-5000\" data-src=\"https:\/\/hireonlinehackers.com\/wp-content\/uploads\/2023\/09\/WhatsApp-hacker-300x141.jpg\" alt=\"Hacker di WhatsApp a noleggio\" width=\"300\" height=\"141\" src=\"data:image\/svg+xml;base64,PHN2ZyB3aWR0aD0iMSIgaGVpZ2h0PSIxIiB4bWxucz0iaHR0cDovL3d3dy53My5vcmcvMjAwMC9zdmciPjwvc3ZnPg==\" class=\"lazyload\" style=\"--smush-placeholder-width: 300px; --smush-placeholder-aspect-ratio: 300\/141;\" \/><p id=\"caption-attachment-5000\" class=\"wp-caption-text\">Hacker di WhatsApp a noleggio<\/p><\/div>\n<h1>Assumere un hacker per WhatsApp<\/h1>\n<p>La nostra agenzia fornisce tutti i tipi di servizi di hacking relativi a WhatsApp con un track record e recensioni successive.<\/p>\n<p>Tutti i servizi online saranno forniti a un prezzo conveniente ed entro la scadenza stabilita. Queste specialit\u00e0 ci rendono #1 nel mondo dell'hacking.<\/p>\n<p>Quindi, se state cercando di assumere un Hacker - WhatsApp in affitto, la nostra agenzia \u00e8 la migliore per voi.<\/p>\n<p>Verificate perch\u00e9 i servizi di hacking online della nostra agenzia certificata white hat sono migliori di altri hacker etici certificati professionalmente.<\/p>\n<h2>Ottenere i servizi di hacking di WhatsApp in tempo<\/h2>\n<p>Quando<br \/>Il nostro cliente sceglie un piano in base alle sue esigenze. Vuole alcune qualit\u00e0 in quel ragazzo o in quell'agenzia che assumer\u00e0 a noleggio.<\/p>\n<p>Per alcuni pu\u00f2 essere un prezzo conveniente, perch\u00e9 il denaro \u00e8 importante per alcuni individui. Ma tutti vogliono che il loro compito sia portato a termine molto velocemente e nel pi\u00f9 breve tempo possibile.<\/p>\n<div>\n<div>\n<h3>Dove assumere un hacker per WhatsApp<\/h3>\n<\/div>\n<\/div>\n<p>Le persone assumono un hacker per WhatsApp perch\u00e9 hanno bisogno di tutti i dettagli.<br \/>Sono ansiosi di trovare risultati alla velocit\u00e0 della luce.<\/p>\n<p>La velocit\u00e0 della luce non \u00e8 possibile per nessuno, ma vi assicuriamo che forniamo servizi di hacking di WhatsApp in tempo, che \u00e8 dato a voi.<\/p>\n<div id=\"attachment_5005\" style=\"width: 310px\" class=\"wp-caption alignnone\"><img fetchpriority=\"high\" decoding=\"async\" aria-describedby=\"caption-attachment-5005\" src=\"https:\/\/hireonlinehackers.com\/wp-content\/uploads\/2023\/09\/Social-Media-Accounts-Hack-300x200.jpg\" alt=\" Dove assumere un hacker per WhatsApp \" width=\"300\" height=\"200\" \/><p id=\"caption-attachment-5005\" class=\"wp-caption-text\"><br \/>Dove assumere un hacker per WhatsApp<\/p><\/div>\n<h2>Assumere un hacker di WhatsApp a prezzi economici<\/h2>\n<p>Quando vi rivolgete agli hacker white hat per i servizi di hacking di WhatsApp,<br \/>possono far pagare circa $500 o forse di pi\u00f9. Ma la nostra agenzia crede nelle relazioni a lungo termine.<\/p>\n<p>Ecco perch\u00e9 la nostra agenzia offre un servizio professionale di white hat WhatsApp. <a title=\"hacker in affitto\" href=\"https:\/\/allhackerforhire.com\/it\/\">hacker <\/a><a href=\"https:\/\/allhackerforhire.com\/it\/assumere-un-hacker\/\" target=\"_blank\" rel=\"noopener\">su <\/a><a title=\"hacker in affitto\" href=\"https:\/\/allhackerforhire.com\/it\/hacker-a-pagamento\/\">affitto<\/a> a un prezzo molto conveniente. \u00c8 possibile confrontare i prezzi anche da altre risorse.<\/p>\n<h4>Prima di accedere ai servizi di hacking di WhatsApp, \u00e8 necessario seguire alcuni passaggi.<\/h4>\n<ul>\n<li>Innanzitutto decidete cosa volete.<\/li>\n<li>Poi controllate i prezzi, visitando <a href=\"https:\/\/hireonlinehackers.com\/hire-a-hacker\/\" target=\"_blank\" rel=\"noopener\">il <\/a><a href=\"https:\/\/allhackerforhire.com\/it\/\">riso<\/a> pagina.<\/li>\n<li>Scegliete il pacchetto che fa per voi.<\/li>\n<li>Inviateci tutte le vostre richieste in dettaglio.<\/li>\n<li>Inviateci un'e-mail o chattate con l'assistenza.<\/li>\n<li>Se tutto \u00e8 chiaro con il team di supporto, procedete pure.<\/li>\n<\/ul>\n<div>\n<h4>Gli hacker professionisti contattano<\/h4>\n<\/div>\n<div>\n<div>\n<p><span data-preserver-spaces=\"true\">Whatsapp \u00e8 un'applicazione di messaggistica gratuita per smartphone attualmente di propriet\u00e0 di Facebook. \u00c8 una delle pi\u00f9 grandi<br \/>piattaforme di social media online. Il motivo principale per cui WhatsApp \u00e8 cos\u00ec<br \/>popolare \u00e8 dovuto al bacino internazionale di utenti. L'interfaccia \u00e8 facile<br \/>e gli utenti sono pi\u00f9 di 2 miliardi. Hacker di account WhatsApp a pagamento.<\/span><\/p>\n<h3>Hacker di account WhatsApp a noleggio<\/h3>\n<p><span data-preserver-spaces=\"true\">Sia per uso personale che per motivi di lavoro, gli utenti si sentono pi\u00f9 a loro agio nel trasmettere le proprie informazioni attraverso WhatsApp. La messaggistica crittografata end-to-end lo ha reso pi\u00f9 popolare e ha convinto gli utenti a utilizzarlo. Tuttavia, i trucchi per hackerare WhatsApp sono possibili con una conoscenza sufficiente. I possibili trucchi di hacking vi permetteranno di accedere all'account di qualcuno.  Dove assumere un hacker per WhatsApp.<br \/><\/span><\/p>\n<h4><span data-preserver-spaces=\"true\">Parleremo di come hackerare<\/span><\/h4>\n<p><span data-preserver-spaces=\"true\">Gli account Whatsapp attraverso l'hacking etico nel resto dell'articolo. L'hacking etico \u00e8 un approccio sicuro che consente di conoscere le falle del sistema per aumentarne la sicurezza. Parleremo anche di come assumere un hacker per WhatsApp online per spiare qualcuno. Se siete un genitore preoccupato che vuole monitorare i propri figli o un capo che vuole controllare i propri dipendenti, allora conoscere i trucchi per imbrogliare Whatsapp \u00e8 importante. <\/span>Contattare gli hacker professionisti.<\/p>\n<h2><strong><span data-preserver-spaces=\"true\">Come sincronizzare il dispositivo con un browser web tramite codice QR come trucchi di WhatsApp.<\/span><\/strong><\/h2>\n<p><span data-preserver-spaces=\"true\">Il metodo \u00e8 piuttosto semplice e tutto ci\u00f2 che serve \u00e8 ottenere il cellulare dell'utente preso di mira. Una volta ottenuto il cellulare della vittima, il gioco \u00e8 fatto. Dobbiamo utilizzare il servizio WhatsApp Web a nostro vantaggio. Se volete usufruire del servizio, andate su \u2018<\/span><a href=\"https:\/\/web.whatsapp.com\" target=\"_blank\" rel=\"noopener\"><span data-preserver-spaces=\"true\">https:\/\/web.whatsapp.com<\/span><\/a><span data-preserver-spaces=\"true\">\u201d sul PC. Se si desidera utilizzare un dispositivo mobile, \u00e8 necessario installare un<br \/>chiamata \u2018Whatsapp Web\u2019. Ora il processo principale \u00e8 il seguente<\/span><\/p>\n<ol>\n<li><span data-preserver-spaces=\"true\">Aprire il modello a cui si desidera accedere ai messaggi - si pu\u00f2 usare un PC o un dispositivo mobile.<\/span><\/li>\n<li><span data-preserver-spaces=\"true\">Per accedervi dal PC, aprire il browser web digitando \u201c<\/span><a href=\"https:\/\/web.whatsapp.com\" target=\"_blank\" rel=\"noopener\"><span data-preserver-spaces=\"true\">https:\/\/web.whatsapp.com<\/span><\/a><span data-preserver-spaces=\"true\">.\u201d<br \/>Vi verr\u00e0 chiesto di scansionare il codice QR indicato sul sito. Dopo la scansione<br \/>\u00e8 completo dal cellulare della vittima, selezionare l'opzione \u2018Tienimi registrato\".<br \/>in\u201d.\u201d<\/span><\/li>\n<li><span data-preserver-spaces=\"true\">Per gli utenti mobili, aprite l'applicazione \u2018WhatsApp Web'.<\/span><\/li>\n<li><span data-preserver-spaces=\"true\">Scansionare il codice QR dall'applicazione mobile del dispositivo della vittima seguendo - Menu WhatsApp-&gt;WhatsApp Web.<\/span><\/li>\n<\/ol>\n<p><span data-preserver-spaces=\"true\">Ora, dopo aver effettuato l'accesso, avrete accesso a tutti i messaggi e ai file. Tuttavia, le conversazioni o i testi eliminati non verranno visualizzati nell'interfaccia dell'utente. La nota pi\u00f9 importante di questo metodo \u00e8 avere il dispositivo mobile dell'utente preso di mira. Il metodo non avr\u00e0 successo se il dispositivo mobile della vittima non \u00e8 presente con voi.<\/span><\/p>\n<h2><strong><span data-preserver-spaces=\"true\">Come hackerare le conversazioni di WhatsApp usando WSP 3.0<\/span><\/strong><\/h2>\n<p><span data-preserver-spaces=\"true\">Con questo metodo, potrete vedere tutte le chat e le conversazioni dell'utente target. \u00c8 necessario utilizzare<br \/>WhatsApp Scan Pro (WSP). \u00c8 possibile scaricare il file APK, disponibile online. Il WSP funziona come un malware. Contiene un virus allegato alla foto che si intende inviare all'utente preso di mira.<\/span><\/p>\n<p><span data-preserver-spaces=\"true\">La vittima cade in trappola se clicca sulla foto inviata. \u00c8 quindi necessario inviare una foto che inciti la vittima a cliccarci sopra. Quando la vittima apre la foto, il virus entra automaticamente nel dispositivo.<\/span><\/p>\n<h4><span data-preserver-spaces=\"true\">Hacker freelance a noleggio<br \/><\/span><\/h4>\n<p><span data-preserver-spaces=\"true\">\u00a0Il WSP aiuta a bloccare le attivit\u00e0 di backdoor nel framework e a connettersi all'hacker. Quando l'hacker ottiene l'accesso, i codici QR vengono scansionati dal messenger mobile mirato.<\/span><\/p>\n<p><span data-preserver-spaces=\"true\">Il codice viene modificato ogni 10 secondi. Tuttavia, l'hacker pu\u00f2 monitorare il processo in modo continuo. L'hacker<br \/>accede istantaneamente alla sessione della vittima, una volta che la connessione \u00e8 stata<br \/>stabilito.\u00a0<\/span><\/p>\n<p><span data-preserver-spaces=\"true\">Occorre tenere presente che la connessione a Internet deve essere stabile e veloce.<\/span><\/p>\n<h4><strong><span data-preserver-spaces=\"true\">Come hackerare WhatsApp esportando la cronologia delle chat\u00a0\u00a0<\/span><\/strong><\/h4>\n<p><span data-preserver-spaces=\"true\">Questo \u00e8 il modo pi\u00f9 veloce per hackerare<br \/>WhatsApp dell'utente preso di mira. Questo trucco per hackerare WhatsApp \u00e8 abbastanza simile al primo metodo menzionato nell'articolo. Il processo \u00e8 il seguente<\/span><\/p>\n<ol>\n<li><span data-preserver-spaces=\"true\">Prendete il dispositivo mobile della vittima e aprite l'applicazione WhatsApp.<\/span><\/li>\n<li><span data-preserver-spaces=\"true\">Fare clic sull'icona Menu. L'icona \u00e8 costituita da tre punti verticali nella parte superiore dell'interfaccia dell'applicazione.<\/span><\/li>\n<li><span data-preserver-spaces=\"true\">Ora fate clic su Impostazioni -&gt; Chat -&gt; Cronologia chat -&gt; Esportazione chat (con o senza cronologia multimediale, come preferite)<\/span><\/li>\n<li><span data-preserver-spaces=\"true\">Aprite Gmail e digitate l'indirizzo e-mail che volete inviare.\u00a0<\/span><\/li>\n<li><span data-preserver-spaces=\"true\">Fare clic su Esportazione\u00a0<\/span><\/li>\n<\/ol>\n<p><span data-preserver-spaces=\"true\">Il file (formato testo), compreso il file multimediale (se scelto), verr\u00e0 caricato nella mail. Premere \u2018Invia\u2019 per completare l'operazione. \u00c8 possibile ritirare il file subito o in un secondo momento dalla posta elettronica.\u00a0<\/span><\/p>\n<p>Ulteriori informazioni su - Assumere un hacker etico per hackerare un account WhatsApp.<\/p>\n<h5><strong><span data-preserver-spaces=\"true\">Come assumere hacker per hackerare l'account WhatsApp\u00a0<\/span><\/strong><\/h5>\n<p><span data-preserver-spaces=\"true\">Non \u00e8 consigliabile assumere un hacker per violare l'account WhatsApp di qualcuno. Il motivo principale \u00e8 che molti<br \/>volte pu\u00f2 essere una truffa. Molte persone si sono lamentate di non aver ricevuto il servizio nonostante l'addebito dell'intero importo. Scegliere questa opzione pu\u00f2 essere una scorciatoia per voi, in quanto non dovete impegnarvi nel processo di hacking. Ma anche i rischi sono elevati.<\/span><\/p>\n<p><span data-preserver-spaces=\"true\">Alcuni siti addebitano una cifra elevata se non c'\u00e8 la garanzia di non essere truffati. Prendete<br \/>il servizio considerando tutti i possibili rischi. Ma l'hacking legittimo<br \/>I siti possono fare il lavoro al posto vostro senza alcuna truffa.<\/span><\/p>\n<p><span data-preserver-spaces=\"true\">\u00a0Se siete convinti di voler assumere un hacker, seguite questo link e contattatelo: <\/span><a href=\"https:\/\/allhackerforhire.com\/it\/\" target=\"_blank\" rel=\"noopener\">Allhackerforhire.com<\/a><span data-preserver-spaces=\"true\"> Qui otterrete il servizio desiderato come promesso, anche se il pagamento non sar\u00e0 economico.\u00a0<\/span><\/p>\n<h4><span data-preserver-spaces=\"true\">Questi sono i seguenti WhatsApp<\/span><\/h4>\n<p><span data-preserver-spaces=\"true\">Trucchi di hacking che potete provare voi stessi. Si consiglia di non utilizzare questi metodi per attivit\u00e0 illegali. Utilizzate piuttosto queste informazioni come una precauzione da attuare per aumentare la sicurezza del vostro account. Ma se siete sospettosi di qualcuno che conoscete e che potrebbe essere coinvolto in attivit\u00e0 illecite. Allora utilizzate questi metodi per spiarli e tracciare le loro attivit\u00e0.<\/span><\/p>\n<\/div>\n<\/div>\n<\/div>\n<\/div>\n<h3>Whatsapp Hack Online<\/h3>\n<p>State cercando di hackerare i messaggi WhatsApp, l'audio e i video online del vostro amico o della vostra ragazza? Se s\u00ec, allora siete nel posto giusto. Qui potete hackerare i messaggi WhatsApp di qualsiasi parente o amico e la cosa pi\u00f9 importante \u00e8 che potete farlo gratuitamente. Ora vedremo come hackerare WhatsApp online e come fare uno scherzo ai nostri amici e parenti mostrando loro i propri messaggi. Si noti che questo \u00e8 uno strumento premium ma \u00e8 disponibile gratuitamente sul nostro sito web in modo da poter usufruire del nostro servizio gratuito. Hacker freelance a noleggio.<\/p>\n<h4>Passi Come possiamo hackerare WhatsApp online?<\/h4>\n<p>Nella parte superiore del nostro sito web sono disponibili 3 opzioni da compilare obbligatoriamente.<\/p>\n<p>\u00a0\u00a0\u00a0 Nella prima colonna inserire il numero di telefono della vittima che si vuole hackerare (con il prefisso internazionale).<br \/>\u00a0\u00a0\u00a0 Nella seconda colonna selezionate ci\u00f2 che volete hackerare Sono disponibili 4 opzioni: messaggi, audio, video e tutti i dati, potete selezionare un'opzione qualsiasi tra queste quattro. Hacker di account WhatsApp a noleggio.<\/p>\n<h4><span tabindex=\"0\" role=\"textbox\" contenteditable=\"true\" data-placeholder=\"Example: Rank Math SEO\" aria-placeholder=\"Example: Rank Math SEO\" aria-autocomplete=\"both\" aria-multiline=\"false\">Assumere un hacker WhatsApp online<\/span><\/h4>\n<p>\u00a0\u00a0\u00a0 Nella terza colonna selezionare la posizione in cui si desidera visualizzare i dati violati. Sono disponibili due opzioni: online o scaricati come zip per essere visualizzati offline. \u00c8 possibile selezionare una qualsiasi opzione da questa colonna.<\/p>\n<p>\u00a0\u00a0\u00a0 Dopo aver compilato tutte le informazioni, cliccate sul pulsante Hack Now e il nostro sistema eseguir\u00e0 i progressi successivi. Generer\u00e0 i codici hash e controller\u00e0 il database di WhatsApp e poi vi mostrer\u00e0 il risultato dell'hacking.<br \/>\u00a0\u00a0\u00a0 L'ultimo passo \u00e8 quello di scaricare o vedere i file hackerati in questo passo si hackera per dimostrare che sei un essere umano, non un robot basta dimostrare che completando una semplice offerta. Hacker di account WhatsApp a noleggio.<\/p>\n<h4><a href=\"http:\/\/google.com\" target=\"_blank\" rel=\"noopener\">Assumete qualcuno per hackerare un account WhatsApp<\/a><\/h4>\n<p>Ora avete accesso ai vostri dati hackerati Potete vedere messaggi, audio e video online o offline gratuitamente. Inoltre, aiutate il nostro sito web condividendolo su Facebook, Google Plus e altri siti di social media. Nota: \u00e8 possibile hackerare un solo numero da un IP. Potete vedere la prova dell'hacking nell'immagine sottostante. GODETEVI!!! Hacker di account WhatsApp a noleggio.<\/p>\n<p><img decoding=\"async\" data-src=\"https:\/\/hireonlinehackers.com\/wp-content\/uploads\/2023\/01\/5-star-300x158.jpg\" alt=\"Servizi di hackeraggio professionale a noleggio\" width=\"36\" height=\"19\" src=\"data:image\/svg+xml;base64,PHN2ZyB3aWR0aD0iMSIgaGVpZ2h0PSIxIiB4bWxucz0iaHR0cDovL3d3dy53My5vcmcvMjAwMC9zdmciPjwvc3ZnPg==\" class=\"lazyload\" style=\"--smush-placeholder-width: 36px; --smush-placeholder-aspect-ratio: 36\/19;\" \/><\/p>\n<\/div>\n<\/div>\n<p><\/p>\t\t\t\t\t\t\t\t<\/div>\n\t\t\t\t<\/div>\n\t\t\t\t\t<\/div>\n\t\t<\/div>\n\t\t\t\t\t<\/div>\n\t\t<\/section>\n\t\t\t\t<section class=\"elementor-section elementor-top-section elementor-element elementor-element-da4e662 elementor-section-boxed elementor-section-height-default elementor-section-height-default default-style\" data-id=\"da4e662\" data-element_type=\"section\" data-settings=\"{&quot;rt_color_sets&quot;:&quot;default-style&quot;}\">\n\t\t\t\t\t\t<div class=\"elementor-container elementor-column-gap-default\">\n\t\t\t\t\t<div class=\"elementor-column elementor-col-50 elementor-top-column elementor-element elementor-element-db924fe\" data-id=\"db924fe\" data-element_type=\"column\">\n\t\t\t<div class=\"elementor-widget-wrap elementor-element-populated\">\n\t\t\t\t\t\t<div class=\"elementor-element elementor-element-0485719 elementor-widget elementor-widget-image\" data-id=\"0485719\" data-element_type=\"widget\" data-widget_type=\"image.default\">\n\t\t\t\t<div class=\"elementor-widget-container\">\n\t\t\t\t\t\t\t\t\t\t\t\t\t\t\t<img decoding=\"async\" width=\"768\" height=\"288\" data-src=\"https:\/\/allhackerforhire.com\/wp-content\/uploads\/2022\/11\/Buy-Registered-Documents.jpg\" class=\"attachment-large size-large wp-image-4545 lazyload\" alt=\"Assumere hacker del dark web\" data-srcset=\"https:\/\/allhackerforhire.com\/wp-content\/uploads\/2022\/11\/Buy-Registered-Documents.jpg 768w, https:\/\/allhackerforhire.com\/wp-content\/uploads\/2022\/11\/Buy-Registered-Documents-300x113.jpg 300w, https:\/\/allhackerforhire.com\/wp-content\/uploads\/2022\/11\/Buy-Registered-Documents-600x225.jpg 600w\" data-sizes=\"(max-width: 768px) 100vw, 768px\" src=\"data:image\/svg+xml;base64,PHN2ZyB3aWR0aD0iMSIgaGVpZ2h0PSIxIiB4bWxucz0iaHR0cDovL3d3dy53My5vcmcvMjAwMC9zdmciPjwvc3ZnPg==\" style=\"--smush-placeholder-width: 768px; --smush-placeholder-aspect-ratio: 768\/288;\" \/>\t\t\t\t\t\t\t\t\t\t\t\t\t\t\t<\/div>\n\t\t\t\t<\/div>\n\t\t\t\t\t<\/div>\n\t\t<\/div>\n\t\t\t\t<div class=\"elementor-column elementor-col-50 elementor-top-column elementor-element elementor-element-bff131d\" data-id=\"bff131d\" data-element_type=\"column\">\n\t\t\t<div class=\"elementor-widget-wrap elementor-element-populated\">\n\t\t\t\t\t\t<div class=\"elementor-element elementor-element-db6bcbe elementor-widget elementor-widget-heading\" data-id=\"db6bcbe\" data-element_type=\"widget\" data-widget_type=\"heading.default\">\n\t\t\t\t<div class=\"elementor-widget-container\">\n\t\t\t\t\t<h2 class=\"elementor-heading-title elementor-size-default\"><span class=\"tagify__tag-text\">Assumere hacker del dark web<\/span><\/h2>\t\t\t\t<\/div>\n\t\t\t\t<\/div>\n\t\t\t\t\t<\/div>\n\t\t<\/div>\n\t\t\t\t\t<\/div>\n\t\t<\/section>\n\t\t\t\t<\/div>","protected":false},"excerpt":{"rendered":"<p>WhatsApp Hacker For Hire Whatsapp hacker for hire service is available at reasonable prices as a standalone WhatsApp hack service as well as a part of a phone hacking service that provides access to WhatsApp as well. Our prices are one of the best in the industry and you can be assured of 100% confidentiality [&hellip;]<\/p>","protected":false},"author":1,"featured_media":4986,"parent":0,"menu_order":0,"comment_status":"closed","ping_status":"open","template":"","meta":{"_acf_changed":false,"footnotes":""},"class_list":["post-4991","page","type-page","status-publish","has-post-thumbnail","hentry"],"acf":[],"_links":{"self":[{"href":"https:\/\/allhackerforhire.com\/it\/wp-json\/wp\/v2\/pages\/4991","targetHints":{"allow":["GET"]}}],"collection":[{"href":"https:\/\/allhackerforhire.com\/it\/wp-json\/wp\/v2\/pages"}],"about":[{"href":"https:\/\/allhackerforhire.com\/it\/wp-json\/wp\/v2\/types\/page"}],"author":[{"embeddable":true,"href":"https:\/\/allhackerforhire.com\/it\/wp-json\/wp\/v2\/users\/1"}],"replies":[{"embeddable":true,"href":"https:\/\/allhackerforhire.com\/it\/wp-json\/wp\/v2\/comments?post=4991"}],"version-history":[{"count":16,"href":"https:\/\/allhackerforhire.com\/it\/wp-json\/wp\/v2\/pages\/4991\/revisions"}],"predecessor-version":[{"id":5175,"href":"https:\/\/allhackerforhire.com\/it\/wp-json\/wp\/v2\/pages\/4991\/revisions\/5175"}],"wp:featuredmedia":[{"embeddable":true,"href":"https:\/\/allhackerforhire.com\/it\/wp-json\/wp\/v2\/media\/4986"}],"wp:attachment":[{"href":"https:\/\/allhackerforhire.com\/it\/wp-json\/wp\/v2\/media?parent=4991"}],"curies":[{"name":"wp","href":"https:\/\/api.w.org\/{rel}","templated":true}]}}