{"id":5026,"date":"2023-09-14T09:39:25","date_gmt":"2023-09-14T09:39:25","guid":{"rendered":"https:\/\/hireonlinehackers.com\/?page_id=5026"},"modified":"2024-07-02T22:12:02","modified_gmt":"2024-07-02T22:12:02","slug":"hacker-di-instagram-in-affitto","status":"publish","type":"page","link":"https:\/\/allhackerforhire.com\/it\/hacker-di-instagram-in-affitto\/","title":{"rendered":"Hacker di Instagram"},"content":{"rendered":"<div data-elementor-type=\"wp-page\" data-elementor-id=\"5026\" class=\"elementor elementor-5026\">\n\t\t\t\t\t\t<section class=\"elementor-section elementor-top-section elementor-element elementor-element-21ed0537 elementor-section-boxed elementor-section-height-default elementor-section-height-default default-style\" data-id=\"21ed0537\" data-element_type=\"section\" data-settings=\"{&quot;rt_color_sets&quot;:&quot;default-style&quot;}\">\n\t\t\t\t\t\t<div class=\"elementor-container elementor-column-gap-default\">\n\t\t\t\t\t<div class=\"elementor-column elementor-col-100 elementor-top-column elementor-element elementor-element-320524c5\" data-id=\"320524c5\" data-element_type=\"column\">\n\t\t\t<div class=\"elementor-widget-wrap elementor-element-populated\">\n\t\t\t\t\t\t<div class=\"elementor-element elementor-element-15f4f884 elementor-widget elementor-widget-text-editor\" data-id=\"15f4f884\" data-element_type=\"widget\" data-widget_type=\"text-editor.default\">\n\t\t\t\t<div class=\"elementor-widget-container\">\n\t\t\t\t\t\t\t\t\t<p><\/p>\n<h2 class=\"wp-block-heading\">Hacker di Instagram a noleggio<\/h2>\n<p><\/p>\n<div data-id=\"45a8c67\" data-element_type=\"widget\" data-widget_type=\"text-editor.default\">\n<div>\n<div data-id=\"68dc6d6\" data-element_type=\"widget\" data-widget_type=\"text-editor.default\">\n<div>\n<div>\n<div>\n<div>\n<p>Il nostro servizio di hackeraggio professionale \u00e8 specializzato nell'hacking dell'account Instagram, offrendovi la possibilit\u00e0 di accedere a qualsiasi account online e di monitorare varie piattaforme come WhatsApp, Facebook, Discord, Snapchat e altre ancora. Con il nostro strumento software, disponibile per PC, iPhone e Android, \u00e8 possibile accedere a funzioni quali la localizzazione GPS in diretta, il monitoraggio della fotocamera e del microfono, i messaggi, le e-mail, le chiamate, la cronologia del browser, la registrazione dello schermo e il recupero di messaggi, file e file multimediali eliminati.&nbsp;<\/p><p>Se vi trovate nella spiacevole situazione di un account Instagram perso o violato, il nostro team di veri hacker professionisti \u00e8 qui per aiutarvi a recuperarlo in modo rapido e semplice. Non esitate ad assumere un hacker Instagram professionista e a riprendere il controllo del vostro account. Hacker di account Instagram a noleggio.<br><\/p>\n<h3>Assumere un servizio di hacker per l'hacking di Instagram<\/h3>\n<\/div>\n<\/div>\n<p>Se avete perso l'accesso al vostro account Instagram o volete accedere a un account Instagram per altri motivi, questo \u00e8 il servizio che fa per voi. Non inviamo alcun link o messaggio al proprietario e questo servizio \u00e8 completamente discreto e anonimo. La sicurezza dei nostri clienti \u00e8 molto importante per noi e la teniamo presente mentre svolgiamo tutti i lavori. Assumete hacker professionisti di Instagram online a basso costo. Hacker di account Instagram a noleggio.<br><\/p>\n<p><img decoding=\"async\" data-src=\"https:\/\/hireonlinehackers.com\/wp-content\/uploads\/2023\/09\/Instagram-Hacker-for-Hire-300x168.jpg\" alt=\"Hacker di Instagram a noleggio\" width=\"230\" height=\"128\" src=\"data:image\/svg+xml;base64,PHN2ZyB3aWR0aD0iMSIgaGVpZ2h0PSIxIiB4bWxucz0iaHR0cDovL3d3dy53My5vcmcvMjAwMC9zdmciPjwvc3ZnPg==\" class=\"lazyload\" style=\"--smush-placeholder-width: 230px; --smush-placeholder-aspect-ratio: 230\/128;\"><\/p>\n<h3><span contenteditable=\"true\">Assumere un hacker per Instagram<\/span><\/h3>\n<\/div>\n<\/div>\n<\/div>\n<\/div>\n<\/div>\n<p>Forniamo una procedura semplice su come assumere un <a href=\"https:\/\/allhackerforhire.com\/it\/\">hacker per Instagram<\/a>, progettato specificamente per aiutarvi a catturare un coniuge o un traditore che vi tradisce. I nostri servizi offrono opzioni convenienti per assumere un hacker di Instagram. Con una gamma di servizi di hacking disponibili, tra cui l'hacking dell'account Instagram, l'hacking del computer e l'aggiramento delle misure di sicurezza, siamo la scelta affidabile per l'assunzione di hacker Instagram. Sia che abbiate perso l'accesso al vostro account Instagram sia che abbiate bisogno di accedere all'account di qualcun altro per motivi legittimi, il nostro servizio discreto e anonimo pu\u00f2 soddisfare le vostre esigenze.<\/p>\n<h3>Pagare qualcuno per hackerare Instagram<\/h3>\n<p>Il nostro team di hacker esperti \u00e8 specializzato nell'hacking di Instagram e pu\u00f2 aiutarvi a recuperare informazioni importanti o a risolvere qualsiasi problema relativo all'account. Manteniamo il massimo livello di riservatezza e garantiamo che le vostre informazioni personali rimangano al sicuro durante tutto il processo. Non lasciate che i vostri sospetti o le vostre preoccupazioni rimangano senza risposta: ingaggiate oggi stesso un hacker di Instagram e ottenete le risposte che cercate.<a href=\"https:\/\/duckduckgo.com\/\" target=\"_blank\" rel=\"noopener\">.<\/a> Diamo priorit\u00e0 alla soddisfazione del cliente e garantiamo risultati rapidi.<\/p>\n<h3>Assumere hacker professionisti di Instagram<\/h3>\n<p><\/p>\n<p>I nostri esperti hacker hanno anni di esperienza nel settore e sono dotati degli strumenti e delle tecniche pi\u00f9 recenti per garantire il successo dell'hacking di Instagram. I nostri servizi sono completamente legali ed etici e rispettano rigorosi standard etici. Non esitate pi\u00f9: prendete il controllo del vostro account Instagram o accedete alle informazioni di cui avete bisogno ingaggiando subito i nostri hacker Instagram di fiducia. Hacker di account Instagram a noleggio.<br><\/p>\n<p>Quando si arruola un programmatore Instagram da noi, si ottiene l'accesso al programmatore pi\u00f9 ideale del settore. Abbiamo un gruppo di tecnoartisti di grande talento ed esperienza che possono assistervi in qualsiasi esigenza di hacking.<\/p>\n<h3>Pagare per hackerare l'account Instagram<\/h3>\n<p>La nostra amministrazione offre alle persone la capacit\u00e0 di arruolare un programmatore di Instagram. Impiegando un programmatore attraverso la nostra amministrazione, i clienti possono accedere al record di qualsiasi persona che scelgono, indipendentemente dal fatto che abbiano o meno i dati di accesso.<\/p>\n<h4>Hacker di account Instagram a noleggio<\/h4>\n<p>Questo permette ai clienti di recuperare le fotografie cancellate e di cambiare le password, e da l\u00ec in poi il limite \u00e8 il cielo. Utilizziamo un linguaggio scientifico complesso per garantire che i nostri programmatori siano davvero incredibili. Investiamo con tutto il cuore nel nostro lavoro e dobbiamo garantire che i nostri clienti siano generalmente soddisfatti dei risultati. Pagare per hackerare l'account Instagram.<\/p>\n<h4>Perch\u00e9 scegliere noi per un hacker di Instagram a noleggio?<\/h4>\n<p>Ci sono alcuni motivi per cui assumere hacker Instagram da noi. Forse il motivo pi\u00f9 importante \u00e8 che disponiamo di un ampio pool di hacker qualificati ed esperti che sono in grado di aiutare con un'ampia variet\u00e0 di esigenze di hacking. Inoltre, offriamo tariffe competitive, assistenza clienti 24 ore su 24, 7 giorni su 7 e una garanzia di soddisfazione 100%.<\/p>\n<div data-id=\"45a8c67\" data-element_type=\"widget\" data-widget_type=\"text-editor.default\">\n<div>\n<p><img decoding=\"async\" data-src=\"https:\/\/hireonlinehackers.com\/wp-content\/uploads\/2023\/01\/5-star-300x158.jpg\" alt=\"Servizi di hackeraggio professionale a noleggio\" width=\"36\" height=\"19\" src=\"data:image\/svg+xml;base64,PHN2ZyB3aWR0aD0iMSIgaGVpZ2h0PSIxIiB4bWxucz0iaHR0cDovL3d3dy53My5vcmcvMjAwMC9zdmciPjwvc3ZnPg==\" class=\"lazyload\" style=\"--smush-placeholder-width: 36px; --smush-placeholder-aspect-ratio: 36\/19;\"><\/p>\n<\/div>\n<\/div>\n<p><\/p>\t\t\t\t\t\t\t\t<\/div>\n\t\t\t\t<\/div>\n\t\t\t\t\t<\/div>\n\t\t<\/div>\n\t\t\t\t\t<\/div>\n\t\t<\/section>\n\t\t\t\t<section class=\"elementor-section elementor-top-section elementor-element elementor-element-da4e662 elementor-section-boxed elementor-section-height-default elementor-section-height-default default-style\" data-id=\"da4e662\" data-element_type=\"section\" data-settings=\"{&quot;rt_color_sets&quot;:&quot;default-style&quot;}\">\n\t\t\t\t\t\t<div class=\"elementor-container elementor-column-gap-default\">\n\t\t\t\t\t<div class=\"elementor-column elementor-col-50 elementor-top-column elementor-element elementor-element-db924fe\" data-id=\"db924fe\" data-element_type=\"column\">\n\t\t\t<div class=\"elementor-widget-wrap elementor-element-populated\">\n\t\t\t\t\t\t<div class=\"elementor-element elementor-element-0485719 elementor-widget elementor-widget-image\" data-id=\"0485719\" data-element_type=\"widget\" data-widget_type=\"image.default\">\n\t\t\t\t<div class=\"elementor-widget-container\">\n\t\t\t\t\t\t\t\t\t\t\t\t\t\t\t<img fetchpriority=\"high\" decoding=\"async\" width=\"768\" height=\"288\" src=\"https:\/\/allhackerforhire.com\/wp-content\/uploads\/2022\/11\/Buy-Registered-Documents.jpg\" class=\"attachment-large size-large wp-image-4545\" alt=\"Assumere hacker del dark web\" srcset=\"https:\/\/allhackerforhire.com\/wp-content\/uploads\/2022\/11\/Buy-Registered-Documents.jpg 768w, https:\/\/allhackerforhire.com\/wp-content\/uploads\/2022\/11\/Buy-Registered-Documents-300x113.jpg 300w, https:\/\/allhackerforhire.com\/wp-content\/uploads\/2022\/11\/Buy-Registered-Documents-600x225.jpg 600w\" sizes=\"(max-width: 768px) 100vw, 768px\" \/>\t\t\t\t\t\t\t\t\t\t\t\t\t\t\t<\/div>\n\t\t\t\t<\/div>\n\t\t\t\t\t<\/div>\n\t\t<\/div>\n\t\t\t\t<div class=\"elementor-column elementor-col-50 elementor-top-column elementor-element elementor-element-bff131d\" data-id=\"bff131d\" data-element_type=\"column\">\n\t\t\t<div class=\"elementor-widget-wrap elementor-element-populated\">\n\t\t\t\t\t\t<div class=\"elementor-element elementor-element-db6bcbe elementor-widget elementor-widget-heading\" data-id=\"db6bcbe\" data-element_type=\"widget\" data-widget_type=\"heading.default\">\n\t\t\t\t<div class=\"elementor-widget-container\">\n\t\t\t\t\t<h2 class=\"elementor-heading-title elementor-size-default\">Instagram Hackers 15 minuti<\/h2>\t\t\t\t<\/div>\n\t\t\t\t<\/div>\n\t\t\t\t\t<\/div>\n\t\t<\/div>\n\t\t\t\t\t<\/div>\n\t\t<\/section>\n\t\t\t\t<\/div>","protected":false},"excerpt":{"rendered":"<p>Instagram Hacker for Hire Our professional hacker service specializes in Instagram account hacking, offering you the ability to access any online account and monitor various platforms such as WhatsApp, Facebook, Discord, Snapchat, and more. With our software tool, available for PC, iPhone, and Android, you can gain access to features such as live GPS location, [&hellip;]<\/p>","protected":false},"author":1,"featured_media":5029,"parent":0,"menu_order":0,"comment_status":"closed","ping_status":"open","template":"","meta":{"_acf_changed":false,"footnotes":""},"class_list":["post-5026","page","type-page","status-publish","has-post-thumbnail","hentry"],"acf":[],"_links":{"self":[{"href":"https:\/\/allhackerforhire.com\/it\/wp-json\/wp\/v2\/pages\/5026","targetHints":{"allow":["GET"]}}],"collection":[{"href":"https:\/\/allhackerforhire.com\/it\/wp-json\/wp\/v2\/pages"}],"about":[{"href":"https:\/\/allhackerforhire.com\/it\/wp-json\/wp\/v2\/types\/page"}],"author":[{"embeddable":true,"href":"https:\/\/allhackerforhire.com\/it\/wp-json\/wp\/v2\/users\/1"}],"replies":[{"embeddable":true,"href":"https:\/\/allhackerforhire.com\/it\/wp-json\/wp\/v2\/comments?post=5026"}],"version-history":[{"count":13,"href":"https:\/\/allhackerforhire.com\/it\/wp-json\/wp\/v2\/pages\/5026\/revisions"}],"predecessor-version":[{"id":5132,"href":"https:\/\/allhackerforhire.com\/it\/wp-json\/wp\/v2\/pages\/5026\/revisions\/5132"}],"wp:featuredmedia":[{"embeddable":true,"href":"https:\/\/allhackerforhire.com\/it\/wp-json\/wp\/v2\/media\/5029"}],"wp:attachment":[{"href":"https:\/\/allhackerforhire.com\/it\/wp-json\/wp\/v2\/media?parent=5026"}],"curies":[{"name":"wp","href":"https:\/\/api.w.org\/{rel}","templated":true}]}}