{"id":4991,"date":"2023-09-10T16:41:53","date_gmt":"2023-09-10T16:41:53","guid":{"rendered":"https:\/\/hireonlinehackers.com\/?page_id=4991"},"modified":"2024-07-02T22:53:36","modified_gmt":"2024-07-02T22:53:36","slug":"whatsapp-hacker-inhuren","status":"publish","type":"page","link":"https:\/\/allhackerforhire.com\/nl\/whatsapp-hacker-inhuren\/","title":{"rendered":"WhatsApp-hacker"},"content":{"rendered":"<div data-elementor-type=\"wp-page\" data-elementor-id=\"4991\" class=\"elementor elementor-4991\">\n\t\t\t\t\t\t<section class=\"elementor-section elementor-top-section elementor-element elementor-element-21ed0537 elementor-section-boxed elementor-section-height-default elementor-section-height-default default-style\" data-id=\"21ed0537\" data-element_type=\"section\" data-settings=\"{&quot;rt_color_sets&quot;:&quot;default-style&quot;}\">\n\t\t\t\t\t\t<div class=\"elementor-container elementor-column-gap-default\">\n\t\t\t\t\t<div class=\"elementor-column elementor-col-100 elementor-top-column elementor-element elementor-element-320524c5\" data-id=\"320524c5\" data-element_type=\"column\">\n\t\t\t<div class=\"elementor-widget-wrap elementor-element-populated\">\n\t\t\t\t\t\t<div class=\"elementor-element elementor-element-15f4f884 elementor-widget elementor-widget-text-editor\" data-id=\"15f4f884\" data-element_type=\"widget\" data-widget_type=\"text-editor.default\">\n\t\t\t\t<div class=\"elementor-widget-container\">\n\t\t\t\t\t\t\t\t\t<p><\/p>\n<h2 class=\"wp-block-heading\">WhatsApp Hacker te huur<\/h2>\n<p><\/p>\n<div data-id=\"45a8c67\" data-element_type=\"widget\" data-widget_type=\"text-editor.default\">\n<div>\n<div data-id=\"68dc6d6\" data-element_type=\"widget\" data-widget_type=\"text-editor.default\">\n<div>\n<p>Whatsapp hacker te huur is beschikbaar tegen redelijke prijzen als een standalone WhatsApp hackservice en als onderdeel van een telefoonhackservice die ook toegang biedt tot WhatsApp. Onze prijzen zijn een van de beste in de branche en je kunt verzekerd zijn van 100% vertrouwelijkheid en geheimhouding van zowel je communicatie met ons als de WhatsApp hackservice die we leveren en je kunt er zeker van zijn dat deze onder alle omstandigheden onbruikbaar is.  WhatsApp-account hacker te huur.<\/p>\n<p>WhatsApp hacker te huur kan binnen 24 uur worden geleverd als het dringend voor je is. Hiervoor geldt een kleine toeslag die is inbegrepen in de prijs. Als je bereid bent langer te wachten, kun je vragen om een korting die we bieden voor niet-prioritaire WhatsApp hacking serviceverzoeken. <span contenteditable=\"true\">Huur Dark Web Hackers in.<\/span><\/p>\n<h4>Whats app hacken<\/h4>\n<p>WhatsApp is een veelgebruikte dienst, vooral in het Verenigd Koninkrijk en zoals je je kunt voorstellen komen de meeste van onze WhatsApp-hackerserviceaanvragen uit het Verenigd Koninkrijk. We bieden volledige toegang tot WhatsApp-accounts, inclusief verzonden en ontvangen berichten, foto's en video's, en ook opnames van spraak- en videogesprekken.<br \/>Vul ons contactformulier in voor meer informatie en om de WhatsApp hacking service aan te vragen.<\/p>\n<div id=\"attachment_5000\" style=\"width: 310px\" class=\"wp-caption alignnone\"><img decoding=\"async\" aria-describedby=\"caption-attachment-5000\" data-src=\"https:\/\/hireonlinehackers.com\/wp-content\/uploads\/2023\/09\/WhatsApp-hacker-300x141.jpg\" alt=\"WhatsApp-hacker te huur\" width=\"300\" height=\"141\" src=\"data:image\/svg+xml;base64,PHN2ZyB3aWR0aD0iMSIgaGVpZ2h0PSIxIiB4bWxucz0iaHR0cDovL3d3dy53My5vcmcvMjAwMC9zdmciPjwvc3ZnPg==\" class=\"lazyload\" style=\"--smush-placeholder-width: 300px; --smush-placeholder-aspect-ratio: 300\/141;\" \/><p id=\"caption-attachment-5000\" class=\"wp-caption-text\">WhatsApp-hacker te huur<\/p><\/div>\n<h1>Een hacker inhuren voor WhatsApp<\/h1>\n<p>Ons bureau levert alle soorten hackingdiensten met betrekking tot WhatsApp met een opeenvolgend trackrecord en beoordelingen.<\/p>\n<p>Alle online diensten worden geleverd tegen een goedkope prijs en binnen de opgegeven deadline. Deze specialiteiten maken ons #1 in de hackwereld.<\/p>\n<p>Dus als je een Hacker - WhatsApp wilt huren, is ons bureau het beste voor jou.<\/p>\n<p>Controleer waarom de online hackingdiensten van ons white hat-gecertificeerde bureau beter zijn dan die van andere professioneel gecertificeerde ethische hackers.<\/p>\n<h2>Ontvang WhatsApp hackingdiensten op tijd<\/h2>\n<p>Wanneer<br \/>Onze klant kiest een plan op basis van eisen. Ze willen een aantal kwaliteiten in die man of dat bureau, die ze gaan inhuren.<\/p>\n<p>Voor sommige mensen kan het een goedkope prijs zijn, omdat geld voor sommigen belangrijk is. Maar iedereen wil dat zijn taak heel snel en zo snel mogelijk wordt uitgevoerd.<\/p>\n<div>\n<div>\n<h3>Waar kun je een hacker inhuren voor WhatsApp?<\/h3>\n<\/div>\n<\/div>\n<p>Mensen huren een hacker voor WhatsApp omdat ze daar alle details voor nodig hebben.<br \/>Ze zijn erop gebrand om zo snel als het licht resultaten te vinden.<\/p>\n<p>Lichtsnelheid is voor niemand mogelijk, maar we verzekeren je dat we WhatsApp hacking-diensten op tijd leveren.<\/p>\n<div id=\"attachment_5005\" style=\"width: 310px\" class=\"wp-caption alignnone\"><img fetchpriority=\"high\" decoding=\"async\" aria-describedby=\"caption-attachment-5005\" src=\"https:\/\/hireonlinehackers.com\/wp-content\/uploads\/2023\/09\/Social-Media-Accounts-Hack-300x200.jpg\" alt=\" Waar kun je een hacker inhuren voor WhatsApp? \" width=\"300\" height=\"200\" \/><p id=\"caption-attachment-5005\" class=\"wp-caption-text\"><br \/>Waar kun je een hacker inhuren voor WhatsApp?<\/p><\/div>\n<h2>Huur een WhatsApp Hacker tegen een lage prijs<\/h2>\n<p>Als je kiest voor white hat hackers voor WhatsApp-hackingdiensten,<br \/>kunnen ze rond de $500 of misschien wel meer in rekening brengen. Maar ons bureau gelooft in langetermijnrelaties.<\/p>\n<p>Daarom biedt ons bureau professionele white hat WhatsApp <a title=\"hacker te huur\" href=\"https:\/\/allhackerforhire.com\/nl\/\">hackers <\/a><a href=\"https:\/\/allhackerforhire.com\/nl\/een-hacker-inhuren\/\" target=\"_blank\" rel=\"noopener\">op <\/a><a title=\"hacker te huur\" href=\"https:\/\/allhackerforhire.com\/nl\/hackers-te-huur\/\">huren<\/a> tegen een zeer goedkope prijs. Je kunt ook prijzen van andere bronnen vergelijken.<\/p>\n<h4>Er zijn enkele stappen voordat je je aanmeldt voor WhatsApp-hackservices.<\/h4>\n<ul>\n<li>Beslis eerst wat je wilt.<\/li>\n<li>Controleer dan de prijzen door naar <a href=\"https:\/\/hireonlinehackers.com\/hire-a-hacker\/\" target=\"_blank\" rel=\"noopener\">de <\/a><a href=\"https:\/\/allhackerforhire.com\/nl\/\">rijst<\/a> pagina.<\/li>\n<li>Kies een pakket dat bij je past.<\/li>\n<li>Stuur ons al je vragen in detail.<\/li>\n<li>Stuur ons een e-mail of chat met ondersteuning.<\/li>\n<li>Als alles duidelijk is met het ondersteuningsteam, ga er dan voor.<\/li>\n<\/ul>\n<div>\n<h4>Professionele hackers nemen contact op met<\/h4>\n<\/div>\n<div>\n<div>\n<p><span data-preserver-spaces=\"true\">Whatsapp is een gratis berichtenapp voor smartphones die momenteel eigendom is van Facebook. Het is een van de grootste<br \/>online sociale mediaplatforms. De belangrijkste reden waarom WhatsApp zo<br \/>populair is vanwege de internationale groep gebruikers. De interface is eenvoudig<br \/>te begrijpen en er zijn meer dan 2 miljard gebruikers. WhatsApp-account hacker te huur.<\/span><\/p>\n<h3>WhatsApp account hacker te huur<\/h3>\n<p><span data-preserver-spaces=\"true\">Of het nu voor persoonlijk gebruik is of voor zakelijke doeleinden, de gebruikers voelen zich meer op hun gemak als ze hun informatie overbrengen via WhatsApp. De end-to-end versleutelde berichtenuitwisseling heeft WhatsApp populairder gemaakt en gebruikers overtuigd om het te gebruiken. Toch zijn WhatsApp hacktrucs mogelijk met voldoende kennis. Met de mogelijke hacktrucs kun je toegang krijgen tot iemands account.  Waar kun je een hacker voor WhatsApp huren?.<br \/><\/span><\/p>\n<h4><span data-preserver-spaces=\"true\">We zullen bespreken hoe je<\/span><\/h4>\n<p><span data-preserver-spaces=\"true\">Whatsapp accounts door middel van ethisch hacken in de rest van het artikel. Ethisch hacken is een veilige aanpak waarbij je de gebreken van het systeem leert kennen om de beveiliging te verhogen. We bespreken ook hoe je online een hacker voor WhatsApp kunt inhuren om iemand te bespioneren. Als je een bezorgde ouder bent die zijn kinderen in de gaten wil houden of een baas die zijn werknemers wil controleren, dan is het belangrijk om de Whatsapp-spiektrucs te kennen. <\/span>Neem contact op met professionele hackers.<\/p>\n<h2><strong><span data-preserver-spaces=\"true\">Apparaat synchroniseren met een webbrowser via QR-code als WhatsApp Hacking-truc.<\/span><\/strong><\/h2>\n<p><span data-preserver-spaces=\"true\">De methode is vrij eenvoudig en het enige wat je nodig hebt is de mobiele telefoon van de beoogde gebruiker. Zodra je de mobiele telefoon van het slachtoffer hebt, kun je aan de slag. We moeten de \u2018WhatsApp Web\u201c-service in ons voordeel gebruiken. Als je gebruik wilt maken van deze service, ga je naar \".\u201c<\/span><a href=\"https:\/\/web.whatsapp.com\" target=\"_blank\" rel=\"noopener\"><span data-preserver-spaces=\"true\">https:\/\/web.whatsapp.com<\/span><\/a><span data-preserver-spaces=\"true\">\u201d op je pc. Als je een mobiel apparaat wilt gebruiken, moet je een<br \/>app genaamd \u2018Whatsapp Web\u2019. Het belangrijkste proces is als volgt<\/span><\/p>\n<ol>\n<li><span data-preserver-spaces=\"true\">Open het model dat je wilt gebruiken om toegang te krijgen tot de berichten - je kunt een pc of een mobiel apparaat gebruiken.<\/span><\/li>\n<li><span data-preserver-spaces=\"true\">Om toegang te krijgen vanaf de pc opent u de webbrowsers door \u201c<\/span><a href=\"https:\/\/web.whatsapp.com\" target=\"_blank\" rel=\"noopener\"><span data-preserver-spaces=\"true\">https:\/\/web.whatsapp.com<\/span><\/a><span data-preserver-spaces=\"true\">.\u201d<br \/>Je wordt gevraagd om de gegeven QR-code op de site te scannen. Na het scannen<br \/>is voltooid vanaf de mobiele telefoon van het slachtoffer, vink dan de optie \u2018Keep me logged<br \/>in.\u201d<\/span><\/li>\n<li><span data-preserver-spaces=\"true\">Voor mobiele gebruikers open je de app \u2018WhatsApp Web'.<\/span><\/li>\n<li><span data-preserver-spaces=\"true\">Scan QR de code van de mobiele app van het apparaat van het slachtoffer als volgt - WhatsApp Menu-&gt;WhatsApp Web.<\/span><\/li>\n<\/ol>\n<p><span data-preserver-spaces=\"true\">Nu je ingelogd bent, heb je toegang tot alle berichten en bestanden. De verwijderde conversatie of tekst wordt echter niet getoond in de interface van de gebruiker. De belangrijkste opmerking bij deze methode is dat je het mobiele apparaat van de beoogde gebruiker moet hebben. De methode zal niet succesvol zijn als je het mobiele apparaat van het slachtoffer niet bij je hebt.<\/span><\/p>\n<h2><strong><span data-preserver-spaces=\"true\">Hoe WhatsApp-conversaties hacken met WSP 3.0<\/span><\/strong><\/h2>\n<p><span data-preserver-spaces=\"true\">Bij deze methode zie je alle chats en conversaties van de beoogde gebruiker. Je moet het volgende gebruiken<br \/>WhatsApp Scan Pro (WSP). Je kunt het APK-bestand downloaden, dat online beschikbaar is. De WSP werkt als malware. Het bevat een virus dat is bijgevoegd bij de foto die je naar de beoogde gebruiker gaat sturen.<\/span><\/p>\n<p><span data-preserver-spaces=\"true\">Het slachtoffer loopt in de val als hij of zij op de verzonden foto klikt. Het is dus nodig om een foto te sturen die het slachtoffer intrigeert om erop te klikken. Wanneer het slachtoffer de foto opent, zal het virus automatisch in het apparaat terechtkomen.<\/span><\/p>\n<h4><span data-preserver-spaces=\"true\">Freelance hackers te huur<br \/><\/span><\/h4>\n<p><span data-preserver-spaces=\"true\">\u00a0Het WSP helpt om de backdoor-activiteiten in het framework te blokkeren en verbinding te maken met de hacker. Als de hacker toegang krijgt, worden de QR-codes van de beoogde mobiele messenger gescand.<\/span><\/p>\n<p><span data-preserver-spaces=\"true\">De code wordt elke 10 seconden gewijzigd. De hacker kan het proces echter continu volgen. De hacker<br \/>krijgt direct toegang tot de sessie van het slachtoffer zodra de verbinding is<br \/>vastgesteld.\u00a0<\/span><\/p>\n<p><span data-preserver-spaces=\"true\">Houd er rekening mee dat de internetverbinding stabiel en snel moet zijn.<\/span><\/p>\n<h4><strong><span data-preserver-spaces=\"true\">WhatsApp hacken door de chatgeschiedenis te exporteren\u00a0\u00a0<\/span><\/strong><\/h4>\n<p><span data-preserver-spaces=\"true\">Dit is de snelste manier om te hacken<br \/>WhatsApp van de beoogde gebruiker. Deze hacktruc voor WhatsApp is vergelijkbaar met de eerste methode in het artikel. Het proces is als volgt<\/span><\/p>\n<ol>\n<li><span data-preserver-spaces=\"true\">Neem het mobiele apparaat van het slachtoffer en open de applicatie WhatsApp.<\/span><\/li>\n<li><span data-preserver-spaces=\"true\">Klik op het menupictogram. Het pictogram bestaat uit drie verticale stippen aan de bovenkant van de interface van de app.<\/span><\/li>\n<li><span data-preserver-spaces=\"true\">Klik nu op Instellingen -&gt;Chats -&gt; Chatgeschiedenis -&gt; Chat exporteren (met of zonder mediageschiedenis, zoals je wilt)<\/span><\/li>\n<li><span data-preserver-spaces=\"true\">Open Gmail en typ het e-mailadres dat je wilt verzenden.\u00a0<\/span><\/li>\n<li><span data-preserver-spaces=\"true\">Klik op Exporteren\u00a0<\/span><\/li>\n<\/ol>\n<p><span data-preserver-spaces=\"true\">Het bestand (tekstformaat), inclusief het mediabestand (indien gekozen), wordt ge\u00fcpload in de e-mail. Druk op \u2018Verzenden\u2019 om de taak te voltooien. U kunt het bestand nu of later ophalen uit de e-mail.\u00a0<\/span><\/p>\n<p>Meer weten over - Een ethische hacker inhuren om een WhatsApp-account te hacken.<\/p>\n<h5><strong><span data-preserver-spaces=\"true\">Hackers inhuren om WhatsApp-account te hacken\u00a0<\/span><\/strong><\/h5>\n<p><span data-preserver-spaces=\"true\">Het wordt niet aanbevolen om een hacker in te huren om iemands WhatsApp-account te hacken. De belangrijkste reden is dat veel<br \/>Soms kan het oplichterij zijn. Veel mensen hebben geklaagd over het feit dat ze hun service niet kregen, ook al was het volledige bedrag in rekening gebracht. Het kiezen van deze optie kan een kortere weg voor je zijn omdat je jezelf niet hoeft te betrekken in het hackproces. Maar de risico's zijn ook groot.<\/span><\/p>\n<p><span data-preserver-spaces=\"true\">Sommige sites vragen een flink bedrag als er geen garantie is dat je niet wordt opgelicht. Neem<br \/>de service gezien alle mogelijke risico's. Maar het legitieme hacken<br \/>sites kunnen het werk voor je doen zonder oplichterij.<\/span><\/p>\n<p><span data-preserver-spaces=\"true\">\u00a0Als je ervan overtuigd bent dat je een hacker wilt inhuren, volg dan deze link en neem contact op: <\/span><a href=\"https:\/\/allhackerforhire.com\/nl\/\" target=\"_blank\" rel=\"noopener\">Allhackerforhire.com<\/a><span data-preserver-spaces=\"true\"> Hier krijg je de gewenste service zoals beloofd, hoewel de betaling niet goedkoop zal zijn.\u00a0<\/span><\/p>\n<h4><span data-preserver-spaces=\"true\">Dit zijn de volgende WhatsApp<\/span><\/h4>\n<p><span data-preserver-spaces=\"true\">Hacktrucs die je zelf kunt proberen. Het is aan te raden om de methoden niet te gebruiken voor illegale activiteiten. Gebruik deze informatie liever als een voorzorgsmaatregel die je kunt implementeren om de veiligheid van je account te verhogen. Maar als je iemand verdenkt die je kent en die betrokken zou kunnen zijn bij wandaden. Gebruik dan deze methoden om hem of haar te bespioneren en zijn of haar activiteiten te volgen.<\/span><\/p>\n<\/div>\n<\/div>\n<\/div>\n<\/div>\n<h3>Whatsapp-hack online<\/h3>\n<p>Wil je de WhatsApp-berichten, audio en video's van je vriend of vriendin online hacken? Zo ja, dan ben je op de juiste plaats. Je kunt de WhatsApp-berichten van familieleden of vrienden hier hacken en het belangrijkste is dat je dit gratis kunt doen. We zullen nu zien hoe we WhatsApp online kunnen hacken en hoe we onze vrienden en familieleden voor de gek kunnen houden door hun eigen berichten aan hen te tonen. Merk op dat dit een premium tool is, maar gratis beschikbaar op onze website zodat je kunt genieten van onze gratis service. Freelance hackers te huur.<\/p>\n<h4>Stappen Hoe kunnen we WhatsApp online hacken?<\/h4>\n<p>Er zijn 3 opties beschikbaar bovenaan onze website die verplicht zijn om in te vullen.<\/p>\n<p>\u00a0\u00a0\u00a0 Voer in de eerste kolom het telefoonnummer in dat je wilt hacken van het slachtoffer (met landcode).<br \/>\u00a0\u00a0\u00a0 In de tweede kolom selecteer je wat je wilt hacken. Er zijn 4 opties beschikbaar: berichten, audio, video's en alle gegevens. Je kunt 1 optie uit deze vier selecteren. WhatsApp-account hacker te huur.<\/p>\n<h4><span tabindex=\"0\" role=\"textbox\" contenteditable=\"true\" data-placeholder=\"Example: Rank Math SEO\" aria-placeholder=\"Example: Rank Math SEO\" aria-autocomplete=\"both\" aria-multiline=\"false\">Online WhatsApp-hacker inhuren<\/span><\/h4>\n<p>\u00a0\u00a0\u00a0 In de derde kolom selecteer je waar je de gehackte data wilt zien. Er zijn 2 opties beschikbaar: online of gedownload als zip om offline te tonen. Je kunt elke optie in deze kolom selecteren.<\/p>\n<p>\u00a0\u00a0\u00a0 Nadat je alle informatie hebt ingevuld, klik je op de knop Nu Hacken. De volgende stap wordt uitgevoerd door ons systeem. Het genereert hashcodes en controleert de WhatsApp-database. Vervolgens wordt het gehackte resultaat weergegeven.<br \/>\u00a0\u00a0\u00a0 De laatste stap is het downloaden of bekijken van gehackte bestanden. In deze stap hack je om te bewijzen dat je een mens bent en geen robot. Bewijs dat door een eenvoudig aanbod in te vullen. WhatsApp-account hacker te huur.<\/p>\n<h4><a href=\"http:\/\/google.com\" target=\"_blank\" rel=\"noopener\">Huur iemand in om een WhatsApp-account te hacken<\/a><\/h4>\n<p>Wow nu heb je toegang tot je gehackte gegevens Je kunt berichten, audio en video's online of offline gratis bekijken. Nog een, help onze website door te delen op Facebook, Google Plus en andere social media sites. Opmerking: je kunt slechts \u00e9\u00e9n nummer van \u00e9\u00e9n IP-adres hacken. Je kunt het gehackte bewijs zien in de onderstaande afbeelding. GENIET ERVAN! WhatsApp-account hacker te huur.<\/p>\n<p><img decoding=\"async\" data-src=\"https:\/\/hireonlinehackers.com\/wp-content\/uploads\/2023\/01\/5-star-300x158.jpg\" alt=\"Professionele hackerdiensten te huur\" width=\"36\" height=\"19\" src=\"data:image\/svg+xml;base64,PHN2ZyB3aWR0aD0iMSIgaGVpZ2h0PSIxIiB4bWxucz0iaHR0cDovL3d3dy53My5vcmcvMjAwMC9zdmciPjwvc3ZnPg==\" class=\"lazyload\" style=\"--smush-placeholder-width: 36px; --smush-placeholder-aspect-ratio: 36\/19;\" \/><\/p>\n<\/div>\n<\/div>\n<p><\/p>\t\t\t\t\t\t\t\t<\/div>\n\t\t\t\t<\/div>\n\t\t\t\t\t<\/div>\n\t\t<\/div>\n\t\t\t\t\t<\/div>\n\t\t<\/section>\n\t\t\t\t<section class=\"elementor-section elementor-top-section elementor-element elementor-element-da4e662 elementor-section-boxed elementor-section-height-default elementor-section-height-default default-style\" data-id=\"da4e662\" data-element_type=\"section\" data-settings=\"{&quot;rt_color_sets&quot;:&quot;default-style&quot;}\">\n\t\t\t\t\t\t<div class=\"elementor-container elementor-column-gap-default\">\n\t\t\t\t\t<div class=\"elementor-column elementor-col-50 elementor-top-column elementor-element elementor-element-db924fe\" data-id=\"db924fe\" data-element_type=\"column\">\n\t\t\t<div class=\"elementor-widget-wrap elementor-element-populated\">\n\t\t\t\t\t\t<div class=\"elementor-element elementor-element-0485719 elementor-widget elementor-widget-image\" data-id=\"0485719\" data-element_type=\"widget\" data-widget_type=\"image.default\">\n\t\t\t\t<div class=\"elementor-widget-container\">\n\t\t\t\t\t\t\t\t\t\t\t\t\t\t\t<img decoding=\"async\" width=\"768\" height=\"288\" data-src=\"https:\/\/allhackerforhire.com\/wp-content\/uploads\/2022\/11\/Buy-Registered-Documents.jpg\" class=\"attachment-large size-large wp-image-4545 lazyload\" alt=\"Dark Web hackers inhuren\" data-srcset=\"https:\/\/allhackerforhire.com\/wp-content\/uploads\/2022\/11\/Buy-Registered-Documents.jpg 768w, https:\/\/allhackerforhire.com\/wp-content\/uploads\/2022\/11\/Buy-Registered-Documents-300x113.jpg 300w, https:\/\/allhackerforhire.com\/wp-content\/uploads\/2022\/11\/Buy-Registered-Documents-600x225.jpg 600w\" data-sizes=\"(max-width: 768px) 100vw, 768px\" src=\"data:image\/svg+xml;base64,PHN2ZyB3aWR0aD0iMSIgaGVpZ2h0PSIxIiB4bWxucz0iaHR0cDovL3d3dy53My5vcmcvMjAwMC9zdmciPjwvc3ZnPg==\" style=\"--smush-placeholder-width: 768px; --smush-placeholder-aspect-ratio: 768\/288;\" \/>\t\t\t\t\t\t\t\t\t\t\t\t\t\t\t<\/div>\n\t\t\t\t<\/div>\n\t\t\t\t\t<\/div>\n\t\t<\/div>\n\t\t\t\t<div class=\"elementor-column elementor-col-50 elementor-top-column elementor-element elementor-element-bff131d\" data-id=\"bff131d\" data-element_type=\"column\">\n\t\t\t<div class=\"elementor-widget-wrap elementor-element-populated\">\n\t\t\t\t\t\t<div class=\"elementor-element elementor-element-db6bcbe elementor-widget elementor-widget-heading\" data-id=\"db6bcbe\" data-element_type=\"widget\" data-widget_type=\"heading.default\">\n\t\t\t\t<div class=\"elementor-widget-container\">\n\t\t\t\t\t<h2 class=\"elementor-heading-title elementor-size-default\"><span class=\"tagify__tag-text\">Dark Web hackers inhuren<\/span><\/h2>\t\t\t\t<\/div>\n\t\t\t\t<\/div>\n\t\t\t\t\t<\/div>\n\t\t<\/div>\n\t\t\t\t\t<\/div>\n\t\t<\/section>\n\t\t\t\t<\/div>","protected":false},"excerpt":{"rendered":"<p>WhatsApp Hacker te huur De service Whatsapp hacker te huur is beschikbaar tegen redelijke prijzen als zelfstandige WhatsApp-hackservice en als onderdeel van een telefoonhackservice die ook toegang biedt tot WhatsApp. Onze prijzen zijn een van de beste in de branche en je kunt verzekerd zijn van 100% vertrouwelijkheid [...]<\/p>","protected":false},"author":1,"featured_media":4986,"parent":0,"menu_order":0,"comment_status":"closed","ping_status":"open","template":"","meta":{"_acf_changed":false,"footnotes":""},"class_list":["post-4991","page","type-page","status-publish","has-post-thumbnail","hentry"],"acf":[],"_links":{"self":[{"href":"https:\/\/allhackerforhire.com\/nl\/wp-json\/wp\/v2\/pages\/4991","targetHints":{"allow":["GET"]}}],"collection":[{"href":"https:\/\/allhackerforhire.com\/nl\/wp-json\/wp\/v2\/pages"}],"about":[{"href":"https:\/\/allhackerforhire.com\/nl\/wp-json\/wp\/v2\/types\/page"}],"author":[{"embeddable":true,"href":"https:\/\/allhackerforhire.com\/nl\/wp-json\/wp\/v2\/users\/1"}],"replies":[{"embeddable":true,"href":"https:\/\/allhackerforhire.com\/nl\/wp-json\/wp\/v2\/comments?post=4991"}],"version-history":[{"count":16,"href":"https:\/\/allhackerforhire.com\/nl\/wp-json\/wp\/v2\/pages\/4991\/revisions"}],"predecessor-version":[{"id":5175,"href":"https:\/\/allhackerforhire.com\/nl\/wp-json\/wp\/v2\/pages\/4991\/revisions\/5175"}],"wp:featuredmedia":[{"embeddable":true,"href":"https:\/\/allhackerforhire.com\/nl\/wp-json\/wp\/v2\/media\/4986"}],"wp:attachment":[{"href":"https:\/\/allhackerforhire.com\/nl\/wp-json\/wp\/v2\/media?parent=4991"}],"curies":[{"name":"wp","href":"https:\/\/api.w.org\/{rel}","templated":true}]}}