{"id":3,"date":"2022-09-30T13:36:44","date_gmt":"2022-09-30T13:36:44","guid":{"rendered":"https:\/\/buylegitpassport.com\/?page_id=3"},"modified":"2024-07-02T22:34:31","modified_gmt":"2024-07-02T22:34:31","slug":"profesjonalni-hakerzy-do-wynajecia","status":"publish","type":"page","link":"https:\/\/allhackerforhire.com\/pl\/profesjonalni-hakerzy-do-wynajecia\/","title":{"rendered":"Polityka prywatno\u015bci"},"content":{"rendered":"<div data-elementor-type=\"wp-page\" data-elementor-id=\"3\" class=\"elementor elementor-3\">\n\t\t\t\t\t\t<section class=\"elementor-section elementor-top-section elementor-element elementor-element-21ed0537 elementor-section-boxed elementor-section-height-default elementor-section-height-default default-style\" data-id=\"21ed0537\" data-element_type=\"section\" data-settings=\"{&quot;rt_color_sets&quot;:&quot;default-style&quot;}\">\n\t\t\t\t\t\t<div class=\"elementor-container elementor-column-gap-default\">\n\t\t\t\t\t<div class=\"elementor-column elementor-col-100 elementor-top-column elementor-element elementor-element-320524c5\" data-id=\"320524c5\" data-element_type=\"column\">\n\t\t\t<div class=\"elementor-widget-wrap elementor-element-populated\">\n\t\t\t\t\t\t<div class=\"elementor-element elementor-element-15f4f884 elementor-widget elementor-widget-text-editor\" data-id=\"15f4f884\" data-element_type=\"widget\" data-widget_type=\"text-editor.default\">\n\t\t\t\t<div class=\"elementor-widget-container\">\n\t\t\t\t\t\t\t\t\t<p><\/p>\n<h2 class=\"wp-block-heading\">Profesjonalni hakerzy do wynaj\u0119cia<\/h2>\n<p><\/p>\n<div data-id=\"45a8c67\" data-element_type=\"widget\" data-widget_type=\"text-editor.default\">\n<div>\n<div data-id=\"68dc6d6\" data-element_type=\"widget\" data-widget_type=\"text-editor.default\">\n<div>\n<div>\n<div>\n<p>\u00a9 <strong>Wynajem haker\u00f3w online<\/strong> przeprowadz\u0105 ci\u0119 przez ca\u0142y proces wyszukiwania, zatrudniania, wyja\u015bniania, negocjowania i op\u0142acania haker\u00f3w dzia\u0142aj\u0105cych w ciemnej sieci. Profesjonalni hakerzy do wynaj\u0119cia.<br>Poniewa\u017c jeste\u015bmy po\u015brednikiem, nigdy nie wchodzisz w bezpo\u015bredni\u0105 interakcj\u0119 z hakerem, ani administracyjnie, ani finansowo; nie ma \u017cadnego powi\u0105zania z tob\u0105. Certyfikowani etyczni hakerzy<a href=\"https:\/\/duckduckgo.com\/\" target=\"_blank\" rel=\"noopener\">.<\/a> <span contenteditable=\"true\">Profesjonalni hakerzy do wynaj\u0119cia.<\/span><\/p>\n<h3><span contenteditable=\"true\">Znajd\u017a profesjonalnych haker\u00f3w<\/span><\/h3>\n<p>Zapewnia to warstw\u0119 ochrony przed organami \u015bcigania, samym celem, a nawet hakerami dzia\u0142aj\u0105cymi w ciemnej sieci, kt\u00f3rzy nigdy nie poznaj\u0105 to\u017csamo\u015bci pierwotnego klienta. Praca za po\u015brednictwem opiekuna jest obecnie najbezpieczniejszym sposobem zatrudniania do pracy w cieniu. Zatrudnij etycznego hakera.<br>Mo\u017cesz by\u0107 pewien, \u017ce jako nasz klient zawsze b\u0119dziesz w pe\u0142ni bezpieczny i pozostaniesz anonimowy. Zapewniamy, \u017ce praca zostanie wykonana na czas i prawid\u0142owo, \u015brodki zostan\u0105 p\u0142ynnie przekazane, a wszystko zostanie wykonane zgodnie z pierwotnymi ustaleniami. Jak wynaj\u0105\u0107 <a href=\"https:\/\/allhackerforhire.com\/pl\/\">etyczny haker<\/a> online<\/p>\n<h3>Konsultacje dotycz\u0105ce roszcze\u0144 i odzyskiwania aktyw\u00f3w<\/h3>\n<p>Nasi eksperci ds. spor\u00f3w handlowych mog\u0105 pom\u00f3c osobom fizycznym i firmom, kt\u00f3re uwa\u017caj\u0105, \u017ce pad\u0142y ofiar\u0105 oszustwa, w odzyskaniu aktyw\u00f3w utraconych w wyniku oszustwa, zar\u00f3wno w kraju, jak i za granic\u0105. Reprezentujemy r\u00f3wnie\u017c klient\u00f3w oskar\u017conych o oszustwo, zapewniaj\u0105c ochron\u0119 ich aktyw\u00f3w i praw podczas konfliktu prawnego. Skontaktuj si\u0119 z nami, aby uzyska\u0107 pomoc w dowolnym elemencie odzyskiwania aktyw\u00f3w. Najlepsi hakerzy do wynaj\u0119cia w USA.<\/p>\n<h4>Nasza filozofia<\/h4>\n<p>Ochrona przed oszustwami internetowymi i stratami pieni\u0119\u017cnymi. Nasi eksperci ds. spor\u00f3w handlowych mog\u0105 pom\u00f3c osobom fizycznym i firmom, kt\u00f3re uwa\u017caj\u0105, \u017ce pad\u0142y ofiar\u0105 oszustwa, w odzyskaniu aktyw\u00f3w utraconych w wyniku oszustwa, zar\u00f3wno w kraju, jak i za granic\u0105. <span contenteditable=\"true\">Wynajem profesjonalnego hakera. P<\/span><span contenteditable=\"true\">Profesjonalni hakerzy do wynaj\u0119cia.<\/span><\/p>\n<div id=\"attachment_5018\" style=\"width: 310px\" class=\"wp-caption aligncenter\"><img fetchpriority=\"high\" decoding=\"async\" aria-describedby=\"caption-attachment-5018\" src=\"https:\/\/hireonlinehackers.com\/wp-content\/uploads\/2023\/09\/traxer-No9sjMu5zpA-unsplash-1-300x200.jpg\" alt=\"Profesjonalni hakerzy do wynaj\u0119cia\" width=\"300\" height=\"200\"><p id=\"caption-attachment-5018\" class=\"wp-caption-text\">Profesjonalni hakerzy do wynaj\u0119cia<\/p><\/div>\n<h4>Nasz cel?<\/h4>\n<p>Nasz cel jest prosty: b\u0119dziemy wsp\u00f3\u0142pracowa\u0107 z Tob\u0105, aby jak najszybciej odzyska\u0107 Twoje pieni\u0105dze, wykorzystuj\u0105c zaawansowane algorytmy i strategiczne sposoby, kt\u00f3re pomog\u0105 nam odzyska\u0107 Twoje straty. Rozwa\u017c skontaktowanie si\u0119 z nami ju\u017c dzi\u015b, aby om\u00f3wi\u0107 swoje roszczenie. <span contenteditable=\"true\">Profesjonalni hakerzy do wynaj\u0119cia.<\/span><\/p>\n<p><\/p>\n<h3>Profesjonalni hakerzy pracuj\u0105 razem, aby zapewni\u0107 naszym klientom najlepsz\u0105 mo\u017cliw\u0105 obs\u0142ug\u0119.<\/h3>\n<p>Aby zapewni\u0107 najlepsze i niezr\u00f3wnane us\u0142ugi hakerskie, nasz zesp\u00f3\u0142 do\u015bwiadczonych haker\u00f3w korzysta z najnowocze\u015bniejszych technologii. Jako profesjonalna organizacja hakerska do wynaj\u0119cia, dostarczamy naszym klientom najlepszych dost\u0119pnych certyfikowanych etycznych haker\u00f3w, a tak\u017ce umiej\u0119tno\u015bci i najwy\u017csz\u0105 poufno\u015b\u0107.<br>Ci\u0119\u017cko pracujemy, aby zrozumie\u0107 Twoje potrzeby i opracowa\u0107 rozwi\u0105zania, kt\u00f3re je spe\u0142niaj\u0105. Aby opracowa\u0107 nowe sposoby dostania si\u0119 do baz danych i sieci, regularnie ulepszamy nasze narz\u0119dzia ataku, strategie i podej\u015bcia.<\/p>\n<p><img decoding=\"async\" data-src=\"https:\/\/hireonlinehackers.com\/wp-content\/uploads\/2023\/01\/5-star-300x158.jpg\" alt=\"Profesjonalne us\u0142ugi hakerskie do wynaj\u0119cia\" width=\"66\" height=\"35\" src=\"data:image\/svg+xml;base64,PHN2ZyB3aWR0aD0iMSIgaGVpZ2h0PSIxIiB4bWxucz0iaHR0cDovL3d3dy53My5vcmcvMjAwMC9zdmciPjwvc3ZnPg==\" class=\"lazyload\" style=\"--smush-placeholder-width: 66px; --smush-placeholder-aspect-ratio: 66\/35;\"><\/p>\n<h3>Wynaj\u0119cie profesjonalnego hakera<\/h3>\n<p>Wynaj\u0119cie hakera z us\u0142ugami cyberszpiegowskimi, kt\u00f3re s\u0105 najlepszym rozwi\u0105zaniem dla mobilnych us\u0142ug szpiegowskich i bezpiecze\u0144stwa w Internecie. Tw\u00f3j dost\u0119p b\u0119dzie bezpieczny i anonimowy dzi\u0119ki us\u0142udze wynaj\u0119cia hakera.<\/p>\n<p>Dzi\u0119ki najlepszym profesjonalnym hakerom zapewniamy najlepsz\u0105 us\u0142ug\u0119 szpiegowania telefonu. Nasi profesjonalni hakerzy s\u0105 szkoleni przez wysoce profesjonalnych starszych haker\u00f3w, kt\u00f3rzy maj\u0105 bardzo wysoki poziom etyki.<\/p>\n<p>Wszyscy hakerzy telefoniczni s\u0105 specjalistami i maj\u0105 du\u017ce do\u015bwiadczenie praktyczne oraz zaawansowane kursy szkoleniowe.<br>Zach\u0119camy do wynaj\u0119cia hakera. <span contenteditable=\"true\">P<\/span><span contenteditable=\"true\">Profesjonalni hakerzy do wynaj\u0119cia.<\/span><\/p>\n<p>Ponad milion rodzic\u00f3w i os\u00f3b zatrudnia haker\u00f3w do ochrony swoich zwi\u0105zk\u00f3w. Mo\u017cesz \u015bledzi\u0107 lokalizacje, po\u0142\u0105czenia, wiadomo\u015bci, dzienniki, keylogger, media spo\u0142eczno\u015bciowe i wiele wi\u0119cej. Jest oparty na sieci i 100% bezpieczny. Hakowanie jest nielegalne. Jednak etyczne hakowanie jest akceptowane. W dzisiejszych czasach bezpiecze\u0144stwo i ochrona s\u0105 potrzebne przed cyberatakami, wi\u0119c tutaj jeste\u015bmy dost\u0119pni, aby rozwi\u0105za\u0107 Twoje problemy z prawdziwymi hakerami.<\/p>\n<h4>Wynajem hakera do us\u0142ug szpiegowskich<\/h4>\n<p>Jeste\u015bmy zespo\u0142em najbardziej profesjonalnych etycznych haker\u00f3w, kt\u00f3rzy zapewniaj\u0105 najlepsz\u0105 us\u0142ug\u0119 hakowania telefon\u00f3w. Jedna z najtrudniejszych sytuacji pojawia si\u0119 w \u017cyciu, gdy kto\u015b \u0142amie zaufanie.  Kiedy ma\u0142\u017conek oszukuje w trakcie trwania zwi\u0105zku, trudno jest go kontynuowa\u0107. Najlepsi hakerzy do wynaj\u0119cia w Internecie. <span contenteditable=\"true\">P<\/span><span contenteditable=\"true\">Profesjonalni hakerzy do wynaj\u0119cia.<\/span><\/p>\n<h4>Wynajem profesjonalnego hakera<\/h4>\n<p>Tutaj przychodzimy z nasz\u0105 us\u0142ug\u0105 szpiegowania telefonu. Mo\u017cesz \u0142atwo zatrudni\u0107 hakera i mie\u0107 oko na dzia\u0142ania swojego partnera. Dzi\u0119ki temu mo\u017cesz zebra\u0107 wystarczaj\u0105ce dowody, aby zg\u0142osi\u0107 tak\u0105 sytuacj\u0119 znajomym, cz\u0142onkom rodziny lub s\u0105dowi w celu zmiany. Zawsze wierzymy w przejrzysto\u015b\u0107, wi\u0119c wszystkie nasze us\u0142ugi s\u0105 obj\u0119te gwarancj\u0105 zwrotu pieni\u0119dzy. W ka\u017cdej chwili, je\u015bli nie otrzymasz us\u0142ugi, zwr\u00f3cimy ca\u0142\u0105 p\u0142atno\u015b\u0107. To buduje nasz\u0105 d\u0142ug\u0105 relacj\u0119.<\/p>\n<h3>Profesjonalne us\u0142ugi hakerskie do wynaj\u0119cia<\/h3>\n<div><a href=\"https:\/\/allhackerforhire.com\/pl\/\">Wynajem haker\u00f3w online<\/a> jest wiod\u0105c\u0105 organizacj\u0105 Hire Ethical Hackers z najlepszymi hakerami. Jeste\u015bmy dobrze wyszkolonymi, certyfikowanymi i bieg\u0142ymi hakerami! Jeste\u015bmy w stanie spe\u0142ni\u0107 nasze gwarancje, aby dostarczy\u0107 najlepsze us\u0142ugi hakerskie! <br>Oferujemy najlepsze us\u0142ugi hakerskie. Jest to \u0142atwe dla etycznych us\u0142ug hakerskich.  Pami\u0119taj, \u017ce nie ma z\u0142o\u015bliwo\u015bci w \u017c\u0105daniu haker\u00f3w do wynaj\u0119cia! Je\u015bli chcesz co\u015b osi\u0105gn\u0105\u0107, powiniene\u015b podej\u015b\u0107 i poprosi\u0107 o to...<\/div>\n<div>\n<h3>&nbsp;<\/h3>\n<\/div>\n<div>\n<h3>Najlepsi hakerzy do wynaj\u0119cia<\/h3>\n<p>Cisi infiltratorzy to profesjonalni hakerzy, kt\u00f3rzy s\u0105 stale gotowi s\u0142u\u017cy\u0107 ci w ka\u017cdej chwili. Jeste\u015bmy najbardziej zaufanym szpiegiem telefonicznym do wynaj\u0119cia, \u015bwiadcz\u0105cym profesjonalne us\u0142ugi hakerskie. Jako najlepsze organizacje Ethical Hacker for Hire na ca\u0142ym \u015bwiecie, zapewniamy doskona\u0142\u0105 zdolno\u015b\u0107 do uzyskiwania wszelkich informacji w Internecie. Testy penetracyjne i us\u0142ugi monitorowania dla etycznych us\u0142ug hakerskich. <span contenteditable=\"true\">P<\/span><span contenteditable=\"true\">Profesjonalni hakerzy do wynaj\u0119cia.<\/span><\/p>\n<p>Posiadamy mi\u0119dzynarodow\u0105 grup\u0119 certyfikowanych haker\u00f3w, kt\u00f3rzy s\u0105 specjalistami w niezwyk\u0142ych dziedzinach hakowania. Mo\u017cesz bez w\u0105tpienia etycznie hakowa\u0107 online, kontaktuj\u0105c si\u0119 z nami, a profesjonalny haker z naszego wykwalifikowanego i wyszkolonego zespo\u0142u haker\u00f3w zostanie przydzielony do wykonania Twojej pracy w kr\u00f3tkim czasie.<\/p>\n<p>Najlepsze mo\u017cliwo\u015bci w\u0142amywania si\u0119 do dowolnych komputer\u00f3w, hakowania ocen uniwersyteckich. <span contenteditable=\"true\">Zatrudnij profesjonalnego hakera.<\/span><\/p>\n<h4>Jak zatrudni\u0107 hakera Dark Web?<\/h4>\n<p>Nasz ekspert ds. cyberbezpiecze\u0144stwa mo\u017ce zapewni\u0107 etyczne hakowanie, us\u0142ugi dark web<a href=\"https:\/\/www.bing.com\/\" target=\"_blank\" rel=\"noopener\">,<\/a> i haker\u00f3w szarych kapeluszy, kt\u00f3rych mo\u017cna \u0142atwo zatrudni\u0107. <span contenteditable=\"true\">P<\/span><span contenteditable=\"true\">Profesjonalni hakerzy do wynaj\u0119cia.<\/span><\/p>\n<p>Je\u015bli chcesz zatrudni\u0107 eksperta od hakowania w szarym kapeluszu. Mo\u017cesz znale\u017a\u0107 niezawodnego dla swoich potrzeb hakerskich, najpierw powiniene\u015b zda\u0107 sobie spraw\u0119, gdzie szuka\u0107 i znale\u017a\u0107 certyfikowanego etycznego hakera.<\/p>\n<p>Istnieje wiele organizacji hakerskich, kt\u00f3re nie inwestuj\u0105 dodatkowej energii, aby zatrudni\u0107 hakera w pobli\u017cu, aby spe\u0142ni\u0107 oczekiwania klient\u00f3w. <span contenteditable=\"true\">Zatrudnij profesjonalnego hakera.<\/span><\/p>\n<p>Niekt\u00f3re osoby uwa\u017caj\u0105, \u017ce mog\u0105 zatrudni\u0107 hakera w pobli\u017cu za darmo, korzystaj\u0105c z us\u0142ug prywatnego agenta. Nie jest to zalecane, poniewa\u017c op\u0142aty s\u0105 galaktyczne i mog\u0105 zosta\u0107 odwr\u00f3cone, je\u015bli zostanie to zrobione przez b\u0142yskotliw\u0105 osob\u0119.<\/p>\n<\/div>\n<\/div>\n<\/div>\n<\/div>\n<\/div>\n<p><img decoding=\"async\" data-src=\"https:\/\/hireonlinehackers.com\/wp-content\/uploads\/2023\/01\/5-star-300x158.jpg\" alt=\"Profesjonalne us\u0142ugi hakerskie do wynaj\u0119cia\" width=\"36\" height=\"19\" src=\"data:image\/svg+xml;base64,PHN2ZyB3aWR0aD0iMSIgaGVpZ2h0PSIxIiB4bWxucz0iaHR0cDovL3d3dy53My5vcmcvMjAwMC9zdmciPjwvc3ZnPg==\" class=\"lazyload\" style=\"--smush-placeholder-width: 36px; --smush-placeholder-aspect-ratio: 36\/19;\"><\/p>\n<\/div>\n<\/div>\n<p><\/p>\t\t\t\t\t\t\t\t<\/div>\n\t\t\t\t<\/div>\n\t\t\t\t\t<\/div>\n\t\t<\/div>\n\t\t\t\t\t<\/div>\n\t\t<\/section>\n\t\t\t\t<section class=\"elementor-section elementor-top-section elementor-element elementor-element-da4e662 elementor-section-boxed elementor-section-height-default elementor-section-height-default default-style\" data-id=\"da4e662\" data-element_type=\"section\" data-settings=\"{&quot;rt_color_sets&quot;:&quot;default-style&quot;}\">\n\t\t\t\t\t\t<div class=\"elementor-container elementor-column-gap-default\">\n\t\t\t\t\t<div class=\"elementor-column elementor-col-50 elementor-top-column elementor-element elementor-element-db924fe\" data-id=\"db924fe\" data-element_type=\"column\">\n\t\t\t<div class=\"elementor-widget-wrap elementor-element-populated\">\n\t\t\t\t\t\t<div class=\"elementor-element elementor-element-0485719 elementor-widget elementor-widget-image\" data-id=\"0485719\" data-element_type=\"widget\" data-widget_type=\"image.default\">\n\t\t\t\t<div class=\"elementor-widget-container\">\n\t\t\t\t\t\t\t\t\t\t\t\t\t\t\t<img decoding=\"async\" width=\"768\" height=\"288\" data-src=\"https:\/\/allhackerforhire.com\/wp-content\/uploads\/2022\/11\/Buy-Registered-Documents.jpg\" class=\"attachment-large size-large wp-image-4545 lazyload\" alt=\"Wynajem haker\u00f3w Dark Web\" data-srcset=\"https:\/\/allhackerforhire.com\/wp-content\/uploads\/2022\/11\/Buy-Registered-Documents.jpg 768w, https:\/\/allhackerforhire.com\/wp-content\/uploads\/2022\/11\/Buy-Registered-Documents-300x113.jpg 300w, https:\/\/allhackerforhire.com\/wp-content\/uploads\/2022\/11\/Buy-Registered-Documents-600x225.jpg 600w\" data-sizes=\"(max-width: 768px) 100vw, 768px\" src=\"data:image\/svg+xml;base64,PHN2ZyB3aWR0aD0iMSIgaGVpZ2h0PSIxIiB4bWxucz0iaHR0cDovL3d3dy53My5vcmcvMjAwMC9zdmciPjwvc3ZnPg==\" style=\"--smush-placeholder-width: 768px; --smush-placeholder-aspect-ratio: 768\/288;\" \/>\t\t\t\t\t\t\t\t\t\t\t\t\t\t\t<\/div>\n\t\t\t\t<\/div>\n\t\t\t\t\t<\/div>\n\t\t<\/div>\n\t\t\t\t<div class=\"elementor-column elementor-col-50 elementor-top-column elementor-element elementor-element-bff131d\" data-id=\"bff131d\" data-element_type=\"column\">\n\t\t\t<div class=\"elementor-widget-wrap elementor-element-populated\">\n\t\t\t\t\t\t<div class=\"elementor-element elementor-element-db6bcbe elementor-widget elementor-widget-heading\" data-id=\"db6bcbe\" data-element_type=\"widget\" data-widget_type=\"heading.default\">\n\t\t\t\t<div class=\"elementor-widget-container\">\n\t\t\t\t\t<h2 class=\"elementor-heading-title elementor-size-default\"><span class=\"tagify__tag-text\">Wynajem haker\u00f3w Dark Web<\/span><\/h2>\t\t\t\t<\/div>\n\t\t\t\t<\/div>\n\t\t\t\t\t<\/div>\n\t\t<\/div>\n\t\t\t\t\t<\/div>\n\t\t<\/section>\n\t\t\t\t<\/div>","protected":false},"excerpt":{"rendered":"<p>Professional Hackers For Hire \u00a9 Hire Online Hackers services will walk you through and supervise the entire process of finding, hiring, explaining, negotiating, and paying dark web hackers. Professional hackers for hire.Since we are the middleman, you never directly interact with the hacker, neither administratively nor financially; there is no link tracing back to you. [&hellip;]<\/p>","protected":false},"author":1,"featured_media":4993,"parent":0,"menu_order":0,"comment_status":"closed","ping_status":"open","template":"","meta":{"_acf_changed":false,"footnotes":""},"class_list":["post-3","page","type-page","status-publish","has-post-thumbnail","hentry"],"acf":[],"_links":{"self":[{"href":"https:\/\/allhackerforhire.com\/pl\/wp-json\/wp\/v2\/pages\/3","targetHints":{"allow":["GET"]}}],"collection":[{"href":"https:\/\/allhackerforhire.com\/pl\/wp-json\/wp\/v2\/pages"}],"about":[{"href":"https:\/\/allhackerforhire.com\/pl\/wp-json\/wp\/v2\/types\/page"}],"author":[{"embeddable":true,"href":"https:\/\/allhackerforhire.com\/pl\/wp-json\/wp\/v2\/users\/1"}],"replies":[{"embeddable":true,"href":"https:\/\/allhackerforhire.com\/pl\/wp-json\/wp\/v2\/comments?post=3"}],"version-history":[{"count":55,"href":"https:\/\/allhackerforhire.com\/pl\/wp-json\/wp\/v2\/pages\/3\/revisions"}],"predecessor-version":[{"id":5159,"href":"https:\/\/allhackerforhire.com\/pl\/wp-json\/wp\/v2\/pages\/3\/revisions\/5159"}],"wp:featuredmedia":[{"embeddable":true,"href":"https:\/\/allhackerforhire.com\/pl\/wp-json\/wp\/v2\/media\/4993"}],"wp:attachment":[{"href":"https:\/\/allhackerforhire.com\/pl\/wp-json\/wp\/v2\/media?parent=3"}],"curies":[{"name":"wp","href":"https:\/\/api.w.org\/{rel}","templated":true}]}}