{"id":40,"date":"2010-08-23T19:14:50","date_gmt":"2010-08-23T19:14:50","guid":{"rendered":"http:\/\/rttheme10.templatemints.com\/?page_id=40"},"modified":"2025-11-16T10:32:59","modified_gmt":"2025-11-16T10:32:59","slug":"zatrudnij-hakera","status":"publish","type":"page","link":"https:\/\/allhackerforhire.com\/pl\/zatrudnij-hakera\/","title":{"rendered":"Kontakt"},"content":{"rendered":"<h1>WYNAJ\u0118CIE HAKERA<\/h1>\n<h2>Wynajem hakera online | Wynajem hakera | Wynajem hakera<\/h2>\n<p>Zatrudnij hakera, kt\u00f3ry jest uczciwy i zaanga\u017cowany w realizacj\u0119 przydzielonej us\u0142ugi hakerskiej. Gwarantowane wyniki us\u0142ugi hakerskiej. Nasi hakerzy do wynaj\u0119cia s\u0105 uczciwi, oddani i pasjonaci swojej pracy, mog\u0105 przekroczy\u0107 ka\u017cdy poziom hakowania, aby odnie\u015b\u0107 sukces w hakowaniu. Szybka odpowied\u017a od hakera Znajd\u017a hakera Dark Web odpowiada w ci\u0105gu 30 minut.<\/p>\n<h3 data-rt-animate=\"animate\" data-rt-animation-type=\"fade\" data-rt-animation-group=\"single\">KONTAKT<\/h3>\n<h3>Zaufani hakerzy do wynaj\u0119cia<\/h3>\n<div><span style=\"color: #ff0000;\"><strong>ALL8hfh@protonmail.ch<\/strong><\/span><\/div>\n<h2><strong>Podziemni hakerzy komputerowi do wynaj\u0119cia<\/strong><\/h2>\n<p>Jeste\u015bmy dostawcami us\u0142ug hakerskich i oferujemy ekskluzywnych, godnych zaufania etycznych ekspert\u00f3w ds. cyberbezpiecze\u0144stwa na ca\u0142ym \u015bwiecie. Tutaj mo\u017cna znale\u017a\u0107 szerok\u0105 gam\u0119 dost\u0119pnych ekspert\u00f3w online. Obs\u0142uga klienta online 24*7. Zatrudnij profesjonalnych ekspert\u00f3w ds. cyberbezpiecze\u0144stwa 24\/7 w dowolnym momencie.<\/p>\n<p>Nasze najlepsze us\u0142ugi cyber-eksperckie oferuj\u0105: ratowanie zhakowanego telefonu, odzyskiwanie hase\u0142 do medi\u00f3w spo\u0142eczno\u015bciowych, odzyskiwanie \u015brodk\u00f3w z oszustwa inwestycyjnego Crypto, \u015bledzenie oszustw przelew\u00f3w bankowych, znies\u0142awiaj\u0105ce lub fa\u0142szywe artyku\u0142y internetowe, posty na blogach lub zg\u0142aszanie i usuwanie fa\u0142szywych recenzji, odzyskiwanie zhakowanych lub skompromitowanych stron internetowych i wiele innych us\u0142ug, w przypadku kt\u00f3rych jeste\u015b bezradny i nie jeste\u015b w stanie znale\u017a\u0107 dalszego sposobu post\u0119powania.<\/p>\n<p>Je\u015bli nie jeste\u015b pewien, jakiej us\u0142ugi potrzebujesz, ale masz problem gotowy do rozwi\u0105zania, b\u0119dziesz musia\u0142 podj\u0105\u0107 inicjatyw\u0119, aby o ni\u0105 poprosi\u0107:<\/p>\n<ol>\n<li>Spy and Monitor to czo\u0142owa organizacja etycznych haker\u00f3w do wynaj\u0119cia!<\/li>\n<li>Zatrudniaj bardzo dobrze wyszkolonych, certyfikowanych i profesjonalnych haker\u00f3w!<\/li>\n<li>Wynajmij hakera, kt\u00f3ry jest w stanie spe\u0142ni\u0107 obietnice!<\/li>\n<li>Nasz\u0105 unikaln\u0105 cech\u0105 jest zaufanie i odpowiedzialno\u015b\u0107!<\/li>\n<\/ol>\n<p>Budujemy zaufanie dla wszystkich klient\u00f3w. Nie wahaj si\u0119 z nami skontaktowa\u0107. Niezale\u017cnie od tego, jakie masz zapytanie, po prostu skontaktuj si\u0119 z nami\u00a0<b>Profesjonalni eksperci ds. cyberbezpiecze\u0144stwa<\/b>, Nasz profesjonalny i utalentowany zesp\u00f3\u0142 skontaktuje si\u0119 z Tob\u0105 tak szybko, jak to mo\u017cliwe. Zatrudnij hakera online.<\/p>\n<p>Tutaj znajdziesz rozwi\u0105zanie wszystkich problem\u00f3w, takich jak w\u0142amanie na Facebooka, odzyskiwanie hase\u0142, Instagram Hacker, WhatsApp, Snapchat Hacker, e-mail lub komputer, lub podejrzewasz, \u017ce kto\u015b monitoruje Tw\u00f3j telefon, uzyskaj rozwi\u0105zanie swojego problemu od wyspecjalizowanych ekspert\u00f3w cybernetycznych.<\/p>\n<p>Mamy ponad 100 profesjonalnych ekspert\u00f3w ds. cyberbezpiecze\u0144stwa i upewniamy si\u0119, \u017ce jeste\u015b bezpieczny podczas wynajmowania hakera online od nas. Zaufanie jest nasz\u0105 pierwsz\u0105 broni\u0105. Wi\u0119c nie martw si\u0119! Dostarczyli\u015bmy nasze us\u0142ugi wielu klientom na ca\u0142ym \u015bwiecie. Nie ujawniamy nikomu Twoich danych osobowych.<\/p>\n<p><img decoding=\"async\" data-src=\"https:\/\/hireonlinehackers.com\/wp-content\/uploads\/2023\/01\/5-star-300x158.jpg\" alt=\"Profesjonalne us\u0142ugi hakerskie do wynaj\u0119cia\" width=\"53\" height=\"28\" src=\"data:image\/svg+xml;base64,PHN2ZyB3aWR0aD0iMSIgaGVpZ2h0PSIxIiB4bWxucz0iaHR0cDovL3d3dy53My5vcmcvMjAwMC9zdmciPjwvc3ZnPg==\" class=\"lazyload\" style=\"--smush-placeholder-width: 53px; --smush-placeholder-aspect-ratio: 53\/28;\" \/><\/p>\n<h3 data-rt-animate=\"animate\" data-rt-animation-type=\"fade\" data-rt-animation-group=\"single\">SATYSFAKCJA JEST GWARANTOWANA.<\/h3>\n<h2>Profesjonalni hakerzy do wynaj\u0119cia<\/h2>\n<h3>Us\u0142ugi monitorowania telefonu<\/h3>\n<p>Zapewniamy pe\u0142n\u0105 us\u0142ug\u0119 monitorowania telefonu kom\u00f3rkowego dla docelowego numeru przy u\u017cyciu najnowocze\u015bniejszej technologii, kt\u00f3ra pozwoli ci kontrolowa\u0107 wszystkie aspekty urz\u0105dzenia. Monitorowanie zdradzaj\u0105cego partnera jest do Twojej dyspozycji! Haker do wynaj\u0119cia.<\/p>\n<h3>Us\u0142ugi odzyskiwania hase\u0142<\/h3>\n<p>Zapewnimy ci dost\u0119p do pe\u0142nego konta, dzi\u0119ki czemu b\u0119dziesz m\u00f3g\u0142 czyta\u0107 wszystkie wiadomo\u015bci przychodz\u0105ce i wychodz\u0105ce. Zobaczysz r\u00f3wnie\u017c ostatnio usuni\u0119te wiadomo\u015bci. Prawdziwi hakerzy do wynaj\u0119cia.<\/p>\n<p><img decoding=\"async\" data-src=\"https:\/\/hireonlinehackers.com\/wp-content\/uploads\/2023\/01\/5-star-300x158.jpg\" alt=\"Profesjonalne us\u0142ugi hakerskie do wynaj\u0119cia\" width=\"66\" height=\"35\" src=\"data:image\/svg+xml;base64,PHN2ZyB3aWR0aD0iMSIgaGVpZ2h0PSIxIiB4bWxucz0iaHR0cDovL3d3dy53My5vcmcvMjAwMC9zdmciPjwvc3ZnPg==\" class=\"lazyload\" style=\"--smush-placeholder-width: 66px; --smush-placeholder-aspect-ratio: 66\/35;\" \/><\/p>\n<h3>Us\u0142ugi penetracji medi\u00f3w spo\u0142eczno\u015bciowych<\/h3>\n<p>Zapewnimy ci dost\u0119p do r\u00f3\u017cnych kont w mediach spo\u0142eczno\u015bciowych, takich jak Messenger, Whatsapp, Instagram, Snapchat, Telegram itp. Monitoruj dyskretnie bez ostrze\u017cenia swojego celu. Teraz mo\u017cesz wynaj\u0105\u0107 od nas etycznych ekspert\u00f3w ds. cyberprzest\u0119pczo\u015bci w mediach spo\u0142eczno\u015bciowych. Zatrudnij hakera.<\/p>\n<h2><strong>Najlepsi etyczni cyberhakerzy<\/strong><\/h2>\n<p>Profesjonalni eksperci ds. cyberbezpiecze\u0144stwa s\u0105 zawsze przygotowani do \u015bwiadczenia najlepszych us\u0142ug hakerskich. Jeste\u015bmy profesjonalnymi dostawcami us\u0142ug hakerskich w Stanach Zjednoczonych. Mo\u017cesz \u0142atwo eksplorowa\u0107 online\u00a0<b>hakerzy do wynaj\u0119cia<\/b>. Jako czo\u0142owy Ethical Hacker for Hire na \u015bwiecie, Spy and Monitor oferuje najlepszych cyber-ekspert\u00f3w online na ca\u0142ym \u015bwiecie.<\/p>\n<p>Posiadamy wyspecjalizowany ponad 100-osobowy globalny zesp\u00f3\u0142 wysoce do\u015bwiadczonych ekspert\u00f3w ds. cyberbezpiecze\u0144stwa, w kt\u00f3rym mo\u017cesz\u00a0<a href=\"https:\/\/allhackerforhire.com\/pl\/zatrudnij-hakera\/\">kontakt z hakerami online<\/a>, kt\u00f3rzy s\u0105 ekspertami w dziedzinie hakowania. Nasi najlepsi hakerzy s\u0105 zatrudniani online poprzez przeprowadzanie test\u00f3w na \u017cywo na wielu poziomach; gdy si\u0119 sprawdz\u0105, mog\u0105 do\u0142\u0105czy\u0107 do naszego doskona\u0142ego zespo\u0142u<a href=\"https:\/\/duckduckgo.com\/\" target=\"_blank\" rel=\"noopener\">.<\/a> Zatrudnij hakera do dowolnego zadania.<\/p>\n<p>Wynajem profesjonalnych ekspert\u00f3w ds. cyberbezpiecze\u0144stwa do \u015bwiadczenia us\u0142ug monitorowania telefonu<\/p>\n<p>Zatrudnianie etycznych cyberhaker\u00f3w do monitorowania nieetycznych partner\u00f3w\/ma\u0142\u017conk\u00f3w<\/p>\n<p>Wynajem haker\u00f3w w celu odzyskania oszustwa inwestycyjnego Crypto<\/p>\n<p>Zatrudnianie etycznych cyberprzest\u0119pc\u00f3w do penetracji medi\u00f3w spo\u0142eczno\u015bciowych<\/p>\n<p><img decoding=\"async\" data-src=\"https:\/\/buylegitpassport.com\/wp-content\/uploads\/2022\/11\/5-star-2-300x158.jpg\" alt=\"Wynaj\u0119cie hakera\" width=\"70\" height=\"37\" src=\"data:image\/svg+xml;base64,PHN2ZyB3aWR0aD0iMSIgaGVpZ2h0PSIxIiB4bWxucz0iaHR0cDovL3d3dy53My5vcmcvMjAwMC9zdmciPjwvc3ZnPg==\" class=\"lazyload\" style=\"--smush-placeholder-width: 70px; --smush-placeholder-aspect-ratio: 70\/37;\" \/><\/p>\n<section data-id=\"785fc72\" data-element_type=\"section\" data-settings=\"{&quot;background_background&quot;:&quot;classic&quot;}\">\n<h2><strong>KIM JESTE\u015aMY<\/strong><\/h2>\n<p>Nasi hakerzy do wynaj\u0119cia s\u0105 profesjonalni, do\u015bwiadczeni, niezwykli i niezwykle utalentowani. Wi\u0119kszo\u015b\u0107 naszych etycznych ekspert\u00f3w ds. cyberbezpiecze\u0144stwa pracowa\u0142a przez ponad 15 lat dla r\u00f3\u017cnych klient\u00f3w i agencji w dziedzinie penetracji medi\u00f3w spo\u0142eczno\u015bciowych, odzyskiwania funduszy z oszuka\u0144czych stron internetowych lub firm, inwestycji w kryptowaluty lub bitcoiny oraz zarz\u0105dzania danymi, a wi\u0119kszo\u015b\u0107 z nich, je\u015bli nie wszyscy, ma wiedz\u0119 na temat pracy dla firm, kt\u00f3re kszta\u0142tuj\u0105 r\u00f3\u017cne konfiguracje zabezpiecze\u0144 dla r\u00f3\u017cnych aplikacji. Praca dla takich firm daje naszym profesjonalnym hakerom przewag\u0119 i pe\u0142ny wgl\u0105d w to, jak dzia\u0142aj\u0105 zabezpieczenia dla r\u00f3\u017cnych aplikacji<\/p>\n<h2><strong>CO ROBIMY<\/strong><\/h2>\n<p>Jeste\u015bmy profesjonalistami we wszystkich dziedzinach. Jeste\u015bmy specjalistami w monitorowaniu telefon\u00f3w i zapewniamy kompleksowe us\u0142ugi monitorowania telefon\u00f3w naszym klientom, kt\u00f3rzy regularnie potrzebuj\u0105 ich dla swoich dzieci lub w sytuacjach takich jak podejrzenie zdrady wsp\u00f3\u0142ma\u0142\u017conka lub partner\u00f3w biznesowych itp. Wype\u0142nij nasz formularz kontaktowy, a my om\u00f3wimy Twoje wymagania i zapewnimy Ci odpowiednie rozwi\u0105zanie.<\/p>\n<h2><strong>HAKER DO WYNAJ\u0118CIA<\/strong><\/h2>\n<p>Zatrudnij naszych haker\u00f3w, kt\u00f3rzy s\u0105 oddani doskona\u0142o\u015bci. Zdarzaj\u0105 si\u0119 sytuacje, w kt\u00f3rych rozwa\u017casz zatrudnienie nowicjusza; jednak czekasz, aby zdoby\u0107 hakera. Nie wahaj si\u0119 z nami skontaktowa\u0107, a my zapewnimy ci konkretn\u0105 us\u0142ug\u0119 wynajmu haker\u00f3w. Poni\u017cej znajduje si\u0119 kilka najgor\u0119tszych haker\u00f3w do wynaj\u0119cia. Wynajem hakera.<\/p>\n<h3>Ile kosztuje wynaj\u0119cie hakera?<\/h3>\n<p>Koszt wynaj\u0119cia hakera mo\u017ce si\u0119 znacznie r\u00f3\u017cni\u0107 w zale\u017cno\u015bci od rodzaju potrzebnej pracy, poziomu wiedzy hakera i ilo\u015bci czasu niezb\u0119dnego do wykonania zadania. Wynaj\u0119cie hakera mo\u017ce kosztowa\u0107 od kilku do tysi\u0119cy dolar\u00f3w.<\/p>\n<p>By\u0107 mo\u017ce zastanawiasz si\u0119, czy zatrudnianie haker\u00f3w jest nielegalne. Tak, nale\u017cy pami\u0119ta\u0107, \u017ce zatrudnianie haker\u00f3w jest nielegalne w wi\u0119kszo\u015bci kraj\u00f3w i mo\u017ce mie\u0107 powa\u017cne konsekwencje prawne.<\/p>\n<h2>Nasze us\u0142ugi hakerskie<\/h2>\n<ol>\n<li>Us\u0142uga monitorowania telefonu kom\u00f3rkowego<\/li>\n<li>Eksperci ds. cybermedi\u00f3w spo\u0142eczno\u015bciowych<\/li>\n<li>Testy penetracyjne stron internetowych<\/li>\n<li>Dochodzenie w sprawie zdradzaj\u0105cego partnera\/ma\u0142\u017conka<\/li>\n<li>Us\u0142ugi monitorowania komputer\u00f3w w chmurze<\/li>\n<li>Odwr\u00f3cenie przelewu bankowego<\/li>\n<li>Oszustwa zwi\u0105zane z funduszami inwestycyjnymi Bitcoin<\/li>\n<\/ol>\n<\/section>","protected":false},"excerpt":{"rendered":"<p>HIRE A HACKER Hire A Hacker Online | Rent A Hacker | Rent a Hacker Hire a Hacker Who is Honest and Dedicated To Fulfilling the Hacking Service Assigned. Assured Hacking Service Results. Our hackers for hire are honest, dedicated, and passionate about their work, they can cross any level of hacking to get success [&hellip;]<\/p>","protected":false},"author":1,"featured_media":0,"parent":0,"menu_order":0,"comment_status":"open","ping_status":"closed","template":"builder-ready.php","meta":{"_acf_changed":false,"footnotes":""},"class_list":["post-40","page","type-page","status-publish","hentry"],"acf":[],"_links":{"self":[{"href":"https:\/\/allhackerforhire.com\/pl\/wp-json\/wp\/v2\/pages\/40","targetHints":{"allow":["GET"]}}],"collection":[{"href":"https:\/\/allhackerforhire.com\/pl\/wp-json\/wp\/v2\/pages"}],"about":[{"href":"https:\/\/allhackerforhire.com\/pl\/wp-json\/wp\/v2\/types\/page"}],"author":[{"embeddable":true,"href":"https:\/\/allhackerforhire.com\/pl\/wp-json\/wp\/v2\/users\/1"}],"replies":[{"embeddable":true,"href":"https:\/\/allhackerforhire.com\/pl\/wp-json\/wp\/v2\/comments?post=40"}],"version-history":[{"count":104,"href":"https:\/\/allhackerforhire.com\/pl\/wp-json\/wp\/v2\/pages\/40\/revisions"}],"predecessor-version":[{"id":5858,"href":"https:\/\/allhackerforhire.com\/pl\/wp-json\/wp\/v2\/pages\/40\/revisions\/5858"}],"wp:attachment":[{"href":"https:\/\/allhackerforhire.com\/pl\/wp-json\/wp\/v2\/media?parent=40"}],"curies":[{"name":"wp","href":"https:\/\/api.w.org\/{rel}","templated":true}]}}