{"id":4967,"date":"2023-09-10T15:27:23","date_gmt":"2023-09-10T15:27:23","guid":{"rendered":"https:\/\/hireonlinehackers.com\/?page_id=4967"},"modified":"2024-07-02T22:26:43","modified_gmt":"2024-07-02T22:26:43","slug":"usluga-wynajmu-hakerow-telefonicznych","status":"publish","type":"page","link":"https:\/\/allhackerforhire.com\/pl\/usluga-wynajmu-hakerow-telefonicznych\/","title":{"rendered":"Hakerzy telefoniczni"},"content":{"rendered":"<div data-elementor-type=\"wp-page\" data-elementor-id=\"4967\" class=\"elementor elementor-4967\">\n\t\t\t\t\t\t<section class=\"elementor-section elementor-top-section elementor-element elementor-element-21ed0537 elementor-section-boxed elementor-section-height-default elementor-section-height-default default-style\" data-id=\"21ed0537\" data-element_type=\"section\" data-settings=\"{&quot;rt_color_sets&quot;:&quot;default-style&quot;}\">\n\t\t\t\t\t\t<div class=\"elementor-container elementor-column-gap-default\">\n\t\t\t\t\t<div class=\"elementor-column elementor-col-100 elementor-top-column elementor-element elementor-element-320524c5\" data-id=\"320524c5\" data-element_type=\"column\">\n\t\t\t<div class=\"elementor-widget-wrap elementor-element-populated\">\n\t\t\t\t\t\t<div class=\"elementor-element elementor-element-15f4f884 elementor-widget elementor-widget-text-editor\" data-id=\"15f4f884\" data-element_type=\"widget\" data-widget_type=\"text-editor.default\">\n\t\t\t\t<div class=\"elementor-widget-container\">\n\t\t\t\t\t\t\t\t\t<p><\/p>\n<h2 class=\"wp-block-heading\">Hakerzy telefoniczni do wynaj\u0119cia<\/h2>\n<p><\/p>\n<div data-id=\"45a8c67\" data-element_type=\"widget\" data-widget_type=\"text-editor.default\">\n<div>\n<div data-id=\"68dc6d6\" data-element_type=\"widget\" data-widget_type=\"text-editor.default\">\n<div>\n<p>Hakerzy telefoniczni do wynaj\u0119cia zapewniaj\u0105 pe\u0142ne monitorowanie telefonu, umo\u017cliwiaj\u0105c s\u0142uchanie rozm\u00f3w telefonicznych, przegl\u0105danie wiadomo\u015bci tekstowych i iMessage, wiadomo\u015bci Whatsapp, Instagram, wiadomo\u015bci Snapchat i wszystkich innych us\u0142ug przesy\u0142ania wiadomo\u015bci i medi\u00f3w spo\u0142eczno\u015bciowych, kt\u00f3re s\u0105 u\u017cywane z urz\u0105dzenia. <span contenteditable=\"true\">Hakerzy telefoniczni do wynaj\u0119cia.<\/span><\/p>\n<p>\u00a0Us\u0142ug\u0119 wynajmu hakera telefonicznego mo\u017cna zam\u00f3wi\u0107, wype\u0142niaj\u0105c formularz kontaktowy dost\u0119pny na dole tej strony. Mo\u017cesz by\u0107 pewny poufno\u015bci 100% podczas zamawiania naszej us\u0142ugi hakera telefonicznego do wynaj\u0119cia. Komunikacja z nami jest w pe\u0142ni bezpieczna. Zach\u0119camy do zam\u00f3wienia us\u0142ugi hakowania telefonu z pe\u0142nym zaufaniem i uzyskania natychmiastowych odpowiedzi od naszej super aktywnej obs\u0142ugi klienta<a href=\"https:\/\/duckduckgo.com\/\" target=\"_blank\" rel=\"noopener\">.<\/a> Wynaj\u0119cie hakera telefon\u00f3w kom\u00f3rkowych.<\/p>\n<h3><span contenteditable=\"true\">Wynaj\u0119cie hakera do zhakowania telefonu kom\u00f3rkowego<\/span><\/h3>\n<p>Wynajmij hakera na telefon kom\u00f3rkowy\/telefon kom\u00f3rkowy, aby spe\u0142ni\u0107 dowolne wymagania, od \u015bledzenia aktywno\u015bci dziecka po dowiedzenie si\u0119 o podejrzanym o oszustwo ma\u0142\u017conku\/partnerze lub innych wymaganiach dotycz\u0105cych hakowania telefonu w zale\u017cno\u015bci od okoliczno\u015bci. <span contenteditable=\"true\">Wynaj\u0119cie hakera do zhakowania telefonu kom\u00f3rkowego.<\/span><\/p>\n<div data-animation-style=\"fade\" data-animation-repeat=\"\" data-animation-duration=\"1000ms\" data-animation-delay=\"0ms\" data-animation-intensity=\"50%\" data-animation-starting-opacity=\"0%\" data-animation-speed-curve=\"ease-in-out\">\n<div>\n<h1>Zdalni hakerzy telefon\u00f3w kom\u00f3rkowych do wynaj\u0119cia online<\/h1>\n<h2>Mo\u017cemy zhakowa\u0107 wszystko w sieci<\/h2>\n<\/div>\n<\/div>\n<div>\n<div>\n<p>Keystroke Group sk\u0142ada si\u0119 z 50 certyfikowanych etycznych, szarych i czarnych kapeluszy. <a href=\"https:\/\/allhackerforhire.com\/pl\/\" target=\"_blank\" rel=\"noopener\">Hakerzy online<\/a>. Nasza grupa specjalizuje si\u0119 w hakowaniu telefon\u00f3w kom\u00f3rkowych i kryminalistyce cyfrowej. Mo\u017cesz teraz uzyska\u0107 dost\u0119p do dowolnych danych z dowolnego smartfona za pomoc\u0105 tylko numeru telefonu kom\u00f3rkowego<a href=\"https:\/\/www.bing.com\/\" target=\"_blank\" rel=\"noopener\">.<\/a> Zakres naszej pracy obejmuje r\u00f3wnie\u017c uzyskanie dost\u0119pu do dowolnego konta w mediach spo\u0142eczno\u015bciowych. Konto mo\u017ce by\u0107 aktywne, nieaktywne lub nawet usuni\u0119te. <span contenteditable=\"true\">Wynaj\u0119cie hakera do zhakowania telefonu kom\u00f3rkowego.<\/span><\/p>\n<div>\n<h2>Wynajem us\u0142ugi hakerskiej do szpiegowania telefonu kom\u00f3rkowego<\/h2>\n<p>W ostatnim czasie nast\u0105pi\u0142 znaczny post\u0119p technologiczny, zw\u0142aszcza je\u015bli chodzi o technologi\u0119 monitorowania szpiegowskiego telefon\u00f3w kom\u00f3rkowych. Od rozwoju aplikacji szpiegowskich na telefony kom\u00f3rkowe po profesjonalist\u00f3w oferuj\u0105cych swoje umiej\u0119tno\u015bci techniczne i wiedz\u0119 technologiczn\u0105. Mo\u017cesz \u0142atwo zatrudni\u0107 jednego z nich\u00a0<a href=\"https:\/\/allhackerforhire.com\/pl\/\" target=\"_blank\" rel=\"noreferrer noopener\">legalni i zweryfikowani hakerzy<\/a>\u00a0w celu monitorowania telefon\u00f3w kom\u00f3rkowych i innych us\u0142ug hakerskich, kt\u00f3re mog\u0105 Ci\u0119 zainteresowa\u0107. <span contenteditable=\"true\">Hakerzy telefoniczni do wynaj\u0119cia.<\/span><\/p>\n<p>Wiele os\u00f3b jest zainteresowanych szpiegowaniem telefon\u00f3w kom\u00f3rkowych innych os\u00f3b z r\u00f3\u017cnych powod\u00f3w. Jednak trzy g\u0142\u00f3wne kategorie os\u00f3b, kt\u00f3re uwa\u017caj\u0105 technologi\u0119 szpiegowania telefon\u00f3w kom\u00f3rkowych za szczeg\u00f3lnie przydatn\u0105 w oparciu o ich zapotrzebowanie, to: pary ma\u0142\u017ce\u0144skie pr\u00f3buj\u0105ce szpiegowa\u0107 wsp\u00f3\u0142ma\u0142\u017conka, aby upewni\u0107 si\u0119, \u017ce nie jest niewierny, rodzice pr\u00f3buj\u0105cy monitorowa\u0107 swoje dzieci oraz pracodawcy, kt\u00f3rzy chc\u0105 monitorowa\u0107 swoich pracownik\u00f3w. <span contenteditable=\"true\">Wynaj\u0119cie hakera do zhakowania telefonu kom\u00f3rkowego.<\/span><\/p>\n<h2>Wynaj\u0119cie hakera do zhakowania telefonu<\/h2>\n<p>Je\u015bli chodzi o monitorowanie telefonu kom\u00f3rkowego, najlepszym miejscem, w kt\u00f3rym mo\u017cna znale\u017a\u0107 niezawodne i zaufane rozwi\u0105zanie, jest zatrudnienie profesjonalnego hakera do wynaj\u0119cia, kt\u00f3remu mo\u017cna zaufa\u0107. Hakowanie komputer\u00f3w i hakowanie smartfon\u00f3w maj\u0105 ze sob\u0105 wiele wsp\u00f3lnego i dlatego tylko profesjonalny haker mo\u017ce by\u0107 zaufany, aby uzyska\u0107 dost\u0119p do urz\u0105dzenia mobilnego w celu monitorowania. <span contenteditable=\"true\">Wynaj\u0119cie hakera do zhakowania telefonu kom\u00f3rkowego.<\/span><\/p>\n<p>Je\u015bli spr\u00f3bujesz wyszuka\u0107 w Internecie, jak szpiegowa\u0107 telefon kom\u00f3rkowy, wi\u0119kszo\u015b\u0107 wynik\u00f3w, kt\u00f3re znajdziesz, to aplikacje szpiegowskie. Prawda jest jednak taka, \u017ce aplikacje szpiegowskie s\u0105 og\u00f3lnie znane jako nieskuteczne i bez wzgl\u0119du na nazw\u0119 aplikacji szpiegowskiej, wszystkie dzia\u0142aj\u0105 podobnie. Kolejn\u0105 wad\u0105 aplikacji szpiegowskich jest to, \u017ce musisz mie\u0107 dost\u0119p do urz\u0105dzenia docelowego, aby m\u00f3c z nich korzysta\u0107. <span contenteditable=\"true\">Hakerzy telefoniczni do wynaj\u0119cia<\/span><\/p>\n<div id=\"attachment_4971\" style=\"width: 310px\" class=\"wp-caption alignnone\"><img decoding=\"async\" aria-describedby=\"caption-attachment-4971\" data-src=\"https:\/\/hireonlinehackers.com\/wp-content\/uploads\/2023\/09\/Phone-Hackers-For-Hire-Service-300x158.jpg\" alt=\"Hakerzy telefoniczni do wynaj\u0119cia\" width=\"300\" height=\"158\" src=\"data:image\/svg+xml;base64,PHN2ZyB3aWR0aD0iMSIgaGVpZ2h0PSIxIiB4bWxucz0iaHR0cDovL3d3dy53My5vcmcvMjAwMC9zdmciPjwvc3ZnPg==\" class=\"lazyload\" style=\"--smush-placeholder-width: 300px; --smush-placeholder-aspect-ratio: 300\/158;\" \/><p id=\"caption-attachment-4971\" class=\"wp-caption-text\">Hakerzy telefoniczni do wynaj\u0119cia<\/p><\/div>\n<h2>Rozwi\u0105zanie do hakowania telefon\u00f3w kom\u00f3rkowych<\/h2>\n<p>All Hacker For Hire to zaawansowane rozwi\u0105zanie do hakowania telefon\u00f3w kom\u00f3rkowych, kt\u00f3re umo\u017cliwia szpiegowanie dowolnego telefonu kom\u00f3rkowego, w tym telefon\u00f3w z systemem iOS i telefon\u00f3w kom\u00f3rkowych z systemem Android. All Hacker For Hire zawiera wszystkie najlepsze technologie szpiegowania telefon\u00f3w kom\u00f3rkowych w swoim rozwi\u0105zaniu szpiegowskim i jest jednym z niewielu rozwi\u0105za\u0144 aplikacji szpiegowskich na telefony kom\u00f3rkowe, kt\u00f3re umo\u017cliwiaj\u0105 zdalne instalowanie i monitorowanie telefonu docelowego.<\/p>\n<h2>Dlaczego ludzie zatrudniaj\u0105 profesjonalnych haker\u00f3w do wynaj\u0119cia?<\/h2>\n<p>Ludzie zatrudniaj\u0105 profesjonalnych haker\u00f3w do wynaj\u0119cia, aby zapewni\u0107 im r\u00f3\u017cne us\u0142ugi hakerskie. W ostatniej cz\u0119\u015bci tego artyku\u0142u przyjrzymy si\u0119 niekt\u00f3rym z najpopularniejszych us\u0142ug, do kt\u00f3rych ludzie chc\u0105 zatrudni\u0107 hakera. Niekt\u00f3re z popularnych us\u0142ug hakerskich do wynaj\u0119cia obejmuj\u0105;<\/p>\n<p><strong>Wynaj\u0119cie hakera do z\u0142apania zdradzaj\u0105cego ma\u0142\u017conka:<\/strong>\u00a0W ostatnich czasach post\u0119p technologiczny spowodowa\u0142 wzrost wska\u017anika niewierno\u015bci. Ludzie mog\u0105 teraz \u0142atwo rejestrowa\u0107 si\u0119 na portalach randkowych w celu poszukiwania i anga\u017cowania si\u0119 w pozama\u0142\u017ce\u0144skie romanse. Telefony kom\u00f3rkowe r\u00f3wnie\u017c u\u0142atwi\u0142y ludziom prowadzenie nielegalnych romans\u00f3w. Dlatego te\u017c podejrzane pary zwracaj\u0105 si\u0119 do haker\u00f3w, aby pomogli im znale\u017a\u0107 dowody romans\u00f3w pozama\u0142\u017ce\u0144skich.<\/p>\n<p><strong>Wynaj\u0119cie hakera do zhakowania telefonu kom\u00f3rkowego:<\/strong>\u00a0Szpiegowanie telefon\u00f3w kom\u00f3rkowych to kolejna popularna us\u0142uga, kt\u00f3rej potrzebuj\u0105 osoby chc\u0105ce zatrudni\u0107 haker\u00f3w. Mo\u017cliwo\u015b\u0107 szpiegowania telefonu kom\u00f3rkowego pozwala monitorowa\u0107 wszystko w telefonie, takie jak lokalizacja GPS, a tak\u017ce ca\u0142\u0105 komunikacj\u0119.<\/p>\n<p><strong>Wynaj\u0119cie hakera do zhakowania kont w mediach spo\u0142eczno\u015bciowych:\u00a0<\/strong>Na \u015bwiecie istnieje ponad 4 miliardy kont w mediach spo\u0142eczno\u015bciowych. Nic wi\u0119c dziwnego, \u017ce hakowanie medi\u00f3w spo\u0142eczno\u015bciowych jest r\u00f3wnie\u017c us\u0142ug\u0105 hakersk\u0105, na kt\u00f3r\u0105 jest du\u017ce zapotrzebowanie<\/p>\n<p>Istniej\u0105 inne us\u0142ugi hakerskie, na kt\u00f3re jest du\u017ce zapotrzebowanie, takie jak hakowanie stron internetowych, odzyskiwanie utraconych, wy\u0142udzonych lub skradzionych kryptowalut i funduszy, hakowanie lub odzyskiwanie zhakowanych kont e-mail, hakowanie system\u00f3w komputerowych i wiele innych.<\/p>\n<p>Niezale\u017cnie od tego, do jakiej us\u0142ugi chcesz zatrudni\u0107 hakera, zawsze mo\u017cesz zaufa\u0107 jednemu z legalnych haker\u00f3w oferuj\u0105cych prawdziwe us\u0142ugi hakerskie. <a href=\"https:\/\/allhackerforhire.com\/pl\/profesjonalni-hakerzy-do-wynajecia\/\">wypo\u017cyczalnia<\/a> aby dostarcza\u0107 najlepsze us\u0142ugi hakerskie ku zadowoleniu u\u017cytkownik\u00f3w.<\/p>\n<p>Us\u0142ugi hakowania telefon\u00f3w<br \/>Hakerzy medi\u00f3w spo\u0142eczno\u015bciowych<br \/>Hakerzy medi\u00f3w spo\u0142eczno\u015bciowych do wynaj\u0119cia<br \/>Wynaj\u0119cie hakera na telefon kom\u00f3rkowy<br \/>Hakerzy do wynaj\u0119cia w ciemnej sieci<br \/>Etyczni hakerzy do wynaj\u0119cia<br \/>Wynaj\u0119cie kogo\u015b do zhakowania telefonu<br \/>Profesjonalne us\u0142ugi hakerskie<\/p>\n<p>Wynajem hakera online<br \/>Profesjonalni hakerzy do wynaj\u0119cia<br \/>Wynaj\u0119cie hakera Facebooka<br \/>Hakerzy telefoniczni do wynaj\u0119cia<br \/>Tanie wynaj\u0119cie hakera<br \/>Wynaj\u0119cie hakera<br \/>Wynaj\u0119cie hakera Instagram<br \/>Hakerzy na iPhone'a do wynaj\u0119cia<\/p>\n<p>Hakerzy komputerowi do wynaj\u0119cia<br \/>Gdzie mog\u0119 zatrudni\u0107 hakera?<br \/>Gdzie zatrudni\u0107 hakera?<br \/>Najlepsi hakerzy do wynaj\u0119cia<br \/>Wynaj\u0119cie profesjonalnego hakera telefonicznego<\/p>\n<p>Prawdziwi hakerzy do wynaj\u0119cia<br \/>Potrzebuj\u0119 hakera do zmiany moich ocen<br \/>Wynaj\u0119cie hakera w celu uzyskania has\u0142a<br \/>Wynaj\u0119cie hakera poczty e-mail<br \/>Us\u0142uga hakowania Whatsapp<br \/>Wynajem hakera WhatsApp<\/p>\n<\/div>\n<\/div>\n<\/div>\n<\/div>\n<\/div>\n<p><img decoding=\"async\" data-src=\"https:\/\/hireonlinehackers.com\/wp-content\/uploads\/2023\/01\/5-star-300x158.jpg\" alt=\"Profesjonalne us\u0142ugi hakerskie do wynaj\u0119cia\" width=\"36\" height=\"19\" src=\"data:image\/svg+xml;base64,PHN2ZyB3aWR0aD0iMSIgaGVpZ2h0PSIxIiB4bWxucz0iaHR0cDovL3d3dy53My5vcmcvMjAwMC9zdmciPjwvc3ZnPg==\" class=\"lazyload\" style=\"--smush-placeholder-width: 36px; --smush-placeholder-aspect-ratio: 36\/19;\" \/><\/p>\n<\/div>\n<\/div>\n<p><\/p>\t\t\t\t\t\t\t\t<\/div>\n\t\t\t\t<\/div>\n\t\t\t\t\t<\/div>\n\t\t<\/div>\n\t\t\t\t\t<\/div>\n\t\t<\/section>\n\t\t\t\t<section class=\"elementor-section elementor-top-section elementor-element elementor-element-da4e662 elementor-section-boxed elementor-section-height-default elementor-section-height-default default-style\" data-id=\"da4e662\" data-element_type=\"section\" data-settings=\"{&quot;rt_color_sets&quot;:&quot;default-style&quot;}\">\n\t\t\t\t\t\t<div class=\"elementor-container elementor-column-gap-default\">\n\t\t\t\t\t<div class=\"elementor-column elementor-col-50 elementor-top-column elementor-element elementor-element-db924fe\" data-id=\"db924fe\" data-element_type=\"column\">\n\t\t\t<div class=\"elementor-widget-wrap elementor-element-populated\">\n\t\t\t\t\t\t<div class=\"elementor-element elementor-element-0485719 elementor-widget elementor-widget-image\" data-id=\"0485719\" data-element_type=\"widget\" data-widget_type=\"image.default\">\n\t\t\t\t<div class=\"elementor-widget-container\">\n\t\t\t\t\t\t\t\t\t\t\t\t\t\t\t<img fetchpriority=\"high\" decoding=\"async\" width=\"768\" height=\"288\" src=\"https:\/\/allhackerforhire.com\/wp-content\/uploads\/2022\/11\/Buy-Registered-Documents.jpg\" class=\"attachment-large size-large wp-image-4545\" alt=\"Wynajem haker\u00f3w Dark Web\" srcset=\"https:\/\/allhackerforhire.com\/wp-content\/uploads\/2022\/11\/Buy-Registered-Documents.jpg 768w, https:\/\/allhackerforhire.com\/wp-content\/uploads\/2022\/11\/Buy-Registered-Documents-300x113.jpg 300w, https:\/\/allhackerforhire.com\/wp-content\/uploads\/2022\/11\/Buy-Registered-Documents-600x225.jpg 600w\" sizes=\"(max-width: 768px) 100vw, 768px\" \/>\t\t\t\t\t\t\t\t\t\t\t\t\t\t\t<\/div>\n\t\t\t\t<\/div>\n\t\t\t\t\t<\/div>\n\t\t<\/div>\n\t\t\t\t<div class=\"elementor-column elementor-col-50 elementor-top-column elementor-element elementor-element-bff131d\" data-id=\"bff131d\" data-element_type=\"column\">\n\t\t\t<div class=\"elementor-widget-wrap elementor-element-populated\">\n\t\t\t\t\t\t<div class=\"elementor-element elementor-element-db6bcbe elementor-widget elementor-widget-heading\" data-id=\"db6bcbe\" data-element_type=\"widget\" data-widget_type=\"heading.default\">\n\t\t\t\t<div class=\"elementor-widget-container\">\n\t\t\t\t\t<h2 class=\"elementor-heading-title elementor-size-default\"><a data-category=\"text-result\" data-action=\"position\" data-label=\"1\/1\" href=\"https:\/\/onionlandsearchengine.net\/r?q=Phone+Hackers+For+Hire+Service&amp;l=eyJpdiI6IlJJUVhvWngwTnZ4dU1Fa24yU2hcL2hBPT0iLCJ2YWx1ZSI6InNYYVhsaG1ZQnV1VnVmZlBlY0h1SXdZT3Nmd1E4NHVCdE1hTmp0NjQ1VjZyTHRPTEFYbzJlU0dta3ZPWkF1T2FNWTZCOW45VG1aQTBuOTRyMm1INVpjSmMyc0N0XC9TOUF2K0xwUVZRK1ZwR0V3eHdzazlXa1hFTFcxQUVKVE90TFRSNk9PS2dkYlwvZitGazliOXd6TytRPT0iLCJtYWMiOiJlNjJjMWU4MDQ5MmM2ODRkMDlhODBmMGM3NWRhZGNhM2VkNTJjMTA2ZDJkYmZhMjVlZmEwNmYzNDMzNzYyMDZkIn0%253D&amp;p=1&amp;u=529556199\" rel=\"nofollow noopener\" target=\"_blank\">Wynaj\u0119cie hakera telefonicznego<\/a><\/h2>\t\t\t\t<\/div>\n\t\t\t\t<\/div>\n\t\t\t\t\t<\/div>\n\t\t<\/div>\n\t\t\t\t\t<\/div>\n\t\t<\/section>\n\t\t\t\t<\/div>","protected":false},"excerpt":{"rendered":"<p>Phone hackers for hire service Phone hackers for hire service provide full phone monitoring allowing you to listen to phone calls, see text messages and iMessage, Whatsapp messages, Instagram, Snapchat messages, and all other messaging services and social media that are being used from the device. Phone Hackers For Hire Service. \u00a0Our phone hacker for [&hellip;]<\/p>","protected":false},"author":1,"featured_media":4968,"parent":0,"menu_order":0,"comment_status":"closed","ping_status":"open","template":"","meta":{"_acf_changed":false,"footnotes":""},"class_list":["post-4967","page","type-page","status-publish","has-post-thumbnail","hentry"],"acf":[],"_links":{"self":[{"href":"https:\/\/allhackerforhire.com\/pl\/wp-json\/wp\/v2\/pages\/4967","targetHints":{"allow":["GET"]}}],"collection":[{"href":"https:\/\/allhackerforhire.com\/pl\/wp-json\/wp\/v2\/pages"}],"about":[{"href":"https:\/\/allhackerforhire.com\/pl\/wp-json\/wp\/v2\/types\/page"}],"author":[{"embeddable":true,"href":"https:\/\/allhackerforhire.com\/pl\/wp-json\/wp\/v2\/users\/1"}],"replies":[{"embeddable":true,"href":"https:\/\/allhackerforhire.com\/pl\/wp-json\/wp\/v2\/comments?post=4967"}],"version-history":[{"count":19,"href":"https:\/\/allhackerforhire.com\/pl\/wp-json\/wp\/v2\/pages\/4967\/revisions"}],"predecessor-version":[{"id":5150,"href":"https:\/\/allhackerforhire.com\/pl\/wp-json\/wp\/v2\/pages\/4967\/revisions\/5150"}],"wp:featuredmedia":[{"embeddable":true,"href":"https:\/\/allhackerforhire.com\/pl\/wp-json\/wp\/v2\/media\/4968"}],"wp:attachment":[{"href":"https:\/\/allhackerforhire.com\/pl\/wp-json\/wp\/v2\/media?parent=4967"}],"curies":[{"name":"wp","href":"https:\/\/api.w.org\/{rel}","templated":true}]}}