{"id":4991,"date":"2023-09-10T16:41:53","date_gmt":"2023-09-10T16:41:53","guid":{"rendered":"https:\/\/hireonlinehackers.com\/?page_id=4991"},"modified":"2024-07-02T22:53:36","modified_gmt":"2024-07-02T22:53:36","slug":"haker-whatsapp-do-wynajecia","status":"publish","type":"page","link":"https:\/\/allhackerforhire.com\/pl\/haker-whatsapp-do-wynajecia\/","title":{"rendered":"Haker WhatsApp"},"content":{"rendered":"<div data-elementor-type=\"wp-page\" data-elementor-id=\"4991\" class=\"elementor elementor-4991\">\n\t\t\t\t\t\t<section class=\"elementor-section elementor-top-section elementor-element elementor-element-21ed0537 elementor-section-boxed elementor-section-height-default elementor-section-height-default default-style\" data-id=\"21ed0537\" data-element_type=\"section\" data-settings=\"{&quot;rt_color_sets&quot;:&quot;default-style&quot;}\">\n\t\t\t\t\t\t<div class=\"elementor-container elementor-column-gap-default\">\n\t\t\t\t\t<div class=\"elementor-column elementor-col-100 elementor-top-column elementor-element elementor-element-320524c5\" data-id=\"320524c5\" data-element_type=\"column\">\n\t\t\t<div class=\"elementor-widget-wrap elementor-element-populated\">\n\t\t\t\t\t\t<div class=\"elementor-element elementor-element-15f4f884 elementor-widget elementor-widget-text-editor\" data-id=\"15f4f884\" data-element_type=\"widget\" data-widget_type=\"text-editor.default\">\n\t\t\t\t<div class=\"elementor-widget-container\">\n\t\t\t\t\t\t\t\t\t<p><\/p>\n<h2 class=\"wp-block-heading\">Haker WhatsApp do wynaj\u0119cia<\/h2>\n<p><\/p>\n<div data-id=\"45a8c67\" data-element_type=\"widget\" data-widget_type=\"text-editor.default\">\n<div>\n<div data-id=\"68dc6d6\" data-element_type=\"widget\" data-widget_type=\"text-editor.default\">\n<div>\n<p>Us\u0142uga hakowania WhatsApp do wynaj\u0119cia jest dost\u0119pna w rozs\u0105dnych cenach jako samodzielna us\u0142uga hakowania WhatsApp, a tak\u017ce jako cz\u0119\u015b\u0107 us\u0142ugi hakowania telefonu, kt\u00f3ra zapewnia r\u00f3wnie\u017c dost\u0119p do WhatsApp. Nasze ceny s\u0105 jednymi z najlepszych w bran\u017cy i mo\u017cesz by\u0107 pewien 100% poufno\u015bci i tajemnicy zar\u00f3wno komunikacji z nami, jak i us\u0142ugi hakowania WhatsApp, kt\u00f3r\u0105 \u015bwiadczymy, i by\u0107 pewnym jej niewykonalno\u015bci w ka\u017cdych okoliczno\u015bciach.  Haker konta WhatsApp do wynaj\u0119cia.<\/p>\n<p>Us\u0142uga wynajmu hakera WhatsApp mo\u017ce by\u0107 \u015bwiadczona w ci\u0105gu 24 godzin, je\u015bli jest to pilne, co wi\u0105\u017ce si\u0119 z niewielk\u0105 dop\u0142at\u0105, kt\u00f3ra jest wliczona w cen\u0119. Je\u015bli chcesz poczeka\u0107 d\u0142u\u017cej, mo\u017cesz poprosi\u0107 o zni\u017ck\u0119, kt\u00f3r\u0105 zapewniamy w przypadku niepriorytetowych \u017c\u0105da\u0144 us\u0142ugi hakowania WhatsApp. <span contenteditable=\"true\">Wynajem haker\u00f3w Dark Web.<\/span><\/p>\n<h4>Hakowanie aplikacji whats<\/h4>\n<p>WhatsApp jest powszechnie u\u017cywan\u0105 us\u0142ug\u0105, szczeg\u00f3lnie w Wielkiej Brytanii i jak mo\u017cna sobie wyobrazi\u0107, wi\u0119kszo\u015b\u0107 naszych zlece\u0144 wynajmu haker\u00f3w WhatsApp pochodzi z Wielkiej Brytanii. Zapewniamy pe\u0142ny dost\u0119p do kont WhatsApp, w tym wiadomo\u015bci, zdj\u0119\u0107 i film\u00f3w, zar\u00f3wno wys\u0142anych, jak i odebranych, a tak\u017ce nagra\u0144 rozm\u00f3w g\u0142osowych i wideo.<br \/>Wype\u0142nij nasz formularz kontaktowy, aby uzyska\u0107 wi\u0119cej informacji i zam\u00f3wi\u0107 us\u0142ug\u0119 hakowania WhatsApp.<\/p>\n<div id=\"attachment_5000\" style=\"width: 310px\" class=\"wp-caption alignnone\"><img decoding=\"async\" aria-describedby=\"caption-attachment-5000\" data-src=\"https:\/\/hireonlinehackers.com\/wp-content\/uploads\/2023\/09\/WhatsApp-hacker-300x141.jpg\" alt=\"Haker WhatsApp do wynaj\u0119cia\" width=\"300\" height=\"141\" src=\"data:image\/svg+xml;base64,PHN2ZyB3aWR0aD0iMSIgaGVpZ2h0PSIxIiB4bWxucz0iaHR0cDovL3d3dy53My5vcmcvMjAwMC9zdmciPjwvc3ZnPg==\" class=\"lazyload\" style=\"--smush-placeholder-width: 300px; --smush-placeholder-aspect-ratio: 300\/141;\" \/><p id=\"caption-attachment-5000\" class=\"wp-caption-text\">Haker WhatsApp do wynaj\u0119cia<\/p><\/div>\n<h1>Wynaj\u0119cie hakera do WhatsApp<\/h1>\n<p>Nasza agencja \u015bwiadczy wszelkiego rodzaju us\u0142ugi hakerskie zwi\u0105zane z WhatsApp z sukcesywnymi osi\u0105gni\u0119ciami i recenzjami.<\/p>\n<p>Wszystkie us\u0142ugi online b\u0119d\u0105 \u015bwiadczone w niskiej cenie i w wyznaczonym terminie. Te specjalizacje sprawiaj\u0105, \u017ce jeste\u015bmy #1 w \u015bwiecie haker\u00f3w.<\/p>\n<p>Je\u015bli wi\u0119c chcesz wynaj\u0105\u0107 Hakera - WhatsApp na wynajem, to nasza agencja jest dla Ciebie najlepsza.<\/p>\n<p>Sprawd\u017a, dlaczego us\u0142ugi hakerskie online naszej agencji z certyfikatem white hat s\u0105 lepsze ni\u017c innych profesjonalnie certyfikowanych etycznych haker\u00f3w.<\/p>\n<h2>Uzyskaj us\u0142ugi hakerskie WhatsApp na czas<\/h2>\n<p>Kiedy<br \/>Nasz klient wybiera plan zgodnie z wymaganiami. Oczekuje pewnych cech od osoby lub agencji, kt\u00f3r\u0105 zamierza wynaj\u0105\u0107.<\/p>\n<p>Dla niekt\u00f3rych os\u00f3b mo\u017ce to by\u0107 niska cena, poniewa\u017c dla niekt\u00f3rych os\u00f3b pieni\u0105dze maj\u0105 znaczenie. Ale ka\u017cdy chce, aby jego zadanie zosta\u0142o wykonane bardzo szybko i tak szybko, jak to mo\u017cliwe.<\/p>\n<div>\n<div>\n<h3>Gdzie wynaj\u0105\u0107 hakera do WhatsApp?<\/h3>\n<\/div>\n<\/div>\n<p>Ludzie wynajmuj\u0105 hakera do WhatsApp, poniewa\u017c potrzebuj\u0105 do tego wszystkich szczeg\u00f3\u0142\u00f3w.<br \/>Chc\u0105 znale\u017a\u0107 wyniki tak szybko, jak pr\u0119dko\u015b\u0107 \u015bwiat\u0142a.<\/p>\n<p>Pr\u0119dko\u015b\u0107 nad\u015bwietlna nie jest mo\u017cliwa dla nikogo, ale zapewniamy, \u017ce \u015bwiadczymy us\u0142ugi hakowania WhatsApp na czas, kt\u00f3ry jest ci dany.<\/p>\n<div id=\"attachment_5005\" style=\"width: 310px\" class=\"wp-caption alignnone\"><img fetchpriority=\"high\" decoding=\"async\" aria-describedby=\"caption-attachment-5005\" src=\"https:\/\/hireonlinehackers.com\/wp-content\/uploads\/2023\/09\/Social-Media-Accounts-Hack-300x200.jpg\" alt=\" Gdzie wynaj\u0105\u0107 hakera do WhatsApp? \" width=\"300\" height=\"200\" \/><p id=\"caption-attachment-5005\" class=\"wp-caption-text\"><br \/>Gdzie wynaj\u0105\u0107 hakera do WhatsApp?<\/p><\/div>\n<h2>Wynajem hakera WhatsApp w niskiej cenie<\/h2>\n<p>Kiedy wybierasz haker\u00f3w white hat do us\u0142ug zwi\u0105zanych z hakowaniem WhatsApp,<br \/>mog\u0105 pobiera\u0107 oko\u0142o $500, a mo\u017ce nawet wi\u0119cej. Ale nasza agencja wierzy w d\u0142ugoterminowe relacje.<\/p>\n<p>W\u0142a\u015bnie dlatego nasza agencja oferuje profesjonalny white hat WhatsApp <a title=\"haker do wynaj\u0119cia\" href=\"https:\/\/allhackerforhire.com\/pl\/\">hakerzy <\/a><a href=\"https:\/\/allhackerforhire.com\/pl\/zatrudnij-hakera\/\" target=\"_blank\" rel=\"noopener\">na <\/a><a title=\"haker do wynaj\u0119cia\" href=\"https:\/\/allhackerforhire.com\/pl\/hakerzy-do-wynajecia\/\">wynajem<\/a> w bardzo niskiej cenie. Mo\u017cna r\u00f3wnie\u017c por\u00f3wna\u0107 ceny z innych \u017ar\u00f3de\u0142.<\/p>\n<h4>Przed skorzystaniem z us\u0142ug hakerskich WhatsApp nale\u017cy wykona\u0107 kilka krok\u00f3w.<\/h4>\n<ul>\n<li>Najpierw zdecyduj, czego chcesz.<\/li>\n<li>Nast\u0119pnie sprawd\u017a ceny, odwiedzaj\u0105c stron\u0119 <a href=\"https:\/\/hireonlinehackers.com\/hire-a-hacker\/\" target=\"_blank\" rel=\"noopener\">w <\/a><a href=\"https:\/\/allhackerforhire.com\/pl\/\">ry\u017c<\/a> strona.<\/li>\n<li>Wybierz dowolny pakiet, kt\u00f3ry Ci odpowiada.<\/li>\n<li>Prze\u015blij nam wszystkie szczeg\u00f3\u0142owe zapytania.<\/li>\n<li>Wy\u015blij nam wiadomo\u015b\u0107 e-mail lub porozmawiaj na czacie z pomoc\u0105 techniczn\u0105.<\/li>\n<li>Je\u015bli wszystko jest jasne z zespo\u0142em wsparcia, zr\u00f3b to.<\/li>\n<\/ul>\n<div>\n<h4>Profesjonalni hakerzy kontaktuj\u0105 si\u0119 z<\/h4>\n<\/div>\n<div>\n<div>\n<p><span data-preserver-spaces=\"true\">Whatsapp to darmowa aplikacja do przesy\u0142ania wiadomo\u015bci na smartfony, nale\u017c\u0105ca obecnie do Facebooka. Jest to jedna z najwi\u0119kszych<br \/>internetowych platform medi\u00f3w spo\u0142eczno\u015bciowych. G\u0142\u00f3wnym powodem, dla kt\u00f3rego WhatsApp jest tak<br \/>jest popularny ze wzgl\u0119du na mi\u0119dzynarodow\u0105 pul\u0119 u\u017cytkownik\u00f3w. Interfejs jest \u0142atwy<br \/>do zrozumienia, a u\u017cytkownik\u00f3w jest ponad 2 miliardy. Haker konta WhatsApp do wynaj\u0119cia.<\/span><\/p>\n<h3>Haker kont WhatsApp do wynaj\u0119cia<\/h3>\n<p><span data-preserver-spaces=\"true\">Niezale\u017cnie od tego, czy chodzi o u\u017cytek osobisty, czy biznesowy, u\u017cytkownicy czuj\u0105 si\u0119 bardziej komfortowo przekazuj\u0105c swoje informacje za po\u015brednictwem WhatsApp. Kompleksowe szyfrowanie wiadomo\u015bci sprawi\u0142o, \u017ce sta\u0142a si\u0119 ona bardziej popularna i przekona\u0142a u\u017cytkownik\u00f3w do korzystania z niej. Jednak sztuczki hakerskie WhatsApp s\u0105 mo\u017cliwe przy wystarczaj\u0105cej wiedzy. Mo\u017cliwe sztuczki hakerskie pozwol\u0105 ci uzyska\u0107 dost\u0119p do czyjego\u015b konta.  Gdzie wynaj\u0105\u0107 hakera dla WhatsApp.<br \/><\/span><\/p>\n<h4><span data-preserver-spaces=\"true\">Om\u00f3wimy, jak zhakowa\u0107<\/span><\/h4>\n<p><span data-preserver-spaces=\"true\">Konta Whatsapp poprzez etyczne hakowanie w dalszej cz\u0119\u015bci artyku\u0142u. Etyczny hacking to bezpieczne podej\u015bcie, w kt\u00f3rym poznajesz wady systemu w celu zwi\u0119kszenia bezpiecze\u0144stwa. Om\u00f3wimy r\u00f3wnie\u017c, jak zatrudni\u0107 hakera do WhatsApp online, aby kogo\u015b szpiegowa\u0107. Je\u015bli jeste\u015b zatroskanym rodzicem, kt\u00f3ry chce monitorowa\u0107 swoje dzieci lub szefem, kt\u00f3ry chce sprawdzi\u0107 pracownik\u00f3w, to znajomo\u015b\u0107 sztuczek oszukiwania Whatsapp jest wa\u017cna. <\/span>Kontakt dla profesjonalnych haker\u00f3w.<\/p>\n<h2><strong><span data-preserver-spaces=\"true\">Jak zsynchronizowa\u0107 urz\u0105dzenie z przegl\u0105dark\u0105 internetow\u0105 za pomoc\u0105 kodu QR jako sztuczki hakerskie WhatsApp.<\/span><\/strong><\/h2>\n<p><span data-preserver-spaces=\"true\">Metoda jest do\u015b\u0107 prosta, a wszystko, czego potrzebujesz, to zdoby\u0107 telefon kom\u00f3rkowy docelowego u\u017cytkownika. Gdy ju\u017c zdob\u0119dziesz telefon ofiary, wszystko jest gotowe. Musimy wykorzysta\u0107 us\u0142ug\u0119 \u2018WhatsApp Web\u201c na nasz\u0105 korzy\u015b\u0107. Je\u015bli chcesz skorzysta\u0107 z tej us\u0142ugi, przejd\u017a do \"<\/span><a href=\"https:\/\/web.whatsapp.com\" target=\"_blank\" rel=\"noopener\"><span data-preserver-spaces=\"true\">https:\/\/web.whatsapp.com<\/span><\/a><span data-preserver-spaces=\"true\">\u201d na komputerze. Je\u015bli chcesz korzysta\u0107 z urz\u0105dzenia mobilnego, musisz zainstalowa\u0107 aplikacj\u0119<br \/>aplikacja o nazwie \u2018Whatsapp Web\u2019. Teraz g\u0142\u00f3wny proces wygl\u0105da nast\u0119puj\u0105co<\/span><\/p>\n<ol>\n<li><span data-preserver-spaces=\"true\">Otw\u00f3rz model, z kt\u00f3rego chcesz uzyska\u0107 dost\u0119p do wiadomo\u015bci - mo\u017cesz u\u017cy\u0107 komputera lub urz\u0105dzenia mobilnego.<\/span><\/li>\n<li><span data-preserver-spaces=\"true\">Aby uzyska\u0107 do niego dost\u0119p z komputera, nale\u017cy otworzy\u0107 przegl\u0105dark\u0119 internetow\u0105, wpisuj\u0105c \u201c<\/span><a href=\"https:\/\/web.whatsapp.com\" target=\"_blank\" rel=\"noopener\"><span data-preserver-spaces=\"true\">https:\/\/web.whatsapp.com<\/span><\/a><span data-preserver-spaces=\"true\">.\u201d<br \/>Zostaniesz poproszony o zeskanowanie podanego kodu QR na stronie. Po zeskanowaniu<br \/>z telefonu kom\u00f3rkowego ofiary, zaznacz opcj\u0119 \u2018Zachowaj mnie zalogowanego\".<br \/>w\u201d.\u201d<\/span><\/li>\n<li><span data-preserver-spaces=\"true\">W przypadku u\u017cytkownik\u00f3w mobilnych otw\u00f3rz aplikacj\u0119 WhatsApp Web.<\/span><\/li>\n<li><span data-preserver-spaces=\"true\">Zeskanuj kod QR z aplikacji mobilnej urz\u0105dzenia ofiary, wykonuj\u0105c nast\u0119puj\u0105ce czynno\u015bci - Menu WhatsApp-&gt;WhatsApp Web.<\/span><\/li>\n<\/ol>\n<p><span data-preserver-spaces=\"true\">Teraz, po zalogowaniu, b\u0119dziesz mie\u0107 dost\u0119p do wszystkich wiadomo\u015bci i plik\u00f3w. Jednak usuni\u0119ta rozmowa lub tekst nie b\u0119d\u0105 wy\u015bwietlane w interfejsie u\u017cytkownika. Najwa\u017cniejsz\u0105 uwag\u0105 dotycz\u0105c\u0105 tej metody jest posiadanie urz\u0105dzenia mobilnego docelowego u\u017cytkownika. Metoda nie powiedzie si\u0119, je\u015bli urz\u0105dzenie mobilne ofiary nie jest obecne przy tobie.<\/span><\/p>\n<h2><strong><span data-preserver-spaces=\"true\">Jak zhakowa\u0107 rozmowy WhatsApp przy u\u017cyciu WSP 3.0<\/span><\/strong><\/h2>\n<p><span data-preserver-spaces=\"true\">W tej metodzie zobaczysz wszystkie czaty i rozmowy od docelowego u\u017cytkownika. Musisz u\u017cy\u0107<br \/>WhatsApp Scan Pro (WSP). Mo\u017cesz pobra\u0107 plik APK, kt\u00f3ry jest dost\u0119pny online. WSP dzia\u0142a jak z\u0142o\u015bliwe oprogramowanie. Zawiera wirusa do\u0142\u0105czonego do zdj\u0119cia, kt\u00f3re zamierzasz wys\u0142a\u0107 do docelowego u\u017cytkownika.<\/span><\/p>\n<p><span data-preserver-spaces=\"true\">Ofiara wpada w pu\u0142apk\u0119, je\u015bli kliknie wys\u0142ane zdj\u0119cie. Konieczne jest wi\u0119c wys\u0142anie zdj\u0119cia, kt\u00f3re zaintryguje ofiar\u0119 i sk\u0142oni j\u0105 do klikni\u0119cia. Gdy ofiara otworzy zdj\u0119cie, wirus automatycznie uruchomi si\u0119 w urz\u0105dzeniu.<\/span><\/p>\n<h4><span data-preserver-spaces=\"true\">Niezale\u017cni hakerzy do wynaj\u0119cia<br \/><\/span><\/h4>\n<p><span data-preserver-spaces=\"true\">\u00a0WSP pomaga zablokowa\u0107 dzia\u0142ania backdoora w strukturze i po\u0142\u0105czy\u0107 si\u0119 z hakerem. Gdy haker uzyskuje dost\u0119p, kody QR s\u0105 skanowane z docelowego komunikatora mobilnego.<\/span><\/p>\n<p><span data-preserver-spaces=\"true\">Kod jest zmieniany co 10 sekund. Haker mo\u017ce jednak monitorowa\u0107 proces w spos\u00f3b ci\u0105g\u0142y. Haker<br \/>uzyskuje dost\u0119p do sesji ofiary natychmiast po nawi\u0105zaniu po\u0142\u0105czenia.<br \/>ustalone.\u00a0<\/span><\/p>\n<p><span data-preserver-spaces=\"true\">Nale\u017cy pami\u0119ta\u0107, \u017ce po\u0142\u0105czenie internetowe musi by\u0107 stabilne i szybkie.<\/span><\/p>\n<h4><strong><span data-preserver-spaces=\"true\">Jak zhakowa\u0107 WhatsApp, eksportuj\u0105c histori\u0119 czat\u00f3w\u00a0\u00a0<\/span><\/strong><\/h4>\n<p><span data-preserver-spaces=\"true\">To najszybszy spos\u00f3b na hakowanie<br \/>WhatsApp docelowego u\u017cytkownika. Ta sztuczka hakerska dla WhatsApp jest do\u015b\u0107 podobna do pierwszej metody wspomnianej w artykule. Proces jest nast\u0119puj\u0105cy<\/span><\/p>\n<ol>\n<li><span data-preserver-spaces=\"true\">We\u017a urz\u0105dzenie mobilne ofiary i otw\u00f3rz aplikacj\u0119 WhatsApp.<\/span><\/li>\n<li><span data-preserver-spaces=\"true\">Kliknij ikon\u0119 Menu. Ikona ta to trzy pionowe kropki w g\u00f3rnej cz\u0119\u015bci interfejsu aplikacji.<\/span><\/li>\n<li><span data-preserver-spaces=\"true\">Teraz kliknij Ustawienia -&gt; Czaty -&gt; Historia czat\u00f3w -&gt; Eksportuj czat (z histori\u0105 medi\u00f3w lub bez, jak chcesz).<\/span><\/li>\n<li><span data-preserver-spaces=\"true\">Otw\u00f3rz Gmaila i wpisz adres e-mail, kt\u00f3ry chcesz wys\u0142a\u0107.\u00a0<\/span><\/li>\n<li><span data-preserver-spaces=\"true\">Kliknij przycisk Eksportuj\u00a0<\/span><\/li>\n<\/ol>\n<p><span data-preserver-spaces=\"true\">Plik (w formacie tekstowym), w tym plik multimedialny (je\u015bli zosta\u0142 wybrany), zostanie przes\u0142any poczt\u0105. Naci\u015bnij \u2018Wy\u015blij\u2019, aby zako\u0144czy\u0107 zadanie. Plik mo\u017cna odebra\u0107 z poczty teraz lub p\u00f3\u017aniej.\u00a0<\/span><\/p>\n<p>Poznaj wi\u0119cej sztuczek na temat - Zatrudnij etycznego hakera do zhakowania konta WhatsApp.<\/p>\n<h5><strong><span data-preserver-spaces=\"true\">Jak zatrudni\u0107 haker\u00f3w do zhakowania konta WhatsApp\u00a0<\/span><\/strong><\/h5>\n<p><span data-preserver-spaces=\"true\">Nie zaleca si\u0119 zatrudniania hakera do zhakowania czyjego\u015b konta WhatsApp. G\u0142\u00f3wnym powodem jest to, \u017ce wielu<br \/>Czasami mo\u017ce to by\u0107 oszustwo. Wiele os\u00f3b skar\u017cy\u0142o si\u0119, \u017ce nie otrzyma\u0142y us\u0142ugi, mimo \u017ce zosta\u0142y obci\u0105\u017cone pe\u0142n\u0105 kwot\u0105. Wyb\u00f3r tej opcji mo\u017ce by\u0107 dla ciebie skr\u00f3tem, poniewa\u017c nie musisz anga\u017cowa\u0107 si\u0119 w proces hakowania. Ale ryzyko jest r\u00f3wnie\u017c wysokie.<\/span><\/p>\n<p><span data-preserver-spaces=\"true\">Niekt\u00f3re strony pobieraj\u0105 wysokie op\u0142aty, je\u015bli nie ma gwarancji, \u017ce nie zostan\u0105 oszukane. We\u017a<br \/>us\u0142ugi, bior\u0105c pod uwag\u0119 wszystkie mo\u017cliwe zagro\u017cenia. Ale legalne hakowanie<br \/>Witryny mog\u0105 wykona\u0107 prac\u0119 za Ciebie bez oszustwa.<\/span><\/p>\n<p><span data-preserver-spaces=\"true\">\u00a0Je\u015bli jeste\u015b przekonany, \u017ce chcesz zatrudni\u0107 hakera, kliknij ten link i skontaktuj si\u0119 z nami: <\/span><a href=\"https:\/\/allhackerforhire.com\/pl\/\" target=\"_blank\" rel=\"noopener\">Allhackerforhire.com<\/a><span data-preserver-spaces=\"true\"> Tutaj otrzymasz po\u017c\u0105dan\u0105 us\u0142ug\u0119 zgodnie z obietnic\u0105, chocia\u017c p\u0142atno\u015b\u0107 nie b\u0119dzie tania.\u00a0<\/span><\/p>\n<h4><span data-preserver-spaces=\"true\">S\u0105 to nast\u0119puj\u0105ce WhatsApp<\/span><\/h4>\n<p><span data-preserver-spaces=\"true\">Sztuczki hakerskie, kt\u00f3re mo\u017cesz wypr\u00f3bowa\u0107 samodzielnie. Najlepiej jest nie u\u017cywa\u0107 tych metod do jakichkolwiek nielegalnych dzia\u0142a\u0144. Wykorzystaj te informacje jako \u015brodek ostro\u017cno\u015bci, kt\u00f3ry mo\u017cesz wdro\u017cy\u0107, aby zwi\u0119kszy\u0107 bezpiecze\u0144stwo swojego konta. Ale je\u015bli podejrzewasz kogo\u015b, kogo znasz, kto mo\u017ce by\u0107 zaanga\u017cowany w niew\u0142a\u015bciwe dzia\u0142ania. Nast\u0119pnie u\u017cyj tych metod do szpiegowania ich i \u015bledzenia ich dzia\u0142a\u0144.<\/span><\/p>\n<\/div>\n<\/div>\n<\/div>\n<\/div>\n<h3>Whatsapp Hack Online<\/h3>\n<p>Czy chcesz zhakowa\u0107 wiadomo\u015bci, audio i wideo WhatsApp swojego przyjaciela lub dziewczyny online? Je\u015bli tak, to jeste\u015b we w\u0142a\u015bciwym miejscu Mo\u017cesz zhakowa\u0107 wiadomo\u015bci WhatsApp dowolnych krewnych lub znajomych tutaj, a g\u0142\u00f3wn\u0105 cz\u0119\u015bci\u0105 tego jest to, \u017ce mo\u017cesz to zrobi\u0107 za darmo. Teraz zobaczymy, jak mo\u017cemy zhakowa\u0107 WhatsApp online i jak mo\u017cemy zrobi\u0107 psikusa naszym przyjacio\u0142om i krewnym, pokazuj\u0105c im ich w\u0142asne wiadomo\u015bci. Pami\u0119taj, \u017ce jest to narz\u0119dzie premium, ale dost\u0119pne bezp\u0142atnie na naszej stronie internetowej, dzi\u0119ki czemu mo\u017cesz cieszy\u0107 si\u0119 nasz\u0105 bezp\u0142atn\u0105 us\u0142ug\u0105. Niezale\u017cni hakerzy do wynaj\u0119cia.<\/p>\n<h4>Kroki Jak mo\u017cemy zhakowa\u0107 WhatsApp online?<\/h4>\n<p>W g\u00f3rnej cz\u0119\u015bci naszej strony internetowej dost\u0119pne s\u0105 3 opcje, kt\u00f3rych wype\u0142nienie jest obowi\u0105zkowe.<\/p>\n<p>\u00a0\u00a0\u00a0 W pierwszej kolumnie wprowad\u017a numer telefonu ofiary, kt\u00f3ry chcesz zhakowa\u0107 (wraz z numerem kierunkowym kraju).<br \/>\u00a0\u00a0\u00a0 W drugiej kolumnie wybierz, co chcesz zhakowa\u0107 Dost\u0119pne s\u0105 4 opcje wiadomo\u015bci, audio, wideo i wszystkie dane, mo\u017cesz wybra\u0107 dowoln\u0105 1 opcj\u0119 z tych czterech. Haker konta WhatsApp do wynaj\u0119cia.<\/p>\n<h4><span tabindex=\"0\" role=\"textbox\" contenteditable=\"true\" data-placeholder=\"Example: Rank Math SEO\" aria-placeholder=\"Example: Rank Math SEO\" aria-autocomplete=\"both\" aria-multiline=\"false\">Wynajem hakera WhatsApp online<\/span><\/h4>\n<p>\u00a0\u00a0\u00a0 W trzeciej kolumnie wybierz, gdzie chcesz zobaczy\u0107 zhakowane dane Dost\u0119pne s\u0105 2 opcje: online lub pobrane jako zip do wy\u015bwietlenia offline. Mo\u017cesz wybra\u0107 dowoln\u0105 opcj\u0119 z tej kolumny.<\/p>\n<p>\u00a0\u00a0\u00a0 Po wype\u0142nieniu wszystkich informacji kliknij przycisk Hack Now, a nast\u0119pny post\u0119p zostanie wykonany przez nasz system. Wygeneruje kody skr\u00f3tu i sprawdzi baz\u0119 danych WhatsApp, a nast\u0119pnie poka\u017ce zhakowany wynik.<br \/>\u00a0\u00a0\u00a0 Ostatnim krokiem jest pobranie lub obejrzenie zhakowanych plik\u00f3w w tym kroku, aby udowodni\u0107, \u017ce jeste\u015b cz\u0142owiekiem, a nie robotem, po prostu udowodnij to, wype\u0142niaj\u0105c prost\u0105 ofert\u0119. Haker konta WhatsApp do wynaj\u0119cia.<\/p>\n<h4><a href=\"http:\/\/google.com\" target=\"_blank\" rel=\"noopener\">Wynaj\u0119cie kogo\u015b do w\u0142amania si\u0119 na konto WhatsApp<\/a><\/h4>\n<p>Wow teraz masz dost\u0119p do swoich zhakowanych danych Mo\u017cesz ogl\u0105da\u0107 wiadomo\u015bci, audio i wideo online lub offline za darmo. Jeszcze jedno, pom\u00f3\u017c naszej stronie, udost\u0119pniaj\u0105c j\u0105 na Facebooku, Google Plus i innych portalach spo\u0142eczno\u015bciowych. Uwaga - mo\u017cna zhakowa\u0107 tylko jeden numer z jednego adresu IP. Mo\u017cesz zobaczy\u0107 zhakowany dow\u00f3d na poni\u017cszym obrazku. ENJOY!!! Haker konta WhatsApp do wynaj\u0119cia.<\/p>\n<p><img decoding=\"async\" data-src=\"https:\/\/hireonlinehackers.com\/wp-content\/uploads\/2023\/01\/5-star-300x158.jpg\" alt=\"Profesjonalne us\u0142ugi hakerskie do wynaj\u0119cia\" width=\"36\" height=\"19\" src=\"data:image\/svg+xml;base64,PHN2ZyB3aWR0aD0iMSIgaGVpZ2h0PSIxIiB4bWxucz0iaHR0cDovL3d3dy53My5vcmcvMjAwMC9zdmciPjwvc3ZnPg==\" class=\"lazyload\" style=\"--smush-placeholder-width: 36px; --smush-placeholder-aspect-ratio: 36\/19;\" \/><\/p>\n<\/div>\n<\/div>\n<p><\/p>\t\t\t\t\t\t\t\t<\/div>\n\t\t\t\t<\/div>\n\t\t\t\t\t<\/div>\n\t\t<\/div>\n\t\t\t\t\t<\/div>\n\t\t<\/section>\n\t\t\t\t<section class=\"elementor-section elementor-top-section elementor-element elementor-element-da4e662 elementor-section-boxed elementor-section-height-default elementor-section-height-default default-style\" data-id=\"da4e662\" data-element_type=\"section\" data-settings=\"{&quot;rt_color_sets&quot;:&quot;default-style&quot;}\">\n\t\t\t\t\t\t<div class=\"elementor-container elementor-column-gap-default\">\n\t\t\t\t\t<div class=\"elementor-column elementor-col-50 elementor-top-column elementor-element elementor-element-db924fe\" data-id=\"db924fe\" data-element_type=\"column\">\n\t\t\t<div class=\"elementor-widget-wrap elementor-element-populated\">\n\t\t\t\t\t\t<div class=\"elementor-element elementor-element-0485719 elementor-widget elementor-widget-image\" data-id=\"0485719\" data-element_type=\"widget\" data-widget_type=\"image.default\">\n\t\t\t\t<div class=\"elementor-widget-container\">\n\t\t\t\t\t\t\t\t\t\t\t\t\t\t\t<img decoding=\"async\" width=\"768\" height=\"288\" data-src=\"https:\/\/allhackerforhire.com\/wp-content\/uploads\/2022\/11\/Buy-Registered-Documents.jpg\" class=\"attachment-large size-large wp-image-4545 lazyload\" alt=\"Wynajem haker\u00f3w Dark Web\" data-srcset=\"https:\/\/allhackerforhire.com\/wp-content\/uploads\/2022\/11\/Buy-Registered-Documents.jpg 768w, https:\/\/allhackerforhire.com\/wp-content\/uploads\/2022\/11\/Buy-Registered-Documents-300x113.jpg 300w, https:\/\/allhackerforhire.com\/wp-content\/uploads\/2022\/11\/Buy-Registered-Documents-600x225.jpg 600w\" data-sizes=\"(max-width: 768px) 100vw, 768px\" src=\"data:image\/svg+xml;base64,PHN2ZyB3aWR0aD0iMSIgaGVpZ2h0PSIxIiB4bWxucz0iaHR0cDovL3d3dy53My5vcmcvMjAwMC9zdmciPjwvc3ZnPg==\" style=\"--smush-placeholder-width: 768px; --smush-placeholder-aspect-ratio: 768\/288;\" \/>\t\t\t\t\t\t\t\t\t\t\t\t\t\t\t<\/div>\n\t\t\t\t<\/div>\n\t\t\t\t\t<\/div>\n\t\t<\/div>\n\t\t\t\t<div class=\"elementor-column elementor-col-50 elementor-top-column elementor-element elementor-element-bff131d\" data-id=\"bff131d\" data-element_type=\"column\">\n\t\t\t<div class=\"elementor-widget-wrap elementor-element-populated\">\n\t\t\t\t\t\t<div class=\"elementor-element elementor-element-db6bcbe elementor-widget elementor-widget-heading\" data-id=\"db6bcbe\" data-element_type=\"widget\" data-widget_type=\"heading.default\">\n\t\t\t\t<div class=\"elementor-widget-container\">\n\t\t\t\t\t<h2 class=\"elementor-heading-title elementor-size-default\"><span class=\"tagify__tag-text\">Wynajem haker\u00f3w Dark Web<\/span><\/h2>\t\t\t\t<\/div>\n\t\t\t\t<\/div>\n\t\t\t\t\t<\/div>\n\t\t<\/div>\n\t\t\t\t\t<\/div>\n\t\t<\/section>\n\t\t\t\t<\/div>","protected":false},"excerpt":{"rendered":"<p>WhatsApp Hacker For Hire Whatsapp hacker for hire service is available at reasonable prices as a standalone WhatsApp hack service as well as a part of a phone hacking service that provides access to WhatsApp as well. Our prices are one of the best in the industry and you can be assured of 100% confidentiality [&hellip;]<\/p>","protected":false},"author":1,"featured_media":4986,"parent":0,"menu_order":0,"comment_status":"closed","ping_status":"open","template":"","meta":{"_acf_changed":false,"footnotes":""},"class_list":["post-4991","page","type-page","status-publish","has-post-thumbnail","hentry"],"acf":[],"_links":{"self":[{"href":"https:\/\/allhackerforhire.com\/pl\/wp-json\/wp\/v2\/pages\/4991","targetHints":{"allow":["GET"]}}],"collection":[{"href":"https:\/\/allhackerforhire.com\/pl\/wp-json\/wp\/v2\/pages"}],"about":[{"href":"https:\/\/allhackerforhire.com\/pl\/wp-json\/wp\/v2\/types\/page"}],"author":[{"embeddable":true,"href":"https:\/\/allhackerforhire.com\/pl\/wp-json\/wp\/v2\/users\/1"}],"replies":[{"embeddable":true,"href":"https:\/\/allhackerforhire.com\/pl\/wp-json\/wp\/v2\/comments?post=4991"}],"version-history":[{"count":16,"href":"https:\/\/allhackerforhire.com\/pl\/wp-json\/wp\/v2\/pages\/4991\/revisions"}],"predecessor-version":[{"id":5175,"href":"https:\/\/allhackerforhire.com\/pl\/wp-json\/wp\/v2\/pages\/4991\/revisions\/5175"}],"wp:featuredmedia":[{"embeddable":true,"href":"https:\/\/allhackerforhire.com\/pl\/wp-json\/wp\/v2\/media\/4986"}],"wp:attachment":[{"href":"https:\/\/allhackerforhire.com\/pl\/wp-json\/wp\/v2\/media?parent=4991"}],"curies":[{"name":"wp","href":"https:\/\/api.w.org\/{rel}","templated":true}]}}