{"id":5026,"date":"2023-09-14T09:39:25","date_gmt":"2023-09-14T09:39:25","guid":{"rendered":"https:\/\/hireonlinehackers.com\/?page_id=5026"},"modified":"2024-07-02T22:12:02","modified_gmt":"2024-07-02T22:12:02","slug":"haker-instagramu-do-wynajecia","status":"publish","type":"page","link":"https:\/\/allhackerforhire.com\/pl\/haker-instagramu-do-wynajecia\/","title":{"rendered":"Instagram Hacker"},"content":{"rendered":"<div data-elementor-type=\"wp-page\" data-elementor-id=\"5026\" class=\"elementor elementor-5026\">\n\t\t\t\t\t\t<section class=\"elementor-section elementor-top-section elementor-element elementor-element-21ed0537 elementor-section-boxed elementor-section-height-default elementor-section-height-default default-style\" data-id=\"21ed0537\" data-element_type=\"section\" data-settings=\"{&quot;rt_color_sets&quot;:&quot;default-style&quot;}\">\n\t\t\t\t\t\t<div class=\"elementor-container elementor-column-gap-default\">\n\t\t\t\t\t<div class=\"elementor-column elementor-col-100 elementor-top-column elementor-element elementor-element-320524c5\" data-id=\"320524c5\" data-element_type=\"column\">\n\t\t\t<div class=\"elementor-widget-wrap elementor-element-populated\">\n\t\t\t\t\t\t<div class=\"elementor-element elementor-element-15f4f884 elementor-widget elementor-widget-text-editor\" data-id=\"15f4f884\" data-element_type=\"widget\" data-widget_type=\"text-editor.default\">\n\t\t\t\t<div class=\"elementor-widget-container\">\n\t\t\t\t\t\t\t\t\t<p><\/p>\n<h2 class=\"wp-block-heading\">Instagram Hacker do wynaj\u0119cia<\/h2>\n<p><\/p>\n<div data-id=\"45a8c67\" data-element_type=\"widget\" data-widget_type=\"text-editor.default\">\n<div>\n<div data-id=\"68dc6d6\" data-element_type=\"widget\" data-widget_type=\"text-editor.default\">\n<div>\n<div>\n<div>\n<div>\n<p>Nasza profesjonalna us\u0142uga hakerska specjalizuje si\u0119 w hakowaniu kont Instagram, oferuj\u0105c mo\u017cliwo\u015b\u0107 dost\u0119pu do dowolnego konta online i monitorowania r\u00f3\u017cnych platform, takich jak WhatsApp, Facebook, Discord, Snapchat i inne. Dzi\u0119ki naszemu oprogramowaniu, dost\u0119pnemu na PC, iPhone'a i Androida, mo\u017cesz uzyska\u0107 dost\u0119p do takich funkcji jak lokalizacja GPS na \u017cywo, monitorowanie kamery i mikrofonu, wiadomo\u015bci, e-maile, po\u0142\u0105czenia, historia przegl\u0105darki, nagrywanie ekranu i odzyskiwanie usuni\u0119tych wiadomo\u015bci, plik\u00f3w i multimedi\u00f3w.&nbsp;<\/p><p>Je\u015bli znalaz\u0142e\u015b si\u0119 w niefortunnej sytuacji utraty lub zhakowania konta na Instagramie, nasz zesp\u00f3\u0142 prawdziwych profesjonalnych haker\u00f3w jest tutaj, aby pom\u00f3c Ci szybko i \u0142atwo je odzyska\u0107. Nie wahaj si\u0119 zatrudni\u0107 profesjonalnego hakera Instagram i odzyska\u0107 kontrol\u0119 nad swoim kontem. Haker konta Instagram do wynaj\u0119cia.<br><\/p>\n<h3>Wynajem us\u0142ugi hakerskiej dla Instagram Hack<\/h3>\n<\/div>\n<\/div>\n<p>Je\u015bli utraci\u0142e\u015b dost\u0119p do swojego konta na Instagramie lub chcesz uzyska\u0107 dost\u0119p do konta na Instagramie z innych powod\u00f3w, jest to us\u0142uga, kt\u00f3rej potrzebujesz. Nie wysy\u0142amy \u017cadnych link\u00f3w ani wiadomo\u015bci do w\u0142a\u015bciciela, a us\u0142uga ta jest ca\u0142kowicie dyskretna i anonimowa. Bezpiecze\u0144stwo naszych klient\u00f3w jest dla nas bardzo wa\u017cne i pami\u0119tamy o tym podczas wykonywania wszystkich zada\u0144. Wynajem profesjonalnych Instagram Hackers online tanio. Instagram Account Hacker for Hire.<br><\/p>\n<p><img decoding=\"async\" data-src=\"https:\/\/hireonlinehackers.com\/wp-content\/uploads\/2023\/09\/Instagram-Hacker-for-Hire-300x168.jpg\" alt=\"Instagram Hacker do wynaj\u0119cia\" width=\"230\" height=\"128\" src=\"data:image\/svg+xml;base64,PHN2ZyB3aWR0aD0iMSIgaGVpZ2h0PSIxIiB4bWxucz0iaHR0cDovL3d3dy53My5vcmcvMjAwMC9zdmciPjwvc3ZnPg==\" class=\"lazyload\" style=\"--smush-placeholder-width: 230px; --smush-placeholder-aspect-ratio: 230\/128;\"><\/p>\n<h3><span contenteditable=\"true\">Wynaj\u0119cie hakera na Instagram<\/span><\/h3>\n<\/div>\n<\/div>\n<\/div>\n<\/div>\n<\/div>\n<p>Zapewniamy prosty proces, w jaki spos\u00f3b zatrudni\u0107 <a href=\"https:\/\/allhackerforhire.com\/pl\/\">haker na Instagram<\/a>specjalnie zaprojektowany, aby pom\u00f3c ci w z\u0142apaniu zdradzaj\u0105cego ma\u0142\u017conka lub oszusta. Nasze us\u0142ugi oferuj\u0105 niedrogie opcje wynajmu hakera Instagram. Dzi\u0119ki szerokiej gamie dost\u0119pnych us\u0142ug hakerskich, w tym hakowaniu kont Instagram, hakowaniu komputer\u00f3w i omijaniu \u015brodk\u00f3w bezpiecze\u0144stwa, jeste\u015bmy zaufanym wyborem do zatrudniania haker\u00f3w Instagram. Niezale\u017cnie od tego, czy utraci\u0142e\u015b dost\u0119p do w\u0142asnego konta na Instagramie, czy potrzebujesz dost\u0119pu do konta innej osoby z uzasadnionych powod\u00f3w, nasza dyskretna i anonimowa us\u0142uga mo\u017ce spe\u0142ni\u0107 Twoje potrzeby.<\/p>\n<h3>Zap\u0142a\u0107 komu\u015b za zhakowanie Instagrama<\/h3>\n<p>Nasz zesp\u00f3\u0142 wykwalifikowanych haker\u00f3w specjalizuje si\u0119 w hakowaniu Instagrama i mo\u017ce pom\u00f3c w odzyskaniu wa\u017cnych informacji lub rozwi\u0105zaniu wszelkich problem\u00f3w zwi\u0105zanych z kontem. Zachowujemy najwy\u017cszy poziom poufno\u015bci i zapewniamy, \u017ce dane osobowe pozostaj\u0105 bezpieczne podczas ca\u0142ego procesu. Nie pozw\u00f3l, aby twoje podejrzenia lub obawy pozosta\u0142y bez odpowiedzi - zatrudnij hakera Instagram ju\u017c dzi\u015b i uzyskaj odpowiedzi, kt\u00f3rych potrzebujesz<a href=\"https:\/\/duckduckgo.com\/\" target=\"_blank\" rel=\"noopener\">.<\/a> Priorytetowo traktujemy zadowolenie klienta i gwarantujemy szybkie rezultaty.<\/p>\n<h3>Zatrudnij profesjonalnych haker\u00f3w Instagrama<\/h3>\n<p><\/p>\n<p>Nasi eksperci hakerzy maj\u0105 wieloletnie do\u015bwiadczenie w tej dziedzinie i s\u0105 wyposa\u017ceni w najnowsze narz\u0119dzia i techniki zapewniaj\u0105ce skuteczne hakowanie Instagrama. Zapewniamy, \u017ce nasze us\u0142ugi s\u0105 ca\u0142kowicie legalne i etyczne, przestrzegaj\u0105c surowych standard\u00f3w etycznych. Nie wahaj si\u0119 d\u0142u\u017cej - przejmij kontrol\u0119 nad swoim kontem na Instagramie lub uzyskaj dost\u0119p do potrzebnych informacji, wynajmuj\u0105c naszych zaufanych haker\u00f3w Instagram ju\u017c teraz. Haker konta Instagram do wynaj\u0119cia.<br><\/p>\n<p>W momencie, gdy zatrudniasz programist\u0119 Instagram od nas, zyskujesz dost\u0119p do najbardziej idealnego programisty w bran\u017cy. Mamy grup\u0119 g\u0142\u0119boko utalentowanych i do\u015bwiadczonych techno-artyst\u00f3w, kt\u00f3rzy mog\u0105 pom\u00f3c ci we wszelkich potrzebach zwi\u0105zanych z hakowaniem.<\/p>\n<h3>Zap\u0142a\u0107, aby zhakowa\u0107 konto na Instagramie<\/h3>\n<p>Nasza administracja zapewnia ludziom mo\u017cliwo\u015b\u0107 zatrudnienia programisty Instagram. Zatrudniaj\u0105c programist\u0119 za po\u015brednictwem naszej administracji, klienci mog\u0105 uzyska\u0107 dost\u0119p do rekordu dowolnego wybranego przez siebie singla, niezale\u017cnie od tego, czy maj\u0105 dane logowania.<\/p>\n<h4>Haker konta na Instagramie do wynaj\u0119cia<\/h4>\n<p>Pozwala to klientom na odzyskiwanie skasowanych zdj\u0119\u0107 i zmian\u0119 hase\u0142, a stamt\u0105d niebo jest granic\u0105. U\u017cywamy z\u0142o\u017conego j\u0119zyka naukowego, aby zagwarantowa\u0107, \u017ce nasi programi\u015bci s\u0105 naprawd\u0119 niesamowici. Z ca\u0142ego serca inwestujemy w nasz\u0105 prac\u0119 i musimy zapewni\u0107, \u017ce nasi klienci s\u0105 og\u00f3lnie zadowoleni z wynik\u00f3w. Zap\u0142a\u0107 za zhakowanie konta Instagram.<\/p>\n<h4>Dlaczego warto wybra\u0107 nas jako Instagram Hackera do wynaj\u0119cia?<\/h4>\n<p>Istnieje kilka powod\u00f3w, dla kt\u00f3rych warto zatrudni\u0107 u nas haker\u00f3w Instagram. By\u0107 mo\u017ce najwa\u017cniejszym powodem jest to, \u017ce mamy du\u017c\u0105 pul\u0119 wykwalifikowanych i do\u015bwiadczonych haker\u00f3w, kt\u00f3rzy s\u0105 w stanie pom\u00f3c w wielu r\u00f3\u017cnych potrzebach hakerskich. Ponadto oferujemy konkurencyjne stawki, ca\u0142odobow\u0105 obs\u0142ug\u0119 klienta i gwarancj\u0119 satysfakcji 100%.<\/p>\n<div data-id=\"45a8c67\" data-element_type=\"widget\" data-widget_type=\"text-editor.default\">\n<div>\n<p><img decoding=\"async\" data-src=\"https:\/\/hireonlinehackers.com\/wp-content\/uploads\/2023\/01\/5-star-300x158.jpg\" alt=\"Profesjonalne us\u0142ugi hakerskie do wynaj\u0119cia\" width=\"36\" height=\"19\" src=\"data:image\/svg+xml;base64,PHN2ZyB3aWR0aD0iMSIgaGVpZ2h0PSIxIiB4bWxucz0iaHR0cDovL3d3dy53My5vcmcvMjAwMC9zdmciPjwvc3ZnPg==\" class=\"lazyload\" style=\"--smush-placeholder-width: 36px; --smush-placeholder-aspect-ratio: 36\/19;\"><\/p>\n<\/div>\n<\/div>\n<p><\/p>\t\t\t\t\t\t\t\t<\/div>\n\t\t\t\t<\/div>\n\t\t\t\t\t<\/div>\n\t\t<\/div>\n\t\t\t\t\t<\/div>\n\t\t<\/section>\n\t\t\t\t<section class=\"elementor-section elementor-top-section elementor-element elementor-element-da4e662 elementor-section-boxed elementor-section-height-default elementor-section-height-default default-style\" data-id=\"da4e662\" data-element_type=\"section\" data-settings=\"{&quot;rt_color_sets&quot;:&quot;default-style&quot;}\">\n\t\t\t\t\t\t<div class=\"elementor-container elementor-column-gap-default\">\n\t\t\t\t\t<div class=\"elementor-column elementor-col-50 elementor-top-column elementor-element elementor-element-db924fe\" data-id=\"db924fe\" data-element_type=\"column\">\n\t\t\t<div class=\"elementor-widget-wrap elementor-element-populated\">\n\t\t\t\t\t\t<div class=\"elementor-element elementor-element-0485719 elementor-widget elementor-widget-image\" data-id=\"0485719\" data-element_type=\"widget\" data-widget_type=\"image.default\">\n\t\t\t\t<div class=\"elementor-widget-container\">\n\t\t\t\t\t\t\t\t\t\t\t\t\t\t\t<img fetchpriority=\"high\" decoding=\"async\" width=\"768\" height=\"288\" src=\"https:\/\/allhackerforhire.com\/wp-content\/uploads\/2022\/11\/Buy-Registered-Documents.jpg\" class=\"attachment-large size-large wp-image-4545\" alt=\"Wynajem haker\u00f3w Dark Web\" srcset=\"https:\/\/allhackerforhire.com\/wp-content\/uploads\/2022\/11\/Buy-Registered-Documents.jpg 768w, https:\/\/allhackerforhire.com\/wp-content\/uploads\/2022\/11\/Buy-Registered-Documents-300x113.jpg 300w, https:\/\/allhackerforhire.com\/wp-content\/uploads\/2022\/11\/Buy-Registered-Documents-600x225.jpg 600w\" sizes=\"(max-width: 768px) 100vw, 768px\" \/>\t\t\t\t\t\t\t\t\t\t\t\t\t\t\t<\/div>\n\t\t\t\t<\/div>\n\t\t\t\t\t<\/div>\n\t\t<\/div>\n\t\t\t\t<div class=\"elementor-column elementor-col-50 elementor-top-column elementor-element elementor-element-bff131d\" data-id=\"bff131d\" data-element_type=\"column\">\n\t\t\t<div class=\"elementor-widget-wrap elementor-element-populated\">\n\t\t\t\t\t\t<div class=\"elementor-element elementor-element-db6bcbe elementor-widget elementor-widget-heading\" data-id=\"db6bcbe\" data-element_type=\"widget\" data-widget_type=\"heading.default\">\n\t\t\t\t<div class=\"elementor-widget-container\">\n\t\t\t\t\t<h2 class=\"elementor-heading-title elementor-size-default\">Instagram Hackers 15 minut<\/h2>\t\t\t\t<\/div>\n\t\t\t\t<\/div>\n\t\t\t\t\t<\/div>\n\t\t<\/div>\n\t\t\t\t\t<\/div>\n\t\t<\/section>\n\t\t\t\t<\/div>","protected":false},"excerpt":{"rendered":"<p>Instagram Hacker for Hire Our professional hacker service specializes in Instagram account hacking, offering you the ability to access any online account and monitor various platforms such as WhatsApp, Facebook, Discord, Snapchat, and more. With our software tool, available for PC, iPhone, and Android, you can gain access to features such as live GPS location, [&hellip;]<\/p>","protected":false},"author":1,"featured_media":5029,"parent":0,"menu_order":0,"comment_status":"closed","ping_status":"open","template":"","meta":{"_acf_changed":false,"footnotes":""},"class_list":["post-5026","page","type-page","status-publish","has-post-thumbnail","hentry"],"acf":[],"_links":{"self":[{"href":"https:\/\/allhackerforhire.com\/pl\/wp-json\/wp\/v2\/pages\/5026","targetHints":{"allow":["GET"]}}],"collection":[{"href":"https:\/\/allhackerforhire.com\/pl\/wp-json\/wp\/v2\/pages"}],"about":[{"href":"https:\/\/allhackerforhire.com\/pl\/wp-json\/wp\/v2\/types\/page"}],"author":[{"embeddable":true,"href":"https:\/\/allhackerforhire.com\/pl\/wp-json\/wp\/v2\/users\/1"}],"replies":[{"embeddable":true,"href":"https:\/\/allhackerforhire.com\/pl\/wp-json\/wp\/v2\/comments?post=5026"}],"version-history":[{"count":13,"href":"https:\/\/allhackerforhire.com\/pl\/wp-json\/wp\/v2\/pages\/5026\/revisions"}],"predecessor-version":[{"id":5132,"href":"https:\/\/allhackerforhire.com\/pl\/wp-json\/wp\/v2\/pages\/5026\/revisions\/5132"}],"wp:featuredmedia":[{"embeddable":true,"href":"https:\/\/allhackerforhire.com\/pl\/wp-json\/wp\/v2\/media\/5029"}],"wp:attachment":[{"href":"https:\/\/allhackerforhire.com\/pl\/wp-json\/wp\/v2\/media?parent=5026"}],"curies":[{"name":"wp","href":"https:\/\/api.w.org\/{rel}","templated":true}]}}