{"id":5037,"date":"2023-09-14T10:28:12","date_gmt":"2023-09-14T10:28:12","guid":{"rendered":"https:\/\/hireonlinehackers.com\/?page_id=5037"},"modified":"2024-07-02T22:44:09","modified_gmt":"2024-07-02T22:44:09","slug":"haker-snapchata-do-wynajecia","status":"publish","type":"page","link":"https:\/\/allhackerforhire.com\/pl\/haker-snapchata-do-wynajecia\/","title":{"rendered":"Haker Snapchata"},"content":{"rendered":"<div data-elementor-type=\"wp-page\" data-elementor-id=\"5037\" class=\"elementor elementor-5037\">\n\t\t\t\t\t\t<section class=\"elementor-section elementor-top-section elementor-element elementor-element-21ed0537 elementor-section-boxed elementor-section-height-default elementor-section-height-default default-style\" data-id=\"21ed0537\" data-element_type=\"section\" data-settings=\"{&quot;rt_color_sets&quot;:&quot;default-style&quot;}\">\n\t\t\t\t\t\t<div class=\"elementor-container elementor-column-gap-default\">\n\t\t\t\t\t<div class=\"elementor-column elementor-col-100 elementor-top-column elementor-element elementor-element-320524c5\" data-id=\"320524c5\" data-element_type=\"column\">\n\t\t\t<div class=\"elementor-widget-wrap elementor-element-populated\">\n\t\t\t\t\t\t<div class=\"elementor-element elementor-element-15f4f884 elementor-widget elementor-widget-text-editor\" data-id=\"15f4f884\" data-element_type=\"widget\" data-widget_type=\"text-editor.default\">\n\t\t\t\t<div class=\"elementor-widget-container\">\n\t\t\t\t\t\t\t\t\t<p><\/p>\n<h2 class=\"wp-block-heading\"><span contenteditable=\"true\">Haker Snapchata do wynaj\u0119cia<\/span><\/h2>\n<div>\n<p>Oferujemy profesjonaln\u0105 us\u0142ug\u0119 hakowania Snapchata, kt\u00f3ra pozwala zatrudni\u0107 hakera do Snapchata. Nasz do\u015bwiadczony zesp\u00f3\u0142 mo\u017ce pom\u00f3c w odzyskaniu utraconego lub zhakowanego konta Snapchat. Zap\u0142a\u0107 komu\u015b za zhakowanie Snapchata i odzyskaj dost\u0119p do swojego konta dzi\u0119ki naszej niezawodnej i bezpiecznej us\u0142udze. Jeste\u015bmy profesjonalni <a href=\"https:\/\/allhackerforhire.com\/pl\/\">Hakerzy Snapchata<\/a> do wynaj\u0119cia, zapewniaj\u0105c fachow\u0105 pomoc we wszystkich potrzebach zwi\u0105zanych z hakowaniem Snapchata. Haker konta Snapchat do wynaj\u0119cia.<br><\/p>\n<h3><span contenteditable=\"true\">Profesjonalni hakerzy Snapchata do wynaj\u0119cia<\/span><\/h3>\n<p>Rozumiemy pilno\u015b\u0107 i wra\u017cliwo\u015b\u0107 kwestii bezpiecze\u0144stwa kont Snapchat. Dzi\u0119ki naszym specjalistycznym umiej\u0119tno\u015bciom i wiedzy zapewniamy szybkie i skuteczne rozwi\u0105zanie wszelkich problem\u00f3w zwi\u0105zanych ze Snapchatem. Zaufaj naszemu zespo\u0142owi profesjonalnych haker\u00f3w, kt\u00f3rzy skutecznie i dyskretnie odzyskaj\u0105 twoje zhakowane lub utracone konto Snapchat. Nasza bezpieczna i niezawodna us\u0142uga gwarantuje prywatno\u015b\u0107 i poufno\u015b\u0107 podczas ca\u0142ego procesu. Odzyskaj kontrol\u0119 nad swoim kontem Snapchat ju\u017c dzi\u015b, zatrudniaj\u0105c naszych do\u015bwiadczonych ekspert\u00f3w od hakowania Snapchata.<\/p>\n<\/div>\n<p><\/p>\n<div data-id=\"45a8c67\" data-element_type=\"widget\" data-widget_type=\"text-editor.default\">\n<div>\n<div data-id=\"68dc6d6\" data-element_type=\"widget\" data-widget_type=\"text-editor.default\">\n<div>\n<div>\n<div>\n<div>\n<div data-id=\"68dc6d6\" data-element_type=\"widget\" data-widget_type=\"text-editor.default\">\n<div>\n<p>Us\u0142uga hakowania Snapchata jest najbardziej przydatna, gdy pr\u00f3bujesz dowiedzie\u0107 si\u0119 o zdradzaj\u0105cym ma\u0142\u017conku\/partnerze, aby upewni\u0107 si\u0119, \u017ce nie jeste\u015b oszukiwany. Us\u0142uga hakowania Snapchata do wynaj\u0119cia jest ca\u0142kowicie dyskretna i nikt nigdy nie dowie si\u0119 o tym, \u017ce masz dost\u0119p do konta Snapchat. \u015awiadczymy t\u0119 us\u0142ug\u0119 jako samodzieln\u0105 us\u0142ug\u0119 hakowania Snapchata, a tak\u017ce jako pakiet w ramach us\u0142ugi hakowania telefonu<a href=\"https:\/\/duckduckgo.com\/\" target=\"_blank\" rel=\"noopener\">.<\/a><\/p>\n<h2>Us\u0142uga hakowania Snapchata<\/h2>\n<p>Istnieje wiele sposob\u00f3w, w jakie haker mo\u017ce w\u0142ama\u0107 si\u0119 na konto Snapchat, dlatego wa\u017cne jest, aby korzysta\u0107 ze wszystkich opcji bezpiecze\u0144stwa, w tym uwierzytelniania dwuetapowego. Je\u015bli po zastosowaniu wszystkich \u015brodk\u00f3w ostro\u017cno\u015bci Twoje konto Snapchat nadal zostanie zhakowane przez hakera, jeste\u015bmy tutaj, aby pom\u00f3c na wszystkie mo\u017cliwe sposoby. Haker konta Snapchat do wynaj\u0119cia.<\/p>\n<h4>Zatrudnij profesjonalnych haker\u00f3w medi\u00f3w spo\u0142eczno\u015bciowych<\/h4>\n<p>Istnieje wiele powod\u00f3w, dla kt\u00f3rych firma mo\u017ce zdecydowa\u0107 si\u0119 na zatrudnienie hakera do obs\u0142ugi medi\u00f3w spo\u0142eczno\u015bciowych. By\u0107 mo\u017ce firma chce zwi\u0119kszy\u0107 liczb\u0119 obserwuj\u0105cych na platformach medi\u00f3w spo\u0142eczno\u015bciowych, a mo\u017ce potrzebuje pomocy w uzyskaniu wi\u0119kszego zaanga\u017cowania w swoje posty. W ka\u017cdym razie zatrudnienie hakera do medi\u00f3w spo\u0142eczno\u015bciowych mo\u017ce by\u0107 \u015bwietnym sposobem na zwi\u0119kszenie swojej obecno\u015bci w Internecie.<\/p>\n<p>Zatrudniaj\u0105c hakera do medi\u00f3w spo\u0142eczno\u015bciowych, wa\u017cne jest, aby upewni\u0107 si\u0119, \u017ce wybierasz kogo\u015b do\u015bwiadczonego i posiadaj\u0105cego wiedz\u0119 w tej dziedzinie.<\/p>\n<div id=\"attachment_5041\" style=\"width: 310px\" class=\"wp-caption alignnone\"><img fetchpriority=\"high\" decoding=\"async\" aria-describedby=\"caption-attachment-5041\" src=\"https:\/\/hireonlinehackers.com\/wp-content\/uploads\/2023\/09\/Professional-Snapchat-Hackers-for-Hire-300x169.jpg\" alt=\"Profesjonalni hakerzy Snapchata do wynaj\u0119cia\" width=\"300\" height=\"169\"><p id=\"caption-attachment-5041\" class=\"wp-caption-text\">Profesjonalni hakerzy Snapchata do wynaj\u0119cia<\/p><\/div>\n<h4>Haker kont w mediach spo\u0142eczno\u015bciowych do wynaj\u0119cia<\/h4>\n<p>Niekt\u00f3re firmy zatrudniaj\u0105 haker\u00f3w do atakowania kont w mediach spo\u0142eczno\u015bciowych swoich konkurent\u00f3w w celu uzyskania przewagi. Mog\u0105 to zrobi\u0107, u\u017cywaj\u0105c z\u0142o\u017conego \u017cargonu akademickiego, kt\u00f3rego ich konkurenci mog\u0105 nie rozumie\u0107, utrudniaj\u0105c im reakcj\u0119. Ponadto haker mo\u017ce publikowa\u0107 fa\u0142szywe wiadomo\u015bci lub recenzje, kt\u00f3re mog\u0105 zaszkodzi\u0107 reputacji konkurenta.<\/p>\n<p>Czy jeste\u015b zainteresowany zatrudnieniem hakera do wszelkiego rodzaju bezpiecznych, profesjonalnych us\u0142ug hakerskich? W takim razie jeste\u015b we w\u0142a\u015bciwym miejscu. Zapewniamy najlepsze us\u0142ugi hakerskie w przyst\u0119pnych cenach, zgodnie z wymaganiami klienta.<\/p>\n<h4>Dlaczego warto skorzysta\u0107 z naszej us\u0142ugi hakowania kont w mediach spo\u0142eczno\u015bciowych?<\/h4>\n<p>Nasza firma posiada zesp\u00f3\u0142 profesjonalnych i do\u015bwiadczonych specjalist\u00f3w, kt\u00f3rzy mog\u0105 pom\u00f3c w zhakowaniu dowolnego internetowego konta medialnego. Mamy udokumentowan\u0105 histori\u0119 osi\u0105gni\u0119\u0107. Jeste\u015bmy dumni z tego, \u017ce mo\u017cemy pom\u00f3c ci w osi\u0105gni\u0119ciu po\u017c\u0105danych rezultat\u00f3w. Rozumiemy, \u017ce twoja prywatno\u015b\u0107 jest najwy\u017cszym priorytetem i nigdy nie przeka\u017cemy twoich danych \u017cadnej innej osobie. Haker konta Snapchat do wynaj\u0119cia.<br><\/p>\n<h4><span contenteditable=\"true\">Wynaj\u0119cie hakera dla Snapchata<\/span><\/h4>\n<div>\n<h5>Nasza wiedza specjalistyczna dla profesjonalnych haker\u00f3w medi\u00f3w spo\u0142eczno\u015bciowych<\/h5>\n<p>Jeste\u015bmy certyfikowan\u0105 grup\u0105 utalentowanych haker\u00f3w, kt\u00f3rych celem jest odci\u0105\u017cenie twojego umys\u0142u i zwi\u0119kszenie bezpiecze\u0144stwa twojego komputera. W zwi\u0105zku z tym, na wypadek, gdyby\u015b pr\u00f3bowa\u0142 wykorzysta\u0107 moralnych cyber-artyst\u00f3w, mo\u017cemy pom\u00f3c ci w twoich obawach. Je\u015bli szukasz, sprawd\u017a Czego potrzebuj\u0119, aby zatrudni\u0107 etycznego hakera.<\/p>\n<p>Wyr\u00f3\u017cnia nas podej\u015bcie do administracji w por\u00f3wnaniu z innymi firmami.<\/p>\n<h3>Haker kont Snapchat do wynaj\u0119cia<\/h3>\n<p>Nasza firma posiada zesp\u00f3\u0142 profesjonalnych i do\u015bwiadczonych ekspert\u00f3w, kt\u00f3rzy mog\u0105 pom\u00f3c w zhakowaniu dowolnego konta w mediach spo\u0142eczno\u015bciowych. Mamy udokumentowane osi\u0105gni\u0119cia. Cenimy sobie mo\u017cliwo\u015b\u0107 pomocy w uzyskaniu po\u017c\u0105danych rezultat\u00f3w. Rozumiemy, \u017ce twoja prywatno\u015b\u0107 jest najwa\u017cniejsza i nigdy nie udost\u0119pnimy twoich danych osobowych nikomu innemu. Haker konta Snapchat do wynaj\u0119cia.<br><\/p>\n<\/div>\n<div>&nbsp;<\/div>\n<\/div>\n<\/div>\n<\/div>\n<\/div>\n<\/div>\n<\/div>\n<\/div>\n<p><img decoding=\"async\" data-src=\"https:\/\/hireonlinehackers.com\/wp-content\/uploads\/2023\/01\/5-star-300x158.jpg\" alt=\"Profesjonalne us\u0142ugi hakerskie do wynaj\u0119cia\" width=\"36\" height=\"19\" src=\"data:image\/svg+xml;base64,PHN2ZyB3aWR0aD0iMSIgaGVpZ2h0PSIxIiB4bWxucz0iaHR0cDovL3d3dy53My5vcmcvMjAwMC9zdmciPjwvc3ZnPg==\" class=\"lazyload\" style=\"--smush-placeholder-width: 36px; --smush-placeholder-aspect-ratio: 36\/19;\"><\/p>\n<\/div>\n<\/div>\n<p><\/p>\t\t\t\t\t\t\t\t<\/div>\n\t\t\t\t<\/div>\n\t\t\t\t\t<\/div>\n\t\t<\/div>\n\t\t\t\t\t<\/div>\n\t\t<\/section>\n\t\t\t\t<section class=\"elementor-section elementor-top-section elementor-element elementor-element-da4e662 elementor-section-boxed elementor-section-height-default elementor-section-height-default default-style\" data-id=\"da4e662\" data-element_type=\"section\" data-settings=\"{&quot;rt_color_sets&quot;:&quot;default-style&quot;}\">\n\t\t\t\t\t\t<div class=\"elementor-container elementor-column-gap-default\">\n\t\t\t\t\t<div class=\"elementor-column elementor-col-50 elementor-top-column elementor-element elementor-element-db924fe\" data-id=\"db924fe\" data-element_type=\"column\">\n\t\t\t<div class=\"elementor-widget-wrap elementor-element-populated\">\n\t\t\t\t\t\t<div class=\"elementor-element elementor-element-0485719 elementor-widget elementor-widget-image\" data-id=\"0485719\" data-element_type=\"widget\" data-widget_type=\"image.default\">\n\t\t\t\t<div class=\"elementor-widget-container\">\n\t\t\t\t\t\t\t\t\t\t\t\t\t\t\t<img decoding=\"async\" width=\"768\" height=\"288\" data-src=\"https:\/\/allhackerforhire.com\/wp-content\/uploads\/2022\/11\/Buy-Registered-Documents.jpg\" class=\"attachment-large size-large wp-image-4545 lazyload\" alt=\"Wynajem haker\u00f3w Dark Web\" data-srcset=\"https:\/\/allhackerforhire.com\/wp-content\/uploads\/2022\/11\/Buy-Registered-Documents.jpg 768w, https:\/\/allhackerforhire.com\/wp-content\/uploads\/2022\/11\/Buy-Registered-Documents-300x113.jpg 300w, https:\/\/allhackerforhire.com\/wp-content\/uploads\/2022\/11\/Buy-Registered-Documents-600x225.jpg 600w\" data-sizes=\"(max-width: 768px) 100vw, 768px\" src=\"data:image\/svg+xml;base64,PHN2ZyB3aWR0aD0iMSIgaGVpZ2h0PSIxIiB4bWxucz0iaHR0cDovL3d3dy53My5vcmcvMjAwMC9zdmciPjwvc3ZnPg==\" style=\"--smush-placeholder-width: 768px; --smush-placeholder-aspect-ratio: 768\/288;\" \/>\t\t\t\t\t\t\t\t\t\t\t\t\t\t\t<\/div>\n\t\t\t\t<\/div>\n\t\t\t\t\t<\/div>\n\t\t<\/div>\n\t\t\t\t<div class=\"elementor-column elementor-col-50 elementor-top-column elementor-element elementor-element-bff131d\" data-id=\"bff131d\" data-element_type=\"column\">\n\t\t\t<div class=\"elementor-widget-wrap elementor-element-populated\">\n\t\t\t\t\t\t<div class=\"elementor-element elementor-element-db6bcbe elementor-widget elementor-widget-heading\" data-id=\"db6bcbe\" data-element_type=\"widget\" data-widget_type=\"heading.default\">\n\t\t\t\t<div class=\"elementor-widget-container\">\n\t\t\t\t\t<h2 class=\"elementor-heading-title elementor-size-default\">Zap\u0142a\u0107 komu\u015b za zhakowanie Snapchata<\/h2>\t\t\t\t<\/div>\n\t\t\t\t<\/div>\n\t\t\t\t\t<\/div>\n\t\t<\/div>\n\t\t\t\t\t<\/div>\n\t\t<\/section>\n\t\t\t\t<\/div>","protected":false},"excerpt":{"rendered":"<p>Snapchat Hacker for Hire We offer a professional Snapchat hacking service that allows you to hire a hacker for Snapchat. Our experienced team can assist you in recovering a lost or hacked Snapchat account. Pay someone to hack Snapchat and regain access to your account with our reliable and secure service. We are professional Snapchat [&hellip;]<\/p>","protected":false},"author":1,"featured_media":5038,"parent":0,"menu_order":0,"comment_status":"closed","ping_status":"open","template":"","meta":{"_acf_changed":false,"footnotes":""},"class_list":["post-5037","page","type-page","status-publish","has-post-thumbnail","hentry"],"acf":[],"_links":{"self":[{"href":"https:\/\/allhackerforhire.com\/pl\/wp-json\/wp\/v2\/pages\/5037","targetHints":{"allow":["GET"]}}],"collection":[{"href":"https:\/\/allhackerforhire.com\/pl\/wp-json\/wp\/v2\/pages"}],"about":[{"href":"https:\/\/allhackerforhire.com\/pl\/wp-json\/wp\/v2\/types\/page"}],"author":[{"embeddable":true,"href":"https:\/\/allhackerforhire.com\/pl\/wp-json\/wp\/v2\/users\/1"}],"replies":[{"embeddable":true,"href":"https:\/\/allhackerforhire.com\/pl\/wp-json\/wp\/v2\/comments?post=5037"}],"version-history":[{"count":13,"href":"https:\/\/allhackerforhire.com\/pl\/wp-json\/wp\/v2\/pages\/5037\/revisions"}],"predecessor-version":[{"id":5168,"href":"https:\/\/allhackerforhire.com\/pl\/wp-json\/wp\/v2\/pages\/5037\/revisions\/5168"}],"wp:featuredmedia":[{"embeddable":true,"href":"https:\/\/allhackerforhire.com\/pl\/wp-json\/wp\/v2\/media\/5038"}],"wp:attachment":[{"href":"https:\/\/allhackerforhire.com\/pl\/wp-json\/wp\/v2\/media?parent=5037"}],"curies":[{"name":"wp","href":"https:\/\/api.w.org\/{rel}","templated":true}]}}