{"id":3,"date":"2022-09-30T13:36:44","date_gmt":"2022-09-30T13:36:44","guid":{"rendered":"https:\/\/buylegitpassport.com\/?page_id=3"},"modified":"2024-07-02T22:34:31","modified_gmt":"2024-07-02T22:34:31","slug":"hackers-profissionais-para-contratar","status":"publish","type":"page","link":"https:\/\/allhackerforhire.com\/pt\/hackers-profissionais-para-contratar\/","title":{"rendered":"Pol\u00edtica de privacidade"},"content":{"rendered":"<div data-elementor-type=\"wp-page\" data-elementor-id=\"3\" class=\"elementor elementor-3\">\n\t\t\t\t\t\t<section class=\"elementor-section elementor-top-section elementor-element elementor-element-21ed0537 elementor-section-boxed elementor-section-height-default elementor-section-height-default default-style\" data-id=\"21ed0537\" data-element_type=\"section\" data-settings=\"{&quot;rt_color_sets&quot;:&quot;default-style&quot;}\">\n\t\t\t\t\t\t<div class=\"elementor-container elementor-column-gap-default\">\n\t\t\t\t\t<div class=\"elementor-column elementor-col-100 elementor-top-column elementor-element elementor-element-320524c5\" data-id=\"320524c5\" data-element_type=\"column\">\n\t\t\t<div class=\"elementor-widget-wrap elementor-element-populated\">\n\t\t\t\t\t\t<div class=\"elementor-element elementor-element-15f4f884 elementor-widget elementor-widget-text-editor\" data-id=\"15f4f884\" data-element_type=\"widget\" data-widget_type=\"text-editor.default\">\n\t\t\t\t<div class=\"elementor-widget-container\">\n\t\t\t\t\t\t\t\t\t<p><\/p>\n<h2 class=\"wp-block-heading\">Hackers profissionais para aluguer<\/h2>\n<p><\/p>\n<div data-id=\"45a8c67\" data-element_type=\"widget\" data-widget_type=\"text-editor.default\">\n<div>\n<div data-id=\"68dc6d6\" data-element_type=\"widget\" data-widget_type=\"text-editor.default\">\n<div>\n<div>\n<div>\n<p>\u00a9 <strong>Contratar hackers online<\/strong> Os nossos servi\u00e7os acompanham-no e supervisionam todo o processo de procura, contrata\u00e7\u00e3o, explica\u00e7\u00e3o, negocia\u00e7\u00e3o e pagamento dos hackers da dark web. Hackers profissionais para aluguer.<br>Uma vez que somos o intermedi\u00e1rio, o cliente nunca interage diretamente com o hacker, nem administrativa nem financeiramente; n\u00e3o existe qualquer liga\u00e7\u00e3o que o leve at\u00e9 si. Hackers \u00e9ticos certificados<a href=\"https:\/\/duckduckgo.com\/\" target=\"_blank\" rel=\"noopener\">.<\/a> <span contenteditable=\"true\">Hackers profissionais para aluguer.<\/span><\/p>\n<h3><span contenteditable=\"true\">Encontrar hackers profissionais<\/span><\/h3>\n<p>Isto oferece-lhe uma camada de prote\u00e7\u00e3o que o protege contra qualquer aplica\u00e7\u00e3o da lei, o pr\u00f3prio alvo e, sim, at\u00e9 mesmo o hacker da Web escura que nunca conhece a identidade do cliente original. Trabalhar atrav\u00e9s de um intermedi\u00e1rio \u00e9 a forma mais segura de contratar qualquer trabalho clandestino atualmente. Contrate um hacker \u00e9tico.<br>Pode ter a certeza de que, como nosso cliente, estar\u00e1 sempre em total seguran\u00e7a e permanecer\u00e1 an\u00f3nimo. Asseguramos-lhe que o trabalho \u00e9 conclu\u00eddo a tempo e corretamente, que os fundos s\u00e3o transferidos sem problemas e que tudo \u00e9 executado da forma inicialmente acordada. Como contratar um <a href=\"https:\/\/allhackerforhire.com\/pt\/\">hacker \u00e9tico<\/a> em linha<\/p>\n<h3>Consulta sobre sinistros e recupera\u00e7\u00e3o de activos<\/h3>\n<p>Os nossos especialistas em contencioso comercial podem ajudar os indiv\u00edduos e as empresas que pensam ter sido v\u00edtimas de fraude a recuperar os bens perdidos em resultado da fraude, tanto no pa\u00eds como no estrangeiro. Tamb\u00e9m representamos clientes acusados de fraude, assegurando que os seus bens e direitos s\u00e3o salvaguardados durante um conflito legal. Contacte-nos para obter ajuda com qualquer elemento de recupera\u00e7\u00e3o de activos. Os melhores hackers para aluguer nos EUA.<\/p>\n<h4>A nossa filosofia<\/h4>\n<p>Proteg\u00ea-lo contra a fraude cibern\u00e9tica e perdas monet\u00e1rias. Os nossos especialistas em contencioso comercial podem ajudar os indiv\u00edduos e as empresas que pensam ter sido v\u00edtimas de fraude a recuperar os activos perdidos em resultado da fraude, tanto no pa\u00eds como no estrangeiro. <span contenteditable=\"true\">Alugar um Hacker Profissional. P<\/span><span contenteditable=\"true\">hackers profissionais para aluguer.<\/span><\/p>\n<div id=\"attachment_5018\" style=\"width: 310px\" class=\"wp-caption aligncenter\"><img fetchpriority=\"high\" decoding=\"async\" aria-describedby=\"caption-attachment-5018\" src=\"https:\/\/hireonlinehackers.com\/wp-content\/uploads\/2023\/09\/traxer-No9sjMu5zpA-unsplash-1-300x200.jpg\" alt=\"Hackers profissionais para aluguer\" width=\"300\" height=\"200\"><p id=\"caption-attachment-5018\" class=\"wp-caption-text\">Hackers profissionais para aluguer<\/p><\/div>\n<h4>O nosso objetivo?<\/h4>\n<p>O nosso objetivo \u00e9 simples: trabalharemos consigo para recuperar o seu dinheiro o mais rapidamente poss\u00edvel, utilizando algoritmos avan\u00e7ados e formas estrat\u00e9gicas para nos ajudar a recuperar as suas perdas. Considere contactar-nos hoje para discutir a sua reivindica\u00e7\u00e3o. <span contenteditable=\"true\">Hackers profissionais para aluguer.<\/span><\/p>\n<p><\/p>\n<h3>Hackers profissionais que trabalham em conjunto para prestar o melhor servi\u00e7o poss\u00edvel aos nossos clientes.<\/h3>\n<p>Para lhe fornecer os melhores e inigual\u00e1veis servi\u00e7os de hacking, a nossa equipa de hackers especializados utiliza a tecnologia mais avan\u00e7ada. Como uma organiza\u00e7\u00e3o de hackers profissionais para aluguer, fornecemos aos nossos clientes os melhores hackers \u00e9ticos certificados dispon\u00edveis, bem como compet\u00eancias e o m\u00e1ximo sigilo e confidencialidade.<br>Trabalhamos arduamente para compreender as suas necessidades e desenvolver solu\u00e7\u00f5es que as satisfa\u00e7am. Para desenvolver novas formas de entrar em bases de dados e redes, melhoramos regularmente as nossas ferramentas, estrat\u00e9gias e abordagens de ataque.<\/p>\n<p><img decoding=\"async\" data-src=\"https:\/\/hireonlinehackers.com\/wp-content\/uploads\/2023\/01\/5-star-300x158.jpg\" alt=\"Servi\u00e7os de Hacker Profissional para Aluguer\" width=\"66\" height=\"35\" src=\"data:image\/svg+xml;base64,PHN2ZyB3aWR0aD0iMSIgaGVpZ2h0PSIxIiB4bWxucz0iaHR0cDovL3d3dy53My5vcmcvMjAwMC9zdmciPjwvc3ZnPg==\" class=\"lazyload\" style=\"--smush-placeholder-width: 66px; --smush-placeholder-aspect-ratio: 66\/35;\"><\/p>\n<h3>Contratar um hacker profissional<\/h3>\n<p>Contrate um hacker com os servi\u00e7os de espionagem cibern\u00e9tica Hacking Services, que \u00e9 a melhor solu\u00e7\u00e3o para servi\u00e7os de espionagem m\u00f3vel e seguran\u00e7a na Internet. O seu acesso ser\u00e1 seguro e an\u00f3nimo com o servi\u00e7o de hacker.<\/p>\n<p>Com os melhores hackers profissionais, fornecemos o melhor servi\u00e7o de espionagem telef\u00f3nica. Os nossos hackers profissionais s\u00e3o formados com hackers s\u00e9nior altamente profissionais que t\u00eam um n\u00edvel \u00e9tico muito elevado.<\/p>\n<p>Todos os hackers telef\u00f3nicos s\u00e3o especialistas e possuem uma vasta experi\u00eancia pr\u00e1tica com cursos de forma\u00e7\u00e3o avan\u00e7ada.<br>Pode alugar um hacker. <span contenteditable=\"true\">P<\/span><span contenteditable=\"true\">hackers profissionais para aluguer.<\/span><\/p>\n<p>Mais de um milh\u00e3o de pais e pessoas contratam hackers para proteger as suas rela\u00e7\u00f5es. Pode seguir localiza\u00e7\u00f5es, chamadas, mensagens, registos, keylogger, redes sociais e muito mais. \u00c9 baseado na Web e \u00e9 100% seguro e protegido. A pirataria inform\u00e1tica \u00e9 ilegal. No entanto, a pirataria \u00e9tica \u00e9 aceite. Atualmente, a seguran\u00e7a e a prote\u00e7\u00e3o s\u00e3o necess\u00e1rias contra ciberataques, pelo que estamos dispon\u00edveis para resolver os seus problemas com verdadeiros hackers.<\/p>\n<h4>Alugar um Hacker para servi\u00e7os de espionagem telef\u00f3nica<\/h4>\n<p>Somos uma equipa de hackers \u00e9ticos mais profissionais, que fornecem o melhor servi\u00e7o de hacking telef\u00f3nico para si. Uma das situa\u00e7\u00f5es mais dif\u00edceis na vida \u00e9 quando algu\u00e9m quebra a confian\u00e7a.  Quando um c\u00f4njuge est\u00e1 a fazer batota durante o per\u00edodo da rela\u00e7\u00e3o, \u00e9 dif\u00edcil continuar. Os melhores hackers para aluguer na Internet. <span contenteditable=\"true\">P<\/span><span contenteditable=\"true\">hackers profissionais para aluguer.<\/span><\/p>\n<h4>Alugar um Hacker Profissional<\/h4>\n<p>Aqui chegamos com o nosso servi\u00e7o de espionagem telef\u00f3nica. Pode facilmente contratar um hacker e vigiar as actividades do seu parceiro. Com isto, pode reunir provas suficientes para denunciar tal situa\u00e7\u00e3o a amigos, familiares ou ao tribunal para uma mudan\u00e7a. Acreditamos sempre na transpar\u00eancia e, por isso, todos os nossos servi\u00e7os s\u00e3o fornecidos com garantia de devolu\u00e7\u00e3o do dinheiro. Em qualquer altura, se n\u00e3o receber o servi\u00e7o, reembolsaremos o pagamento completo. Isto constr\u00f3i a nossa longa rela\u00e7\u00e3o.<\/p>\n<h3>Servi\u00e7os de Hacker Profissional para Aluguer<\/h3>\n<div><a href=\"https:\/\/allhackerforhire.com\/pt\/\">Contratar hackers online<\/a> \u00e9 a organiza\u00e7\u00e3o l\u00edder de Hire Ethical Hackers com os melhores Hackers proficientes. Somos hackers bem formados, certificados e competentes! Estamos aptos a satisfazer as nossas garantias de fornecer os melhores servi\u00e7os de hacker para aluguer! <br>Estamos a oferecer o melhor aluguer de Hackers proficientes. \u00c9 f\u00e1cil obter servi\u00e7os de hacking \u00e9tico.  Lembre-se de que n\u00e3o h\u00e1 maldade em pedir um servi\u00e7o de aluguer de hackers! Se precisa de conseguir alguma coisa, deve dar um passo em frente e solicit\u00e1-la...<\/div>\n<div>\n<h3>&nbsp;<\/h3>\n<\/div>\n<div>\n<h3>Os melhores hackers para contratar<\/h3>\n<p>Os infiltradores silenciosos s\u00e3o Hackers profissionais que est\u00e3o sempre preparados para o servir em qualquer altura. Somos os espi\u00f5es de telefones de maior confian\u00e7a para aluguer, prestando servi\u00e7os de hackers proficientes. Como as principais organiza\u00e7\u00f5es de Ethical Hacker for Hire a n\u00edvel mundial, prestamos uma excelente capacidade de obter qualquer informa\u00e7\u00e3o na internet. Servi\u00e7o de testes de penetra\u00e7\u00e3o e monitoriza\u00e7\u00e3o para servi\u00e7os de hacking \u00e9tico. <span contenteditable=\"true\">P<\/span><span contenteditable=\"true\">hackers profissionais para aluguer.<\/span><\/p>\n<p>Dispomos de um grupo mundial de hackers certificados, que s\u00e3o especialistas em dom\u00ednios extraordin\u00e1rios de hacking. Pode, sem d\u00favida, fazer hacking \u00e9tico online entrando em contacto connosco e um hacker profissional da nossa equipa de hackers qualificados e treinados ser\u00e1 designado para fazer o seu trabalho num curto espa\u00e7o de tempo.<\/p>\n<p>As melhores capacidades para entrar em qualquer computador, hackear notas universit\u00e1rias. <span contenteditable=\"true\">Contrate um hacker profissional.<\/span><\/p>\n<h4>Como contratar um hacker da Dark Web?<\/h4>\n<p>O nosso especialista em seguran\u00e7a cibern\u00e9tica pode fornecer-lhe servi\u00e7os de hacking \u00e9tico e de dark web<a href=\"https:\/\/www.bing.com\/\" target=\"_blank\" rel=\"noopener\">,<\/a> e hackers de chap\u00e9u cinzento, que pode contratar facilmente. <span contenteditable=\"true\">P<\/span><span contenteditable=\"true\">hackers profissionais para aluguer.<\/span><\/p>\n<p>Se est\u00e1 \u00e0 procura de um especialista em hackers de chap\u00e9u cinzento. Para encontrar um especialista de confian\u00e7a para as suas necessidades de hacking, primeiro, deve saber onde procurar e encontrar um hacker \u00e9tico certificado.<\/p>\n<p>Existem in\u00fameras organiza\u00e7\u00f5es de hackers que n\u00e3o investem a energia extra que deveriam para contratar um hacker perto de mim para satisfazer as expectativas dos clientes. <span contenteditable=\"true\">Contrate um hacker profissional.<\/span><\/p>\n<p>Algumas pessoas pensam que podem contratar um hacker perto de si a troco de nada, recorrendo a um agente privado. Isto n\u00e3o \u00e9 recomendado porque os custos s\u00e3o gal\u00e1cticos e podem ser desviados se forem efectuados por um indiv\u00edduo brilhante.<\/p>\n<\/div>\n<\/div>\n<\/div>\n<\/div>\n<\/div>\n<p><img decoding=\"async\" data-src=\"https:\/\/hireonlinehackers.com\/wp-content\/uploads\/2023\/01\/5-star-300x158.jpg\" alt=\"Servi\u00e7os de Hacker Profissional para Aluguer\" width=\"36\" height=\"19\" src=\"data:image\/svg+xml;base64,PHN2ZyB3aWR0aD0iMSIgaGVpZ2h0PSIxIiB4bWxucz0iaHR0cDovL3d3dy53My5vcmcvMjAwMC9zdmciPjwvc3ZnPg==\" class=\"lazyload\" style=\"--smush-placeholder-width: 36px; --smush-placeholder-aspect-ratio: 36\/19;\"><\/p>\n<\/div>\n<\/div>\n<p><\/p>\t\t\t\t\t\t\t\t<\/div>\n\t\t\t\t<\/div>\n\t\t\t\t\t<\/div>\n\t\t<\/div>\n\t\t\t\t\t<\/div>\n\t\t<\/section>\n\t\t\t\t<section class=\"elementor-section elementor-top-section elementor-element elementor-element-da4e662 elementor-section-boxed elementor-section-height-default elementor-section-height-default default-style\" data-id=\"da4e662\" data-element_type=\"section\" data-settings=\"{&quot;rt_color_sets&quot;:&quot;default-style&quot;}\">\n\t\t\t\t\t\t<div class=\"elementor-container elementor-column-gap-default\">\n\t\t\t\t\t<div class=\"elementor-column elementor-col-50 elementor-top-column elementor-element elementor-element-db924fe\" data-id=\"db924fe\" data-element_type=\"column\">\n\t\t\t<div class=\"elementor-widget-wrap elementor-element-populated\">\n\t\t\t\t\t\t<div class=\"elementor-element elementor-element-0485719 elementor-widget elementor-widget-image\" data-id=\"0485719\" data-element_type=\"widget\" data-widget_type=\"image.default\">\n\t\t\t\t<div class=\"elementor-widget-container\">\n\t\t\t\t\t\t\t\t\t\t\t\t\t\t\t<img decoding=\"async\" width=\"768\" height=\"288\" data-src=\"https:\/\/allhackerforhire.com\/wp-content\/uploads\/2022\/11\/Buy-Registered-Documents.jpg\" class=\"attachment-large size-large wp-image-4545 lazyload\" alt=\"Contratar Hackers da Dark Web\" data-srcset=\"https:\/\/allhackerforhire.com\/wp-content\/uploads\/2022\/11\/Buy-Registered-Documents.jpg 768w, https:\/\/allhackerforhire.com\/wp-content\/uploads\/2022\/11\/Buy-Registered-Documents-300x113.jpg 300w, https:\/\/allhackerforhire.com\/wp-content\/uploads\/2022\/11\/Buy-Registered-Documents-600x225.jpg 600w\" data-sizes=\"(max-width: 768px) 100vw, 768px\" src=\"data:image\/svg+xml;base64,PHN2ZyB3aWR0aD0iMSIgaGVpZ2h0PSIxIiB4bWxucz0iaHR0cDovL3d3dy53My5vcmcvMjAwMC9zdmciPjwvc3ZnPg==\" style=\"--smush-placeholder-width: 768px; --smush-placeholder-aspect-ratio: 768\/288;\" \/>\t\t\t\t\t\t\t\t\t\t\t\t\t\t\t<\/div>\n\t\t\t\t<\/div>\n\t\t\t\t\t<\/div>\n\t\t<\/div>\n\t\t\t\t<div class=\"elementor-column elementor-col-50 elementor-top-column elementor-element elementor-element-bff131d\" data-id=\"bff131d\" data-element_type=\"column\">\n\t\t\t<div class=\"elementor-widget-wrap elementor-element-populated\">\n\t\t\t\t\t\t<div class=\"elementor-element elementor-element-db6bcbe elementor-widget elementor-widget-heading\" data-id=\"db6bcbe\" data-element_type=\"widget\" data-widget_type=\"heading.default\">\n\t\t\t\t<div class=\"elementor-widget-container\">\n\t\t\t\t\t<h2 class=\"elementor-heading-title elementor-size-default\"><span class=\"tagify__tag-text\">Contratar Hackers da Dark Web<\/span><\/h2>\t\t\t\t<\/div>\n\t\t\t\t<\/div>\n\t\t\t\t\t<\/div>\n\t\t<\/div>\n\t\t\t\t\t<\/div>\n\t\t<\/section>\n\t\t\t\t<\/div>","protected":false},"excerpt":{"rendered":"<p>Professional Hackers For Hire \u00a9 Hire Online Hackers services ir\u00e1 acompanh\u00e1-lo e supervisionar todo o processo de procura, contrata\u00e7\u00e3o, explica\u00e7\u00e3o, negocia\u00e7\u00e3o e pagamento de hackers da dark web. Como somos o intermedi\u00e1rio, voc\u00ea nunca interage diretamente com o hacker, nem administrativa nem financeiramente; n\u00e3o h\u00e1 qualquer liga\u00e7\u00e3o que o leve at\u00e9 si. [...]<\/p>","protected":false},"author":1,"featured_media":4993,"parent":0,"menu_order":0,"comment_status":"closed","ping_status":"open","template":"","meta":{"_acf_changed":false,"footnotes":""},"class_list":["post-3","page","type-page","status-publish","has-post-thumbnail","hentry"],"acf":[],"_links":{"self":[{"href":"https:\/\/allhackerforhire.com\/pt\/wp-json\/wp\/v2\/pages\/3","targetHints":{"allow":["GET"]}}],"collection":[{"href":"https:\/\/allhackerforhire.com\/pt\/wp-json\/wp\/v2\/pages"}],"about":[{"href":"https:\/\/allhackerforhire.com\/pt\/wp-json\/wp\/v2\/types\/page"}],"author":[{"embeddable":true,"href":"https:\/\/allhackerforhire.com\/pt\/wp-json\/wp\/v2\/users\/1"}],"replies":[{"embeddable":true,"href":"https:\/\/allhackerforhire.com\/pt\/wp-json\/wp\/v2\/comments?post=3"}],"version-history":[{"count":55,"href":"https:\/\/allhackerforhire.com\/pt\/wp-json\/wp\/v2\/pages\/3\/revisions"}],"predecessor-version":[{"id":5159,"href":"https:\/\/allhackerforhire.com\/pt\/wp-json\/wp\/v2\/pages\/3\/revisions\/5159"}],"wp:featuredmedia":[{"embeddable":true,"href":"https:\/\/allhackerforhire.com\/pt\/wp-json\/wp\/v2\/media\/4993"}],"wp:attachment":[{"href":"https:\/\/allhackerforhire.com\/pt\/wp-json\/wp\/v2\/media?parent=3"}],"curies":[{"name":"wp","href":"https:\/\/api.w.org\/{rel}","templated":true}]}}