{"id":40,"date":"2010-08-23T19:14:50","date_gmt":"2010-08-23T19:14:50","guid":{"rendered":"http:\/\/rttheme10.templatemints.com\/?page_id=40"},"modified":"2025-11-16T10:32:59","modified_gmt":"2025-11-16T10:32:59","slug":"contratar-um-hacker","status":"publish","type":"page","link":"https:\/\/allhackerforhire.com\/pt\/contratar-um-hacker\/","title":{"rendered":"Contactar-nos"},"content":{"rendered":"<h1>CONTRATAR UM HACKER<\/h1>\n<h2>Contratar um Hacker Online | Alugar um Hacker | Alugar um Hacker<\/h2>\n<p>Contrate um Hacker que seja Honesto e Dedicado a Cumprir o Servi\u00e7o de Hacking Atribu\u00eddo. Resultados Garantidos do Servi\u00e7o de Hacking. Os nossos hackers de aluguer s\u00e3o honestos, dedicados e apaixonados pelo seu trabalho, podem passar qualquer n\u00edvel de hacking para obter sucesso no hacking. Resposta R\u00e1pida do Hacker Find Dark Web Hacker responde dentro de 30 minutos.<\/p>\n<h3 data-rt-animate=\"animate\" data-rt-animation-type=\"fade\" data-rt-animation-group=\"single\">CONTACTE-NOS<\/h3>\n<h3>Hackers de confian\u00e7a para aluguer<\/h3>\n<div><span style=\"color: #ff0000;\"><strong>ALL8hfh@protonmail.ch<\/strong><\/span><\/div>\n<h2><strong>Hackers inform\u00e1ticos clandestinos para aluguer<\/strong><\/h2>\n<p>Somos prestadores de servi\u00e7os de hackers e oferecemos especialistas \u00e9ticos cibern\u00e9ticos de confian\u00e7a em todo o mundo. Aqui pode encontrar uma vasta gama de especialistas online dispon\u00edveis. Apoio ao cliente online 24*7. Contrate especialistas cibern\u00e9ticos profissionais 24\/7 a qualquer altura.<\/p>\n<p>Os nossos melhores servi\u00e7os de especialistas cibern\u00e9ticos oferecem-lhe, Recupera\u00e7\u00e3o de telefone pirateado, Recupera\u00e7\u00e3o de palavra-passe de redes sociais comprometida, Recupera\u00e7\u00e3o de fundos de fraudes de investimento criptogr\u00e1fico, Rastreio de fraudes de transfer\u00eancias banc\u00e1rias, Artigos difamat\u00f3rios ou falsos na Internet, Publica\u00e7\u00f5es de blogues ou Relat\u00f3rios e remo\u00e7\u00e3o de cr\u00edticas falsas, Recupera\u00e7\u00e3o de sites pirateados ou comprometidos, e muitos mais servi\u00e7os em que est\u00e1 desamparado e n\u00e3o consegue encontrar mais nenhuma forma de prosseguir.<\/p>\n<p>Se n\u00e3o tem a certeza do servi\u00e7o de que necessita mas tem um problema pronto a ser resolvido, ter\u00e1 de tomar a iniciativa de o pedir:<\/p>\n<ol>\n<li>A Spy and Monitor \u00e9 uma organiza\u00e7\u00e3o de hackers \u00e9ticos de topo para aluguer!<\/li>\n<li>Contrate hackers extremamente bem treinados, certificados e profissionais!<\/li>\n<li>Alugue um hacker capaz de cumprir as suas promessas!<\/li>\n<li>O nosso ponto de venda \u00fanico \u00e9 a confian\u00e7a e a responsabilidade!<\/li>\n<\/ol>\n<p>Criamos confian\u00e7a para todos os clientes. N\u00e3o hesite em contactar-nos. Qualquer que seja o seu pedido de informa\u00e7\u00e3o, basta contactar o nosso\u00a0<b>Peritos profissionais em cibern\u00e9tica<\/b>, A nossa equipa profissional e altamente talentosa ir\u00e1 revert\u00ea-lo o mais rapidamente poss\u00edvel. Contrate um hacker online.<\/p>\n<p>Pode encontrar aqui a solu\u00e7\u00e3o para todos os problemas, tais como algu\u00e9m que pirateia o Facebook, recupera\u00e7\u00e3o de palavras-passe, hacker do Instagram, WhatsApp, hacker do Snapchat, e-mail ou computador, ou suspeita que algu\u00e9m est\u00e1 a monitorizar o seu telefone, obtenha uma solu\u00e7\u00e3o para o seu problema junto de especialistas cibern\u00e9ticos.<\/p>\n<p>Temos mais de 100 especialistas cibern\u00e9ticos profissionais e certificamo-nos de que est\u00e1 100% seguro e protegido ao contratar um hacker online connosco. A confian\u00e7a \u00e9 a nossa primeira arma. Por isso, n\u00e3o se preocupe! Entreg\u00e1mos os nossos servi\u00e7os a muitos clientes em todo o mundo. N\u00e3o expomos os seus dados pessoais a ningu\u00e9m.<\/p>\n<p><img decoding=\"async\" data-src=\"https:\/\/hireonlinehackers.com\/wp-content\/uploads\/2023\/01\/5-star-300x158.jpg\" alt=\"Servi\u00e7os de Hacker Profissional para Aluguer\" width=\"53\" height=\"28\" src=\"data:image\/svg+xml;base64,PHN2ZyB3aWR0aD0iMSIgaGVpZ2h0PSIxIiB4bWxucz0iaHR0cDovL3d3dy53My5vcmcvMjAwMC9zdmciPjwvc3ZnPg==\" class=\"lazyload\" style=\"--smush-placeholder-width: 53px; --smush-placeholder-aspect-ratio: 53\/28;\" \/><\/p>\n<h3 data-rt-animate=\"animate\" data-rt-animation-type=\"fade\" data-rt-animation-group=\"single\">A SATISFA\u00c7\u00c3O \u00c9 GARANTIDA.<\/h3>\n<h2>Hackers profissionais para aluguer<\/h2>\n<h3>Servi\u00e7os de monitoriza\u00e7\u00e3o telef\u00f3nica<\/h3>\n<p>Prestamos um servi\u00e7o completo de monitoriza\u00e7\u00e3o de telem\u00f3veis para o seu n\u00famero alvo, utilizando tecnologia de ponta que lhe permitir\u00e1 controlar todos os aspectos do dispositivo. A monitoriza\u00e7\u00e3o do parceiro de trai\u00e7\u00e3o est\u00e1 dispon\u00edvel ao seu servi\u00e7o! Hacker de aluguer.<\/p>\n<h3>Servi\u00e7os de recupera\u00e7\u00e3o de senhas<\/h3>\n<p>Dar-lhe-emos acesso \u00e0 conta completa para que possa ler todas as mensagens recebidas e enviadas. Poder\u00e1 tamb\u00e9m ver as \u00faltimas mensagens apagadas. Hackers reais para aluguer.<\/p>\n<p><img decoding=\"async\" data-src=\"https:\/\/hireonlinehackers.com\/wp-content\/uploads\/2023\/01\/5-star-300x158.jpg\" alt=\"Servi\u00e7os de Hacker Profissional para Aluguer\" width=\"66\" height=\"35\" src=\"data:image\/svg+xml;base64,PHN2ZyB3aWR0aD0iMSIgaGVpZ2h0PSIxIiB4bWxucz0iaHR0cDovL3d3dy53My5vcmcvMjAwMC9zdmciPjwvc3ZnPg==\" class=\"lazyload\" style=\"--smush-placeholder-width: 66px; --smush-placeholder-aspect-ratio: 66\/35;\" \/><\/p>\n<h3>Servi\u00e7os de penetra\u00e7\u00e3o nas redes sociais<\/h3>\n<p>N\u00f3s fornecemos-lhe admiss\u00e3o em diferentes contas de redes sociais como Messenger, Whatsapp, Instagram, Snapchat, Telegram, etc. Monitorize discretamente sem avisar o seu alvo. Agora voc\u00ea pode contratar especialistas cibern\u00e9ticos \u00e9ticos em m\u00eddia social de n\u00f3s. Contrate um hacker.<\/p>\n<h2><strong>Os melhores hackers cibern\u00e9ticos \u00e9ticos<\/strong><\/h2>\n<p>Os peritos cibern\u00e9ticos profissionais est\u00e3o sempre preparados para fornecer o melhor servi\u00e7o de hacking para si. Somos fornecedores profissionais de servi\u00e7os de hacking nos Estados Unidos. Pode explorar facilmente com\u00a0<b>hackers de aluguer<\/b>. Como um dos principais apoios do Ethical Hacker for Hire no mundo, a Spy and Monitor oferece os melhores especialistas cibern\u00e9ticos online em todo o mundo.<\/p>\n<p>Temos uma equipa especializada de mais de 100 especialistas globais altamente experientes em cibern\u00e9tica, onde pode\u00a0<a href=\"https:\/\/allhackerforhire.com\/pt\/contratar-um-hacker\/\">contactar hackers online<\/a>, que s\u00e3o especialistas em dom\u00ednios superiores. Os nossos melhores hackers s\u00e3o contratados online atrav\u00e9s de numerosos testes de n\u00edvel ao vivo; uma vez provado o seu valor, podem juntar-se \u00e0 nossa equipa superior<a href=\"https:\/\/duckduckgo.com\/\" target=\"_blank\" rel=\"noopener\">.<\/a> Contratar um hacker para qualquer tipo de trabalho.<\/p>\n<p>Contratar especialistas cibern\u00e9ticos profissionais para servi\u00e7os de monitoriza\u00e7\u00e3o telef\u00f3nica<\/p>\n<p>Contrata\u00e7\u00e3o de ciber-hackers \u00e9ticos para monitoriza\u00e7\u00e3o de parceiros ou c\u00f4njuges pouco \u00e9ticos<\/p>\n<p>\u2713 Contratar hackers para a recupera\u00e7\u00e3o do esquema de investimento em criptografia<\/p>\n<p>Contratar profissionais cibern\u00e9ticos \u00e9ticos para penetra\u00e7\u00e3o nas redes sociais<\/p>\n<p><img decoding=\"async\" data-src=\"https:\/\/buylegitpassport.com\/wp-content\/uploads\/2022\/11\/5-star-2-300x158.jpg\" alt=\"Contratar um Hacker\" width=\"70\" height=\"37\" src=\"data:image\/svg+xml;base64,PHN2ZyB3aWR0aD0iMSIgaGVpZ2h0PSIxIiB4bWxucz0iaHR0cDovL3d3dy53My5vcmcvMjAwMC9zdmciPjwvc3ZnPg==\" class=\"lazyload\" style=\"--smush-placeholder-width: 70px; --smush-placeholder-aspect-ratio: 70\/37;\" \/><\/p>\n<section data-id=\"785fc72\" data-element_type=\"section\" data-settings=\"{&quot;background_background&quot;:&quot;classic&quot;}\">\n<h2><strong>QUEM SOMOS<\/strong><\/h2>\n<p>Os nossos hackers a contratar s\u00e3o profissionais, experientes, extraordin\u00e1rios e extremamente talentosos. A maioria dos nossos especialistas cibern\u00e9ticos \u00e9ticos trabalhou durante mais de 15 anos para diferentes clientes e ag\u00eancias no dom\u00ednio da penetra\u00e7\u00e3o nas redes sociais, recupera\u00e7\u00e3o de fundos de sites ou empresas fraudulentas, investimento em criptomoedas ou bitcoins e gest\u00e3o de dados, e a maioria, se n\u00e3o todos, tem conhecimento de como trabalhar para empresas que criam diferentes configura\u00e7\u00f5es de seguran\u00e7a para diferentes aplica\u00e7\u00f5es. O facto de terem trabalhado para essas empresas d\u00e1 aos nossos hackers profissionais uma vantagem e uma vis\u00e3o completa de como a seguran\u00e7a funciona para v\u00e1rias aplica\u00e7\u00f5es<\/p>\n<h2><strong>O QUE FAZEMOS<\/strong><\/h2>\n<p>Somos profissionais em todos os dom\u00ednios. Somos especialistas em Monitoriza\u00e7\u00e3o telef\u00f3nica e fornecemos servi\u00e7os completos de monitoriza\u00e7\u00e3o telef\u00f3nica aos nossos clientes que necessitam regularmente de o fazer para os seus filhos ou em situa\u00e7\u00f5es como a suspeita de trai\u00e7\u00e3o do c\u00f4njuge ou de parceiros de neg\u00f3cios, etc. Mas n\u00e3o \u00e9 s\u00f3 isso que fazemos, basta preencher o nosso formul\u00e1rio de contacto e podemos discutir as suas necessidades e fornecer-lhe uma solu\u00e7\u00e3o adequada.<\/p>\n<h2><strong>HACKER DE ALUGUER<\/strong><\/h2>\n<p>Contrate os nossos Hackers que se dedicam \u00e0 excel\u00eancia. H\u00e1 situa\u00e7\u00f5es em que se pensa em contratar um novato; no entanto, fica-se \u00e0 espera de contratar um hacker. N\u00e3o hesite em contactar-nos, e n\u00f3s podemos fornecer-lhe um servi\u00e7o espec\u00edfico de contrata\u00e7\u00e3o de hackers. Abaixo est\u00e3o listados alguns dos melhores hackers para contratar fornecedores. Contratar um hacker.<\/p>\n<h3>Quanto custa contratar um hacker?<\/h3>\n<p>O custo da contrata\u00e7\u00e3o de um hacker pode variar muito, dependendo do tipo de trabalho necess\u00e1rio, do n\u00edvel de especializa\u00e7\u00e3o do hacker e da quantidade de tempo necess\u00e1ria para concluir a tarefa. A contrata\u00e7\u00e3o de um hacker pode custar entre alguns e milhares de d\u00f3lares.<\/p>\n<p>Pode estar a perguntar-se se contratar um hacker \u00e9 ilegal. Sim, \u00e9 importante notar que contratar um hacker \u00e9 ilegal na maioria dos pa\u00edses e pode ter consequ\u00eancias legais graves.<\/p>\n<h2>Os nossos servi\u00e7os de pirataria inform\u00e1tica<\/h2>\n<ol>\n<li>Servi\u00e7o de monitoriza\u00e7\u00e3o de telem\u00f3veis<\/li>\n<li>Especialistas em redes sociais<\/li>\n<li>Teste de penetra\u00e7\u00e3o de sites<\/li>\n<li>Investiga\u00e7\u00e3o de parceiros\/esposos traidores<\/li>\n<li>Servi\u00e7os de monitoriza\u00e7\u00e3o de computadores na nuvem<\/li>\n<li>Estorno de transfer\u00eancia banc\u00e1ria<\/li>\n<li>Fraude Bitcoin Recupera\u00e7\u00e3o de fundos de investimento<\/li>\n<\/ol>\n<\/section>","protected":false},"excerpt":{"rendered":"<p>HIRE A HACKER Hire A Hacker Online | Rent A Hacker | Rent a Hacker Hire a Hacker Who is Honest and Dedicated To Fulfilling the Hacking Service Assigned. Assured Hacking Service Results. Our hackers for hire are honest, dedicated, and passionate about their work, they can cross any level of hacking to get success [&hellip;]<\/p>","protected":false},"author":1,"featured_media":0,"parent":0,"menu_order":0,"comment_status":"open","ping_status":"closed","template":"builder-ready.php","meta":{"_acf_changed":false,"footnotes":""},"class_list":["post-40","page","type-page","status-publish","hentry"],"acf":[],"_links":{"self":[{"href":"https:\/\/allhackerforhire.com\/pt\/wp-json\/wp\/v2\/pages\/40","targetHints":{"allow":["GET"]}}],"collection":[{"href":"https:\/\/allhackerforhire.com\/pt\/wp-json\/wp\/v2\/pages"}],"about":[{"href":"https:\/\/allhackerforhire.com\/pt\/wp-json\/wp\/v2\/types\/page"}],"author":[{"embeddable":true,"href":"https:\/\/allhackerforhire.com\/pt\/wp-json\/wp\/v2\/users\/1"}],"replies":[{"embeddable":true,"href":"https:\/\/allhackerforhire.com\/pt\/wp-json\/wp\/v2\/comments?post=40"}],"version-history":[{"count":104,"href":"https:\/\/allhackerforhire.com\/pt\/wp-json\/wp\/v2\/pages\/40\/revisions"}],"predecessor-version":[{"id":5858,"href":"https:\/\/allhackerforhire.com\/pt\/wp-json\/wp\/v2\/pages\/40\/revisions\/5858"}],"wp:attachment":[{"href":"https:\/\/allhackerforhire.com\/pt\/wp-json\/wp\/v2\/media?parent=40"}],"curies":[{"name":"wp","href":"https:\/\/api.w.org\/{rel}","templated":true}]}}