{"id":4991,"date":"2023-09-10T16:41:53","date_gmt":"2023-09-10T16:41:53","guid":{"rendered":"https:\/\/hireonlinehackers.com\/?page_id=4991"},"modified":"2024-07-02T22:53:36","modified_gmt":"2024-07-02T22:53:36","slug":"hacker-de-whatsapp-para-contratar","status":"publish","type":"page","link":"https:\/\/allhackerforhire.com\/pt\/hacker-de-whatsapp-para-contratar\/","title":{"rendered":"Hacker do WhatsApp"},"content":{"rendered":"<div data-elementor-type=\"wp-page\" data-elementor-id=\"4991\" class=\"elementor elementor-4991\">\n\t\t\t\t\t\t<section class=\"elementor-section elementor-top-section elementor-element elementor-element-21ed0537 elementor-section-boxed elementor-section-height-default elementor-section-height-default default-style\" data-id=\"21ed0537\" data-element_type=\"section\" data-settings=\"{&quot;rt_color_sets&quot;:&quot;default-style&quot;}\">\n\t\t\t\t\t\t<div class=\"elementor-container elementor-column-gap-default\">\n\t\t\t\t\t<div class=\"elementor-column elementor-col-100 elementor-top-column elementor-element elementor-element-320524c5\" data-id=\"320524c5\" data-element_type=\"column\">\n\t\t\t<div class=\"elementor-widget-wrap elementor-element-populated\">\n\t\t\t\t\t\t<div class=\"elementor-element elementor-element-15f4f884 elementor-widget elementor-widget-text-editor\" data-id=\"15f4f884\" data-element_type=\"widget\" data-widget_type=\"text-editor.default\">\n\t\t\t\t<div class=\"elementor-widget-container\">\n\t\t\t\t\t\t\t\t\t<p><\/p>\n<h2 class=\"wp-block-heading\">WhatsApp Hacker For Hire<\/h2>\n<p><\/p>\n<div data-id=\"45a8c67\" data-element_type=\"widget\" data-widget_type=\"text-editor.default\">\n<div>\n<div data-id=\"68dc6d6\" data-element_type=\"widget\" data-widget_type=\"text-editor.default\">\n<div>\n<p>O servi\u00e7o de aluguer de hackers do WhatsApp est\u00e1 dispon\u00edvel a pre\u00e7os razo\u00e1veis como servi\u00e7o aut\u00f3nomo de pirataria do WhatsApp, bem como parte de um servi\u00e7o de pirataria telef\u00f3nica que tamb\u00e9m fornece acesso ao WhatsApp. Os nossos pre\u00e7os s\u00e3o um dos melhores do sector e pode ter a certeza da confidencialidade e do sigilo 100% da sua comunica\u00e7\u00e3o connosco e do servi\u00e7o de pirataria do WhatsApp que prestamos e da sua intratabilidade em quaisquer circunst\u00e2ncias.  Hacker de contas WhatsApp para aluguer.<\/p>\n<p>O servi\u00e7o de aluguer de hackers do WhatsApp pode ser fornecido no prazo de 24 horas, se for urgente para si, o que implica uma pequena sobretaxa que est\u00e1 inclu\u00edda no pre\u00e7o. Se estiver disposto a esperar mais tempo, pode pedir um desconto que oferecemos para pedidos de servi\u00e7o de hacking do WhatsApp n\u00e3o priorit\u00e1rios. <span contenteditable=\"true\">Contrate Hackers da Dark Web.<\/span><\/p>\n<h4>Hacking whats app<\/h4>\n<p>O WhatsApp \u00e9 um servi\u00e7o muito utilizado, especialmente no Reino Unido e, como pode imaginar, a maior parte dos nossos pedidos de aluguer de hackers do WhatsApp prov\u00eam do Reino Unido. Fornecemos acesso total \u00e0s contas do WhatsApp, incluindo mensagens, imagens e v\u00eddeos enviados e recebidos, bem como grava\u00e7\u00f5es de chamadas de voz e v\u00eddeo.<br \/>N\u00e3o hesite em preencher o nosso formul\u00e1rio de contacto para obter mais detalhes e solicitar o servi\u00e7o de pirataria do WhatsApp.<\/p>\n<div id=\"attachment_5000\" style=\"width: 310px\" class=\"wp-caption alignnone\"><img decoding=\"async\" aria-describedby=\"caption-attachment-5000\" data-src=\"https:\/\/hireonlinehackers.com\/wp-content\/uploads\/2023\/09\/WhatsApp-hacker-300x141.jpg\" alt=\"WhatsApp Hacker for Hire\" width=\"300\" height=\"141\" src=\"data:image\/svg+xml;base64,PHN2ZyB3aWR0aD0iMSIgaGVpZ2h0PSIxIiB4bWxucz0iaHR0cDovL3d3dy53My5vcmcvMjAwMC9zdmciPjwvc3ZnPg==\" class=\"lazyload\" style=\"--smush-placeholder-width: 300px; --smush-placeholder-aspect-ratio: 300\/141;\" \/><p id=\"caption-attachment-5000\" class=\"wp-caption-text\">WhatsApp Hacker for Hire<\/p><\/div>\n<h1>Contratar um Hacker para o WhatsApp<\/h1>\n<p>A nossa ag\u00eancia fornece todos os tipos de servi\u00e7os de pirataria inform\u00e1tica relacionados com o WhatsApp, com um historial de sucesso e avalia\u00e7\u00f5es.<\/p>\n<p>Todos os servi\u00e7os online ser\u00e3o prestados a um pre\u00e7o econ\u00f3mico e dentro do prazo estabelecido. Estas especialidades tornam-nos #1 no mundo do hacking.<\/p>\n<p>Por isso, se procura contratar um Hacker - WhatsApp para alugar, ent\u00e3o a nossa ag\u00eancia \u00e9 a melhor para si.<\/p>\n<p>Veja porque \u00e9 que os servi\u00e7os de hacking online da nossa ag\u00eancia com certifica\u00e7\u00e3o de chap\u00e9u branco s\u00e3o melhores do que os de outros hackers \u00e9ticos certificados profissionalmente.<\/p>\n<h2>Obter servi\u00e7os de pirataria do WhatsApp a tempo<\/h2>\n<p>Quando<br \/>O nosso cliente escolhe um plano em fun\u00e7\u00e3o das suas necessidades. Pretende algumas qualidades na pessoa ou ag\u00eancia que vai contratar em regime de aluguer.<\/p>\n<p>Pode ser um pre\u00e7o barato para algumas pessoas, porque o dinheiro \u00e9 importante para algumas pessoas. Mas toda a gente quer que a sua tarefa seja conclu\u00edda muito rapidamente e o mais depressa poss\u00edvel.<\/p>\n<div>\n<div>\n<h3>Onde contratar um Hacker para o WhatsApp<\/h3>\n<\/div>\n<\/div>\n<p>As pessoas contratam um hacker para o WhatsApp porque precisam de todos os detalhes para isso.<br \/>Est\u00e3o ansiosos por encontrar resultados t\u00e3o rapidamente quanto a velocidade da luz.<\/p>\n<p>A velocidade da luz n\u00e3o \u00e9 poss\u00edvel para ningu\u00e9m, mas garantimos-lhe que fornecemos servi\u00e7os de hacking do WhatsApp a tempo, o que lhe \u00e9 dado.<\/p>\n<div id=\"attachment_5005\" style=\"width: 310px\" class=\"wp-caption alignnone\"><img fetchpriority=\"high\" decoding=\"async\" aria-describedby=\"caption-attachment-5005\" src=\"https:\/\/hireonlinehackers.com\/wp-content\/uploads\/2023\/09\/Social-Media-Accounts-Hack-300x200.jpg\" alt=\" Onde contratar um Hacker para o WhatsApp \" width=\"300\" height=\"200\" \/><p id=\"caption-attachment-5005\" class=\"wp-caption-text\"><br \/>Onde contratar um Hacker para o WhatsApp<\/p><\/div>\n<h2>Contratar um Hacker do WhatsApp a um pre\u00e7o barato<\/h2>\n<p>Quando se opta por hackers de chap\u00e9u branco para servi\u00e7os relacionados com a pirataria inform\u00e1tica no WhatsApp,<br \/>podem cobrar cerca de $500 ou talvez mais. Mas a nossa ag\u00eancia acredita em rela\u00e7\u00f5es a longo prazo.<\/p>\n<p>\u00c9 por isso que a nossa ag\u00eancia oferece um WhatsApp profissional de chap\u00e9u branco <a title=\"hacker de aluguer\" href=\"https:\/\/allhackerforhire.com\/pt\/\">piratas inform\u00e1ticos <\/a><a href=\"https:\/\/allhackerforhire.com\/pt\/contratar-um-hacker\/\" target=\"_blank\" rel=\"noopener\">sobre <\/a><a title=\"hacker de aluguer\" href=\"https:\/\/allhackerforhire.com\/pt\/hackers-de-aluguer\/\">aluguer<\/a> a um pre\u00e7o muito econ\u00f3mico. Tamb\u00e9m pode comparar pre\u00e7os de outros recursos.<\/p>\n<h4>Existem alguns passos a seguir antes de aderir aos servi\u00e7os de pirataria inform\u00e1tica do WhatsApp.<\/h4>\n<ul>\n<li>Primeiro, decida o que pretende.<\/li>\n<li>Em seguida, verifique os pre\u00e7os, visitando <a href=\"https:\/\/hireonlinehackers.com\/hire-a-hacker\/\" target=\"_blank\" rel=\"noopener\">o <\/a><a href=\"https:\/\/allhackerforhire.com\/pt\/\">arroz<\/a> p\u00e1gina.<\/li>\n<li>Escolha o pacote que mais lhe conv\u00e9m.<\/li>\n<li>Envie-nos todas as suas quest\u00f5es em pormenor.<\/li>\n<li>Envie-nos um e-mail ou converse com o suporte.<\/li>\n<li>Se tudo estiver esclarecido com a equipa de apoio, avance.<\/li>\n<\/ul>\n<div>\n<h4>Os hackers profissionais contactam<\/h4>\n<\/div>\n<div>\n<div>\n<p><span data-preserver-spaces=\"true\">O Whatsapp \u00e9 uma aplica\u00e7\u00e3o de mensagens gratuita para smartphones, atualmente propriedade do Facebook. \u00c9 uma das maiores aplica\u00e7\u00f5es de<br \/>plataformas de redes sociais online. A principal raz\u00e3o para o WhatsApp ser t\u00e3o<br \/>popular deve-se ao conjunto internacional de utilizadores. A interface \u00e9 f\u00e1cil<br \/>para entender, e os utilizadores s\u00e3o mais de 2 mil milh\u00f5es. Hacker de contas do WhatsApp para alugar.<\/span><\/p>\n<h3>Hacker de contas WhatsApp para alugar<\/h3>\n<p><span data-preserver-spaces=\"true\">Quer seja para uso pessoal ou para fins comerciais, os utilizadores sentem-se mais \u00e0 vontade para transmitir as suas informa\u00e7\u00f5es atrav\u00e9s do WhatsApp. As mensagens encriptadas de ponta a ponta tornaram-no mais popular e convenceram os utilizadores a utiliz\u00e1-lo. No entanto, os truques de pirataria do WhatsApp s\u00e3o poss\u00edveis com conhecimentos suficientes. Os poss\u00edveis truques de hacking ir\u00e3o permitir-lhe obter acesso \u00e0 conta de algu\u00e9m.  Onde Contratar um Hacker para o WhatsApp.<br \/><\/span><\/p>\n<h4><span data-preserver-spaces=\"true\">Iremos discutir como hackear<\/span><\/h4>\n<p><span data-preserver-spaces=\"true\">Contas do Whatsapp por meio de hackers \u00e9ticos no restante do artigo. O hacking \u00e9tico \u00e9 uma abordagem segura em que voc\u00ea conhece as falhas do sistema para aumentar a seguran\u00e7a. Tamb\u00e9m discutiremos como contratar um hacker para o WhatsApp online para espiar algu\u00e9m. Se voc\u00ea \u00e9 um pai preocupado que deseja monitorar seus filhos ou um chefe que deseja verificar os funcion\u00e1rios, \u00e9 importante conhecer os truques de trapa\u00e7a do Whatsapp. <\/span>Contacto de hackers profissionais.<\/p>\n<h2><strong><span data-preserver-spaces=\"true\">Como sincronizar o dispositivo com um navegador da Web via c\u00f3digo QR como um truque de hackers do WhatsApp.<\/span><\/strong><\/h2>\n<p><span data-preserver-spaces=\"true\">O m\u00e9todo \u00e9 bastante simples e tudo o que precisa \u00e9 de obter o telem\u00f3vel do utilizador visado. Assim que tiver o telem\u00f3vel da v\u00edtima, est\u00e1 tudo pronto para come\u00e7ar. Temos de utilizar o servi\u00e7o \u2018WhatsApp Web\u201c em nosso proveito. Se quiseres aproveitar o servi\u00e7o, vai a \"<\/span><a href=\"https:\/\/web.whatsapp.com\" target=\"_blank\" rel=\"noopener\"><span data-preserver-spaces=\"true\">https:\/\/web.whatsapp.com<\/span><\/a><span data-preserver-spaces=\"true\">\u201d no seu PC. Se pretender utilizar um dispositivo m\u00f3vel, tem de instalar um<br \/>app chamada \u2018Whatsapp Web\u2019. Agora o processo principal \u00e9 o seguinte-<\/span><\/p>\n<ol>\n<li><span data-preserver-spaces=\"true\">Abra o modelo que pretende aceder \u00e0s mensagens - pode utilizar um PC ou um dispositivo m\u00f3vel.<\/span><\/li>\n<li><span data-preserver-spaces=\"true\">Para aceder a partir do PC, abrir os navegadores Web, digitando \u201c<\/span><a href=\"https:\/\/web.whatsapp.com\" target=\"_blank\" rel=\"noopener\"><span data-preserver-spaces=\"true\">https:\/\/web.whatsapp.com<\/span><\/a><span data-preserver-spaces=\"true\">.\u201d<br \/>Ser-lhe-\u00e1 pedido que digitalize o c\u00f3digo QR indicado no s\u00edtio. Ap\u00f3s a leitura<br \/>estiver conclu\u00edda a partir do telem\u00f3vel da v\u00edtima, assinale a op\u00e7\u00e3o \u2018Manter-me registado<br \/>em\u201d.\u201d<\/span><\/li>\n<li><span data-preserver-spaces=\"true\">Para utilizadores m\u00f3veis, abra a aplica\u00e7\u00e3o \u2018WhatsApp Web\".<\/span><\/li>\n<li><span data-preserver-spaces=\"true\">Digitalizar o c\u00f3digo QR a partir da aplica\u00e7\u00e3o m\u00f3vel do dispositivo da v\u00edtima seguindo - Menu WhatsApp-&gt;WhatsApp Web.<\/span><\/li>\n<\/ol>\n<p><span data-preserver-spaces=\"true\">Agora, depois de iniciar sess\u00e3o, ter\u00e1 acesso a todas as mensagens e ficheiros. No entanto, a conversa ou o texto eliminado n\u00e3o ser\u00e1 mostrado na interface do utilizador. A nota mais importante deste m\u00e9todo \u00e9 ter o dispositivo m\u00f3vel do utilizador visado. O m\u00e9todo n\u00e3o ser\u00e1 bem sucedido se o dispositivo m\u00f3vel da v\u00edtima n\u00e3o estiver presente.<\/span><\/p>\n<h2><strong><span data-preserver-spaces=\"true\">Como piratear conversas do WhatsApp usando o WSP 3.0<\/span><\/strong><\/h2>\n<p><span data-preserver-spaces=\"true\">Neste m\u00e9todo, ver\u00e1 todos os chats e conversas do utilizador visado. Tem de utilizar<br \/>WhatsApp Scan Pro (WSP). Pode descarregar o ficheiro APK, que est\u00e1 dispon\u00edvel online. O WSP funciona como um malware. Cont\u00e9m um v\u00edrus anexado juntamente com a fotografia que vai enviar ao utilizador visado.<\/span><\/p>\n<p><span data-preserver-spaces=\"true\">A v\u00edtima cai numa armadilha se clicar na fotografia que lhe foi enviada. Por isso, \u00e9 necess\u00e1rio enviar uma foto que intrigue a v\u00edtima a clicar nela. Quando a v\u00edtima abre a foto, o v\u00edrus corre automaticamente para o dispositivo.<\/span><\/p>\n<h4><span data-preserver-spaces=\"true\">Hackers freelance para aluguer<br \/><\/span><\/h4>\n<p><span data-preserver-spaces=\"true\">\u00a0O WSP ajuda a bloquear as actividades de backdoor na estrutura e a ligar-se ao hacker. Quando o hacker ganha acesso, os c\u00f3digos QR s\u00e3o lidos a partir do mensageiro m\u00f3vel visado.<\/span><\/p>\n<p><span data-preserver-spaces=\"true\">O c\u00f3digo \u00e9 alterado a cada 10 segundos. No entanto, o hacker pode monitorizar o processo continuamente. O hacker<br \/>ganha acesso \u00e0 sess\u00e3o da v\u00edtima instantaneamente assim que a liga\u00e7\u00e3o \u00e9<br \/>estabelecido.\u00a0<\/span><\/p>\n<p><span data-preserver-spaces=\"true\">\u00c9 necess\u00e1rio ter em conta que a liga\u00e7\u00e3o \u00e0 Internet deve ser est\u00e1vel e r\u00e1pida.<\/span><\/p>\n<h4><strong><span data-preserver-spaces=\"true\">Como piratear o WhatsApp exportando o hist\u00f3rico de conversas\u00a0\u00a0<\/span><\/strong><\/h4>\n<p><span data-preserver-spaces=\"true\">Esta \u00e9 a forma mais r\u00e1pida de piratear<br \/>WhatsApp do utilizador visado. Este truque de hacking do WhatsApp para o WhatsApp \u00e9 bastante semelhante ao primeiro m\u00e9todo mencionado no artigo. O processo \u00e9 o seguinte<\/span><\/p>\n<ol>\n<li><span data-preserver-spaces=\"true\">Pegar no dispositivo m\u00f3vel da v\u00edtima e abrir a aplica\u00e7\u00e3o WhatsApp.<\/span><\/li>\n<li><span data-preserver-spaces=\"true\">Clique no \u00edcone Menu. O \u00edcone \u00e9 constitu\u00eddo por tr\u00eas pontos verticais no lado superior da interface da aplica\u00e7\u00e3o.<\/span><\/li>\n<li><span data-preserver-spaces=\"true\">Agora, clique em Defini\u00e7\u00f5es -&gt; Conversas -&gt; Hist\u00f3rico das conversas -&gt; Exportar conversa (com ou sem hist\u00f3rico dos m\u00e9dia, como preferir)<\/span><\/li>\n<li><span data-preserver-spaces=\"true\">Abra o Gmail e escreva o endere\u00e7o de correio eletr\u00f3nico que pretende enviar.\u00a0<\/span><\/li>\n<li><span data-preserver-spaces=\"true\">Clique em Exportar\u00a0<\/span><\/li>\n<\/ol>\n<p><span data-preserver-spaces=\"true\">O ficheiro (formato de texto), incluindo o ficheiro multim\u00e9dia (se escolhido), ser\u00e1 carregado no correio. Prima \u2018Enviar\u2019 para concluir a tarefa. Pode recolher o ficheiro agora ou mais tarde a partir do correio.\u00a0<\/span><\/p>\n<p>Saiba mais truques sobre - Contratar um Ethical Hacker para invadir uma conta do WhatsApp.<\/p>\n<h5><strong><span data-preserver-spaces=\"true\">Como contratar hackers para invadir a conta do WhatsApp\u00a0<\/span><\/strong><\/h5>\n<p><span data-preserver-spaces=\"true\">N\u00e3o \u00e9 recomend\u00e1vel contratar um hacker para invadir a conta WhatsApp de algu\u00e9m. A principal raz\u00e3o \u00e9 que muitos<br \/>vezes pode ser uma burla. Muitas pessoas queixaram-se de n\u00e3o receberem o servi\u00e7o, apesar de lhes ter sido cobrado o montante total. A escolha desta op\u00e7\u00e3o pode ser um atalho para si, uma vez que n\u00e3o tem de se envolver no processo de pirataria inform\u00e1tica. Mas os riscos tamb\u00e9m s\u00e3o elevados.<\/span><\/p>\n<p><span data-preserver-spaces=\"true\">Alguns dos s\u00edtios cobram uma quantia consider\u00e1vel se n\u00e3o houver garantias de n\u00e3o ser enganado. Pegue<br \/>o servi\u00e7o, tendo em conta todos os riscos poss\u00edveis. Mas a pirataria inform\u00e1tica leg\u00edtima<br \/>Os sites podem fazer o trabalho por si, sem qualquer esquema.<\/span><\/p>\n<p><span data-preserver-spaces=\"true\">\u00a0Se est\u00e1 convencido de que quer continuar a contratar um hacker, siga esta liga\u00e7\u00e3o e contacte-o: <\/span><a href=\"https:\/\/allhackerforhire.com\/pt\/\" target=\"_blank\" rel=\"noopener\">Allhackerforhire.com<\/a><span data-preserver-spaces=\"true\"> Aqui obter\u00e1 o servi\u00e7o desejado, tal como prometido, embora o pagamento n\u00e3o seja barato.\u00a0<\/span><\/p>\n<h4><span data-preserver-spaces=\"true\">Trata-se das seguintes WhatsApp<\/span><\/h4>\n<p><span data-preserver-spaces=\"true\">Truques de pirataria que pode experimentar. \u00c9 aconselh\u00e1vel n\u00e3o utilizar os m\u00e9todos para qualquer atividade ilegal. Em vez disso, utilize estas informa\u00e7\u00f5es como uma precau\u00e7\u00e3o que pode implementar para aumentar a seguran\u00e7a da sua conta. Mas se suspeitar de algu\u00e9m que conhece e que possa estar envolvido em actos il\u00edcitos. Utilize estes m\u00e9todos para os espiar e seguir as suas actividades.<\/span><\/p>\n<\/div>\n<\/div>\n<\/div>\n<\/div>\n<h3>Whatsapp Hack Online<\/h3>\n<p>Est\u00e1 \u00e0 procura de hackear as mensagens, \u00e1udios e v\u00eddeos do WhatsApp do seu amigo ou namorada online? Se sim, ent\u00e3o est\u00e1 no s\u00edtio certo. Pode hackear as mensagens do WhatsApp de qualquer familiar ou amigo aqui e a parte principal disto \u00e9 que pode faz\u00ea-lo gratuitamente. Agora vamos ver como podemos hackear o WhatsApp online e como podemos pregar partidas aos nossos amigos e familiares mostrando-lhes as suas pr\u00f3prias mensagens. Note que esta \u00e9 uma ferramenta premium, mas dispon\u00edvel gratuitamente no nosso site, para que possa desfrutar do nosso servi\u00e7o gratuito. Hackers freelance para aluguer.<\/p>\n<h4>Passos Como podemos hackear o WhatsApp online?<\/h4>\n<p>Existem 3 op\u00e7\u00f5es dispon\u00edveis no topo do nosso s\u00edtio Web que s\u00e3o de preenchimento obrigat\u00f3rio.<\/p>\n<p>\u00a0\u00a0\u00a0 Na primeira coluna, introduza o n\u00famero de telefone que pretende piratear o n\u00famero de telefone da v\u00edtima (com o indicativo do pa\u00eds).<br \/>\u00a0\u00a0\u00a0 Na segunda coluna, selecione o que pretende hackear. Existem 4 op\u00e7\u00f5es dispon\u00edveis: mensagens, \u00e1udio, v\u00eddeos e todos os dados; pode selecionar qualquer uma destas quatro op\u00e7\u00f5es. WhatsApp Account Hacker for Hire.<\/p>\n<h4><span tabindex=\"0\" role=\"textbox\" contenteditable=\"true\" data-placeholder=\"Example: Rank Math SEO\" aria-placeholder=\"Example: Rank Math SEO\" aria-autocomplete=\"both\" aria-multiline=\"false\">Contratar o WhatsApp Hacker Online<\/span><\/h4>\n<p>\u00a0\u00a0\u00a0 Na terceira coluna, selecione onde pretende ver os dados pirateados. Existem 2 op\u00e7\u00f5es dispon\u00edveis: online ou descarregados como um zip para mostrar offline. Pode selecionar qualquer uma das op\u00e7\u00f5es desta coluna.<\/p>\n<p>\u00a0\u00a0\u00a0 Depois de preencher todas as informa\u00e7\u00f5es, clique no bot\u00e3o Hack Now e o pr\u00f3ximo progresso ser\u00e1 feito pelo nosso sistema. Ele ir\u00e1 gerar c\u00f3digos hash e verificar o banco de dados do WhatsApp e, em seguida, mostrar\u00e1 o resultado hackeado.<br \/>\u00a0\u00a0\u00a0 O \u00faltimo passo \u00e9 descarregar ou ver os ficheiros pirateados. Neste passo, o hacker tem de provar que \u00e9 um ser humano e n\u00e3o um rob\u00f4, bastando para isso completar uma simples oferta. WhatsApp Account Hacker for Hire.<\/p>\n<h4><a href=\"http:\/\/google.com\" target=\"_blank\" rel=\"noopener\">Contratar algu\u00e9m para aceder a uma conta WhatsApp<\/a><\/h4>\n<p>Wow agora tem acesso aos seus dados pirateados Pode ver mensagens, \u00e1udio e v\u00eddeos online ou offline gratuitamente. Mais uma vez, por favor, ajude o nosso site compartilhando no Facebook Google Plus e outros sites de m\u00eddia social. Nota- S\u00f3 \u00e9 poss\u00edvel hackear um n\u00famero a partir de um IP. Voc\u00ea pode ver a prova hackeada na imagem abaixo. APROVEITAR!!! Hacker de contas WhatsApp para contratar.<\/p>\n<p><img decoding=\"async\" data-src=\"https:\/\/hireonlinehackers.com\/wp-content\/uploads\/2023\/01\/5-star-300x158.jpg\" alt=\"Servi\u00e7os de Hacker Profissional para Aluguer\" width=\"36\" height=\"19\" src=\"data:image\/svg+xml;base64,PHN2ZyB3aWR0aD0iMSIgaGVpZ2h0PSIxIiB4bWxucz0iaHR0cDovL3d3dy53My5vcmcvMjAwMC9zdmciPjwvc3ZnPg==\" class=\"lazyload\" style=\"--smush-placeholder-width: 36px; --smush-placeholder-aspect-ratio: 36\/19;\" \/><\/p>\n<\/div>\n<\/div>\n<p><\/p>\t\t\t\t\t\t\t\t<\/div>\n\t\t\t\t<\/div>\n\t\t\t\t\t<\/div>\n\t\t<\/div>\n\t\t\t\t\t<\/div>\n\t\t<\/section>\n\t\t\t\t<section class=\"elementor-section elementor-top-section elementor-element elementor-element-da4e662 elementor-section-boxed elementor-section-height-default elementor-section-height-default default-style\" data-id=\"da4e662\" data-element_type=\"section\" data-settings=\"{&quot;rt_color_sets&quot;:&quot;default-style&quot;}\">\n\t\t\t\t\t\t<div class=\"elementor-container elementor-column-gap-default\">\n\t\t\t\t\t<div class=\"elementor-column elementor-col-50 elementor-top-column elementor-element elementor-element-db924fe\" data-id=\"db924fe\" data-element_type=\"column\">\n\t\t\t<div class=\"elementor-widget-wrap elementor-element-populated\">\n\t\t\t\t\t\t<div class=\"elementor-element elementor-element-0485719 elementor-widget elementor-widget-image\" data-id=\"0485719\" data-element_type=\"widget\" data-widget_type=\"image.default\">\n\t\t\t\t<div class=\"elementor-widget-container\">\n\t\t\t\t\t\t\t\t\t\t\t\t\t\t\t<img decoding=\"async\" width=\"768\" height=\"288\" data-src=\"https:\/\/allhackerforhire.com\/wp-content\/uploads\/2022\/11\/Buy-Registered-Documents.jpg\" class=\"attachment-large size-large wp-image-4545 lazyload\" alt=\"Contratar Hackers da Dark Web\" data-srcset=\"https:\/\/allhackerforhire.com\/wp-content\/uploads\/2022\/11\/Buy-Registered-Documents.jpg 768w, https:\/\/allhackerforhire.com\/wp-content\/uploads\/2022\/11\/Buy-Registered-Documents-300x113.jpg 300w, https:\/\/allhackerforhire.com\/wp-content\/uploads\/2022\/11\/Buy-Registered-Documents-600x225.jpg 600w\" data-sizes=\"(max-width: 768px) 100vw, 768px\" src=\"data:image\/svg+xml;base64,PHN2ZyB3aWR0aD0iMSIgaGVpZ2h0PSIxIiB4bWxucz0iaHR0cDovL3d3dy53My5vcmcvMjAwMC9zdmciPjwvc3ZnPg==\" style=\"--smush-placeholder-width: 768px; --smush-placeholder-aspect-ratio: 768\/288;\" \/>\t\t\t\t\t\t\t\t\t\t\t\t\t\t\t<\/div>\n\t\t\t\t<\/div>\n\t\t\t\t\t<\/div>\n\t\t<\/div>\n\t\t\t\t<div class=\"elementor-column elementor-col-50 elementor-top-column elementor-element elementor-element-bff131d\" data-id=\"bff131d\" data-element_type=\"column\">\n\t\t\t<div class=\"elementor-widget-wrap elementor-element-populated\">\n\t\t\t\t\t\t<div class=\"elementor-element elementor-element-db6bcbe elementor-widget elementor-widget-heading\" data-id=\"db6bcbe\" data-element_type=\"widget\" data-widget_type=\"heading.default\">\n\t\t\t\t<div class=\"elementor-widget-container\">\n\t\t\t\t\t<h2 class=\"elementor-heading-title elementor-size-default\"><span class=\"tagify__tag-text\">Contratar Hackers da Dark Web<\/span><\/h2>\t\t\t\t<\/div>\n\t\t\t\t<\/div>\n\t\t\t\t\t<\/div>\n\t\t<\/div>\n\t\t\t\t\t<\/div>\n\t\t<\/section>\n\t\t\t\t<\/div>","protected":false},"excerpt":{"rendered":"<p>WhatsApp Hacker For Hire O servi\u00e7o de hacking do WhatsApp est\u00e1 dispon\u00edvel a pre\u00e7os razo\u00e1veis como um servi\u00e7o aut\u00f3nomo de hacking do WhatsApp, bem como parte de um servi\u00e7o de hacking do telefone que tamb\u00e9m fornece acesso ao WhatsApp. Os nossos pre\u00e7os s\u00e3o um dos melhores do sector e pode ter a certeza da confidencialidade 100% [...]<\/p>","protected":false},"author":1,"featured_media":4986,"parent":0,"menu_order":0,"comment_status":"closed","ping_status":"open","template":"","meta":{"_acf_changed":false,"footnotes":""},"class_list":["post-4991","page","type-page","status-publish","has-post-thumbnail","hentry"],"acf":[],"_links":{"self":[{"href":"https:\/\/allhackerforhire.com\/pt\/wp-json\/wp\/v2\/pages\/4991","targetHints":{"allow":["GET"]}}],"collection":[{"href":"https:\/\/allhackerforhire.com\/pt\/wp-json\/wp\/v2\/pages"}],"about":[{"href":"https:\/\/allhackerforhire.com\/pt\/wp-json\/wp\/v2\/types\/page"}],"author":[{"embeddable":true,"href":"https:\/\/allhackerforhire.com\/pt\/wp-json\/wp\/v2\/users\/1"}],"replies":[{"embeddable":true,"href":"https:\/\/allhackerforhire.com\/pt\/wp-json\/wp\/v2\/comments?post=4991"}],"version-history":[{"count":16,"href":"https:\/\/allhackerforhire.com\/pt\/wp-json\/wp\/v2\/pages\/4991\/revisions"}],"predecessor-version":[{"id":5175,"href":"https:\/\/allhackerforhire.com\/pt\/wp-json\/wp\/v2\/pages\/4991\/revisions\/5175"}],"wp:featuredmedia":[{"embeddable":true,"href":"https:\/\/allhackerforhire.com\/pt\/wp-json\/wp\/v2\/media\/4986"}],"wp:attachment":[{"href":"https:\/\/allhackerforhire.com\/pt\/wp-json\/wp\/v2\/media?parent=4991"}],"curies":[{"name":"wp","href":"https:\/\/api.w.org\/{rel}","templated":true}]}}