{"id":5026,"date":"2023-09-14T09:39:25","date_gmt":"2023-09-14T09:39:25","guid":{"rendered":"https:\/\/hireonlinehackers.com\/?page_id=5026"},"modified":"2024-07-02T22:12:02","modified_gmt":"2024-07-02T22:12:02","slug":"hacker-do-instagram-para-contratar","status":"publish","type":"page","link":"https:\/\/allhackerforhire.com\/pt\/hacker-do-instagram-para-contratar\/","title":{"rendered":"Hacker do Instagram"},"content":{"rendered":"<div data-elementor-type=\"wp-page\" data-elementor-id=\"5026\" class=\"elementor elementor-5026\">\n\t\t\t\t\t\t<section class=\"elementor-section elementor-top-section elementor-element elementor-element-21ed0537 elementor-section-boxed elementor-section-height-default elementor-section-height-default default-style\" data-id=\"21ed0537\" data-element_type=\"section\" data-settings=\"{&quot;rt_color_sets&quot;:&quot;default-style&quot;}\">\n\t\t\t\t\t\t<div class=\"elementor-container elementor-column-gap-default\">\n\t\t\t\t\t<div class=\"elementor-column elementor-col-100 elementor-top-column elementor-element elementor-element-320524c5\" data-id=\"320524c5\" data-element_type=\"column\">\n\t\t\t<div class=\"elementor-widget-wrap elementor-element-populated\">\n\t\t\t\t\t\t<div class=\"elementor-element elementor-element-15f4f884 elementor-widget elementor-widget-text-editor\" data-id=\"15f4f884\" data-element_type=\"widget\" data-widget_type=\"text-editor.default\">\n\t\t\t\t<div class=\"elementor-widget-container\">\n\t\t\t\t\t\t\t\t\t<p><\/p>\n<h2 class=\"wp-block-heading\">Instagram Hacker for Hire<\/h2>\n<p><\/p>\n<div data-id=\"45a8c67\" data-element_type=\"widget\" data-widget_type=\"text-editor.default\">\n<div>\n<div data-id=\"68dc6d6\" data-element_type=\"widget\" data-widget_type=\"text-editor.default\">\n<div>\n<div>\n<div>\n<div>\n<p>O nosso servi\u00e7o de hackers profissionais \u00e9 especializado em hacking de contas do Instagram, oferecendo-lhe a possibilidade de aceder a qualquer conta online e monitorizar v\u00e1rias plataformas, como o WhatsApp, Facebook, Discord, Snapchat e muito mais. Com a nossa ferramenta de software, dispon\u00edvel para PC, iPhone e Android, pode ter acesso a funcionalidades como localiza\u00e7\u00e3o GPS em tempo real, monitoriza\u00e7\u00e3o da c\u00e2mara e do microfone, mensagens, e-mails, chamadas, hist\u00f3rico do navegador, grava\u00e7\u00e3o de ecr\u00e3 e recupera\u00e7\u00e3o de mensagens, ficheiros e suportes apagados.&nbsp;<\/p><p>Se se encontrar na infeliz situa\u00e7\u00e3o de uma conta do Instagram perdida ou pirateada, a nossa equipa de verdadeiros hackers profissionais est\u00e1 aqui para o ajudar a recuper\u00e1-la r\u00e1pida e facilmente. N\u00e3o hesite em contratar um hacker profissional do Instagram e recupere o controlo sobre a sua conta. Hacker de contas do Instagram para aluguer.<br><\/p>\n<h3>Contratar um servi\u00e7o de hackers para hackear o Instagram<\/h3>\n<\/div>\n<\/div>\n<p>Se perdeu o acesso \u00e0 sua conta do Instagram ou pretende obter acesso a uma conta do Instagram por outros motivos, este \u00e9 o servi\u00e7o de que necessita. N\u00e3o enviamos quaisquer liga\u00e7\u00f5es ou mensagens ao propriet\u00e1rio e este servi\u00e7o \u00e9 completamente discreto e an\u00f3nimo. A seguran\u00e7a dos nossos clientes \u00e9 muito importante para n\u00f3s e temos isso em mente ao fazer todos os trabalhos. Contrate Hackers Profissionais do Instagram online de forma barata. Hacker de contas do Instagram para alugar.<br><\/p>\n<p><img decoding=\"async\" data-src=\"https:\/\/hireonlinehackers.com\/wp-content\/uploads\/2023\/09\/Instagram-Hacker-for-Hire-300x168.jpg\" alt=\"Instagram Hacker for Hire\" width=\"230\" height=\"128\" src=\"data:image\/svg+xml;base64,PHN2ZyB3aWR0aD0iMSIgaGVpZ2h0PSIxIiB4bWxucz0iaHR0cDovL3d3dy53My5vcmcvMjAwMC9zdmciPjwvc3ZnPg==\" class=\"lazyload\" style=\"--smush-placeholder-width: 230px; --smush-placeholder-aspect-ratio: 230\/128;\"><\/p>\n<h3><span contenteditable=\"true\">Contratar um Hacker para o Instagram<\/span><\/h3>\n<\/div>\n<\/div>\n<\/div>\n<\/div>\n<\/div>\n<p>Apresentamos um processo simples sobre como contratar um <a href=\"https:\/\/allhackerforhire.com\/pt\/\">hacker para Instagram<\/a>O nosso servi\u00e7o de hacker de Instagram, especificamente concebido para o ajudar a apanhar um c\u00f4njuge ou um traidor. Os nossos servi\u00e7os oferecem op\u00e7\u00f5es econ\u00f3micas para contratar um hacker do Instagram. Com uma gama de servi\u00e7os de hacking dispon\u00edveis, incluindo hacking de contas do Instagram, hacking inform\u00e1tico e contorno de medidas de seguran\u00e7a, somos a escolha de confian\u00e7a para contratar hackers do Instagram. Quer tenha perdido o acesso \u00e0 sua pr\u00f3pria conta do Instagram ou necessite de aceder \u00e0 conta de outra pessoa por motivos leg\u00edtimos, o nosso servi\u00e7o discreto e an\u00f3nimo pode satisfazer as suas necessidades.<\/p>\n<h3>Pagar a algu\u00e9m para piratear o Instagram<\/h3>\n<p>A nossa equipa de hackers qualificados \u00e9 especializada em hacking no Instagram e pode ajud\u00e1-lo a recuperar informa\u00e7\u00f5es importantes ou a resolver quaisquer problemas relacionados com a conta. Mantemos o mais alto n\u00edvel de confidencialidade e garantimos que as suas informa\u00e7\u00f5es pessoais permanecem seguras durante todo o processo. N\u00e3o deixe que as suas suspeitas ou preocupa\u00e7\u00f5es fiquem sem resposta - contrate um hacker do Instagram hoje mesmo e obtenha as respostas de que necessita<a href=\"https:\/\/duckduckgo.com\/\" target=\"_blank\" rel=\"noopener\">.<\/a> Damos prioridade \u00e0 satisfa\u00e7\u00e3o do cliente e garantimos resultados r\u00e1pidos.<\/p>\n<h3>Contratar hackers profissionais para o Instagram<\/h3>\n<p><\/p>\n<p>Os nossos hackers especializados t\u00eam anos de experi\u00eancia no sector e est\u00e3o equipados com as ferramentas e t\u00e9cnicas mais recentes para garantir o sucesso do hacking no Instagram. Pode ter a certeza de que os nossos servi\u00e7os s\u00e3o totalmente legais e \u00e9ticos, respeitando normas \u00e9ticas rigorosas. N\u00e3o hesite mais - assuma o controlo da sua conta do Instagram ou obtenha acesso \u00e0 informa\u00e7\u00e3o de que necessita, contratando agora os nossos hackers de confian\u00e7a do Instagram. Hacker de contas do Instagram para contratar.<br><\/p>\n<p>No momento em que voc\u00ea alista um programador do Instagram de n\u00f3s, voc\u00ea est\u00e1 ganhando acesso ao programador mais ideal no neg\u00f3cio. Temos um grupo de tecno-artistas profundamente talentosos e experientes que podem ajud\u00e1-lo com qualquer necessidade de hacking que voc\u00ea possa ter.<\/p>\n<h3>Pagar para hackear uma conta do Instagram<\/h3>\n<p>A nossa administra\u00e7\u00e3o oferece \u00e0s pessoas a capacidade de recrutar um programador do Instagram. Ao contratar um programador atrav\u00e9s da nossa administra\u00e7\u00e3o, os clientes podem aceder ao registo de qualquer singular que escolham, quer tenham ou n\u00e3o os dados de login.<\/p>\n<h4>Hacker de contas do Instagram para contratar<\/h4>\n<p>Isto permite aos clientes recuperar fotografias apagadas e alterar palavras-passe, e o c\u00e9u \u00e9 o limite a partir da\u00ed. Utilizamos uma linguagem acad\u00e9mica complexa para garantir que os nossos programadores s\u00e3o verdadeiramente incr\u00edveis. Investimos de todo o cora\u00e7\u00e3o no nosso trabalho e precisamos de garantir que os nossos clientes ficam geralmente satisfeitos com os resultados. Pagar para hackear a conta do Instagram.<\/p>\n<h4>Por que nos escolher para um hacker do Instagram para contratar?<\/h4>\n<p>Existem algumas raz\u00f5es para contratar os nossos hackers do Instagram. Talvez a raz\u00e3o mais importante seja o facto de termos um grande conjunto de hackers qualificados e experientes que s\u00e3o capazes de ajudar com uma grande variedade de necessidades de hacking. Para al\u00e9m disso, oferecemos pre\u00e7os competitivos, apoio ao cliente 24 horas por dia, 7 dias por semana e uma garantia de satisfa\u00e7\u00e3o 100%.<\/p>\n<div data-id=\"45a8c67\" data-element_type=\"widget\" data-widget_type=\"text-editor.default\">\n<div>\n<p><img decoding=\"async\" data-src=\"https:\/\/hireonlinehackers.com\/wp-content\/uploads\/2023\/01\/5-star-300x158.jpg\" alt=\"Servi\u00e7os de Hacker Profissional para Aluguer\" width=\"36\" height=\"19\" src=\"data:image\/svg+xml;base64,PHN2ZyB3aWR0aD0iMSIgaGVpZ2h0PSIxIiB4bWxucz0iaHR0cDovL3d3dy53My5vcmcvMjAwMC9zdmciPjwvc3ZnPg==\" class=\"lazyload\" style=\"--smush-placeholder-width: 36px; --smush-placeholder-aspect-ratio: 36\/19;\"><\/p>\n<\/div>\n<\/div>\n<p><\/p>\t\t\t\t\t\t\t\t<\/div>\n\t\t\t\t<\/div>\n\t\t\t\t\t<\/div>\n\t\t<\/div>\n\t\t\t\t\t<\/div>\n\t\t<\/section>\n\t\t\t\t<section class=\"elementor-section elementor-top-section elementor-element elementor-element-da4e662 elementor-section-boxed elementor-section-height-default elementor-section-height-default default-style\" data-id=\"da4e662\" data-element_type=\"section\" data-settings=\"{&quot;rt_color_sets&quot;:&quot;default-style&quot;}\">\n\t\t\t\t\t\t<div class=\"elementor-container elementor-column-gap-default\">\n\t\t\t\t\t<div class=\"elementor-column elementor-col-50 elementor-top-column elementor-element elementor-element-db924fe\" data-id=\"db924fe\" data-element_type=\"column\">\n\t\t\t<div class=\"elementor-widget-wrap elementor-element-populated\">\n\t\t\t\t\t\t<div class=\"elementor-element elementor-element-0485719 elementor-widget elementor-widget-image\" data-id=\"0485719\" data-element_type=\"widget\" data-widget_type=\"image.default\">\n\t\t\t\t<div class=\"elementor-widget-container\">\n\t\t\t\t\t\t\t\t\t\t\t\t\t\t\t<img fetchpriority=\"high\" decoding=\"async\" width=\"768\" height=\"288\" src=\"https:\/\/allhackerforhire.com\/wp-content\/uploads\/2022\/11\/Buy-Registered-Documents.jpg\" class=\"attachment-large size-large wp-image-4545\" alt=\"Contratar Hackers da Dark Web\" srcset=\"https:\/\/allhackerforhire.com\/wp-content\/uploads\/2022\/11\/Buy-Registered-Documents.jpg 768w, https:\/\/allhackerforhire.com\/wp-content\/uploads\/2022\/11\/Buy-Registered-Documents-300x113.jpg 300w, https:\/\/allhackerforhire.com\/wp-content\/uploads\/2022\/11\/Buy-Registered-Documents-600x225.jpg 600w\" sizes=\"(max-width: 768px) 100vw, 768px\" \/>\t\t\t\t\t\t\t\t\t\t\t\t\t\t\t<\/div>\n\t\t\t\t<\/div>\n\t\t\t\t\t<\/div>\n\t\t<\/div>\n\t\t\t\t<div class=\"elementor-column elementor-col-50 elementor-top-column elementor-element elementor-element-bff131d\" data-id=\"bff131d\" data-element_type=\"column\">\n\t\t\t<div class=\"elementor-widget-wrap elementor-element-populated\">\n\t\t\t\t\t\t<div class=\"elementor-element elementor-element-db6bcbe elementor-widget elementor-widget-heading\" data-id=\"db6bcbe\" data-element_type=\"widget\" data-widget_type=\"heading.default\">\n\t\t\t\t<div class=\"elementor-widget-container\">\n\t\t\t\t\t<h2 class=\"elementor-heading-title elementor-size-default\">Instagram Hackers 15 minutos<\/h2>\t\t\t\t<\/div>\n\t\t\t\t<\/div>\n\t\t\t\t\t<\/div>\n\t\t<\/div>\n\t\t\t\t\t<\/div>\n\t\t<\/section>\n\t\t\t\t<\/div>","protected":false},"excerpt":{"rendered":"<p>Instagram Hacker for Hire O nosso servi\u00e7o de hacker profissional \u00e9 especializado em hacking de contas do Instagram, oferecendo-lhe a capacidade de aceder a qualquer conta online e monitorizar v\u00e1rias plataformas como o WhatsApp, Facebook, Discord, Snapchat e muito mais. Com a nossa ferramenta de software, dispon\u00edvel para PC, iPhone e Android, pode obter acesso a funcionalidades como localiza\u00e7\u00e3o GPS em direto, [...]<\/p>","protected":false},"author":1,"featured_media":5029,"parent":0,"menu_order":0,"comment_status":"closed","ping_status":"open","template":"","meta":{"_acf_changed":false,"footnotes":""},"class_list":["post-5026","page","type-page","status-publish","has-post-thumbnail","hentry"],"acf":[],"_links":{"self":[{"href":"https:\/\/allhackerforhire.com\/pt\/wp-json\/wp\/v2\/pages\/5026","targetHints":{"allow":["GET"]}}],"collection":[{"href":"https:\/\/allhackerforhire.com\/pt\/wp-json\/wp\/v2\/pages"}],"about":[{"href":"https:\/\/allhackerforhire.com\/pt\/wp-json\/wp\/v2\/types\/page"}],"author":[{"embeddable":true,"href":"https:\/\/allhackerforhire.com\/pt\/wp-json\/wp\/v2\/users\/1"}],"replies":[{"embeddable":true,"href":"https:\/\/allhackerforhire.com\/pt\/wp-json\/wp\/v2\/comments?post=5026"}],"version-history":[{"count":13,"href":"https:\/\/allhackerforhire.com\/pt\/wp-json\/wp\/v2\/pages\/5026\/revisions"}],"predecessor-version":[{"id":5132,"href":"https:\/\/allhackerforhire.com\/pt\/wp-json\/wp\/v2\/pages\/5026\/revisions\/5132"}],"wp:featuredmedia":[{"embeddable":true,"href":"https:\/\/allhackerforhire.com\/pt\/wp-json\/wp\/v2\/media\/5029"}],"wp:attachment":[{"href":"https:\/\/allhackerforhire.com\/pt\/wp-json\/wp\/v2\/media?parent=5026"}],"curies":[{"name":"wp","href":"https:\/\/api.w.org\/{rel}","templated":true}]}}