{"id":5037,"date":"2023-09-14T10:28:12","date_gmt":"2023-09-14T10:28:12","guid":{"rendered":"https:\/\/hireonlinehackers.com\/?page_id=5037"},"modified":"2024-07-02T22:44:09","modified_gmt":"2024-07-02T22:44:09","slug":"hacker-de-snapchat-para-contratar","status":"publish","type":"page","link":"https:\/\/allhackerforhire.com\/pt\/hacker-de-snapchat-para-contratar\/","title":{"rendered":"Hacker do Snapchat"},"content":{"rendered":"<div data-elementor-type=\"wp-page\" data-elementor-id=\"5037\" class=\"elementor elementor-5037\">\n\t\t\t\t\t\t<section class=\"elementor-section elementor-top-section elementor-element elementor-element-21ed0537 elementor-section-boxed elementor-section-height-default elementor-section-height-default default-style\" data-id=\"21ed0537\" data-element_type=\"section\" data-settings=\"{&quot;rt_color_sets&quot;:&quot;default-style&quot;}\">\n\t\t\t\t\t\t<div class=\"elementor-container elementor-column-gap-default\">\n\t\t\t\t\t<div class=\"elementor-column elementor-col-100 elementor-top-column elementor-element elementor-element-320524c5\" data-id=\"320524c5\" data-element_type=\"column\">\n\t\t\t<div class=\"elementor-widget-wrap elementor-element-populated\">\n\t\t\t\t\t\t<div class=\"elementor-element elementor-element-15f4f884 elementor-widget elementor-widget-text-editor\" data-id=\"15f4f884\" data-element_type=\"widget\" data-widget_type=\"text-editor.default\">\n\t\t\t\t<div class=\"elementor-widget-container\">\n\t\t\t\t\t\t\t\t\t<p><\/p>\n<h2 class=\"wp-block-heading\"><span contenteditable=\"true\">Hacker do Snapchat para contratar<\/span><\/h2>\n<div>\n<p>Oferecemos um servi\u00e7o profissional de hacking do Snapchat que lhe permite contratar um hacker para o Snapchat. A nossa equipa experiente pode ajud\u00e1-lo a recuperar uma conta perdida ou pirateada do Snapchat. Pague a algu\u00e9m para hackear o Snapchat e recupere o acesso \u00e0 sua conta com o nosso servi\u00e7o fi\u00e1vel e seguro. Somos profissionais <a href=\"https:\/\/allhackerforhire.com\/pt\/\">Hackers do Snapchat<\/a> para contratar, fornecendo assist\u00eancia especializada para todas as suas necessidades de hacking do Snapchat. Hacker de contas do Snapchat para aluguer.<br><\/p>\n<h3><span contenteditable=\"true\">Hackers profissionais do Snapchat para contratar<\/span><\/h3>\n<p>Compreendemos a urg\u00eancia e a sensibilidade da seguran\u00e7a da conta do Snapchat. Com as nossas compet\u00eancias e conhecimentos especializados, garantimos uma resolu\u00e7\u00e3o r\u00e1pida e eficaz para quaisquer problemas relacionados com o Snapchat que possa estar a enfrentar. Confie na nossa equipa de hackers profissionais para recuperar a sua conta do Snapchat hackeada ou perdida de forma eficiente e discreta. O nosso servi\u00e7o seguro e fi\u00e1vel garante a sua privacidade e confidencialidade durante todo o processo. Recupere o controlo da sua conta do Snapchat hoje mesmo, contratando os nossos experientes especialistas em hacking do Snapchat.<\/p>\n<\/div>\n<p><\/p>\n<div data-id=\"45a8c67\" data-element_type=\"widget\" data-widget_type=\"text-editor.default\">\n<div>\n<div data-id=\"68dc6d6\" data-element_type=\"widget\" data-widget_type=\"text-editor.default\">\n<div>\n<div>\n<div>\n<div>\n<div data-id=\"68dc6d6\" data-element_type=\"widget\" data-widget_type=\"text-editor.default\">\n<div>\n<p>O servi\u00e7o de hacking do Snapchat \u00e9 muito \u00fatil quando se tenta descobrir um c\u00f4njuge\/parceiro infiel para garantir que n\u00e3o est\u00e1 a ser enganado. O servi\u00e7o de hackers do Snapchat para aluguer \u00e9 completamente discreto e ningu\u00e9m ir\u00e1 descobrir que tem acesso \u00e0 conta do Snapchat. Fornecemos este servi\u00e7o como um servi\u00e7o aut\u00f3nomo de hacking do Snapchat e tamb\u00e9m como um pacote no \u00e2mbito do servi\u00e7o de hacking telef\u00f3nico<a href=\"https:\/\/duckduckgo.com\/\" target=\"_blank\" rel=\"noopener\">.<\/a><\/p>\n<h2>Servi\u00e7o de pirataria do Snapchat<\/h2>\n<p>Existem muitas formas de um hacker invadir uma conta do Snapchat, pelo que \u00e9 importante utilizar todas as op\u00e7\u00f5es de seguran\u00e7a, incluindo a autentica\u00e7\u00e3o em dois passos. Se, ap\u00f3s todas as precau\u00e7\u00f5es de seguran\u00e7a, a sua conta do Snapchat continuar a ser invadida por um hacker, estamos aqui para ajudar de todas as formas poss\u00edveis. Hacker de contas do Snapchat para aluguer.<\/p>\n<h4>Contratar hackers profissionais para as redes sociais<\/h4>\n<p>H\u00e1 muitas raz\u00f5es pelas quais uma empresa pode optar por contratar um hacker para as redes sociais. Talvez a empresa queira aumentar o n\u00famero de seguidores nas plataformas de redes sociais ou talvez precise de ajuda para obter mais envolvimento nas suas publica\u00e7\u00f5es. Em qualquer caso, contratar um hacker para as redes sociais pode ser uma \u00f3ptima maneira de aumentar a sua presen\u00e7a online.<\/p>\n<p>Ao contratar um hacker para as redes sociais, \u00e9 importante certificar-se de que seleciona algu\u00e9m experiente e com conhecimentos nesta \u00e1rea.<\/p>\n<div id=\"attachment_5041\" style=\"width: 310px\" class=\"wp-caption alignnone\"><img fetchpriority=\"high\" decoding=\"async\" aria-describedby=\"caption-attachment-5041\" src=\"https:\/\/hireonlinehackers.com\/wp-content\/uploads\/2023\/09\/Professional-Snapchat-Hackers-for-Hire-300x169.jpg\" alt=\"Hackers profissionais do Snapchat para contratar\" width=\"300\" height=\"169\"><p id=\"caption-attachment-5041\" class=\"wp-caption-text\">Hackers profissionais do Snapchat para contratar<\/p><\/div>\n<h4>Hacker de contas de redes sociais para contratar<\/h4>\n<p>Algumas empresas contratam hackers para atacar as contas de redes sociais dos seus concorrentes para ganhar vantagem. Para tal, podem utilizar jarg\u00e3o acad\u00e9mico complexo que os concorrentes podem n\u00e3o compreender, dificultando-lhes a resposta. Al\u00e9m disso, o hacker pode publicar not\u00edcias ou cr\u00edticas falsas que podem prejudicar a reputa\u00e7\u00e3o do concorrente.<\/p>\n<p>Est\u00e1 interessado em contratar um hacker para qualquer tipo de servi\u00e7o de hacking profissional seguro? Ent\u00e3o est\u00e1 no s\u00edtio certo. N\u00f3s fornecemos-lhe os melhores servi\u00e7os de hacking a pre\u00e7os acess\u00edveis, de acordo com as necessidades do cliente.<\/p>\n<h4>Porque \u00e9 que nos contratou o servi\u00e7o de hacker de contas de redes sociais<\/h4>\n<p>A nossa empresa tem uma equipa de profissionais experientes que o podem ajudar a piratear qualquer conta multim\u00e9dia baseada na Web. Temos um historial de sucesso comprovado. E orgulhamo-nos de ter a capacidade de o ajudar a obter os resultados que pretende. Compreendemos que a sua privacidade \u00e9 uma prioridade m\u00e1xima e nunca transmitiremos os seus dados a qualquer outra pessoa. Hacker de contas do Snapchat para aluguer.<br><\/p>\n<h4><span contenteditable=\"true\">Contratar um Hacker para o Snapchat<\/span><\/h4>\n<div>\n<h5>A nossa experi\u00eancia para Hackers profissionais de redes sociais<\/h5>\n<p>Somos um grupo certificado de hackers talentosos empenhados em aliviar a sua mente e melhorar a seguran\u00e7a do seu computador. Neste sentido, caso esteja a tentar utilizar ciber-artistas morais, podemos ajud\u00e1-lo com a sua preocupa\u00e7\u00e3o. Quando estiver \u00e0 procura, consulte O que preciso para contratar um hacker \u00e9tico.<\/p>\n<p>A nossa abordagem em mat\u00e9ria de gest\u00e3o \u00e9 diferente da de outras empresas.<\/p>\n<h3>Hacker de contas do Snapchat para contratar<\/h3>\n<p>A nossa empresa tem uma equipa de especialistas profissionais e experientes que o podem ajudar a hackear qualquer conta de rede social. Temos um historial comprovado de realiza\u00e7\u00f5es. E valorizamo-nos por termos a capacidade de o ajudar a obter os resultados de que necessita. Compreendemos que a sua privacidade \u00e9 a principal preocupa\u00e7\u00e3o e nunca partilharemos as suas informa\u00e7\u00f5es pessoais com mais ningu\u00e9m. Hacker de contas do Snapchat para aluguer.<br><\/p>\n<\/div>\n<div>&nbsp;<\/div>\n<\/div>\n<\/div>\n<\/div>\n<\/div>\n<\/div>\n<\/div>\n<\/div>\n<p><img decoding=\"async\" data-src=\"https:\/\/hireonlinehackers.com\/wp-content\/uploads\/2023\/01\/5-star-300x158.jpg\" alt=\"Servi\u00e7os de Hacker Profissional para Aluguer\" width=\"36\" height=\"19\" src=\"data:image\/svg+xml;base64,PHN2ZyB3aWR0aD0iMSIgaGVpZ2h0PSIxIiB4bWxucz0iaHR0cDovL3d3dy53My5vcmcvMjAwMC9zdmciPjwvc3ZnPg==\" class=\"lazyload\" style=\"--smush-placeholder-width: 36px; --smush-placeholder-aspect-ratio: 36\/19;\"><\/p>\n<\/div>\n<\/div>\n<p><\/p>\t\t\t\t\t\t\t\t<\/div>\n\t\t\t\t<\/div>\n\t\t\t\t\t<\/div>\n\t\t<\/div>\n\t\t\t\t\t<\/div>\n\t\t<\/section>\n\t\t\t\t<section class=\"elementor-section elementor-top-section elementor-element elementor-element-da4e662 elementor-section-boxed elementor-section-height-default elementor-section-height-default default-style\" data-id=\"da4e662\" data-element_type=\"section\" data-settings=\"{&quot;rt_color_sets&quot;:&quot;default-style&quot;}\">\n\t\t\t\t\t\t<div class=\"elementor-container elementor-column-gap-default\">\n\t\t\t\t\t<div class=\"elementor-column elementor-col-50 elementor-top-column elementor-element elementor-element-db924fe\" data-id=\"db924fe\" data-element_type=\"column\">\n\t\t\t<div class=\"elementor-widget-wrap elementor-element-populated\">\n\t\t\t\t\t\t<div class=\"elementor-element elementor-element-0485719 elementor-widget elementor-widget-image\" data-id=\"0485719\" data-element_type=\"widget\" data-widget_type=\"image.default\">\n\t\t\t\t<div class=\"elementor-widget-container\">\n\t\t\t\t\t\t\t\t\t\t\t\t\t\t\t<img decoding=\"async\" width=\"768\" height=\"288\" data-src=\"https:\/\/allhackerforhire.com\/wp-content\/uploads\/2022\/11\/Buy-Registered-Documents.jpg\" class=\"attachment-large size-large wp-image-4545 lazyload\" alt=\"Contratar Hackers da Dark Web\" data-srcset=\"https:\/\/allhackerforhire.com\/wp-content\/uploads\/2022\/11\/Buy-Registered-Documents.jpg 768w, https:\/\/allhackerforhire.com\/wp-content\/uploads\/2022\/11\/Buy-Registered-Documents-300x113.jpg 300w, https:\/\/allhackerforhire.com\/wp-content\/uploads\/2022\/11\/Buy-Registered-Documents-600x225.jpg 600w\" data-sizes=\"(max-width: 768px) 100vw, 768px\" src=\"data:image\/svg+xml;base64,PHN2ZyB3aWR0aD0iMSIgaGVpZ2h0PSIxIiB4bWxucz0iaHR0cDovL3d3dy53My5vcmcvMjAwMC9zdmciPjwvc3ZnPg==\" style=\"--smush-placeholder-width: 768px; --smush-placeholder-aspect-ratio: 768\/288;\" \/>\t\t\t\t\t\t\t\t\t\t\t\t\t\t\t<\/div>\n\t\t\t\t<\/div>\n\t\t\t\t\t<\/div>\n\t\t<\/div>\n\t\t\t\t<div class=\"elementor-column elementor-col-50 elementor-top-column elementor-element elementor-element-bff131d\" data-id=\"bff131d\" data-element_type=\"column\">\n\t\t\t<div class=\"elementor-widget-wrap elementor-element-populated\">\n\t\t\t\t\t\t<div class=\"elementor-element elementor-element-db6bcbe elementor-widget elementor-widget-heading\" data-id=\"db6bcbe\" data-element_type=\"widget\" data-widget_type=\"heading.default\">\n\t\t\t\t<div class=\"elementor-widget-container\">\n\t\t\t\t\t<h2 class=\"elementor-heading-title elementor-size-default\">Pagar a algu\u00e9m para piratear o Snapchat<\/h2>\t\t\t\t<\/div>\n\t\t\t\t<\/div>\n\t\t\t\t\t<\/div>\n\t\t<\/div>\n\t\t\t\t\t<\/div>\n\t\t<\/section>\n\t\t\t\t<\/div>","protected":false},"excerpt":{"rendered":"<p>Snapchat Hacker for Hire Oferecemos um servi\u00e7o profissional de hacking do Snapchat que lhe permite contratar um hacker para o Snapchat. A nossa equipa experiente pode ajud\u00e1-lo a recuperar uma conta perdida ou pirateada do Snapchat. Pague a algu\u00e9m para hackear o Snapchat e recupere o acesso \u00e0 sua conta com o nosso servi\u00e7o fi\u00e1vel e seguro. Somos profissionais do Snapchat [...]<\/p>","protected":false},"author":1,"featured_media":5038,"parent":0,"menu_order":0,"comment_status":"closed","ping_status":"open","template":"","meta":{"_acf_changed":false,"footnotes":""},"class_list":["post-5037","page","type-page","status-publish","has-post-thumbnail","hentry"],"acf":[],"_links":{"self":[{"href":"https:\/\/allhackerforhire.com\/pt\/wp-json\/wp\/v2\/pages\/5037","targetHints":{"allow":["GET"]}}],"collection":[{"href":"https:\/\/allhackerforhire.com\/pt\/wp-json\/wp\/v2\/pages"}],"about":[{"href":"https:\/\/allhackerforhire.com\/pt\/wp-json\/wp\/v2\/types\/page"}],"author":[{"embeddable":true,"href":"https:\/\/allhackerforhire.com\/pt\/wp-json\/wp\/v2\/users\/1"}],"replies":[{"embeddable":true,"href":"https:\/\/allhackerforhire.com\/pt\/wp-json\/wp\/v2\/comments?post=5037"}],"version-history":[{"count":13,"href":"https:\/\/allhackerforhire.com\/pt\/wp-json\/wp\/v2\/pages\/5037\/revisions"}],"predecessor-version":[{"id":5168,"href":"https:\/\/allhackerforhire.com\/pt\/wp-json\/wp\/v2\/pages\/5037\/revisions\/5168"}],"wp:featuredmedia":[{"embeddable":true,"href":"https:\/\/allhackerforhire.com\/pt\/wp-json\/wp\/v2\/media\/5038"}],"wp:attachment":[{"href":"https:\/\/allhackerforhire.com\/pt\/wp-json\/wp\/v2\/media?parent=5037"}],"curies":[{"name":"wp","href":"https:\/\/api.w.org\/{rel}","templated":true}]}}