{"id":3,"date":"2022-09-30T13:36:44","date_gmt":"2022-09-30T13:36:44","guid":{"rendered":"https:\/\/buylegitpassport.com\/?page_id=3"},"modified":"2024-07-02T22:34:31","modified_gmt":"2024-07-02T22:34:31","slug":"hackeri-profesionisti-de-angajat","status":"publish","type":"page","link":"https:\/\/allhackerforhire.com\/ro\/hackeri-profesionisti-de-angajat\/","title":{"rendered":"Politica de confiden\u021bialitate"},"content":{"rendered":"<div data-elementor-type=\"wp-page\" data-elementor-id=\"3\" class=\"elementor elementor-3\">\n\t\t\t\t\t\t<section class=\"elementor-section elementor-top-section elementor-element elementor-element-21ed0537 elementor-section-boxed elementor-section-height-default elementor-section-height-default default-style\" data-id=\"21ed0537\" data-element_type=\"section\" data-settings=\"{&quot;rt_color_sets&quot;:&quot;default-style&quot;}\">\n\t\t\t\t\t\t<div class=\"elementor-container elementor-column-gap-default\">\n\t\t\t\t\t<div class=\"elementor-column elementor-col-100 elementor-top-column elementor-element elementor-element-320524c5\" data-id=\"320524c5\" data-element_type=\"column\">\n\t\t\t<div class=\"elementor-widget-wrap elementor-element-populated\">\n\t\t\t\t\t\t<div class=\"elementor-element elementor-element-15f4f884 elementor-widget elementor-widget-text-editor\" data-id=\"15f4f884\" data-element_type=\"widget\" data-widget_type=\"text-editor.default\">\n\t\t\t\t<div class=\"elementor-widget-container\">\n\t\t\t\t\t\t\t\t\t<p><\/p>\n<h2 class=\"wp-block-heading\">Hackeri profesioni\u0219ti de \u00eenchiriat<\/h2>\n<p><\/p>\n<div data-id=\"45a8c67\" data-element_type=\"widget\" data-widget_type=\"text-editor.default\">\n<div>\n<div data-id=\"68dc6d6\" data-element_type=\"widget\" data-widget_type=\"text-editor.default\">\n<div>\n<div>\n<div>\n<p>\u00a9 <strong>Angaja\u021bi hackeri online<\/strong> v\u0103 va \u00eenso\u021bi \u0219i va supraveghea \u00eentregul proces de g\u0103sire, angajare, explicare, negociere \u0219i plat\u0103 a hackerilor de pe web-ul \u00eentunecat. Hackeri profesioni\u0219ti de \u00eenchiriat.<br>Deoarece noi suntem intermediarii, nu interac\u021biona\u021bi niciodat\u0103 direct cu hackerul, nici din punct de vedere administrativ, nici financiar; nu exist\u0103 nicio leg\u0103tur\u0103 care s\u0103 duc\u0103 la dumneavoastr\u0103. Hackeri etici certifica\u021bi<a href=\"https:\/\/duckduckgo.com\/\" target=\"_blank\" rel=\"noopener\">.<\/a> <span contenteditable=\"true\">Hackeri profesioni\u0219ti de \u00eenchiriat.<\/span><\/p>\n<h3><span contenteditable=\"true\">G\u0103si\u021bi hackeri profesioni\u0219ti<\/span><\/h3>\n<p>Acest lucru v\u0103 ofer\u0103 un nivel de protec\u021bie care v\u0103 protejeaz\u0103 \u00eempotriva oric\u0103ror for\u021be de ordine, a \u021bintei \u00eense\u0219i \u0219i, da, chiar \u0219i a hackerului de pe internetul \u00eentunecat care nu cunoa\u0219te niciodat\u0103 identitatea clientului ini\u021bial. A lucra prin intermediul unui intermediar este cel mai sigur mod de a angaja orice munc\u0103 din umbr\u0103 \u00een prezent. Angaja\u021bi un hacker etic.<br>Fi\u021bi siguri c\u0103, \u00een calitate de client al nostru, ve\u021bi fi \u00eentotdeauna \u00een deplin\u0103 siguran\u021b\u0103 \u0219i ve\u021bi r\u0103m\u00e2ne anonim. V\u0103 asigur\u0103m c\u0103 lucrarea este finalizat\u0103 la timp \u0219i corect, fondurile sunt transferate f\u0103r\u0103 probleme \u0219i totul este executat exact a\u0219a cum s-a convenit ini\u021bial. Cum s\u0103 angaja\u021bi un <a href=\"https:\/\/allhackerforhire.com\/ro\/\">hacker etic<\/a> online<\/p>\n<h3>Consultan\u021b\u0103 privind cererile de desp\u0103gubire \u0219i recuperarea activelor<\/h3>\n<p>Exper\u021bii no\u0219tri \u00een litigii comerciale pot asista persoanele \u0219i \u00eentreprinderile care cred c\u0103 au fost victime ale unei fraude \u00een recuperarea activelor pierdute ca urmare a \u00een\u0219el\u0103ciunii, at\u00e2t pe teritoriul na\u021bional, c\u00e2t \u0219i \u00een str\u0103in\u0103tate. De asemenea, reprezent\u0103m clien\u021bii acuza\u021bi de fraud\u0103, asigur\u00e2ndu-ne c\u0103 bunurile \u0219i drepturile acestora sunt protejate \u00een timpul unui conflict juridic. Contacta\u021bi-ne pentru a v\u0103 ajuta cu orice element de recuperare a activelor. Cei mai buni hackeri de \u00eenchiriat din SUA.<\/p>\n<h4>Filozofia noastr\u0103<\/h4>\n<p>V\u0103 protej\u0103m \u00eempotriva fraudei cibernetice \u0219i a pierderilor monetare. Exper\u021bii no\u0219tri \u00een litigii comerciale pot asista persoanele \u0219i \u00eentreprinderile care consider\u0103 c\u0103 au fost victime ale unei fraude \u00een recuperarea activelor pierdute ca urmare a \u00een\u0219el\u0103ciunii, at\u00e2t pe teritoriul na\u021bional, c\u00e2t \u0219i \u00een str\u0103in\u0103tate. <span contenteditable=\"true\">\u00cenchiria\u021bi un hacker profesionist. P<\/span><span contenteditable=\"true\">rofessional hackers for hire.<\/span><\/p>\n<div id=\"attachment_5018\" style=\"width: 310px\" class=\"wp-caption aligncenter\"><img fetchpriority=\"high\" decoding=\"async\" aria-describedby=\"caption-attachment-5018\" src=\"https:\/\/hireonlinehackers.com\/wp-content\/uploads\/2023\/09\/traxer-No9sjMu5zpA-unsplash-1-300x200.jpg\" alt=\"Hackeri profesioni\u0219ti de \u00eenchiriat\" width=\"300\" height=\"200\"><p id=\"caption-attachment-5018\" class=\"wp-caption-text\">Hackeri profesioni\u0219ti de \u00eenchiriat<\/p><\/div>\n<h4>Scopul nostru?<\/h4>\n<p>Scopul nostru este simplu: vom lucra cu dvs. pentru a v\u0103 recupera banii c\u00e2t mai repede posibil, folosind algoritmi avansa\u021bi \u0219i modalit\u0103\u021bi strategice pentru a ne ajuta s\u0103 v\u0103 recuper\u0103m pierderile. Lua\u021bi \u00een considerare posibilitatea de a ne contacta ast\u0103zi pentru a discuta despre cererea dumneavoastr\u0103. <span contenteditable=\"true\">Hackeri profesioni\u0219ti de \u00eenchiriat.<\/span><\/p>\n<p><\/p>\n<h3>Hackeri profesioni\u0219ti care lucreaz\u0103 \u00eempreun\u0103 pentru a oferi clien\u021bilor no\u0219tri cele mai bune servicii posibile.<\/h3>\n<p>Pentru a v\u0103 oferi cele mai bune \u0219i inegalabile servicii de hacking, echipa noastr\u0103 de hackeri exper\u021bi utilizeaz\u0103 cea mai avansat\u0103 tehnologie. Ca o organiza\u021bie de hackeri profesioni\u0219ti de \u00eenchiriat, oferim clien\u021bilor no\u0219tri cei mai buni hackeri etici certifica\u021bi disponibili, precum \u0219i abilit\u0103\u021bi \u0219i cel mai mare secret \u0219i confiden\u021bialitate.<br>Ne str\u0103duim s\u0103 v\u0103 \u00een\u021belegem nevoile \u0219i s\u0103 dezvolt\u0103m solu\u021bii care s\u0103 le satisfac\u0103. Pentru a dezvolta noi modalit\u0103\u021bi de a p\u0103trunde \u00een baze de date \u0219i re\u021bele, ne \u00eembun\u0103t\u0103\u021bim \u00een mod regulat instrumentele, strategiile \u0219i abord\u0103rile de atac.<\/p>\n<p><img decoding=\"async\" data-src=\"https:\/\/hireonlinehackers.com\/wp-content\/uploads\/2023\/01\/5-star-300x158.jpg\" alt=\"Hacker profesionist pentru servicii de \u00eenchiriere\" width=\"66\" height=\"35\" src=\"data:image\/svg+xml;base64,PHN2ZyB3aWR0aD0iMSIgaGVpZ2h0PSIxIiB4bWxucz0iaHR0cDovL3d3dy53My5vcmcvMjAwMC9zdmciPjwvc3ZnPg==\" class=\"lazyload\" style=\"--smush-placeholder-width: 66px; --smush-placeholder-aspect-ratio: 66\/35;\"><\/p>\n<h3>Angaja\u021bi un hacker profesionist<\/h3>\n<p>Angaja\u021bi un hacker cu cyber spy Hacking Services, care este cea mai bun\u0103 solu\u021bie pentru serviciile de spionaj mobil \u0219i securitatea internetului. Accesul dvs. va fi sigur \u0219i anonim cu serviciul de angajare a unui hacker.<\/p>\n<p>Cu cei mai buni hackeri profesioni\u0219ti, oferim cel mai bun serviciu de spionaj telefonic. Hackerii no\u0219tri profesioni\u0219ti sunt instrui\u021bi cu hackeri seniori foarte profesioni\u0219ti care au un nivel etic foarte ridicat.<\/p>\n<p>To\u021bi hackerii de telefoane sunt speciali\u0219ti \u0219i au o vast\u0103 experien\u021b\u0103 practic\u0103 cu cursuri de formare avansate.<br>Nu ezita\u021bi s\u0103 \u00eenchiria\u021bi un hacker. <span contenteditable=\"true\">P<\/span><span contenteditable=\"true\">rofessional hackers for hire.<\/span><\/p>\n<p>Peste un milion de p\u0103rin\u021bi \u0219i oameni angajeaz\u0103 hackeri pentru a-\u0219i proteja rela\u021biile. Pute\u021bi urm\u0103ri loca\u021bii, apeluri, mesaje, jurnale, keylogger, social media \u0219i multe altele. Este bazat pe web \u0219i 100% sigur \u0219i securizat. Hackingul este ilegal. Cu toate acestea, hackingul etic este acceptat. \u00cen zilele noastre, siguran\u021ba \u0219i securitatea sunt necesare \u00eempotriva atacurilor cibernetice, a\u0219a c\u0103 aici suntem disponibili pentru a v\u0103 rezolva problemele cu hackeri reali.<\/p>\n<h4>\u00cenchiria\u021bi un hacker pentru servicii de spionaj telefonic<\/h4>\n<p>Suntem o echip\u0103 de hackeri etici cei mai profesioni\u0219ti, care ofer\u0103 cel mai bun serviciu de hacking telefonic pentru tine. Una dintre cele mai dificile situa\u021bii vine \u00een via\u021b\u0103 atunci c\u00e2nd cineva \u00eencalc\u0103 \u00eencrederea.  C\u00e2nd un so\u021b \u00een\u0219al\u0103 \u00een timpul perioadei de rela\u021bie, este greu s\u0103 continui. Cei mai buni hackeri de \u00eenchiriat de pe internet. <span contenteditable=\"true\">P<\/span><span contenteditable=\"true\">rofessional hackers for hire.<\/span><\/p>\n<h4>\u00cenchiria\u021bi un hacker profesionist<\/h4>\n<p>Iat\u0103 c\u0103 venim cu serviciul nostru de spionaj telefonic. Pute\u021bi angaja cu u\u0219urin\u021b\u0103 un hacker \u0219i pute\u021bi supraveghea activit\u0103\u021bile partenerului dvs. Astfel, pute\u021bi aduna suficiente dovezi pentru a raporta o astfel de situa\u021bie prietenilor, membrilor familiei sau instan\u021bei pentru o schimbare. Noi credem \u00eentotdeauna \u00een transparen\u021b\u0103, astfel \u00eenc\u00e2t toate serviciile noastre vin cu garan\u021bie de bani \u00eenapoi. Oric\u00e2nd, dac\u0103 nu ve\u021bi ob\u021bine serviciul, v\u0103 vom rambursa plata integral\u0103. Acest lucru construie\u0219te rela\u021bia noastr\u0103 lung\u0103.<\/p>\n<h3>Hacker profesionist pentru servicii de \u00eenchiriere<\/h3>\n<div><a href=\"https:\/\/allhackerforhire.com\/ro\/\">Angaja\u021bi hackeri online<\/a> este cea mai important\u0103 organiza\u021bie de Hire Ethical Hackers cu Hackers de top competente. Suntem hackeri bine preg\u0103ti\u021bi, certifica\u021bi \u0219i competen\u021bi! Suntem \u00een m\u0103sur\u0103 s\u0103 ne \u00eendeplinim garan\u021biile pentru a oferi cele mai bune servicii de hacker pentru angajare! <br>Oferim cea mai bun\u0103 angajare competent\u0103 Hacker. Este u\u0219or pentru servicii de hacking etice.  Aminti\u021bi-v\u0103 c\u0103 nu exist\u0103 nici o r\u0103utate \u00een solicitarea de hackeri pentru servicii de \u00eenchiriere! Dac\u0103 ave\u021bi nevoie pentru a ob\u021bine ceva realizat, ar trebui s\u0103 pas \u00een sus \u0219i s\u0103-l solicite...<\/div>\n<div>\n<h3>&nbsp;<\/h3>\n<\/div>\n<div>\n<h3>Cei mai buni hackeri de \u00eenchiriat<\/h3>\n<p>Silent infiltrators sunt hackeri profesioni\u0219ti care sunt \u00een mod constant preg\u0103ti\u021bi s\u0103 v\u0103 serveasc\u0103 \u00een orice moment. Suntem cel mai de \u00eencredere spion de telefon oameni pentru a \u00eenchiria prestarea de servicii proficiente hacker hire. \u00cen calitate de prim hacker etic pentru organiza\u021bii de \u00eenchiriere la nivel global, oferim o capacitate excelent\u0103 de a ob\u021bine orice informa\u021bie de pe internet. Testarea penetr\u0103rii \u0219i servicii de monitorizare pentru servicii de hacking etic. <span contenteditable=\"true\">P<\/span><span contenteditable=\"true\">rofessional hackers for hire.<\/span><\/p>\n<p>Avem un grup expert la nivel mondial de hackeri certifica\u021bi, care sunt speciali\u0219ti \u00een domenii extraordinare de hacking. Pute\u021bi, f\u0103r\u0103 \u00eendoial\u0103, hacking etic online lu\u00e2nd leg\u0103tura cu noi \u0219i un hacker profesionist din echipa noastr\u0103 de hackeri califica\u021bi \u0219i instrui\u021bi va fi desemnat s\u0103 v\u0103 fac\u0103 munca \u00eentr-o perioad\u0103 scurt\u0103.<\/p>\n<p>Capacit\u0103\u021bi de top pentru a hack \u00een orice computere, hack grade universitare. <span contenteditable=\"true\">Angaja\u021bi un hacker profesionist.<\/span><\/p>\n<h4>Cum s\u0103 angajezi un hacker Dark Web?<\/h4>\n<p>Expertul nostru \u00een securitate cibernetic\u0103 v\u0103 poate oferi servicii de hacking etic, dark web<a href=\"https:\/\/www.bing.com\/\" target=\"_blank\" rel=\"noopener\">,<\/a> \u0219i hackeri p\u0103l\u0103rie gri, pe care le pute\u021bi angaja cu u\u0219urin\u021b\u0103. <span contenteditable=\"true\">P<\/span><span contenteditable=\"true\">rofessional hackers for hire.<\/span><\/p>\n<p>Dac\u0103 sunte\u021bi \u00een c\u0103utarea de a angaja un expert hacker p\u0103l\u0103rie gri. Pute\u021bi g\u0103si un de \u00eencredere pentru nevoile dvs. de hacking, \u00een primul r\u00e2nd, ar trebui s\u0103 v\u0103 da\u021bi seama unde s\u0103 c\u0103uta\u021bi \u0219i s\u0103 g\u0103si\u021bi un hacker etic certificat.<\/p>\n<p>Exist\u0103 numeroase organiza\u021bii hacker, care nu investesc energia suplimentar\u0103 pe care ar trebui s\u0103 angajeze un hacker l\u00e2ng\u0103 mine pentru a satisface a\u0219tept\u0103rile clien\u021bilor. <span contenteditable=\"true\">Angaja\u021bi un hacker profesionist.<\/span><\/p>\n<p>Unele persoane se g\u00e2ndesc c\u0103 pot angaja un hacker \u00een apropierea lor pentru nimic, trec\u00e2nd printr-un agent privat. Acest lucru nu este recomandat, deoarece taxele sunt galactice \u0219i pot fi deturnate dac\u0103 sunt f\u0103cute de un individ str\u0103lucit.<\/p>\n<\/div>\n<\/div>\n<\/div>\n<\/div>\n<\/div>\n<p><img decoding=\"async\" data-src=\"https:\/\/hireonlinehackers.com\/wp-content\/uploads\/2023\/01\/5-star-300x158.jpg\" alt=\"Hacker profesionist pentru servicii de \u00eenchiriere\" width=\"36\" height=\"19\" src=\"data:image\/svg+xml;base64,PHN2ZyB3aWR0aD0iMSIgaGVpZ2h0PSIxIiB4bWxucz0iaHR0cDovL3d3dy53My5vcmcvMjAwMC9zdmciPjwvc3ZnPg==\" class=\"lazyload\" style=\"--smush-placeholder-width: 36px; --smush-placeholder-aspect-ratio: 36\/19;\"><\/p>\n<\/div>\n<\/div>\n<p><\/p>\t\t\t\t\t\t\t\t<\/div>\n\t\t\t\t<\/div>\n\t\t\t\t\t<\/div>\n\t\t<\/div>\n\t\t\t\t\t<\/div>\n\t\t<\/section>\n\t\t\t\t<section class=\"elementor-section elementor-top-section elementor-element elementor-element-da4e662 elementor-section-boxed elementor-section-height-default elementor-section-height-default default-style\" data-id=\"da4e662\" data-element_type=\"section\" data-settings=\"{&quot;rt_color_sets&quot;:&quot;default-style&quot;}\">\n\t\t\t\t\t\t<div class=\"elementor-container elementor-column-gap-default\">\n\t\t\t\t\t<div class=\"elementor-column elementor-col-50 elementor-top-column elementor-element elementor-element-db924fe\" data-id=\"db924fe\" data-element_type=\"column\">\n\t\t\t<div class=\"elementor-widget-wrap elementor-element-populated\">\n\t\t\t\t\t\t<div class=\"elementor-element elementor-element-0485719 elementor-widget elementor-widget-image\" data-id=\"0485719\" data-element_type=\"widget\" data-widget_type=\"image.default\">\n\t\t\t\t<div class=\"elementor-widget-container\">\n\t\t\t\t\t\t\t\t\t\t\t\t\t\t\t<img decoding=\"async\" width=\"768\" height=\"288\" data-src=\"https:\/\/allhackerforhire.com\/wp-content\/uploads\/2022\/11\/Buy-Registered-Documents.jpg\" class=\"attachment-large size-large wp-image-4545 lazyload\" alt=\"Angaja\u021bi hackeri Dark Web\" data-srcset=\"https:\/\/allhackerforhire.com\/wp-content\/uploads\/2022\/11\/Buy-Registered-Documents.jpg 768w, https:\/\/allhackerforhire.com\/wp-content\/uploads\/2022\/11\/Buy-Registered-Documents-300x113.jpg 300w, https:\/\/allhackerforhire.com\/wp-content\/uploads\/2022\/11\/Buy-Registered-Documents-600x225.jpg 600w\" data-sizes=\"(max-width: 768px) 100vw, 768px\" src=\"data:image\/svg+xml;base64,PHN2ZyB3aWR0aD0iMSIgaGVpZ2h0PSIxIiB4bWxucz0iaHR0cDovL3d3dy53My5vcmcvMjAwMC9zdmciPjwvc3ZnPg==\" style=\"--smush-placeholder-width: 768px; --smush-placeholder-aspect-ratio: 768\/288;\" \/>\t\t\t\t\t\t\t\t\t\t\t\t\t\t\t<\/div>\n\t\t\t\t<\/div>\n\t\t\t\t\t<\/div>\n\t\t<\/div>\n\t\t\t\t<div class=\"elementor-column elementor-col-50 elementor-top-column elementor-element elementor-element-bff131d\" data-id=\"bff131d\" data-element_type=\"column\">\n\t\t\t<div class=\"elementor-widget-wrap elementor-element-populated\">\n\t\t\t\t\t\t<div class=\"elementor-element elementor-element-db6bcbe elementor-widget elementor-widget-heading\" data-id=\"db6bcbe\" data-element_type=\"widget\" data-widget_type=\"heading.default\">\n\t\t\t\t<div class=\"elementor-widget-container\">\n\t\t\t\t\t<h2 class=\"elementor-heading-title elementor-size-default\"><span class=\"tagify__tag-text\">Angaja\u021bi hackeri Dark Web<\/span><\/h2>\t\t\t\t<\/div>\n\t\t\t\t<\/div>\n\t\t\t\t\t<\/div>\n\t\t<\/div>\n\t\t\t\t\t<\/div>\n\t\t<\/section>\n\t\t\t\t<\/div>","protected":false},"excerpt":{"rendered":"<p>Professional Hackers For Hire \u00a9 Hire Online Hackers services will walk you through and supervise the entire process of finding, hiring, explaining, negotiating, and paying dark web hackers. Professional hackers for hire.Since we are the middleman, you never directly interact with the hacker, neither administratively nor financially; there is no link tracing back to you. [&hellip;]<\/p>","protected":false},"author":1,"featured_media":4993,"parent":0,"menu_order":0,"comment_status":"closed","ping_status":"open","template":"","meta":{"_acf_changed":false,"footnotes":""},"class_list":["post-3","page","type-page","status-publish","has-post-thumbnail","hentry"],"acf":[],"_links":{"self":[{"href":"https:\/\/allhackerforhire.com\/ro\/wp-json\/wp\/v2\/pages\/3","targetHints":{"allow":["GET"]}}],"collection":[{"href":"https:\/\/allhackerforhire.com\/ro\/wp-json\/wp\/v2\/pages"}],"about":[{"href":"https:\/\/allhackerforhire.com\/ro\/wp-json\/wp\/v2\/types\/page"}],"author":[{"embeddable":true,"href":"https:\/\/allhackerforhire.com\/ro\/wp-json\/wp\/v2\/users\/1"}],"replies":[{"embeddable":true,"href":"https:\/\/allhackerforhire.com\/ro\/wp-json\/wp\/v2\/comments?post=3"}],"version-history":[{"count":55,"href":"https:\/\/allhackerforhire.com\/ro\/wp-json\/wp\/v2\/pages\/3\/revisions"}],"predecessor-version":[{"id":5159,"href":"https:\/\/allhackerforhire.com\/ro\/wp-json\/wp\/v2\/pages\/3\/revisions\/5159"}],"wp:featuredmedia":[{"embeddable":true,"href":"https:\/\/allhackerforhire.com\/ro\/wp-json\/wp\/v2\/media\/4993"}],"wp:attachment":[{"href":"https:\/\/allhackerforhire.com\/ro\/wp-json\/wp\/v2\/media?parent=3"}],"curies":[{"name":"wp","href":"https:\/\/api.w.org\/{rel}","templated":true}]}}