{"id":40,"date":"2010-08-23T19:14:50","date_gmt":"2010-08-23T19:14:50","guid":{"rendered":"http:\/\/rttheme10.templatemints.com\/?page_id=40"},"modified":"2025-11-16T10:32:59","modified_gmt":"2025-11-16T10:32:59","slug":"angajeaza-un-hacker","status":"publish","type":"page","link":"https:\/\/allhackerforhire.com\/ro\/angajeaza-un-hacker\/","title":{"rendered":"Contacta\u021bi-ne"},"content":{"rendered":"<h1>ANGAJA\u021aI UN HACKER<\/h1>\n<h2>\u00cenchiria\u021bi un hacker online | \u00cenchiria\u021bi un hacker | \u00cenchiria\u021bi un hacker<\/h2>\n<p>Angaja\u021bi un hacker care este onest \u0219i dedicat \u00eendeplinirii serviciului de hacking atribuit. Rezultate asigurate ale serviciului de hacking. Hackerii no\u0219tri de \u00eenchiriat sunt one\u0219ti, dedica\u021bi \u0219i pasiona\u021bi de munca lor, ei pot traversa orice nivel de hacking pentru a ob\u021bine succes \u00een hacking. R\u0103spuns prompt de la Hacker Find Dark Web Hacker r\u0103spunde \u00een termen de 30 de minute.<\/p>\n<h3 data-rt-animate=\"animate\" data-rt-animation-type=\"fade\" data-rt-animation-group=\"single\">CONTACTA\u021aI-NE<\/h3>\n<h3>Hackeri de \u00eencredere de \u00eenchiriat<\/h3>\n<div><span style=\"color: #ff0000;\"><strong>ALL8hfh@protonmail.ch<\/strong><\/span><\/div>\n<h2><strong>Hackeri informatici subterani de \u00eenchiriat<\/strong><\/h2>\n<p>Suntem angaja un furnizor de servicii hacker \u0219i ofer\u0103 exclusiv de \u00eencredere Ethical Cyber Exper\u021bi la nivel mondial. Aici pute\u021bi g\u0103si gama larg\u0103 de exper\u021bi online disponibili. 24 * 7 asisten\u021b\u0103 online pentru clien\u021bi. Angaja\u021bi exper\u021bi cibernetici profesioni\u0219ti 24\/7 \u00een orice moment.<\/p>\n<p>Cele mai bune servicii de exper\u021bi cibernetici v\u0103 ofer\u0103, Hacked Phone Rescue, Compromised Social Media Password Recovery, Recuperarea fondurilor din Crypto Investment Scam, Bank Transfer Fraud Tracing, Defaming or Fake Internet Articles, Blog Posts or Fake Review Reporting and Removal, Recovery of Hacked or Compromised Websites, and many more such services where you are helpless and are able to find no further way to proceed further.<\/p>\n<p>Dac\u0103 nu sunte\u021bi sigur de ce serviciu ave\u021bi nevoie, dar ave\u021bi o problem\u0103 gata s\u0103 fie rezolvat\u0103 de noi, va trebui s\u0103 lua\u021bi ini\u021biativa de a o solicita:<\/p>\n<ol>\n<li>Spy and Monitor este o organiza\u021bie de top de hackeri etici pentru angajare!<\/li>\n<li>Angaja\u021bi hackeri extrem de bine preg\u0103ti\u021bi, certifica\u021bi \u0219i profesioni\u0219ti!<\/li>\n<li>\u00cenchiria\u021bi un hacker care este capabil s\u0103 \u00eendeplineasc\u0103 promisiuni!<\/li>\n<li>Punctul nostru unic de v\u00e2nzare este \u00eencrederea \u0219i responsabilitatea!<\/li>\n<\/ol>\n<p>Construim \u00eencredere pentru to\u021bi clien\u021bii. Nu ezita\u021bi s\u0103 ne contacta\u021bi. Indiferent de cererea pe care o ave\u021bi, contacta\u021bi-ne\u00a0<b>Exper\u021bi cibernetici profesioni\u0219ti<\/b>, echipa noastr\u0103 profesional\u0103 \u0219i foarte talentat\u0103 v\u0103 va r\u0103spunde c\u00e2t mai cur\u00e2nd posibil. Angaja\u021bi un hacker online.<\/p>\n<p>Pute\u021bi g\u0103si solu\u021bia la toate problemele aici, cum ar fi cineva Hacking Facebook, Password Recovery, Instagram Hacker, WhatsApp, Snapchat Hacker, E-mail, sau Computer sau b\u0103nui\u021bi c\u0103 cineva este monitorizarea telefonului, ob\u021bine o solu\u021bie la problema ta de la exper\u021bi cibernetici specializa\u021bi.<\/p>\n<p>Avem peste 100 de exper\u021bi cibernetici profesioni\u0219ti \u0219i ne asigur\u0103m c\u0103 sunte\u021bi 100% \u00een siguran\u021b\u0103 \u00een timpul angaj\u0103rii unui hacker online de la noi. \u00cencrederea este prima noastr\u0103 arm\u0103. Deci, nu v\u0103 face\u021bi griji! Am livrat serviciile noastre de o mul\u021bime de clien\u021bi din \u00eentreaga lume. Nu v\u0103 expunem datele personale nim\u0103nui.<\/p>\n<p><img decoding=\"async\" data-src=\"https:\/\/hireonlinehackers.com\/wp-content\/uploads\/2023\/01\/5-star-300x158.jpg\" alt=\"Hacker profesionist pentru servicii de \u00eenchiriere\" width=\"53\" height=\"28\" src=\"data:image\/svg+xml;base64,PHN2ZyB3aWR0aD0iMSIgaGVpZ2h0PSIxIiB4bWxucz0iaHR0cDovL3d3dy53My5vcmcvMjAwMC9zdmciPjwvc3ZnPg==\" class=\"lazyload\" style=\"--smush-placeholder-width: 53px; --smush-placeholder-aspect-ratio: 53\/28;\" \/><\/p>\n<h3 data-rt-animate=\"animate\" data-rt-animation-type=\"fade\" data-rt-animation-group=\"single\">SATISFAC\u021aIA ESTE GARANTAT\u0102.<\/h3>\n<h2>Hackeri profesioni\u0219ti de \u00eenchiriat<\/h2>\n<h3>Servicii de monitorizare telefonic\u0103<\/h3>\n<p>Oferim servicii complete de monitorizare a telefoanelor mobile pentru num\u0103rul vizat, utiliz\u00e2nd o tehnologie de ultim\u0103 or\u0103 care v\u0103 va permite s\u0103 controla\u021bi toate aspectele dispozitivului. Monitorizarea partenerului care \u00een\u0219eal\u0103 este disponibil\u0103 la dispozi\u021bia dumneavoastr\u0103! Hacker For Hire.<\/p>\n<h3>Servicii de recuperare a parolei<\/h3>\n<p>V\u0103 vom oferi acces la contul complet, astfel \u00eenc\u00e2t ve\u021bi putea citi toate mesajele primite \u0219i trimise. Ve\u021bi vedea, de asemenea, mesajele \u0219terse \u00een ultimul timp. Hackeri reali de \u00eenchiriat.<\/p>\n<p><img decoding=\"async\" data-src=\"https:\/\/hireonlinehackers.com\/wp-content\/uploads\/2023\/01\/5-star-300x158.jpg\" alt=\"Hacker profesionist pentru servicii de \u00eenchiriere\" width=\"66\" height=\"35\" src=\"data:image\/svg+xml;base64,PHN2ZyB3aWR0aD0iMSIgaGVpZ2h0PSIxIiB4bWxucz0iaHR0cDovL3d3dy53My5vcmcvMjAwMC9zdmciPjwvc3ZnPg==\" class=\"lazyload\" style=\"--smush-placeholder-width: 66px; --smush-placeholder-aspect-ratio: 66\/35;\" \/><\/p>\n<h3>Servicii de penetrare a re\u021belelor sociale<\/h3>\n<p>V\u0103 vom oferi acces la diferite conturi de social media, cum ar fi Messenger, Whatsapp, Instagram, Snapchat, Telegram, etc. Monitoriza\u021bi discret f\u0103r\u0103 a v\u0103 avertiza \u021binta. Acum pute\u021bi angaja exper\u021bi Cyber etici \u00een social media de la noi. Angaja\u021bi un hacker.<\/p>\n<h2><strong>Cei mai buni cyber hackeri etici<\/strong><\/h2>\n<p>Exper\u021bii cibernetici profesioni\u0219ti sunt \u00eentotdeauna preg\u0103ti\u021bi s\u0103 ofere cele mai bune servicii de hacking pentru dvs. Suntem furnizori profesioni\u0219ti de servicii de hacking \u00een Statele Unite. Pute\u021bi explora cu u\u0219urin\u021b\u0103 cu online\u00a0<b>hackeri de \u00eenchiriat<\/b>. Ca cel mai important Hacker etic pentru sprijin Hire \u00een lume, Spy \u0219i Monitor ofer\u0103 cele mai bune online Cyber Exper\u021bi din \u00eentreaga lume.<\/p>\n<p>Avem o echip\u0103 global\u0103 specializat\u0103 de peste 100 de exper\u021bi cibernetici cu mare experien\u021b\u0103, unde pute\u021bi\u00a0<a href=\"https:\/\/allhackerforhire.com\/ro\/angajeaza-un-hacker\/\">contacta\u021bi hackerii online<\/a>, care sunt exper\u021bi \u00een paji\u0219ti superioare. Cei mai buni hackeri ai no\u0219tri sunt angaja\u021bi online prin conducerea a numeroase teste live de nivel; odat\u0103 ce se dovedesc, se pot al\u0103tura echipei noastre superioare<a href=\"https:\/\/duckduckgo.com\/\" target=\"_blank\" rel=\"noopener\">.<\/a> Angaja\u021bi un hacker pentru orice tip de munc\u0103.<\/p>\n<p>\u2713 Angaja\u021bi exper\u021bi cibernetici profesioni\u0219ti pentru servicii de monitorizare telefonic\u0103<\/p>\n<p>\u2713 Angajarea de hackeri cibernetici etici pentru monitorizarea partenerului neetic \/ so\u021bului neetic<\/p>\n<p>\u2713 Angaja\u021bi hackeri pentru recuperarea Crypto Investment Scam<\/p>\n<p>\u2713 Angaja\u021bi profesioni\u0219ti \u00een domeniul eticii cibernetice pentru p\u0103trunderea \u00een social media<\/p>\n<p><img decoding=\"async\" data-src=\"https:\/\/buylegitpassport.com\/wp-content\/uploads\/2022\/11\/5-star-2-300x158.jpg\" alt=\"Angaja\u021bi un hacker\" width=\"70\" height=\"37\" src=\"data:image\/svg+xml;base64,PHN2ZyB3aWR0aD0iMSIgaGVpZ2h0PSIxIiB4bWxucz0iaHR0cDovL3d3dy53My5vcmcvMjAwMC9zdmciPjwvc3ZnPg==\" class=\"lazyload\" style=\"--smush-placeholder-width: 70px; --smush-placeholder-aspect-ratio: 70\/37;\" \/><\/p>\n<section data-id=\"785fc72\" data-element_type=\"section\" data-settings=\"{&quot;background_background&quot;:&quot;classic&quot;}\">\n<h2><strong>CINE SUNTEM<\/strong><\/h2>\n<p>Hackerii no\u0219tri de angajat sunt profesioni\u0219ti, experimenta\u021bi, extraordinari \u0219i extrem de talenta\u021bi. Majoritatea exper\u021bilor no\u0219tri etici cibernetici au lucrat timp de peste 15 ani pentru diferi\u021bi clien\u021bi \u0219i agen\u021bii \u00een domeniul penetr\u0103rii re\u021belelor sociale, recuper\u0103rii fondurilor de pe site-uri sau companii \u00een\u0219el\u0103toare, investi\u021biilor Crypto sau Bitcoin \u0219i gestion\u0103rii datelor, iar majoritatea, dac\u0103 nu to\u021bi, au cuno\u0219tin\u021be despre lucrul pentru companii care modeleaz\u0103 diferite set\u0103ri de securitate pentru diferite aplica\u021bii. Faptul c\u0103 au lucrat pentru astfel de companii le ofer\u0103 hackerilor no\u0219tri profesioni\u0219ti un avantaj \u0219i o perspectiv\u0103 complet\u0103 asupra modului \u00een care func\u021bioneaz\u0103 securitatea pentru diferite aplica\u021bii<\/p>\n<h2><strong>CE FACEM NOI<\/strong><\/h2>\n<p>Suntem profesioni\u0219ti \u00een toate domeniile. Suntem speciali\u0219ti \u00een Monitorizarea telefoanelor \u0219i oferim servicii complete de monitorizare a telefoanelor clien\u021bilor no\u0219tri care au nevoie \u00een mod regulat de acest lucru pentru copiii lor sau \u00een situa\u021bii precum un so\u021b suspectat de \u00een\u0219el\u0103ciune sau parteneri de afaceri etc. Acesta nu este totu\u0219i singurul lucru pe care \u00eel facem, trebuie doar s\u0103 completa\u021bi formularul nostru de contact \u0219i putem discuta cerin\u021bele dvs. \u0219i s\u0103 v\u0103 oferim o solu\u021bie adecvat\u0103.<\/p>\n<h2><strong>HACKER DE \u00ceNCHIRIAT<\/strong><\/h2>\n<p>Angaja\u021bi hackerii no\u0219tri care sunt dedica\u021bi excelen\u021bei. Exist\u0103 situa\u021bii \u00een care v\u0103 g\u00e2ndi\u021bi s\u0103 angaja\u021bi un novice; cu toate acestea, a\u0219tepta\u021bi s\u0103 face\u021bi rost de un hacker. Nu ezita\u021bi s\u0103 ne contacta\u021bi, iar noi v\u0103 putem oferi un serviciu specific de hacker angajat. Enumerate mai jos sunt c\u00e2teva dintre cele mai tari hacker pentru furnizorii de \u00eenchiriere. Angaja\u021bi un hacker.<\/p>\n<h3>C\u00e2t cost\u0103 s\u0103 angajezi un hacker<\/h3>\n<p>Costul angaj\u0103rii unui hacker poate varia foarte mult \u00een func\u021bie de tipul de munc\u0103 de care ave\u021bi nevoie, de nivelul de expertiz\u0103 al hackerului \u0219i de timpul necesar pentru a finaliza sarcina. Angajarea unui hacker poate costa de la c\u00e2\u021biva dolari la mii de dolari.<\/p>\n<p>Poate v\u0103 \u00eentreba\u021bi dac\u0103 angajarea unui hacker este ilegal\u0103. Da, este important s\u0103 re\u021bine\u021bi c\u0103 angajarea unui hacker este ilegal\u0103 \u00een majoritatea \u021b\u0103rilor \u0219i poate avea consecin\u021be juridice grave.<\/p>\n<h2>Serviciile noastre de hacking<\/h2>\n<ol>\n<li>Serviciul de monitorizare a telefoanelor mobile<\/li>\n<li>Social Medial Cyber Experts<\/li>\n<li>Testarea penetr\u0103rii site-ului web<\/li>\n<li>Investigarea partenerului\/so\u021biei care \u00een\u0219eal\u0103<\/li>\n<li>Servicii de monitorizare a calculatoarelor \u00een cloud<\/li>\n<li>Anularea transferului bancar<\/li>\n<li>Fraud\u0103 Bitcoin Fonduri de investi\u021bii Recuperare<\/li>\n<\/ol>\n<\/section>","protected":false},"excerpt":{"rendered":"<p>HIRE A HACKER Hire A Hacker Online | Rent A Hacker | Rent a Hacker Hire a Hacker Who is Honest and Dedicated To Fulfilling the Hacking Service Assigned. Assured Hacking Service Results. Our hackers for hire are honest, dedicated, and passionate about their work, they can cross any level of hacking to get success [&hellip;]<\/p>","protected":false},"author":1,"featured_media":0,"parent":0,"menu_order":0,"comment_status":"open","ping_status":"closed","template":"builder-ready.php","meta":{"_acf_changed":false,"footnotes":""},"class_list":["post-40","page","type-page","status-publish","hentry"],"acf":[],"_links":{"self":[{"href":"https:\/\/allhackerforhire.com\/ro\/wp-json\/wp\/v2\/pages\/40","targetHints":{"allow":["GET"]}}],"collection":[{"href":"https:\/\/allhackerforhire.com\/ro\/wp-json\/wp\/v2\/pages"}],"about":[{"href":"https:\/\/allhackerforhire.com\/ro\/wp-json\/wp\/v2\/types\/page"}],"author":[{"embeddable":true,"href":"https:\/\/allhackerforhire.com\/ro\/wp-json\/wp\/v2\/users\/1"}],"replies":[{"embeddable":true,"href":"https:\/\/allhackerforhire.com\/ro\/wp-json\/wp\/v2\/comments?post=40"}],"version-history":[{"count":104,"href":"https:\/\/allhackerforhire.com\/ro\/wp-json\/wp\/v2\/pages\/40\/revisions"}],"predecessor-version":[{"id":5858,"href":"https:\/\/allhackerforhire.com\/ro\/wp-json\/wp\/v2\/pages\/40\/revisions\/5858"}],"wp:attachment":[{"href":"https:\/\/allhackerforhire.com\/ro\/wp-json\/wp\/v2\/media?parent=40"}],"curies":[{"name":"wp","href":"https:\/\/api.w.org\/{rel}","templated":true}]}}