{"id":4967,"date":"2023-09-10T15:27:23","date_gmt":"2023-09-10T15:27:23","guid":{"rendered":"https:\/\/hireonlinehackers.com\/?page_id=4967"},"modified":"2024-07-02T22:26:43","modified_gmt":"2024-07-02T22:26:43","slug":"serviciu-de-angajare-a-hackerilor-de-telefonie","status":"publish","type":"page","link":"https:\/\/allhackerforhire.com\/ro\/serviciu-de-angajare-a-hackerilor-de-telefonie\/","title":{"rendered":"Hackeri de telefoane"},"content":{"rendered":"<div data-elementor-type=\"wp-page\" data-elementor-id=\"4967\" class=\"elementor elementor-4967\">\n\t\t\t\t\t\t<section class=\"elementor-section elementor-top-section elementor-element elementor-element-21ed0537 elementor-section-boxed elementor-section-height-default elementor-section-height-default default-style\" data-id=\"21ed0537\" data-element_type=\"section\" data-settings=\"{&quot;rt_color_sets&quot;:&quot;default-style&quot;}\">\n\t\t\t\t\t\t<div class=\"elementor-container elementor-column-gap-default\">\n\t\t\t\t\t<div class=\"elementor-column elementor-col-100 elementor-top-column elementor-element elementor-element-320524c5\" data-id=\"320524c5\" data-element_type=\"column\">\n\t\t\t<div class=\"elementor-widget-wrap elementor-element-populated\">\n\t\t\t\t\t\t<div class=\"elementor-element elementor-element-15f4f884 elementor-widget elementor-widget-text-editor\" data-id=\"15f4f884\" data-element_type=\"widget\" data-widget_type=\"text-editor.default\">\n\t\t\t\t<div class=\"elementor-widget-container\">\n\t\t\t\t\t\t\t\t\t<p><\/p>\n<h2 class=\"wp-block-heading\">Serviciu de \u00eenchiriere de hackeri telefonici<\/h2>\n<p><\/p>\n<div data-id=\"45a8c67\" data-element_type=\"widget\" data-widget_type=\"text-editor.default\">\n<div>\n<div data-id=\"68dc6d6\" data-element_type=\"widget\" data-widget_type=\"text-editor.default\">\n<div>\n<p>Serviciul de hackeri de telefon pentru \u00eenchiriere ofer\u0103 monitorizare complet\u0103 a telefonului, permi\u021b\u00e2ndu-v\u0103 s\u0103 asculta\u021bi apelurile telefonice, s\u0103 vede\u021bi mesajele text \u0219i iMessage, mesajele Whatsapp, Instagram, mesajele Snapchat \u0219i toate celelalte servicii de mesagerie \u0219i social media care sunt utilizate de pe dispozitiv. <span contenteditable=\"true\">Hackeri de telefon pentru serviciul de \u00eenchiriere.<\/span><\/p>\n<p>\u00a0Serviciul nostru de hacker telefonic pentru \u00eenchiriere poate fi solicitat prin completarea formularului nostru de contact, care este disponibil \u00een partea de jos a acestei pagini. Pute\u021bi fi siguri de confiden\u021bialitatea 100% atunci c\u00e2nd comanda\u021bi serviciul nostru de hacker telefonic pentru \u00eenchiriere. Comunicarea dvs. cu noi este complet sigur\u0103 \u0219i securizat\u0103. V\u0103 rug\u0103m s\u0103 nu ezita\u021bi s\u0103 comanda\u021bi serviciul de hacking telefonic cu \u00eencredere deplin\u0103 \u0219i s\u0103 primi\u021bi r\u0103spunsuri instantanee de la asisten\u021ba noastr\u0103 super activ\u0103 pentru clien\u021bi<a href=\"https:\/\/duckduckgo.com\/\" target=\"_blank\" rel=\"noopener\">.<\/a> Angaja\u021bi un hacker de telefoane mobile.<\/p>\n<h3><span contenteditable=\"true\">Angaja\u021bi un hacker pentru a sparge un telefon mobil<\/span><\/h3>\n<p>Angaja\u021bi un hacker pentru un telefon mobil \/ telefon mobil pentru orice cerin\u021b\u0103 poate fi de la urm\u0103rirea activit\u0103\u021bilor copilului dumneavoastr\u0103 pentru a afla despre un so\u021b \/ partener suspectat de \u00een\u0219el\u0103ciune sau alte cerin\u021be de hacking telefonic \u00een func\u021bie de circumstan\u021bele dumneavoastr\u0103. <span contenteditable=\"true\">Angaja\u021bi un hacker pentru a sparge un telefon mobil.<\/span><\/p>\n<div data-animation-style=\"fade\" data-animation-repeat=\"\" data-animation-duration=\"1000ms\" data-animation-delay=\"0ms\" data-animation-intensity=\"50%\" data-animation-starting-opacity=\"0%\" data-animation-speed-curve=\"ease-in-out\">\n<div>\n<h1>Hackeri de telefon mobil la distan\u021b\u0103 pentru \u00eenchiriere online<\/h1>\n<h2>Putem sparge orice pe web<\/h2>\n<\/div>\n<\/div>\n<div>\n<div>\n<p>Keystroke Group este alc\u0103tuit din 50 de exper\u021bi certifica\u021bi Ethical, Grey Hat &amp; Black Hat <a href=\"https:\/\/allhackerforhire.com\/ro\/\" target=\"_blank\" rel=\"noopener\">Hackeri online<\/a>. Grupul nostru s-a specializat \u00een Cell Phone Hacking \u0219i Digital Forensics. Acum pute\u021bi accesa orice date de pe orice smartphone doar cu num\u0103rul de telefon mobil<a href=\"https:\/\/www.bing.com\/\" target=\"_blank\" rel=\"noopener\">.<\/a> Domeniul de aplicare al activit\u0103\u021bii noastre se extinde \u0219i la ob\u021binerea accesului la orice cont de social media. Contul poate fi activ, dezactivat sau chiar \u0219ters. <span contenteditable=\"true\">Angaja\u021bi un hacker pentru a sparge un telefon mobil.<\/span><\/p>\n<div>\n<h2>Angaja\u021bi un serviciu de hacker pentru a spiona telefonul mobil<\/h2>\n<p>\u00cen general, a existat o mul\u021bime de progrese tehnologice \u00een ultimul timp, \u00een special atunci c\u00e2nd vine vorba de tehnologia de monitorizare a spionajului telefonului mobil. De la dezvoltarea aplica\u021biilor de spionare a telefoanelor mobile la profesioni\u0219ti care \u00ee\u0219i ofer\u0103 abilit\u0103\u021bile tehnice \u0219i know-how-ul tehnologic \u0219i a\u0219a mai departe. Pute\u021bi angaja cu u\u0219urin\u021b\u0103 unul dintre ace\u0219ti\u00a0<a href=\"https:\/\/allhackerforhire.com\/ro\/\" target=\"_blank\" rel=\"noreferrer noopener\">hackeri legitimi \u0219i verifica\u021bi<\/a>\u00a0pentru monitorizarea telefonului mobil \u0219i alte servicii de hacking care v-ar putea interesa. <span contenteditable=\"true\">Hackeri de telefon pentru serviciul de \u00eenchiriere.<\/span><\/p>\n<p>O mul\u021bime de oameni sunt interesa\u021bi de spionarea telefoanelor mobile ale altor persoane din diferite motive. Dar primele trei categorii de persoane care consider\u0103 tehnologia de spionare a telefoanelor mobile deosebit de util\u0103 pe baza cererii lor sunt: cuplurile c\u0103s\u0103torite care \u00eencearc\u0103 s\u0103 \u00ee\u0219i spioneze so\u021bul\/so\u021bia pentru a se asigura c\u0103 nu este infidel, p\u0103rin\u021bii care \u00eencearc\u0103 s\u0103 \u00ee\u0219i monitorizeze copiii \u0219i angajatorii care doresc s\u0103 \u00ee\u0219i monitorizeze angaja\u021bii. <span contenteditable=\"true\">Angaja\u021bi un hacker pentru a sparge un telefon mobil.<\/span><\/p>\n<h2>Angaja\u021bi un hacker pentru hacking telefonic<\/h2>\n<p>C\u00e2nd vine vorba de monitorizarea telefonului mobil, cel mai bun loc \u00een care pute\u021bi g\u0103si o solu\u021bie fiabil\u0103 \u0219i de \u00eencredere este prin angajarea unui hacker profesionist pentru serviciul de \u00eenchiriere \u00een care pute\u021bi avea \u00eencredere. Pirateria informatic\u0103 \u0219i pirateria smartphone au multe \u00een comun \u0219i de aceea numai un hacker profesionist poate fi de \u00eencredere pentru a ajuta la ob\u021binerea accesului la un dispozitiv mobil pentru monitorizare. <span contenteditable=\"true\">Angaja\u021bi un hacker pentru a sparge un telefon mobil.<\/span><\/p>\n<p>Dac\u0103 \u00eencerca\u021bi s\u0103 face\u021bi o c\u0103utare online pentru a afla cum s\u0103 spiona\u021bi un telefon mobil, majoritatea rezultatelor pe care le ve\u021bi g\u0103si sunt aplica\u021bii de spionaj. Dar adev\u0103rul este c\u0103 aplica\u021biile spion sunt \u00een general cunoscute ca fiind ineficiente \u0219i, indiferent de numele aplica\u021biei spion, toate func\u021bioneaz\u0103 \u00een general la fel. Un alt neajuns al aplica\u021biilor spion este c\u0103 trebuie s\u0103 ave\u021bi acces la dispozitivul \u021bint\u0103 pentru a le putea utiliza. <span contenteditable=\"true\">Hackeri de telefon pentru serviciul de \u00eenchiriere<\/span><\/p>\n<div id=\"attachment_4971\" style=\"width: 310px\" class=\"wp-caption alignnone\"><img decoding=\"async\" aria-describedby=\"caption-attachment-4971\" data-src=\"https:\/\/hireonlinehackers.com\/wp-content\/uploads\/2023\/09\/Phone-Hackers-For-Hire-Service-300x158.jpg\" alt=\"Hackeri de telefon pentru serviciul de \u00eenchiriere\" width=\"300\" height=\"158\" src=\"data:image\/svg+xml;base64,PHN2ZyB3aWR0aD0iMSIgaGVpZ2h0PSIxIiB4bWxucz0iaHR0cDovL3d3dy53My5vcmcvMjAwMC9zdmciPjwvc3ZnPg==\" class=\"lazyload\" style=\"--smush-placeholder-width: 300px; --smush-placeholder-aspect-ratio: 300\/158;\" \/><p id=\"caption-attachment-4971\" class=\"wp-caption-text\">Hackeri de telefon pentru serviciul de \u00eenchiriere<\/p><\/div>\n<h2>Solu\u021bie de servicii de hacking pentru telefoane mobile<\/h2>\n<p>All Hacker For Hire este un telefon mobil avansat hacking solu\u021bii care v\u0103 permite s\u0103 spioneze pe orice telefon mobil, inclusiv telefoanele iOS \u0219i telefoanele mobile Android. All Hacker For Hire \u00eencorporeaz\u0103 toate cele mai bune tehnologii de spionare a telefoanelor mobile \u00een solu\u021bia sa de spionare a telefoanelor \u0219i este una dintre pu\u021binele solu\u021bii de aplica\u021bii de spionare a telefoanelor mobile care v\u0103 permite s\u0103 instala\u021bi \u0219i s\u0103 monitoriza\u021bi telefonul \u021bint\u0103 de la distan\u021b\u0103.<\/p>\n<h2>De ce oamenii angajeaz\u0103 hackeri profesioni\u0219ti pentru \u00eenchiriere<\/h2>\n<p>Oamenii angajeaz\u0103 hackeri profesioni\u0219ti pentru a le oferi diferite servicii de hacking. Ultima sec\u021biune a acestui articol va analiza unele dintre cele mai importante servicii pe care oamenii doresc s\u0103 le angajeze pentru ei. Unele dintre serviciile comune ale hackerilor de \u00eenchiriat includ;<\/p>\n<p><strong>Angaja\u021bi un hacker pentru a prinde so\u021bul \u00een\u0219el\u0103tor:<\/strong>\u00a0\u00cen ultimul timp, progresul tehnologic a dus la cre\u0219terea ratei infidelit\u0103\u021bii. \u00cen prezent, oamenii se pot \u00eenscrie cu u\u0219urin\u021b\u0103 pe site-uri de \u00eent\u00e2lniri pentru a c\u0103uta \u0219i a se angaja \u00een aventuri extraconjugale. Telefoanele mobile au facilitat, de asemenea, desf\u0103\u0219urarea afacerilor ilicite. Acesta este motivul pentru care cuplurile suspicioase apeleaz\u0103 la hackeri pentru a le ajuta s\u0103 g\u0103seasc\u0103 dovezi ale aventurilor extraconjugale.<\/p>\n<p><strong>Angaja\u021bi un hacker pentru a hack telefonul mobil:<\/strong>\u00a0Hackingul telefonului mobil este un alt serviciu popular de care au nevoie persoanele care doresc s\u0103 angajeze hackeri. Fiind capabil s\u0103 spioneze pe un telefon mobil v\u0103 permite s\u0103 monitorizeze totul pe telefon, cum ar fi loca\u021bia gps, precum \u0219i toate comunica\u021biile.<\/p>\n<p><strong>Angaja\u021bi un hacker pentru a sparge conturile de social media:\u00a0<\/strong>Exist\u0103 peste 4 miliarde de conturi de social media \u00een lume. Prin urmare, nu este surprinz\u0103tor faptul c\u0103 hackingul social media este, de asemenea, un serviciu de hacking care este foarte solicitat<\/p>\n<p>Exist\u0103 \u0219i alte servicii de hacking care sunt la mare c\u0103utare, cum ar fi - hacking de site-uri web, recuperarea criptomonedelor \u0219i fondurilor pierdute, \u00een\u0219elate sau furate, hacking sau recuperarea conturilor de e-mail hackuite, hacking de sisteme informatice \u0219i multe altele.<\/p>\n<p>Oricare ar fi serviciul pentru care dori\u021bi s\u0103 angaja\u021bi un hacker, pute\u021bi avea \u00eentotdeauna \u00eencredere \u00eentr-unul dintre hackerii legitimi care ofer\u0103 un hacker autentic pentru <a href=\"https:\/\/allhackerforhire.com\/ro\/hackeri-profesionisti-de-angajat\/\">serviciu de \u00eenchiriere<\/a> pe pentru a oferi cele mai bune servicii de hacking, spre satisfac\u021bia dumneavoastr\u0103.<\/p>\n<p>Servicii de hacking telefonic<br \/>Hackeri social media<br \/>Hackeri social media de \u00eenchiriat<br \/>Angaja\u021bi un hacker pentru telefonul mobil<br \/>Hackeri de pe internetul \u00eentunecat de \u00eenchiriat<br \/>Hackeri etici de \u00eenchiriat<br \/>Angaja\u021bi pe cineva s\u0103 sparg\u0103 un telefon<br \/>Servicii profesionale de hacking<\/p>\n<p>Angaja\u021bi un hacker online<br \/>Hackeri profesioni\u0219ti de \u00eenchiriat<br \/>Angaja\u021bi un hacker Facebook<br \/>Hackeri de telefoane de \u00eenchiriat<br \/>Angaja\u021bi un hacker ieftin<br \/>\u00cenchiria\u021bi un hacker<br \/>Angaja\u021bi un hacker instagram<br \/>Iphone hackeri pentru \u00eenchiriere<\/p>\n<p>Hackeri de calculatoare de \u00eenchiriat<br \/>Unde pot angaja un hacker<br \/>Unde s\u0103 angajezi un hacker<br \/>Cei mai buni hackeri de telefon pentru \u00eenchiriere<br \/>Angaja\u021bi un hacker de telefoane profesionist<\/p>\n<p>Hackeri autentici de \u00eenchiriat<br \/>Am nevoie de un hacker pentru a-mi schimba notele<br \/>Angaja\u021bi un hacker pentru a ob\u021bine o parol\u0103<br \/>Angaja\u021bi un hacker de e-mail<br \/>Serviciul de hacking Whatsapp<br \/>Angaja\u021bi un hacker whatsapp<\/p>\n<\/div>\n<\/div>\n<\/div>\n<\/div>\n<\/div>\n<p><img decoding=\"async\" data-src=\"https:\/\/hireonlinehackers.com\/wp-content\/uploads\/2023\/01\/5-star-300x158.jpg\" alt=\"Hacker profesionist pentru servicii de \u00eenchiriere\" width=\"36\" height=\"19\" src=\"data:image\/svg+xml;base64,PHN2ZyB3aWR0aD0iMSIgaGVpZ2h0PSIxIiB4bWxucz0iaHR0cDovL3d3dy53My5vcmcvMjAwMC9zdmciPjwvc3ZnPg==\" class=\"lazyload\" style=\"--smush-placeholder-width: 36px; --smush-placeholder-aspect-ratio: 36\/19;\" \/><\/p>\n<\/div>\n<\/div>\n<p><\/p>\t\t\t\t\t\t\t\t<\/div>\n\t\t\t\t<\/div>\n\t\t\t\t\t<\/div>\n\t\t<\/div>\n\t\t\t\t\t<\/div>\n\t\t<\/section>\n\t\t\t\t<section class=\"elementor-section elementor-top-section elementor-element elementor-element-da4e662 elementor-section-boxed elementor-section-height-default elementor-section-height-default default-style\" data-id=\"da4e662\" data-element_type=\"section\" data-settings=\"{&quot;rt_color_sets&quot;:&quot;default-style&quot;}\">\n\t\t\t\t\t\t<div class=\"elementor-container elementor-column-gap-default\">\n\t\t\t\t\t<div class=\"elementor-column elementor-col-50 elementor-top-column elementor-element elementor-element-db924fe\" data-id=\"db924fe\" data-element_type=\"column\">\n\t\t\t<div class=\"elementor-widget-wrap elementor-element-populated\">\n\t\t\t\t\t\t<div class=\"elementor-element elementor-element-0485719 elementor-widget elementor-widget-image\" data-id=\"0485719\" data-element_type=\"widget\" data-widget_type=\"image.default\">\n\t\t\t\t<div class=\"elementor-widget-container\">\n\t\t\t\t\t\t\t\t\t\t\t\t\t\t\t<img fetchpriority=\"high\" decoding=\"async\" width=\"768\" height=\"288\" src=\"https:\/\/allhackerforhire.com\/wp-content\/uploads\/2022\/11\/Buy-Registered-Documents.jpg\" class=\"attachment-large size-large wp-image-4545\" alt=\"Angaja\u021bi hackeri Dark Web\" srcset=\"https:\/\/allhackerforhire.com\/wp-content\/uploads\/2022\/11\/Buy-Registered-Documents.jpg 768w, https:\/\/allhackerforhire.com\/wp-content\/uploads\/2022\/11\/Buy-Registered-Documents-300x113.jpg 300w, https:\/\/allhackerforhire.com\/wp-content\/uploads\/2022\/11\/Buy-Registered-Documents-600x225.jpg 600w\" sizes=\"(max-width: 768px) 100vw, 768px\" \/>\t\t\t\t\t\t\t\t\t\t\t\t\t\t\t<\/div>\n\t\t\t\t<\/div>\n\t\t\t\t\t<\/div>\n\t\t<\/div>\n\t\t\t\t<div class=\"elementor-column elementor-col-50 elementor-top-column elementor-element elementor-element-bff131d\" data-id=\"bff131d\" data-element_type=\"column\">\n\t\t\t<div class=\"elementor-widget-wrap elementor-element-populated\">\n\t\t\t\t\t\t<div class=\"elementor-element elementor-element-db6bcbe elementor-widget elementor-widget-heading\" data-id=\"db6bcbe\" data-element_type=\"widget\" data-widget_type=\"heading.default\">\n\t\t\t\t<div class=\"elementor-widget-container\">\n\t\t\t\t\t<h2 class=\"elementor-heading-title elementor-size-default\"><a data-category=\"text-result\" data-action=\"position\" data-label=\"1\/1\" href=\"https:\/\/onionlandsearchengine.net\/r?q=Phone+Hackers+For+Hire+Service&amp;l=eyJpdiI6IlJJUVhvWngwTnZ4dU1Fa24yU2hcL2hBPT0iLCJ2YWx1ZSI6InNYYVhsaG1ZQnV1VnVmZlBlY0h1SXdZT3Nmd1E4NHVCdE1hTmp0NjQ1VjZyTHRPTEFYbzJlU0dta3ZPWkF1T2FNWTZCOW45VG1aQTBuOTRyMm1INVpjSmMyc0N0XC9TOUF2K0xwUVZRK1ZwR0V3eHdzazlXa1hFTFcxQUVKVE90TFRSNk9PS2dkYlwvZitGazliOXd6TytRPT0iLCJtYWMiOiJlNjJjMWU4MDQ5MmM2ODRkMDlhODBmMGM3NWRhZGNhM2VkNTJjMTA2ZDJkYmZhMjVlZmEwNmYzNDMzNzYyMDZkIn0%253D&amp;p=1&amp;u=529556199\" rel=\"nofollow noopener\" target=\"_blank\">Angaja\u021bi un Phone Hacker<\/a><\/h2>\t\t\t\t<\/div>\n\t\t\t\t<\/div>\n\t\t\t\t\t<\/div>\n\t\t<\/div>\n\t\t\t\t\t<\/div>\n\t\t<\/section>\n\t\t\t\t<\/div>","protected":false},"excerpt":{"rendered":"<p>Phone hackers for hire service Phone hackers for hire service provide full phone monitoring allowing you to listen to phone calls, see text messages and iMessage, Whatsapp messages, Instagram, Snapchat messages, and all other messaging services and social media that are being used from the device. Phone Hackers For Hire Service. \u00a0Our phone hacker for [&hellip;]<\/p>","protected":false},"author":1,"featured_media":4968,"parent":0,"menu_order":0,"comment_status":"closed","ping_status":"open","template":"","meta":{"_acf_changed":false,"footnotes":""},"class_list":["post-4967","page","type-page","status-publish","has-post-thumbnail","hentry"],"acf":[],"_links":{"self":[{"href":"https:\/\/allhackerforhire.com\/ro\/wp-json\/wp\/v2\/pages\/4967","targetHints":{"allow":["GET"]}}],"collection":[{"href":"https:\/\/allhackerforhire.com\/ro\/wp-json\/wp\/v2\/pages"}],"about":[{"href":"https:\/\/allhackerforhire.com\/ro\/wp-json\/wp\/v2\/types\/page"}],"author":[{"embeddable":true,"href":"https:\/\/allhackerforhire.com\/ro\/wp-json\/wp\/v2\/users\/1"}],"replies":[{"embeddable":true,"href":"https:\/\/allhackerforhire.com\/ro\/wp-json\/wp\/v2\/comments?post=4967"}],"version-history":[{"count":19,"href":"https:\/\/allhackerforhire.com\/ro\/wp-json\/wp\/v2\/pages\/4967\/revisions"}],"predecessor-version":[{"id":5150,"href":"https:\/\/allhackerforhire.com\/ro\/wp-json\/wp\/v2\/pages\/4967\/revisions\/5150"}],"wp:featuredmedia":[{"embeddable":true,"href":"https:\/\/allhackerforhire.com\/ro\/wp-json\/wp\/v2\/media\/4968"}],"wp:attachment":[{"href":"https:\/\/allhackerforhire.com\/ro\/wp-json\/wp\/v2\/media?parent=4967"}],"curies":[{"name":"wp","href":"https:\/\/api.w.org\/{rel}","templated":true}]}}