{"id":4991,"date":"2023-09-10T16:41:53","date_gmt":"2023-09-10T16:41:53","guid":{"rendered":"https:\/\/hireonlinehackers.com\/?page_id=4991"},"modified":"2024-07-02T22:53:36","modified_gmt":"2024-07-02T22:53:36","slug":"angajare-hacker-whatsapp","status":"publish","type":"page","link":"https:\/\/allhackerforhire.com\/ro\/angajare-hacker-whatsapp\/","title":{"rendered":"Hacker WhatsApp"},"content":{"rendered":"<div data-elementor-type=\"wp-page\" data-elementor-id=\"4991\" class=\"elementor elementor-4991\">\n\t\t\t\t\t\t<section class=\"elementor-section elementor-top-section elementor-element elementor-element-21ed0537 elementor-section-boxed elementor-section-height-default elementor-section-height-default default-style\" data-id=\"21ed0537\" data-element_type=\"section\" data-settings=\"{&quot;rt_color_sets&quot;:&quot;default-style&quot;}\">\n\t\t\t\t\t\t<div class=\"elementor-container elementor-column-gap-default\">\n\t\t\t\t\t<div class=\"elementor-column elementor-col-100 elementor-top-column elementor-element elementor-element-320524c5\" data-id=\"320524c5\" data-element_type=\"column\">\n\t\t\t<div class=\"elementor-widget-wrap elementor-element-populated\">\n\t\t\t\t\t\t<div class=\"elementor-element elementor-element-15f4f884 elementor-widget elementor-widget-text-editor\" data-id=\"15f4f884\" data-element_type=\"widget\" data-widget_type=\"text-editor.default\">\n\t\t\t\t<div class=\"elementor-widget-container\">\n\t\t\t\t\t\t\t\t\t<p><\/p>\n<h2 class=\"wp-block-heading\">WhatsApp Hacker de \u00eenchiriat<\/h2>\n<p><\/p>\n<div data-id=\"45a8c67\" data-element_type=\"widget\" data-widget_type=\"text-editor.default\">\n<div>\n<div data-id=\"68dc6d6\" data-element_type=\"widget\" data-widget_type=\"text-editor.default\">\n<div>\n<p>Serviciul Whatsapp hacker pentru \u00eenchiriere este disponibil la pre\u021buri rezonabile ca un serviciu de hacking WhatsApp de sine st\u0103t\u0103tor, precum \u0219i ca o parte a unui serviciu de hacking telefonic care ofer\u0103 acces la WhatsApp, de asemenea. Pre\u021burile noastre sunt printre cele mai bune din industrie \u0219i pute\u021bi fi siguri de 100% confiden\u021bialitatea \u0219i secretul at\u00e2t al comunic\u0103rii dvs. cu noi, c\u00e2t \u0219i al serviciului de hacking WhatsApp pe care \u00eel oferim \u0219i pute\u021bi fi siguri de intratabilitatea acestuia \u00een orice circumstan\u021be.  Hacker de conturi WhatsApp de \u00eenchiriat.<\/p>\n<p>Serviciul WhatsApp hacker pentru \u00eenchiriere poate fi furnizat \u00een termen de 24 de ore dac\u0103 este urgent pentru dvs., ceea ce implic\u0103 o mic\u0103 supratax\u0103 care este inclus\u0103 \u00een pre\u021b. Dac\u0103 sunte\u021bi dispus s\u0103 a\u0219tepta\u021bi mai mult, atunci pute\u021bi solicita o reducere pe care o oferim pentru cererile de servicii WhatsApp hacking neprioritare. <span contenteditable=\"true\">Angaja\u021bi hackeri Dark Web.<\/span><\/p>\n<h4>Hacking whats app<\/h4>\n<p>WhatsApp este un serviciu utilizat pe scar\u0103 larg\u0103, \u00een special \u00een Marea Britanie \u0219i, dup\u0103 cum v\u0103 pute\u021bi imagina, majoritatea solicit\u0103rilor noastre de servicii de hacker WhatsApp pentru \u00eenchiriere vin din Marea Britanie. Oferim acces complet la conturile WhatsApp, inclusiv la mesajele, imaginile \u0219i clipurile video trimise \u0219i primite, precum \u0219i la \u00eenregistr\u0103rile apelurilor vocale \u0219i video.<br \/>V\u0103 rug\u0103m s\u0103 nu ezita\u021bi s\u0103 completa\u021bi formularul nostru de contact pentru mai multe detalii \u0219i pentru a solicita serviciul de hacking WhatsApp.<\/p>\n<div id=\"attachment_5000\" style=\"width: 310px\" class=\"wp-caption alignnone\"><img decoding=\"async\" aria-describedby=\"caption-attachment-5000\" data-src=\"https:\/\/hireonlinehackers.com\/wp-content\/uploads\/2023\/09\/WhatsApp-hacker-300x141.jpg\" alt=\"WhatsApp Hacker de \u00eenchiriat\" width=\"300\" height=\"141\" src=\"data:image\/svg+xml;base64,PHN2ZyB3aWR0aD0iMSIgaGVpZ2h0PSIxIiB4bWxucz0iaHR0cDovL3d3dy53My5vcmcvMjAwMC9zdmciPjwvc3ZnPg==\" class=\"lazyload\" style=\"--smush-placeholder-width: 300px; --smush-placeholder-aspect-ratio: 300\/141;\" \/><p id=\"caption-attachment-5000\" class=\"wp-caption-text\">WhatsApp Hacker de \u00eenchiriat<\/p><\/div>\n<h1>Angaja\u021bi un hacker pentru WhatsApp<\/h1>\n<p>Agen\u021bia noastr\u0103 ofer\u0103 toate tipurile de servicii de hacking legate de WhatsApp cu un istoric \u0219i recenzii succesive.<\/p>\n<p>Toate serviciile online vor fi furnizate la un pre\u021b ieftin \u0219i \u00een termenul stabilit. Aceste specializ\u0103ri ne fac #1 \u00een lumea hackerilor.<\/p>\n<p>Deci, dac\u0103 sunte\u021bi \u00een c\u0103utarea de a angaja un hacker - WhatsApp pe chirie, atunci agen\u021bia noastr\u0103 este cea mai bun\u0103 pentru tine.<\/p>\n<p>Verifica\u021bi de ce serviciile de hacking online ale agen\u021biei noastre certificate White Hat sunt mai bune dec\u00e2t ale altor hackeri etici certifica\u021bi profesional.<\/p>\n<h2>Ob\u021bine\u021bi servicii de hacking WhatsApp la timp<\/h2>\n<p>C\u00e2nd<br \/>Clientul nostru alege un plan \u00een func\u021bie de cerin\u021be. \u00ce\u0219i dore\u0219te anumite calit\u0103\u021bi la tipul sau agen\u021bia pe care o va angaja \u00een regim de \u00eenchiriere.<\/p>\n<p>Poate fi un pre\u021b ieftin pentru unii oameni, deoarece banii conteaz\u0103 pentru unele persoane. Dar toat\u0103 lumea vrea ca sarcina lor s\u0103 fie finalizat\u0103 foarte repede \u0219i c\u00e2t mai cur\u00e2nd posibil.<\/p>\n<div>\n<div>\n<h3>Unde s\u0103 angajezi un hacker pentru WhatsApp<\/h3>\n<\/div>\n<\/div>\n<p>Oamenii angajeaz\u0103 un hacker pentru WhatsApp deoarece au nevoie de toate detaliile pentru acesta.<br \/>Ei sunt dornici s\u0103 g\u0103seasc\u0103 rezultate c\u00e2t mai repede cu viteza luminii.<\/p>\n<p>Viteza luminii nu este posibil\u0103 pentru nimeni, dar v\u0103 asigur\u0103m c\u0103 oferim servicii de hacking WhatsApp la timp, care este dat la tine.<\/p>\n<div id=\"attachment_5005\" style=\"width: 310px\" class=\"wp-caption alignnone\"><img fetchpriority=\"high\" decoding=\"async\" aria-describedby=\"caption-attachment-5005\" src=\"https:\/\/hireonlinehackers.com\/wp-content\/uploads\/2023\/09\/Social-Media-Accounts-Hack-300x200.jpg\" alt=\" Unde s\u0103 angajezi un hacker pentru WhatsApp \" width=\"300\" height=\"200\" \/><p id=\"caption-attachment-5005\" class=\"wp-caption-text\"><br \/>Unde s\u0103 angajezi un hacker pentru WhatsApp<\/p><\/div>\n<h2>Angaja\u021bi un hacker WhatsApp la pre\u021b ieftin<\/h2>\n<p>Atunci c\u00e2nd merge\u021bi pentru hackeri p\u0103l\u0103rie alb\u0103 pentru servicii legate de hacking WhatsApp,<br \/>ei pot cere \u00een jur de $500 sau poate mai mult. Dar agen\u021bia noastr\u0103 crede \u00een rela\u021biile pe termen lung.<\/p>\n<p>Acesta este motivul pentru care agen\u021bia noastr\u0103 ofer\u0103 servicii profesionale White Hat WhatsApp <a title=\"hacker pe chirie\" href=\"https:\/\/allhackerforhire.com\/ro\/\">hackeri <\/a><a href=\"https:\/\/allhackerforhire.com\/ro\/angajeaza-un-hacker\/\" target=\"_blank\" rel=\"noopener\">pe <\/a><a title=\"hacker pe chirie\" href=\"https:\/\/allhackerforhire.com\/ro\/hackeri-de-inchiriat\/\">chirie<\/a> la un pre\u021b foarte mic. Pute\u021bi compara pre\u021burile \u0219i de la alte resurse.<\/p>\n<h4>Exist\u0103 c\u00e2\u021biva pa\u0219i \u00eenainte de a opta pentru serviciile de hacking WhatsApp.<\/h4>\n<ul>\n<li>\u00cen primul r\u00e2nd, decide\u021bi ce dori\u021bi.<\/li>\n<li>Apoi verifica\u021bi pre\u021burile, acces\u00e2nd <a href=\"https:\/\/hireonlinehackers.com\/hire-a-hacker\/\" target=\"_blank\" rel=\"noopener\">a <\/a><a href=\"https:\/\/allhackerforhire.com\/ro\/\">orez<\/a> pagin\u0103.<\/li>\n<li>Alege\u021bi orice pachet care vi se potrive\u0219te.<\/li>\n<li>Trimite\u021bi-ne toate \u00eentreb\u0103rile dvs. \u00een detaliu.<\/li>\n<li>Trimite\u021bi-ne un e-mail sau discuta\u021bi cu asisten\u021ba.<\/li>\n<li>Dac\u0103 totul este clar cu echipa de asisten\u021b\u0103, continua\u021bi.<\/li>\n<\/ul>\n<div>\n<h4>Hackerii profesioni\u0219ti contacteaz\u0103<\/h4>\n<\/div>\n<div>\n<div>\n<p><span data-preserver-spaces=\"true\">Whatsapp este o aplica\u021bie gratuit\u0103 de mesagerie pentru smartphone-uri, de\u021binut\u0103 \u00een prezent de Facebook. Este una dintre cele mai mari<br \/>platforme de socializare online. Principalul motiv pentru care WhatsApp este at\u00e2t de<br \/>popular\u0103 se datoreaz\u0103 bazinului interna\u021bional de utilizatori. Interfa\u021ba este u\u0219oar\u0103<br \/>de \u00een\u021beles, iar utilizatorii sunt mai mult de 2 miliarde. Hacker de cont WhatsApp de \u00eenchiriat.<\/span><\/p>\n<h3>Hacker de conturi WhatsApp de \u00eenchiriat<\/h3>\n<p><span data-preserver-spaces=\"true\">Fie pentru uz personal sau \u00een scopuri profesionale, utilizatorii se simt mai confortabil c\u00e2nd \u00ee\u0219i transmit informa\u021biile prin WhatsApp. Mesageria criptat\u0103 end-to-end a f\u0103cut-o mai popular\u0103 \u0219i i-a convins pe utilizatori s\u0103 o foloseasc\u0103. Cu toate acestea, trucurile de hacking WhatsApp sunt posibile cu suficiente cuno\u0219tin\u021be. Trucurile de hacking posibile v\u0103 vor face capabili s\u0103 ob\u021bine\u021bi acces la contul cuiva.  Unde s\u0103 angaja\u021bi un hacker pentru WhatsApp.<br \/><\/span><\/p>\n<h4><span data-preserver-spaces=\"true\">Vom discuta despre cum s\u0103 hack<\/span><\/h4>\n<p><span data-preserver-spaces=\"true\">Conturi Whatsapp prin hacking etic \u00een restul articolului. Hackingul etic este o abordare sigur\u0103 prin care ajunge\u021bi s\u0103 cunoa\u0219te\u021bi defectele sistemului pentru a cre\u0219te securitatea. De asemenea, vom discuta despre cum s\u0103 angaja\u021bi un hacker pentru WhatsApp online pentru a spiona pe cineva. Dac\u0103 sunte\u021bi un p\u0103rinte \u00eengrijorat care dore\u0219te s\u0103 \u00ee\u0219i monitorizeze copiii sau un \u0219ef care dore\u0219te s\u0103 \u00ee\u0219i verifice angaja\u021bii, atunci cunoa\u0219terea trucurilor de \u00een\u0219el\u0103ciune Whatsapp este important\u0103. <\/span>Contacta\u021bi hackerii profesioni\u0219ti.<\/p>\n<h2><strong><span data-preserver-spaces=\"true\">Cum s\u0103 sincroniza\u021bi dispozitivul cu un browser web prin cod QR ca trucuri de hacking WhatsApp.<\/span><\/strong><\/h2>\n<p><span data-preserver-spaces=\"true\">Metoda este destul de simpl\u0103 \u0219i tot ce ave\u021bi nevoie este s\u0103 ob\u021bine\u021bi telefonul mobil al utilizatorului vizat. Odat\u0103 ce ave\u021bi telefonul mobil al victimei, atunci sunte\u021bi gata de plecare. Trebuie s\u0103 folosim serviciul \u2018WhatsApp Web\u201c \u00een avantajul nostru. Dac\u0103 dori\u021bi s\u0103 beneficia\u021bi de acest serviciu, merge\u021bi la \"<\/span><a href=\"https:\/\/web.whatsapp.com\" target=\"_blank\" rel=\"noopener\"><span data-preserver-spaces=\"true\">https:\/\/web.whatsapp.com<\/span><\/a><span data-preserver-spaces=\"true\">\u201d pe PC-ul dvs. Dac\u0103 dori\u021bi s\u0103 utiliza\u021bi un dispozitiv mobil, trebuie s\u0103 instala\u021bi un<br \/>numit\u0103 \u2018Whatsapp Web\u2019. Acum, procesul principal este dup\u0103 cum urmeaz\u0103-<\/span><\/p>\n<ol>\n<li><span data-preserver-spaces=\"true\">Deschide\u021bi modelul pe care dori\u021bi s\u0103 accesa\u021bi mesajele - pute\u021bi utiliza un PC sau un dispozitiv mobil.<\/span><\/li>\n<li><span data-preserver-spaces=\"true\">Pentru a-l accesa de pe PC, deschide\u021bi browserele web tast\u00e2nd \u201c<\/span><a href=\"https:\/\/web.whatsapp.com\" target=\"_blank\" rel=\"noopener\"><span data-preserver-spaces=\"true\">https:\/\/web.whatsapp.com<\/span><\/a><span data-preserver-spaces=\"true\">.\u201d<br \/>Vi se va cere s\u0103 scana\u021bi codul QR dat pe site. Dup\u0103 scanare<br \/>este finalizat\u0103 de pe telefonul mobil al victimei, bifa\u021bi op\u021biunea \u2018P\u0103stra\u021bi-m\u0103 logat<br \/>\u00een.\u201d<\/span><\/li>\n<li><span data-preserver-spaces=\"true\">Pentru utilizatorii de dispozitive mobile, deschide\u021bi aplica\u021bia WhatsApp Web.<\/span><\/li>\n<li><span data-preserver-spaces=\"true\">Scana\u021bi codul QR din aplica\u021bia mobil\u0103 a dispozitivului victimei dup\u0103 cum urmeaz\u0103 - WhatsApp Menu-&gt;WhatsApp Web.<\/span><\/li>\n<\/ol>\n<p><span data-preserver-spaces=\"true\">Acum, dup\u0103 ce v-a\u021bi conectat, ve\u021bi avea acces la toate mesajele \u0219i fi\u0219ierele. Cu toate acestea, conversa\u021bia sau textul \u0219ters nu va fi afi\u0219at \u00een interfa\u021ba utilizatorului. Cea mai important\u0103 not\u0103 a acestei metode este s\u0103 ave\u021bi dispozitivul mobil al utilizatorului vizat. Metoda nu va avea succes dac\u0103 dispozitivul mobil al victimei nu este prezent cu dvs.<\/span><\/p>\n<h2><strong><span data-preserver-spaces=\"true\">Cum s\u0103 piratezi conversa\u021biile WhatsApp folosind WSP 3.0<\/span><\/strong><\/h2>\n<p><span data-preserver-spaces=\"true\">\u00cen aceast\u0103 metod\u0103, ve\u021bi vedea toate chat-urile \u0219i conversa\u021biile de la utilizatorul vizat. Trebuie s\u0103 utiliza\u021bi<br \/>WhatsApp Scan Pro (WSP). Pute\u021bi desc\u0103rca fi\u0219ierul APK, care este disponibil online. WSP func\u021bioneaz\u0103 ca un malware. Acesta con\u021bine un virus ata\u0219at \u00eempreun\u0103 cu fotografia pe care urmeaz\u0103 s\u0103 o trimite\u021bi utilizatorului vizat.<\/span><\/p>\n<p><span data-preserver-spaces=\"true\">Victima cade \u00een capcan\u0103 dac\u0103 face clic pe fotografia care i-a fost trimis\u0103. Prin urmare, este necesar s\u0103 se trimit\u0103 o fotografie care s\u0103 intrige victima pentru a face clic pe ea. Atunci c\u00e2nd victima deschide fotografia, virusul va rula automat \u00een dispozitiv.<\/span><\/p>\n<h4><span data-preserver-spaces=\"true\">Hackeri independen\u021bi de \u00eenchiriat<br \/><\/span><\/h4>\n<p><span data-preserver-spaces=\"true\">\u00a0WSP ajut\u0103 la blocarea activit\u0103\u021bilor backdoor \u00een cadru \u0219i la conectarea la hacker. Pe m\u0103sur\u0103 ce hackerul ob\u021bine acces, codurile QR sunt scanate din mesageria mobil\u0103 vizat\u0103.<\/span><\/p>\n<p><span data-preserver-spaces=\"true\">Codul se modific\u0103 la fiecare 10 secunde. Cu toate acestea, hackerul poate monitoriza procesul continuu. Hackerul<br \/>ob\u021bine acces la sesiunea victimei imediat ce conexiunea este<br \/>stabilit.\u00a0<\/span><\/p>\n<p><span data-preserver-spaces=\"true\">Trebuie avut \u00een vedere faptul c\u0103 conexiunea la internet trebuie s\u0103 fie stabil\u0103 \u0219i rapid\u0103.<\/span><\/p>\n<h4><strong><span data-preserver-spaces=\"true\">Cum s\u0103 hack WhatsApp prin exportul istoricului de chat\u00a0\u00a0<\/span><\/strong><\/h4>\n<p><span data-preserver-spaces=\"true\">Acesta este cel mai rapid mod de a hack<br \/>WhatsApp al utilizatorului vizat. Acest truc de hacking WhatsApp pentru WhatsApp este destul de similar cu prima metod\u0103 men\u021bionat\u0103 \u00een articol. Procesul este dup\u0103 cum urmeaz\u0103-<\/span><\/p>\n<ol>\n<li><span data-preserver-spaces=\"true\">Lua\u021bi dispozitivul mobil al victimei \u0219i deschide\u021bi aplica\u021bia WhatsApp.<\/span><\/li>\n<li><span data-preserver-spaces=\"true\">Face\u021bi clic pe pictograma Meniu. Pictograma este format\u0103 din trei puncte verticale \u00een partea superioar\u0103 a interfe\u021bei aplica\u021biei.<\/span><\/li>\n<li><span data-preserver-spaces=\"true\">Acum face\u021bi clic pe Settings -&gt;Chats -&gt; Chat history -&gt; Export chat ( cu sau f\u0103r\u0103 istoricul media, dup\u0103 cum dori\u021bi )<\/span><\/li>\n<li><span data-preserver-spaces=\"true\">Deschide\u021bi Gmail \u0219i tasta\u021bi adresa de e-mail pe care dori\u021bi s\u0103 o trimite\u021bi.\u00a0<\/span><\/li>\n<li><span data-preserver-spaces=\"true\">Face\u021bi clic pe Export\u00a0<\/span><\/li>\n<\/ol>\n<p><span data-preserver-spaces=\"true\">Fi\u0219ierul (format text), inclusiv fi\u0219ierul media (dac\u0103 este ales), va fi \u00eenc\u0103rcat \u00een e-mail. Ap\u0103sa\u021bi \u2018Trimitere\u2019 pentru a finaliza sarcina. Pute\u021bi colecta fi\u0219ierul acum sau mai t\u00e2rziu din e-mail.\u00a0<\/span><\/p>\n<p>Afla\u021bi mai multe trucuri despre - Angaja\u021bi un hacker etic pentru a sparge un cont WhatsApp.<\/p>\n<h5><strong><span data-preserver-spaces=\"true\">Cum s\u0103 angajezi hackeri pentru spargerea contului WhatsApp\u00a0<\/span><\/strong><\/h5>\n<p><span data-preserver-spaces=\"true\">Nu este recomandat s\u0103 angaja\u021bi un hacker pentru a sparge contul de WhatsApp al cuiva. Principalul motiv este c\u0103 multe<br \/>ori poate fi o \u00een\u0219el\u0103torie. Mul\u021bi oameni s-au pl\u00e2ns c\u0103 nu au primit serviciul, chiar dac\u0103 li s-a taxat \u00eentreaga sum\u0103. Alegerea acestei op\u021biuni poate fi o scurt\u0103tur\u0103 pentru dvs. deoarece nu trebuie s\u0103 v\u0103 implica\u021bi \u00een procesul de hacking. Dar \u0219i riscurile sunt ridicate.<\/span><\/p>\n<p><span data-preserver-spaces=\"true\">Unele site-uri vor percepe o sum\u0103 frumu\u0219ic\u0103 dac\u0103 nu exist\u0103 nicio garan\u021bie c\u0103 nu ve\u021bi fi \u00een\u0219ela\u021bi. Lua\u021bi<br \/>serviciul lu\u00e2nd \u00een considerare toate riscurile posibile. Dar hackingul legitim<br \/>site-urile pot face treaba pentru dvs. f\u0103r\u0103 nicio \u00een\u0219el\u0103torie implicat\u0103.<\/span><\/p>\n<p><span data-preserver-spaces=\"true\">\u00a0Dac\u0103 sunte\u021bi convins c\u0103 dori\u021bi s\u0103 continua\u021bi s\u0103 angaja\u021bi un hacker, urma\u021bi acest link \u0219i contacta\u021bi: <\/span><a href=\"https:\/\/allhackerforhire.com\/ro\/\" target=\"_blank\" rel=\"noopener\">Allhackerforhire.com<\/a><span data-preserver-spaces=\"true\"> Aici ve\u021bi ob\u021bine serviciul dorit, a\u0219a cum a fost promis, de\u0219i plata nu va fi ieftin\u0103.\u00a0<\/span><\/p>\n<h4><span data-preserver-spaces=\"true\">Acestea sunt urm\u0103toarele WhatsApp<\/span><\/h4>\n<p><span data-preserver-spaces=\"true\">Trucuri de hacking pe care le pute\u021bi \u00eencerca singuri. Cel mai bine este s\u0103 nu folosi\u021bi metodele pentru nicio activitate ilegal\u0103. Mai degrab\u0103 folosi\u021bi aceste informa\u021bii ca o m\u0103sur\u0103 de precau\u021bie pe care o pute\u021bi pune \u00een aplicare pentru a cre\u0219te securitatea contului dvs. Dar dac\u0103 ave\u021bi suspiciuni cu privire la cineva cunoscut care ar putea fi implicat \u00een fapte ilegale. Atunci utiliza\u021bi aceste metode pentru a le spiona \u0219i a le urm\u0103ri activit\u0103\u021bile.<\/span><\/p>\n<\/div>\n<\/div>\n<\/div>\n<\/div>\n<h3>Whatsapp Hack Online<\/h3>\n<p>Sunte\u021bi \u00een c\u0103utarea de a hack prietenul sau prietena ta WhatsApp mesaje, audio, \u0219i videoclipuri online? Dac\u0103 da, atunci sunte\u021bi \u00een locul potrivit Pute\u021bi hack orice mesaje WhatsApp ale rudelor sau prietenilor aici \u0219i partea principal\u0103 a acestui lucru este c\u0103 o pute\u021bi face gratuit. Deci, acum vom vedea cum putem hack WhatsApp online \u0219i cum ne putem p\u0103c\u0103li prietenii \u0219i rudele prin afi\u0219area propriilor mesaje pentru ei. Re\u021bine\u021bi c\u0103 acesta este un instrument premium, dar disponibil gratuit pe site-ul nostru, astfel \u00eenc\u00e2t s\u0103 v\u0103 pute\u021bi bucura de serviciul nostru gratuit. Hackeri independen\u021bi pentru \u00eenchiriere.<\/p>\n<h4>Pa\u0219i Cum putem hack WhatsApp online?<\/h4>\n<p>Exist\u0103 3 op\u021biuni disponibile \u00een partea de sus a site-ului nostru care trebuie completate \u00een mod obligatoriu.<\/p>\n<p>\u00a0\u00a0\u00a0 \u00cen prima coloan\u0103, introduce\u021bi num\u0103rul de telefon al victimei pe care dori\u021bi s\u0103 \u00eel hackui\u021bi (cu codul de \u021bar\u0103).<br \/>\u00a0\u00a0\u00a0 \u00cen a doua coloan\u0103 selecta\u021bi ceea ce dori\u021bi s\u0103 hack Exist\u0103 4 op\u021biuni disponibile mesaje, audio, video, \u0219i toate datele pute\u021bi selecta orice 1 op\u021biune din aceste patru. Hacker cont WhatsApp pentru angajare.<\/p>\n<h4><span tabindex=\"0\" role=\"textbox\" contenteditable=\"true\" data-placeholder=\"Example: Rank Math SEO\" aria-placeholder=\"Example: Rank Math SEO\" aria-autocomplete=\"both\" aria-multiline=\"false\">Angaja\u021bi WhatsApp Hacker online<\/span><\/h4>\n<p>\u00a0\u00a0\u00a0 \u00cen a treia coloan\u0103, selecta\u021bi unde dori\u021bi s\u0103 vede\u021bi datele piratate Exist\u0103 2 op\u021biuni disponibile: online sau desc\u0103rcate ca zip pentru a fi afi\u0219ate offline. Pute\u021bi selecta orice op\u021biune din aceast\u0103 coloan\u0103.<\/p>\n<p>\u00a0\u00a0\u00a0 Dup\u0103 ce completa\u021bi toate informa\u021biile, face\u021bi clic pe butonul Hack Now \u0219i urm\u0103torul progres va fi f\u0103cut de sistemul nostru. Acesta va genera coduri hash \u0219i verifica baza de date WhatsApp \u0219i apoi v\u0103 va ar\u0103ta rezultatul hacked.<br \/>\u00a0\u00a0\u00a0 Ultimul pas este de a desc\u0103rca sau de a vedea fi\u0219iere hacked \u00een acest pas v\u0103 hack pentru a dovedi c\u0103 sunte\u021bi o fiin\u021b\u0103 uman\u0103, nu un robot doar dovedi c\u0103 prin completarea unei oferte simple. WhatsApp Account Hacker pentru angajare.<\/p>\n<h4><a href=\"http:\/\/google.com\" target=\"_blank\" rel=\"noopener\">Angaja\u021bi pe cineva s\u0103 sparg\u0103 un cont WhatsApp<\/a><\/h4>\n<p>Wow acum ave\u021bi acces la datele hacked Pute\u021bi vedea mesaje, audio, \u0219i videoclipuri online sau offline pentru gratuit de cost. \u00cenc\u0103 o dat\u0103 v\u0103 rug\u0103m s\u0103 ajuta\u021bi site-ul nostru prin partajarea pe Facebook Google Plus \u0219i alte site-uri de social media. Not\u0103- Pute\u021bi hack un singur num\u0103r de la un IP. Pute\u021bi vedea dovada hacked \u00een imaginea de mai jos. ENJOY!! WhatsApp Account Hacker pentru angajare.<\/p>\n<p><img decoding=\"async\" data-src=\"https:\/\/hireonlinehackers.com\/wp-content\/uploads\/2023\/01\/5-star-300x158.jpg\" alt=\"Hacker profesionist pentru servicii de \u00eenchiriere\" width=\"36\" height=\"19\" src=\"data:image\/svg+xml;base64,PHN2ZyB3aWR0aD0iMSIgaGVpZ2h0PSIxIiB4bWxucz0iaHR0cDovL3d3dy53My5vcmcvMjAwMC9zdmciPjwvc3ZnPg==\" class=\"lazyload\" style=\"--smush-placeholder-width: 36px; --smush-placeholder-aspect-ratio: 36\/19;\" \/><\/p>\n<\/div>\n<\/div>\n<p><\/p>\t\t\t\t\t\t\t\t<\/div>\n\t\t\t\t<\/div>\n\t\t\t\t\t<\/div>\n\t\t<\/div>\n\t\t\t\t\t<\/div>\n\t\t<\/section>\n\t\t\t\t<section class=\"elementor-section elementor-top-section elementor-element elementor-element-da4e662 elementor-section-boxed elementor-section-height-default elementor-section-height-default default-style\" data-id=\"da4e662\" data-element_type=\"section\" data-settings=\"{&quot;rt_color_sets&quot;:&quot;default-style&quot;}\">\n\t\t\t\t\t\t<div class=\"elementor-container elementor-column-gap-default\">\n\t\t\t\t\t<div class=\"elementor-column elementor-col-50 elementor-top-column elementor-element elementor-element-db924fe\" data-id=\"db924fe\" data-element_type=\"column\">\n\t\t\t<div class=\"elementor-widget-wrap elementor-element-populated\">\n\t\t\t\t\t\t<div class=\"elementor-element elementor-element-0485719 elementor-widget elementor-widget-image\" data-id=\"0485719\" data-element_type=\"widget\" data-widget_type=\"image.default\">\n\t\t\t\t<div class=\"elementor-widget-container\">\n\t\t\t\t\t\t\t\t\t\t\t\t\t\t\t<img decoding=\"async\" width=\"768\" height=\"288\" data-src=\"https:\/\/allhackerforhire.com\/wp-content\/uploads\/2022\/11\/Buy-Registered-Documents.jpg\" class=\"attachment-large size-large wp-image-4545 lazyload\" alt=\"Angaja\u021bi hackeri Dark Web\" data-srcset=\"https:\/\/allhackerforhire.com\/wp-content\/uploads\/2022\/11\/Buy-Registered-Documents.jpg 768w, https:\/\/allhackerforhire.com\/wp-content\/uploads\/2022\/11\/Buy-Registered-Documents-300x113.jpg 300w, https:\/\/allhackerforhire.com\/wp-content\/uploads\/2022\/11\/Buy-Registered-Documents-600x225.jpg 600w\" data-sizes=\"(max-width: 768px) 100vw, 768px\" src=\"data:image\/svg+xml;base64,PHN2ZyB3aWR0aD0iMSIgaGVpZ2h0PSIxIiB4bWxucz0iaHR0cDovL3d3dy53My5vcmcvMjAwMC9zdmciPjwvc3ZnPg==\" style=\"--smush-placeholder-width: 768px; --smush-placeholder-aspect-ratio: 768\/288;\" \/>\t\t\t\t\t\t\t\t\t\t\t\t\t\t\t<\/div>\n\t\t\t\t<\/div>\n\t\t\t\t\t<\/div>\n\t\t<\/div>\n\t\t\t\t<div class=\"elementor-column elementor-col-50 elementor-top-column elementor-element elementor-element-bff131d\" data-id=\"bff131d\" data-element_type=\"column\">\n\t\t\t<div class=\"elementor-widget-wrap elementor-element-populated\">\n\t\t\t\t\t\t<div class=\"elementor-element elementor-element-db6bcbe elementor-widget elementor-widget-heading\" data-id=\"db6bcbe\" data-element_type=\"widget\" data-widget_type=\"heading.default\">\n\t\t\t\t<div class=\"elementor-widget-container\">\n\t\t\t\t\t<h2 class=\"elementor-heading-title elementor-size-default\"><span class=\"tagify__tag-text\">Angaja\u021bi hackeri Dark Web<\/span><\/h2>\t\t\t\t<\/div>\n\t\t\t\t<\/div>\n\t\t\t\t\t<\/div>\n\t\t<\/div>\n\t\t\t\t\t<\/div>\n\t\t<\/section>\n\t\t\t\t<\/div>","protected":false},"excerpt":{"rendered":"<p>WhatsApp Hacker For Hire Whatsapp hacker for hire service is available at reasonable prices as a standalone WhatsApp hack service as well as a part of a phone hacking service that provides access to WhatsApp as well. Our prices are one of the best in the industry and you can be assured of 100% confidentiality [&hellip;]<\/p>","protected":false},"author":1,"featured_media":4986,"parent":0,"menu_order":0,"comment_status":"closed","ping_status":"open","template":"","meta":{"_acf_changed":false,"footnotes":""},"class_list":["post-4991","page","type-page","status-publish","has-post-thumbnail","hentry"],"acf":[],"_links":{"self":[{"href":"https:\/\/allhackerforhire.com\/ro\/wp-json\/wp\/v2\/pages\/4991","targetHints":{"allow":["GET"]}}],"collection":[{"href":"https:\/\/allhackerforhire.com\/ro\/wp-json\/wp\/v2\/pages"}],"about":[{"href":"https:\/\/allhackerforhire.com\/ro\/wp-json\/wp\/v2\/types\/page"}],"author":[{"embeddable":true,"href":"https:\/\/allhackerforhire.com\/ro\/wp-json\/wp\/v2\/users\/1"}],"replies":[{"embeddable":true,"href":"https:\/\/allhackerforhire.com\/ro\/wp-json\/wp\/v2\/comments?post=4991"}],"version-history":[{"count":16,"href":"https:\/\/allhackerforhire.com\/ro\/wp-json\/wp\/v2\/pages\/4991\/revisions"}],"predecessor-version":[{"id":5175,"href":"https:\/\/allhackerforhire.com\/ro\/wp-json\/wp\/v2\/pages\/4991\/revisions\/5175"}],"wp:featuredmedia":[{"embeddable":true,"href":"https:\/\/allhackerforhire.com\/ro\/wp-json\/wp\/v2\/media\/4986"}],"wp:attachment":[{"href":"https:\/\/allhackerforhire.com\/ro\/wp-json\/wp\/v2\/media?parent=4991"}],"curies":[{"name":"wp","href":"https:\/\/api.w.org\/{rel}","templated":true}]}}