{"id":5026,"date":"2023-09-14T09:39:25","date_gmt":"2023-09-14T09:39:25","guid":{"rendered":"https:\/\/hireonlinehackers.com\/?page_id=5026"},"modified":"2024-07-02T22:12:02","modified_gmt":"2024-07-02T22:12:02","slug":"hacker-instagram-de-angajat","status":"publish","type":"page","link":"https:\/\/allhackerforhire.com\/ro\/hacker-instagram-de-angajat\/","title":{"rendered":"Instagram Hacker"},"content":{"rendered":"<div data-elementor-type=\"wp-page\" data-elementor-id=\"5026\" class=\"elementor elementor-5026\">\n\t\t\t\t\t\t<section class=\"elementor-section elementor-top-section elementor-element elementor-element-21ed0537 elementor-section-boxed elementor-section-height-default elementor-section-height-default default-style\" data-id=\"21ed0537\" data-element_type=\"section\" data-settings=\"{&quot;rt_color_sets&quot;:&quot;default-style&quot;}\">\n\t\t\t\t\t\t<div class=\"elementor-container elementor-column-gap-default\">\n\t\t\t\t\t<div class=\"elementor-column elementor-col-100 elementor-top-column elementor-element elementor-element-320524c5\" data-id=\"320524c5\" data-element_type=\"column\">\n\t\t\t<div class=\"elementor-widget-wrap elementor-element-populated\">\n\t\t\t\t\t\t<div class=\"elementor-element elementor-element-15f4f884 elementor-widget elementor-widget-text-editor\" data-id=\"15f4f884\" data-element_type=\"widget\" data-widget_type=\"text-editor.default\">\n\t\t\t\t<div class=\"elementor-widget-container\">\n\t\t\t\t\t\t\t\t\t<p><\/p>\n<h2 class=\"wp-block-heading\">Instagram Hacker de \u00eenchiriat<\/h2>\n<p><\/p>\n<div data-id=\"45a8c67\" data-element_type=\"widget\" data-widget_type=\"text-editor.default\">\n<div>\n<div data-id=\"68dc6d6\" data-element_type=\"widget\" data-widget_type=\"text-editor.default\">\n<div>\n<div>\n<div>\n<div>\n<p>Serviciul nostru de hacker profesionist este specializat \u00een hackingul contului Instagram, oferindu-v\u0103 posibilitatea de a accesa orice cont online \u0219i de a monitoriza diverse platforme precum WhatsApp, Facebook, Discord, Snapchat \u0219i multe altele. Cu ajutorul instrumentului nostru software, disponibil pentru PC, iPhone \u0219i Android, pute\u021bi avea acces la func\u021bii precum loca\u021bia GPS live, monitorizarea camerei \u0219i a microfonului, mesaje, e-mailuri, apeluri, istoricul browserului, \u00eenregistrarea ecranului \u0219i recuperarea mesajelor, fi\u0219ierelor \u0219i mediilor \u0219terse.&nbsp;<\/p><p>Dac\u0103 v\u0103 afla\u021bi \u00een situa\u021bia nefericit\u0103 a unui cont Instagram pierdut sau hacked, echipa noastr\u0103 de hackeri profesioni\u0219ti reali este aici pentru a v\u0103 ajuta s\u0103 \u00eel recupera\u021bi rapid \u0219i u\u0219or. Nu ezita\u021bi s\u0103 angaja\u021bi un hacker profesionist Instagram \u0219i s\u0103 rec\u00e2\u0219tiga\u021bi controlul asupra contului dvs. Hacker de cont Instagram de \u00eenchiriat.<br><\/p>\n<h3>Angaja\u021bi un serviciu Hacker pentru Instagram Hack<\/h3>\n<\/div>\n<\/div>\n<p>Dac\u0103 a\u021bi pierdut accesul la contul dvs. Instagram sau dori\u021bi s\u0103 ob\u021bine\u021bi acces la un cont Instagram din alte motive, acesta este serviciul de care ave\u021bi nevoie. Nu trimitem niciun link sau mesaj c\u0103tre proprietar \u0219i acest serviciu este complet discret \u0219i anonim. Siguran\u021ba clien\u021bilor no\u0219tri este foarte important\u0103 pentru noi \u0219i \u021binem cont de acest lucru \u00een timp ce facem toate lucr\u0103rile. Hire Professional Instagram Hackers online ieftin. Instagram Account Hacker pentru angajare.<br><\/p>\n<p><img decoding=\"async\" data-src=\"https:\/\/hireonlinehackers.com\/wp-content\/uploads\/2023\/09\/Instagram-Hacker-for-Hire-300x168.jpg\" alt=\"Instagram Hacker de \u00eenchiriat\" width=\"230\" height=\"128\" src=\"data:image\/svg+xml;base64,PHN2ZyB3aWR0aD0iMSIgaGVpZ2h0PSIxIiB4bWxucz0iaHR0cDovL3d3dy53My5vcmcvMjAwMC9zdmciPjwvc3ZnPg==\" class=\"lazyload\" style=\"--smush-placeholder-width: 230px; --smush-placeholder-aspect-ratio: 230\/128;\"><\/p>\n<h3><span contenteditable=\"true\">Angaja\u021bi un hacker pentru Instagram<\/span><\/h3>\n<\/div>\n<\/div>\n<\/div>\n<\/div>\n<\/div>\n<p>Oferim un proces simplu privind modul de angajare a unui <a href=\"https:\/\/allhackerforhire.com\/ro\/\">hacker pentru Instagram<\/a>, special concepute pentru a v\u0103 ajuta s\u0103 prinde\u021bi un so\u021b \u00een\u0219el\u0103tor sau un \u00een\u0219el\u0103tor. Serviciile noastre ofer\u0103 op\u021biuni accesibile pentru angajarea unui hacker Instagram. Cu o gam\u0103 larg\u0103 de servicii de hacking disponibile, inclusiv hacking de cont Instagram, hacking de calculator \u0219i ocolirea m\u0103surilor de securitate, suntem alegerea de \u00eencredere pentru angajarea hackerilor Instagram. Fie c\u0103 a\u021bi pierdut accesul la propriul cont Instagram sau ave\u021bi nevoie de acces la contul altcuiva din motive legitime, serviciul nostru discret \u0219i anonim v\u0103 poate satisface nevoile.<\/p>\n<h3>Pl\u0103ti\u021bi pe cineva s\u0103 sparg\u0103 Instagram<\/h3>\n<p>Echipa noastr\u0103 de hackeri califica\u021bi este specializat\u0103 \u00een hacking Instagram \u0219i v\u0103 poate ajuta s\u0103 recupera\u021bi informa\u021bii importante sau s\u0103 rezolva\u021bi orice problem\u0103 legat\u0103 de cont. Men\u021binem cel mai \u00eenalt nivel de confiden\u021bialitate \u0219i ne asigur\u0103m c\u0103 informa\u021biile dvs. personale r\u0103m\u00e2n \u00een siguran\u021b\u0103 pe tot parcursul procesului. Nu l\u0103sa\u021bi suspiciunile sau \u00eengrijor\u0103rile dvs. s\u0103 r\u0103m\u00e2n\u0103 f\u0103r\u0103 r\u0103spuns - angaja\u021bi ast\u0103zi un hacker Instagram \u0219i ob\u021bine\u021bi r\u0103spunsurile de care ave\u021bi nevoie<a href=\"https:\/\/duckduckgo.com\/\" target=\"_blank\" rel=\"noopener\">.<\/a> Acord\u0103m prioritate satisfac\u021biei clien\u021bilor \u0219i garant\u0103m rezultate rapide.<\/p>\n<h3>Angaja\u021bi hackeri profesioni\u0219ti Instagram<\/h3>\n<p><\/p>\n<p>Hackerii no\u0219tri exper\u021bi au ani de experien\u021b\u0103 \u00een domeniu \u0219i sunt echipa\u021bi cu cele mai recente instrumente \u0219i tehnici pentru a asigura un hacking Instagram de succes. Fi\u021bi siguri, serviciile noastre sunt complet legale \u0219i etice, ader\u00e2nd la standarde etice stricte. Nu mai ezita\u021bi - prelua\u021bi controlul asupra contului dvs. Instagram sau ob\u021bine\u021bi acces la informa\u021biile de care ave\u021bi nevoie angaj\u00e2nd acum hackerii no\u0219tri de \u00eencredere pentru Instagram. Hacker de cont Instagram pentru angajare.<br><\/p>\n<p>\u00cen momentul \u00een care recruta\u021bi un programator Instagram de la noi, ob\u021bine\u021bi admiterea la cel mai ideal programator din afacere. Avem un grup de tehno-arti\u0219ti profund talenta\u021bi \u0219i experimenta\u021bi care v\u0103 pot ajuta cu orice nevoi de hacking pe care le-a\u021bi putea avea.<\/p>\n<h3>Pl\u0103ti\u021bi pentru a Hack Instagram cont<\/h3>\n<p>Administra\u021bia noastr\u0103 ofer\u0103 oamenilor capacitatea de a recruta un programator Instagram. Prin angajarea unui programator prin intermediul administra\u021biei noastre, clien\u021bii pot ajunge la \u00eenregistrarea oric\u0103rui singular pe care \u00eel aleg, indiferent dac\u0103 au sau nu datele de conectare.<\/p>\n<h4>Instagram Account Hacker pentru angajare<\/h4>\n<p>Acest lucru permite clien\u021bilor s\u0103 recupereze fotografii \u0219terse \u0219i s\u0103 schimbe parolele, iar de aici cerul este limita. Utiliz\u0103m un limbaj academic complex pentru a garanta c\u0103 programatorii no\u0219tri sunt cu adev\u0103rat incredibili. Investim cu toat\u0103 inima \u00een munca noastr\u0103 \u0219i trebuie s\u0103 ne asigur\u0103m c\u0103 clien\u021bii no\u0219tri sunt \u00een general mul\u021bumi\u021bi de rezultate. Pl\u0103ti\u021bi pentru a hack contul Instagram.<\/p>\n<h4>De ce s\u0103 ne alege\u021bi pentru un Instagram Hacker For Hire?<\/h4>\n<p>Exist\u0103 c\u00e2teva motive pentru care s\u0103 angaja\u021bi hackeri Instagram de la noi. Poate cel mai important motiv este c\u0103 avem un grup mare de hackeri califica\u021bi \u0219i experimenta\u021bi care sunt capabili s\u0103 ajute cu o mare varietate de nevoi de hacking. \u00cen plus, oferim tarife competitive, asisten\u021b\u0103 pentru clien\u021bi 24\/7 \u0219i o garan\u021bie de satisfac\u021bie 100%.<\/p>\n<div data-id=\"45a8c67\" data-element_type=\"widget\" data-widget_type=\"text-editor.default\">\n<div>\n<p><img decoding=\"async\" data-src=\"https:\/\/hireonlinehackers.com\/wp-content\/uploads\/2023\/01\/5-star-300x158.jpg\" alt=\"Hacker profesionist pentru servicii de \u00eenchiriere\" width=\"36\" height=\"19\" src=\"data:image\/svg+xml;base64,PHN2ZyB3aWR0aD0iMSIgaGVpZ2h0PSIxIiB4bWxucz0iaHR0cDovL3d3dy53My5vcmcvMjAwMC9zdmciPjwvc3ZnPg==\" class=\"lazyload\" style=\"--smush-placeholder-width: 36px; --smush-placeholder-aspect-ratio: 36\/19;\"><\/p>\n<\/div>\n<\/div>\n<p><\/p>\t\t\t\t\t\t\t\t<\/div>\n\t\t\t\t<\/div>\n\t\t\t\t\t<\/div>\n\t\t<\/div>\n\t\t\t\t\t<\/div>\n\t\t<\/section>\n\t\t\t\t<section class=\"elementor-section elementor-top-section elementor-element elementor-element-da4e662 elementor-section-boxed elementor-section-height-default elementor-section-height-default default-style\" data-id=\"da4e662\" data-element_type=\"section\" data-settings=\"{&quot;rt_color_sets&quot;:&quot;default-style&quot;}\">\n\t\t\t\t\t\t<div class=\"elementor-container elementor-column-gap-default\">\n\t\t\t\t\t<div class=\"elementor-column elementor-col-50 elementor-top-column elementor-element elementor-element-db924fe\" data-id=\"db924fe\" data-element_type=\"column\">\n\t\t\t<div class=\"elementor-widget-wrap elementor-element-populated\">\n\t\t\t\t\t\t<div class=\"elementor-element elementor-element-0485719 elementor-widget elementor-widget-image\" data-id=\"0485719\" data-element_type=\"widget\" data-widget_type=\"image.default\">\n\t\t\t\t<div class=\"elementor-widget-container\">\n\t\t\t\t\t\t\t\t\t\t\t\t\t\t\t<img fetchpriority=\"high\" decoding=\"async\" width=\"768\" height=\"288\" src=\"https:\/\/allhackerforhire.com\/wp-content\/uploads\/2022\/11\/Buy-Registered-Documents.jpg\" class=\"attachment-large size-large wp-image-4545\" alt=\"Angaja\u021bi hackeri Dark Web\" srcset=\"https:\/\/allhackerforhire.com\/wp-content\/uploads\/2022\/11\/Buy-Registered-Documents.jpg 768w, https:\/\/allhackerforhire.com\/wp-content\/uploads\/2022\/11\/Buy-Registered-Documents-300x113.jpg 300w, https:\/\/allhackerforhire.com\/wp-content\/uploads\/2022\/11\/Buy-Registered-Documents-600x225.jpg 600w\" sizes=\"(max-width: 768px) 100vw, 768px\" \/>\t\t\t\t\t\t\t\t\t\t\t\t\t\t\t<\/div>\n\t\t\t\t<\/div>\n\t\t\t\t\t<\/div>\n\t\t<\/div>\n\t\t\t\t<div class=\"elementor-column elementor-col-50 elementor-top-column elementor-element elementor-element-bff131d\" data-id=\"bff131d\" data-element_type=\"column\">\n\t\t\t<div class=\"elementor-widget-wrap elementor-element-populated\">\n\t\t\t\t\t\t<div class=\"elementor-element elementor-element-db6bcbe elementor-widget elementor-widget-heading\" data-id=\"db6bcbe\" data-element_type=\"widget\" data-widget_type=\"heading.default\">\n\t\t\t\t<div class=\"elementor-widget-container\">\n\t\t\t\t\t<h2 class=\"elementor-heading-title elementor-size-default\">Instagram Hackers 15 minute<\/h2>\t\t\t\t<\/div>\n\t\t\t\t<\/div>\n\t\t\t\t\t<\/div>\n\t\t<\/div>\n\t\t\t\t\t<\/div>\n\t\t<\/section>\n\t\t\t\t<\/div>","protected":false},"excerpt":{"rendered":"<p>Instagram Hacker for Hire Our professional hacker service specializes in Instagram account hacking, offering you the ability to access any online account and monitor various platforms such as WhatsApp, Facebook, Discord, Snapchat, and more. With our software tool, available for PC, iPhone, and Android, you can gain access to features such as live GPS location, [&hellip;]<\/p>","protected":false},"author":1,"featured_media":5029,"parent":0,"menu_order":0,"comment_status":"closed","ping_status":"open","template":"","meta":{"_acf_changed":false,"footnotes":""},"class_list":["post-5026","page","type-page","status-publish","has-post-thumbnail","hentry"],"acf":[],"_links":{"self":[{"href":"https:\/\/allhackerforhire.com\/ro\/wp-json\/wp\/v2\/pages\/5026","targetHints":{"allow":["GET"]}}],"collection":[{"href":"https:\/\/allhackerforhire.com\/ro\/wp-json\/wp\/v2\/pages"}],"about":[{"href":"https:\/\/allhackerforhire.com\/ro\/wp-json\/wp\/v2\/types\/page"}],"author":[{"embeddable":true,"href":"https:\/\/allhackerforhire.com\/ro\/wp-json\/wp\/v2\/users\/1"}],"replies":[{"embeddable":true,"href":"https:\/\/allhackerforhire.com\/ro\/wp-json\/wp\/v2\/comments?post=5026"}],"version-history":[{"count":13,"href":"https:\/\/allhackerforhire.com\/ro\/wp-json\/wp\/v2\/pages\/5026\/revisions"}],"predecessor-version":[{"id":5132,"href":"https:\/\/allhackerforhire.com\/ro\/wp-json\/wp\/v2\/pages\/5026\/revisions\/5132"}],"wp:featuredmedia":[{"embeddable":true,"href":"https:\/\/allhackerforhire.com\/ro\/wp-json\/wp\/v2\/media\/5029"}],"wp:attachment":[{"href":"https:\/\/allhackerforhire.com\/ro\/wp-json\/wp\/v2\/media?parent=5026"}],"curies":[{"name":"wp","href":"https:\/\/api.w.org\/{rel}","templated":true}]}}